{"id":6151,"date":"2019-05-12T18:18:01","date_gmt":"2019-05-12T16:18:01","guid":{"rendered":"https:\/\/sysmatec.ch\/produit\/enregistreur-a-transmission-par-onde-radio-newsteo-builder-pour-le-beton\/"},"modified":"2022-01-11T22:09:52","modified_gmt":"2022-01-11T21:09:52","slug":"funk-datenlogger-newsteo-builder-fuer-beton","status":"publish","type":"product","link":"https:\/\/sysmatec.ch\/de\/Produkt\/funk-datenlogger-newsteo-builder-fuer-beton\/","title":{"rendered":"Funk-Datenlogger Newsteo Builder f\u00fcr Beton"},"content":{"rendered":"<p>Funktionsprinzip<\/p>\n<p>Der Datenlogger kann die Temperatur, Feuchtigkeit und Schwinden des Betons messen.<\/p>\n<p>Es wird direkt mit in dem Beton gegossen und speichert die entsprechenden Messwerte in seinem nicht l\u00f6schbaren internen Speicher (Daten k\u00f6nnen zu jeder Zeit per Funk an einen PC \u00fcbertragen werden). Alle Messungen sind mit einem Zeitstempel versehen, so dass der Anwender \u00fcber die vollst\u00e4ndigen historischen Daten des \u00fcberwachten Betons verf\u00fcgt.<\/p>\n<p>Den Newsteo Builder gibt es in zwei Versionen: mit und ohne Schwinden-Sensor.<\/p>\n<h2>Beton Datenlogger Technische Spezifikationen<\/h2>\n<ul>\n<li>Temperatur Messbereich: -20\u00b0C bis +124\u00b0C<\/li>\n<li>Feuchte Messbereich: 0 \u00e0 100%<\/li>\n<li>Schwinden Messbereich: -300 bis 800 \u00b5m\/m<\/li>\n<li>Arbeitstemperatur: -20\u00b0C bis +80\u00b0C<\/li>\n<li>Batterielebenszeit: 3 bis 7 Jahre<\/li>\n<li>Messfrequenz parametrierbar: alle 10 Minuten bis aIle 4 Stunde<\/li>\n<li>Speichergr\u00f6sse: bis zu 32 768 Messungen<\/li>\n<li>IP 68<\/li>\n<li>Geh\u00e4use aus Polyurethan : 67 mm x 73 mm x 29 mm.<\/li>\n<li>Schwinden Sonde: 155 mm x 20 mm x 15 mm \/ Kabel : 40 cm<\/li>\n<\/ul>\n","protected":false},"excerpt":{"rendered":"<p>Feuchte Funk-Datenlogger f\u00fcr Beton<\/p>\n","protected":false},"featured_media":6149,"template":"","meta":{"_crdt_document":""},"product_brand":[],"product_cat":[168,175],"product_tag":[],"class_list":{"0":"post-6151","1":"product","2":"type-product","3":"status-publish","4":"has-post-thumbnail","6":"product_cat-datenlogger","7":"product_cat-feuchte","9":"first","10":"instock","11":"taxable","12":"shipping-taxable","13":"product-type-simple"},"yoast_head":"<!-- This site is optimized with the Yoast SEO plugin v27.3 - https:\/\/yoast.com\/product\/yoast-seo-wordpress\/ -->\n<title>Funk-Datenlogger Newsteo Builder f\u00fcr Beton - Sysmatec<\/title>\n<meta name=\"description\" content=\"Funkaufzeichnungsger\u00e4t f\u00fcr Beton. Messbare Parameter sind Temperatur, Feuchtigkeit, Schrumpfung.\" \/>\n<meta name=\"robots\" content=\"index, follow, max-snippet:-1, max-image-preview:large, max-video-preview:-1\" \/>\n<link rel=\"canonical\" href=\"https:\/\/sysmatec.ch\/de\/produit\/funk-datenlogger-newsteo-builder-fuer-beton\/\" \/>\n<meta property=\"og:locale\" content=\"de_DE\" \/>\n<meta property=\"og:type\" content=\"article\" \/>\n<meta property=\"og:title\" content=\"Funk-Datenlogger Newsteo Builder f\u00fcr Beton - Sysmatec\" \/>\n<meta property=\"og:description\" content=\"Funkaufzeichnungsger\u00e4t f\u00fcr Beton. Messbare Parameter sind Temperatur, Feuchtigkeit, Schrumpfung.\" \/>\n<meta property=\"og:url\" content=\"https:\/\/sysmatec.ch\/de\/produit\/funk-datenlogger-newsteo-builder-fuer-beton\/\" \/>\n<meta property=\"og:site_name\" content=\"Sysmatec\" \/>\n<meta property=\"article:modified_time\" content=\"2022-01-11T21:09:52+00:00\" \/>\n<meta property=\"og:image\" content=\"https:\/\/sysmatec.ch\/wp-content\/uploads\/2019\/05\/Humidite_NewsteoBuilder.gif\" \/>\n\t<meta property=\"og:image:width\" content=\"124\" \/>\n\t<meta property=\"og:image:height\" content=\"257\" \/>\n\t<meta property=\"og:image:type\" content=\"image\/gif\" \/>\n<meta name=\"twitter:card\" content=\"summary_large_image\" \/>\n<meta name=\"twitter:label1\" content=\"Gesch\u00e4tzte Lesezeit\" \/>\n\t<meta name=\"twitter:data1\" content=\"1\u00a0Minute\" \/>\n<script type=\"application\/ld+json\" class=\"yoast-schema-graph\">{\"@context\":\"https:\\\/\\\/schema.org\",\"@graph\":[{\"@type\":\"WebPage\",\"@id\":\"https:\\\/\\\/sysmatec.ch\\\/de\\\/produit\\\/funk-datenlogger-newsteo-builder-fuer-beton\\\/\",\"url\":\"https:\\\/\\\/sysmatec.ch\\\/de\\\/produit\\\/funk-datenlogger-newsteo-builder-fuer-beton\\\/\",\"name\":\"Funk-Datenlogger Newsteo Builder f\u00fcr Beton - Sysmatec\",\"isPartOf\":{\"@id\":\"https:\\\/\\\/sysmatec.ch\\\/de\\\/#website\"},\"primaryImageOfPage\":{\"@id\":\"https:\\\/\\\/sysmatec.ch\\\/de\\\/produit\\\/funk-datenlogger-newsteo-builder-fuer-beton\\\/#primaryimage\"},\"image\":{\"@id\":\"https:\\\/\\\/sysmatec.ch\\\/de\\\/produit\\\/funk-datenlogger-newsteo-builder-fuer-beton\\\/#primaryimage\"},\"thumbnailUrl\":\"https:\\\/\\\/sysmatec.ch\\\/wp-content\\\/uploads\\\/2019\\\/05\\\/Humidite_NewsteoBuilder.gif\",\"datePublished\":\"2019-05-12T16:18:01+00:00\",\"dateModified\":\"2022-01-11T21:09:52+00:00\",\"description\":\"Funkaufzeichnungsger\u00e4t f\u00fcr Beton. Messbare Parameter sind Temperatur, Feuchtigkeit, Schrumpfung.\",\"breadcrumb\":{\"@id\":\"https:\\\/\\\/sysmatec.ch\\\/de\\\/produit\\\/funk-datenlogger-newsteo-builder-fuer-beton\\\/#breadcrumb\"},\"inLanguage\":\"de\",\"potentialAction\":[{\"@type\":\"ReadAction\",\"target\":[\"https:\\\/\\\/sysmatec.ch\\\/de\\\/produit\\\/funk-datenlogger-newsteo-builder-fuer-beton\\\/\"]}]},{\"@type\":\"ImageObject\",\"inLanguage\":\"de\",\"@id\":\"https:\\\/\\\/sysmatec.ch\\\/de\\\/produit\\\/funk-datenlogger-newsteo-builder-fuer-beton\\\/#primaryimage\",\"url\":\"https:\\\/\\\/sysmatec.ch\\\/wp-content\\\/uploads\\\/2019\\\/05\\\/Humidite_NewsteoBuilder.gif\",\"contentUrl\":\"https:\\\/\\\/sysmatec.ch\\\/wp-content\\\/uploads\\\/2019\\\/05\\\/Humidite_NewsteoBuilder.gif\",\"width\":124,\"height\":257},{\"@type\":\"BreadcrumbList\",\"@id\":\"https:\\\/\\\/sysmatec.ch\\\/de\\\/produit\\\/funk-datenlogger-newsteo-builder-fuer-beton\\\/#breadcrumb\",\"itemListElement\":[{\"@type\":\"ListItem\",\"position\":1,\"name\":\"Accueil\",\"item\":\"https:\\\/\\\/sysmatec.ch\\\/de\\\/\"},{\"@type\":\"ListItem\",\"position\":2,\"name\":\"Die Aktivit\u00e4t von Sysmatec\",\"item\":\"https:\\\/\\\/sysmatec.ch\\\/de\\\/\"},{\"@type\":\"ListItem\",\"position\":3,\"name\":\"Funk-Datenlogger Newsteo Builder f\u00fcr Beton\"}]},{\"@type\":\"WebSite\",\"@id\":\"https:\\\/\\\/sysmatec.ch\\\/de\\\/#website\",\"url\":\"https:\\\/\\\/sysmatec.ch\\\/de\\\/\",\"name\":\"Sysmatec\",\"description\":\"Equipement de laboratoire et logiciels\",\"publisher\":{\"@id\":\"https:\\\/\\\/sysmatec.ch\\\/de\\\/#organization\"},\"potentialAction\":[{\"@type\":\"SearchAction\",\"target\":{\"@type\":\"EntryPoint\",\"urlTemplate\":\"https:\\\/\\\/sysmatec.ch\\\/de\\\/?s={search_term_string}\"},\"query-input\":{\"@type\":\"PropertyValueSpecification\",\"valueRequired\":true,\"valueName\":\"search_term_string\"}}],\"inLanguage\":\"de\"},{\"@type\":\"Organization\",\"@id\":\"https:\\\/\\\/sysmatec.ch\\\/de\\\/#organization\",\"name\":\"Sysmatec\",\"url\":\"https:\\\/\\\/sysmatec.ch\\\/de\\\/\",\"logo\":{\"@type\":\"ImageObject\",\"inLanguage\":\"de\",\"@id\":\"https:\\\/\\\/sysmatec.ch\\\/de\\\/#\\\/schema\\\/logo\\\/image\\\/\",\"url\":\"https:\\\/\\\/sysmatec.ch\\\/wp-content\\\/uploads\\\/2018\\\/11\\\/LogoSysmatec.jpg\",\"contentUrl\":\"https:\\\/\\\/sysmatec.ch\\\/wp-content\\\/uploads\\\/2018\\\/11\\\/LogoSysmatec.jpg\",\"width\":301,\"height\":297,\"caption\":\"Sysmatec\"},\"image\":{\"@id\":\"https:\\\/\\\/sysmatec.ch\\\/de\\\/#\\\/schema\\\/logo\\\/image\\\/\"}}]}<\/script>\n<!-- \/ Yoast SEO plugin. -->","yoast_head_json":{"title":"Funk-Datenlogger Newsteo Builder f\u00fcr Beton - Sysmatec","description":"Funkaufzeichnungsger\u00e4t f\u00fcr Beton. Messbare Parameter sind Temperatur, Feuchtigkeit, Schrumpfung.","robots":{"index":"index","follow":"follow","max-snippet":"max-snippet:-1","max-image-preview":"max-image-preview:large","max-video-preview":"max-video-preview:-1"},"canonical":"https:\/\/sysmatec.ch\/de\/produit\/funk-datenlogger-newsteo-builder-fuer-beton\/","og_locale":"de_DE","og_type":"article","og_title":"Funk-Datenlogger Newsteo Builder f\u00fcr Beton - Sysmatec","og_description":"Funkaufzeichnungsger\u00e4t f\u00fcr Beton. Messbare Parameter sind Temperatur, Feuchtigkeit, Schrumpfung.","og_url":"https:\/\/sysmatec.ch\/de\/produit\/funk-datenlogger-newsteo-builder-fuer-beton\/","og_site_name":"Sysmatec","article_modified_time":"2022-01-11T21:09:52+00:00","og_image":[{"width":124,"height":257,"url":"https:\/\/sysmatec.ch\/wp-content\/uploads\/2019\/05\/Humidite_NewsteoBuilder.gif","type":"image\/gif"}],"twitter_card":"summary_large_image","twitter_misc":{"Gesch\u00e4tzte Lesezeit":"1\u00a0Minute"},"schema":{"@context":"https:\/\/schema.org","@graph":[{"@type":"WebPage","@id":"https:\/\/sysmatec.ch\/de\/produit\/funk-datenlogger-newsteo-builder-fuer-beton\/","url":"https:\/\/sysmatec.ch\/de\/produit\/funk-datenlogger-newsteo-builder-fuer-beton\/","name":"Funk-Datenlogger Newsteo Builder f\u00fcr Beton - Sysmatec","isPartOf":{"@id":"https:\/\/sysmatec.ch\/de\/#website"},"primaryImageOfPage":{"@id":"https:\/\/sysmatec.ch\/de\/produit\/funk-datenlogger-newsteo-builder-fuer-beton\/#primaryimage"},"image":{"@id":"https:\/\/sysmatec.ch\/de\/produit\/funk-datenlogger-newsteo-builder-fuer-beton\/#primaryimage"},"thumbnailUrl":"https:\/\/sysmatec.ch\/wp-content\/uploads\/2019\/05\/Humidite_NewsteoBuilder.gif","datePublished":"2019-05-12T16:18:01+00:00","dateModified":"2022-01-11T21:09:52+00:00","description":"Funkaufzeichnungsger\u00e4t f\u00fcr Beton. Messbare Parameter sind Temperatur, Feuchtigkeit, Schrumpfung.","breadcrumb":{"@id":"https:\/\/sysmatec.ch\/de\/produit\/funk-datenlogger-newsteo-builder-fuer-beton\/#breadcrumb"},"inLanguage":"de","potentialAction":[{"@type":"ReadAction","target":["https:\/\/sysmatec.ch\/de\/produit\/funk-datenlogger-newsteo-builder-fuer-beton\/"]}]},{"@type":"ImageObject","inLanguage":"de","@id":"https:\/\/sysmatec.ch\/de\/produit\/funk-datenlogger-newsteo-builder-fuer-beton\/#primaryimage","url":"https:\/\/sysmatec.ch\/wp-content\/uploads\/2019\/05\/Humidite_NewsteoBuilder.gif","contentUrl":"https:\/\/sysmatec.ch\/wp-content\/uploads\/2019\/05\/Humidite_NewsteoBuilder.gif","width":124,"height":257},{"@type":"BreadcrumbList","@id":"https:\/\/sysmatec.ch\/de\/produit\/funk-datenlogger-newsteo-builder-fuer-beton\/#breadcrumb","itemListElement":[{"@type":"ListItem","position":1,"name":"Accueil","item":"https:\/\/sysmatec.ch\/de\/"},{"@type":"ListItem","position":2,"name":"Die Aktivit\u00e4t von Sysmatec","item":"https:\/\/sysmatec.ch\/de\/"},{"@type":"ListItem","position":3,"name":"Funk-Datenlogger Newsteo Builder f\u00fcr Beton"}]},{"@type":"WebSite","@id":"https:\/\/sysmatec.ch\/de\/#website","url":"https:\/\/sysmatec.ch\/de\/","name":"Sysmatec","description":"Equipement de laboratoire et logiciels","publisher":{"@id":"https:\/\/sysmatec.ch\/de\/#organization"},"potentialAction":[{"@type":"SearchAction","target":{"@type":"EntryPoint","urlTemplate":"https:\/\/sysmatec.ch\/de\/?s={search_term_string}"},"query-input":{"@type":"PropertyValueSpecification","valueRequired":true,"valueName":"search_term_string"}}],"inLanguage":"de"},{"@type":"Organization","@id":"https:\/\/sysmatec.ch\/de\/#organization","name":"Sysmatec","url":"https:\/\/sysmatec.ch\/de\/","logo":{"@type":"ImageObject","inLanguage":"de","@id":"https:\/\/sysmatec.ch\/de\/#\/schema\/logo\/image\/","url":"https:\/\/sysmatec.ch\/wp-content\/uploads\/2018\/11\/LogoSysmatec.jpg","contentUrl":"https:\/\/sysmatec.ch\/wp-content\/uploads\/2018\/11\/LogoSysmatec.jpg","width":301,"height":297,"caption":"Sysmatec"},"image":{"@id":"https:\/\/sysmatec.ch\/de\/#\/schema\/logo\/image\/"}}]}},"_links":{"self":[{"href":"https:\/\/sysmatec.ch\/de\/wp-json\/wp\/v2\/product\/6151","targetHints":{"allow":["GET"]}}],"collection":[{"href":"https:\/\/sysmatec.ch\/de\/wp-json\/wp\/v2\/product"}],"about":[{"href":"https:\/\/sysmatec.ch\/de\/wp-json\/wp\/v2\/types\/product"}],"wp:featuredmedia":[{"embeddable":true,"href":"https:\/\/sysmatec.ch\/de\/wp-json\/wp\/v2\/media\/6149"}],"wp:attachment":[{"href":"https:\/\/sysmatec.ch\/de\/wp-json\/wp\/v2\/media?parent=6151"}],"wp:term":[{"taxonomy":"product_brand","embeddable":true,"href":"https:\/\/sysmatec.ch\/de\/wp-json\/wp\/v2\/product_brand?post=6151"},{"taxonomy":"product_cat","embeddable":true,"href":"https:\/\/sysmatec.ch\/de\/wp-json\/wp\/v2\/product_cat?post=6151"},{"taxonomy":"product_tag","embeddable":true,"href":"https:\/\/sysmatec.ch\/de\/wp-json\/wp\/v2\/product_tag?post=6151"}],"curies":[{"name":"wp","href":"https:\/\/api.w.org\/{rel}","templated":true}]}}