{"id":6138,"date":"2019-05-12T17:25:26","date_gmt":"2019-05-12T15:25:26","guid":{"rendered":"https:\/\/sysmatec.ch\/produit\/enregistreur-temperature-et-dhumidite-dwl20-a-faible-cout\/"},"modified":"2022-01-15T22:26:11","modified_gmt":"2022-01-15T21:26:11","slug":"niedrige-kosten-wieder-verwendbare-temperatur-feuchte-datenlogger-dwl20","status":"publish","type":"product","link":"https:\/\/sysmatec.ch\/de\/Produkt\/niedrige-kosten-wieder-verwendbare-temperatur-feuchte-datenlogger-dwl20\/","title":{"rendered":"Niedrige Kosten wieder verwendbare Temperatur-\/Feuchte Datenlogger DWL20"},"content":{"rendered":"<p>Dieser Datenlogger kann automatisch Temperatur- Feuchte- Messungen speichern. Es verf\u00fcgt \u00fcber ein gro\u00dfes LCD-Display, das Werte und die Aufzeichnung in Echtzeit geben kann. Wenn die vom Benutzer festgelegten Grenzen \u00fcberschreitet werden, kann eine Ton- und Licht-Alarm ausgel\u00f6st werden. Die professionelle Software DGraph f\u00fcr Windows XP \/ 7\/8\/10 (32\/64 Bit) bietet zus\u00e4tzliche Datenanalysem\u00f6glichkeiten und das Exportieren in verschiedene Dateiformate (txt, xls, csv, bmp, jpg).<\/p>\n<ul>\n<li type=\"disc\">Temperaturbereich: -35 \u00b0 C bis 80 \u00b0 C (DWL20 und DWL21) oder -40 bis 125 \u00b0 C mit externem Sensor (DWL20E und DWL21E)<\/li>\n<li type=\"disc\">Feuchte: 0-100 % rF<\/li>\n<li type=\"disc\">Temperaturgenauigkeit: \u00b1 0.3 \u00b0 C<\/li>\n<li type=\"disc\">Feuchtegenauigkeit: \u00b1 3 % rF (DWL20, DWL20E) oder \u00b1 2 %rF (DWL21, DWL21E)<\/li>\n<li type=\"disc\">Temperaturaufl\u00f6sung 0.1 \u00b0 C<\/li>\n<li type=\"disc\">Feuchteaufl\u00f6sung 0.1 % rF<\/li>\n<li type=\"disc\">Anzahl der Lesungen 32.000 Datenelemente<\/li>\n<li type=\"disc\">Beginn: ab sofort, Knopf, Datum und Uhrzeit<\/li>\n<li type=\"disc\">Beispielrate 2 Sekunde bis 24 Stunden<\/li>\n<li type=\"disc\">Dimension 120 mm x 74 mm x 24 mm<\/li>\n<li type=\"disc\">Netto-Gewicht 130 g<\/li>\n<li type=\"disc\">Verwendet austauschbare AAA-Batterie oder USB-1.5-Schnittstelle an die Macht<\/li>\n<\/ul>\n","protected":false},"excerpt":{"rendered":"<p>Niedrige Kosten wieder verwendbare Temperatur-\/Feuchte Datenlogger<\/p>\n","protected":false},"featured_media":6136,"template":"","meta":{"_crdt_document":""},"product_brand":[],"product_cat":[168,175],"product_tag":[],"class_list":{"0":"post-6138","1":"product","2":"type-product","3":"status-publish","4":"has-post-thumbnail","6":"product_cat-datenlogger","7":"product_cat-feuchte","9":"first","10":"instock","11":"taxable","12":"shipping-taxable","13":"product-type-simple"},"yoast_head":"<!-- This site is optimized with the Yoast SEO plugin v27.4 - https:\/\/yoast.com\/product\/yoast-seo-wordpress\/ -->\n<title>Niedrige Kosten wieder verwendbare Temperatur-\/Feuchte Datenlogger DWL20 - Sysmatec<\/title>\n<meta name=\"description\" content=\"Temperatur- und Feuchtigkeitsschreiber. Kommunikation \u00fcber USB-Anschluss. H\u00f6rbarer Alarm. Abtastrate von 2 Sekunden bis 24 Stunden.\" \/>\n<meta name=\"robots\" content=\"index, follow, max-snippet:-1, max-image-preview:large, max-video-preview:-1\" \/>\n<link rel=\"canonical\" href=\"https:\/\/sysmatec.ch\/de\/produit\/niedrige-kosten-wieder-verwendbare-temperatur-feuchte-datenlogger-dwl20\/\" \/>\n<meta property=\"og:locale\" content=\"de_DE\" \/>\n<meta property=\"og:type\" content=\"article\" \/>\n<meta property=\"og:title\" content=\"Niedrige Kosten wieder verwendbare Temperatur-\/Feuchte Datenlogger DWL20 - Sysmatec\" \/>\n<meta property=\"og:description\" content=\"Temperatur- und Feuchtigkeitsschreiber. Kommunikation \u00fcber USB-Anschluss. H\u00f6rbarer Alarm. Abtastrate von 2 Sekunden bis 24 Stunden.\" \/>\n<meta property=\"og:url\" content=\"https:\/\/sysmatec.ch\/de\/produit\/niedrige-kosten-wieder-verwendbare-temperatur-feuchte-datenlogger-dwl20\/\" \/>\n<meta property=\"og:site_name\" content=\"Sysmatec\" \/>\n<meta property=\"article:modified_time\" content=\"2022-01-15T21:26:11+00:00\" \/>\n<meta property=\"og:image\" content=\"https:\/\/sysmatec.ch\/wp-content\/uploads\/2019\/05\/Humidite_WellzionDWL.jpg\" \/>\n\t<meta property=\"og:image:width\" content=\"185\" \/>\n\t<meta property=\"og:image:height\" content=\"306\" \/>\n\t<meta property=\"og:image:type\" content=\"image\/jpeg\" \/>\n<meta name=\"twitter:card\" content=\"summary_large_image\" \/>\n<meta name=\"twitter:label1\" content=\"Gesch\u00e4tzte Lesezeit\" \/>\n\t<meta name=\"twitter:data1\" content=\"1\u00a0Minute\" \/>\n<script type=\"application\/ld+json\" class=\"yoast-schema-graph\">{\"@context\":\"https:\\\/\\\/schema.org\",\"@graph\":[{\"@type\":\"WebPage\",\"@id\":\"https:\\\/\\\/sysmatec.ch\\\/de\\\/produit\\\/niedrige-kosten-wieder-verwendbare-temperatur-feuchte-datenlogger-dwl20\\\/\",\"url\":\"https:\\\/\\\/sysmatec.ch\\\/de\\\/produit\\\/niedrige-kosten-wieder-verwendbare-temperatur-feuchte-datenlogger-dwl20\\\/\",\"name\":\"Niedrige Kosten wieder verwendbare Temperatur-\\\/Feuchte Datenlogger DWL20 - Sysmatec\",\"isPartOf\":{\"@id\":\"https:\\\/\\\/sysmatec.ch\\\/de\\\/#website\"},\"primaryImageOfPage\":{\"@id\":\"https:\\\/\\\/sysmatec.ch\\\/de\\\/produit\\\/niedrige-kosten-wieder-verwendbare-temperatur-feuchte-datenlogger-dwl20\\\/#primaryimage\"},\"image\":{\"@id\":\"https:\\\/\\\/sysmatec.ch\\\/de\\\/produit\\\/niedrige-kosten-wieder-verwendbare-temperatur-feuchte-datenlogger-dwl20\\\/#primaryimage\"},\"thumbnailUrl\":\"https:\\\/\\\/sysmatec.ch\\\/wp-content\\\/uploads\\\/2019\\\/05\\\/Humidite_WellzionDWL.jpg\",\"datePublished\":\"2019-05-12T15:25:26+00:00\",\"dateModified\":\"2022-01-15T21:26:11+00:00\",\"description\":\"Temperatur- und Feuchtigkeitsschreiber. Kommunikation \u00fcber USB-Anschluss. H\u00f6rbarer Alarm. Abtastrate von 2 Sekunden bis 24 Stunden.\",\"breadcrumb\":{\"@id\":\"https:\\\/\\\/sysmatec.ch\\\/de\\\/produit\\\/niedrige-kosten-wieder-verwendbare-temperatur-feuchte-datenlogger-dwl20\\\/#breadcrumb\"},\"inLanguage\":\"de\",\"potentialAction\":[{\"@type\":\"ReadAction\",\"target\":[\"https:\\\/\\\/sysmatec.ch\\\/de\\\/produit\\\/niedrige-kosten-wieder-verwendbare-temperatur-feuchte-datenlogger-dwl20\\\/\"]}]},{\"@type\":\"ImageObject\",\"inLanguage\":\"de\",\"@id\":\"https:\\\/\\\/sysmatec.ch\\\/de\\\/produit\\\/niedrige-kosten-wieder-verwendbare-temperatur-feuchte-datenlogger-dwl20\\\/#primaryimage\",\"url\":\"https:\\\/\\\/sysmatec.ch\\\/wp-content\\\/uploads\\\/2019\\\/05\\\/Humidite_WellzionDWL.jpg\",\"contentUrl\":\"https:\\\/\\\/sysmatec.ch\\\/wp-content\\\/uploads\\\/2019\\\/05\\\/Humidite_WellzionDWL.jpg\",\"width\":185,\"height\":306},{\"@type\":\"BreadcrumbList\",\"@id\":\"https:\\\/\\\/sysmatec.ch\\\/de\\\/produit\\\/niedrige-kosten-wieder-verwendbare-temperatur-feuchte-datenlogger-dwl20\\\/#breadcrumb\",\"itemListElement\":[{\"@type\":\"ListItem\",\"position\":1,\"name\":\"Accueil\",\"item\":\"https:\\\/\\\/sysmatec.ch\\\/de\\\/\"},{\"@type\":\"ListItem\",\"position\":2,\"name\":\"Die Aktivit\u00e4t von Sysmatec\",\"item\":\"https:\\\/\\\/sysmatec.ch\\\/de\\\/\"},{\"@type\":\"ListItem\",\"position\":3,\"name\":\"Niedrige Kosten wieder verwendbare Temperatur-\\\/Feuchte Datenlogger DWL20\"}]},{\"@type\":\"WebSite\",\"@id\":\"https:\\\/\\\/sysmatec.ch\\\/de\\\/#website\",\"url\":\"https:\\\/\\\/sysmatec.ch\\\/de\\\/\",\"name\":\"Sysmatec\",\"description\":\"Equipement de laboratoire et logiciels\",\"publisher\":{\"@id\":\"https:\\\/\\\/sysmatec.ch\\\/de\\\/#organization\"},\"potentialAction\":[{\"@type\":\"SearchAction\",\"target\":{\"@type\":\"EntryPoint\",\"urlTemplate\":\"https:\\\/\\\/sysmatec.ch\\\/de\\\/?s={search_term_string}\"},\"query-input\":{\"@type\":\"PropertyValueSpecification\",\"valueRequired\":true,\"valueName\":\"search_term_string\"}}],\"inLanguage\":\"de\"},{\"@type\":\"Organization\",\"@id\":\"https:\\\/\\\/sysmatec.ch\\\/de\\\/#organization\",\"name\":\"Sysmatec\",\"url\":\"https:\\\/\\\/sysmatec.ch\\\/de\\\/\",\"logo\":{\"@type\":\"ImageObject\",\"inLanguage\":\"de\",\"@id\":\"https:\\\/\\\/sysmatec.ch\\\/de\\\/#\\\/schema\\\/logo\\\/image\\\/\",\"url\":\"https:\\\/\\\/sysmatec.ch\\\/wp-content\\\/uploads\\\/2018\\\/11\\\/LogoSysmatec.jpg\",\"contentUrl\":\"https:\\\/\\\/sysmatec.ch\\\/wp-content\\\/uploads\\\/2018\\\/11\\\/LogoSysmatec.jpg\",\"width\":301,\"height\":297,\"caption\":\"Sysmatec\"},\"image\":{\"@id\":\"https:\\\/\\\/sysmatec.ch\\\/de\\\/#\\\/schema\\\/logo\\\/image\\\/\"}}]}<\/script>\n<!-- \/ Yoast SEO plugin. -->","yoast_head_json":{"title":"Niedrige Kosten wieder verwendbare Temperatur-\/Feuchte Datenlogger DWL20 - Sysmatec","description":"Temperatur- und Feuchtigkeitsschreiber. Kommunikation \u00fcber USB-Anschluss. H\u00f6rbarer Alarm. Abtastrate von 2 Sekunden bis 24 Stunden.","robots":{"index":"index","follow":"follow","max-snippet":"max-snippet:-1","max-image-preview":"max-image-preview:large","max-video-preview":"max-video-preview:-1"},"canonical":"https:\/\/sysmatec.ch\/de\/produit\/niedrige-kosten-wieder-verwendbare-temperatur-feuchte-datenlogger-dwl20\/","og_locale":"de_DE","og_type":"article","og_title":"Niedrige Kosten wieder verwendbare Temperatur-\/Feuchte Datenlogger DWL20 - Sysmatec","og_description":"Temperatur- und Feuchtigkeitsschreiber. Kommunikation \u00fcber USB-Anschluss. H\u00f6rbarer Alarm. Abtastrate von 2 Sekunden bis 24 Stunden.","og_url":"https:\/\/sysmatec.ch\/de\/produit\/niedrige-kosten-wieder-verwendbare-temperatur-feuchte-datenlogger-dwl20\/","og_site_name":"Sysmatec","article_modified_time":"2022-01-15T21:26:11+00:00","og_image":[{"width":185,"height":306,"url":"https:\/\/sysmatec.ch\/wp-content\/uploads\/2019\/05\/Humidite_WellzionDWL.jpg","type":"image\/jpeg"}],"twitter_card":"summary_large_image","twitter_misc":{"Gesch\u00e4tzte Lesezeit":"1\u00a0Minute"},"schema":{"@context":"https:\/\/schema.org","@graph":[{"@type":"WebPage","@id":"https:\/\/sysmatec.ch\/de\/produit\/niedrige-kosten-wieder-verwendbare-temperatur-feuchte-datenlogger-dwl20\/","url":"https:\/\/sysmatec.ch\/de\/produit\/niedrige-kosten-wieder-verwendbare-temperatur-feuchte-datenlogger-dwl20\/","name":"Niedrige Kosten wieder verwendbare Temperatur-\/Feuchte Datenlogger DWL20 - Sysmatec","isPartOf":{"@id":"https:\/\/sysmatec.ch\/de\/#website"},"primaryImageOfPage":{"@id":"https:\/\/sysmatec.ch\/de\/produit\/niedrige-kosten-wieder-verwendbare-temperatur-feuchte-datenlogger-dwl20\/#primaryimage"},"image":{"@id":"https:\/\/sysmatec.ch\/de\/produit\/niedrige-kosten-wieder-verwendbare-temperatur-feuchte-datenlogger-dwl20\/#primaryimage"},"thumbnailUrl":"https:\/\/sysmatec.ch\/wp-content\/uploads\/2019\/05\/Humidite_WellzionDWL.jpg","datePublished":"2019-05-12T15:25:26+00:00","dateModified":"2022-01-15T21:26:11+00:00","description":"Temperatur- und Feuchtigkeitsschreiber. Kommunikation \u00fcber USB-Anschluss. H\u00f6rbarer Alarm. Abtastrate von 2 Sekunden bis 24 Stunden.","breadcrumb":{"@id":"https:\/\/sysmatec.ch\/de\/produit\/niedrige-kosten-wieder-verwendbare-temperatur-feuchte-datenlogger-dwl20\/#breadcrumb"},"inLanguage":"de","potentialAction":[{"@type":"ReadAction","target":["https:\/\/sysmatec.ch\/de\/produit\/niedrige-kosten-wieder-verwendbare-temperatur-feuchte-datenlogger-dwl20\/"]}]},{"@type":"ImageObject","inLanguage":"de","@id":"https:\/\/sysmatec.ch\/de\/produit\/niedrige-kosten-wieder-verwendbare-temperatur-feuchte-datenlogger-dwl20\/#primaryimage","url":"https:\/\/sysmatec.ch\/wp-content\/uploads\/2019\/05\/Humidite_WellzionDWL.jpg","contentUrl":"https:\/\/sysmatec.ch\/wp-content\/uploads\/2019\/05\/Humidite_WellzionDWL.jpg","width":185,"height":306},{"@type":"BreadcrumbList","@id":"https:\/\/sysmatec.ch\/de\/produit\/niedrige-kosten-wieder-verwendbare-temperatur-feuchte-datenlogger-dwl20\/#breadcrumb","itemListElement":[{"@type":"ListItem","position":1,"name":"Accueil","item":"https:\/\/sysmatec.ch\/de\/"},{"@type":"ListItem","position":2,"name":"Die Aktivit\u00e4t von Sysmatec","item":"https:\/\/sysmatec.ch\/de\/"},{"@type":"ListItem","position":3,"name":"Niedrige Kosten wieder verwendbare Temperatur-\/Feuchte Datenlogger DWL20"}]},{"@type":"WebSite","@id":"https:\/\/sysmatec.ch\/de\/#website","url":"https:\/\/sysmatec.ch\/de\/","name":"Sysmatec","description":"Equipement de laboratoire et logiciels","publisher":{"@id":"https:\/\/sysmatec.ch\/de\/#organization"},"potentialAction":[{"@type":"SearchAction","target":{"@type":"EntryPoint","urlTemplate":"https:\/\/sysmatec.ch\/de\/?s={search_term_string}"},"query-input":{"@type":"PropertyValueSpecification","valueRequired":true,"valueName":"search_term_string"}}],"inLanguage":"de"},{"@type":"Organization","@id":"https:\/\/sysmatec.ch\/de\/#organization","name":"Sysmatec","url":"https:\/\/sysmatec.ch\/de\/","logo":{"@type":"ImageObject","inLanguage":"de","@id":"https:\/\/sysmatec.ch\/de\/#\/schema\/logo\/image\/","url":"https:\/\/sysmatec.ch\/wp-content\/uploads\/2018\/11\/LogoSysmatec.jpg","contentUrl":"https:\/\/sysmatec.ch\/wp-content\/uploads\/2018\/11\/LogoSysmatec.jpg","width":301,"height":297,"caption":"Sysmatec"},"image":{"@id":"https:\/\/sysmatec.ch\/de\/#\/schema\/logo\/image\/"}}]}},"_links":{"self":[{"href":"https:\/\/sysmatec.ch\/de\/wp-json\/wp\/v2\/product\/6138","targetHints":{"allow":["GET"]}}],"collection":[{"href":"https:\/\/sysmatec.ch\/de\/wp-json\/wp\/v2\/product"}],"about":[{"href":"https:\/\/sysmatec.ch\/de\/wp-json\/wp\/v2\/types\/product"}],"wp:featuredmedia":[{"embeddable":true,"href":"https:\/\/sysmatec.ch\/de\/wp-json\/wp\/v2\/media\/6136"}],"wp:attachment":[{"href":"https:\/\/sysmatec.ch\/de\/wp-json\/wp\/v2\/media?parent=6138"}],"wp:term":[{"taxonomy":"product_brand","embeddable":true,"href":"https:\/\/sysmatec.ch\/de\/wp-json\/wp\/v2\/product_brand?post=6138"},{"taxonomy":"product_cat","embeddable":true,"href":"https:\/\/sysmatec.ch\/de\/wp-json\/wp\/v2\/product_cat?post=6138"},{"taxonomy":"product_tag","embeddable":true,"href":"https:\/\/sysmatec.ch\/de\/wp-json\/wp\/v2\/product_tag?post=6138"}],"curies":[{"name":"wp","href":"https:\/\/api.w.org\/{rel}","templated":true}]}}