{"id":6124,"date":"2019-05-12T16:50:55","date_gmt":"2019-05-12T14:50:55","guid":{"rendered":"https:\/\/sysmatec.ch\/produit\/enregistreur-de-temperature-et-humidite-wi-fi-el-wifi-th\/"},"modified":"2022-01-19T21:36:26","modified_gmt":"2022-01-19T20:36:26","slug":"wifi-temperatur-und-luftfeuchtigkeit-datenlogger-el-wifi-th","status":"publish","type":"product","link":"https:\/\/sysmatec.ch\/de\/Produkt\/wifi-temperatur-und-luftfeuchtigkeit-datenlogger-el-wifi-th\/","title":{"rendered":"WiFi Temperatur und Luftfeuchtigkeit Datenlogger EL-WiFi-TH"},"content":{"rendered":"<ul>\n<li>Mit WiFi-F\u00e4higkeit und integriertem Display<\/li>\n<li>Drahtlose Verbindung zu PC via WiFi (802.11b)<\/li>\n<li>Einfache Sensor-Set-up und grafische Darstellung der historischen Daten mit der kostenlosen PC-Software.<\/li>\n<li>Messbereichs von -20 bis +60 \u00b0 C<\/li>\n<li>Temperatur-Aufl\u00f6sung: 0.5 \u00b0 C<\/li>\n<li>Temperatur Genauigkeit (Gesamtfehler zwischen -10 \u00b0 C und +60 \u00b0 C): + \/ -1 \u00b0 C<\/li>\n<li>Genauigkeit Feuchte (Gesamt-Fehlerquote von 20% RH bis 80% RH): + \/ -3% RH<\/li>\n<li>Speichert ca. 500.000 Datensatz Eintr\u00e4ge. Die daten werden auch wenn WiFi vor\u00fcbergehend getrennt ist, gespeichert.<\/li>\n<li>IP55<\/li>\n<li>Logging rate (user configurable): every 10s to every 12hrs<\/li>\n<li>Interne wiederaufladbare Lithium-Polymer-Akku.<\/li>\n<li>Betriebsdauer auf Batterie: 1 Jahr (1 Messung\/60 Minute).Die Batterie kann dann \u00fcber einen PC oder USB +5 V Netzadapter mit dem USB-Kabel aufgeladen werden. Sensor Werte k\u00f6nnen ungenau beim Aufaden der Batterie sein<\/li>\n<li>Anzeige von min. aund max. Werte.<\/li>\n<li>Konfigurierbare min und max Alarm mit Anzeige<\/li>\n<li>Warnanzeige bei niedriger Batteriespannung<\/li>\n<li>WiFi-Verbindung Anzeige<\/li>\n<li>Lieferung mit Wandhalterung und micro-USB-Kabel<\/li>\n<li>Der Datenlogger kann \u00fcber das Internet verwaltet und \u00fcberwacht werden, von jedem beliebigen Ort in der Welt. Sie k\u00f6nnen mit Ihrem Sensor mit jedem Smartphone (Apple App oder Android App), Tablet oder PC kommunizieren. \u00dcberwachen Sie die Bedingungen, \u00e4ndern Sie die Sensoreinstellungen und bekommen Sie E-Mail-Benachrichtigung. Es gibt drei Kontotypen zur Auswahl:\n<ul>\n<li>Kostenlos mit 45 Tage Datenspeicherung, 100 E-Mail Alarme \/ Monat, 2 Ger\u00e4te max.<\/li>\n<li>Pers\u00f6nlich: Unbegrenzte Datenspeicherung, unbegrenzte E-Mail Alarme, Multidatenformat Export, Berichteausdruck<\/li>\n<li>Professional: Unbegrenzte Datenspeicherung, unbegrenzte E-Mail Alarme, Multidatenformat Export, Berichteausdruck, mehrere Standorte, mehere Benutzer Administrationsbereiche, Ger\u00e4te Audit-Trail<\/li>\n<\/ul>\n<\/li>\n<\/ul>\n<p>Jede Art von Datenlogger existiert auch in einer 21Part11-Version. 21CFR Cloud-Abonnement bietet alle Flexibilit\u00e4t der Fern\u00fcberwachung und kann als Teil eines 21CFR-kompatiblen Systems installiert werden. Zu den Features geh\u00f6ren die berechtigungsbasierte Nutzung, die Abgrenzung der Berechtigungsstufe und das vollst\u00e4ndige Systemaudit, um sicherzustellen, dass die Daten\u00fcberwachung und -sammlung gem\u00e4\u00df dem 21CFR Part 11-Standard geregelt wird.<\/p>\n","protected":false},"excerpt":{"rendered":"<p>WiFi Temperatur und Luftfeuchtigkeit Datenlogger<\/p>\n","protected":false},"featured_media":6122,"template":"","meta":{"_crdt_document":""},"product_brand":[],"product_cat":[168,175],"product_tag":[],"class_list":{"0":"post-6124","1":"product","2":"type-product","3":"status-publish","4":"has-post-thumbnail","6":"product_cat-datenlogger","7":"product_cat-feuchte","9":"first","10":"instock","11":"taxable","12":"shipping-taxable","13":"purchasable","14":"product-type-simple"},"yoast_head":"<!-- This site is optimized with the Yoast SEO plugin v27.3 - https:\/\/yoast.com\/product\/yoast-seo-wordpress\/ -->\n<title>WiFi Temperatur und Luftfeuchtigkeit Datenlogger EL-WiFi-TH - Sysmatec<\/title>\n<meta name=\"description\" content=\"Temperatur- und Feuchtigkeitsdatenlogger mit WLAN-Kommunikation mit Display. Die Daten werden in einer Cloud oder lokal gespeichert.\" \/>\n<meta name=\"robots\" content=\"index, follow, max-snippet:-1, max-image-preview:large, max-video-preview:-1\" \/>\n<link rel=\"canonical\" href=\"https:\/\/sysmatec.ch\/de\/Produkt\/wifi-temperatur-und-luftfeuchtigkeit-datenlogger-el-wifi-th\/\" \/>\n<meta property=\"og:locale\" content=\"de_DE\" \/>\n<meta property=\"og:type\" content=\"article\" \/>\n<meta property=\"og:title\" content=\"WiFi Temperatur und Luftfeuchtigkeit Datenlogger EL-WiFi-TH - Sysmatec\" \/>\n<meta property=\"og:description\" content=\"Temperatur- und Feuchtigkeitsdatenlogger mit WLAN-Kommunikation mit Display. Die Daten werden in einer Cloud oder lokal gespeichert.\" \/>\n<meta property=\"og:url\" content=\"https:\/\/sysmatec.ch\/de\/Produkt\/wifi-temperatur-und-luftfeuchtigkeit-datenlogger-el-wifi-th\/\" \/>\n<meta property=\"og:site_name\" content=\"Sysmatec\" \/>\n<meta property=\"article:modified_time\" content=\"2022-01-19T20:36:26+00:00\" \/>\n<meta property=\"og:image\" content=\"https:\/\/sysmatec.ch\/wp-content\/uploads\/2019\/05\/Humidite_LascarELWifiTH.jpg\" \/>\n\t<meta property=\"og:image:width\" content=\"184\" \/>\n\t<meta property=\"og:image:height\" content=\"230\" \/>\n\t<meta property=\"og:image:type\" content=\"image\/jpeg\" \/>\n<meta name=\"twitter:card\" content=\"summary_large_image\" \/>\n<meta name=\"twitter:label1\" content=\"Gesch\u00e4tzte Lesezeit\" \/>\n\t<meta name=\"twitter:data1\" content=\"1\u00a0Minute\" \/>\n<script type=\"application\/ld+json\" class=\"yoast-schema-graph\">{\"@context\":\"https:\\\/\\\/schema.org\",\"@graph\":[{\"@type\":\"WebPage\",\"@id\":\"https:\\\/\\\/sysmatec.ch\\\/de\\\/Produkt\\\/wifi-temperatur-und-luftfeuchtigkeit-datenlogger-el-wifi-th\\\/\",\"url\":\"https:\\\/\\\/sysmatec.ch\\\/de\\\/Produkt\\\/wifi-temperatur-und-luftfeuchtigkeit-datenlogger-el-wifi-th\\\/\",\"name\":\"WiFi Temperatur und Luftfeuchtigkeit Datenlogger EL-WiFi-TH - Sysmatec\",\"isPartOf\":{\"@id\":\"https:\\\/\\\/sysmatec.ch\\\/de\\\/#website\"},\"primaryImageOfPage\":{\"@id\":\"https:\\\/\\\/sysmatec.ch\\\/de\\\/Produkt\\\/wifi-temperatur-und-luftfeuchtigkeit-datenlogger-el-wifi-th\\\/#primaryimage\"},\"image\":{\"@id\":\"https:\\\/\\\/sysmatec.ch\\\/de\\\/Produkt\\\/wifi-temperatur-und-luftfeuchtigkeit-datenlogger-el-wifi-th\\\/#primaryimage\"},\"thumbnailUrl\":\"https:\\\/\\\/sysmatec.ch\\\/wp-content\\\/uploads\\\/2019\\\/05\\\/Humidite_LascarELWifiTH.jpg\",\"datePublished\":\"2019-05-12T14:50:55+00:00\",\"dateModified\":\"2022-01-19T20:36:26+00:00\",\"description\":\"Temperatur- und Feuchtigkeitsdatenlogger mit WLAN-Kommunikation mit Display. Die Daten werden in einer Cloud oder lokal gespeichert.\",\"breadcrumb\":{\"@id\":\"https:\\\/\\\/sysmatec.ch\\\/de\\\/Produkt\\\/wifi-temperatur-und-luftfeuchtigkeit-datenlogger-el-wifi-th\\\/#breadcrumb\"},\"inLanguage\":\"de\",\"potentialAction\":[{\"@type\":\"ReadAction\",\"target\":[\"https:\\\/\\\/sysmatec.ch\\\/de\\\/Produkt\\\/wifi-temperatur-und-luftfeuchtigkeit-datenlogger-el-wifi-th\\\/\"]}]},{\"@type\":\"ImageObject\",\"inLanguage\":\"de\",\"@id\":\"https:\\\/\\\/sysmatec.ch\\\/de\\\/Produkt\\\/wifi-temperatur-und-luftfeuchtigkeit-datenlogger-el-wifi-th\\\/#primaryimage\",\"url\":\"https:\\\/\\\/sysmatec.ch\\\/wp-content\\\/uploads\\\/2019\\\/05\\\/Humidite_LascarELWifiTH.jpg\",\"contentUrl\":\"https:\\\/\\\/sysmatec.ch\\\/wp-content\\\/uploads\\\/2019\\\/05\\\/Humidite_LascarELWifiTH.jpg\",\"width\":184,\"height\":230},{\"@type\":\"BreadcrumbList\",\"@id\":\"https:\\\/\\\/sysmatec.ch\\\/de\\\/Produkt\\\/wifi-temperatur-und-luftfeuchtigkeit-datenlogger-el-wifi-th\\\/#breadcrumb\",\"itemListElement\":[{\"@type\":\"ListItem\",\"position\":1,\"name\":\"Accueil\",\"item\":\"https:\\\/\\\/sysmatec.ch\\\/de\\\/\"},{\"@type\":\"ListItem\",\"position\":2,\"name\":\"Die Aktivit\u00e4t von Sysmatec\",\"item\":\"https:\\\/\\\/sysmatec.ch\\\/de\\\/\"},{\"@type\":\"ListItem\",\"position\":3,\"name\":\"WiFi Temperatur und Luftfeuchtigkeit Datenlogger EL-WiFi-TH\"}]},{\"@type\":\"WebSite\",\"@id\":\"https:\\\/\\\/sysmatec.ch\\\/de\\\/#website\",\"url\":\"https:\\\/\\\/sysmatec.ch\\\/de\\\/\",\"name\":\"Sysmatec\",\"description\":\"Equipement de laboratoire et logiciels\",\"publisher\":{\"@id\":\"https:\\\/\\\/sysmatec.ch\\\/de\\\/#organization\"},\"potentialAction\":[{\"@type\":\"SearchAction\",\"target\":{\"@type\":\"EntryPoint\",\"urlTemplate\":\"https:\\\/\\\/sysmatec.ch\\\/de\\\/?s={search_term_string}\"},\"query-input\":{\"@type\":\"PropertyValueSpecification\",\"valueRequired\":true,\"valueName\":\"search_term_string\"}}],\"inLanguage\":\"de\"},{\"@type\":\"Organization\",\"@id\":\"https:\\\/\\\/sysmatec.ch\\\/de\\\/#organization\",\"name\":\"Sysmatec\",\"url\":\"https:\\\/\\\/sysmatec.ch\\\/de\\\/\",\"logo\":{\"@type\":\"ImageObject\",\"inLanguage\":\"de\",\"@id\":\"https:\\\/\\\/sysmatec.ch\\\/de\\\/#\\\/schema\\\/logo\\\/image\\\/\",\"url\":\"https:\\\/\\\/sysmatec.ch\\\/wp-content\\\/uploads\\\/2018\\\/11\\\/LogoSysmatec.jpg\",\"contentUrl\":\"https:\\\/\\\/sysmatec.ch\\\/wp-content\\\/uploads\\\/2018\\\/11\\\/LogoSysmatec.jpg\",\"width\":301,\"height\":297,\"caption\":\"Sysmatec\"},\"image\":{\"@id\":\"https:\\\/\\\/sysmatec.ch\\\/de\\\/#\\\/schema\\\/logo\\\/image\\\/\"}}]}<\/script>\n<!-- \/ Yoast SEO plugin. -->","yoast_head_json":{"title":"WiFi Temperatur und Luftfeuchtigkeit Datenlogger EL-WiFi-TH - Sysmatec","description":"Temperatur- und Feuchtigkeitsdatenlogger mit WLAN-Kommunikation mit Display. Die Daten werden in einer Cloud oder lokal gespeichert.","robots":{"index":"index","follow":"follow","max-snippet":"max-snippet:-1","max-image-preview":"max-image-preview:large","max-video-preview":"max-video-preview:-1"},"canonical":"https:\/\/sysmatec.ch\/de\/Produkt\/wifi-temperatur-und-luftfeuchtigkeit-datenlogger-el-wifi-th\/","og_locale":"de_DE","og_type":"article","og_title":"WiFi Temperatur und Luftfeuchtigkeit Datenlogger EL-WiFi-TH - Sysmatec","og_description":"Temperatur- und Feuchtigkeitsdatenlogger mit WLAN-Kommunikation mit Display. Die Daten werden in einer Cloud oder lokal gespeichert.","og_url":"https:\/\/sysmatec.ch\/de\/Produkt\/wifi-temperatur-und-luftfeuchtigkeit-datenlogger-el-wifi-th\/","og_site_name":"Sysmatec","article_modified_time":"2022-01-19T20:36:26+00:00","og_image":[{"width":184,"height":230,"url":"https:\/\/sysmatec.ch\/wp-content\/uploads\/2019\/05\/Humidite_LascarELWifiTH.jpg","type":"image\/jpeg"}],"twitter_card":"summary_large_image","twitter_misc":{"Gesch\u00e4tzte Lesezeit":"1\u00a0Minute"},"schema":{"@context":"https:\/\/schema.org","@graph":[{"@type":"WebPage","@id":"https:\/\/sysmatec.ch\/de\/Produkt\/wifi-temperatur-und-luftfeuchtigkeit-datenlogger-el-wifi-th\/","url":"https:\/\/sysmatec.ch\/de\/Produkt\/wifi-temperatur-und-luftfeuchtigkeit-datenlogger-el-wifi-th\/","name":"WiFi Temperatur und Luftfeuchtigkeit Datenlogger EL-WiFi-TH - Sysmatec","isPartOf":{"@id":"https:\/\/sysmatec.ch\/de\/#website"},"primaryImageOfPage":{"@id":"https:\/\/sysmatec.ch\/de\/Produkt\/wifi-temperatur-und-luftfeuchtigkeit-datenlogger-el-wifi-th\/#primaryimage"},"image":{"@id":"https:\/\/sysmatec.ch\/de\/Produkt\/wifi-temperatur-und-luftfeuchtigkeit-datenlogger-el-wifi-th\/#primaryimage"},"thumbnailUrl":"https:\/\/sysmatec.ch\/wp-content\/uploads\/2019\/05\/Humidite_LascarELWifiTH.jpg","datePublished":"2019-05-12T14:50:55+00:00","dateModified":"2022-01-19T20:36:26+00:00","description":"Temperatur- und Feuchtigkeitsdatenlogger mit WLAN-Kommunikation mit Display. Die Daten werden in einer Cloud oder lokal gespeichert.","breadcrumb":{"@id":"https:\/\/sysmatec.ch\/de\/Produkt\/wifi-temperatur-und-luftfeuchtigkeit-datenlogger-el-wifi-th\/#breadcrumb"},"inLanguage":"de","potentialAction":[{"@type":"ReadAction","target":["https:\/\/sysmatec.ch\/de\/Produkt\/wifi-temperatur-und-luftfeuchtigkeit-datenlogger-el-wifi-th\/"]}]},{"@type":"ImageObject","inLanguage":"de","@id":"https:\/\/sysmatec.ch\/de\/Produkt\/wifi-temperatur-und-luftfeuchtigkeit-datenlogger-el-wifi-th\/#primaryimage","url":"https:\/\/sysmatec.ch\/wp-content\/uploads\/2019\/05\/Humidite_LascarELWifiTH.jpg","contentUrl":"https:\/\/sysmatec.ch\/wp-content\/uploads\/2019\/05\/Humidite_LascarELWifiTH.jpg","width":184,"height":230},{"@type":"BreadcrumbList","@id":"https:\/\/sysmatec.ch\/de\/Produkt\/wifi-temperatur-und-luftfeuchtigkeit-datenlogger-el-wifi-th\/#breadcrumb","itemListElement":[{"@type":"ListItem","position":1,"name":"Accueil","item":"https:\/\/sysmatec.ch\/de\/"},{"@type":"ListItem","position":2,"name":"Die Aktivit\u00e4t von Sysmatec","item":"https:\/\/sysmatec.ch\/de\/"},{"@type":"ListItem","position":3,"name":"WiFi Temperatur und Luftfeuchtigkeit Datenlogger EL-WiFi-TH"}]},{"@type":"WebSite","@id":"https:\/\/sysmatec.ch\/de\/#website","url":"https:\/\/sysmatec.ch\/de\/","name":"Sysmatec","description":"Equipement de laboratoire et logiciels","publisher":{"@id":"https:\/\/sysmatec.ch\/de\/#organization"},"potentialAction":[{"@type":"SearchAction","target":{"@type":"EntryPoint","urlTemplate":"https:\/\/sysmatec.ch\/de\/?s={search_term_string}"},"query-input":{"@type":"PropertyValueSpecification","valueRequired":true,"valueName":"search_term_string"}}],"inLanguage":"de"},{"@type":"Organization","@id":"https:\/\/sysmatec.ch\/de\/#organization","name":"Sysmatec","url":"https:\/\/sysmatec.ch\/de\/","logo":{"@type":"ImageObject","inLanguage":"de","@id":"https:\/\/sysmatec.ch\/de\/#\/schema\/logo\/image\/","url":"https:\/\/sysmatec.ch\/wp-content\/uploads\/2018\/11\/LogoSysmatec.jpg","contentUrl":"https:\/\/sysmatec.ch\/wp-content\/uploads\/2018\/11\/LogoSysmatec.jpg","width":301,"height":297,"caption":"Sysmatec"},"image":{"@id":"https:\/\/sysmatec.ch\/de\/#\/schema\/logo\/image\/"}}]}},"_links":{"self":[{"href":"https:\/\/sysmatec.ch\/de\/wp-json\/wp\/v2\/product\/6124","targetHints":{"allow":["GET"]}}],"collection":[{"href":"https:\/\/sysmatec.ch\/de\/wp-json\/wp\/v2\/product"}],"about":[{"href":"https:\/\/sysmatec.ch\/de\/wp-json\/wp\/v2\/types\/product"}],"wp:featuredmedia":[{"embeddable":true,"href":"https:\/\/sysmatec.ch\/de\/wp-json\/wp\/v2\/media\/6122"}],"wp:attachment":[{"href":"https:\/\/sysmatec.ch\/de\/wp-json\/wp\/v2\/media?parent=6124"}],"wp:term":[{"taxonomy":"product_brand","embeddable":true,"href":"https:\/\/sysmatec.ch\/de\/wp-json\/wp\/v2\/product_brand?post=6124"},{"taxonomy":"product_cat","embeddable":true,"href":"https:\/\/sysmatec.ch\/de\/wp-json\/wp\/v2\/product_cat?post=6124"},{"taxonomy":"product_tag","embeddable":true,"href":"https:\/\/sysmatec.ch\/de\/wp-json\/wp\/v2\/product_tag?post=6124"}],"curies":[{"name":"wp","href":"https:\/\/api.w.org\/{rel}","templated":true}]}}