{"id":6117,"date":"2019-05-12T16:40:18","date_gmt":"2019-05-12T14:40:18","guid":{"rendered":"https:\/\/sysmatec.ch\/produit\/enregistreur-a-transmission-par-onde-radio-newsteo-tracker\/"},"modified":"2022-01-19T21:45:36","modified_gmt":"2022-01-19T20:45:36","slug":"temperatur-feuchtigkeits-beschleunigungs-und-leucht-datenlogger-tre","status":"publish","type":"product","link":"https:\/\/sysmatec.ch\/de\/Produkt\/temperatur-feuchtigkeits-beschleunigungs-und-leucht-datenlogger-tre\/","title":{"rendered":"Temperatur-, Feuchtigkeits-, Beschleunigungs- und Leucht- Datenlogger TRE"},"content":{"rendered":"<p><span title=\"\">Der Datenlogger erm\u00f6glicht die Messung und Aufzeichnung von bis zu 6 Monaten Transport. Es stehen 3 Arten von Ger\u00e4ten zur Aufzeichnung von Temperatur, Luftfeuchtigkeit, Helligkeit und Beschleunigung (St\u00f6\u00dfen) auf 3 Achsen zur Verf\u00fcgung. Daten werden per Funk \u00fcbertragen (eine Funkantenne ist an den PC angeschlossen).<\/span><\/p>\n<h2><span title=\"\">Datnelogger Betriebsarten<\/span><br \/>\n<span title=\"\">&#8211; Direktmodus (\u00dcberwachung): der Datenlogger sendet Daten direkt an einen Computer, um den Transporter im Falle eines Problems zu benachrichtigen.<\/span><br \/>\n<span title=\"\">&#8211; Aufzeichnungsmodus: der Datenlogger speichert die Daten w\u00e4hrend des Transports in seinem Speicher und stellt sie auf dem PC wieder her, wenn die Waren am Ziel angekommen sind.<\/span><\/h2>\n<h2>Datenlogger Spezifikationen<\/h2>\n<ul>\n<li>Innen F\u00fchler<\/li>\n<li>Temperatur-Messbereich: -40 bis 60 \u00b0C +\/- 0.4\u00b0C bei 25\u00b0C<\/li>\n<li>Feuchte-Messbereich: 0 bis 100 % RH \u00b1 3% (von 20 bis 80% Feuchte)<\/li>\n<li>Licht: 0 bis 220 Lux +\/- 30 Lux<\/li>\n<li>Beschleunigung: 3 Achsen, &#8211; 16g bis +16g +\/- 0.5g, Aufl\u00f6sung: 14 Bit &#8211; 3.9 mg, Bandbreite: 1600 Hz<\/li>\n<li>Fallh\u00f6he: 1 cm bis 20 m +\/- 5 cm<\/li>\n<li>Speicherungsintervall: einstellbar, 1 Sekunde bis 4 Std<\/li>\n<li>Speicher: ca. 100 000 Punkte<\/li>\n<li>Minimaler und maximaler Wert<\/li>\n<li>Betriebsdauer auf Batterie: 2 Jahre (1 Messung\/10 Minute)<\/li>\n<li>Dimension:110 x 55 x 26 mm<\/li>\n<li>Frequenz: ISM 868 MHz (Europa)<\/li>\n<li><span title=\"\">Abmessungen 110 x 56 x 27 mm<\/span><\/li>\n<li><span title=\"\">IP 54 Geh\u00e4use<\/span><\/li>\n<li><span title=\"\">Gewicht 160 g<\/span><\/li>\n<li><span title=\"\">Stromversorgung 3 LR 06 (AA) Batterien<\/span><\/li>\n<li>Reichweite: 100 m bis 1 km (es gibt verschiedene Antenne)<\/li>\n<\/ul>\n<p>Anwendung<\/p>\n<ul>\n<li>Lager\u00fcberwachung<\/li>\n<li>Transport\u00fcberwachung von frischen, tiefgek\u00fchlten Lebensmitteln, Medikamenten<\/li>\n<li>Drahtlose Echtzeit-Daten\u00fcbertragung und Datenabfrage per Funk (auch mit Verpackung)<\/li>\n<li>Drahtlose Messung der Fallh\u00f6he und der Energie des Schocks<\/li>\n<li>Genaue Angaben \u00fcber den Schock: Beschleunigung, Dauer und Energie<\/li>\n<li>Datenwiedergabe per Funk: keine \u00d6ffnung des Paketes des Containers erforderlich<\/li>\n<li>Nachweis bei Transportfehlern durch extreme Neigung (kopf\u00fcber)<\/li>\n<li>\u00d6ffnen der Verpackung beim Transport nachweisbar (Lichtsensor)<\/li>\n<\/ul>\n<table border=\"1\" width=\"660\" cellspacing=\"2\" cellpadding=\"0\">\n<tbody>\n<tr>\n<td>Ref.<\/td>\n<td>Temp. Bereich (\u00b0C)<\/td>\n<td>RH Bereich(%)<\/td>\n<td>Licht (Lux)<\/td>\n<td>Max. Reichweite (m)<\/td>\n<td><\/td>\n<\/tr>\n<tr>\n<td>TR35<\/td>\n<td>-40\u00b0C bis +85\u00b0C +\/- 0.3\u00b0C<\/td>\n<td>nicht m\u00f6glich<\/td>\n<td><span style=\"display: inline !important; float: none; background-color: #ffffff; color: #333333; cursor: text; font-family: Georgia,'Times New Roman','Bitstream Charter',Times,serif; font-size: 16px; font-style: normal; font-variant: normal; font-weight: 400; letter-spacing: normal; orphans: 2; text-align: left; text-decoration: none; text-indent: 0px; text-transform: none; -webkit-text-stroke-width: 0px; white-space: normal; word-spacing: 0px;\">nicht m\u00f6glich<\/span><\/td>\n<td>100<\/td>\n<td><\/td>\n<\/tr>\n<tr>\n<td>TR37<\/p>\n<p>TR38<\/td>\n<td>-40\u00b0C bis +85\u00b0C +\/- 0.3\u00b0C<\/p>\n<p><span style=\"display: inline !important; float: none; background-color: #ffffff; color: #333333; cursor: text; font-family: Georgia,'Times New Roman','Bitstream Charter',Times,serif; font-size: 16px; font-style: normal; font-variant: normal; font-weight: 400; letter-spacing: normal; orphans: 2; text-align: left; text-decoration: none; text-indent: 0px; text-transform: none; -webkit-text-stroke-width: 0px; white-space: normal; word-spacing: 0px;\">-40\u00b0C bis +85\u00b0C +\/- 0.2\u00b0C<\/span><\/td>\n<td>0 bis 100 % +\/- 2 %<\/p>\n<p><span style=\"display: inline !important; float: none; background-color: #ffffff; color: #333333; cursor: text; font-family: Georgia,'Times New Roman','Bitstream Charter',Times,serif; font-size: 16px; font-style: normal; font-variant: normal; font-weight: 400; letter-spacing: normal; orphans: 2; text-align: left; text-decoration: none; text-indent: 0px; text-transform: none; -webkit-text-stroke-width: 0px; white-space: normal; word-spacing: 0px;\">0 bis 100 % +\/- 2 %<\/span><\/td>\n<td><span style=\"display: inline !important; float: none; background-color: #ffffff; color: #333333; cursor: text; font-family: Georgia,'Times New Roman','Bitstream Charter',Times,serif; font-size: 16px; font-style: normal; font-variant: normal; font-weight: 400; letter-spacing: normal; orphans: 2; text-align: left; text-decoration: none; text-indent: 0px; text-transform: none; -webkit-text-stroke-width: 0px; white-space: normal; word-spacing: 0px;\">nicht m\u00f6glich<\/span><\/p>\n<p><span style=\"display: inline !important; float: none; background-color: #ffffff; color: #333333; cursor: text; font-family: Georgia,'Times New Roman','Bitstream Charter',Times,serif; font-size: 16px; font-style: normal; font-variant: normal; font-weight: 400; letter-spacing: normal; orphans: 2; text-align: left; text-decoration: none; text-indent: 0px; text-transform: none; -webkit-text-stroke-width: 0px; white-space: normal; word-spacing: 0px;\">0 bis 220 Lux\u00a0\u00b1 30 Lux<\/span><\/td>\n<td>100<\/p>\n<p>100<\/td>\n<td><\/td>\n<\/tr>\n<\/tbody>\n<\/table>\n<p>&nbsp;<\/p>\n","protected":false},"excerpt":{"rendered":"<p><span style=\"display: inline !important; float: none; background-color: #f5f5f5; color: rgba(0, 0, 0, 0.87); font-family: 'Roboto',arial,sans-serif; font-size: 18px; font-style: normal; font-variant: normal; font-weight: 400; letter-spacing: normal; orphans: 2; text-align: left; text-decoration: none; text-indent: 0px; text-transform: none; -webkit-text-stroke-width: 0px; white-space: pre-wrap; word-spacing: 0px;\">Funkwellen\u00fcbertragungsrekorder, Temperatur-, Feuchtigkeits-, Licht- und Schockmessung (Beschleunigungsmesser)<\/span><\/p>\n","protected":false},"featured_media":18943,"template":"","meta":{"_crdt_document":""},"product_brand":[],"product_cat":[288,168,175,206,173],"product_tag":[],"class_list":{"0":"post-6117","1":"product","2":"type-product","3":"status-publish","4":"has-post-thumbnail","6":"product_cat-beschleunigung","7":"product_cat-datenlogger","8":"product_cat-feuchte","9":"product_cat-licht","10":"product_cat-temperatur","12":"first","13":"instock","14":"taxable","15":"shipping-taxable","16":"product-type-simple"},"yoast_head":"<!-- This site is optimized with the Yoast SEO plugin v27.4 - https:\/\/yoast.com\/product\/yoast-seo-wordpress\/ -->\n<title>Temperatur-, Feuchtigkeits-, Beschleunigungs- und Leucht- Datenlogger TRE - Sysmatec<\/title>\n<meta name=\"description\" content=\"Temperatur-, Feuchtigkeits-, Helligkeits- und Ersch\u00fctterungsschreiber mit Funkwellenkommunikation. Die Daten werden in einer Cloud oder lokal gespeichert.\" \/>\n<meta name=\"robots\" content=\"index, follow, max-snippet:-1, max-image-preview:large, max-video-preview:-1\" \/>\n<link rel=\"canonical\" href=\"https:\/\/sysmatec.ch\/de\/produit\/temperatur-feuchtigkeits-beschleunigungs-und-leucht-datenlogger-tre\/\" \/>\n<meta property=\"og:locale\" content=\"de_DE\" \/>\n<meta property=\"og:type\" content=\"article\" \/>\n<meta property=\"og:title\" content=\"Temperatur-, Feuchtigkeits-, Beschleunigungs- und Leucht- Datenlogger TRE - Sysmatec\" \/>\n<meta property=\"og:description\" content=\"Temperatur-, Feuchtigkeits-, Helligkeits- und Ersch\u00fctterungsschreiber mit Funkwellenkommunikation. Die Daten werden in einer Cloud oder lokal gespeichert.\" \/>\n<meta property=\"og:url\" content=\"https:\/\/sysmatec.ch\/de\/produit\/temperatur-feuchtigkeits-beschleunigungs-und-leucht-datenlogger-tre\/\" \/>\n<meta property=\"og:site_name\" content=\"Sysmatec\" \/>\n<meta property=\"article:modified_time\" content=\"2022-01-19T20:45:36+00:00\" \/>\n<meta property=\"og:image\" content=\"https:\/\/sysmatec.ch\/wp-content\/uploads\/2019\/05\/Enregistreur_NewsteoTRE.jpg\" \/>\n\t<meta property=\"og:image:width\" content=\"445\" \/>\n\t<meta property=\"og:image:height\" content=\"380\" \/>\n\t<meta property=\"og:image:type\" content=\"image\/jpeg\" \/>\n<meta name=\"twitter:card\" content=\"summary_large_image\" \/>\n<meta name=\"twitter:label1\" content=\"Gesch\u00e4tzte Lesezeit\" \/>\n\t<meta name=\"twitter:data1\" content=\"2\u00a0Minuten\" \/>\n<script type=\"application\/ld+json\" class=\"yoast-schema-graph\">{\"@context\":\"https:\\\/\\\/schema.org\",\"@graph\":[{\"@type\":\"WebPage\",\"@id\":\"https:\\\/\\\/sysmatec.ch\\\/de\\\/produit\\\/temperatur-feuchtigkeits-beschleunigungs-und-leucht-datenlogger-tre\\\/\",\"url\":\"https:\\\/\\\/sysmatec.ch\\\/de\\\/produit\\\/temperatur-feuchtigkeits-beschleunigungs-und-leucht-datenlogger-tre\\\/\",\"name\":\"Temperatur-, Feuchtigkeits-, Beschleunigungs- und Leucht- Datenlogger TRE - Sysmatec\",\"isPartOf\":{\"@id\":\"https:\\\/\\\/sysmatec.ch\\\/de\\\/#website\"},\"primaryImageOfPage\":{\"@id\":\"https:\\\/\\\/sysmatec.ch\\\/de\\\/produit\\\/temperatur-feuchtigkeits-beschleunigungs-und-leucht-datenlogger-tre\\\/#primaryimage\"},\"image\":{\"@id\":\"https:\\\/\\\/sysmatec.ch\\\/de\\\/produit\\\/temperatur-feuchtigkeits-beschleunigungs-und-leucht-datenlogger-tre\\\/#primaryimage\"},\"thumbnailUrl\":\"https:\\\/\\\/sysmatec.ch\\\/wp-content\\\/uploads\\\/2019\\\/05\\\/Enregistreur_NewsteoTRE.jpg\",\"datePublished\":\"2019-05-12T14:40:18+00:00\",\"dateModified\":\"2022-01-19T20:45:36+00:00\",\"description\":\"Temperatur-, Feuchtigkeits-, Helligkeits- und Ersch\u00fctterungsschreiber mit Funkwellenkommunikation. Die Daten werden in einer Cloud oder lokal gespeichert.\",\"breadcrumb\":{\"@id\":\"https:\\\/\\\/sysmatec.ch\\\/de\\\/produit\\\/temperatur-feuchtigkeits-beschleunigungs-und-leucht-datenlogger-tre\\\/#breadcrumb\"},\"inLanguage\":\"de\",\"potentialAction\":[{\"@type\":\"ReadAction\",\"target\":[\"https:\\\/\\\/sysmatec.ch\\\/de\\\/produit\\\/temperatur-feuchtigkeits-beschleunigungs-und-leucht-datenlogger-tre\\\/\"]}]},{\"@type\":\"ImageObject\",\"inLanguage\":\"de\",\"@id\":\"https:\\\/\\\/sysmatec.ch\\\/de\\\/produit\\\/temperatur-feuchtigkeits-beschleunigungs-und-leucht-datenlogger-tre\\\/#primaryimage\",\"url\":\"https:\\\/\\\/sysmatec.ch\\\/wp-content\\\/uploads\\\/2019\\\/05\\\/Enregistreur_NewsteoTRE.jpg\",\"contentUrl\":\"https:\\\/\\\/sysmatec.ch\\\/wp-content\\\/uploads\\\/2019\\\/05\\\/Enregistreur_NewsteoTRE.jpg\",\"width\":445,\"height\":380},{\"@type\":\"BreadcrumbList\",\"@id\":\"https:\\\/\\\/sysmatec.ch\\\/de\\\/produit\\\/temperatur-feuchtigkeits-beschleunigungs-und-leucht-datenlogger-tre\\\/#breadcrumb\",\"itemListElement\":[{\"@type\":\"ListItem\",\"position\":1,\"name\":\"Accueil\",\"item\":\"https:\\\/\\\/sysmatec.ch\\\/de\\\/\"},{\"@type\":\"ListItem\",\"position\":2,\"name\":\"Die Aktivit\u00e4t von Sysmatec\",\"item\":\"https:\\\/\\\/sysmatec.ch\\\/de\\\/\"},{\"@type\":\"ListItem\",\"position\":3,\"name\":\"Temperatur-, Feuchtigkeits-, Beschleunigungs- und Leucht- Datenlogger TRE\"}]},{\"@type\":\"WebSite\",\"@id\":\"https:\\\/\\\/sysmatec.ch\\\/de\\\/#website\",\"url\":\"https:\\\/\\\/sysmatec.ch\\\/de\\\/\",\"name\":\"Sysmatec\",\"description\":\"Equipement de laboratoire et logiciels\",\"publisher\":{\"@id\":\"https:\\\/\\\/sysmatec.ch\\\/de\\\/#organization\"},\"potentialAction\":[{\"@type\":\"SearchAction\",\"target\":{\"@type\":\"EntryPoint\",\"urlTemplate\":\"https:\\\/\\\/sysmatec.ch\\\/de\\\/?s={search_term_string}\"},\"query-input\":{\"@type\":\"PropertyValueSpecification\",\"valueRequired\":true,\"valueName\":\"search_term_string\"}}],\"inLanguage\":\"de\"},{\"@type\":\"Organization\",\"@id\":\"https:\\\/\\\/sysmatec.ch\\\/de\\\/#organization\",\"name\":\"Sysmatec\",\"url\":\"https:\\\/\\\/sysmatec.ch\\\/de\\\/\",\"logo\":{\"@type\":\"ImageObject\",\"inLanguage\":\"de\",\"@id\":\"https:\\\/\\\/sysmatec.ch\\\/de\\\/#\\\/schema\\\/logo\\\/image\\\/\",\"url\":\"https:\\\/\\\/sysmatec.ch\\\/wp-content\\\/uploads\\\/2018\\\/11\\\/LogoSysmatec.jpg\",\"contentUrl\":\"https:\\\/\\\/sysmatec.ch\\\/wp-content\\\/uploads\\\/2018\\\/11\\\/LogoSysmatec.jpg\",\"width\":301,\"height\":297,\"caption\":\"Sysmatec\"},\"image\":{\"@id\":\"https:\\\/\\\/sysmatec.ch\\\/de\\\/#\\\/schema\\\/logo\\\/image\\\/\"}}]}<\/script>\n<!-- \/ Yoast SEO plugin. -->","yoast_head_json":{"title":"Temperatur-, Feuchtigkeits-, Beschleunigungs- und Leucht- Datenlogger TRE - Sysmatec","description":"Temperatur-, Feuchtigkeits-, Helligkeits- und Ersch\u00fctterungsschreiber mit Funkwellenkommunikation. Die Daten werden in einer Cloud oder lokal gespeichert.","robots":{"index":"index","follow":"follow","max-snippet":"max-snippet:-1","max-image-preview":"max-image-preview:large","max-video-preview":"max-video-preview:-1"},"canonical":"https:\/\/sysmatec.ch\/de\/produit\/temperatur-feuchtigkeits-beschleunigungs-und-leucht-datenlogger-tre\/","og_locale":"de_DE","og_type":"article","og_title":"Temperatur-, Feuchtigkeits-, Beschleunigungs- und Leucht- Datenlogger TRE - Sysmatec","og_description":"Temperatur-, Feuchtigkeits-, Helligkeits- und Ersch\u00fctterungsschreiber mit Funkwellenkommunikation. Die Daten werden in einer Cloud oder lokal gespeichert.","og_url":"https:\/\/sysmatec.ch\/de\/produit\/temperatur-feuchtigkeits-beschleunigungs-und-leucht-datenlogger-tre\/","og_site_name":"Sysmatec","article_modified_time":"2022-01-19T20:45:36+00:00","og_image":[{"width":445,"height":380,"url":"https:\/\/sysmatec.ch\/wp-content\/uploads\/2019\/05\/Enregistreur_NewsteoTRE.jpg","type":"image\/jpeg"}],"twitter_card":"summary_large_image","twitter_misc":{"Gesch\u00e4tzte Lesezeit":"2\u00a0Minuten"},"schema":{"@context":"https:\/\/schema.org","@graph":[{"@type":"WebPage","@id":"https:\/\/sysmatec.ch\/de\/produit\/temperatur-feuchtigkeits-beschleunigungs-und-leucht-datenlogger-tre\/","url":"https:\/\/sysmatec.ch\/de\/produit\/temperatur-feuchtigkeits-beschleunigungs-und-leucht-datenlogger-tre\/","name":"Temperatur-, Feuchtigkeits-, Beschleunigungs- und Leucht- Datenlogger TRE - Sysmatec","isPartOf":{"@id":"https:\/\/sysmatec.ch\/de\/#website"},"primaryImageOfPage":{"@id":"https:\/\/sysmatec.ch\/de\/produit\/temperatur-feuchtigkeits-beschleunigungs-und-leucht-datenlogger-tre\/#primaryimage"},"image":{"@id":"https:\/\/sysmatec.ch\/de\/produit\/temperatur-feuchtigkeits-beschleunigungs-und-leucht-datenlogger-tre\/#primaryimage"},"thumbnailUrl":"https:\/\/sysmatec.ch\/wp-content\/uploads\/2019\/05\/Enregistreur_NewsteoTRE.jpg","datePublished":"2019-05-12T14:40:18+00:00","dateModified":"2022-01-19T20:45:36+00:00","description":"Temperatur-, Feuchtigkeits-, Helligkeits- und Ersch\u00fctterungsschreiber mit Funkwellenkommunikation. Die Daten werden in einer Cloud oder lokal gespeichert.","breadcrumb":{"@id":"https:\/\/sysmatec.ch\/de\/produit\/temperatur-feuchtigkeits-beschleunigungs-und-leucht-datenlogger-tre\/#breadcrumb"},"inLanguage":"de","potentialAction":[{"@type":"ReadAction","target":["https:\/\/sysmatec.ch\/de\/produit\/temperatur-feuchtigkeits-beschleunigungs-und-leucht-datenlogger-tre\/"]}]},{"@type":"ImageObject","inLanguage":"de","@id":"https:\/\/sysmatec.ch\/de\/produit\/temperatur-feuchtigkeits-beschleunigungs-und-leucht-datenlogger-tre\/#primaryimage","url":"https:\/\/sysmatec.ch\/wp-content\/uploads\/2019\/05\/Enregistreur_NewsteoTRE.jpg","contentUrl":"https:\/\/sysmatec.ch\/wp-content\/uploads\/2019\/05\/Enregistreur_NewsteoTRE.jpg","width":445,"height":380},{"@type":"BreadcrumbList","@id":"https:\/\/sysmatec.ch\/de\/produit\/temperatur-feuchtigkeits-beschleunigungs-und-leucht-datenlogger-tre\/#breadcrumb","itemListElement":[{"@type":"ListItem","position":1,"name":"Accueil","item":"https:\/\/sysmatec.ch\/de\/"},{"@type":"ListItem","position":2,"name":"Die Aktivit\u00e4t von Sysmatec","item":"https:\/\/sysmatec.ch\/de\/"},{"@type":"ListItem","position":3,"name":"Temperatur-, Feuchtigkeits-, Beschleunigungs- und Leucht- Datenlogger TRE"}]},{"@type":"WebSite","@id":"https:\/\/sysmatec.ch\/de\/#website","url":"https:\/\/sysmatec.ch\/de\/","name":"Sysmatec","description":"Equipement de laboratoire et logiciels","publisher":{"@id":"https:\/\/sysmatec.ch\/de\/#organization"},"potentialAction":[{"@type":"SearchAction","target":{"@type":"EntryPoint","urlTemplate":"https:\/\/sysmatec.ch\/de\/?s={search_term_string}"},"query-input":{"@type":"PropertyValueSpecification","valueRequired":true,"valueName":"search_term_string"}}],"inLanguage":"de"},{"@type":"Organization","@id":"https:\/\/sysmatec.ch\/de\/#organization","name":"Sysmatec","url":"https:\/\/sysmatec.ch\/de\/","logo":{"@type":"ImageObject","inLanguage":"de","@id":"https:\/\/sysmatec.ch\/de\/#\/schema\/logo\/image\/","url":"https:\/\/sysmatec.ch\/wp-content\/uploads\/2018\/11\/LogoSysmatec.jpg","contentUrl":"https:\/\/sysmatec.ch\/wp-content\/uploads\/2018\/11\/LogoSysmatec.jpg","width":301,"height":297,"caption":"Sysmatec"},"image":{"@id":"https:\/\/sysmatec.ch\/de\/#\/schema\/logo\/image\/"}}]}},"_links":{"self":[{"href":"https:\/\/sysmatec.ch\/de\/wp-json\/wp\/v2\/product\/6117","targetHints":{"allow":["GET"]}}],"collection":[{"href":"https:\/\/sysmatec.ch\/de\/wp-json\/wp\/v2\/product"}],"about":[{"href":"https:\/\/sysmatec.ch\/de\/wp-json\/wp\/v2\/types\/product"}],"wp:featuredmedia":[{"embeddable":true,"href":"https:\/\/sysmatec.ch\/de\/wp-json\/wp\/v2\/media\/18943"}],"wp:attachment":[{"href":"https:\/\/sysmatec.ch\/de\/wp-json\/wp\/v2\/media?parent=6117"}],"wp:term":[{"taxonomy":"product_brand","embeddable":true,"href":"https:\/\/sysmatec.ch\/de\/wp-json\/wp\/v2\/product_brand?post=6117"},{"taxonomy":"product_cat","embeddable":true,"href":"https:\/\/sysmatec.ch\/de\/wp-json\/wp\/v2\/product_cat?post=6117"},{"taxonomy":"product_tag","embeddable":true,"href":"https:\/\/sysmatec.ch\/de\/wp-json\/wp\/v2\/product_tag?post=6117"}],"curies":[{"name":"wp","href":"https:\/\/api.w.org\/{rel}","templated":true}]}}