{"id":6112,"date":"2019-05-12T16:33:26","date_gmt":"2019-05-12T14:33:26","guid":{"rendered":"https:\/\/sysmatec.ch\/produit\/enregistreur-temperature-humidite-a-transmission-par-onde-radio-capteur-externe\/"},"modified":"2022-01-19T21:58:46","modified_gmt":"2022-01-19T20:58:46","slug":"temperatur-feuchte-funk-datenlogger-newsteo-externer-fuehler","status":"publish","type":"product","link":"https:\/\/sysmatec.ch\/de\/Produkt\/temperatur-feuchte-funk-datenlogger-newsteo-externer-fuehler\/","title":{"rendered":"Temperatur\/Feuchte -Funk-Datenlogger Newsteo (Externer F\u00fchler)"},"content":{"rendered":"<p>Echtzeit\u00fcbertragung von Temperaturmessungen (an einem PC, Monitoring Modus) oder Datenlogger w\u00e4hrend eines Warentransportes mit sp\u00e4terer \u00dcbergabe der Messwerte (Recording Modus).<\/p>\n<p>Bis zu 500 Loggern k\u00f6nnen an einen PC durch die USB Antenne verbunden werden.<\/p>\n<h2>Datenlogger Spezifikationen<\/h2>\n<ul>\n<li>Innen F\u00fchler<\/li>\n<li>Temperatur-Messbereich: -40 bis 60 \u00b0C<\/li>\n<li>Genauigkeit: \u00b10,8 \u00b0C bei 25 \u00b0C<\/li>\n<li>Feuchte-Messbereich: 0 bis 100 % RH<\/li>\n<li>Genauigkeit: \u00b1 3 % RH<\/li>\n<li>Speicherungsintervall: einstellbar, 1 Sekunde bis 4 Std<\/li>\n<li>Speicher: 32768 Punkte<\/li>\n<li>Minimaler und maximaler Wert<\/li>\n<li>1\/2 AA oder AA Lithium Thionyl Batterie Modellabh\u00e4ngig<\/li>\n<li>Betriebsdauer auf Batterie: 2 Jahre (1 Messung\/10 Minute)<\/li>\n<li>IP54<\/li>\n<li>Dimension: 96 mm x 40 mm x 20 mm (Antenne: 90mm)<\/li>\n<li>Frequenz: ISM 868 MHz (Europa); 915 MHz (USA)<\/li>\n<li>Reichweite: 30 m bis 1 km (es gibt verschiedene Antenne)<\/li>\n<\/ul>\n<h2>Datenlogger Anwendung<\/h2>\n<ul>\n<li>Lager\u00fcberwachung<\/li>\n<li>Transport\u00fcberwachung von frischen, tiefgek\u00fchlten Lebensmitteln, Medikamenten<\/li>\n<\/ul>\n<table border=\"1\" width=\"660\" cellspacing=\"2\" cellpadding=\"0\">\n<tbody>\n<tr>\n<td>Ref.<\/td>\n<td>Temp. Bereich (\u00b0C)<\/td>\n<td>RH Bereich(%)<\/td>\n<td>Geh\u00e4use<\/td>\n<td>Max. Reichweite (m)<\/td>\n<td>Antenne<\/td>\n<\/tr>\n<tr>\n<td>LGR52<\/td>\n<td>-40\u00b0C \u00e0 +85\u00b0C +\/- 0.4\u00b0C<\/td>\n<td>0 \u00e0 100 % +\/- 3 %<\/td>\n<td>IP65<\/td>\n<td>900<\/td>\n<td>externe, 1\/2 d&#8217;onde<\/td>\n<\/tr>\n<tr>\n<td>LGR55<\/td>\n<td>-40\u00b0C \u00e0 +85\u00b0C +\/- 0.2\u00b0C<\/td>\n<td>0 \u00e0 100 % +\/- 2 %<\/td>\n<td>IP65<\/td>\n<td>900<\/td>\n<td>externe, 1\/2 d&#8217;onde<\/td>\n<\/tr>\n<\/tbody>\n<\/table>\n","protected":false},"excerpt":{"rendered":"<p>Temperatur\/Feuchte -Funk-Datenlogger (Externer F\u00fchler)<\/p>\n","protected":false},"featured_media":6110,"template":"","meta":{"_crdt_document":""},"product_brand":[],"product_cat":[168,175],"product_tag":[],"class_list":{"0":"post-6112","1":"product","2":"type-product","3":"status-publish","4":"has-post-thumbnail","6":"product_cat-datenlogger","7":"product_cat-feuchte","9":"first","10":"instock","11":"taxable","12":"shipping-taxable","13":"product-type-simple"},"yoast_head":"<!-- This site is optimized with the Yoast SEO plugin v27.4 - https:\/\/yoast.com\/product\/yoast-seo-wordpress\/ -->\n<title>Temperatur\/Feuchte -Funk-Datenlogger Newsteo (Externer F\u00fchler) - Sysmatec<\/title>\n<meta name=\"description\" content=\"Temperatur- und Feuchtigkeitsrekorder mit Funkwellenkommunikation. Die Daten werden in einer Cloud oder lokal gespeichert.\" \/>\n<meta name=\"robots\" content=\"index, follow, max-snippet:-1, max-image-preview:large, max-video-preview:-1\" \/>\n<link rel=\"canonical\" href=\"https:\/\/sysmatec.ch\/de\/produit\/temperatur-feuchte-funk-datenlogger-newsteo-externer-fuehler\/\" \/>\n<meta property=\"og:locale\" content=\"de_DE\" \/>\n<meta property=\"og:type\" content=\"article\" \/>\n<meta property=\"og:title\" content=\"Temperatur\/Feuchte -Funk-Datenlogger Newsteo (Externer F\u00fchler) - Sysmatec\" \/>\n<meta property=\"og:description\" content=\"Temperatur- und Feuchtigkeitsrekorder mit Funkwellenkommunikation. Die Daten werden in einer Cloud oder lokal gespeichert.\" \/>\n<meta property=\"og:url\" content=\"https:\/\/sysmatec.ch\/de\/produit\/temperatur-feuchte-funk-datenlogger-newsteo-externer-fuehler\/\" \/>\n<meta property=\"og:site_name\" content=\"Sysmatec\" \/>\n<meta property=\"article:modified_time\" content=\"2022-01-19T20:58:46+00:00\" \/>\n<meta property=\"og:image\" content=\"https:\/\/sysmatec.ch\/wp-content\/uploads\/2019\/05\/Humidite_NewsteoLog232.gif\" \/>\n\t<meta property=\"og:image:width\" content=\"162\" \/>\n\t<meta property=\"og:image:height\" content=\"162\" \/>\n\t<meta property=\"og:image:type\" content=\"image\/gif\" \/>\n<meta name=\"twitter:card\" content=\"summary_large_image\" \/>\n<meta name=\"twitter:label1\" content=\"Gesch\u00e4tzte Lesezeit\" \/>\n\t<meta name=\"twitter:data1\" content=\"1\u00a0Minute\" \/>\n<script type=\"application\/ld+json\" class=\"yoast-schema-graph\">{\"@context\":\"https:\\\/\\\/schema.org\",\"@graph\":[{\"@type\":\"WebPage\",\"@id\":\"https:\\\/\\\/sysmatec.ch\\\/de\\\/produit\\\/temperatur-feuchte-funk-datenlogger-newsteo-externer-fuehler\\\/\",\"url\":\"https:\\\/\\\/sysmatec.ch\\\/de\\\/produit\\\/temperatur-feuchte-funk-datenlogger-newsteo-externer-fuehler\\\/\",\"name\":\"Temperatur\\\/Feuchte -Funk-Datenlogger Newsteo (Externer F\u00fchler) - Sysmatec\",\"isPartOf\":{\"@id\":\"https:\\\/\\\/sysmatec.ch\\\/de\\\/#website\"},\"primaryImageOfPage\":{\"@id\":\"https:\\\/\\\/sysmatec.ch\\\/de\\\/produit\\\/temperatur-feuchte-funk-datenlogger-newsteo-externer-fuehler\\\/#primaryimage\"},\"image\":{\"@id\":\"https:\\\/\\\/sysmatec.ch\\\/de\\\/produit\\\/temperatur-feuchte-funk-datenlogger-newsteo-externer-fuehler\\\/#primaryimage\"},\"thumbnailUrl\":\"https:\\\/\\\/sysmatec.ch\\\/wp-content\\\/uploads\\\/2019\\\/05\\\/Humidite_NewsteoLog232.gif\",\"datePublished\":\"2019-05-12T14:33:26+00:00\",\"dateModified\":\"2022-01-19T20:58:46+00:00\",\"description\":\"Temperatur- und Feuchtigkeitsrekorder mit Funkwellenkommunikation. Die Daten werden in einer Cloud oder lokal gespeichert.\",\"breadcrumb\":{\"@id\":\"https:\\\/\\\/sysmatec.ch\\\/de\\\/produit\\\/temperatur-feuchte-funk-datenlogger-newsteo-externer-fuehler\\\/#breadcrumb\"},\"inLanguage\":\"de\",\"potentialAction\":[{\"@type\":\"ReadAction\",\"target\":[\"https:\\\/\\\/sysmatec.ch\\\/de\\\/produit\\\/temperatur-feuchte-funk-datenlogger-newsteo-externer-fuehler\\\/\"]}]},{\"@type\":\"ImageObject\",\"inLanguage\":\"de\",\"@id\":\"https:\\\/\\\/sysmatec.ch\\\/de\\\/produit\\\/temperatur-feuchte-funk-datenlogger-newsteo-externer-fuehler\\\/#primaryimage\",\"url\":\"https:\\\/\\\/sysmatec.ch\\\/wp-content\\\/uploads\\\/2019\\\/05\\\/Humidite_NewsteoLog232.gif\",\"contentUrl\":\"https:\\\/\\\/sysmatec.ch\\\/wp-content\\\/uploads\\\/2019\\\/05\\\/Humidite_NewsteoLog232.gif\",\"width\":162,\"height\":162},{\"@type\":\"BreadcrumbList\",\"@id\":\"https:\\\/\\\/sysmatec.ch\\\/de\\\/produit\\\/temperatur-feuchte-funk-datenlogger-newsteo-externer-fuehler\\\/#breadcrumb\",\"itemListElement\":[{\"@type\":\"ListItem\",\"position\":1,\"name\":\"Accueil\",\"item\":\"https:\\\/\\\/sysmatec.ch\\\/de\\\/\"},{\"@type\":\"ListItem\",\"position\":2,\"name\":\"Die Aktivit\u00e4t von Sysmatec\",\"item\":\"https:\\\/\\\/sysmatec.ch\\\/de\\\/\"},{\"@type\":\"ListItem\",\"position\":3,\"name\":\"Temperatur\\\/Feuchte -Funk-Datenlogger Newsteo (Externer F\u00fchler)\"}]},{\"@type\":\"WebSite\",\"@id\":\"https:\\\/\\\/sysmatec.ch\\\/de\\\/#website\",\"url\":\"https:\\\/\\\/sysmatec.ch\\\/de\\\/\",\"name\":\"Sysmatec\",\"description\":\"Equipement de laboratoire et logiciels\",\"publisher\":{\"@id\":\"https:\\\/\\\/sysmatec.ch\\\/de\\\/#organization\"},\"potentialAction\":[{\"@type\":\"SearchAction\",\"target\":{\"@type\":\"EntryPoint\",\"urlTemplate\":\"https:\\\/\\\/sysmatec.ch\\\/de\\\/?s={search_term_string}\"},\"query-input\":{\"@type\":\"PropertyValueSpecification\",\"valueRequired\":true,\"valueName\":\"search_term_string\"}}],\"inLanguage\":\"de\"},{\"@type\":\"Organization\",\"@id\":\"https:\\\/\\\/sysmatec.ch\\\/de\\\/#organization\",\"name\":\"Sysmatec\",\"url\":\"https:\\\/\\\/sysmatec.ch\\\/de\\\/\",\"logo\":{\"@type\":\"ImageObject\",\"inLanguage\":\"de\",\"@id\":\"https:\\\/\\\/sysmatec.ch\\\/de\\\/#\\\/schema\\\/logo\\\/image\\\/\",\"url\":\"https:\\\/\\\/sysmatec.ch\\\/wp-content\\\/uploads\\\/2018\\\/11\\\/LogoSysmatec.jpg\",\"contentUrl\":\"https:\\\/\\\/sysmatec.ch\\\/wp-content\\\/uploads\\\/2018\\\/11\\\/LogoSysmatec.jpg\",\"width\":301,\"height\":297,\"caption\":\"Sysmatec\"},\"image\":{\"@id\":\"https:\\\/\\\/sysmatec.ch\\\/de\\\/#\\\/schema\\\/logo\\\/image\\\/\"}}]}<\/script>\n<!-- \/ Yoast SEO plugin. -->","yoast_head_json":{"title":"Temperatur\/Feuchte -Funk-Datenlogger Newsteo (Externer F\u00fchler) - Sysmatec","description":"Temperatur- und Feuchtigkeitsrekorder mit Funkwellenkommunikation. Die Daten werden in einer Cloud oder lokal gespeichert.","robots":{"index":"index","follow":"follow","max-snippet":"max-snippet:-1","max-image-preview":"max-image-preview:large","max-video-preview":"max-video-preview:-1"},"canonical":"https:\/\/sysmatec.ch\/de\/produit\/temperatur-feuchte-funk-datenlogger-newsteo-externer-fuehler\/","og_locale":"de_DE","og_type":"article","og_title":"Temperatur\/Feuchte -Funk-Datenlogger Newsteo (Externer F\u00fchler) - Sysmatec","og_description":"Temperatur- und Feuchtigkeitsrekorder mit Funkwellenkommunikation. Die Daten werden in einer Cloud oder lokal gespeichert.","og_url":"https:\/\/sysmatec.ch\/de\/produit\/temperatur-feuchte-funk-datenlogger-newsteo-externer-fuehler\/","og_site_name":"Sysmatec","article_modified_time":"2022-01-19T20:58:46+00:00","og_image":[{"width":162,"height":162,"url":"https:\/\/sysmatec.ch\/wp-content\/uploads\/2019\/05\/Humidite_NewsteoLog232.gif","type":"image\/gif"}],"twitter_card":"summary_large_image","twitter_misc":{"Gesch\u00e4tzte Lesezeit":"1\u00a0Minute"},"schema":{"@context":"https:\/\/schema.org","@graph":[{"@type":"WebPage","@id":"https:\/\/sysmatec.ch\/de\/produit\/temperatur-feuchte-funk-datenlogger-newsteo-externer-fuehler\/","url":"https:\/\/sysmatec.ch\/de\/produit\/temperatur-feuchte-funk-datenlogger-newsteo-externer-fuehler\/","name":"Temperatur\/Feuchte -Funk-Datenlogger Newsteo (Externer F\u00fchler) - Sysmatec","isPartOf":{"@id":"https:\/\/sysmatec.ch\/de\/#website"},"primaryImageOfPage":{"@id":"https:\/\/sysmatec.ch\/de\/produit\/temperatur-feuchte-funk-datenlogger-newsteo-externer-fuehler\/#primaryimage"},"image":{"@id":"https:\/\/sysmatec.ch\/de\/produit\/temperatur-feuchte-funk-datenlogger-newsteo-externer-fuehler\/#primaryimage"},"thumbnailUrl":"https:\/\/sysmatec.ch\/wp-content\/uploads\/2019\/05\/Humidite_NewsteoLog232.gif","datePublished":"2019-05-12T14:33:26+00:00","dateModified":"2022-01-19T20:58:46+00:00","description":"Temperatur- und Feuchtigkeitsrekorder mit Funkwellenkommunikation. Die Daten werden in einer Cloud oder lokal gespeichert.","breadcrumb":{"@id":"https:\/\/sysmatec.ch\/de\/produit\/temperatur-feuchte-funk-datenlogger-newsteo-externer-fuehler\/#breadcrumb"},"inLanguage":"de","potentialAction":[{"@type":"ReadAction","target":["https:\/\/sysmatec.ch\/de\/produit\/temperatur-feuchte-funk-datenlogger-newsteo-externer-fuehler\/"]}]},{"@type":"ImageObject","inLanguage":"de","@id":"https:\/\/sysmatec.ch\/de\/produit\/temperatur-feuchte-funk-datenlogger-newsteo-externer-fuehler\/#primaryimage","url":"https:\/\/sysmatec.ch\/wp-content\/uploads\/2019\/05\/Humidite_NewsteoLog232.gif","contentUrl":"https:\/\/sysmatec.ch\/wp-content\/uploads\/2019\/05\/Humidite_NewsteoLog232.gif","width":162,"height":162},{"@type":"BreadcrumbList","@id":"https:\/\/sysmatec.ch\/de\/produit\/temperatur-feuchte-funk-datenlogger-newsteo-externer-fuehler\/#breadcrumb","itemListElement":[{"@type":"ListItem","position":1,"name":"Accueil","item":"https:\/\/sysmatec.ch\/de\/"},{"@type":"ListItem","position":2,"name":"Die Aktivit\u00e4t von Sysmatec","item":"https:\/\/sysmatec.ch\/de\/"},{"@type":"ListItem","position":3,"name":"Temperatur\/Feuchte -Funk-Datenlogger Newsteo (Externer F\u00fchler)"}]},{"@type":"WebSite","@id":"https:\/\/sysmatec.ch\/de\/#website","url":"https:\/\/sysmatec.ch\/de\/","name":"Sysmatec","description":"Equipement de laboratoire et logiciels","publisher":{"@id":"https:\/\/sysmatec.ch\/de\/#organization"},"potentialAction":[{"@type":"SearchAction","target":{"@type":"EntryPoint","urlTemplate":"https:\/\/sysmatec.ch\/de\/?s={search_term_string}"},"query-input":{"@type":"PropertyValueSpecification","valueRequired":true,"valueName":"search_term_string"}}],"inLanguage":"de"},{"@type":"Organization","@id":"https:\/\/sysmatec.ch\/de\/#organization","name":"Sysmatec","url":"https:\/\/sysmatec.ch\/de\/","logo":{"@type":"ImageObject","inLanguage":"de","@id":"https:\/\/sysmatec.ch\/de\/#\/schema\/logo\/image\/","url":"https:\/\/sysmatec.ch\/wp-content\/uploads\/2018\/11\/LogoSysmatec.jpg","contentUrl":"https:\/\/sysmatec.ch\/wp-content\/uploads\/2018\/11\/LogoSysmatec.jpg","width":301,"height":297,"caption":"Sysmatec"},"image":{"@id":"https:\/\/sysmatec.ch\/de\/#\/schema\/logo\/image\/"}}]}},"_links":{"self":[{"href":"https:\/\/sysmatec.ch\/de\/wp-json\/wp\/v2\/product\/6112","targetHints":{"allow":["GET"]}}],"collection":[{"href":"https:\/\/sysmatec.ch\/de\/wp-json\/wp\/v2\/product"}],"about":[{"href":"https:\/\/sysmatec.ch\/de\/wp-json\/wp\/v2\/types\/product"}],"wp:featuredmedia":[{"embeddable":true,"href":"https:\/\/sysmatec.ch\/de\/wp-json\/wp\/v2\/media\/6110"}],"wp:attachment":[{"href":"https:\/\/sysmatec.ch\/de\/wp-json\/wp\/v2\/media?parent=6112"}],"wp:term":[{"taxonomy":"product_brand","embeddable":true,"href":"https:\/\/sysmatec.ch\/de\/wp-json\/wp\/v2\/product_brand?post=6112"},{"taxonomy":"product_cat","embeddable":true,"href":"https:\/\/sysmatec.ch\/de\/wp-json\/wp\/v2\/product_cat?post=6112"},{"taxonomy":"product_tag","embeddable":true,"href":"https:\/\/sysmatec.ch\/de\/wp-json\/wp\/v2\/product_tag?post=6112"}],"curies":[{"name":"wp","href":"https:\/\/api.w.org\/{rel}","templated":true}]}}