{"id":6080,"date":"2019-05-12T11:45:04","date_gmt":"2019-05-12T09:45:04","guid":{"rendered":"https:\/\/sysmatec.ch\/produit\/enregistreur-de-temperature-et-humidite-rhtemp80-rhtemp125\/"},"modified":"2022-01-21T21:38:02","modified_gmt":"2022-01-21T20:38:02","slug":"temperatur-und-feuchte-datenlogger-rhtemp80-rhtemp125","status":"publish","type":"product","link":"https:\/\/sysmatec.ch\/de\/Produkt\/temperatur-und-feuchte-datenlogger-rhtemp80-rhtemp125\/","title":{"rendered":"Temperatur und Feuchte Datenlogger RHTEMP80 &#038; RHTEMP125"},"content":{"rendered":"<p>RHTemp80 und RHTemp125 Datenlogger speichert die Temperatur und Luftfeuchtigkeit und k\u00f6nnen respektive bis zu 80 \u00b0 C und 125 \u00b0 C eingesetzt werden. Sie werden vor allem in Trockungsprozessen ben\u00fctzt.<\/p>\n<p>Die Loggern k\u00f6nnen mit unterschiedlicher Software eingesetzt werden:<\/p>\n<ul>\n<li type=\"disc\">HumiPressureDisk, f\u00fcr eine schnelle und einfache \u00dcberwachung: Ger\u00e4te starten, Daten herunterladen und analysieren.<\/li>\n<li type=\"disc\">TS-Manager, f\u00fcr tiefe Analyse und Kontrolle: eine FDA 21 CFR Part 11 kompatible Software mit Multi-Level-Zugriff und Berichte gem\u00e4\u00df den Vorschriften. Entwickelt f\u00fcr die Validierung in allen Bereichen, von der pharmazeutischen \/ medizinischen Labors, Zahn\u00e4rzte und Lebensmittel.<\/li>\n<\/ul>\n<p>Folgende Ausf\u00fchrungen sind lieferbar:<\/p>\n<ul>\n<li type=\"disc\">Standard: mit Standard Batterie (wechselbar)<\/li>\n<li type=\"disc\">XL: l\u00e4nger, mit Langzeit Batterie (wechselbar)<\/li>\n<\/ul>\n<p>Logger werden am PC mit Hilfe der DiskInterface HS verbunden (HumiPressureDisk Software im Lieferumfang enthalten).<\/p>\n<p>Abmessungen (H\u00f6he x Durchmesser mm): Standard = 46 X 17, XL = 71 X 17<\/p>\n<p>Materialien: Edelstahl stehlen AISI316L + POM (komplett Food Grade) f\u00fcr RHTemp80, RVS AISI316L + PEEK (komplett Food Grade) RHTemp125<\/p>\n<p>Temperaturbereich: -20 \u00b0 C bis + 80 \u00b0 C f\u00fcr RHTemp80, -40 \u00b0 C bis + 125 \u00b0 C f\u00fcr RHTemp125<\/p>\n<p>Temperaturaufl\u00f6sung: 0.015 \u00b0 C<\/p>\n<p>Temperaturgenauigkeit: \u00b1 0.2 \u00b0 C (0 \u00b0 C bis + 60 \u00b0 C) \/ \u00b1 0,5 \u00b0 C (-40 \u00b0 C bis + 125 \u00b0 C)<\/p>\n<p>Luftfeuchtigkeit: 0% \u00f7 100%<\/p>\n<p>Luftfeuchtigkeit Aufl\u00f6sung: 0.02%<\/p>\n<p>Luftfeuchtigkeit Genauigkeit: \u00b1 1.8% (0% bis 85%) \/ \u00b1 3% (85% bis 100%)<\/p>\n<p>Anzahl der Akquisitionen: 10 100<\/p>\n<p>Erfassungsrate: Von 1 jede Sekunde bis<\/p>\n<p>Batterielebensdauer<\/p>\n<ul>\n<li type=\"disc\">Standard: kann ausgetauscht werden, &gt; 8 000 000 Werte bei 25 \u00b0 C<\/li>\n<li type=\"disc\">XL: kann ausgetauscht werden, &gt; 14 000 000 Werte bei 25 \u00b0 C<\/li>\n<\/ul>\n<p>Schutzart: IP67<\/p>\n<p>Kommunikation: DiskInterface HS (HumiPressureDisk im Lieferumfang enthalten<\/p>\n<p>Betriebssysteme: Windows XP, Vista, 7, 8 (32, 64 bit)<\/p>\n","protected":false},"excerpt":{"rendered":"<p>Temperatur und Feuchte Datenlogger f\u00fcr h\u00f6here Temperatur<\/p>\n","protected":false},"featured_media":6078,"template":"","meta":{"_crdt_document":""},"product_brand":[],"product_cat":[168,175],"product_tag":[],"class_list":{"0":"post-6080","1":"product","2":"type-product","3":"status-publish","4":"has-post-thumbnail","6":"product_cat-datenlogger","7":"product_cat-feuchte","9":"first","10":"instock","11":"taxable","12":"shipping-taxable","13":"product-type-simple"},"yoast_head":"<!-- This site is optimized with the Yoast SEO plugin v27.4 - https:\/\/yoast.com\/product\/yoast-seo-wordpress\/ -->\n<title>Temperatur und Feuchte Datenlogger RHTEMP80 &amp; RHTEMP125 - Sysmatec<\/title>\n<meta name=\"description\" content=\"Feuchte- und Temperaturdatenlogger f\u00fcr hohe Temperaturen bis 125\u00b0C. Sie werden in Trocknungsvorg\u00e4ngen verwendet.\" \/>\n<meta name=\"robots\" content=\"index, follow, max-snippet:-1, max-image-preview:large, max-video-preview:-1\" \/>\n<link rel=\"canonical\" href=\"https:\/\/sysmatec.ch\/de\/produit\/temperatur-und-feuchte-datenlogger-rhtemp80-rhtemp125\/\" \/>\n<meta property=\"og:locale\" content=\"de_DE\" \/>\n<meta property=\"og:type\" content=\"article\" \/>\n<meta property=\"og:title\" content=\"Temperatur und Feuchte Datenlogger RHTEMP80 &amp; RHTEMP125 - Sysmatec\" \/>\n<meta property=\"og:description\" content=\"Feuchte- und Temperaturdatenlogger f\u00fcr hohe Temperaturen bis 125\u00b0C. Sie werden in Trocknungsvorg\u00e4ngen verwendet.\" \/>\n<meta property=\"og:url\" content=\"https:\/\/sysmatec.ch\/de\/produit\/temperatur-und-feuchte-datenlogger-rhtemp80-rhtemp125\/\" \/>\n<meta property=\"og:site_name\" content=\"Sysmatec\" \/>\n<meta property=\"article:modified_time\" content=\"2022-01-21T20:38:02+00:00\" \/>\n<meta property=\"og:image\" content=\"https:\/\/sysmatec.ch\/wp-content\/uploads\/2019\/05\/Humidite_TecnosoftRHTemp.jpg\" \/>\n\t<meta property=\"og:image:width\" content=\"195\" \/>\n\t<meta property=\"og:image:height\" content=\"225\" \/>\n\t<meta property=\"og:image:type\" content=\"image\/jpeg\" \/>\n<meta name=\"twitter:card\" content=\"summary_large_image\" \/>\n<meta name=\"twitter:label1\" content=\"Gesch\u00e4tzte Lesezeit\" \/>\n\t<meta name=\"twitter:data1\" content=\"1\u00a0Minute\" \/>\n<script type=\"application\/ld+json\" class=\"yoast-schema-graph\">{\"@context\":\"https:\\\/\\\/schema.org\",\"@graph\":[{\"@type\":\"WebPage\",\"@id\":\"https:\\\/\\\/sysmatec.ch\\\/de\\\/produit\\\/temperatur-und-feuchte-datenlogger-rhtemp80-rhtemp125\\\/\",\"url\":\"https:\\\/\\\/sysmatec.ch\\\/de\\\/produit\\\/temperatur-und-feuchte-datenlogger-rhtemp80-rhtemp125\\\/\",\"name\":\"Temperatur und Feuchte Datenlogger RHTEMP80 & RHTEMP125 - Sysmatec\",\"isPartOf\":{\"@id\":\"https:\\\/\\\/sysmatec.ch\\\/de\\\/#website\"},\"primaryImageOfPage\":{\"@id\":\"https:\\\/\\\/sysmatec.ch\\\/de\\\/produit\\\/temperatur-und-feuchte-datenlogger-rhtemp80-rhtemp125\\\/#primaryimage\"},\"image\":{\"@id\":\"https:\\\/\\\/sysmatec.ch\\\/de\\\/produit\\\/temperatur-und-feuchte-datenlogger-rhtemp80-rhtemp125\\\/#primaryimage\"},\"thumbnailUrl\":\"https:\\\/\\\/sysmatec.ch\\\/wp-content\\\/uploads\\\/2019\\\/05\\\/Humidite_TecnosoftRHTemp.jpg\",\"datePublished\":\"2019-05-12T09:45:04+00:00\",\"dateModified\":\"2022-01-21T20:38:02+00:00\",\"description\":\"Feuchte- und Temperaturdatenlogger f\u00fcr hohe Temperaturen bis 125\u00b0C. Sie werden in Trocknungsvorg\u00e4ngen verwendet.\",\"breadcrumb\":{\"@id\":\"https:\\\/\\\/sysmatec.ch\\\/de\\\/produit\\\/temperatur-und-feuchte-datenlogger-rhtemp80-rhtemp125\\\/#breadcrumb\"},\"inLanguage\":\"de\",\"potentialAction\":[{\"@type\":\"ReadAction\",\"target\":[\"https:\\\/\\\/sysmatec.ch\\\/de\\\/produit\\\/temperatur-und-feuchte-datenlogger-rhtemp80-rhtemp125\\\/\"]}]},{\"@type\":\"ImageObject\",\"inLanguage\":\"de\",\"@id\":\"https:\\\/\\\/sysmatec.ch\\\/de\\\/produit\\\/temperatur-und-feuchte-datenlogger-rhtemp80-rhtemp125\\\/#primaryimage\",\"url\":\"https:\\\/\\\/sysmatec.ch\\\/wp-content\\\/uploads\\\/2019\\\/05\\\/Humidite_TecnosoftRHTemp.jpg\",\"contentUrl\":\"https:\\\/\\\/sysmatec.ch\\\/wp-content\\\/uploads\\\/2019\\\/05\\\/Humidite_TecnosoftRHTemp.jpg\",\"width\":195,\"height\":225},{\"@type\":\"BreadcrumbList\",\"@id\":\"https:\\\/\\\/sysmatec.ch\\\/de\\\/produit\\\/temperatur-und-feuchte-datenlogger-rhtemp80-rhtemp125\\\/#breadcrumb\",\"itemListElement\":[{\"@type\":\"ListItem\",\"position\":1,\"name\":\"Accueil\",\"item\":\"https:\\\/\\\/sysmatec.ch\\\/de\\\/\"},{\"@type\":\"ListItem\",\"position\":2,\"name\":\"Die Aktivit\u00e4t von Sysmatec\",\"item\":\"https:\\\/\\\/sysmatec.ch\\\/de\\\/\"},{\"@type\":\"ListItem\",\"position\":3,\"name\":\"Temperatur und Feuchte Datenlogger RHTEMP80 &#038; RHTEMP125\"}]},{\"@type\":\"WebSite\",\"@id\":\"https:\\\/\\\/sysmatec.ch\\\/de\\\/#website\",\"url\":\"https:\\\/\\\/sysmatec.ch\\\/de\\\/\",\"name\":\"Sysmatec\",\"description\":\"Equipement de laboratoire et logiciels\",\"publisher\":{\"@id\":\"https:\\\/\\\/sysmatec.ch\\\/de\\\/#organization\"},\"potentialAction\":[{\"@type\":\"SearchAction\",\"target\":{\"@type\":\"EntryPoint\",\"urlTemplate\":\"https:\\\/\\\/sysmatec.ch\\\/de\\\/?s={search_term_string}\"},\"query-input\":{\"@type\":\"PropertyValueSpecification\",\"valueRequired\":true,\"valueName\":\"search_term_string\"}}],\"inLanguage\":\"de\"},{\"@type\":\"Organization\",\"@id\":\"https:\\\/\\\/sysmatec.ch\\\/de\\\/#organization\",\"name\":\"Sysmatec\",\"url\":\"https:\\\/\\\/sysmatec.ch\\\/de\\\/\",\"logo\":{\"@type\":\"ImageObject\",\"inLanguage\":\"de\",\"@id\":\"https:\\\/\\\/sysmatec.ch\\\/de\\\/#\\\/schema\\\/logo\\\/image\\\/\",\"url\":\"https:\\\/\\\/sysmatec.ch\\\/wp-content\\\/uploads\\\/2018\\\/11\\\/LogoSysmatec.jpg\",\"contentUrl\":\"https:\\\/\\\/sysmatec.ch\\\/wp-content\\\/uploads\\\/2018\\\/11\\\/LogoSysmatec.jpg\",\"width\":301,\"height\":297,\"caption\":\"Sysmatec\"},\"image\":{\"@id\":\"https:\\\/\\\/sysmatec.ch\\\/de\\\/#\\\/schema\\\/logo\\\/image\\\/\"}}]}<\/script>\n<!-- \/ Yoast SEO plugin. -->","yoast_head_json":{"title":"Temperatur und Feuchte Datenlogger RHTEMP80 & RHTEMP125 - Sysmatec","description":"Feuchte- und Temperaturdatenlogger f\u00fcr hohe Temperaturen bis 125\u00b0C. Sie werden in Trocknungsvorg\u00e4ngen verwendet.","robots":{"index":"index","follow":"follow","max-snippet":"max-snippet:-1","max-image-preview":"max-image-preview:large","max-video-preview":"max-video-preview:-1"},"canonical":"https:\/\/sysmatec.ch\/de\/produit\/temperatur-und-feuchte-datenlogger-rhtemp80-rhtemp125\/","og_locale":"de_DE","og_type":"article","og_title":"Temperatur und Feuchte Datenlogger RHTEMP80 & RHTEMP125 - Sysmatec","og_description":"Feuchte- und Temperaturdatenlogger f\u00fcr hohe Temperaturen bis 125\u00b0C. Sie werden in Trocknungsvorg\u00e4ngen verwendet.","og_url":"https:\/\/sysmatec.ch\/de\/produit\/temperatur-und-feuchte-datenlogger-rhtemp80-rhtemp125\/","og_site_name":"Sysmatec","article_modified_time":"2022-01-21T20:38:02+00:00","og_image":[{"width":195,"height":225,"url":"https:\/\/sysmatec.ch\/wp-content\/uploads\/2019\/05\/Humidite_TecnosoftRHTemp.jpg","type":"image\/jpeg"}],"twitter_card":"summary_large_image","twitter_misc":{"Gesch\u00e4tzte Lesezeit":"1\u00a0Minute"},"schema":{"@context":"https:\/\/schema.org","@graph":[{"@type":"WebPage","@id":"https:\/\/sysmatec.ch\/de\/produit\/temperatur-und-feuchte-datenlogger-rhtemp80-rhtemp125\/","url":"https:\/\/sysmatec.ch\/de\/produit\/temperatur-und-feuchte-datenlogger-rhtemp80-rhtemp125\/","name":"Temperatur und Feuchte Datenlogger RHTEMP80 & RHTEMP125 - Sysmatec","isPartOf":{"@id":"https:\/\/sysmatec.ch\/de\/#website"},"primaryImageOfPage":{"@id":"https:\/\/sysmatec.ch\/de\/produit\/temperatur-und-feuchte-datenlogger-rhtemp80-rhtemp125\/#primaryimage"},"image":{"@id":"https:\/\/sysmatec.ch\/de\/produit\/temperatur-und-feuchte-datenlogger-rhtemp80-rhtemp125\/#primaryimage"},"thumbnailUrl":"https:\/\/sysmatec.ch\/wp-content\/uploads\/2019\/05\/Humidite_TecnosoftRHTemp.jpg","datePublished":"2019-05-12T09:45:04+00:00","dateModified":"2022-01-21T20:38:02+00:00","description":"Feuchte- und Temperaturdatenlogger f\u00fcr hohe Temperaturen bis 125\u00b0C. Sie werden in Trocknungsvorg\u00e4ngen verwendet.","breadcrumb":{"@id":"https:\/\/sysmatec.ch\/de\/produit\/temperatur-und-feuchte-datenlogger-rhtemp80-rhtemp125\/#breadcrumb"},"inLanguage":"de","potentialAction":[{"@type":"ReadAction","target":["https:\/\/sysmatec.ch\/de\/produit\/temperatur-und-feuchte-datenlogger-rhtemp80-rhtemp125\/"]}]},{"@type":"ImageObject","inLanguage":"de","@id":"https:\/\/sysmatec.ch\/de\/produit\/temperatur-und-feuchte-datenlogger-rhtemp80-rhtemp125\/#primaryimage","url":"https:\/\/sysmatec.ch\/wp-content\/uploads\/2019\/05\/Humidite_TecnosoftRHTemp.jpg","contentUrl":"https:\/\/sysmatec.ch\/wp-content\/uploads\/2019\/05\/Humidite_TecnosoftRHTemp.jpg","width":195,"height":225},{"@type":"BreadcrumbList","@id":"https:\/\/sysmatec.ch\/de\/produit\/temperatur-und-feuchte-datenlogger-rhtemp80-rhtemp125\/#breadcrumb","itemListElement":[{"@type":"ListItem","position":1,"name":"Accueil","item":"https:\/\/sysmatec.ch\/de\/"},{"@type":"ListItem","position":2,"name":"Die Aktivit\u00e4t von Sysmatec","item":"https:\/\/sysmatec.ch\/de\/"},{"@type":"ListItem","position":3,"name":"Temperatur und Feuchte Datenlogger RHTEMP80 &#038; RHTEMP125"}]},{"@type":"WebSite","@id":"https:\/\/sysmatec.ch\/de\/#website","url":"https:\/\/sysmatec.ch\/de\/","name":"Sysmatec","description":"Equipement de laboratoire et logiciels","publisher":{"@id":"https:\/\/sysmatec.ch\/de\/#organization"},"potentialAction":[{"@type":"SearchAction","target":{"@type":"EntryPoint","urlTemplate":"https:\/\/sysmatec.ch\/de\/?s={search_term_string}"},"query-input":{"@type":"PropertyValueSpecification","valueRequired":true,"valueName":"search_term_string"}}],"inLanguage":"de"},{"@type":"Organization","@id":"https:\/\/sysmatec.ch\/de\/#organization","name":"Sysmatec","url":"https:\/\/sysmatec.ch\/de\/","logo":{"@type":"ImageObject","inLanguage":"de","@id":"https:\/\/sysmatec.ch\/de\/#\/schema\/logo\/image\/","url":"https:\/\/sysmatec.ch\/wp-content\/uploads\/2018\/11\/LogoSysmatec.jpg","contentUrl":"https:\/\/sysmatec.ch\/wp-content\/uploads\/2018\/11\/LogoSysmatec.jpg","width":301,"height":297,"caption":"Sysmatec"},"image":{"@id":"https:\/\/sysmatec.ch\/de\/#\/schema\/logo\/image\/"}}]}},"_links":{"self":[{"href":"https:\/\/sysmatec.ch\/de\/wp-json\/wp\/v2\/product\/6080","targetHints":{"allow":["GET"]}}],"collection":[{"href":"https:\/\/sysmatec.ch\/de\/wp-json\/wp\/v2\/product"}],"about":[{"href":"https:\/\/sysmatec.ch\/de\/wp-json\/wp\/v2\/types\/product"}],"wp:featuredmedia":[{"embeddable":true,"href":"https:\/\/sysmatec.ch\/de\/wp-json\/wp\/v2\/media\/6078"}],"wp:attachment":[{"href":"https:\/\/sysmatec.ch\/de\/wp-json\/wp\/v2\/media?parent=6080"}],"wp:term":[{"taxonomy":"product_brand","embeddable":true,"href":"https:\/\/sysmatec.ch\/de\/wp-json\/wp\/v2\/product_brand?post=6080"},{"taxonomy":"product_cat","embeddable":true,"href":"https:\/\/sysmatec.ch\/de\/wp-json\/wp\/v2\/product_cat?post=6080"},{"taxonomy":"product_tag","embeddable":true,"href":"https:\/\/sysmatec.ch\/de\/wp-json\/wp\/v2\/product_tag?post=6080"}],"curies":[{"name":"wp","href":"https:\/\/api.w.org\/{rel}","templated":true}]}}