{"id":6074,"date":"2019-05-12T11:26:44","date_gmt":"2019-05-12T09:26:44","guid":{"rendered":"https:\/\/sysmatec.ch\/produit\/enregistreur-dhumidite-et-de-temperature-haut-de-gamme-jusqua-180c-ref-ee310\/"},"modified":"2022-01-21T21:52:03","modified_gmt":"2022-01-21T20:52:03","slug":"leistungsstarker-feuchte-und-temperatur-datenlogger-ee310","status":"publish","type":"product","link":"https:\/\/sysmatec.ch\/de\/Produkt\/leistungsstarker-feuchte-und-temperatur-datenlogger-ee310\/","title":{"rendered":"Leistungsstarker Feuchte- und Temperatur- Datenlogger EE310"},"content":{"rendered":"<p>Der Datenlogger ist f\u00fcr zuverl\u00e4ssige Messungen in anspruchsvollen Industrieumgebungen optimiert. Neben hochgenauen Messungen der relativen Feuchte und Temperatur berechnet der Messumformer auch physikalische Gr\u00f6\u00dfen wie Taupunkttemperatur, absolute Feuchte und Mischungsverh\u00e4ltnis.<\/p>\n<p>EE310 Messumformer sind als Wand- sowie Kanalversion oder mit abgesetzten Messf\u00fchlern verf\u00fcgbar. Abgesetzte F\u00fchler k\u00f6nnen bis 180 \u00b0C und druckdichte F\u00fchler bis 20 bar eingesetzt werden.<\/p>\n<h2>Datenlogger Eigenschaften<\/h2>\n<ul>\n<li type=\"disc\">Messbereich: -40 bis 180 \u00b0C, 0 bis 100 % RH<\/li>\n<li type=\"disc\">H\u00f6chste Messgenauigkeit: +\/- 0.2 \u00b0C, +\/- 1.3 % RH<\/li>\n<li type=\"disc\">Breiter Temperatureinsatzbereich<\/li>\n<li type=\"disc\">Berechnung aller Feuchte bezogenen Messgr\u00f6\u00dfen<\/li>\n<li type=\"disc\">TFT Farbdisplay mit Drucktasten<\/li>\n<li type=\"disc\">Integrierte Datenlogger-Funktion f\u00fcr 20.000 Werte pro Messgr\u00f6\u00dfe<\/li>\n<li type=\"disc\">Fehler Selbstdiagnose auf dem Display oder \u00fcber Status-LEDs<\/li>\n<li type=\"disc\">Akustische und visuelle Warnung bei Fehlern<\/li>\n<li type=\"disc\">Zwei analoge Ausg\u00e4nge und digitale Modbus RTU Schnittstelle<\/li>\n<li type=\"disc\">Robustes Polykarbonatgeh\u00e4use IP65<\/li>\n<li type=\"disc\">Modulare Geh\u00e4usekonzept f\u00fcr einfache Montage und Service<\/li>\n<li type=\"disc\">Druckdichter F\u00fchler bis 20 bar<\/li>\n<li type=\"disc\">Steckbare F\u00fchler f\u00fcr einfache Installation und schnellen Austausch<\/li>\n<li type=\"disc\">Integriertes Netzteilmodul 100&#8230;240 VAC<\/li>\n<li type=\"disc\">Zwei frei konfigurierbare Alarmausg\u00e4nge<\/li>\n<li type=\"disc\">Zwei analogue Ausg\u00e4nge (0-1V\/ 0-5 V, 0-10 V, 0-20 mA, 4-20 mA)<\/li>\n<li type=\"disc\">E+E Sensorcoating zum Schutz vor Verschmutzung und Korrosion<\/li>\n<li type=\"disc\">Einfache Justage und Konfiguration \u00fcber Display oder mittels kostenloser Software<\/li>\n<li type=\"disc\">RS485 with Modbus RTU<\/li>\n<\/ul>\n","protected":false},"excerpt":{"rendered":"<p>Leistungsstarker Feuchte- und Temperatur- Datenlogger<\/p>\n","protected":false},"featured_media":6072,"template":"","meta":{"_crdt_document":""},"product_brand":[],"product_cat":[168,175],"product_tag":[],"class_list":{"0":"post-6074","1":"product","2":"type-product","3":"status-publish","4":"has-post-thumbnail","6":"product_cat-datenlogger","7":"product_cat-feuchte","9":"first","10":"instock","11":"taxable","12":"shipping-taxable","13":"product-type-simple"},"yoast_head":"<!-- This site is optimized with the Yoast SEO plugin v27.4 - https:\/\/yoast.com\/product\/yoast-seo-wordpress\/ -->\n<title>Leistungsstarker Feuchte- und Temperatur- Datenlogger EE310 - Sysmatec<\/title>\n<meta name=\"description\" content=\"Temperatur- und Feuchtigkeitsschreiber. Es kann eine externe Feuchtigkeitssonde verwendet werden, die bis zu 180 \u00b0C betrieben werden kann.\" \/>\n<meta name=\"robots\" content=\"index, follow, max-snippet:-1, max-image-preview:large, max-video-preview:-1\" \/>\n<link rel=\"canonical\" href=\"https:\/\/sysmatec.ch\/de\/produit\/leistungsstarker-feuchte-und-temperatur-datenlogger-ee310\/\" \/>\n<meta property=\"og:locale\" content=\"de_DE\" \/>\n<meta property=\"og:type\" content=\"article\" \/>\n<meta property=\"og:title\" content=\"Leistungsstarker Feuchte- und Temperatur- Datenlogger EE310 - Sysmatec\" \/>\n<meta property=\"og:description\" content=\"Temperatur- und Feuchtigkeitsschreiber. Es kann eine externe Feuchtigkeitssonde verwendet werden, die bis zu 180 \u00b0C betrieben werden kann.\" \/>\n<meta property=\"og:url\" content=\"https:\/\/sysmatec.ch\/de\/produit\/leistungsstarker-feuchte-und-temperatur-datenlogger-ee310\/\" \/>\n<meta property=\"og:site_name\" content=\"Sysmatec\" \/>\n<meta property=\"article:modified_time\" content=\"2022-01-21T20:52:03+00:00\" \/>\n<meta property=\"og:image\" content=\"https:\/\/sysmatec.ch\/wp-content\/uploads\/2019\/05\/Humidite_EEE310.jpg\" \/>\n\t<meta property=\"og:image:width\" content=\"181\" \/>\n\t<meta property=\"og:image:height\" content=\"174\" \/>\n\t<meta property=\"og:image:type\" content=\"image\/jpeg\" \/>\n<meta name=\"twitter:card\" content=\"summary_large_image\" \/>\n<meta name=\"twitter:label1\" content=\"Gesch\u00e4tzte Lesezeit\" \/>\n\t<meta name=\"twitter:data1\" content=\"1\u00a0Minute\" \/>\n<script type=\"application\/ld+json\" class=\"yoast-schema-graph\">{\"@context\":\"https:\\\/\\\/schema.org\",\"@graph\":[{\"@type\":\"WebPage\",\"@id\":\"https:\\\/\\\/sysmatec.ch\\\/de\\\/produit\\\/leistungsstarker-feuchte-und-temperatur-datenlogger-ee310\\\/\",\"url\":\"https:\\\/\\\/sysmatec.ch\\\/de\\\/produit\\\/leistungsstarker-feuchte-und-temperatur-datenlogger-ee310\\\/\",\"name\":\"Leistungsstarker Feuchte- und Temperatur- Datenlogger EE310 - Sysmatec\",\"isPartOf\":{\"@id\":\"https:\\\/\\\/sysmatec.ch\\\/de\\\/#website\"},\"primaryImageOfPage\":{\"@id\":\"https:\\\/\\\/sysmatec.ch\\\/de\\\/produit\\\/leistungsstarker-feuchte-und-temperatur-datenlogger-ee310\\\/#primaryimage\"},\"image\":{\"@id\":\"https:\\\/\\\/sysmatec.ch\\\/de\\\/produit\\\/leistungsstarker-feuchte-und-temperatur-datenlogger-ee310\\\/#primaryimage\"},\"thumbnailUrl\":\"https:\\\/\\\/sysmatec.ch\\\/wp-content\\\/uploads\\\/2019\\\/05\\\/Humidite_EEE310.jpg\",\"datePublished\":\"2019-05-12T09:26:44+00:00\",\"dateModified\":\"2022-01-21T20:52:03+00:00\",\"description\":\"Temperatur- und Feuchtigkeitsschreiber. Es kann eine externe Feuchtigkeitssonde verwendet werden, die bis zu 180 \u00b0C betrieben werden kann.\",\"breadcrumb\":{\"@id\":\"https:\\\/\\\/sysmatec.ch\\\/de\\\/produit\\\/leistungsstarker-feuchte-und-temperatur-datenlogger-ee310\\\/#breadcrumb\"},\"inLanguage\":\"de\",\"potentialAction\":[{\"@type\":\"ReadAction\",\"target\":[\"https:\\\/\\\/sysmatec.ch\\\/de\\\/produit\\\/leistungsstarker-feuchte-und-temperatur-datenlogger-ee310\\\/\"]}]},{\"@type\":\"ImageObject\",\"inLanguage\":\"de\",\"@id\":\"https:\\\/\\\/sysmatec.ch\\\/de\\\/produit\\\/leistungsstarker-feuchte-und-temperatur-datenlogger-ee310\\\/#primaryimage\",\"url\":\"https:\\\/\\\/sysmatec.ch\\\/wp-content\\\/uploads\\\/2019\\\/05\\\/Humidite_EEE310.jpg\",\"contentUrl\":\"https:\\\/\\\/sysmatec.ch\\\/wp-content\\\/uploads\\\/2019\\\/05\\\/Humidite_EEE310.jpg\",\"width\":181,\"height\":174},{\"@type\":\"BreadcrumbList\",\"@id\":\"https:\\\/\\\/sysmatec.ch\\\/de\\\/produit\\\/leistungsstarker-feuchte-und-temperatur-datenlogger-ee310\\\/#breadcrumb\",\"itemListElement\":[{\"@type\":\"ListItem\",\"position\":1,\"name\":\"Accueil\",\"item\":\"https:\\\/\\\/sysmatec.ch\\\/de\\\/\"},{\"@type\":\"ListItem\",\"position\":2,\"name\":\"Die Aktivit\u00e4t von Sysmatec\",\"item\":\"https:\\\/\\\/sysmatec.ch\\\/de\\\/\"},{\"@type\":\"ListItem\",\"position\":3,\"name\":\"Leistungsstarker Feuchte- und Temperatur- Datenlogger EE310\"}]},{\"@type\":\"WebSite\",\"@id\":\"https:\\\/\\\/sysmatec.ch\\\/de\\\/#website\",\"url\":\"https:\\\/\\\/sysmatec.ch\\\/de\\\/\",\"name\":\"Sysmatec\",\"description\":\"Equipement de laboratoire et logiciels\",\"publisher\":{\"@id\":\"https:\\\/\\\/sysmatec.ch\\\/de\\\/#organization\"},\"potentialAction\":[{\"@type\":\"SearchAction\",\"target\":{\"@type\":\"EntryPoint\",\"urlTemplate\":\"https:\\\/\\\/sysmatec.ch\\\/de\\\/?s={search_term_string}\"},\"query-input\":{\"@type\":\"PropertyValueSpecification\",\"valueRequired\":true,\"valueName\":\"search_term_string\"}}],\"inLanguage\":\"de\"},{\"@type\":\"Organization\",\"@id\":\"https:\\\/\\\/sysmatec.ch\\\/de\\\/#organization\",\"name\":\"Sysmatec\",\"url\":\"https:\\\/\\\/sysmatec.ch\\\/de\\\/\",\"logo\":{\"@type\":\"ImageObject\",\"inLanguage\":\"de\",\"@id\":\"https:\\\/\\\/sysmatec.ch\\\/de\\\/#\\\/schema\\\/logo\\\/image\\\/\",\"url\":\"https:\\\/\\\/sysmatec.ch\\\/wp-content\\\/uploads\\\/2018\\\/11\\\/LogoSysmatec.jpg\",\"contentUrl\":\"https:\\\/\\\/sysmatec.ch\\\/wp-content\\\/uploads\\\/2018\\\/11\\\/LogoSysmatec.jpg\",\"width\":301,\"height\":297,\"caption\":\"Sysmatec\"},\"image\":{\"@id\":\"https:\\\/\\\/sysmatec.ch\\\/de\\\/#\\\/schema\\\/logo\\\/image\\\/\"}}]}<\/script>\n<!-- \/ Yoast SEO plugin. -->","yoast_head_json":{"title":"Leistungsstarker Feuchte- und Temperatur- Datenlogger EE310 - Sysmatec","description":"Temperatur- und Feuchtigkeitsschreiber. Es kann eine externe Feuchtigkeitssonde verwendet werden, die bis zu 180 \u00b0C betrieben werden kann.","robots":{"index":"index","follow":"follow","max-snippet":"max-snippet:-1","max-image-preview":"max-image-preview:large","max-video-preview":"max-video-preview:-1"},"canonical":"https:\/\/sysmatec.ch\/de\/produit\/leistungsstarker-feuchte-und-temperatur-datenlogger-ee310\/","og_locale":"de_DE","og_type":"article","og_title":"Leistungsstarker Feuchte- und Temperatur- Datenlogger EE310 - Sysmatec","og_description":"Temperatur- und Feuchtigkeitsschreiber. Es kann eine externe Feuchtigkeitssonde verwendet werden, die bis zu 180 \u00b0C betrieben werden kann.","og_url":"https:\/\/sysmatec.ch\/de\/produit\/leistungsstarker-feuchte-und-temperatur-datenlogger-ee310\/","og_site_name":"Sysmatec","article_modified_time":"2022-01-21T20:52:03+00:00","og_image":[{"width":181,"height":174,"url":"https:\/\/sysmatec.ch\/wp-content\/uploads\/2019\/05\/Humidite_EEE310.jpg","type":"image\/jpeg"}],"twitter_card":"summary_large_image","twitter_misc":{"Gesch\u00e4tzte Lesezeit":"1\u00a0Minute"},"schema":{"@context":"https:\/\/schema.org","@graph":[{"@type":"WebPage","@id":"https:\/\/sysmatec.ch\/de\/produit\/leistungsstarker-feuchte-und-temperatur-datenlogger-ee310\/","url":"https:\/\/sysmatec.ch\/de\/produit\/leistungsstarker-feuchte-und-temperatur-datenlogger-ee310\/","name":"Leistungsstarker Feuchte- und Temperatur- Datenlogger EE310 - Sysmatec","isPartOf":{"@id":"https:\/\/sysmatec.ch\/de\/#website"},"primaryImageOfPage":{"@id":"https:\/\/sysmatec.ch\/de\/produit\/leistungsstarker-feuchte-und-temperatur-datenlogger-ee310\/#primaryimage"},"image":{"@id":"https:\/\/sysmatec.ch\/de\/produit\/leistungsstarker-feuchte-und-temperatur-datenlogger-ee310\/#primaryimage"},"thumbnailUrl":"https:\/\/sysmatec.ch\/wp-content\/uploads\/2019\/05\/Humidite_EEE310.jpg","datePublished":"2019-05-12T09:26:44+00:00","dateModified":"2022-01-21T20:52:03+00:00","description":"Temperatur- und Feuchtigkeitsschreiber. Es kann eine externe Feuchtigkeitssonde verwendet werden, die bis zu 180 \u00b0C betrieben werden kann.","breadcrumb":{"@id":"https:\/\/sysmatec.ch\/de\/produit\/leistungsstarker-feuchte-und-temperatur-datenlogger-ee310\/#breadcrumb"},"inLanguage":"de","potentialAction":[{"@type":"ReadAction","target":["https:\/\/sysmatec.ch\/de\/produit\/leistungsstarker-feuchte-und-temperatur-datenlogger-ee310\/"]}]},{"@type":"ImageObject","inLanguage":"de","@id":"https:\/\/sysmatec.ch\/de\/produit\/leistungsstarker-feuchte-und-temperatur-datenlogger-ee310\/#primaryimage","url":"https:\/\/sysmatec.ch\/wp-content\/uploads\/2019\/05\/Humidite_EEE310.jpg","contentUrl":"https:\/\/sysmatec.ch\/wp-content\/uploads\/2019\/05\/Humidite_EEE310.jpg","width":181,"height":174},{"@type":"BreadcrumbList","@id":"https:\/\/sysmatec.ch\/de\/produit\/leistungsstarker-feuchte-und-temperatur-datenlogger-ee310\/#breadcrumb","itemListElement":[{"@type":"ListItem","position":1,"name":"Accueil","item":"https:\/\/sysmatec.ch\/de\/"},{"@type":"ListItem","position":2,"name":"Die Aktivit\u00e4t von Sysmatec","item":"https:\/\/sysmatec.ch\/de\/"},{"@type":"ListItem","position":3,"name":"Leistungsstarker Feuchte- und Temperatur- Datenlogger EE310"}]},{"@type":"WebSite","@id":"https:\/\/sysmatec.ch\/de\/#website","url":"https:\/\/sysmatec.ch\/de\/","name":"Sysmatec","description":"Equipement de laboratoire et logiciels","publisher":{"@id":"https:\/\/sysmatec.ch\/de\/#organization"},"potentialAction":[{"@type":"SearchAction","target":{"@type":"EntryPoint","urlTemplate":"https:\/\/sysmatec.ch\/de\/?s={search_term_string}"},"query-input":{"@type":"PropertyValueSpecification","valueRequired":true,"valueName":"search_term_string"}}],"inLanguage":"de"},{"@type":"Organization","@id":"https:\/\/sysmatec.ch\/de\/#organization","name":"Sysmatec","url":"https:\/\/sysmatec.ch\/de\/","logo":{"@type":"ImageObject","inLanguage":"de","@id":"https:\/\/sysmatec.ch\/de\/#\/schema\/logo\/image\/","url":"https:\/\/sysmatec.ch\/wp-content\/uploads\/2018\/11\/LogoSysmatec.jpg","contentUrl":"https:\/\/sysmatec.ch\/wp-content\/uploads\/2018\/11\/LogoSysmatec.jpg","width":301,"height":297,"caption":"Sysmatec"},"image":{"@id":"https:\/\/sysmatec.ch\/de\/#\/schema\/logo\/image\/"}}]}},"_links":{"self":[{"href":"https:\/\/sysmatec.ch\/de\/wp-json\/wp\/v2\/product\/6074","targetHints":{"allow":["GET"]}}],"collection":[{"href":"https:\/\/sysmatec.ch\/de\/wp-json\/wp\/v2\/product"}],"about":[{"href":"https:\/\/sysmatec.ch\/de\/wp-json\/wp\/v2\/types\/product"}],"wp:featuredmedia":[{"embeddable":true,"href":"https:\/\/sysmatec.ch\/de\/wp-json\/wp\/v2\/media\/6072"}],"wp:attachment":[{"href":"https:\/\/sysmatec.ch\/de\/wp-json\/wp\/v2\/media?parent=6074"}],"wp:term":[{"taxonomy":"product_brand","embeddable":true,"href":"https:\/\/sysmatec.ch\/de\/wp-json\/wp\/v2\/product_brand?post=6074"},{"taxonomy":"product_cat","embeddable":true,"href":"https:\/\/sysmatec.ch\/de\/wp-json\/wp\/v2\/product_cat?post=6074"},{"taxonomy":"product_tag","embeddable":true,"href":"https:\/\/sysmatec.ch\/de\/wp-json\/wp\/v2\/product_tag?post=6074"}],"curies":[{"name":"wp","href":"https:\/\/api.w.org\/{rel}","templated":true}]}}