{"id":6068,"date":"2019-05-12T11:13:41","date_gmt":"2019-05-12T09:13:41","guid":{"rendered":"https:\/\/sysmatec.ch\/produit\/enregistreur-de-temperature-et-dhumidite-tzu03\/"},"modified":"2022-01-21T21:57:55","modified_gmt":"2022-01-21T20:57:55","slug":"temperatur-und-feuchtigkeit-datenlogger-tzu03","status":"publish","type":"product","link":"https:\/\/sysmatec.ch\/de\/Produkt\/temperatur-und-feuchtigkeit-datenlogger-tzu03\/","title":{"rendered":"Temperatur- und Feuchtigkeits- Datenlogger TZU03"},"content":{"rendered":"<p>Dieser vielseitige TEMP &amp; RH PDF-Datenlogger ist das ideale Werkzeug zur \u00dcberwachung der K\u00fchlkette und zur Dokumentation der Temperatur und relativen Luftfeuchtigkeit in Laboratorien, in der Pharma-, Medizin-, Lager-, Lebensmittel- und Getr\u00e4nkeindustrie, Gefrierger\u00e4te, K\u00fchlr\u00e4ume, Versandbeh\u00e4lter, \u00dcberwachung und Lagerung von Lebensmitteln.<\/p>\n<p>Datenlogger Spezifikationen<\/p>\n<ul>\n<li type=\"disc\">Vielseitig einsetzbar<\/li>\n<li type=\"disc\">Messung und Aufzeichnung von Temperatur und Luftfeuchtigkeit<\/li>\n<li type=\"disc\">Auf dem LCD-Bildschirm verf\u00fcgbare Statistiken<\/li>\n<li type=\"disc\">Es ist keine Software erforderlich, um Daten wiederherzustellen<\/li>\n<li type=\"disc\">Generieren Sie automatisch einen PDF-Bericht und eine CSV-Datei<\/li>\n<li type=\"disc\">Software zur Konfiguration des Ger\u00e4ts (Alarme, Offset beim Start, Aufzeichnungsfrequenz, &#8230;)<\/li>\n<li type=\"disc\">Temperaturskala \u00b0 C oder \u00b0 F<\/li>\n<li type=\"disc\">Genauigkeit \u00b1 3% rF; \u00b1 0,5 \u00b0 C (-20 \u00b0 C bis + 40 \u00b0 C), \u00b1 1,0 \u00b0 C (Restbereich)<\/li>\n<li type=\"disc\">Messbereich Luftfeuchtigkeit 0% ~ 100% rF, Temperatur -30 \u00b0 C ~ 60 \u00b0 C<\/li>\n<li type=\"disc\">Aufl\u00f6sung 0,1% rF typischerweise 0,1 \u00b0 C<\/li>\n<li type=\"disc\">Speicherkapazit\u00e4t 12.000 Werte<\/li>\n<li type=\"disc\">Aufnahmeoptionen Verz\u00f6gerte Aufnahme oder durch Dr\u00fccken einer Taste<\/li>\n<li type=\"disc\">Aufnahmeintervall einstellbar von 10 Sekunden bis 18 Stunden [Standard: 10 Minuten]<\/li>\n<li type=\"disc\">Startverz\u00f6gerung Programmierbare Startverz\u00f6gerung (0 ~ 254 Minuten) [Standard: 30 Minuten]<\/li>\n<li type=\"disc\">Programmierbare Weckzeit (0 ~ 960 Minuten) [Standard: 10 Minuten]<\/li>\n<li type=\"disc\">Alarmbereich Programmierbare obere oder untere Alarmgrenzen f\u00fcr jeden Kanal, [Standard: &lt;2 \u00b0 C oder&gt; 8 \u00b0 C, &lt;40% rF oder&gt; 80% rF]<\/li>\n<li type=\"disc\">Lebensdauer \/ Akku normalerweise 1 Jahr; CR2032 3,0 V Lithiumbatterie (abh\u00e4ngig von Abtastrate und Umgebung)<\/li>\n<li type=\"disc\">Erstellen von Berichten Gleichzeitige Erzeugung von PDF-Berichten und CSV-Dateien<\/li>\n<li type=\"disc\">USB 2.0-Kommunikationsschnittstelle<\/li>\n<li type=\"disc\">UTC-Zeitzone +0: 00 (Standard)<\/li>\n<li type=\"disc\">Abmessungen 89 mm x 36 mm x 16 mm<\/li>\n<li type=\"disc\">N. W. 25 g<\/li>\n<\/ul>\n","protected":false},"excerpt":{"rendered":"<p><span class=\"VIiyi\" lang=\"de\"><span class=\"JLqJ4b ChMk0b\" data-language-for-alternatives=\"de\" data-language-to-translate-into=\"fr\" data-phrase-index=\"3\" data-number-of-phrases=\"4\">Temperatur- und Feuchtigkeitslogger mit Export im PDF- oder CSV-Format.<\/span><\/span><\/p>\n","protected":false},"featured_media":6066,"template":"","meta":{"_crdt_document":""},"product_brand":[],"product_cat":[168,175],"product_tag":[],"class_list":{"0":"post-6068","1":"product","2":"type-product","3":"status-publish","4":"has-post-thumbnail","6":"product_cat-datenlogger","7":"product_cat-feuchte","9":"first","10":"instock","11":"taxable","12":"shipping-taxable","13":"product-type-simple"},"yoast_head":"<!-- This site is optimized with the Yoast SEO plugin v27.4 - https:\/\/yoast.com\/product\/yoast-seo-wordpress\/ -->\n<title>Temperatur- und Feuchtigkeits- Datenlogger TZU03 - Sysmatec<\/title>\n<meta name=\"description\" content=\"Kosteng\u00fcnstiger Datenlogger f\u00fcr Temperatur und Luftfeuchtigkeit. Es verf\u00fcgt \u00fcber einen USB-Anschluss zur direkten \u00dcbertragung von Daten im PDF- oder CSV-Format.\" \/>\n<meta name=\"robots\" content=\"index, follow, max-snippet:-1, max-image-preview:large, max-video-preview:-1\" \/>\n<link rel=\"canonical\" href=\"https:\/\/sysmatec.ch\/de\/produit\/temperatur-und-feuchtigkeit-datenlogger-tzu03\/\" \/>\n<meta property=\"og:locale\" content=\"de_DE\" \/>\n<meta property=\"og:type\" content=\"article\" \/>\n<meta property=\"og:title\" content=\"Temperatur- und Feuchtigkeits- Datenlogger TZU03 - Sysmatec\" \/>\n<meta property=\"og:description\" content=\"Kosteng\u00fcnstiger Datenlogger f\u00fcr Temperatur und Luftfeuchtigkeit. Es verf\u00fcgt \u00fcber einen USB-Anschluss zur direkten \u00dcbertragung von Daten im PDF- oder CSV-Format.\" \/>\n<meta property=\"og:url\" content=\"https:\/\/sysmatec.ch\/de\/produit\/temperatur-und-feuchtigkeit-datenlogger-tzu03\/\" \/>\n<meta property=\"og:site_name\" content=\"Sysmatec\" \/>\n<meta property=\"article:modified_time\" content=\"2022-01-21T20:57:55+00:00\" \/>\n<meta property=\"og:image\" content=\"https:\/\/sysmatec.ch\/wp-content\/uploads\/2019\/05\/Humidite_TZoneDigitalTZU03.jpg\" \/>\n\t<meta property=\"og:image:width\" content=\"191\" \/>\n\t<meta property=\"og:image:height\" content=\"259\" \/>\n\t<meta property=\"og:image:type\" content=\"image\/jpeg\" \/>\n<meta name=\"twitter:card\" content=\"summary_large_image\" \/>\n<meta name=\"twitter:label1\" content=\"Gesch\u00e4tzte Lesezeit\" \/>\n\t<meta name=\"twitter:data1\" content=\"2\u00a0Minuten\" \/>\n<script type=\"application\/ld+json\" class=\"yoast-schema-graph\">{\"@context\":\"https:\\\/\\\/schema.org\",\"@graph\":[{\"@type\":\"WebPage\",\"@id\":\"https:\\\/\\\/sysmatec.ch\\\/de\\\/produit\\\/temperatur-und-feuchtigkeit-datenlogger-tzu03\\\/\",\"url\":\"https:\\\/\\\/sysmatec.ch\\\/de\\\/produit\\\/temperatur-und-feuchtigkeit-datenlogger-tzu03\\\/\",\"name\":\"Temperatur- und Feuchtigkeits- Datenlogger TZU03 - Sysmatec\",\"isPartOf\":{\"@id\":\"https:\\\/\\\/sysmatec.ch\\\/de\\\/#website\"},\"primaryImageOfPage\":{\"@id\":\"https:\\\/\\\/sysmatec.ch\\\/de\\\/produit\\\/temperatur-und-feuchtigkeit-datenlogger-tzu03\\\/#primaryimage\"},\"image\":{\"@id\":\"https:\\\/\\\/sysmatec.ch\\\/de\\\/produit\\\/temperatur-und-feuchtigkeit-datenlogger-tzu03\\\/#primaryimage\"},\"thumbnailUrl\":\"https:\\\/\\\/sysmatec.ch\\\/wp-content\\\/uploads\\\/2019\\\/05\\\/Humidite_TZoneDigitalTZU03.jpg\",\"datePublished\":\"2019-05-12T09:13:41+00:00\",\"dateModified\":\"2022-01-21T20:57:55+00:00\",\"description\":\"Kosteng\u00fcnstiger Datenlogger f\u00fcr Temperatur und Luftfeuchtigkeit. Es verf\u00fcgt \u00fcber einen USB-Anschluss zur direkten \u00dcbertragung von Daten im PDF- oder CSV-Format.\",\"breadcrumb\":{\"@id\":\"https:\\\/\\\/sysmatec.ch\\\/de\\\/produit\\\/temperatur-und-feuchtigkeit-datenlogger-tzu03\\\/#breadcrumb\"},\"inLanguage\":\"de\",\"potentialAction\":[{\"@type\":\"ReadAction\",\"target\":[\"https:\\\/\\\/sysmatec.ch\\\/de\\\/produit\\\/temperatur-und-feuchtigkeit-datenlogger-tzu03\\\/\"]}]},{\"@type\":\"ImageObject\",\"inLanguage\":\"de\",\"@id\":\"https:\\\/\\\/sysmatec.ch\\\/de\\\/produit\\\/temperatur-und-feuchtigkeit-datenlogger-tzu03\\\/#primaryimage\",\"url\":\"https:\\\/\\\/sysmatec.ch\\\/wp-content\\\/uploads\\\/2019\\\/05\\\/Humidite_TZoneDigitalTZU03.jpg\",\"contentUrl\":\"https:\\\/\\\/sysmatec.ch\\\/wp-content\\\/uploads\\\/2019\\\/05\\\/Humidite_TZoneDigitalTZU03.jpg\",\"width\":191,\"height\":259},{\"@type\":\"BreadcrumbList\",\"@id\":\"https:\\\/\\\/sysmatec.ch\\\/de\\\/produit\\\/temperatur-und-feuchtigkeit-datenlogger-tzu03\\\/#breadcrumb\",\"itemListElement\":[{\"@type\":\"ListItem\",\"position\":1,\"name\":\"Accueil\",\"item\":\"https:\\\/\\\/sysmatec.ch\\\/de\\\/\"},{\"@type\":\"ListItem\",\"position\":2,\"name\":\"Die Aktivit\u00e4t von Sysmatec\",\"item\":\"https:\\\/\\\/sysmatec.ch\\\/de\\\/\"},{\"@type\":\"ListItem\",\"position\":3,\"name\":\"Temperatur- und Feuchtigkeits- Datenlogger TZU03\"}]},{\"@type\":\"WebSite\",\"@id\":\"https:\\\/\\\/sysmatec.ch\\\/de\\\/#website\",\"url\":\"https:\\\/\\\/sysmatec.ch\\\/de\\\/\",\"name\":\"Sysmatec\",\"description\":\"Equipement de laboratoire et logiciels\",\"publisher\":{\"@id\":\"https:\\\/\\\/sysmatec.ch\\\/de\\\/#organization\"},\"potentialAction\":[{\"@type\":\"SearchAction\",\"target\":{\"@type\":\"EntryPoint\",\"urlTemplate\":\"https:\\\/\\\/sysmatec.ch\\\/de\\\/?s={search_term_string}\"},\"query-input\":{\"@type\":\"PropertyValueSpecification\",\"valueRequired\":true,\"valueName\":\"search_term_string\"}}],\"inLanguage\":\"de\"},{\"@type\":\"Organization\",\"@id\":\"https:\\\/\\\/sysmatec.ch\\\/de\\\/#organization\",\"name\":\"Sysmatec\",\"url\":\"https:\\\/\\\/sysmatec.ch\\\/de\\\/\",\"logo\":{\"@type\":\"ImageObject\",\"inLanguage\":\"de\",\"@id\":\"https:\\\/\\\/sysmatec.ch\\\/de\\\/#\\\/schema\\\/logo\\\/image\\\/\",\"url\":\"https:\\\/\\\/sysmatec.ch\\\/wp-content\\\/uploads\\\/2018\\\/11\\\/LogoSysmatec.jpg\",\"contentUrl\":\"https:\\\/\\\/sysmatec.ch\\\/wp-content\\\/uploads\\\/2018\\\/11\\\/LogoSysmatec.jpg\",\"width\":301,\"height\":297,\"caption\":\"Sysmatec\"},\"image\":{\"@id\":\"https:\\\/\\\/sysmatec.ch\\\/de\\\/#\\\/schema\\\/logo\\\/image\\\/\"}}]}<\/script>\n<!-- \/ Yoast SEO plugin. -->","yoast_head_json":{"title":"Temperatur- und Feuchtigkeits- Datenlogger TZU03 - Sysmatec","description":"Kosteng\u00fcnstiger Datenlogger f\u00fcr Temperatur und Luftfeuchtigkeit. Es verf\u00fcgt \u00fcber einen USB-Anschluss zur direkten \u00dcbertragung von Daten im PDF- oder CSV-Format.","robots":{"index":"index","follow":"follow","max-snippet":"max-snippet:-1","max-image-preview":"max-image-preview:large","max-video-preview":"max-video-preview:-1"},"canonical":"https:\/\/sysmatec.ch\/de\/produit\/temperatur-und-feuchtigkeit-datenlogger-tzu03\/","og_locale":"de_DE","og_type":"article","og_title":"Temperatur- und Feuchtigkeits- Datenlogger TZU03 - Sysmatec","og_description":"Kosteng\u00fcnstiger Datenlogger f\u00fcr Temperatur und Luftfeuchtigkeit. Es verf\u00fcgt \u00fcber einen USB-Anschluss zur direkten \u00dcbertragung von Daten im PDF- oder CSV-Format.","og_url":"https:\/\/sysmatec.ch\/de\/produit\/temperatur-und-feuchtigkeit-datenlogger-tzu03\/","og_site_name":"Sysmatec","article_modified_time":"2022-01-21T20:57:55+00:00","og_image":[{"width":191,"height":259,"url":"https:\/\/sysmatec.ch\/wp-content\/uploads\/2019\/05\/Humidite_TZoneDigitalTZU03.jpg","type":"image\/jpeg"}],"twitter_card":"summary_large_image","twitter_misc":{"Gesch\u00e4tzte Lesezeit":"2\u00a0Minuten"},"schema":{"@context":"https:\/\/schema.org","@graph":[{"@type":"WebPage","@id":"https:\/\/sysmatec.ch\/de\/produit\/temperatur-und-feuchtigkeit-datenlogger-tzu03\/","url":"https:\/\/sysmatec.ch\/de\/produit\/temperatur-und-feuchtigkeit-datenlogger-tzu03\/","name":"Temperatur- und Feuchtigkeits- Datenlogger TZU03 - Sysmatec","isPartOf":{"@id":"https:\/\/sysmatec.ch\/de\/#website"},"primaryImageOfPage":{"@id":"https:\/\/sysmatec.ch\/de\/produit\/temperatur-und-feuchtigkeit-datenlogger-tzu03\/#primaryimage"},"image":{"@id":"https:\/\/sysmatec.ch\/de\/produit\/temperatur-und-feuchtigkeit-datenlogger-tzu03\/#primaryimage"},"thumbnailUrl":"https:\/\/sysmatec.ch\/wp-content\/uploads\/2019\/05\/Humidite_TZoneDigitalTZU03.jpg","datePublished":"2019-05-12T09:13:41+00:00","dateModified":"2022-01-21T20:57:55+00:00","description":"Kosteng\u00fcnstiger Datenlogger f\u00fcr Temperatur und Luftfeuchtigkeit. Es verf\u00fcgt \u00fcber einen USB-Anschluss zur direkten \u00dcbertragung von Daten im PDF- oder CSV-Format.","breadcrumb":{"@id":"https:\/\/sysmatec.ch\/de\/produit\/temperatur-und-feuchtigkeit-datenlogger-tzu03\/#breadcrumb"},"inLanguage":"de","potentialAction":[{"@type":"ReadAction","target":["https:\/\/sysmatec.ch\/de\/produit\/temperatur-und-feuchtigkeit-datenlogger-tzu03\/"]}]},{"@type":"ImageObject","inLanguage":"de","@id":"https:\/\/sysmatec.ch\/de\/produit\/temperatur-und-feuchtigkeit-datenlogger-tzu03\/#primaryimage","url":"https:\/\/sysmatec.ch\/wp-content\/uploads\/2019\/05\/Humidite_TZoneDigitalTZU03.jpg","contentUrl":"https:\/\/sysmatec.ch\/wp-content\/uploads\/2019\/05\/Humidite_TZoneDigitalTZU03.jpg","width":191,"height":259},{"@type":"BreadcrumbList","@id":"https:\/\/sysmatec.ch\/de\/produit\/temperatur-und-feuchtigkeit-datenlogger-tzu03\/#breadcrumb","itemListElement":[{"@type":"ListItem","position":1,"name":"Accueil","item":"https:\/\/sysmatec.ch\/de\/"},{"@type":"ListItem","position":2,"name":"Die Aktivit\u00e4t von Sysmatec","item":"https:\/\/sysmatec.ch\/de\/"},{"@type":"ListItem","position":3,"name":"Temperatur- und Feuchtigkeits- Datenlogger TZU03"}]},{"@type":"WebSite","@id":"https:\/\/sysmatec.ch\/de\/#website","url":"https:\/\/sysmatec.ch\/de\/","name":"Sysmatec","description":"Equipement de laboratoire et logiciels","publisher":{"@id":"https:\/\/sysmatec.ch\/de\/#organization"},"potentialAction":[{"@type":"SearchAction","target":{"@type":"EntryPoint","urlTemplate":"https:\/\/sysmatec.ch\/de\/?s={search_term_string}"},"query-input":{"@type":"PropertyValueSpecification","valueRequired":true,"valueName":"search_term_string"}}],"inLanguage":"de"},{"@type":"Organization","@id":"https:\/\/sysmatec.ch\/de\/#organization","name":"Sysmatec","url":"https:\/\/sysmatec.ch\/de\/","logo":{"@type":"ImageObject","inLanguage":"de","@id":"https:\/\/sysmatec.ch\/de\/#\/schema\/logo\/image\/","url":"https:\/\/sysmatec.ch\/wp-content\/uploads\/2018\/11\/LogoSysmatec.jpg","contentUrl":"https:\/\/sysmatec.ch\/wp-content\/uploads\/2018\/11\/LogoSysmatec.jpg","width":301,"height":297,"caption":"Sysmatec"},"image":{"@id":"https:\/\/sysmatec.ch\/de\/#\/schema\/logo\/image\/"}}]}},"_links":{"self":[{"href":"https:\/\/sysmatec.ch\/de\/wp-json\/wp\/v2\/product\/6068","targetHints":{"allow":["GET"]}}],"collection":[{"href":"https:\/\/sysmatec.ch\/de\/wp-json\/wp\/v2\/product"}],"about":[{"href":"https:\/\/sysmatec.ch\/de\/wp-json\/wp\/v2\/types\/product"}],"wp:featuredmedia":[{"embeddable":true,"href":"https:\/\/sysmatec.ch\/de\/wp-json\/wp\/v2\/media\/6066"}],"wp:attachment":[{"href":"https:\/\/sysmatec.ch\/de\/wp-json\/wp\/v2\/media?parent=6068"}],"wp:term":[{"taxonomy":"product_brand","embeddable":true,"href":"https:\/\/sysmatec.ch\/de\/wp-json\/wp\/v2\/product_brand?post=6068"},{"taxonomy":"product_cat","embeddable":true,"href":"https:\/\/sysmatec.ch\/de\/wp-json\/wp\/v2\/product_cat?post=6068"},{"taxonomy":"product_tag","embeddable":true,"href":"https:\/\/sysmatec.ch\/de\/wp-json\/wp\/v2\/product_tag?post=6068"}],"curies":[{"name":"wp","href":"https:\/\/api.w.org\/{rel}","templated":true}]}}