{"id":6062,"date":"2019-05-12T11:05:25","date_gmt":"2019-05-12T09:05:25","guid":{"rendered":"https:\/\/sysmatec.ch\/produit\/enregistreur-de-temperature-et-dhumidite-minnow-2-0-th\/"},"modified":"2023-01-08T12:48:00","modified_gmt":"2023-01-08T11:48:00","slug":"temperatur-und-feuchtigkeitslogger-minnow-2-0-th","status":"publish","type":"product","link":"https:\/\/sysmatec.ch\/de\/Produkt\/temperatur-und-feuchtigkeitslogger-minnow-2-0-th\/","title":{"rendered":"Temperatur- und Feuchtigkeitslogger Minnow 2.0 TH"},"content":{"rendered":"<p>Der Minnow 2.0 ist ein Temperatur- und Feuchtigkeitslogger mit verbesserter Temperaturgenauigkeit (Standardgenauigkeit von +\/- 0.17 \u00b0 C und kalibrierter Genauigkeit von +\/- 0.07 \u00b0 C).<\/p>\n<p>Eine kostenlose Win \/ Mac-PC-Anwendung ist zur Verf\u00fcgung und die Kommunikation erfolgt \u00fcber einen USB-A-Anschluss unter der Schutzkappe.<\/p>\n<ul>\n<li type=\"disc\">Messbereich: -25 \u00b0 C bis 75 \u00b0 C \/ 0-100% RH<\/li>\n<li type=\"disc\">Aufl\u00f6sung: 0.01 \u00b0 C \/ 0.016% RH<\/li>\n<li type=\"disc\">Genauigkeit: + 0.17 \u00b0 C (0 \u00b0 C bis 50 \u00b0 C), + 3% relative Luftfeuchtigkeit (20% bis 80%), + 5% relative Luftfeuchtigkeit im \u00fcbrigen Bereich<\/li>\n<li type=\"disc\">Alarme: Hoch- und Niedrigalarme f\u00fcr alle Kan\u00e4le, M\u00f6glichkeit sie zu aktivieren oder deaktivieren, dedizierte Alarm-LED und LCD-Anzeige<\/li>\n<li type=\"disc\">Datenspeicher: 65.000 Werte f\u00fcr jeden Kanal (65K Temp + 65K Feuchte)<\/li>\n<li type=\"disc\">Aufzeichnungsintervall (1 Sekunde, 10 Sekunden, 30 Sekunden, 1 Minute, 10 Minuten, 30 Minuten oder 1 Stunde)<\/li>\n<li type=\"disc\">Startmodi: Tastendruck, Programmstart, PC-Freischaltung starten, Echtzeitaufzeichnung (direkt Anschluss am PC)<\/li>\n<li type=\"disc\">Anschl\u00fcsse: USB-A Stecker unter der Schutzabdeckung<\/li>\n<li type=\"disc\">Schutzart: IP67<\/li>\n<li type=\"disc\">Stromversorgung: 2 CR2032-Batterien, die vom Benutzer ausgetauscht werden k\u00f6nnen, mehr als 2 Jahre Autonomie, Bypass-Modus: Das Ger\u00e4t wird \u00fcber den USB-Anschluss mit Strom versorgt, wenn es an einen Computer angeschlossen wird, so wird die Batterie gespart<\/li>\n<li type=\"disc\">Abmessungen: 79 mm x 43 mm x 12 mm<\/li>\n<li type=\"disc\">Kostenlose Software in Englisch f\u00fcr IOS (Apple, Mac) und Windows<\/li>\n<\/ul>\n<p>Der Minnow 2.1 TH hat einen externen Temperatur- und Feuchtigkeitssensor. Externe Sensoren sind \u00fcber einen einzelnen Anschluss unter der Schutzabdeckung zug\u00e4nglich. Die mitgelieferte Abdeckung bietet eine gute Kabelhaltung und Schutzart IP67 f\u00fcr das Ger\u00e4t.<\/p>\n<ul>\n<li type=\"disc\">Messbereich: -40\u00b0C bis 90\u00b0C \/ 0 bis 100 % RH<\/li>\n<li type=\"disc\">Aufl\u00f6sung: 0.01 \u00b0C \/ 0.016 % RH<\/li>\n<li type=\"disc\">Genauigkeit: +0.17\u00b0C (von 5\u00b0C bis 60\u00b0C ), +3% RH (von 20% bis 80%), +5% RH ausserhalb<\/li>\n<li type=\"disc\">Kabell\u00e4nge: 2 m<\/li>\n<li type=\"disc\">Sensordurchmesser: 5 mm<\/li>\n<\/ul>\n","protected":false},"excerpt":{"rendered":"<p>Temperatur- und Feuchtigkeitslogger mit USB Stecker. F\u00fcr Mac.<\/p>\n","protected":false},"featured_media":6052,"template":"","meta":{"_crdt_document":""},"product_brand":[],"product_cat":[168,175],"product_tag":[],"class_list":{"0":"post-6062","1":"product","2":"type-product","3":"status-publish","4":"has-post-thumbnail","6":"product_cat-datenlogger","7":"product_cat-feuchte","9":"first","10":"instock","11":"taxable","12":"shipping-taxable","13":"product-type-simple"},"yoast_head":"<!-- This site is optimized with the Yoast SEO plugin v27.3 - https:\/\/yoast.com\/product\/yoast-seo-wordpress\/ -->\n<title>Temperatur- und Feuchtigkeitslogger Minnow 2.0 TH - Sysmatec<\/title>\n<meta name=\"description\" content=\"Temperature and humidity recorder. Display for the various parameters. Communication via USB connector built into the box. F\u00fcr Mac.\" \/>\n<meta name=\"robots\" content=\"index, follow, max-snippet:-1, max-image-preview:large, max-video-preview:-1\" \/>\n<link rel=\"canonical\" href=\"https:\/\/sysmatec.ch\/de\/Produkt\/temperatur-und-feuchtigkeitslogger-minnow-2-0-th\/\" \/>\n<meta property=\"og:locale\" content=\"de_DE\" \/>\n<meta property=\"og:type\" content=\"article\" \/>\n<meta property=\"og:title\" content=\"Temperatur- und Feuchtigkeitslogger Minnow 2.0 TH - Sysmatec\" \/>\n<meta property=\"og:description\" content=\"Temperature and humidity recorder. Display for the various parameters. Communication via USB connector built into the box. F\u00fcr Mac.\" \/>\n<meta property=\"og:url\" content=\"https:\/\/sysmatec.ch\/de\/Produkt\/temperatur-und-feuchtigkeitslogger-minnow-2-0-th\/\" \/>\n<meta property=\"og:site_name\" content=\"Sysmatec\" \/>\n<meta property=\"article:modified_time\" content=\"2023-01-08T11:48:00+00:00\" \/>\n<meta property=\"og:image\" content=\"https:\/\/sysmatec.ch\/wp-content\/uploads\/2019\/05\/Humidity_SenonicsMinnow2TH.jpg\" \/>\n\t<meta property=\"og:image:width\" content=\"187\" \/>\n\t<meta property=\"og:image:height\" content=\"225\" \/>\n\t<meta property=\"og:image:type\" content=\"image\/jpeg\" \/>\n<meta name=\"twitter:card\" content=\"summary_large_image\" \/>\n<meta name=\"twitter:label1\" content=\"Gesch\u00e4tzte Lesezeit\" \/>\n\t<meta name=\"twitter:data1\" content=\"2\u00a0Minuten\" \/>\n<script type=\"application\/ld+json\" class=\"yoast-schema-graph\">{\"@context\":\"https:\\\/\\\/schema.org\",\"@graph\":[{\"@type\":\"WebPage\",\"@id\":\"https:\\\/\\\/sysmatec.ch\\\/de\\\/Produkt\\\/temperatur-und-feuchtigkeitslogger-minnow-2-0-th\\\/\",\"url\":\"https:\\\/\\\/sysmatec.ch\\\/de\\\/Produkt\\\/temperatur-und-feuchtigkeitslogger-minnow-2-0-th\\\/\",\"name\":\"Temperatur- und Feuchtigkeitslogger Minnow 2.0 TH - Sysmatec\",\"isPartOf\":{\"@id\":\"https:\\\/\\\/sysmatec.ch\\\/de\\\/#website\"},\"primaryImageOfPage\":{\"@id\":\"https:\\\/\\\/sysmatec.ch\\\/de\\\/Produkt\\\/temperatur-und-feuchtigkeitslogger-minnow-2-0-th\\\/#primaryimage\"},\"image\":{\"@id\":\"https:\\\/\\\/sysmatec.ch\\\/de\\\/Produkt\\\/temperatur-und-feuchtigkeitslogger-minnow-2-0-th\\\/#primaryimage\"},\"thumbnailUrl\":\"https:\\\/\\\/sysmatec.ch\\\/wp-content\\\/uploads\\\/2019\\\/05\\\/Humidity_SenonicsMinnow2TH.jpg\",\"datePublished\":\"2019-05-12T09:05:25+00:00\",\"dateModified\":\"2023-01-08T11:48:00+00:00\",\"description\":\"Temperature and humidity recorder. Display for the various parameters. Communication via USB connector built into the box. F\u00fcr Mac.\",\"breadcrumb\":{\"@id\":\"https:\\\/\\\/sysmatec.ch\\\/de\\\/Produkt\\\/temperatur-und-feuchtigkeitslogger-minnow-2-0-th\\\/#breadcrumb\"},\"inLanguage\":\"de\",\"potentialAction\":[{\"@type\":\"ReadAction\",\"target\":[\"https:\\\/\\\/sysmatec.ch\\\/de\\\/Produkt\\\/temperatur-und-feuchtigkeitslogger-minnow-2-0-th\\\/\"]}]},{\"@type\":\"ImageObject\",\"inLanguage\":\"de\",\"@id\":\"https:\\\/\\\/sysmatec.ch\\\/de\\\/Produkt\\\/temperatur-und-feuchtigkeitslogger-minnow-2-0-th\\\/#primaryimage\",\"url\":\"https:\\\/\\\/sysmatec.ch\\\/wp-content\\\/uploads\\\/2019\\\/05\\\/Humidity_SenonicsMinnow2TH.jpg\",\"contentUrl\":\"https:\\\/\\\/sysmatec.ch\\\/wp-content\\\/uploads\\\/2019\\\/05\\\/Humidity_SenonicsMinnow2TH.jpg\",\"width\":187,\"height\":225},{\"@type\":\"BreadcrumbList\",\"@id\":\"https:\\\/\\\/sysmatec.ch\\\/de\\\/Produkt\\\/temperatur-und-feuchtigkeitslogger-minnow-2-0-th\\\/#breadcrumb\",\"itemListElement\":[{\"@type\":\"ListItem\",\"position\":1,\"name\":\"Accueil\",\"item\":\"https:\\\/\\\/sysmatec.ch\\\/de\\\/\"},{\"@type\":\"ListItem\",\"position\":2,\"name\":\"Die Aktivit\u00e4t von Sysmatec\",\"item\":\"https:\\\/\\\/sysmatec.ch\\\/de\\\/\"},{\"@type\":\"ListItem\",\"position\":3,\"name\":\"Temperatur- und Feuchtigkeitslogger Minnow 2.0 TH\"}]},{\"@type\":\"WebSite\",\"@id\":\"https:\\\/\\\/sysmatec.ch\\\/de\\\/#website\",\"url\":\"https:\\\/\\\/sysmatec.ch\\\/de\\\/\",\"name\":\"Sysmatec\",\"description\":\"Equipement de laboratoire et logiciels\",\"publisher\":{\"@id\":\"https:\\\/\\\/sysmatec.ch\\\/de\\\/#organization\"},\"potentialAction\":[{\"@type\":\"SearchAction\",\"target\":{\"@type\":\"EntryPoint\",\"urlTemplate\":\"https:\\\/\\\/sysmatec.ch\\\/de\\\/?s={search_term_string}\"},\"query-input\":{\"@type\":\"PropertyValueSpecification\",\"valueRequired\":true,\"valueName\":\"search_term_string\"}}],\"inLanguage\":\"de\"},{\"@type\":\"Organization\",\"@id\":\"https:\\\/\\\/sysmatec.ch\\\/de\\\/#organization\",\"name\":\"Sysmatec\",\"url\":\"https:\\\/\\\/sysmatec.ch\\\/de\\\/\",\"logo\":{\"@type\":\"ImageObject\",\"inLanguage\":\"de\",\"@id\":\"https:\\\/\\\/sysmatec.ch\\\/de\\\/#\\\/schema\\\/logo\\\/image\\\/\",\"url\":\"https:\\\/\\\/sysmatec.ch\\\/wp-content\\\/uploads\\\/2018\\\/11\\\/LogoSysmatec.jpg\",\"contentUrl\":\"https:\\\/\\\/sysmatec.ch\\\/wp-content\\\/uploads\\\/2018\\\/11\\\/LogoSysmatec.jpg\",\"width\":301,\"height\":297,\"caption\":\"Sysmatec\"},\"image\":{\"@id\":\"https:\\\/\\\/sysmatec.ch\\\/de\\\/#\\\/schema\\\/logo\\\/image\\\/\"}}]}<\/script>\n<!-- \/ Yoast SEO plugin. -->","yoast_head_json":{"title":"Temperatur- und Feuchtigkeitslogger Minnow 2.0 TH - Sysmatec","description":"Temperature and humidity recorder. Display for the various parameters. Communication via USB connector built into the box. F\u00fcr Mac.","robots":{"index":"index","follow":"follow","max-snippet":"max-snippet:-1","max-image-preview":"max-image-preview:large","max-video-preview":"max-video-preview:-1"},"canonical":"https:\/\/sysmatec.ch\/de\/Produkt\/temperatur-und-feuchtigkeitslogger-minnow-2-0-th\/","og_locale":"de_DE","og_type":"article","og_title":"Temperatur- und Feuchtigkeitslogger Minnow 2.0 TH - Sysmatec","og_description":"Temperature and humidity recorder. Display for the various parameters. Communication via USB connector built into the box. F\u00fcr Mac.","og_url":"https:\/\/sysmatec.ch\/de\/Produkt\/temperatur-und-feuchtigkeitslogger-minnow-2-0-th\/","og_site_name":"Sysmatec","article_modified_time":"2023-01-08T11:48:00+00:00","og_image":[{"width":187,"height":225,"url":"https:\/\/sysmatec.ch\/wp-content\/uploads\/2019\/05\/Humidity_SenonicsMinnow2TH.jpg","type":"image\/jpeg"}],"twitter_card":"summary_large_image","twitter_misc":{"Gesch\u00e4tzte Lesezeit":"2\u00a0Minuten"},"schema":{"@context":"https:\/\/schema.org","@graph":[{"@type":"WebPage","@id":"https:\/\/sysmatec.ch\/de\/Produkt\/temperatur-und-feuchtigkeitslogger-minnow-2-0-th\/","url":"https:\/\/sysmatec.ch\/de\/Produkt\/temperatur-und-feuchtigkeitslogger-minnow-2-0-th\/","name":"Temperatur- und Feuchtigkeitslogger Minnow 2.0 TH - Sysmatec","isPartOf":{"@id":"https:\/\/sysmatec.ch\/de\/#website"},"primaryImageOfPage":{"@id":"https:\/\/sysmatec.ch\/de\/Produkt\/temperatur-und-feuchtigkeitslogger-minnow-2-0-th\/#primaryimage"},"image":{"@id":"https:\/\/sysmatec.ch\/de\/Produkt\/temperatur-und-feuchtigkeitslogger-minnow-2-0-th\/#primaryimage"},"thumbnailUrl":"https:\/\/sysmatec.ch\/wp-content\/uploads\/2019\/05\/Humidity_SenonicsMinnow2TH.jpg","datePublished":"2019-05-12T09:05:25+00:00","dateModified":"2023-01-08T11:48:00+00:00","description":"Temperature and humidity recorder. Display for the various parameters. Communication via USB connector built into the box. F\u00fcr Mac.","breadcrumb":{"@id":"https:\/\/sysmatec.ch\/de\/Produkt\/temperatur-und-feuchtigkeitslogger-minnow-2-0-th\/#breadcrumb"},"inLanguage":"de","potentialAction":[{"@type":"ReadAction","target":["https:\/\/sysmatec.ch\/de\/Produkt\/temperatur-und-feuchtigkeitslogger-minnow-2-0-th\/"]}]},{"@type":"ImageObject","inLanguage":"de","@id":"https:\/\/sysmatec.ch\/de\/Produkt\/temperatur-und-feuchtigkeitslogger-minnow-2-0-th\/#primaryimage","url":"https:\/\/sysmatec.ch\/wp-content\/uploads\/2019\/05\/Humidity_SenonicsMinnow2TH.jpg","contentUrl":"https:\/\/sysmatec.ch\/wp-content\/uploads\/2019\/05\/Humidity_SenonicsMinnow2TH.jpg","width":187,"height":225},{"@type":"BreadcrumbList","@id":"https:\/\/sysmatec.ch\/de\/Produkt\/temperatur-und-feuchtigkeitslogger-minnow-2-0-th\/#breadcrumb","itemListElement":[{"@type":"ListItem","position":1,"name":"Accueil","item":"https:\/\/sysmatec.ch\/de\/"},{"@type":"ListItem","position":2,"name":"Die Aktivit\u00e4t von Sysmatec","item":"https:\/\/sysmatec.ch\/de\/"},{"@type":"ListItem","position":3,"name":"Temperatur- und Feuchtigkeitslogger Minnow 2.0 TH"}]},{"@type":"WebSite","@id":"https:\/\/sysmatec.ch\/de\/#website","url":"https:\/\/sysmatec.ch\/de\/","name":"Sysmatec","description":"Equipement de laboratoire et logiciels","publisher":{"@id":"https:\/\/sysmatec.ch\/de\/#organization"},"potentialAction":[{"@type":"SearchAction","target":{"@type":"EntryPoint","urlTemplate":"https:\/\/sysmatec.ch\/de\/?s={search_term_string}"},"query-input":{"@type":"PropertyValueSpecification","valueRequired":true,"valueName":"search_term_string"}}],"inLanguage":"de"},{"@type":"Organization","@id":"https:\/\/sysmatec.ch\/de\/#organization","name":"Sysmatec","url":"https:\/\/sysmatec.ch\/de\/","logo":{"@type":"ImageObject","inLanguage":"de","@id":"https:\/\/sysmatec.ch\/de\/#\/schema\/logo\/image\/","url":"https:\/\/sysmatec.ch\/wp-content\/uploads\/2018\/11\/LogoSysmatec.jpg","contentUrl":"https:\/\/sysmatec.ch\/wp-content\/uploads\/2018\/11\/LogoSysmatec.jpg","width":301,"height":297,"caption":"Sysmatec"},"image":{"@id":"https:\/\/sysmatec.ch\/de\/#\/schema\/logo\/image\/"}}]}},"_links":{"self":[{"href":"https:\/\/sysmatec.ch\/de\/wp-json\/wp\/v2\/product\/6062","targetHints":{"allow":["GET"]}}],"collection":[{"href":"https:\/\/sysmatec.ch\/de\/wp-json\/wp\/v2\/product"}],"about":[{"href":"https:\/\/sysmatec.ch\/de\/wp-json\/wp\/v2\/types\/product"}],"wp:featuredmedia":[{"embeddable":true,"href":"https:\/\/sysmatec.ch\/de\/wp-json\/wp\/v2\/media\/6052"}],"wp:attachment":[{"href":"https:\/\/sysmatec.ch\/de\/wp-json\/wp\/v2\/media?parent=6062"}],"wp:term":[{"taxonomy":"product_brand","embeddable":true,"href":"https:\/\/sysmatec.ch\/de\/wp-json\/wp\/v2\/product_brand?post=6062"},{"taxonomy":"product_cat","embeddable":true,"href":"https:\/\/sysmatec.ch\/de\/wp-json\/wp\/v2\/product_cat?post=6062"},{"taxonomy":"product_tag","embeddable":true,"href":"https:\/\/sysmatec.ch\/de\/wp-json\/wp\/v2\/product_tag?post=6062"}],"curies":[{"name":"wp","href":"https:\/\/api.w.org\/{rel}","templated":true}]}}