{"id":6057,"date":"2019-05-12T10:54:18","date_gmt":"2019-05-12T08:54:18","guid":{"rendered":"https:\/\/sysmatec.ch\/produit\/temperature-and-humidity-data-logger-minnow-1-th\/"},"modified":"2023-01-08T12:49:13","modified_gmt":"2023-01-08T11:49:13","slug":"temperatur-und-feuchte-datenlogger-minnow-th","status":"publish","type":"product","link":"https:\/\/sysmatec.ch\/de\/Produkt\/temperatur-und-feuchte-datenlogger-minnow-th\/","title":{"rendered":"Temperatur-und Feuchte-Datenlogger MINNOW TH"},"content":{"rendered":"<p>Der Minnow ist ein tragbarer, batteriebetriebener, Temperatur-und Feuchte-Datenlogger, der bis zu 65 520 Temperatur und Feuchtigkeit Eintr\u00e4ge mit einem Zeitstempel speichern kann.<\/p>\n<ul>\n<li type=\"disc\">Temperaturbereich: -30 \u00b0 C bis 80 \u00b0 C<\/li>\n<li type=\"disc\">Aufl\u00f6sung: 0.01 \u00b0 C<\/li>\n<li type=\"disc\">Genauigkeit: +\/-0.3 \u00b0 C (5 bis 60 \u00b0 C) sonst +\/-1.0 \u00b0 C<\/li>\n<li type=\"disc\">Feuchtebereich: 0% bis 100% rF<\/li>\n<li type=\"disc\">Aufl\u00f6sung: 0.01% rF<\/li>\n<li type=\"disc\">Genauigkeit: +\/-2% (20% bis 80% RH), +\/-5% ansonsten<\/li>\n<li type=\"disc\">Run-Modi: Starten bei einer Taste dr\u00fccken, beginnen bei geplanter Zeit, Starten bei der USB Schnittstelle Enfernung, Echtzeit-Protokollierung (zeigt Echtzeit-Daten, wenn er angeschlossen ist).<\/li>\n<li type=\"disc\">Leistung: CR2450 austauschbare Batterie, bis zu 4 Jahre Batterielebensdauer w\u00e4hrend der Aufzeichnung<\/li>\n<li type=\"disc\">Abmessungen: 53mm x 33mm x 15mm<\/li>\n<li type=\"disc\">USB-Kabel mit dem Ger\u00e4t geliefert<\/li>\n<li type=\"disc\">Kostenlose Software in Englisch f\u00fcr IOS (Apple, Mac) und Windows<\/li>\n<\/ul>\n<p>Anwendungen<\/p>\n<ul>\n<li type=\"disc\">Lebensmittel K\u00fchl-und Gefrierschr\u00e4nke<\/li>\n<li type=\"disc\">Impfstoff K\u00fchlschr\u00e4nke<\/li>\n<li type=\"disc\">K\u00fchlkette Transport<\/li>\n<li type=\"disc\">Medizinische Lagerung<\/li>\n<li type=\"disc\">Klimaanlage und Heizung<\/li>\n<li type=\"disc\">Tier-und Viehtransport<\/li>\n<li type=\"disc\">Temperatur-Mapping<\/li>\n<\/ul>\n","protected":false},"excerpt":{"rendered":"<p>Temperatur-und Feuchte-Datenlogger mit USB Kommunikation. F\u00fcr Mac.<\/p>\n","protected":false},"featured_media":6055,"template":"","meta":{"_crdt_document":""},"product_brand":[],"product_cat":[168,175],"product_tag":[],"class_list":{"0":"post-6057","1":"product","2":"type-product","3":"status-publish","4":"has-post-thumbnail","6":"product_cat-datenlogger","7":"product_cat-feuchte","9":"first","10":"instock","11":"taxable","12":"shipping-taxable","13":"product-type-simple"},"yoast_head":"<!-- This site is optimized with the Yoast SEO plugin v27.3 - https:\/\/yoast.com\/product\/yoast-seo-wordpress\/ -->\n<title>Temperatur-und Feuchte-Datenlogger MINNOW TH - Sysmatec<\/title>\n<meta name=\"description\" content=\"Sehr kompakter Datenlogger f\u00fcr Temperatur und Luftfeuchtigkeit. Kommunikation \u00fcber mitgeliefertes USB-Kabel. Ideal f\u00fcr die K\u00fchlkette. F\u00fcr Mac.\" \/>\n<meta name=\"robots\" content=\"index, follow, max-snippet:-1, max-image-preview:large, max-video-preview:-1\" \/>\n<link rel=\"canonical\" href=\"https:\/\/sysmatec.ch\/de\/Produkt\/temperatur-und-feuchte-datenlogger-minnow-th\/\" \/>\n<meta property=\"og:locale\" content=\"de_DE\" \/>\n<meta property=\"og:type\" content=\"article\" \/>\n<meta property=\"og:title\" content=\"Temperatur-und Feuchte-Datenlogger MINNOW TH - Sysmatec\" \/>\n<meta property=\"og:description\" content=\"Sehr kompakter Datenlogger f\u00fcr Temperatur und Luftfeuchtigkeit. Kommunikation \u00fcber mitgeliefertes USB-Kabel. Ideal f\u00fcr die K\u00fchlkette. F\u00fcr Mac.\" \/>\n<meta property=\"og:url\" content=\"https:\/\/sysmatec.ch\/de\/Produkt\/temperatur-und-feuchte-datenlogger-minnow-th\/\" \/>\n<meta property=\"og:site_name\" content=\"Sysmatec\" \/>\n<meta property=\"article:modified_time\" content=\"2023-01-08T11:49:13+00:00\" \/>\n<meta property=\"og:image\" content=\"https:\/\/sysmatec.ch\/wp-content\/uploads\/2019\/05\/Humidity_SenonicsMinnowT.jpg\" \/>\n\t<meta property=\"og:image:width\" content=\"180\" \/>\n\t<meta property=\"og:image:height\" content=\"180\" \/>\n\t<meta property=\"og:image:type\" content=\"image\/jpeg\" \/>\n<meta name=\"twitter:card\" content=\"summary_large_image\" \/>\n<meta name=\"twitter:label1\" content=\"Gesch\u00e4tzte Lesezeit\" \/>\n\t<meta name=\"twitter:data1\" content=\"1\u00a0Minute\" \/>\n<script type=\"application\/ld+json\" class=\"yoast-schema-graph\">{\"@context\":\"https:\\\/\\\/schema.org\",\"@graph\":[{\"@type\":\"WebPage\",\"@id\":\"https:\\\/\\\/sysmatec.ch\\\/de\\\/Produkt\\\/temperatur-und-feuchte-datenlogger-minnow-th\\\/\",\"url\":\"https:\\\/\\\/sysmatec.ch\\\/de\\\/Produkt\\\/temperatur-und-feuchte-datenlogger-minnow-th\\\/\",\"name\":\"Temperatur-und Feuchte-Datenlogger MINNOW TH - Sysmatec\",\"isPartOf\":{\"@id\":\"https:\\\/\\\/sysmatec.ch\\\/de\\\/#website\"},\"primaryImageOfPage\":{\"@id\":\"https:\\\/\\\/sysmatec.ch\\\/de\\\/Produkt\\\/temperatur-und-feuchte-datenlogger-minnow-th\\\/#primaryimage\"},\"image\":{\"@id\":\"https:\\\/\\\/sysmatec.ch\\\/de\\\/Produkt\\\/temperatur-und-feuchte-datenlogger-minnow-th\\\/#primaryimage\"},\"thumbnailUrl\":\"https:\\\/\\\/sysmatec.ch\\\/wp-content\\\/uploads\\\/2019\\\/05\\\/Humidity_SenonicsMinnowT.jpg\",\"datePublished\":\"2019-05-12T08:54:18+00:00\",\"dateModified\":\"2023-01-08T11:49:13+00:00\",\"description\":\"Sehr kompakter Datenlogger f\u00fcr Temperatur und Luftfeuchtigkeit. Kommunikation \u00fcber mitgeliefertes USB-Kabel. Ideal f\u00fcr die K\u00fchlkette. F\u00fcr Mac.\",\"breadcrumb\":{\"@id\":\"https:\\\/\\\/sysmatec.ch\\\/de\\\/Produkt\\\/temperatur-und-feuchte-datenlogger-minnow-th\\\/#breadcrumb\"},\"inLanguage\":\"de\",\"potentialAction\":[{\"@type\":\"ReadAction\",\"target\":[\"https:\\\/\\\/sysmatec.ch\\\/de\\\/Produkt\\\/temperatur-und-feuchte-datenlogger-minnow-th\\\/\"]}]},{\"@type\":\"ImageObject\",\"inLanguage\":\"de\",\"@id\":\"https:\\\/\\\/sysmatec.ch\\\/de\\\/Produkt\\\/temperatur-und-feuchte-datenlogger-minnow-th\\\/#primaryimage\",\"url\":\"https:\\\/\\\/sysmatec.ch\\\/wp-content\\\/uploads\\\/2019\\\/05\\\/Humidity_SenonicsMinnowT.jpg\",\"contentUrl\":\"https:\\\/\\\/sysmatec.ch\\\/wp-content\\\/uploads\\\/2019\\\/05\\\/Humidity_SenonicsMinnowT.jpg\",\"width\":180,\"height\":180},{\"@type\":\"BreadcrumbList\",\"@id\":\"https:\\\/\\\/sysmatec.ch\\\/de\\\/Produkt\\\/temperatur-und-feuchte-datenlogger-minnow-th\\\/#breadcrumb\",\"itemListElement\":[{\"@type\":\"ListItem\",\"position\":1,\"name\":\"Accueil\",\"item\":\"https:\\\/\\\/sysmatec.ch\\\/de\\\/\"},{\"@type\":\"ListItem\",\"position\":2,\"name\":\"Die Aktivit\u00e4t von Sysmatec\",\"item\":\"https:\\\/\\\/sysmatec.ch\\\/de\\\/\"},{\"@type\":\"ListItem\",\"position\":3,\"name\":\"Temperatur-und Feuchte-Datenlogger MINNOW TH\"}]},{\"@type\":\"WebSite\",\"@id\":\"https:\\\/\\\/sysmatec.ch\\\/de\\\/#website\",\"url\":\"https:\\\/\\\/sysmatec.ch\\\/de\\\/\",\"name\":\"Sysmatec\",\"description\":\"Equipement de laboratoire et logiciels\",\"publisher\":{\"@id\":\"https:\\\/\\\/sysmatec.ch\\\/de\\\/#organization\"},\"potentialAction\":[{\"@type\":\"SearchAction\",\"target\":{\"@type\":\"EntryPoint\",\"urlTemplate\":\"https:\\\/\\\/sysmatec.ch\\\/de\\\/?s={search_term_string}\"},\"query-input\":{\"@type\":\"PropertyValueSpecification\",\"valueRequired\":true,\"valueName\":\"search_term_string\"}}],\"inLanguage\":\"de\"},{\"@type\":\"Organization\",\"@id\":\"https:\\\/\\\/sysmatec.ch\\\/de\\\/#organization\",\"name\":\"Sysmatec\",\"url\":\"https:\\\/\\\/sysmatec.ch\\\/de\\\/\",\"logo\":{\"@type\":\"ImageObject\",\"inLanguage\":\"de\",\"@id\":\"https:\\\/\\\/sysmatec.ch\\\/de\\\/#\\\/schema\\\/logo\\\/image\\\/\",\"url\":\"https:\\\/\\\/sysmatec.ch\\\/wp-content\\\/uploads\\\/2018\\\/11\\\/LogoSysmatec.jpg\",\"contentUrl\":\"https:\\\/\\\/sysmatec.ch\\\/wp-content\\\/uploads\\\/2018\\\/11\\\/LogoSysmatec.jpg\",\"width\":301,\"height\":297,\"caption\":\"Sysmatec\"},\"image\":{\"@id\":\"https:\\\/\\\/sysmatec.ch\\\/de\\\/#\\\/schema\\\/logo\\\/image\\\/\"}}]}<\/script>\n<!-- \/ Yoast SEO plugin. -->","yoast_head_json":{"title":"Temperatur-und Feuchte-Datenlogger MINNOW TH - Sysmatec","description":"Sehr kompakter Datenlogger f\u00fcr Temperatur und Luftfeuchtigkeit. Kommunikation \u00fcber mitgeliefertes USB-Kabel. Ideal f\u00fcr die K\u00fchlkette. F\u00fcr Mac.","robots":{"index":"index","follow":"follow","max-snippet":"max-snippet:-1","max-image-preview":"max-image-preview:large","max-video-preview":"max-video-preview:-1"},"canonical":"https:\/\/sysmatec.ch\/de\/Produkt\/temperatur-und-feuchte-datenlogger-minnow-th\/","og_locale":"de_DE","og_type":"article","og_title":"Temperatur-und Feuchte-Datenlogger MINNOW TH - Sysmatec","og_description":"Sehr kompakter Datenlogger f\u00fcr Temperatur und Luftfeuchtigkeit. Kommunikation \u00fcber mitgeliefertes USB-Kabel. Ideal f\u00fcr die K\u00fchlkette. F\u00fcr Mac.","og_url":"https:\/\/sysmatec.ch\/de\/Produkt\/temperatur-und-feuchte-datenlogger-minnow-th\/","og_site_name":"Sysmatec","article_modified_time":"2023-01-08T11:49:13+00:00","og_image":[{"width":180,"height":180,"url":"https:\/\/sysmatec.ch\/wp-content\/uploads\/2019\/05\/Humidity_SenonicsMinnowT.jpg","type":"image\/jpeg"}],"twitter_card":"summary_large_image","twitter_misc":{"Gesch\u00e4tzte Lesezeit":"1\u00a0Minute"},"schema":{"@context":"https:\/\/schema.org","@graph":[{"@type":"WebPage","@id":"https:\/\/sysmatec.ch\/de\/Produkt\/temperatur-und-feuchte-datenlogger-minnow-th\/","url":"https:\/\/sysmatec.ch\/de\/Produkt\/temperatur-und-feuchte-datenlogger-minnow-th\/","name":"Temperatur-und Feuchte-Datenlogger MINNOW TH - Sysmatec","isPartOf":{"@id":"https:\/\/sysmatec.ch\/de\/#website"},"primaryImageOfPage":{"@id":"https:\/\/sysmatec.ch\/de\/Produkt\/temperatur-und-feuchte-datenlogger-minnow-th\/#primaryimage"},"image":{"@id":"https:\/\/sysmatec.ch\/de\/Produkt\/temperatur-und-feuchte-datenlogger-minnow-th\/#primaryimage"},"thumbnailUrl":"https:\/\/sysmatec.ch\/wp-content\/uploads\/2019\/05\/Humidity_SenonicsMinnowT.jpg","datePublished":"2019-05-12T08:54:18+00:00","dateModified":"2023-01-08T11:49:13+00:00","description":"Sehr kompakter Datenlogger f\u00fcr Temperatur und Luftfeuchtigkeit. Kommunikation \u00fcber mitgeliefertes USB-Kabel. Ideal f\u00fcr die K\u00fchlkette. F\u00fcr Mac.","breadcrumb":{"@id":"https:\/\/sysmatec.ch\/de\/Produkt\/temperatur-und-feuchte-datenlogger-minnow-th\/#breadcrumb"},"inLanguage":"de","potentialAction":[{"@type":"ReadAction","target":["https:\/\/sysmatec.ch\/de\/Produkt\/temperatur-und-feuchte-datenlogger-minnow-th\/"]}]},{"@type":"ImageObject","inLanguage":"de","@id":"https:\/\/sysmatec.ch\/de\/Produkt\/temperatur-und-feuchte-datenlogger-minnow-th\/#primaryimage","url":"https:\/\/sysmatec.ch\/wp-content\/uploads\/2019\/05\/Humidity_SenonicsMinnowT.jpg","contentUrl":"https:\/\/sysmatec.ch\/wp-content\/uploads\/2019\/05\/Humidity_SenonicsMinnowT.jpg","width":180,"height":180},{"@type":"BreadcrumbList","@id":"https:\/\/sysmatec.ch\/de\/Produkt\/temperatur-und-feuchte-datenlogger-minnow-th\/#breadcrumb","itemListElement":[{"@type":"ListItem","position":1,"name":"Accueil","item":"https:\/\/sysmatec.ch\/de\/"},{"@type":"ListItem","position":2,"name":"Die Aktivit\u00e4t von Sysmatec","item":"https:\/\/sysmatec.ch\/de\/"},{"@type":"ListItem","position":3,"name":"Temperatur-und Feuchte-Datenlogger MINNOW TH"}]},{"@type":"WebSite","@id":"https:\/\/sysmatec.ch\/de\/#website","url":"https:\/\/sysmatec.ch\/de\/","name":"Sysmatec","description":"Equipement de laboratoire et logiciels","publisher":{"@id":"https:\/\/sysmatec.ch\/de\/#organization"},"potentialAction":[{"@type":"SearchAction","target":{"@type":"EntryPoint","urlTemplate":"https:\/\/sysmatec.ch\/de\/?s={search_term_string}"},"query-input":{"@type":"PropertyValueSpecification","valueRequired":true,"valueName":"search_term_string"}}],"inLanguage":"de"},{"@type":"Organization","@id":"https:\/\/sysmatec.ch\/de\/#organization","name":"Sysmatec","url":"https:\/\/sysmatec.ch\/de\/","logo":{"@type":"ImageObject","inLanguage":"de","@id":"https:\/\/sysmatec.ch\/de\/#\/schema\/logo\/image\/","url":"https:\/\/sysmatec.ch\/wp-content\/uploads\/2018\/11\/LogoSysmatec.jpg","contentUrl":"https:\/\/sysmatec.ch\/wp-content\/uploads\/2018\/11\/LogoSysmatec.jpg","width":301,"height":297,"caption":"Sysmatec"},"image":{"@id":"https:\/\/sysmatec.ch\/de\/#\/schema\/logo\/image\/"}}]}},"_links":{"self":[{"href":"https:\/\/sysmatec.ch\/de\/wp-json\/wp\/v2\/product\/6057","targetHints":{"allow":["GET"]}}],"collection":[{"href":"https:\/\/sysmatec.ch\/de\/wp-json\/wp\/v2\/product"}],"about":[{"href":"https:\/\/sysmatec.ch\/de\/wp-json\/wp\/v2\/types\/product"}],"wp:featuredmedia":[{"embeddable":true,"href":"https:\/\/sysmatec.ch\/de\/wp-json\/wp\/v2\/media\/6055"}],"wp:attachment":[{"href":"https:\/\/sysmatec.ch\/de\/wp-json\/wp\/v2\/media?parent=6057"}],"wp:term":[{"taxonomy":"product_brand","embeddable":true,"href":"https:\/\/sysmatec.ch\/de\/wp-json\/wp\/v2\/product_brand?post=6057"},{"taxonomy":"product_cat","embeddable":true,"href":"https:\/\/sysmatec.ch\/de\/wp-json\/wp\/v2\/product_cat?post=6057"},{"taxonomy":"product_tag","embeddable":true,"href":"https:\/\/sysmatec.ch\/de\/wp-json\/wp\/v2\/product_tag?post=6057"}],"curies":[{"name":"wp","href":"https:\/\/api.w.org\/{rel}","templated":true}]}}