{"id":6008,"date":"2019-05-11T16:26:03","date_gmt":"2019-05-11T14:26:03","guid":{"rendered":"https:\/\/sysmatec.ch\/produit\/enregistreur-de-temperature-et-humidite-fh625\/"},"modified":"2022-01-22T18:47:14","modified_gmt":"2022-01-22T17:47:14","slug":"feuchte-datenlogger-fh625-2","status":"publish","type":"product","link":"https:\/\/sysmatec.ch\/de\/Produkt\/feuchte-datenlogger-fh625-2\/","title":{"rendered":"Feuchte Datenlogger FH625"},"content":{"rendered":"<ul>\n<li>Neu: Benutzer austauschbar und kalibrierter Temperaturf\u00fchler (Ref. R300). Der Logger braucht keine neue Rekalibrierung mehr: einfach den Sensor wechseln.<\/li>\n<li>Temperaturmessbereich: -40 bis +80\u00b0C<\/li>\n<li>Feuchtemessbereich: 0 bis 95 % RH, ohne Kondensation<\/li>\n<li>Genauigkeit der Temperaturmessung: \u00b10.5\u00b0C von -6 to 50 \u00b0C, \u00b11 \u00b0C ausserhalb<\/li>\n<li>Genauigkeit der Feuchtemessung: \u00b12% von 0 bis 60%, \u00b13% von 60 bis 95%<\/li>\n<li>Alarm (Ton 80 db + Text)<\/li>\n<li>Speicher: 32 000 Datenpunkte (16 000\/Kanal)<\/li>\n<li>Speicherungsintervall: 1 Std, 8 Std, 1 Tag, 3 Tage, 7 Tage, oder ben\u00fctzerdefiniert (ab 10 Sek.)<\/li>\n<li>Arbeitsbedingungen: -17\u00b0C bis 50\u00b0C, 0 bis 95 % RH ohne Kondensierung<\/li>\n<li>Adapter 230 V \/ 12 V<\/li>\n<li>Backup mit internen Batterien (ca. 12 Std)<\/li>\n<li>Display: 11 x 16.5 cm, Touchscreen<\/li>\n<li>Gewicht: 600 g<\/li>\n<li>Datentransfer \u00fcber USB Kabel oder Flash Memory Karte<\/li>\n<li>PC Software f\u00fcr die Daten zu lesen, Ref. A016 (USB) und SW400 f\u00fcr die Kalibration<\/li>\n<li>21CFR11-PC Software f\u00fcr die Daten zu lesen, Ref. A025 (USB)<\/li>\n<\/ul>\n","protected":false},"excerpt":{"rendered":"<p>Feuchte und Temperatur Datenlogger mit USB Schnittstelle<\/p>\n","protected":false},"featured_media":6006,"template":"","meta":{"_crdt_document":""},"product_brand":[],"product_cat":[168,175],"product_tag":[],"class_list":{"0":"post-6008","1":"product","2":"type-product","3":"status-publish","4":"has-post-thumbnail","6":"product_cat-datenlogger","7":"product_cat-feuchte","9":"first","10":"instock","11":"taxable","12":"shipping-taxable","13":"purchasable","14":"product-type-simple"},"yoast_head":"<!-- This site is optimized with the Yoast SEO plugin v27.3 - https:\/\/yoast.com\/product\/yoast-seo-wordpress\/ -->\n<title>Feuchte Datenlogger FH625 - Sysmatec<\/title>\n<meta name=\"description\" content=\"Temperatur- und Feuchtigkeitsschreiber mit gro\u00dfem Display. Kommunikation \u00fcber USB-Schnittstelle. Speicher mit gro\u00dfer Kapazit\u00e4t.\" \/>\n<meta name=\"robots\" content=\"index, follow, max-snippet:-1, max-image-preview:large, max-video-preview:-1\" \/>\n<link rel=\"canonical\" href=\"https:\/\/sysmatec.ch\/de\/produit\/feuchte-datenlogger-fh625-2\/\" \/>\n<meta property=\"og:locale\" content=\"de_DE\" \/>\n<meta property=\"og:type\" content=\"article\" \/>\n<meta property=\"og:title\" content=\"Feuchte Datenlogger FH625 - Sysmatec\" \/>\n<meta property=\"og:description\" content=\"Temperatur- und Feuchtigkeitsschreiber mit gro\u00dfem Display. Kommunikation \u00fcber USB-Schnittstelle. Speicher mit gro\u00dfer Kapazit\u00e4t.\" \/>\n<meta property=\"og:url\" content=\"https:\/\/sysmatec.ch\/de\/produit\/feuchte-datenlogger-fh625-2\/\" \/>\n<meta property=\"og:site_name\" content=\"Sysmatec\" \/>\n<meta property=\"article:modified_time\" content=\"2022-01-22T17:47:14+00:00\" \/>\n<meta property=\"og:image\" content=\"https:\/\/sysmatec.ch\/wp-content\/uploads\/2019\/05\/Humidite_DicksonFT600.jpg\" \/>\n\t<meta property=\"og:image:width\" content=\"196\" \/>\n\t<meta property=\"og:image:height\" content=\"166\" \/>\n\t<meta property=\"og:image:type\" content=\"image\/jpeg\" \/>\n<meta name=\"twitter:card\" content=\"summary_large_image\" \/>\n<meta name=\"twitter:label1\" content=\"Gesch\u00e4tzte Lesezeit\" \/>\n\t<meta name=\"twitter:data1\" content=\"1\u00a0Minute\" \/>\n<script type=\"application\/ld+json\" class=\"yoast-schema-graph\">{\"@context\":\"https:\\\/\\\/schema.org\",\"@graph\":[{\"@type\":\"WebPage\",\"@id\":\"https:\\\/\\\/sysmatec.ch\\\/de\\\/produit\\\/feuchte-datenlogger-fh625-2\\\/\",\"url\":\"https:\\\/\\\/sysmatec.ch\\\/de\\\/produit\\\/feuchte-datenlogger-fh625-2\\\/\",\"name\":\"Feuchte Datenlogger FH625 - Sysmatec\",\"isPartOf\":{\"@id\":\"https:\\\/\\\/sysmatec.ch\\\/de\\\/#website\"},\"primaryImageOfPage\":{\"@id\":\"https:\\\/\\\/sysmatec.ch\\\/de\\\/produit\\\/feuchte-datenlogger-fh625-2\\\/#primaryimage\"},\"image\":{\"@id\":\"https:\\\/\\\/sysmatec.ch\\\/de\\\/produit\\\/feuchte-datenlogger-fh625-2\\\/#primaryimage\"},\"thumbnailUrl\":\"https:\\\/\\\/sysmatec.ch\\\/wp-content\\\/uploads\\\/2019\\\/05\\\/Humidite_DicksonFT600.jpg\",\"datePublished\":\"2019-05-11T14:26:03+00:00\",\"dateModified\":\"2022-01-22T17:47:14+00:00\",\"description\":\"Temperatur- und Feuchtigkeitsschreiber mit gro\u00dfem Display. Kommunikation \u00fcber USB-Schnittstelle. Speicher mit gro\u00dfer Kapazit\u00e4t.\",\"breadcrumb\":{\"@id\":\"https:\\\/\\\/sysmatec.ch\\\/de\\\/produit\\\/feuchte-datenlogger-fh625-2\\\/#breadcrumb\"},\"inLanguage\":\"de\",\"potentialAction\":[{\"@type\":\"ReadAction\",\"target\":[\"https:\\\/\\\/sysmatec.ch\\\/de\\\/produit\\\/feuchte-datenlogger-fh625-2\\\/\"]}]},{\"@type\":\"ImageObject\",\"inLanguage\":\"de\",\"@id\":\"https:\\\/\\\/sysmatec.ch\\\/de\\\/produit\\\/feuchte-datenlogger-fh625-2\\\/#primaryimage\",\"url\":\"https:\\\/\\\/sysmatec.ch\\\/wp-content\\\/uploads\\\/2019\\\/05\\\/Humidite_DicksonFT600.jpg\",\"contentUrl\":\"https:\\\/\\\/sysmatec.ch\\\/wp-content\\\/uploads\\\/2019\\\/05\\\/Humidite_DicksonFT600.jpg\",\"width\":196,\"height\":166},{\"@type\":\"BreadcrumbList\",\"@id\":\"https:\\\/\\\/sysmatec.ch\\\/de\\\/produit\\\/feuchte-datenlogger-fh625-2\\\/#breadcrumb\",\"itemListElement\":[{\"@type\":\"ListItem\",\"position\":1,\"name\":\"Accueil\",\"item\":\"https:\\\/\\\/sysmatec.ch\\\/de\\\/\"},{\"@type\":\"ListItem\",\"position\":2,\"name\":\"Die Aktivit\u00e4t von Sysmatec\",\"item\":\"https:\\\/\\\/sysmatec.ch\\\/de\\\/\"},{\"@type\":\"ListItem\",\"position\":3,\"name\":\"Feuchte Datenlogger FH625\"}]},{\"@type\":\"WebSite\",\"@id\":\"https:\\\/\\\/sysmatec.ch\\\/de\\\/#website\",\"url\":\"https:\\\/\\\/sysmatec.ch\\\/de\\\/\",\"name\":\"Sysmatec\",\"description\":\"Equipement de laboratoire et logiciels\",\"publisher\":{\"@id\":\"https:\\\/\\\/sysmatec.ch\\\/de\\\/#organization\"},\"potentialAction\":[{\"@type\":\"SearchAction\",\"target\":{\"@type\":\"EntryPoint\",\"urlTemplate\":\"https:\\\/\\\/sysmatec.ch\\\/de\\\/?s={search_term_string}\"},\"query-input\":{\"@type\":\"PropertyValueSpecification\",\"valueRequired\":true,\"valueName\":\"search_term_string\"}}],\"inLanguage\":\"de\"},{\"@type\":\"Organization\",\"@id\":\"https:\\\/\\\/sysmatec.ch\\\/de\\\/#organization\",\"name\":\"Sysmatec\",\"url\":\"https:\\\/\\\/sysmatec.ch\\\/de\\\/\",\"logo\":{\"@type\":\"ImageObject\",\"inLanguage\":\"de\",\"@id\":\"https:\\\/\\\/sysmatec.ch\\\/de\\\/#\\\/schema\\\/logo\\\/image\\\/\",\"url\":\"https:\\\/\\\/sysmatec.ch\\\/wp-content\\\/uploads\\\/2018\\\/11\\\/LogoSysmatec.jpg\",\"contentUrl\":\"https:\\\/\\\/sysmatec.ch\\\/wp-content\\\/uploads\\\/2018\\\/11\\\/LogoSysmatec.jpg\",\"width\":301,\"height\":297,\"caption\":\"Sysmatec\"},\"image\":{\"@id\":\"https:\\\/\\\/sysmatec.ch\\\/de\\\/#\\\/schema\\\/logo\\\/image\\\/\"}}]}<\/script>\n<!-- \/ Yoast SEO plugin. -->","yoast_head_json":{"title":"Feuchte Datenlogger FH625 - Sysmatec","description":"Temperatur- und Feuchtigkeitsschreiber mit gro\u00dfem Display. Kommunikation \u00fcber USB-Schnittstelle. Speicher mit gro\u00dfer Kapazit\u00e4t.","robots":{"index":"index","follow":"follow","max-snippet":"max-snippet:-1","max-image-preview":"max-image-preview:large","max-video-preview":"max-video-preview:-1"},"canonical":"https:\/\/sysmatec.ch\/de\/produit\/feuchte-datenlogger-fh625-2\/","og_locale":"de_DE","og_type":"article","og_title":"Feuchte Datenlogger FH625 - Sysmatec","og_description":"Temperatur- und Feuchtigkeitsschreiber mit gro\u00dfem Display. Kommunikation \u00fcber USB-Schnittstelle. Speicher mit gro\u00dfer Kapazit\u00e4t.","og_url":"https:\/\/sysmatec.ch\/de\/produit\/feuchte-datenlogger-fh625-2\/","og_site_name":"Sysmatec","article_modified_time":"2022-01-22T17:47:14+00:00","og_image":[{"width":196,"height":166,"url":"https:\/\/sysmatec.ch\/wp-content\/uploads\/2019\/05\/Humidite_DicksonFT600.jpg","type":"image\/jpeg"}],"twitter_card":"summary_large_image","twitter_misc":{"Gesch\u00e4tzte Lesezeit":"1\u00a0Minute"},"schema":{"@context":"https:\/\/schema.org","@graph":[{"@type":"WebPage","@id":"https:\/\/sysmatec.ch\/de\/produit\/feuchte-datenlogger-fh625-2\/","url":"https:\/\/sysmatec.ch\/de\/produit\/feuchte-datenlogger-fh625-2\/","name":"Feuchte Datenlogger FH625 - Sysmatec","isPartOf":{"@id":"https:\/\/sysmatec.ch\/de\/#website"},"primaryImageOfPage":{"@id":"https:\/\/sysmatec.ch\/de\/produit\/feuchte-datenlogger-fh625-2\/#primaryimage"},"image":{"@id":"https:\/\/sysmatec.ch\/de\/produit\/feuchte-datenlogger-fh625-2\/#primaryimage"},"thumbnailUrl":"https:\/\/sysmatec.ch\/wp-content\/uploads\/2019\/05\/Humidite_DicksonFT600.jpg","datePublished":"2019-05-11T14:26:03+00:00","dateModified":"2022-01-22T17:47:14+00:00","description":"Temperatur- und Feuchtigkeitsschreiber mit gro\u00dfem Display. Kommunikation \u00fcber USB-Schnittstelle. Speicher mit gro\u00dfer Kapazit\u00e4t.","breadcrumb":{"@id":"https:\/\/sysmatec.ch\/de\/produit\/feuchte-datenlogger-fh625-2\/#breadcrumb"},"inLanguage":"de","potentialAction":[{"@type":"ReadAction","target":["https:\/\/sysmatec.ch\/de\/produit\/feuchte-datenlogger-fh625-2\/"]}]},{"@type":"ImageObject","inLanguage":"de","@id":"https:\/\/sysmatec.ch\/de\/produit\/feuchte-datenlogger-fh625-2\/#primaryimage","url":"https:\/\/sysmatec.ch\/wp-content\/uploads\/2019\/05\/Humidite_DicksonFT600.jpg","contentUrl":"https:\/\/sysmatec.ch\/wp-content\/uploads\/2019\/05\/Humidite_DicksonFT600.jpg","width":196,"height":166},{"@type":"BreadcrumbList","@id":"https:\/\/sysmatec.ch\/de\/produit\/feuchte-datenlogger-fh625-2\/#breadcrumb","itemListElement":[{"@type":"ListItem","position":1,"name":"Accueil","item":"https:\/\/sysmatec.ch\/de\/"},{"@type":"ListItem","position":2,"name":"Die Aktivit\u00e4t von Sysmatec","item":"https:\/\/sysmatec.ch\/de\/"},{"@type":"ListItem","position":3,"name":"Feuchte Datenlogger FH625"}]},{"@type":"WebSite","@id":"https:\/\/sysmatec.ch\/de\/#website","url":"https:\/\/sysmatec.ch\/de\/","name":"Sysmatec","description":"Equipement de laboratoire et logiciels","publisher":{"@id":"https:\/\/sysmatec.ch\/de\/#organization"},"potentialAction":[{"@type":"SearchAction","target":{"@type":"EntryPoint","urlTemplate":"https:\/\/sysmatec.ch\/de\/?s={search_term_string}"},"query-input":{"@type":"PropertyValueSpecification","valueRequired":true,"valueName":"search_term_string"}}],"inLanguage":"de"},{"@type":"Organization","@id":"https:\/\/sysmatec.ch\/de\/#organization","name":"Sysmatec","url":"https:\/\/sysmatec.ch\/de\/","logo":{"@type":"ImageObject","inLanguage":"de","@id":"https:\/\/sysmatec.ch\/de\/#\/schema\/logo\/image\/","url":"https:\/\/sysmatec.ch\/wp-content\/uploads\/2018\/11\/LogoSysmatec.jpg","contentUrl":"https:\/\/sysmatec.ch\/wp-content\/uploads\/2018\/11\/LogoSysmatec.jpg","width":301,"height":297,"caption":"Sysmatec"},"image":{"@id":"https:\/\/sysmatec.ch\/de\/#\/schema\/logo\/image\/"}}]}},"_links":{"self":[{"href":"https:\/\/sysmatec.ch\/de\/wp-json\/wp\/v2\/product\/6008","targetHints":{"allow":["GET"]}}],"collection":[{"href":"https:\/\/sysmatec.ch\/de\/wp-json\/wp\/v2\/product"}],"about":[{"href":"https:\/\/sysmatec.ch\/de\/wp-json\/wp\/v2\/types\/product"}],"wp:featuredmedia":[{"embeddable":true,"href":"https:\/\/sysmatec.ch\/de\/wp-json\/wp\/v2\/media\/6006"}],"wp:attachment":[{"href":"https:\/\/sysmatec.ch\/de\/wp-json\/wp\/v2\/media?parent=6008"}],"wp:term":[{"taxonomy":"product_brand","embeddable":true,"href":"https:\/\/sysmatec.ch\/de\/wp-json\/wp\/v2\/product_brand?post=6008"},{"taxonomy":"product_cat","embeddable":true,"href":"https:\/\/sysmatec.ch\/de\/wp-json\/wp\/v2\/product_cat?post=6008"},{"taxonomy":"product_tag","embeddable":true,"href":"https:\/\/sysmatec.ch\/de\/wp-json\/wp\/v2\/product_tag?post=6008"}],"curies":[{"name":"wp","href":"https:\/\/api.w.org\/{rel}","templated":true}]}}