{"id":6002,"date":"2019-05-11T16:16:35","date_gmt":"2019-05-11T14:16:35","guid":{"rendered":"https:\/\/sysmatec.ch\/produit\/enregistreur-de-temperature-humidite-el-gfx-d2-avec-sonde-externe\/"},"modified":"2022-01-22T18:50:33","modified_gmt":"2022-01-22T17:50:33","slug":"temperatur-und-feuchtigkeit-aufzeichnungsgeraet-mit-externer-sonde-el-gfx-d2","status":"publish","type":"product","link":"https:\/\/sysmatec.ch\/de\/Produkt\/temperatur-und-feuchtigkeit-aufzeichnungsgeraet-mit-externer-sonde-el-gfx-d2\/","title":{"rendered":"Temperatur- und Feuchtigkeitsaufzeichnungsger\u00e4t mit externer Sonde EL-GFX-D2"},"content":{"rendered":"<p>Dieser eigenst\u00e4ndige Datenlogger speichert \u00fcber 250.000 Temperatur- und Luftfeuchtigkeitswerte \u00fcber einen Temperaturbereich von -30 bis + 80 \u00b0 C und relative Luftfeuchtigkeit von 0 bis 100% mit einer Aufl\u00f6sung von 0.1 \u00b0 C und 0.1% relative Luftfeuchtigkeit.<\/p>\n<p>Der Datenlogger verf\u00fcgt \u00fcber einen kontrastreichen LCD-Bildschirm und drei Tasten zum Navigieren auf Bildschirmmen\u00fcs. Dieses Men\u00fc erm\u00f6glicht dem Benutzer den Zugriff auf Echtzeit-Trendanalysen, Datenzusammenfassungen und die M\u00f6glichkeit, den Datenlogger zu starten, zu stoppen und neu zu starten, ohne ihn mit einem PC verbinden zu m\u00fcssen. Benutzer k\u00f6nnen die maximalen \/ minimalen Werte \u00fcber das Bildschirmmen\u00fc zur\u00fccksetzen. Es ist m\u00f6glich, Marker hinzuzuf\u00fcgen, die nach dem Herunterladen in der Grafiksoftware und der Datendatei angezeigt werden k\u00f6nnen.<\/p>\n<p>Der Datenlogger wird mit zwei Lithium-Metall-Batterien geliefert, die eine Batterielebensdauer von ca. einem Jahr erm\u00f6glichen. Es kann auch \u00fcber die USB-Buchse mit Strom versorgt werden.<\/p>\n<ul>\n<li type=\"disc\">Temperaturmessbereich: -30 \u00b0 C bis 80 \u00b0 C<\/li>\n<li type=\"disc\">Temperaturaufl\u00f6sung: 0.1 \u00b0 C<\/li>\n<li type=\"disc\">Temperaturgenauigkeit (Aufzeichnungsfehler): \u00b1 0.3 \u00b0 C typisch<\/li>\n<li type=\"disc\">Bereich der Messung der relativen Luftfeuchtigkeit: 0 bis 100% RH<\/li>\n<li type=\"disc\">Relative Luftfeuchtigkeit Aufl\u00f6sung: 0.1% RH<\/li>\n<li type=\"disc\">Genauigkeit der relativen Feuchte (Aufzeichnungsfehler): \u00b1 2% RH typisch (20 bis 80% RH)<\/li>\n<li type=\"disc\">Langzeitstabilit\u00e4t 0.5% RH \/ Jahr<\/li>\n<li type=\"disc\">Taupunktgenauigkeit (Gesamtfehler): \u00b1 1.1 \u00b0 C typisch<\/li>\n<li type=\"disc\">Aufzeichnungsintervalle: zwischen 10 Sekunden und 1 Stunde<\/li>\n<li type=\"disc\">Batterielebensdauer: 1 Jahr mit 2 \u00bd AA-Batterien 3.6 V (abh\u00e4ngig von den Nutzungsbedingungen)<\/li>\n<li type=\"disc\">Abmessungen des Rekorders: 101 x 48.5 x 30.5 mm<\/li>\n<li type=\"disc\">Abmessungen der Probe: 37 x 12 x 8 mm<\/li>\n<li type=\"disc\">Kabell\u00e4nge: 2000mm<\/li>\n<\/ul>\n<p>Version EL-GFX-SP2 mit verbesserter Genauigkeit<\/p>\n<ul>\n<li type=\"disc\">Temperaturaufl\u00f6sung: 0.01 \u00b0 C<\/li>\n<li type=\"disc\">Temperaturgenauigkeit: \u00b1 0.2 \u00b0 C typisch<\/li>\n<li type=\"disc\">Feuchtigkeitsgenauigkeit: \u00b1 1.8% RH<\/li>\n<\/ul>\n","protected":false},"excerpt":{"rendered":"<p>Temperatur- und Feuchtigkeitsaufzeichnungsger\u00e4t mit externer Sonde und USB Schnittstelle<\/p>\n","protected":false},"featured_media":6000,"template":"","meta":{"_crdt_document":""},"product_brand":[],"product_cat":[168,175],"product_tag":[],"class_list":{"0":"post-6002","1":"product","2":"type-product","3":"status-publish","4":"has-post-thumbnail","6":"product_cat-datenlogger","7":"product_cat-feuchte","9":"first","10":"instock","11":"taxable","12":"shipping-taxable","13":"purchasable","14":"product-type-simple"},"yoast_head":"<!-- This site is optimized with the Yoast SEO plugin v27.4 - https:\/\/yoast.com\/product\/yoast-seo-wordpress\/ -->\n<title>Temperatur- und Feuchtigkeitsaufzeichnungsger\u00e4t mit externer Sonde EL-GFX-D2 - Sysmatec<\/title>\n<meta name=\"description\" content=\"Temperatur- und Feuchtigkeitsschreiber mit externer Sonde. Kommunikation \u00fcber USB-Schnittstelle. Speicher mit gro\u00dfer Kapazit\u00e4t.\" \/>\n<meta name=\"robots\" content=\"index, follow, max-snippet:-1, max-image-preview:large, max-video-preview:-1\" \/>\n<link rel=\"canonical\" href=\"https:\/\/sysmatec.ch\/de\/produit\/temperatur-und-feuchtigkeit-aufzeichnungsgeraet-mit-externer-sonde-el-gfx-d2\/\" \/>\n<meta property=\"og:locale\" content=\"de_DE\" \/>\n<meta property=\"og:type\" content=\"article\" \/>\n<meta property=\"og:title\" content=\"Temperatur- und Feuchtigkeitsaufzeichnungsger\u00e4t mit externer Sonde EL-GFX-D2 - Sysmatec\" \/>\n<meta property=\"og:description\" content=\"Temperatur- und Feuchtigkeitsschreiber mit externer Sonde. Kommunikation \u00fcber USB-Schnittstelle. Speicher mit gro\u00dfer Kapazit\u00e4t.\" \/>\n<meta property=\"og:url\" content=\"https:\/\/sysmatec.ch\/de\/produit\/temperatur-und-feuchtigkeit-aufzeichnungsgeraet-mit-externer-sonde-el-gfx-d2\/\" \/>\n<meta property=\"og:site_name\" content=\"Sysmatec\" \/>\n<meta property=\"article:modified_time\" content=\"2022-01-22T17:50:33+00:00\" \/>\n<meta property=\"og:image\" content=\"https:\/\/sysmatec.ch\/wp-content\/uploads\/2019\/05\/Humidite_LascarELGFXD2.jpg\" \/>\n\t<meta property=\"og:image:width\" content=\"196\" \/>\n\t<meta property=\"og:image:height\" content=\"113\" \/>\n\t<meta property=\"og:image:type\" content=\"image\/jpeg\" \/>\n<meta name=\"twitter:card\" content=\"summary_large_image\" \/>\n<meta name=\"twitter:label1\" content=\"Gesch\u00e4tzte Lesezeit\" \/>\n\t<meta name=\"twitter:data1\" content=\"1\u00a0Minute\" \/>\n<script type=\"application\/ld+json\" class=\"yoast-schema-graph\">{\"@context\":\"https:\\\/\\\/schema.org\",\"@graph\":[{\"@type\":\"WebPage\",\"@id\":\"https:\\\/\\\/sysmatec.ch\\\/de\\\/produit\\\/temperatur-und-feuchtigkeit-aufzeichnungsgeraet-mit-externer-sonde-el-gfx-d2\\\/\",\"url\":\"https:\\\/\\\/sysmatec.ch\\\/de\\\/produit\\\/temperatur-und-feuchtigkeit-aufzeichnungsgeraet-mit-externer-sonde-el-gfx-d2\\\/\",\"name\":\"Temperatur- und Feuchtigkeitsaufzeichnungsger\u00e4t mit externer Sonde EL-GFX-D2 - Sysmatec\",\"isPartOf\":{\"@id\":\"https:\\\/\\\/sysmatec.ch\\\/de\\\/#website\"},\"primaryImageOfPage\":{\"@id\":\"https:\\\/\\\/sysmatec.ch\\\/de\\\/produit\\\/temperatur-und-feuchtigkeit-aufzeichnungsgeraet-mit-externer-sonde-el-gfx-d2\\\/#primaryimage\"},\"image\":{\"@id\":\"https:\\\/\\\/sysmatec.ch\\\/de\\\/produit\\\/temperatur-und-feuchtigkeit-aufzeichnungsgeraet-mit-externer-sonde-el-gfx-d2\\\/#primaryimage\"},\"thumbnailUrl\":\"https:\\\/\\\/sysmatec.ch\\\/wp-content\\\/uploads\\\/2019\\\/05\\\/Humidite_LascarELGFXD2.jpg\",\"datePublished\":\"2019-05-11T14:16:35+00:00\",\"dateModified\":\"2022-01-22T17:50:33+00:00\",\"description\":\"Temperatur- und Feuchtigkeitsschreiber mit externer Sonde. Kommunikation \u00fcber USB-Schnittstelle. Speicher mit gro\u00dfer Kapazit\u00e4t.\",\"breadcrumb\":{\"@id\":\"https:\\\/\\\/sysmatec.ch\\\/de\\\/produit\\\/temperatur-und-feuchtigkeit-aufzeichnungsgeraet-mit-externer-sonde-el-gfx-d2\\\/#breadcrumb\"},\"inLanguage\":\"de\",\"potentialAction\":[{\"@type\":\"ReadAction\",\"target\":[\"https:\\\/\\\/sysmatec.ch\\\/de\\\/produit\\\/temperatur-und-feuchtigkeit-aufzeichnungsgeraet-mit-externer-sonde-el-gfx-d2\\\/\"]}]},{\"@type\":\"ImageObject\",\"inLanguage\":\"de\",\"@id\":\"https:\\\/\\\/sysmatec.ch\\\/de\\\/produit\\\/temperatur-und-feuchtigkeit-aufzeichnungsgeraet-mit-externer-sonde-el-gfx-d2\\\/#primaryimage\",\"url\":\"https:\\\/\\\/sysmatec.ch\\\/wp-content\\\/uploads\\\/2019\\\/05\\\/Humidite_LascarELGFXD2.jpg\",\"contentUrl\":\"https:\\\/\\\/sysmatec.ch\\\/wp-content\\\/uploads\\\/2019\\\/05\\\/Humidite_LascarELGFXD2.jpg\",\"width\":196,\"height\":113},{\"@type\":\"BreadcrumbList\",\"@id\":\"https:\\\/\\\/sysmatec.ch\\\/de\\\/produit\\\/temperatur-und-feuchtigkeit-aufzeichnungsgeraet-mit-externer-sonde-el-gfx-d2\\\/#breadcrumb\",\"itemListElement\":[{\"@type\":\"ListItem\",\"position\":1,\"name\":\"Accueil\",\"item\":\"https:\\\/\\\/sysmatec.ch\\\/de\\\/\"},{\"@type\":\"ListItem\",\"position\":2,\"name\":\"Die Aktivit\u00e4t von Sysmatec\",\"item\":\"https:\\\/\\\/sysmatec.ch\\\/de\\\/\"},{\"@type\":\"ListItem\",\"position\":3,\"name\":\"Temperatur- und Feuchtigkeitsaufzeichnungsger\u00e4t mit externer Sonde EL-GFX-D2\"}]},{\"@type\":\"WebSite\",\"@id\":\"https:\\\/\\\/sysmatec.ch\\\/de\\\/#website\",\"url\":\"https:\\\/\\\/sysmatec.ch\\\/de\\\/\",\"name\":\"Sysmatec\",\"description\":\"Equipement de laboratoire et logiciels\",\"publisher\":{\"@id\":\"https:\\\/\\\/sysmatec.ch\\\/de\\\/#organization\"},\"potentialAction\":[{\"@type\":\"SearchAction\",\"target\":{\"@type\":\"EntryPoint\",\"urlTemplate\":\"https:\\\/\\\/sysmatec.ch\\\/de\\\/?s={search_term_string}\"},\"query-input\":{\"@type\":\"PropertyValueSpecification\",\"valueRequired\":true,\"valueName\":\"search_term_string\"}}],\"inLanguage\":\"de\"},{\"@type\":\"Organization\",\"@id\":\"https:\\\/\\\/sysmatec.ch\\\/de\\\/#organization\",\"name\":\"Sysmatec\",\"url\":\"https:\\\/\\\/sysmatec.ch\\\/de\\\/\",\"logo\":{\"@type\":\"ImageObject\",\"inLanguage\":\"de\",\"@id\":\"https:\\\/\\\/sysmatec.ch\\\/de\\\/#\\\/schema\\\/logo\\\/image\\\/\",\"url\":\"https:\\\/\\\/sysmatec.ch\\\/wp-content\\\/uploads\\\/2018\\\/11\\\/LogoSysmatec.jpg\",\"contentUrl\":\"https:\\\/\\\/sysmatec.ch\\\/wp-content\\\/uploads\\\/2018\\\/11\\\/LogoSysmatec.jpg\",\"width\":301,\"height\":297,\"caption\":\"Sysmatec\"},\"image\":{\"@id\":\"https:\\\/\\\/sysmatec.ch\\\/de\\\/#\\\/schema\\\/logo\\\/image\\\/\"}}]}<\/script>\n<!-- \/ Yoast SEO plugin. -->","yoast_head_json":{"title":"Temperatur- und Feuchtigkeitsaufzeichnungsger\u00e4t mit externer Sonde EL-GFX-D2 - Sysmatec","description":"Temperatur- und Feuchtigkeitsschreiber mit externer Sonde. Kommunikation \u00fcber USB-Schnittstelle. Speicher mit gro\u00dfer Kapazit\u00e4t.","robots":{"index":"index","follow":"follow","max-snippet":"max-snippet:-1","max-image-preview":"max-image-preview:large","max-video-preview":"max-video-preview:-1"},"canonical":"https:\/\/sysmatec.ch\/de\/produit\/temperatur-und-feuchtigkeit-aufzeichnungsgeraet-mit-externer-sonde-el-gfx-d2\/","og_locale":"de_DE","og_type":"article","og_title":"Temperatur- und Feuchtigkeitsaufzeichnungsger\u00e4t mit externer Sonde EL-GFX-D2 - Sysmatec","og_description":"Temperatur- und Feuchtigkeitsschreiber mit externer Sonde. Kommunikation \u00fcber USB-Schnittstelle. Speicher mit gro\u00dfer Kapazit\u00e4t.","og_url":"https:\/\/sysmatec.ch\/de\/produit\/temperatur-und-feuchtigkeit-aufzeichnungsgeraet-mit-externer-sonde-el-gfx-d2\/","og_site_name":"Sysmatec","article_modified_time":"2022-01-22T17:50:33+00:00","og_image":[{"width":196,"height":113,"url":"https:\/\/sysmatec.ch\/wp-content\/uploads\/2019\/05\/Humidite_LascarELGFXD2.jpg","type":"image\/jpeg"}],"twitter_card":"summary_large_image","twitter_misc":{"Gesch\u00e4tzte Lesezeit":"1\u00a0Minute"},"schema":{"@context":"https:\/\/schema.org","@graph":[{"@type":"WebPage","@id":"https:\/\/sysmatec.ch\/de\/produit\/temperatur-und-feuchtigkeit-aufzeichnungsgeraet-mit-externer-sonde-el-gfx-d2\/","url":"https:\/\/sysmatec.ch\/de\/produit\/temperatur-und-feuchtigkeit-aufzeichnungsgeraet-mit-externer-sonde-el-gfx-d2\/","name":"Temperatur- und Feuchtigkeitsaufzeichnungsger\u00e4t mit externer Sonde EL-GFX-D2 - Sysmatec","isPartOf":{"@id":"https:\/\/sysmatec.ch\/de\/#website"},"primaryImageOfPage":{"@id":"https:\/\/sysmatec.ch\/de\/produit\/temperatur-und-feuchtigkeit-aufzeichnungsgeraet-mit-externer-sonde-el-gfx-d2\/#primaryimage"},"image":{"@id":"https:\/\/sysmatec.ch\/de\/produit\/temperatur-und-feuchtigkeit-aufzeichnungsgeraet-mit-externer-sonde-el-gfx-d2\/#primaryimage"},"thumbnailUrl":"https:\/\/sysmatec.ch\/wp-content\/uploads\/2019\/05\/Humidite_LascarELGFXD2.jpg","datePublished":"2019-05-11T14:16:35+00:00","dateModified":"2022-01-22T17:50:33+00:00","description":"Temperatur- und Feuchtigkeitsschreiber mit externer Sonde. Kommunikation \u00fcber USB-Schnittstelle. Speicher mit gro\u00dfer Kapazit\u00e4t.","breadcrumb":{"@id":"https:\/\/sysmatec.ch\/de\/produit\/temperatur-und-feuchtigkeit-aufzeichnungsgeraet-mit-externer-sonde-el-gfx-d2\/#breadcrumb"},"inLanguage":"de","potentialAction":[{"@type":"ReadAction","target":["https:\/\/sysmatec.ch\/de\/produit\/temperatur-und-feuchtigkeit-aufzeichnungsgeraet-mit-externer-sonde-el-gfx-d2\/"]}]},{"@type":"ImageObject","inLanguage":"de","@id":"https:\/\/sysmatec.ch\/de\/produit\/temperatur-und-feuchtigkeit-aufzeichnungsgeraet-mit-externer-sonde-el-gfx-d2\/#primaryimage","url":"https:\/\/sysmatec.ch\/wp-content\/uploads\/2019\/05\/Humidite_LascarELGFXD2.jpg","contentUrl":"https:\/\/sysmatec.ch\/wp-content\/uploads\/2019\/05\/Humidite_LascarELGFXD2.jpg","width":196,"height":113},{"@type":"BreadcrumbList","@id":"https:\/\/sysmatec.ch\/de\/produit\/temperatur-und-feuchtigkeit-aufzeichnungsgeraet-mit-externer-sonde-el-gfx-d2\/#breadcrumb","itemListElement":[{"@type":"ListItem","position":1,"name":"Accueil","item":"https:\/\/sysmatec.ch\/de\/"},{"@type":"ListItem","position":2,"name":"Die Aktivit\u00e4t von Sysmatec","item":"https:\/\/sysmatec.ch\/de\/"},{"@type":"ListItem","position":3,"name":"Temperatur- und Feuchtigkeitsaufzeichnungsger\u00e4t mit externer Sonde EL-GFX-D2"}]},{"@type":"WebSite","@id":"https:\/\/sysmatec.ch\/de\/#website","url":"https:\/\/sysmatec.ch\/de\/","name":"Sysmatec","description":"Equipement de laboratoire et logiciels","publisher":{"@id":"https:\/\/sysmatec.ch\/de\/#organization"},"potentialAction":[{"@type":"SearchAction","target":{"@type":"EntryPoint","urlTemplate":"https:\/\/sysmatec.ch\/de\/?s={search_term_string}"},"query-input":{"@type":"PropertyValueSpecification","valueRequired":true,"valueName":"search_term_string"}}],"inLanguage":"de"},{"@type":"Organization","@id":"https:\/\/sysmatec.ch\/de\/#organization","name":"Sysmatec","url":"https:\/\/sysmatec.ch\/de\/","logo":{"@type":"ImageObject","inLanguage":"de","@id":"https:\/\/sysmatec.ch\/de\/#\/schema\/logo\/image\/","url":"https:\/\/sysmatec.ch\/wp-content\/uploads\/2018\/11\/LogoSysmatec.jpg","contentUrl":"https:\/\/sysmatec.ch\/wp-content\/uploads\/2018\/11\/LogoSysmatec.jpg","width":301,"height":297,"caption":"Sysmatec"},"image":{"@id":"https:\/\/sysmatec.ch\/de\/#\/schema\/logo\/image\/"}}]}},"_links":{"self":[{"href":"https:\/\/sysmatec.ch\/de\/wp-json\/wp\/v2\/product\/6002","targetHints":{"allow":["GET"]}}],"collection":[{"href":"https:\/\/sysmatec.ch\/de\/wp-json\/wp\/v2\/product"}],"about":[{"href":"https:\/\/sysmatec.ch\/de\/wp-json\/wp\/v2\/types\/product"}],"wp:featuredmedia":[{"embeddable":true,"href":"https:\/\/sysmatec.ch\/de\/wp-json\/wp\/v2\/media\/6000"}],"wp:attachment":[{"href":"https:\/\/sysmatec.ch\/de\/wp-json\/wp\/v2\/media?parent=6002"}],"wp:term":[{"taxonomy":"product_brand","embeddable":true,"href":"https:\/\/sysmatec.ch\/de\/wp-json\/wp\/v2\/product_brand?post=6002"},{"taxonomy":"product_cat","embeddable":true,"href":"https:\/\/sysmatec.ch\/de\/wp-json\/wp\/v2\/product_cat?post=6002"},{"taxonomy":"product_tag","embeddable":true,"href":"https:\/\/sysmatec.ch\/de\/wp-json\/wp\/v2\/product_tag?post=6002"}],"curies":[{"name":"wp","href":"https:\/\/api.w.org\/{rel}","templated":true}]}}