{"id":5958,"date":"2019-05-10T16:57:40","date_gmt":"2019-05-10T14:57:40","guid":{"rendered":"https:\/\/sysmatec.ch\/produit\/transmetteur-dhumidite-hygroflex-1-hf1\/"},"modified":"2022-01-22T21:43:56","modified_gmt":"2022-01-22T20:43:56","slug":"feuchte-messumformer-hygroflex-1-hf1","status":"publish","type":"product","link":"https:\/\/sysmatec.ch\/de\/Produkt\/feuchte-messumformer-hygroflex-1-hf1\/","title":{"rendered":"Feuchte-Messumformer HygroFlex 1 HF1"},"content":{"rendered":"<p>Diese Ger\u00e4te sind mit dem Sensorelement Hygromer\u00ae IN-1 ausgestattet und bieten unschlagbaren Preis- \/ Leistungs-Verh\u00e4ltniss. Mit der ROTRONIC HW4-Software, als Option erh\u00e4ltlich, k\u00f6nnen Sie das Bereich \u00e4ndern, kalibrieren und justieren.<\/p>\n<ul>\n<li type=\"disc\">Bereich: -20 bis 50 \u00b0 C \/ 0 bis 100% RH (nicht kondensierend)<\/li>\n<li type=\"disc\">Genauigkeit: &lt;3% RH (10 bis 90% RH bei 23 \u00b0 C) \/ \u00b1 0.3 \u00b0 K (0 bis 50 \u00b0 C)<\/li>\n<li type=\"disc\">Stromversorgung: 12-28 V AC \/ 15-40 VDC<\/li>\n<li type=\"disc\">Leistungsaufnahme: max 2 Leiter. 40 mA, 3\/4 Leiter mit Spannungsausgang: &lt;15 mA, mit Ausgangsstrom: &lt;55 mA<\/li>\n<li type=\"disc\">Langzeitstabilit\u00e4t des empfindlichen Elements: &lt;1.5% rF pro Jahr<\/li>\n<li type=\"disc\">ROTRONIC Feuchtesensor: HYGROMER\u00ae IN-1<\/li>\n<li type=\"disc\">Temperatursensor: Thermistor, Reaktionszeit = 4s<\/li>\n<li type=\"disc\">Ansprechzeit t 63: 30 s (63% der \u00c4nderung 35 bis 80% relative Luftfeuchtigkeit) ohne Filter<\/li>\n<li type=\"disc\">Display: Feuchtigkeit und (oder), Temperatur<\/li>\n<li type=\"disc\">Verf\u00fcgbare Ausg\u00e4nge: 4-20 mA, 0-1 V, 0-5 V, 0-10 VDC<\/li>\n<li type=\"disc\">Geh\u00e4use ABS<\/li>\n<li type=\"disc\">IP-Schutzklasse IP65<\/li>\n<li type=\"disc\">CE \/ EMC 2004\/108 \/ EG<\/li>\n<\/ul>\n","protected":false},"excerpt":{"rendered":"<p>Feuchte-Messumformer mit Display.<\/p>\n","protected":false},"featured_media":5956,"template":"","meta":{"_crdt_document":""},"product_brand":[],"product_cat":[175,180],"product_tag":[],"class_list":{"0":"post-5958","1":"product","2":"type-product","3":"status-publish","4":"has-post-thumbnail","6":"product_cat-feuchte","7":"product_cat-messung","9":"first","10":"instock","11":"taxable","12":"shipping-taxable","13":"product-type-simple"},"yoast_head":"<!-- This site is optimized with the Yoast SEO plugin v27.3 - https:\/\/yoast.com\/product\/yoast-seo-wordpress\/ -->\n<title>Feuchte-Messumformer HygroFlex 1 HF1 - Sysmatec<\/title>\n<meta name=\"description\" content=\"Temperatur- und Feuchtigkeitstransmitter mit Display. Es verf\u00fcgt \u00fcber analoge Ausg\u00e4nge zum Anschluss an zB eine SPS.\" \/>\n<meta name=\"robots\" content=\"index, follow, max-snippet:-1, max-image-preview:large, max-video-preview:-1\" \/>\n<link rel=\"canonical\" href=\"https:\/\/sysmatec.ch\/de\/produit\/feuchte-messumformer-hygroflex-1-hf1\/\" \/>\n<meta property=\"og:locale\" content=\"de_DE\" \/>\n<meta property=\"og:type\" content=\"article\" \/>\n<meta property=\"og:title\" content=\"Feuchte-Messumformer HygroFlex 1 HF1 - Sysmatec\" \/>\n<meta property=\"og:description\" content=\"Temperatur- und Feuchtigkeitstransmitter mit Display. Es verf\u00fcgt \u00fcber analoge Ausg\u00e4nge zum Anschluss an zB eine SPS.\" \/>\n<meta property=\"og:url\" content=\"https:\/\/sysmatec.ch\/de\/produit\/feuchte-messumformer-hygroflex-1-hf1\/\" \/>\n<meta property=\"og:site_name\" content=\"Sysmatec\" \/>\n<meta property=\"article:modified_time\" content=\"2022-01-22T20:43:56+00:00\" \/>\n<meta property=\"og:image\" content=\"https:\/\/sysmatec.ch\/wp-content\/uploads\/2019\/05\/Humidite_RotronicHF1.jpg\" \/>\n\t<meta property=\"og:image:width\" content=\"191\" \/>\n\t<meta property=\"og:image:height\" content=\"271\" \/>\n\t<meta property=\"og:image:type\" content=\"image\/jpeg\" \/>\n<meta name=\"twitter:card\" content=\"summary_large_image\" \/>\n<meta name=\"twitter:label1\" content=\"Gesch\u00e4tzte Lesezeit\" \/>\n\t<meta name=\"twitter:data1\" content=\"1\u00a0Minute\" \/>\n<script type=\"application\/ld+json\" class=\"yoast-schema-graph\">{\"@context\":\"https:\\\/\\\/schema.org\",\"@graph\":[{\"@type\":\"WebPage\",\"@id\":\"https:\\\/\\\/sysmatec.ch\\\/de\\\/produit\\\/feuchte-messumformer-hygroflex-1-hf1\\\/\",\"url\":\"https:\\\/\\\/sysmatec.ch\\\/de\\\/produit\\\/feuchte-messumformer-hygroflex-1-hf1\\\/\",\"name\":\"Feuchte-Messumformer HygroFlex 1 HF1 - Sysmatec\",\"isPartOf\":{\"@id\":\"https:\\\/\\\/sysmatec.ch\\\/de\\\/#website\"},\"primaryImageOfPage\":{\"@id\":\"https:\\\/\\\/sysmatec.ch\\\/de\\\/produit\\\/feuchte-messumformer-hygroflex-1-hf1\\\/#primaryimage\"},\"image\":{\"@id\":\"https:\\\/\\\/sysmatec.ch\\\/de\\\/produit\\\/feuchte-messumformer-hygroflex-1-hf1\\\/#primaryimage\"},\"thumbnailUrl\":\"https:\\\/\\\/sysmatec.ch\\\/wp-content\\\/uploads\\\/2019\\\/05\\\/Humidite_RotronicHF1.jpg\",\"datePublished\":\"2019-05-10T14:57:40+00:00\",\"dateModified\":\"2022-01-22T20:43:56+00:00\",\"description\":\"Temperatur- und Feuchtigkeitstransmitter mit Display. Es verf\u00fcgt \u00fcber analoge Ausg\u00e4nge zum Anschluss an zB eine SPS.\",\"breadcrumb\":{\"@id\":\"https:\\\/\\\/sysmatec.ch\\\/de\\\/produit\\\/feuchte-messumformer-hygroflex-1-hf1\\\/#breadcrumb\"},\"inLanguage\":\"de\",\"potentialAction\":[{\"@type\":\"ReadAction\",\"target\":[\"https:\\\/\\\/sysmatec.ch\\\/de\\\/produit\\\/feuchte-messumformer-hygroflex-1-hf1\\\/\"]}]},{\"@type\":\"ImageObject\",\"inLanguage\":\"de\",\"@id\":\"https:\\\/\\\/sysmatec.ch\\\/de\\\/produit\\\/feuchte-messumformer-hygroflex-1-hf1\\\/#primaryimage\",\"url\":\"https:\\\/\\\/sysmatec.ch\\\/wp-content\\\/uploads\\\/2019\\\/05\\\/Humidite_RotronicHF1.jpg\",\"contentUrl\":\"https:\\\/\\\/sysmatec.ch\\\/wp-content\\\/uploads\\\/2019\\\/05\\\/Humidite_RotronicHF1.jpg\",\"width\":191,\"height\":271},{\"@type\":\"BreadcrumbList\",\"@id\":\"https:\\\/\\\/sysmatec.ch\\\/de\\\/produit\\\/feuchte-messumformer-hygroflex-1-hf1\\\/#breadcrumb\",\"itemListElement\":[{\"@type\":\"ListItem\",\"position\":1,\"name\":\"Accueil\",\"item\":\"https:\\\/\\\/sysmatec.ch\\\/de\\\/\"},{\"@type\":\"ListItem\",\"position\":2,\"name\":\"Die Aktivit\u00e4t von Sysmatec\",\"item\":\"https:\\\/\\\/sysmatec.ch\\\/de\\\/\"},{\"@type\":\"ListItem\",\"position\":3,\"name\":\"Feuchte-Messumformer HygroFlex 1 HF1\"}]},{\"@type\":\"WebSite\",\"@id\":\"https:\\\/\\\/sysmatec.ch\\\/de\\\/#website\",\"url\":\"https:\\\/\\\/sysmatec.ch\\\/de\\\/\",\"name\":\"Sysmatec\",\"description\":\"Equipement de laboratoire et logiciels\",\"publisher\":{\"@id\":\"https:\\\/\\\/sysmatec.ch\\\/de\\\/#organization\"},\"potentialAction\":[{\"@type\":\"SearchAction\",\"target\":{\"@type\":\"EntryPoint\",\"urlTemplate\":\"https:\\\/\\\/sysmatec.ch\\\/de\\\/?s={search_term_string}\"},\"query-input\":{\"@type\":\"PropertyValueSpecification\",\"valueRequired\":true,\"valueName\":\"search_term_string\"}}],\"inLanguage\":\"de\"},{\"@type\":\"Organization\",\"@id\":\"https:\\\/\\\/sysmatec.ch\\\/de\\\/#organization\",\"name\":\"Sysmatec\",\"url\":\"https:\\\/\\\/sysmatec.ch\\\/de\\\/\",\"logo\":{\"@type\":\"ImageObject\",\"inLanguage\":\"de\",\"@id\":\"https:\\\/\\\/sysmatec.ch\\\/de\\\/#\\\/schema\\\/logo\\\/image\\\/\",\"url\":\"https:\\\/\\\/sysmatec.ch\\\/wp-content\\\/uploads\\\/2018\\\/11\\\/LogoSysmatec.jpg\",\"contentUrl\":\"https:\\\/\\\/sysmatec.ch\\\/wp-content\\\/uploads\\\/2018\\\/11\\\/LogoSysmatec.jpg\",\"width\":301,\"height\":297,\"caption\":\"Sysmatec\"},\"image\":{\"@id\":\"https:\\\/\\\/sysmatec.ch\\\/de\\\/#\\\/schema\\\/logo\\\/image\\\/\"}}]}<\/script>\n<!-- \/ Yoast SEO plugin. -->","yoast_head_json":{"title":"Feuchte-Messumformer HygroFlex 1 HF1 - Sysmatec","description":"Temperatur- und Feuchtigkeitstransmitter mit Display. Es verf\u00fcgt \u00fcber analoge Ausg\u00e4nge zum Anschluss an zB eine SPS.","robots":{"index":"index","follow":"follow","max-snippet":"max-snippet:-1","max-image-preview":"max-image-preview:large","max-video-preview":"max-video-preview:-1"},"canonical":"https:\/\/sysmatec.ch\/de\/produit\/feuchte-messumformer-hygroflex-1-hf1\/","og_locale":"de_DE","og_type":"article","og_title":"Feuchte-Messumformer HygroFlex 1 HF1 - Sysmatec","og_description":"Temperatur- und Feuchtigkeitstransmitter mit Display. Es verf\u00fcgt \u00fcber analoge Ausg\u00e4nge zum Anschluss an zB eine SPS.","og_url":"https:\/\/sysmatec.ch\/de\/produit\/feuchte-messumformer-hygroflex-1-hf1\/","og_site_name":"Sysmatec","article_modified_time":"2022-01-22T20:43:56+00:00","og_image":[{"width":191,"height":271,"url":"https:\/\/sysmatec.ch\/wp-content\/uploads\/2019\/05\/Humidite_RotronicHF1.jpg","type":"image\/jpeg"}],"twitter_card":"summary_large_image","twitter_misc":{"Gesch\u00e4tzte Lesezeit":"1\u00a0Minute"},"schema":{"@context":"https:\/\/schema.org","@graph":[{"@type":"WebPage","@id":"https:\/\/sysmatec.ch\/de\/produit\/feuchte-messumformer-hygroflex-1-hf1\/","url":"https:\/\/sysmatec.ch\/de\/produit\/feuchte-messumformer-hygroflex-1-hf1\/","name":"Feuchte-Messumformer HygroFlex 1 HF1 - Sysmatec","isPartOf":{"@id":"https:\/\/sysmatec.ch\/de\/#website"},"primaryImageOfPage":{"@id":"https:\/\/sysmatec.ch\/de\/produit\/feuchte-messumformer-hygroflex-1-hf1\/#primaryimage"},"image":{"@id":"https:\/\/sysmatec.ch\/de\/produit\/feuchte-messumformer-hygroflex-1-hf1\/#primaryimage"},"thumbnailUrl":"https:\/\/sysmatec.ch\/wp-content\/uploads\/2019\/05\/Humidite_RotronicHF1.jpg","datePublished":"2019-05-10T14:57:40+00:00","dateModified":"2022-01-22T20:43:56+00:00","description":"Temperatur- und Feuchtigkeitstransmitter mit Display. Es verf\u00fcgt \u00fcber analoge Ausg\u00e4nge zum Anschluss an zB eine SPS.","breadcrumb":{"@id":"https:\/\/sysmatec.ch\/de\/produit\/feuchte-messumformer-hygroflex-1-hf1\/#breadcrumb"},"inLanguage":"de","potentialAction":[{"@type":"ReadAction","target":["https:\/\/sysmatec.ch\/de\/produit\/feuchte-messumformer-hygroflex-1-hf1\/"]}]},{"@type":"ImageObject","inLanguage":"de","@id":"https:\/\/sysmatec.ch\/de\/produit\/feuchte-messumformer-hygroflex-1-hf1\/#primaryimage","url":"https:\/\/sysmatec.ch\/wp-content\/uploads\/2019\/05\/Humidite_RotronicHF1.jpg","contentUrl":"https:\/\/sysmatec.ch\/wp-content\/uploads\/2019\/05\/Humidite_RotronicHF1.jpg","width":191,"height":271},{"@type":"BreadcrumbList","@id":"https:\/\/sysmatec.ch\/de\/produit\/feuchte-messumformer-hygroflex-1-hf1\/#breadcrumb","itemListElement":[{"@type":"ListItem","position":1,"name":"Accueil","item":"https:\/\/sysmatec.ch\/de\/"},{"@type":"ListItem","position":2,"name":"Die Aktivit\u00e4t von Sysmatec","item":"https:\/\/sysmatec.ch\/de\/"},{"@type":"ListItem","position":3,"name":"Feuchte-Messumformer HygroFlex 1 HF1"}]},{"@type":"WebSite","@id":"https:\/\/sysmatec.ch\/de\/#website","url":"https:\/\/sysmatec.ch\/de\/","name":"Sysmatec","description":"Equipement de laboratoire et logiciels","publisher":{"@id":"https:\/\/sysmatec.ch\/de\/#organization"},"potentialAction":[{"@type":"SearchAction","target":{"@type":"EntryPoint","urlTemplate":"https:\/\/sysmatec.ch\/de\/?s={search_term_string}"},"query-input":{"@type":"PropertyValueSpecification","valueRequired":true,"valueName":"search_term_string"}}],"inLanguage":"de"},{"@type":"Organization","@id":"https:\/\/sysmatec.ch\/de\/#organization","name":"Sysmatec","url":"https:\/\/sysmatec.ch\/de\/","logo":{"@type":"ImageObject","inLanguage":"de","@id":"https:\/\/sysmatec.ch\/de\/#\/schema\/logo\/image\/","url":"https:\/\/sysmatec.ch\/wp-content\/uploads\/2018\/11\/LogoSysmatec.jpg","contentUrl":"https:\/\/sysmatec.ch\/wp-content\/uploads\/2018\/11\/LogoSysmatec.jpg","width":301,"height":297,"caption":"Sysmatec"},"image":{"@id":"https:\/\/sysmatec.ch\/de\/#\/schema\/logo\/image\/"}}]}},"_links":{"self":[{"href":"https:\/\/sysmatec.ch\/de\/wp-json\/wp\/v2\/product\/5958","targetHints":{"allow":["GET"]}}],"collection":[{"href":"https:\/\/sysmatec.ch\/de\/wp-json\/wp\/v2\/product"}],"about":[{"href":"https:\/\/sysmatec.ch\/de\/wp-json\/wp\/v2\/types\/product"}],"wp:featuredmedia":[{"embeddable":true,"href":"https:\/\/sysmatec.ch\/de\/wp-json\/wp\/v2\/media\/5956"}],"wp:attachment":[{"href":"https:\/\/sysmatec.ch\/de\/wp-json\/wp\/v2\/media?parent=5958"}],"wp:term":[{"taxonomy":"product_brand","embeddable":true,"href":"https:\/\/sysmatec.ch\/de\/wp-json\/wp\/v2\/product_brand?post=5958"},{"taxonomy":"product_cat","embeddable":true,"href":"https:\/\/sysmatec.ch\/de\/wp-json\/wp\/v2\/product_cat?post=5958"},{"taxonomy":"product_tag","embeddable":true,"href":"https:\/\/sysmatec.ch\/de\/wp-json\/wp\/v2\/product_tag?post=5958"}],"curies":[{"name":"wp","href":"https:\/\/api.w.org\/{rel}","templated":true}]}}