{"id":5951,"date":"2019-05-10T16:47:47","date_gmt":"2019-05-10T14:47:47","guid":{"rendered":"https:\/\/sysmatec.ch\/produit\/transmetteur-de-temperature-et-dhumidite-dst1000\/"},"modified":"2022-01-22T21:47:45","modified_gmt":"2022-01-22T20:47:45","slug":"temperatur-und-feuchte-transmitter-dst1000","status":"publish","type":"product","link":"https:\/\/sysmatec.ch\/de\/Produkt\/temperatur-und-feuchte-transmitter-dst1000\/","title":{"rendered":"Temperatur- und Feuchte-Transmitter DST1000"},"content":{"rendered":"<ul>\n<li type=\"disc\">Temperatur Messbereich : 0 \u00b0 C bis 50 \u00b0 C, -30 \u00b0 C bis 70 \u00b0 C, -40 \u00b0 C bis 60 \u00b0 C<\/li>\n<li type=\"disc\">Genauigkeit: \u00b1 0.5 \u00b0 C<\/li>\n<li type=\"disc\">Aufl\u00f6sung: 0.1 \u00b0 C<\/li>\n<li type=\"disc\">RH Messbereich: 0% bis 100% rF<\/li>\n<li type=\"disc\">Genauigkeit: \u00b1 3% RH (10% bis 85% RH) \/ \u00b1 5% RH (andere Bereich)<\/li>\n<li type=\"disc\">Aufl\u00f6sung: 0.1% rF<\/li>\n<li type=\"disc\">Stromversorgung: f\u00fcr Ausgang 4 bis 20 mA -&gt; (0.02 \u00d7 10-V-RL) &lt;UV &lt;30V DC, 0 bis 1 V \/ 0 bis 5V -&gt; 10V DC bis 30V DC, 0 bis 10V -&gt; 15V DC bis 30V DC<\/li>\n<li type=\"disc\">Arbeitstemperatur: -30 bis 70 \u00b0 C, 0 \u00b0 C bis 50 \u00b0 C (am besten)<\/li>\n<li type=\"disc\">Arbeitsfeuchtigkeit: 0% bis 100% rF<\/li>\n<li type=\"disc\">Lagertemperatur: -50 \u00b0 C bis 90 \u00b0 C<\/li>\n<li type=\"disc\">Transmitter Typ: 2-Draht 4 bis 20 mA, Spannungsausgang, RS485<\/li>\n<li type=\"disc\">Analogausgang: 4 bis 20 mA RL &lt;(UV-10) \/ 0.02 &lt;500\u03a9, 0 bis 10 V, 1 mA &lt;IL &lt;1 mA, 0 bis 5 V, 1 mA &lt;IL &lt;1 mA, 0 bis 1 V-1 mA &lt;IL &lt;1 mA<\/li>\n<li type=\"disc\">Leistungsaufnahme: \u2264 4 mA (24 V DC)<\/li>\n<li type=\"disc\">Digitaler Ausgang: RS485 (nur f\u00fcr DD-Version)<\/li>\n<li type=\"disc\">ESD-Schutz: \u00b1 25 kV<\/li>\n<li type=\"disc\">IP-Klasse: IP50<\/li>\n<li type=\"disc\">T Sensortyp: NTC<\/li>\n<li type=\"disc\">RH Sensor-Typ: Kapazitiver Sensor<\/li>\n<li type=\"disc\">Abmessungen: 100 \u00d7 100 \u00d7 25.5 mm<\/li>\n<li type=\"disc\">Geh\u00e4use: ABS + PC, flammwidrig , Halogen und Toxizit\u00e4t frei<\/li>\n<li type=\"disc\">Gewicht: 80g<\/li>\n<\/ul>\n","protected":false},"excerpt":{"rendered":"<p>Temperatur- und Feuchte-Transmitter mit Anzeige.<\/p>\n","protected":false},"featured_media":5945,"template":"","meta":{"_crdt_document":""},"product_brand":[],"product_cat":[175,180],"product_tag":[],"class_list":{"0":"post-5951","1":"product","2":"type-product","3":"status-publish","4":"has-post-thumbnail","6":"product_cat-feuchte","7":"product_cat-messung","9":"first","10":"instock","11":"taxable","12":"shipping-taxable","13":"product-type-simple"},"yoast_head":"<!-- This site is optimized with the Yoast SEO plugin v27.3 - https:\/\/yoast.com\/product\/yoast-seo-wordpress\/ -->\n<title>Temperatur- und Feuchte-Transmitter DST1000 - Sysmatec<\/title>\n<meta name=\"description\" content=\"Temperatur- und Feuchtigkeitstransmitter mit Display. Es verf\u00fcgt \u00fcber analoge Ausg\u00e4nge zum Anschluss an zB eine SPS.\" \/>\n<meta name=\"robots\" content=\"index, follow, max-snippet:-1, max-image-preview:large, max-video-preview:-1\" \/>\n<link rel=\"canonical\" href=\"https:\/\/sysmatec.ch\/de\/produit\/temperatur-und-feuchte-transmitter-dst1000\/\" \/>\n<meta property=\"og:locale\" content=\"de_DE\" \/>\n<meta property=\"og:type\" content=\"article\" \/>\n<meta property=\"og:title\" content=\"Temperatur- und Feuchte-Transmitter DST1000 - Sysmatec\" \/>\n<meta property=\"og:description\" content=\"Temperatur- und Feuchtigkeitstransmitter mit Display. Es verf\u00fcgt \u00fcber analoge Ausg\u00e4nge zum Anschluss an zB eine SPS.\" \/>\n<meta property=\"og:url\" content=\"https:\/\/sysmatec.ch\/de\/produit\/temperatur-und-feuchte-transmitter-dst1000\/\" \/>\n<meta property=\"og:site_name\" content=\"Sysmatec\" \/>\n<meta property=\"article:modified_time\" content=\"2022-01-22T20:47:45+00:00\" \/>\n<meta property=\"og:image\" content=\"https:\/\/sysmatec.ch\/wp-content\/uploads\/2019\/05\/Humidite_ZoglabDST1000.jpg\" \/>\n\t<meta property=\"og:image:width\" content=\"187\" \/>\n\t<meta property=\"og:image:height\" content=\"177\" \/>\n\t<meta property=\"og:image:type\" content=\"image\/jpeg\" \/>\n<meta name=\"twitter:card\" content=\"summary_large_image\" \/>\n<meta name=\"twitter:label1\" content=\"Gesch\u00e4tzte Lesezeit\" \/>\n\t<meta name=\"twitter:data1\" content=\"1\u00a0Minute\" \/>\n<script type=\"application\/ld+json\" class=\"yoast-schema-graph\">{\"@context\":\"https:\\\/\\\/schema.org\",\"@graph\":[{\"@type\":\"WebPage\",\"@id\":\"https:\\\/\\\/sysmatec.ch\\\/de\\\/produit\\\/temperatur-und-feuchte-transmitter-dst1000\\\/\",\"url\":\"https:\\\/\\\/sysmatec.ch\\\/de\\\/produit\\\/temperatur-und-feuchte-transmitter-dst1000\\\/\",\"name\":\"Temperatur- und Feuchte-Transmitter DST1000 - Sysmatec\",\"isPartOf\":{\"@id\":\"https:\\\/\\\/sysmatec.ch\\\/de\\\/#website\"},\"primaryImageOfPage\":{\"@id\":\"https:\\\/\\\/sysmatec.ch\\\/de\\\/produit\\\/temperatur-und-feuchte-transmitter-dst1000\\\/#primaryimage\"},\"image\":{\"@id\":\"https:\\\/\\\/sysmatec.ch\\\/de\\\/produit\\\/temperatur-und-feuchte-transmitter-dst1000\\\/#primaryimage\"},\"thumbnailUrl\":\"https:\\\/\\\/sysmatec.ch\\\/wp-content\\\/uploads\\\/2019\\\/05\\\/Humidite_ZoglabDST1000.jpg\",\"datePublished\":\"2019-05-10T14:47:47+00:00\",\"dateModified\":\"2022-01-22T20:47:45+00:00\",\"description\":\"Temperatur- und Feuchtigkeitstransmitter mit Display. Es verf\u00fcgt \u00fcber analoge Ausg\u00e4nge zum Anschluss an zB eine SPS.\",\"breadcrumb\":{\"@id\":\"https:\\\/\\\/sysmatec.ch\\\/de\\\/produit\\\/temperatur-und-feuchte-transmitter-dst1000\\\/#breadcrumb\"},\"inLanguage\":\"de\",\"potentialAction\":[{\"@type\":\"ReadAction\",\"target\":[\"https:\\\/\\\/sysmatec.ch\\\/de\\\/produit\\\/temperatur-und-feuchte-transmitter-dst1000\\\/\"]}]},{\"@type\":\"ImageObject\",\"inLanguage\":\"de\",\"@id\":\"https:\\\/\\\/sysmatec.ch\\\/de\\\/produit\\\/temperatur-und-feuchte-transmitter-dst1000\\\/#primaryimage\",\"url\":\"https:\\\/\\\/sysmatec.ch\\\/wp-content\\\/uploads\\\/2019\\\/05\\\/Humidite_ZoglabDST1000.jpg\",\"contentUrl\":\"https:\\\/\\\/sysmatec.ch\\\/wp-content\\\/uploads\\\/2019\\\/05\\\/Humidite_ZoglabDST1000.jpg\",\"width\":187,\"height\":177},{\"@type\":\"BreadcrumbList\",\"@id\":\"https:\\\/\\\/sysmatec.ch\\\/de\\\/produit\\\/temperatur-und-feuchte-transmitter-dst1000\\\/#breadcrumb\",\"itemListElement\":[{\"@type\":\"ListItem\",\"position\":1,\"name\":\"Accueil\",\"item\":\"https:\\\/\\\/sysmatec.ch\\\/de\\\/\"},{\"@type\":\"ListItem\",\"position\":2,\"name\":\"Die Aktivit\u00e4t von Sysmatec\",\"item\":\"https:\\\/\\\/sysmatec.ch\\\/de\\\/\"},{\"@type\":\"ListItem\",\"position\":3,\"name\":\"Temperatur- und Feuchte-Transmitter DST1000\"}]},{\"@type\":\"WebSite\",\"@id\":\"https:\\\/\\\/sysmatec.ch\\\/de\\\/#website\",\"url\":\"https:\\\/\\\/sysmatec.ch\\\/de\\\/\",\"name\":\"Sysmatec\",\"description\":\"Equipement de laboratoire et logiciels\",\"publisher\":{\"@id\":\"https:\\\/\\\/sysmatec.ch\\\/de\\\/#organization\"},\"potentialAction\":[{\"@type\":\"SearchAction\",\"target\":{\"@type\":\"EntryPoint\",\"urlTemplate\":\"https:\\\/\\\/sysmatec.ch\\\/de\\\/?s={search_term_string}\"},\"query-input\":{\"@type\":\"PropertyValueSpecification\",\"valueRequired\":true,\"valueName\":\"search_term_string\"}}],\"inLanguage\":\"de\"},{\"@type\":\"Organization\",\"@id\":\"https:\\\/\\\/sysmatec.ch\\\/de\\\/#organization\",\"name\":\"Sysmatec\",\"url\":\"https:\\\/\\\/sysmatec.ch\\\/de\\\/\",\"logo\":{\"@type\":\"ImageObject\",\"inLanguage\":\"de\",\"@id\":\"https:\\\/\\\/sysmatec.ch\\\/de\\\/#\\\/schema\\\/logo\\\/image\\\/\",\"url\":\"https:\\\/\\\/sysmatec.ch\\\/wp-content\\\/uploads\\\/2018\\\/11\\\/LogoSysmatec.jpg\",\"contentUrl\":\"https:\\\/\\\/sysmatec.ch\\\/wp-content\\\/uploads\\\/2018\\\/11\\\/LogoSysmatec.jpg\",\"width\":301,\"height\":297,\"caption\":\"Sysmatec\"},\"image\":{\"@id\":\"https:\\\/\\\/sysmatec.ch\\\/de\\\/#\\\/schema\\\/logo\\\/image\\\/\"}}]}<\/script>\n<!-- \/ Yoast SEO plugin. -->","yoast_head_json":{"title":"Temperatur- und Feuchte-Transmitter DST1000 - Sysmatec","description":"Temperatur- und Feuchtigkeitstransmitter mit Display. Es verf\u00fcgt \u00fcber analoge Ausg\u00e4nge zum Anschluss an zB eine SPS.","robots":{"index":"index","follow":"follow","max-snippet":"max-snippet:-1","max-image-preview":"max-image-preview:large","max-video-preview":"max-video-preview:-1"},"canonical":"https:\/\/sysmatec.ch\/de\/produit\/temperatur-und-feuchte-transmitter-dst1000\/","og_locale":"de_DE","og_type":"article","og_title":"Temperatur- und Feuchte-Transmitter DST1000 - Sysmatec","og_description":"Temperatur- und Feuchtigkeitstransmitter mit Display. Es verf\u00fcgt \u00fcber analoge Ausg\u00e4nge zum Anschluss an zB eine SPS.","og_url":"https:\/\/sysmatec.ch\/de\/produit\/temperatur-und-feuchte-transmitter-dst1000\/","og_site_name":"Sysmatec","article_modified_time":"2022-01-22T20:47:45+00:00","og_image":[{"width":187,"height":177,"url":"https:\/\/sysmatec.ch\/wp-content\/uploads\/2019\/05\/Humidite_ZoglabDST1000.jpg","type":"image\/jpeg"}],"twitter_card":"summary_large_image","twitter_misc":{"Gesch\u00e4tzte Lesezeit":"1\u00a0Minute"},"schema":{"@context":"https:\/\/schema.org","@graph":[{"@type":"WebPage","@id":"https:\/\/sysmatec.ch\/de\/produit\/temperatur-und-feuchte-transmitter-dst1000\/","url":"https:\/\/sysmatec.ch\/de\/produit\/temperatur-und-feuchte-transmitter-dst1000\/","name":"Temperatur- und Feuchte-Transmitter DST1000 - Sysmatec","isPartOf":{"@id":"https:\/\/sysmatec.ch\/de\/#website"},"primaryImageOfPage":{"@id":"https:\/\/sysmatec.ch\/de\/produit\/temperatur-und-feuchte-transmitter-dst1000\/#primaryimage"},"image":{"@id":"https:\/\/sysmatec.ch\/de\/produit\/temperatur-und-feuchte-transmitter-dst1000\/#primaryimage"},"thumbnailUrl":"https:\/\/sysmatec.ch\/wp-content\/uploads\/2019\/05\/Humidite_ZoglabDST1000.jpg","datePublished":"2019-05-10T14:47:47+00:00","dateModified":"2022-01-22T20:47:45+00:00","description":"Temperatur- und Feuchtigkeitstransmitter mit Display. Es verf\u00fcgt \u00fcber analoge Ausg\u00e4nge zum Anschluss an zB eine SPS.","breadcrumb":{"@id":"https:\/\/sysmatec.ch\/de\/produit\/temperatur-und-feuchte-transmitter-dst1000\/#breadcrumb"},"inLanguage":"de","potentialAction":[{"@type":"ReadAction","target":["https:\/\/sysmatec.ch\/de\/produit\/temperatur-und-feuchte-transmitter-dst1000\/"]}]},{"@type":"ImageObject","inLanguage":"de","@id":"https:\/\/sysmatec.ch\/de\/produit\/temperatur-und-feuchte-transmitter-dst1000\/#primaryimage","url":"https:\/\/sysmatec.ch\/wp-content\/uploads\/2019\/05\/Humidite_ZoglabDST1000.jpg","contentUrl":"https:\/\/sysmatec.ch\/wp-content\/uploads\/2019\/05\/Humidite_ZoglabDST1000.jpg","width":187,"height":177},{"@type":"BreadcrumbList","@id":"https:\/\/sysmatec.ch\/de\/produit\/temperatur-und-feuchte-transmitter-dst1000\/#breadcrumb","itemListElement":[{"@type":"ListItem","position":1,"name":"Accueil","item":"https:\/\/sysmatec.ch\/de\/"},{"@type":"ListItem","position":2,"name":"Die Aktivit\u00e4t von Sysmatec","item":"https:\/\/sysmatec.ch\/de\/"},{"@type":"ListItem","position":3,"name":"Temperatur- und Feuchte-Transmitter DST1000"}]},{"@type":"WebSite","@id":"https:\/\/sysmatec.ch\/de\/#website","url":"https:\/\/sysmatec.ch\/de\/","name":"Sysmatec","description":"Equipement de laboratoire et logiciels","publisher":{"@id":"https:\/\/sysmatec.ch\/de\/#organization"},"potentialAction":[{"@type":"SearchAction","target":{"@type":"EntryPoint","urlTemplate":"https:\/\/sysmatec.ch\/de\/?s={search_term_string}"},"query-input":{"@type":"PropertyValueSpecification","valueRequired":true,"valueName":"search_term_string"}}],"inLanguage":"de"},{"@type":"Organization","@id":"https:\/\/sysmatec.ch\/de\/#organization","name":"Sysmatec","url":"https:\/\/sysmatec.ch\/de\/","logo":{"@type":"ImageObject","inLanguage":"de","@id":"https:\/\/sysmatec.ch\/de\/#\/schema\/logo\/image\/","url":"https:\/\/sysmatec.ch\/wp-content\/uploads\/2018\/11\/LogoSysmatec.jpg","contentUrl":"https:\/\/sysmatec.ch\/wp-content\/uploads\/2018\/11\/LogoSysmatec.jpg","width":301,"height":297,"caption":"Sysmatec"},"image":{"@id":"https:\/\/sysmatec.ch\/de\/#\/schema\/logo\/image\/"}}]}},"_links":{"self":[{"href":"https:\/\/sysmatec.ch\/de\/wp-json\/wp\/v2\/product\/5951","targetHints":{"allow":["GET"]}}],"collection":[{"href":"https:\/\/sysmatec.ch\/de\/wp-json\/wp\/v2\/product"}],"about":[{"href":"https:\/\/sysmatec.ch\/de\/wp-json\/wp\/v2\/types\/product"}],"wp:featuredmedia":[{"embeddable":true,"href":"https:\/\/sysmatec.ch\/de\/wp-json\/wp\/v2\/media\/5945"}],"wp:attachment":[{"href":"https:\/\/sysmatec.ch\/de\/wp-json\/wp\/v2\/media?parent=5951"}],"wp:term":[{"taxonomy":"product_brand","embeddable":true,"href":"https:\/\/sysmatec.ch\/de\/wp-json\/wp\/v2\/product_brand?post=5951"},{"taxonomy":"product_cat","embeddable":true,"href":"https:\/\/sysmatec.ch\/de\/wp-json\/wp\/v2\/product_cat?post=5951"},{"taxonomy":"product_tag","embeddable":true,"href":"https:\/\/sysmatec.ch\/de\/wp-json\/wp\/v2\/product_tag?post=5951"}],"curies":[{"name":"wp","href":"https:\/\/api.w.org\/{rel}","templated":true}]}}