{"id":5912,"date":"2019-05-05T21:25:06","date_gmt":"2019-05-05T19:25:06","guid":{"rendered":"https:\/\/sysmatec.ch\/produit\/thermometre-infrarouge-avec-mesure-dhumidite-testo-845-2\/"},"modified":"2022-01-23T10:18:28","modified_gmt":"2022-01-23T09:18:28","slug":"infrarot-thermometer-mit-feuchtemessungtesto-845","status":"publish","type":"product","link":"https:\/\/sysmatec.ch\/de\/Produkt\/infrarot-thermometer-mit-feuchtemessungtesto-845\/","title":{"rendered":"Infrarot Thermometer mit FeuchtemessungTesto 845"},"content":{"rendered":"<ul>\n<li>Infrarot-Temperatur-Messger\u00e4t mit Kreuzlasermarkierung, umschaltbare Optik f\u00fcr Fernfeld- und Scharfpunktmessung, Kontakt-Temperaturf\u00fchler anschlie\u00dfbar, optischer\/akustischer Alarm, Messwertspeicher, PC-Software inkl. USB-Daten\u00fcbertragungskabel, Alu-Koffer, Batterie und Kalibrier-Protokoll<\/li>\n<li>F\u00fcr Messungen im Fernfeld ist das testo 845 mit einer optischen Aufl\u00f6sung von 75:1 ausgestattet. Es k\u00f6nnen Oberfl\u00e4chen-Temperaturen auch bei gro\u00dfer Entfernung zum Messobjekt genau gemessen werden. Bei einem Abstand von 1,2 Meter zum Messobjekt betr\u00e4gt der Messfleckdurchmesser nur 16 mm. Ein Kreuzlaser markiert bei der Messung exakt die Messstelle. Falschmessungen werden eliminiert &#8211; Sie wissen immer genau wo Sie messen.<\/li>\n<li>Die Scharfpunktoptik erm\u00f6glicht die Temperaturmessung von kleinsten Oberfl\u00e4chen mit einem Durchmesser von nur 1 mm, Abstand 70 mm! Zwei Laser markieren hier exakt den Messfleck.<\/li>\n<li>Referenzgenauigkeit \u00b10,75 \u00b0C mit superschneller Messtechnik (Scanning 100 ms)<\/li>\n<li>Optischer und akustischer Alarm bei Grenzwert\u00fcberschreitung<\/li>\n<li>F\u00fchlereingang f\u00fcr TE-F\u00fchler zur Emissionsgrad-Bestimmung<\/li>\n<li>Messbereich f\u00fcr IR-Messung und Thermof\u00fchler Typ K: -35 bis +950 \u00b0C<\/li>\n<li>Genauigkeit IR Messung: \u00b12.5 \u00b0C (-35 &#8230; -20.1 \u00b0C), \u00b11.5 \u00b0C (-20 &#8230; +19.9 \u00b0C), \u00b10.75 \u00b0C (+20 &#8230; +99.9 \u00b0C), \u00b10.75% v.m. (+100 &#8230; +950 \u00b0C)<\/li>\n<li>Aufl\u00f6sung: 0.1 \u00b0C<\/li>\n<li>mit integriertem Feuchtemodul zur Messung der Raumluftfeuchte und zur Bestimmung des Taupunktabstands.<\/li>\n<li>Messbereich: 0 bis +100 %HR<\/li>\n<li>Genauigkeit: \u00b12 %HR (2 bis 98 %HR)<\/li>\n<li>Betriebstemperatur: -20 bis +50 \u00b0C<\/li>\n<li>Batterien: 2 x AA<\/li>\n<li>Gewicht 465 g, Dimension 155 x 58 x 195 mm<\/li>\n<li>Ger\u00e4tespeicher f\u00fcr 90 Messprotokolle<\/li>\n<li>PC-Software zur Archivierung und Dokumentation der Messdaten (im Lieferumfang)<\/li>\n<li>Halterung f\u00fcr Stativ zur Online-Messung \u00fcber USB-Kabel (im Lieferumfang)<\/li>\n<li>Messdaten-Dokumentation vor Ort mit Testo-Protokolldrucker<\/li>\n<li>Alu-Koffer f\u00fcr Messger\u00e4t und Zubeh\u00f6r (im Lieferumfang)<\/li>\n<\/ul>\n","protected":false},"excerpt":{"rendered":"<p>Infrarot Thermometer mit Feuchtemessung<\/p>\n","protected":false},"featured_media":5905,"template":"","meta":{"_crdt_document":""},"product_brand":[],"product_cat":[175,180],"product_tag":[],"class_list":{"0":"post-5912","1":"product","2":"type-product","3":"status-publish","4":"has-post-thumbnail","6":"product_cat-feuchte","7":"product_cat-messung","9":"first","10":"instock","11":"taxable","12":"shipping-taxable","13":"product-type-simple"},"yoast_head":"<!-- This site is optimized with the Yoast SEO plugin v27.3 - https:\/\/yoast.com\/product\/yoast-seo-wordpress\/ -->\n<title>Infrarot Thermometer mit FeuchtemessungTesto 845 - Sysmatec<\/title>\n<meta name=\"description\" content=\"Infrarot-Thermometer mit Feuchtigkeitsmessung, um beispielsweise den Taupunkt an einer Wand zu bestimmen.\" \/>\n<meta name=\"robots\" content=\"index, follow, max-snippet:-1, max-image-preview:large, max-video-preview:-1\" \/>\n<link rel=\"canonical\" href=\"https:\/\/sysmatec.ch\/de\/produit\/infrarot-thermometer-mit-feuchtemessungtesto-845\/\" \/>\n<meta property=\"og:locale\" content=\"de_DE\" \/>\n<meta property=\"og:type\" content=\"article\" \/>\n<meta property=\"og:title\" content=\"Infrarot Thermometer mit FeuchtemessungTesto 845 - Sysmatec\" \/>\n<meta property=\"og:description\" content=\"Infrarot-Thermometer mit Feuchtigkeitsmessung, um beispielsweise den Taupunkt an einer Wand zu bestimmen.\" \/>\n<meta property=\"og:url\" content=\"https:\/\/sysmatec.ch\/de\/produit\/infrarot-thermometer-mit-feuchtemessungtesto-845\/\" \/>\n<meta property=\"og:site_name\" content=\"Sysmatec\" \/>\n<meta property=\"article:modified_time\" content=\"2022-01-23T09:18:28+00:00\" \/>\n<meta property=\"og:image\" content=\"https:\/\/sysmatec.ch\/wp-content\/uploads\/2019\/05\/Humidite_Testo845.gif\" \/>\n\t<meta property=\"og:image:width\" content=\"150\" \/>\n\t<meta property=\"og:image:height\" content=\"171\" \/>\n\t<meta property=\"og:image:type\" content=\"image\/gif\" \/>\n<meta name=\"twitter:card\" content=\"summary_large_image\" \/>\n<meta name=\"twitter:label1\" content=\"Gesch\u00e4tzte Lesezeit\" \/>\n\t<meta name=\"twitter:data1\" content=\"1\u00a0Minute\" \/>\n<script type=\"application\/ld+json\" class=\"yoast-schema-graph\">{\"@context\":\"https:\\\/\\\/schema.org\",\"@graph\":[{\"@type\":\"WebPage\",\"@id\":\"https:\\\/\\\/sysmatec.ch\\\/de\\\/produit\\\/infrarot-thermometer-mit-feuchtemessungtesto-845\\\/\",\"url\":\"https:\\\/\\\/sysmatec.ch\\\/de\\\/produit\\\/infrarot-thermometer-mit-feuchtemessungtesto-845\\\/\",\"name\":\"Infrarot Thermometer mit FeuchtemessungTesto 845 - Sysmatec\",\"isPartOf\":{\"@id\":\"https:\\\/\\\/sysmatec.ch\\\/de\\\/#website\"},\"primaryImageOfPage\":{\"@id\":\"https:\\\/\\\/sysmatec.ch\\\/de\\\/produit\\\/infrarot-thermometer-mit-feuchtemessungtesto-845\\\/#primaryimage\"},\"image\":{\"@id\":\"https:\\\/\\\/sysmatec.ch\\\/de\\\/produit\\\/infrarot-thermometer-mit-feuchtemessungtesto-845\\\/#primaryimage\"},\"thumbnailUrl\":\"https:\\\/\\\/sysmatec.ch\\\/wp-content\\\/uploads\\\/2019\\\/05\\\/Humidite_Testo845.gif\",\"datePublished\":\"2019-05-05T19:25:06+00:00\",\"dateModified\":\"2022-01-23T09:18:28+00:00\",\"description\":\"Infrarot-Thermometer mit Feuchtigkeitsmessung, um beispielsweise den Taupunkt an einer Wand zu bestimmen.\",\"breadcrumb\":{\"@id\":\"https:\\\/\\\/sysmatec.ch\\\/de\\\/produit\\\/infrarot-thermometer-mit-feuchtemessungtesto-845\\\/#breadcrumb\"},\"inLanguage\":\"de\",\"potentialAction\":[{\"@type\":\"ReadAction\",\"target\":[\"https:\\\/\\\/sysmatec.ch\\\/de\\\/produit\\\/infrarot-thermometer-mit-feuchtemessungtesto-845\\\/\"]}]},{\"@type\":\"ImageObject\",\"inLanguage\":\"de\",\"@id\":\"https:\\\/\\\/sysmatec.ch\\\/de\\\/produit\\\/infrarot-thermometer-mit-feuchtemessungtesto-845\\\/#primaryimage\",\"url\":\"https:\\\/\\\/sysmatec.ch\\\/wp-content\\\/uploads\\\/2019\\\/05\\\/Humidite_Testo845.gif\",\"contentUrl\":\"https:\\\/\\\/sysmatec.ch\\\/wp-content\\\/uploads\\\/2019\\\/05\\\/Humidite_Testo845.gif\",\"width\":150,\"height\":171},{\"@type\":\"BreadcrumbList\",\"@id\":\"https:\\\/\\\/sysmatec.ch\\\/de\\\/produit\\\/infrarot-thermometer-mit-feuchtemessungtesto-845\\\/#breadcrumb\",\"itemListElement\":[{\"@type\":\"ListItem\",\"position\":1,\"name\":\"Accueil\",\"item\":\"https:\\\/\\\/sysmatec.ch\\\/de\\\/\"},{\"@type\":\"ListItem\",\"position\":2,\"name\":\"Die Aktivit\u00e4t von Sysmatec\",\"item\":\"https:\\\/\\\/sysmatec.ch\\\/de\\\/\"},{\"@type\":\"ListItem\",\"position\":3,\"name\":\"Infrarot Thermometer mit FeuchtemessungTesto 845\"}]},{\"@type\":\"WebSite\",\"@id\":\"https:\\\/\\\/sysmatec.ch\\\/de\\\/#website\",\"url\":\"https:\\\/\\\/sysmatec.ch\\\/de\\\/\",\"name\":\"Sysmatec\",\"description\":\"Equipement de laboratoire et logiciels\",\"publisher\":{\"@id\":\"https:\\\/\\\/sysmatec.ch\\\/de\\\/#organization\"},\"potentialAction\":[{\"@type\":\"SearchAction\",\"target\":{\"@type\":\"EntryPoint\",\"urlTemplate\":\"https:\\\/\\\/sysmatec.ch\\\/de\\\/?s={search_term_string}\"},\"query-input\":{\"@type\":\"PropertyValueSpecification\",\"valueRequired\":true,\"valueName\":\"search_term_string\"}}],\"inLanguage\":\"de\"},{\"@type\":\"Organization\",\"@id\":\"https:\\\/\\\/sysmatec.ch\\\/de\\\/#organization\",\"name\":\"Sysmatec\",\"url\":\"https:\\\/\\\/sysmatec.ch\\\/de\\\/\",\"logo\":{\"@type\":\"ImageObject\",\"inLanguage\":\"de\",\"@id\":\"https:\\\/\\\/sysmatec.ch\\\/de\\\/#\\\/schema\\\/logo\\\/image\\\/\",\"url\":\"https:\\\/\\\/sysmatec.ch\\\/wp-content\\\/uploads\\\/2018\\\/11\\\/LogoSysmatec.jpg\",\"contentUrl\":\"https:\\\/\\\/sysmatec.ch\\\/wp-content\\\/uploads\\\/2018\\\/11\\\/LogoSysmatec.jpg\",\"width\":301,\"height\":297,\"caption\":\"Sysmatec\"},\"image\":{\"@id\":\"https:\\\/\\\/sysmatec.ch\\\/de\\\/#\\\/schema\\\/logo\\\/image\\\/\"}}]}<\/script>\n<!-- \/ Yoast SEO plugin. -->","yoast_head_json":{"title":"Infrarot Thermometer mit FeuchtemessungTesto 845 - Sysmatec","description":"Infrarot-Thermometer mit Feuchtigkeitsmessung, um beispielsweise den Taupunkt an einer Wand zu bestimmen.","robots":{"index":"index","follow":"follow","max-snippet":"max-snippet:-1","max-image-preview":"max-image-preview:large","max-video-preview":"max-video-preview:-1"},"canonical":"https:\/\/sysmatec.ch\/de\/produit\/infrarot-thermometer-mit-feuchtemessungtesto-845\/","og_locale":"de_DE","og_type":"article","og_title":"Infrarot Thermometer mit FeuchtemessungTesto 845 - Sysmatec","og_description":"Infrarot-Thermometer mit Feuchtigkeitsmessung, um beispielsweise den Taupunkt an einer Wand zu bestimmen.","og_url":"https:\/\/sysmatec.ch\/de\/produit\/infrarot-thermometer-mit-feuchtemessungtesto-845\/","og_site_name":"Sysmatec","article_modified_time":"2022-01-23T09:18:28+00:00","og_image":[{"width":150,"height":171,"url":"https:\/\/sysmatec.ch\/wp-content\/uploads\/2019\/05\/Humidite_Testo845.gif","type":"image\/gif"}],"twitter_card":"summary_large_image","twitter_misc":{"Gesch\u00e4tzte Lesezeit":"1\u00a0Minute"},"schema":{"@context":"https:\/\/schema.org","@graph":[{"@type":"WebPage","@id":"https:\/\/sysmatec.ch\/de\/produit\/infrarot-thermometer-mit-feuchtemessungtesto-845\/","url":"https:\/\/sysmatec.ch\/de\/produit\/infrarot-thermometer-mit-feuchtemessungtesto-845\/","name":"Infrarot Thermometer mit FeuchtemessungTesto 845 - Sysmatec","isPartOf":{"@id":"https:\/\/sysmatec.ch\/de\/#website"},"primaryImageOfPage":{"@id":"https:\/\/sysmatec.ch\/de\/produit\/infrarot-thermometer-mit-feuchtemessungtesto-845\/#primaryimage"},"image":{"@id":"https:\/\/sysmatec.ch\/de\/produit\/infrarot-thermometer-mit-feuchtemessungtesto-845\/#primaryimage"},"thumbnailUrl":"https:\/\/sysmatec.ch\/wp-content\/uploads\/2019\/05\/Humidite_Testo845.gif","datePublished":"2019-05-05T19:25:06+00:00","dateModified":"2022-01-23T09:18:28+00:00","description":"Infrarot-Thermometer mit Feuchtigkeitsmessung, um beispielsweise den Taupunkt an einer Wand zu bestimmen.","breadcrumb":{"@id":"https:\/\/sysmatec.ch\/de\/produit\/infrarot-thermometer-mit-feuchtemessungtesto-845\/#breadcrumb"},"inLanguage":"de","potentialAction":[{"@type":"ReadAction","target":["https:\/\/sysmatec.ch\/de\/produit\/infrarot-thermometer-mit-feuchtemessungtesto-845\/"]}]},{"@type":"ImageObject","inLanguage":"de","@id":"https:\/\/sysmatec.ch\/de\/produit\/infrarot-thermometer-mit-feuchtemessungtesto-845\/#primaryimage","url":"https:\/\/sysmatec.ch\/wp-content\/uploads\/2019\/05\/Humidite_Testo845.gif","contentUrl":"https:\/\/sysmatec.ch\/wp-content\/uploads\/2019\/05\/Humidite_Testo845.gif","width":150,"height":171},{"@type":"BreadcrumbList","@id":"https:\/\/sysmatec.ch\/de\/produit\/infrarot-thermometer-mit-feuchtemessungtesto-845\/#breadcrumb","itemListElement":[{"@type":"ListItem","position":1,"name":"Accueil","item":"https:\/\/sysmatec.ch\/de\/"},{"@type":"ListItem","position":2,"name":"Die Aktivit\u00e4t von Sysmatec","item":"https:\/\/sysmatec.ch\/de\/"},{"@type":"ListItem","position":3,"name":"Infrarot Thermometer mit FeuchtemessungTesto 845"}]},{"@type":"WebSite","@id":"https:\/\/sysmatec.ch\/de\/#website","url":"https:\/\/sysmatec.ch\/de\/","name":"Sysmatec","description":"Equipement de laboratoire et logiciels","publisher":{"@id":"https:\/\/sysmatec.ch\/de\/#organization"},"potentialAction":[{"@type":"SearchAction","target":{"@type":"EntryPoint","urlTemplate":"https:\/\/sysmatec.ch\/de\/?s={search_term_string}"},"query-input":{"@type":"PropertyValueSpecification","valueRequired":true,"valueName":"search_term_string"}}],"inLanguage":"de"},{"@type":"Organization","@id":"https:\/\/sysmatec.ch\/de\/#organization","name":"Sysmatec","url":"https:\/\/sysmatec.ch\/de\/","logo":{"@type":"ImageObject","inLanguage":"de","@id":"https:\/\/sysmatec.ch\/de\/#\/schema\/logo\/image\/","url":"https:\/\/sysmatec.ch\/wp-content\/uploads\/2018\/11\/LogoSysmatec.jpg","contentUrl":"https:\/\/sysmatec.ch\/wp-content\/uploads\/2018\/11\/LogoSysmatec.jpg","width":301,"height":297,"caption":"Sysmatec"},"image":{"@id":"https:\/\/sysmatec.ch\/de\/#\/schema\/logo\/image\/"}}]}},"_links":{"self":[{"href":"https:\/\/sysmatec.ch\/de\/wp-json\/wp\/v2\/product\/5912","targetHints":{"allow":["GET"]}}],"collection":[{"href":"https:\/\/sysmatec.ch\/de\/wp-json\/wp\/v2\/product"}],"about":[{"href":"https:\/\/sysmatec.ch\/de\/wp-json\/wp\/v2\/types\/product"}],"wp:featuredmedia":[{"embeddable":true,"href":"https:\/\/sysmatec.ch\/de\/wp-json\/wp\/v2\/media\/5905"}],"wp:attachment":[{"href":"https:\/\/sysmatec.ch\/de\/wp-json\/wp\/v2\/media?parent=5912"}],"wp:term":[{"taxonomy":"product_brand","embeddable":true,"href":"https:\/\/sysmatec.ch\/de\/wp-json\/wp\/v2\/product_brand?post=5912"},{"taxonomy":"product_cat","embeddable":true,"href":"https:\/\/sysmatec.ch\/de\/wp-json\/wp\/v2\/product_cat?post=5912"},{"taxonomy":"product_tag","embeddable":true,"href":"https:\/\/sysmatec.ch\/de\/wp-json\/wp\/v2\/product_tag?post=5912"}],"curies":[{"name":"wp","href":"https:\/\/api.w.org\/{rel}","templated":true}]}}