{"id":5864,"date":"2019-05-04T09:38:20","date_gmt":"2019-05-04T07:38:20","guid":{"rendered":"https:\/\/sysmatec.ch\/produit\/testeur-de-durete-leeb-portable-mh660\/"},"modified":"2022-01-23T12:24:13","modified_gmt":"2022-01-23T11:24:13","slug":"tragbares-leeb-haertepruefgeraet-mh660","status":"publish","type":"product","link":"https:\/\/sysmatec.ch\/de\/Produkt\/tragbares-leeb-haertepruefgeraet-mh660\/","title":{"rendered":"Tragbares Leeb-H\u00e4rtepr\u00fcfger\u00e4t MH660"},"content":{"rendered":"<p>Das Grundprinzip besteht darin, unter bestimmten Pr\u00fcfkr\u00e4ften einen K\u00f6rper bestimmter Gewicht gegen die Pr\u00fcffl\u00e4che aufprllane zu lassen, und dann die Aufprallgeschwindigkeit und die R\u00fcckprallgeschwindigkeit zu messen.<\/p>\n<ul>\n<li type=\"disc\">Messbereich:70 bis 960 HLD<\/li>\n<li type=\"disc\">Genauigkeit: \u00b1 6HLD<\/li>\n<li type=\"disc\">Arbeitszeit: ca. 300 Std<\/li>\n<li type=\"disc\">Haupteinheitsgewicht: 395 g<\/li>\n<li type=\"disc\">Gesamtgewicht: ca 5 kg<\/li>\n<li type=\"disc\">Ma\u00dfe: 120mm X 67mm X 31mm<\/li>\n<li type=\"disc\">H\u00e4rte, HL, HB, HRB, HRC, HRA, HV, HS<\/li>\n<li type=\"disc\">Material: Stahl und Stahlguss, Kaltwerkzeugstahl, Edelstahl, Grauguss, Sph\u00e4roguss, Gussaluminium<\/li>\n<\/ul>\n","protected":false},"excerpt":{"rendered":"<p>Tragbares Leeb-H\u00e4rtepr\u00fcfger\u00e4t<\/p>\n","protected":false},"featured_media":5862,"template":"","meta":{"_crdt_document":""},"product_brand":[],"product_cat":[200],"product_tag":[],"class_list":{"0":"post-5864","1":"product","2":"type-product","3":"status-publish","4":"has-post-thumbnail","6":"product_cat-harte","8":"first","9":"instock","10":"taxable","11":"shipping-taxable","12":"product-type-simple"},"yoast_head":"<!-- This site is optimized with the Yoast SEO plugin v27.3 - https:\/\/yoast.com\/product\/yoast-seo-wordpress\/ -->\n<title>Tragbares Leeb-H\u00e4rtepr\u00fcfger\u00e4t MH660 - Sysmatec<\/title>\n<meta name=\"description\" content=\"Leeb-H\u00e4rtepr\u00fcfger\u00e4t. Messung durch Aufprall. Das Ger\u00e4t ist f\u00fcr die H\u00e4rteskalen HL, HB, HRB, HRC, HRA, HV, HS ausgelegt.\" \/>\n<meta name=\"robots\" content=\"index, follow, max-snippet:-1, max-image-preview:large, max-video-preview:-1\" \/>\n<link rel=\"canonical\" href=\"https:\/\/sysmatec.ch\/de\/produit\/tragbares-leeb-haertepruefgeraet-mh660\/\" \/>\n<meta property=\"og:locale\" content=\"de_DE\" \/>\n<meta property=\"og:type\" content=\"article\" \/>\n<meta property=\"og:title\" content=\"Tragbares Leeb-H\u00e4rtepr\u00fcfger\u00e4t MH660 - Sysmatec\" \/>\n<meta property=\"og:description\" content=\"Leeb-H\u00e4rtepr\u00fcfger\u00e4t. Messung durch Aufprall. Das Ger\u00e4t ist f\u00fcr die H\u00e4rteskalen HL, HB, HRB, HRC, HRA, HV, HS ausgelegt.\" \/>\n<meta property=\"og:url\" content=\"https:\/\/sysmatec.ch\/de\/produit\/tragbares-leeb-haertepruefgeraet-mh660\/\" \/>\n<meta property=\"og:site_name\" content=\"Sysmatec\" \/>\n<meta property=\"article:modified_time\" content=\"2022-01-23T11:24:13+00:00\" \/>\n<meta property=\"og:image\" content=\"https:\/\/sysmatec.ch\/wp-content\/uploads\/2019\/05\/Durete_MitechMH660.jpg\" \/>\n\t<meta property=\"og:image:width\" content=\"192\" \/>\n\t<meta property=\"og:image:height\" content=\"192\" \/>\n\t<meta property=\"og:image:type\" content=\"image\/jpeg\" \/>\n<meta name=\"twitter:card\" content=\"summary_large_image\" \/>\n<script type=\"application\/ld+json\" class=\"yoast-schema-graph\">{\"@context\":\"https:\\\/\\\/schema.org\",\"@graph\":[{\"@type\":\"WebPage\",\"@id\":\"https:\\\/\\\/sysmatec.ch\\\/de\\\/produit\\\/tragbares-leeb-haertepruefgeraet-mh660\\\/\",\"url\":\"https:\\\/\\\/sysmatec.ch\\\/de\\\/produit\\\/tragbares-leeb-haertepruefgeraet-mh660\\\/\",\"name\":\"Tragbares Leeb-H\u00e4rtepr\u00fcfger\u00e4t MH660 - Sysmatec\",\"isPartOf\":{\"@id\":\"https:\\\/\\\/sysmatec.ch\\\/de\\\/#website\"},\"primaryImageOfPage\":{\"@id\":\"https:\\\/\\\/sysmatec.ch\\\/de\\\/produit\\\/tragbares-leeb-haertepruefgeraet-mh660\\\/#primaryimage\"},\"image\":{\"@id\":\"https:\\\/\\\/sysmatec.ch\\\/de\\\/produit\\\/tragbares-leeb-haertepruefgeraet-mh660\\\/#primaryimage\"},\"thumbnailUrl\":\"https:\\\/\\\/sysmatec.ch\\\/wp-content\\\/uploads\\\/2019\\\/05\\\/Durete_MitechMH660.jpg\",\"datePublished\":\"2019-05-04T07:38:20+00:00\",\"dateModified\":\"2022-01-23T11:24:13+00:00\",\"description\":\"Leeb-H\u00e4rtepr\u00fcfger\u00e4t. Messung durch Aufprall. Das Ger\u00e4t ist f\u00fcr die H\u00e4rteskalen HL, HB, HRB, HRC, HRA, HV, HS ausgelegt.\",\"breadcrumb\":{\"@id\":\"https:\\\/\\\/sysmatec.ch\\\/de\\\/produit\\\/tragbares-leeb-haertepruefgeraet-mh660\\\/#breadcrumb\"},\"inLanguage\":\"de\",\"potentialAction\":[{\"@type\":\"ReadAction\",\"target\":[\"https:\\\/\\\/sysmatec.ch\\\/de\\\/produit\\\/tragbares-leeb-haertepruefgeraet-mh660\\\/\"]}]},{\"@type\":\"ImageObject\",\"inLanguage\":\"de\",\"@id\":\"https:\\\/\\\/sysmatec.ch\\\/de\\\/produit\\\/tragbares-leeb-haertepruefgeraet-mh660\\\/#primaryimage\",\"url\":\"https:\\\/\\\/sysmatec.ch\\\/wp-content\\\/uploads\\\/2019\\\/05\\\/Durete_MitechMH660.jpg\",\"contentUrl\":\"https:\\\/\\\/sysmatec.ch\\\/wp-content\\\/uploads\\\/2019\\\/05\\\/Durete_MitechMH660.jpg\",\"width\":192,\"height\":192},{\"@type\":\"BreadcrumbList\",\"@id\":\"https:\\\/\\\/sysmatec.ch\\\/de\\\/produit\\\/tragbares-leeb-haertepruefgeraet-mh660\\\/#breadcrumb\",\"itemListElement\":[{\"@type\":\"ListItem\",\"position\":1,\"name\":\"Accueil\",\"item\":\"https:\\\/\\\/sysmatec.ch\\\/de\\\/\"},{\"@type\":\"ListItem\",\"position\":2,\"name\":\"Die Aktivit\u00e4t von Sysmatec\",\"item\":\"https:\\\/\\\/sysmatec.ch\\\/de\\\/\"},{\"@type\":\"ListItem\",\"position\":3,\"name\":\"Tragbares Leeb-H\u00e4rtepr\u00fcfger\u00e4t MH660\"}]},{\"@type\":\"WebSite\",\"@id\":\"https:\\\/\\\/sysmatec.ch\\\/de\\\/#website\",\"url\":\"https:\\\/\\\/sysmatec.ch\\\/de\\\/\",\"name\":\"Sysmatec\",\"description\":\"Equipement de laboratoire et logiciels\",\"publisher\":{\"@id\":\"https:\\\/\\\/sysmatec.ch\\\/de\\\/#organization\"},\"potentialAction\":[{\"@type\":\"SearchAction\",\"target\":{\"@type\":\"EntryPoint\",\"urlTemplate\":\"https:\\\/\\\/sysmatec.ch\\\/de\\\/?s={search_term_string}\"},\"query-input\":{\"@type\":\"PropertyValueSpecification\",\"valueRequired\":true,\"valueName\":\"search_term_string\"}}],\"inLanguage\":\"de\"},{\"@type\":\"Organization\",\"@id\":\"https:\\\/\\\/sysmatec.ch\\\/de\\\/#organization\",\"name\":\"Sysmatec\",\"url\":\"https:\\\/\\\/sysmatec.ch\\\/de\\\/\",\"logo\":{\"@type\":\"ImageObject\",\"inLanguage\":\"de\",\"@id\":\"https:\\\/\\\/sysmatec.ch\\\/de\\\/#\\\/schema\\\/logo\\\/image\\\/\",\"url\":\"https:\\\/\\\/sysmatec.ch\\\/wp-content\\\/uploads\\\/2018\\\/11\\\/LogoSysmatec.jpg\",\"contentUrl\":\"https:\\\/\\\/sysmatec.ch\\\/wp-content\\\/uploads\\\/2018\\\/11\\\/LogoSysmatec.jpg\",\"width\":301,\"height\":297,\"caption\":\"Sysmatec\"},\"image\":{\"@id\":\"https:\\\/\\\/sysmatec.ch\\\/de\\\/#\\\/schema\\\/logo\\\/image\\\/\"}}]}<\/script>\n<!-- \/ Yoast SEO plugin. -->","yoast_head_json":{"title":"Tragbares Leeb-H\u00e4rtepr\u00fcfger\u00e4t MH660 - Sysmatec","description":"Leeb-H\u00e4rtepr\u00fcfger\u00e4t. Messung durch Aufprall. Das Ger\u00e4t ist f\u00fcr die H\u00e4rteskalen HL, HB, HRB, HRC, HRA, HV, HS ausgelegt.","robots":{"index":"index","follow":"follow","max-snippet":"max-snippet:-1","max-image-preview":"max-image-preview:large","max-video-preview":"max-video-preview:-1"},"canonical":"https:\/\/sysmatec.ch\/de\/produit\/tragbares-leeb-haertepruefgeraet-mh660\/","og_locale":"de_DE","og_type":"article","og_title":"Tragbares Leeb-H\u00e4rtepr\u00fcfger\u00e4t MH660 - Sysmatec","og_description":"Leeb-H\u00e4rtepr\u00fcfger\u00e4t. Messung durch Aufprall. Das Ger\u00e4t ist f\u00fcr die H\u00e4rteskalen HL, HB, HRB, HRC, HRA, HV, HS ausgelegt.","og_url":"https:\/\/sysmatec.ch\/de\/produit\/tragbares-leeb-haertepruefgeraet-mh660\/","og_site_name":"Sysmatec","article_modified_time":"2022-01-23T11:24:13+00:00","og_image":[{"width":192,"height":192,"url":"https:\/\/sysmatec.ch\/wp-content\/uploads\/2019\/05\/Durete_MitechMH660.jpg","type":"image\/jpeg"}],"twitter_card":"summary_large_image","schema":{"@context":"https:\/\/schema.org","@graph":[{"@type":"WebPage","@id":"https:\/\/sysmatec.ch\/de\/produit\/tragbares-leeb-haertepruefgeraet-mh660\/","url":"https:\/\/sysmatec.ch\/de\/produit\/tragbares-leeb-haertepruefgeraet-mh660\/","name":"Tragbares Leeb-H\u00e4rtepr\u00fcfger\u00e4t MH660 - Sysmatec","isPartOf":{"@id":"https:\/\/sysmatec.ch\/de\/#website"},"primaryImageOfPage":{"@id":"https:\/\/sysmatec.ch\/de\/produit\/tragbares-leeb-haertepruefgeraet-mh660\/#primaryimage"},"image":{"@id":"https:\/\/sysmatec.ch\/de\/produit\/tragbares-leeb-haertepruefgeraet-mh660\/#primaryimage"},"thumbnailUrl":"https:\/\/sysmatec.ch\/wp-content\/uploads\/2019\/05\/Durete_MitechMH660.jpg","datePublished":"2019-05-04T07:38:20+00:00","dateModified":"2022-01-23T11:24:13+00:00","description":"Leeb-H\u00e4rtepr\u00fcfger\u00e4t. Messung durch Aufprall. Das Ger\u00e4t ist f\u00fcr die H\u00e4rteskalen HL, HB, HRB, HRC, HRA, HV, HS ausgelegt.","breadcrumb":{"@id":"https:\/\/sysmatec.ch\/de\/produit\/tragbares-leeb-haertepruefgeraet-mh660\/#breadcrumb"},"inLanguage":"de","potentialAction":[{"@type":"ReadAction","target":["https:\/\/sysmatec.ch\/de\/produit\/tragbares-leeb-haertepruefgeraet-mh660\/"]}]},{"@type":"ImageObject","inLanguage":"de","@id":"https:\/\/sysmatec.ch\/de\/produit\/tragbares-leeb-haertepruefgeraet-mh660\/#primaryimage","url":"https:\/\/sysmatec.ch\/wp-content\/uploads\/2019\/05\/Durete_MitechMH660.jpg","contentUrl":"https:\/\/sysmatec.ch\/wp-content\/uploads\/2019\/05\/Durete_MitechMH660.jpg","width":192,"height":192},{"@type":"BreadcrumbList","@id":"https:\/\/sysmatec.ch\/de\/produit\/tragbares-leeb-haertepruefgeraet-mh660\/#breadcrumb","itemListElement":[{"@type":"ListItem","position":1,"name":"Accueil","item":"https:\/\/sysmatec.ch\/de\/"},{"@type":"ListItem","position":2,"name":"Die Aktivit\u00e4t von Sysmatec","item":"https:\/\/sysmatec.ch\/de\/"},{"@type":"ListItem","position":3,"name":"Tragbares Leeb-H\u00e4rtepr\u00fcfger\u00e4t MH660"}]},{"@type":"WebSite","@id":"https:\/\/sysmatec.ch\/de\/#website","url":"https:\/\/sysmatec.ch\/de\/","name":"Sysmatec","description":"Equipement de laboratoire et logiciels","publisher":{"@id":"https:\/\/sysmatec.ch\/de\/#organization"},"potentialAction":[{"@type":"SearchAction","target":{"@type":"EntryPoint","urlTemplate":"https:\/\/sysmatec.ch\/de\/?s={search_term_string}"},"query-input":{"@type":"PropertyValueSpecification","valueRequired":true,"valueName":"search_term_string"}}],"inLanguage":"de"},{"@type":"Organization","@id":"https:\/\/sysmatec.ch\/de\/#organization","name":"Sysmatec","url":"https:\/\/sysmatec.ch\/de\/","logo":{"@type":"ImageObject","inLanguage":"de","@id":"https:\/\/sysmatec.ch\/de\/#\/schema\/logo\/image\/","url":"https:\/\/sysmatec.ch\/wp-content\/uploads\/2018\/11\/LogoSysmatec.jpg","contentUrl":"https:\/\/sysmatec.ch\/wp-content\/uploads\/2018\/11\/LogoSysmatec.jpg","width":301,"height":297,"caption":"Sysmatec"},"image":{"@id":"https:\/\/sysmatec.ch\/de\/#\/schema\/logo\/image\/"}}]}},"_links":{"self":[{"href":"https:\/\/sysmatec.ch\/de\/wp-json\/wp\/v2\/product\/5864","targetHints":{"allow":["GET"]}}],"collection":[{"href":"https:\/\/sysmatec.ch\/de\/wp-json\/wp\/v2\/product"}],"about":[{"href":"https:\/\/sysmatec.ch\/de\/wp-json\/wp\/v2\/types\/product"}],"wp:featuredmedia":[{"embeddable":true,"href":"https:\/\/sysmatec.ch\/de\/wp-json\/wp\/v2\/media\/5862"}],"wp:attachment":[{"href":"https:\/\/sysmatec.ch\/de\/wp-json\/wp\/v2\/media?parent=5864"}],"wp:term":[{"taxonomy":"product_brand","embeddable":true,"href":"https:\/\/sysmatec.ch\/de\/wp-json\/wp\/v2\/product_brand?post=5864"},{"taxonomy":"product_cat","embeddable":true,"href":"https:\/\/sysmatec.ch\/de\/wp-json\/wp\/v2\/product_cat?post=5864"},{"taxonomy":"product_tag","embeddable":true,"href":"https:\/\/sysmatec.ch\/de\/wp-json\/wp\/v2\/product_tag?post=5864"}],"curies":[{"name":"wp","href":"https:\/\/api.w.org\/{rel}","templated":true}]}}