{"id":5844,"date":"2019-05-01T13:58:01","date_gmt":"2019-05-01T11:58:01","guid":{"rendered":"https:\/\/sysmatec.ch\/produit\/test-triple-quik-salmonella-proteus-brucella\/"},"modified":"2022-01-23T18:18:35","modified_gmt":"2022-01-23T17:18:35","slug":"test-triple-quik-salmonella-proteus-brucella","status":"publish","type":"product","link":"https:\/\/sysmatec.ch\/de\/Produkt\/test-triple-quik-salmonella-proteus-brucella\/","title":{"rendered":"Triple Quik Test (Salmonellen + Proteus + Brucella)"},"content":{"rendered":"<p>Es handelt sich um einen Objekttr\u00e4ger-Agglutinationstest zum qualitativen und semi-quantitativen Nachweis von Antik\u00f6rpern gegen Salmonellen, Brucellen und bestimmten Rickettsien in Rohmilch. Die Reagenzien, standardisierte Suspensionen von abget\u00f6teten und gef\u00e4rbten Bakterien, agglutinieren, wenn sie mit Proben gemischt werden, die den homologen Antik\u00f6rper enthalten. Der Test kann in allen Lebensmitteln durchgef\u00fchrt werden (jedes Lebensmittel muss vor dem Test entsprechend verarbeitet werden).<\/p>\n","protected":false},"excerpt":{"rendered":"<p>Triple Test\u00a0 f\u00fcr Salmonellen + Proteus + Brucella Bestimmung<\/p>\n","protected":false},"featured_media":5099,"template":"","meta":{"_crdt_document":""},"product_brand":[],"product_cat":[188,435,375],"product_tag":[],"class_list":{"0":"post-5844","1":"product","2":"type-product","3":"status-publish","4":"has-post-thumbnail","6":"product_cat-analyse-de","7":"product_cat-mikrobiologie","8":"product_cat-toxin-de","10":"first","11":"instock","12":"taxable","13":"shipping-taxable","14":"product-type-simple"},"yoast_head":"<!-- This site is optimized with the Yoast SEO plugin v27.4 - https:\/\/yoast.com\/product\/yoast-seo-wordpress\/ -->\n<title>Triple Quik Test (Salmonellen + Proteus + Brucella) - Sysmatec<\/title>\n<meta name=\"description\" content=\"Objekttr\u00e4ger-Agglutinationstest zum qualitativen und semiquantitativen Nachweis von Antik\u00f6rpern gegen Salmonellen, Brucellen und bestimmte Rickettsien in Rohmilch.\" \/>\n<meta name=\"robots\" content=\"index, follow, max-snippet:-1, max-image-preview:large, max-video-preview:-1\" \/>\n<link rel=\"canonical\" href=\"https:\/\/sysmatec.ch\/de\/produit\/test-triple-quik-salmonella-proteus-brucella\/\" \/>\n<meta property=\"og:locale\" content=\"de_DE\" \/>\n<meta property=\"og:type\" content=\"article\" \/>\n<meta property=\"og:title\" content=\"Triple Quik Test (Salmonellen + Proteus + Brucella) - Sysmatec\" \/>\n<meta property=\"og:description\" content=\"Objekttr\u00e4ger-Agglutinationstest zum qualitativen und semiquantitativen Nachweis von Antik\u00f6rpern gegen Salmonellen, Brucellen und bestimmte Rickettsien in Rohmilch.\" \/>\n<meta property=\"og:url\" content=\"https:\/\/sysmatec.ch\/de\/produit\/test-triple-quik-salmonella-proteus-brucella\/\" \/>\n<meta property=\"og:site_name\" content=\"Sysmatec\" \/>\n<meta property=\"article:modified_time\" content=\"2022-01-23T17:18:35+00:00\" \/>\n<meta property=\"og:image\" content=\"https:\/\/sysmatec.ch\/wp-content\/uploads\/2019\/04\/Analyse_ZEUMICROCYSTEST.jpg\" \/>\n\t<meta property=\"og:image:width\" content=\"184\" \/>\n\t<meta property=\"og:image:height\" content=\"114\" \/>\n\t<meta property=\"og:image:type\" content=\"image\/jpeg\" \/>\n<meta name=\"twitter:card\" content=\"summary_large_image\" \/>\n<script type=\"application\/ld+json\" class=\"yoast-schema-graph\">{\"@context\":\"https:\\\/\\\/schema.org\",\"@graph\":[{\"@type\":\"WebPage\",\"@id\":\"https:\\\/\\\/sysmatec.ch\\\/de\\\/produit\\\/test-triple-quik-salmonella-proteus-brucella\\\/\",\"url\":\"https:\\\/\\\/sysmatec.ch\\\/de\\\/produit\\\/test-triple-quik-salmonella-proteus-brucella\\\/\",\"name\":\"Triple Quik Test (Salmonellen + Proteus + Brucella) - Sysmatec\",\"isPartOf\":{\"@id\":\"https:\\\/\\\/sysmatec.ch\\\/de\\\/#website\"},\"primaryImageOfPage\":{\"@id\":\"https:\\\/\\\/sysmatec.ch\\\/de\\\/produit\\\/test-triple-quik-salmonella-proteus-brucella\\\/#primaryimage\"},\"image\":{\"@id\":\"https:\\\/\\\/sysmatec.ch\\\/de\\\/produit\\\/test-triple-quik-salmonella-proteus-brucella\\\/#primaryimage\"},\"thumbnailUrl\":\"https:\\\/\\\/sysmatec.ch\\\/wp-content\\\/uploads\\\/2019\\\/04\\\/Analyse_ZEUMICROCYSTEST.jpg\",\"datePublished\":\"2019-05-01T11:58:01+00:00\",\"dateModified\":\"2022-01-23T17:18:35+00:00\",\"description\":\"Objekttr\u00e4ger-Agglutinationstest zum qualitativen und semiquantitativen Nachweis von Antik\u00f6rpern gegen Salmonellen, Brucellen und bestimmte Rickettsien in Rohmilch.\",\"breadcrumb\":{\"@id\":\"https:\\\/\\\/sysmatec.ch\\\/de\\\/produit\\\/test-triple-quik-salmonella-proteus-brucella\\\/#breadcrumb\"},\"inLanguage\":\"de\",\"potentialAction\":[{\"@type\":\"ReadAction\",\"target\":[\"https:\\\/\\\/sysmatec.ch\\\/de\\\/produit\\\/test-triple-quik-salmonella-proteus-brucella\\\/\"]}]},{\"@type\":\"ImageObject\",\"inLanguage\":\"de\",\"@id\":\"https:\\\/\\\/sysmatec.ch\\\/de\\\/produit\\\/test-triple-quik-salmonella-proteus-brucella\\\/#primaryimage\",\"url\":\"https:\\\/\\\/sysmatec.ch\\\/wp-content\\\/uploads\\\/2019\\\/04\\\/Analyse_ZEUMICROCYSTEST.jpg\",\"contentUrl\":\"https:\\\/\\\/sysmatec.ch\\\/wp-content\\\/uploads\\\/2019\\\/04\\\/Analyse_ZEUMICROCYSTEST.jpg\",\"width\":184,\"height\":114},{\"@type\":\"BreadcrumbList\",\"@id\":\"https:\\\/\\\/sysmatec.ch\\\/de\\\/produit\\\/test-triple-quik-salmonella-proteus-brucella\\\/#breadcrumb\",\"itemListElement\":[{\"@type\":\"ListItem\",\"position\":1,\"name\":\"Accueil\",\"item\":\"https:\\\/\\\/sysmatec.ch\\\/de\\\/\"},{\"@type\":\"ListItem\",\"position\":2,\"name\":\"Die Aktivit\u00e4t von Sysmatec\",\"item\":\"https:\\\/\\\/sysmatec.ch\\\/de\\\/\"},{\"@type\":\"ListItem\",\"position\":3,\"name\":\"Triple Quik Test (Salmonellen + Proteus + Brucella)\"}]},{\"@type\":\"WebSite\",\"@id\":\"https:\\\/\\\/sysmatec.ch\\\/de\\\/#website\",\"url\":\"https:\\\/\\\/sysmatec.ch\\\/de\\\/\",\"name\":\"Sysmatec\",\"description\":\"Equipement de laboratoire et logiciels\",\"publisher\":{\"@id\":\"https:\\\/\\\/sysmatec.ch\\\/de\\\/#organization\"},\"potentialAction\":[{\"@type\":\"SearchAction\",\"target\":{\"@type\":\"EntryPoint\",\"urlTemplate\":\"https:\\\/\\\/sysmatec.ch\\\/de\\\/?s={search_term_string}\"},\"query-input\":{\"@type\":\"PropertyValueSpecification\",\"valueRequired\":true,\"valueName\":\"search_term_string\"}}],\"inLanguage\":\"de\"},{\"@type\":\"Organization\",\"@id\":\"https:\\\/\\\/sysmatec.ch\\\/de\\\/#organization\",\"name\":\"Sysmatec\",\"url\":\"https:\\\/\\\/sysmatec.ch\\\/de\\\/\",\"logo\":{\"@type\":\"ImageObject\",\"inLanguage\":\"de\",\"@id\":\"https:\\\/\\\/sysmatec.ch\\\/de\\\/#\\\/schema\\\/logo\\\/image\\\/\",\"url\":\"https:\\\/\\\/sysmatec.ch\\\/wp-content\\\/uploads\\\/2018\\\/11\\\/LogoSysmatec.jpg\",\"contentUrl\":\"https:\\\/\\\/sysmatec.ch\\\/wp-content\\\/uploads\\\/2018\\\/11\\\/LogoSysmatec.jpg\",\"width\":301,\"height\":297,\"caption\":\"Sysmatec\"},\"image\":{\"@id\":\"https:\\\/\\\/sysmatec.ch\\\/de\\\/#\\\/schema\\\/logo\\\/image\\\/\"}}]}<\/script>\n<!-- \/ Yoast SEO plugin. -->","yoast_head_json":{"title":"Triple Quik Test (Salmonellen + Proteus + Brucella) - Sysmatec","description":"Objekttr\u00e4ger-Agglutinationstest zum qualitativen und semiquantitativen Nachweis von Antik\u00f6rpern gegen Salmonellen, Brucellen und bestimmte Rickettsien in Rohmilch.","robots":{"index":"index","follow":"follow","max-snippet":"max-snippet:-1","max-image-preview":"max-image-preview:large","max-video-preview":"max-video-preview:-1"},"canonical":"https:\/\/sysmatec.ch\/de\/produit\/test-triple-quik-salmonella-proteus-brucella\/","og_locale":"de_DE","og_type":"article","og_title":"Triple Quik Test (Salmonellen + Proteus + Brucella) - Sysmatec","og_description":"Objekttr\u00e4ger-Agglutinationstest zum qualitativen und semiquantitativen Nachweis von Antik\u00f6rpern gegen Salmonellen, Brucellen und bestimmte Rickettsien in Rohmilch.","og_url":"https:\/\/sysmatec.ch\/de\/produit\/test-triple-quik-salmonella-proteus-brucella\/","og_site_name":"Sysmatec","article_modified_time":"2022-01-23T17:18:35+00:00","og_image":[{"width":184,"height":114,"url":"https:\/\/sysmatec.ch\/wp-content\/uploads\/2019\/04\/Analyse_ZEUMICROCYSTEST.jpg","type":"image\/jpeg"}],"twitter_card":"summary_large_image","schema":{"@context":"https:\/\/schema.org","@graph":[{"@type":"WebPage","@id":"https:\/\/sysmatec.ch\/de\/produit\/test-triple-quik-salmonella-proteus-brucella\/","url":"https:\/\/sysmatec.ch\/de\/produit\/test-triple-quik-salmonella-proteus-brucella\/","name":"Triple Quik Test (Salmonellen + Proteus + Brucella) - Sysmatec","isPartOf":{"@id":"https:\/\/sysmatec.ch\/de\/#website"},"primaryImageOfPage":{"@id":"https:\/\/sysmatec.ch\/de\/produit\/test-triple-quik-salmonella-proteus-brucella\/#primaryimage"},"image":{"@id":"https:\/\/sysmatec.ch\/de\/produit\/test-triple-quik-salmonella-proteus-brucella\/#primaryimage"},"thumbnailUrl":"https:\/\/sysmatec.ch\/wp-content\/uploads\/2019\/04\/Analyse_ZEUMICROCYSTEST.jpg","datePublished":"2019-05-01T11:58:01+00:00","dateModified":"2022-01-23T17:18:35+00:00","description":"Objekttr\u00e4ger-Agglutinationstest zum qualitativen und semiquantitativen Nachweis von Antik\u00f6rpern gegen Salmonellen, Brucellen und bestimmte Rickettsien in Rohmilch.","breadcrumb":{"@id":"https:\/\/sysmatec.ch\/de\/produit\/test-triple-quik-salmonella-proteus-brucella\/#breadcrumb"},"inLanguage":"de","potentialAction":[{"@type":"ReadAction","target":["https:\/\/sysmatec.ch\/de\/produit\/test-triple-quik-salmonella-proteus-brucella\/"]}]},{"@type":"ImageObject","inLanguage":"de","@id":"https:\/\/sysmatec.ch\/de\/produit\/test-triple-quik-salmonella-proteus-brucella\/#primaryimage","url":"https:\/\/sysmatec.ch\/wp-content\/uploads\/2019\/04\/Analyse_ZEUMICROCYSTEST.jpg","contentUrl":"https:\/\/sysmatec.ch\/wp-content\/uploads\/2019\/04\/Analyse_ZEUMICROCYSTEST.jpg","width":184,"height":114},{"@type":"BreadcrumbList","@id":"https:\/\/sysmatec.ch\/de\/produit\/test-triple-quik-salmonella-proteus-brucella\/#breadcrumb","itemListElement":[{"@type":"ListItem","position":1,"name":"Accueil","item":"https:\/\/sysmatec.ch\/de\/"},{"@type":"ListItem","position":2,"name":"Die Aktivit\u00e4t von Sysmatec","item":"https:\/\/sysmatec.ch\/de\/"},{"@type":"ListItem","position":3,"name":"Triple Quik Test (Salmonellen + Proteus + Brucella)"}]},{"@type":"WebSite","@id":"https:\/\/sysmatec.ch\/de\/#website","url":"https:\/\/sysmatec.ch\/de\/","name":"Sysmatec","description":"Equipement de laboratoire et logiciels","publisher":{"@id":"https:\/\/sysmatec.ch\/de\/#organization"},"potentialAction":[{"@type":"SearchAction","target":{"@type":"EntryPoint","urlTemplate":"https:\/\/sysmatec.ch\/de\/?s={search_term_string}"},"query-input":{"@type":"PropertyValueSpecification","valueRequired":true,"valueName":"search_term_string"}}],"inLanguage":"de"},{"@type":"Organization","@id":"https:\/\/sysmatec.ch\/de\/#organization","name":"Sysmatec","url":"https:\/\/sysmatec.ch\/de\/","logo":{"@type":"ImageObject","inLanguage":"de","@id":"https:\/\/sysmatec.ch\/de\/#\/schema\/logo\/image\/","url":"https:\/\/sysmatec.ch\/wp-content\/uploads\/2018\/11\/LogoSysmatec.jpg","contentUrl":"https:\/\/sysmatec.ch\/wp-content\/uploads\/2018\/11\/LogoSysmatec.jpg","width":301,"height":297,"caption":"Sysmatec"},"image":{"@id":"https:\/\/sysmatec.ch\/de\/#\/schema\/logo\/image\/"}}]}},"_links":{"self":[{"href":"https:\/\/sysmatec.ch\/de\/wp-json\/wp\/v2\/product\/5844","targetHints":{"allow":["GET"]}}],"collection":[{"href":"https:\/\/sysmatec.ch\/de\/wp-json\/wp\/v2\/product"}],"about":[{"href":"https:\/\/sysmatec.ch\/de\/wp-json\/wp\/v2\/types\/product"}],"wp:featuredmedia":[{"embeddable":true,"href":"https:\/\/sysmatec.ch\/de\/wp-json\/wp\/v2\/media\/5099"}],"wp:attachment":[{"href":"https:\/\/sysmatec.ch\/de\/wp-json\/wp\/v2\/media?parent=5844"}],"wp:term":[{"taxonomy":"product_brand","embeddable":true,"href":"https:\/\/sysmatec.ch\/de\/wp-json\/wp\/v2\/product_brand?post=5844"},{"taxonomy":"product_cat","embeddable":true,"href":"https:\/\/sysmatec.ch\/de\/wp-json\/wp\/v2\/product_cat?post=5844"},{"taxonomy":"product_tag","embeddable":true,"href":"https:\/\/sysmatec.ch\/de\/wp-json\/wp\/v2\/product_tag?post=5844"}],"curies":[{"name":"wp","href":"https:\/\/api.w.org\/{rel}","templated":true}]}}