{"id":5839,"date":"2019-04-30T20:41:59","date_gmt":"2019-04-30T18:41:59","guid":{"rendered":"https:\/\/sysmatec.ch\/produit\/kit-de-detection-rapide-des-legionelles-legipid\/"},"modified":"2024-04-23T15:19:16","modified_gmt":"2024-04-23T13:19:16","slug":"legipid-legionella-schnelle-erkennung","status":"publish","type":"product","link":"https:\/\/sysmatec.ch\/de\/Produkt\/legipid-legionella-schnelle-erkennung\/","title":{"rendered":"Legipid\u00ae Legionella Schnelle Erkennung"},"content":{"rendered":"<p>Test f\u00fcr den schnellen Nachweis von Legionella spp in Wasserproben, basierend auf der Kombination von immunomagnetischem Einfangen und Enzymimmunoassay (CEIA).<\/p>\n<p>Es ist ein einfacher und schneller Test f\u00fcr den Nachweis von Legionella spp in Hahnwasser, nat\u00fcrliches und industrielles Wasser. Der Test kombiniert magnetische Immunocapture und enzymgebundenen Immunoassay (CEIA) mit enzymatischer kolorimetrischer Reaktion f\u00fcr einen schnellen 1-st\u00fcndigen Test nach einer Vorkonzentration der Probe.<\/p>\n<p>Die urspr\u00fcngliche Wasserprobe wird durch Filtration aufkonzentriert, und diese vorbereitete Probe wird in eine K\u00fcvette eluiert, die nach dem Verfahren CEIA analysiert. Eine Suspension von magnetischen Partikeln, die an Legionella binden, wird hinzugef\u00fcgt. Wenn Legionella-Zellen in der vorbereiteten Probe vorhanden sind, werden sie an die magnetischen Partikeln immobilisierten Antik\u00f6rper binden, um komplexe Bakterien \/ Partikel zu bilden. Da diese Komplexe durch einen Magneten getrennt werden k\u00f6nnen, werden sie leicht gewaschen und resuspendiert. Die Komplexe werden mit einem anti-Legionella-Antik\u00f6rper konjugiert, der mit einem Enzym konjugiert ist, um markierte Komplexe zu bilden. Nach dem Waschen werden die Enzymsubstrate zugegeben. Wenn Liegionella vorhanden sind wird eine Farbeaenderung sichtbar.<\/p>\n<p>Die Nachweisgrenze betr\u00e4gt etwa 100 CFU \/ untersuchter Volum und bei Verwendung mit einem Spektrophotometer noch niedriger.<\/p>\n<table border=\"1\" width=\"254\" cellspacing=\"2\" cellpadding=\"0\">\n<tbody>\n<tr>\n<td>R\u00e9f.<\/td>\n<td>Tests<\/td>\n<\/tr>\n<tr>\n<td>LGP\u201310<\/td>\n<td>PACK 10 TEST, enth\u00e4lt Einzeldosis-Reagenzien L0\/L1\/L2\/L3\/L4\/L5, 5 x Einwegpipetten, 10 x 3 ml-Messflaschen, 10 x 9 ml-Handhabungsflaschen<\/p>\n<p>Anzahl der durchf\u00fchrbaren Analysen: 5 bis 9 Proben (1 Kontrolle pro Analysereihe erforderlich)<\/td>\n<\/tr>\n<tr>\n<td>LGP\u201320<\/td>\n<td>PACK 20 TEST, enth\u00e4lt Einzeldosis-Reagenzien L0\/L1\/L2\/L3\/L4\/L5, 20 x 3 ml Messflaschen, 20 x 9 ml HandhabungsflaschenAnzahl der durchf\u00fchrbaren Analysen: 10 bis 19 Proben (1 Kontrolle pro Analysereihe erforderlich)<\/td>\n<\/tr>\n<tr>\n<td>LGP\u201340<\/td>\n<td>PACK 40 TEST, enth\u00e4lt Einzeldosis-Reagenzien L0\/L1\/L2\/L3\/L4\/L5, 20 x 3 ml Messflaschen, 40 x 9 ml HandhabungsflaschenAnzahl der durchf\u00fchrbaren Analysen: 20bis 39 Proben (1 Kontrolle pro Analysereihe erforderlich)<\/td>\n<\/tr>\n<tr>\n<td>LGP\u2013100<\/td>\n<td>PACK 100 TEST, enth\u00e4lt Einzeldosis-Reagenzien L0\/L1\/L2\/L3\/L4\/L5, 20 x 3 ml Messflaschen, 100 x 9 ml HandhabungsflaschenAnzahl der durchf\u00fchrbaren Analysen: 50bis 99 Proben (1 Kontrolle pro Analysereihe erforderlich)<\/td>\n<\/tr>\n<\/tbody>\n<\/table>\n<h2>Wichtige Funktionen<\/h2>\n<p>Jede Analyserunde ben\u00f6tigt ihre Negativkontrolle.<\/p>\n<p>Vor der Analyse ist es notwendig, die Proben zu filtern. Wenn Sie keine Filterrampe haben, haben wir eine tragbare.<\/p>\n<p>Zur Durchf\u00fchrung des Tests ben\u00f6tigen Sie ein spezielles System namens MP4, mit dem Sie 1 Negativkontrolle und 3 Proben herstellen k\u00f6nnen.<\/p>\n<p>Um gr\u00f6\u00dfere Mengen herzustellen, m\u00fcssen Sie einen Shaker mit den erforderlichen Gestellen kaufen, der ebenfalls von uns erh\u00e4ltlich ist.<\/p>\n<p>Die Auslesung kann in einem Laborspektralphotometer oder im Primelab 2.0 mit der notwendigen Freischalt-ID erfolgen.<\/p>\n","protected":false},"excerpt":{"rendered":"<p>Legionella schnelle Erkennung<\/p>\n","protected":false},"featured_media":5837,"template":"","meta":{"_crdt_document":""},"product_brand":[],"product_cat":[188,435,375],"product_tag":[],"class_list":{"0":"post-5839","1":"product","2":"type-product","3":"status-publish","4":"has-post-thumbnail","6":"product_cat-analyse-de","7":"product_cat-mikrobiologie","8":"product_cat-toxin-de","10":"first","11":"instock","12":"taxable","13":"shipping-taxable","14":"product-type-simple"},"yoast_head":"<!-- This site is optimized with the Yoast SEO plugin v27.3 - https:\/\/yoast.com\/product\/yoast-seo-wordpress\/ -->\n<title>Legipid\u00ae Legionella Schnelle Erkennung - Sysmatec<\/title>\n<meta name=\"description\" content=\"Legionellen-Schnellnachweis-Kit mit Konzentrationsphase. Legionellen werden durch einen spezifischen Antik\u00f6rper nachgewiesen.\" \/>\n<meta name=\"robots\" content=\"index, follow, max-snippet:-1, max-image-preview:large, max-video-preview:-1\" \/>\n<link rel=\"canonical\" href=\"https:\/\/sysmatec.ch\/de\/Produkt\/legipid-legionella-schnelle-erkennung\/\" \/>\n<meta property=\"og:locale\" content=\"de_DE\" \/>\n<meta property=\"og:type\" content=\"article\" \/>\n<meta property=\"og:title\" content=\"Legipid\u00ae Legionella Schnelle Erkennung - Sysmatec\" \/>\n<meta property=\"og:description\" content=\"Legionellen-Schnellnachweis-Kit mit Konzentrationsphase. Legionellen werden durch einen spezifischen Antik\u00f6rper nachgewiesen.\" \/>\n<meta property=\"og:url\" content=\"https:\/\/sysmatec.ch\/de\/Produkt\/legipid-legionella-schnelle-erkennung\/\" \/>\n<meta property=\"og:site_name\" content=\"Sysmatec\" \/>\n<meta property=\"article:modified_time\" content=\"2024-04-23T13:19:16+00:00\" \/>\n<meta property=\"og:image\" content=\"https:\/\/sysmatec.ch\/wp-content\/uploads\/2019\/04\/BioticaLegionelle.jpg\" \/>\n\t<meta property=\"og:image:width\" content=\"180\" \/>\n\t<meta property=\"og:image:height\" content=\"140\" \/>\n\t<meta property=\"og:image:type\" content=\"image\/jpeg\" \/>\n<meta name=\"twitter:card\" content=\"summary_large_image\" \/>\n<meta name=\"twitter:label1\" content=\"Gesch\u00e4tzte Lesezeit\" \/>\n\t<meta name=\"twitter:data1\" content=\"3\u00a0Minuten\" \/>\n<script type=\"application\/ld+json\" class=\"yoast-schema-graph\">{\"@context\":\"https:\\\/\\\/schema.org\",\"@graph\":[{\"@type\":\"WebPage\",\"@id\":\"https:\\\/\\\/sysmatec.ch\\\/de\\\/Produkt\\\/legipid-legionella-schnelle-erkennung\\\/\",\"url\":\"https:\\\/\\\/sysmatec.ch\\\/de\\\/Produkt\\\/legipid-legionella-schnelle-erkennung\\\/\",\"name\":\"Legipid\u00ae Legionella Schnelle Erkennung - Sysmatec\",\"isPartOf\":{\"@id\":\"https:\\\/\\\/sysmatec.ch\\\/de\\\/#website\"},\"primaryImageOfPage\":{\"@id\":\"https:\\\/\\\/sysmatec.ch\\\/de\\\/Produkt\\\/legipid-legionella-schnelle-erkennung\\\/#primaryimage\"},\"image\":{\"@id\":\"https:\\\/\\\/sysmatec.ch\\\/de\\\/Produkt\\\/legipid-legionella-schnelle-erkennung\\\/#primaryimage\"},\"thumbnailUrl\":\"https:\\\/\\\/sysmatec.ch\\\/wp-content\\\/uploads\\\/2019\\\/04\\\/BioticaLegionelle.jpg\",\"datePublished\":\"2019-04-30T18:41:59+00:00\",\"dateModified\":\"2024-04-23T13:19:16+00:00\",\"description\":\"Legionellen-Schnellnachweis-Kit mit Konzentrationsphase. Legionellen werden durch einen spezifischen Antik\u00f6rper nachgewiesen.\",\"breadcrumb\":{\"@id\":\"https:\\\/\\\/sysmatec.ch\\\/de\\\/Produkt\\\/legipid-legionella-schnelle-erkennung\\\/#breadcrumb\"},\"inLanguage\":\"de\",\"potentialAction\":[{\"@type\":\"ReadAction\",\"target\":[\"https:\\\/\\\/sysmatec.ch\\\/de\\\/Produkt\\\/legipid-legionella-schnelle-erkennung\\\/\"]}]},{\"@type\":\"ImageObject\",\"inLanguage\":\"de\",\"@id\":\"https:\\\/\\\/sysmatec.ch\\\/de\\\/Produkt\\\/legipid-legionella-schnelle-erkennung\\\/#primaryimage\",\"url\":\"https:\\\/\\\/sysmatec.ch\\\/wp-content\\\/uploads\\\/2019\\\/04\\\/BioticaLegionelle.jpg\",\"contentUrl\":\"https:\\\/\\\/sysmatec.ch\\\/wp-content\\\/uploads\\\/2019\\\/04\\\/BioticaLegionelle.jpg\",\"width\":180,\"height\":140},{\"@type\":\"BreadcrumbList\",\"@id\":\"https:\\\/\\\/sysmatec.ch\\\/de\\\/Produkt\\\/legipid-legionella-schnelle-erkennung\\\/#breadcrumb\",\"itemListElement\":[{\"@type\":\"ListItem\",\"position\":1,\"name\":\"Accueil\",\"item\":\"https:\\\/\\\/sysmatec.ch\\\/de\\\/\"},{\"@type\":\"ListItem\",\"position\":2,\"name\":\"Die Aktivit\u00e4t von Sysmatec\",\"item\":\"https:\\\/\\\/sysmatec.ch\\\/de\\\/\"},{\"@type\":\"ListItem\",\"position\":3,\"name\":\"Legipid\u00ae Legionella Schnelle Erkennung\"}]},{\"@type\":\"WebSite\",\"@id\":\"https:\\\/\\\/sysmatec.ch\\\/de\\\/#website\",\"url\":\"https:\\\/\\\/sysmatec.ch\\\/de\\\/\",\"name\":\"Sysmatec\",\"description\":\"Equipement de laboratoire et logiciels\",\"publisher\":{\"@id\":\"https:\\\/\\\/sysmatec.ch\\\/de\\\/#organization\"},\"potentialAction\":[{\"@type\":\"SearchAction\",\"target\":{\"@type\":\"EntryPoint\",\"urlTemplate\":\"https:\\\/\\\/sysmatec.ch\\\/de\\\/?s={search_term_string}\"},\"query-input\":{\"@type\":\"PropertyValueSpecification\",\"valueRequired\":true,\"valueName\":\"search_term_string\"}}],\"inLanguage\":\"de\"},{\"@type\":\"Organization\",\"@id\":\"https:\\\/\\\/sysmatec.ch\\\/de\\\/#organization\",\"name\":\"Sysmatec\",\"url\":\"https:\\\/\\\/sysmatec.ch\\\/de\\\/\",\"logo\":{\"@type\":\"ImageObject\",\"inLanguage\":\"de\",\"@id\":\"https:\\\/\\\/sysmatec.ch\\\/de\\\/#\\\/schema\\\/logo\\\/image\\\/\",\"url\":\"https:\\\/\\\/sysmatec.ch\\\/wp-content\\\/uploads\\\/2018\\\/11\\\/LogoSysmatec.jpg\",\"contentUrl\":\"https:\\\/\\\/sysmatec.ch\\\/wp-content\\\/uploads\\\/2018\\\/11\\\/LogoSysmatec.jpg\",\"width\":301,\"height\":297,\"caption\":\"Sysmatec\"},\"image\":{\"@id\":\"https:\\\/\\\/sysmatec.ch\\\/de\\\/#\\\/schema\\\/logo\\\/image\\\/\"}}]}<\/script>\n<!-- \/ Yoast SEO plugin. -->","yoast_head_json":{"title":"Legipid\u00ae Legionella Schnelle Erkennung - Sysmatec","description":"Legionellen-Schnellnachweis-Kit mit Konzentrationsphase. Legionellen werden durch einen spezifischen Antik\u00f6rper nachgewiesen.","robots":{"index":"index","follow":"follow","max-snippet":"max-snippet:-1","max-image-preview":"max-image-preview:large","max-video-preview":"max-video-preview:-1"},"canonical":"https:\/\/sysmatec.ch\/de\/Produkt\/legipid-legionella-schnelle-erkennung\/","og_locale":"de_DE","og_type":"article","og_title":"Legipid\u00ae Legionella Schnelle Erkennung - Sysmatec","og_description":"Legionellen-Schnellnachweis-Kit mit Konzentrationsphase. Legionellen werden durch einen spezifischen Antik\u00f6rper nachgewiesen.","og_url":"https:\/\/sysmatec.ch\/de\/Produkt\/legipid-legionella-schnelle-erkennung\/","og_site_name":"Sysmatec","article_modified_time":"2024-04-23T13:19:16+00:00","og_image":[{"width":180,"height":140,"url":"https:\/\/sysmatec.ch\/wp-content\/uploads\/2019\/04\/BioticaLegionelle.jpg","type":"image\/jpeg"}],"twitter_card":"summary_large_image","twitter_misc":{"Gesch\u00e4tzte Lesezeit":"3\u00a0Minuten"},"schema":{"@context":"https:\/\/schema.org","@graph":[{"@type":"WebPage","@id":"https:\/\/sysmatec.ch\/de\/Produkt\/legipid-legionella-schnelle-erkennung\/","url":"https:\/\/sysmatec.ch\/de\/Produkt\/legipid-legionella-schnelle-erkennung\/","name":"Legipid\u00ae Legionella Schnelle Erkennung - Sysmatec","isPartOf":{"@id":"https:\/\/sysmatec.ch\/de\/#website"},"primaryImageOfPage":{"@id":"https:\/\/sysmatec.ch\/de\/Produkt\/legipid-legionella-schnelle-erkennung\/#primaryimage"},"image":{"@id":"https:\/\/sysmatec.ch\/de\/Produkt\/legipid-legionella-schnelle-erkennung\/#primaryimage"},"thumbnailUrl":"https:\/\/sysmatec.ch\/wp-content\/uploads\/2019\/04\/BioticaLegionelle.jpg","datePublished":"2019-04-30T18:41:59+00:00","dateModified":"2024-04-23T13:19:16+00:00","description":"Legionellen-Schnellnachweis-Kit mit Konzentrationsphase. Legionellen werden durch einen spezifischen Antik\u00f6rper nachgewiesen.","breadcrumb":{"@id":"https:\/\/sysmatec.ch\/de\/Produkt\/legipid-legionella-schnelle-erkennung\/#breadcrumb"},"inLanguage":"de","potentialAction":[{"@type":"ReadAction","target":["https:\/\/sysmatec.ch\/de\/Produkt\/legipid-legionella-schnelle-erkennung\/"]}]},{"@type":"ImageObject","inLanguage":"de","@id":"https:\/\/sysmatec.ch\/de\/Produkt\/legipid-legionella-schnelle-erkennung\/#primaryimage","url":"https:\/\/sysmatec.ch\/wp-content\/uploads\/2019\/04\/BioticaLegionelle.jpg","contentUrl":"https:\/\/sysmatec.ch\/wp-content\/uploads\/2019\/04\/BioticaLegionelle.jpg","width":180,"height":140},{"@type":"BreadcrumbList","@id":"https:\/\/sysmatec.ch\/de\/Produkt\/legipid-legionella-schnelle-erkennung\/#breadcrumb","itemListElement":[{"@type":"ListItem","position":1,"name":"Accueil","item":"https:\/\/sysmatec.ch\/de\/"},{"@type":"ListItem","position":2,"name":"Die Aktivit\u00e4t von Sysmatec","item":"https:\/\/sysmatec.ch\/de\/"},{"@type":"ListItem","position":3,"name":"Legipid\u00ae Legionella Schnelle Erkennung"}]},{"@type":"WebSite","@id":"https:\/\/sysmatec.ch\/de\/#website","url":"https:\/\/sysmatec.ch\/de\/","name":"Sysmatec","description":"Equipement de laboratoire et logiciels","publisher":{"@id":"https:\/\/sysmatec.ch\/de\/#organization"},"potentialAction":[{"@type":"SearchAction","target":{"@type":"EntryPoint","urlTemplate":"https:\/\/sysmatec.ch\/de\/?s={search_term_string}"},"query-input":{"@type":"PropertyValueSpecification","valueRequired":true,"valueName":"search_term_string"}}],"inLanguage":"de"},{"@type":"Organization","@id":"https:\/\/sysmatec.ch\/de\/#organization","name":"Sysmatec","url":"https:\/\/sysmatec.ch\/de\/","logo":{"@type":"ImageObject","inLanguage":"de","@id":"https:\/\/sysmatec.ch\/de\/#\/schema\/logo\/image\/","url":"https:\/\/sysmatec.ch\/wp-content\/uploads\/2018\/11\/LogoSysmatec.jpg","contentUrl":"https:\/\/sysmatec.ch\/wp-content\/uploads\/2018\/11\/LogoSysmatec.jpg","width":301,"height":297,"caption":"Sysmatec"},"image":{"@id":"https:\/\/sysmatec.ch\/de\/#\/schema\/logo\/image\/"}}]}},"_links":{"self":[{"href":"https:\/\/sysmatec.ch\/de\/wp-json\/wp\/v2\/product\/5839","targetHints":{"allow":["GET"]}}],"collection":[{"href":"https:\/\/sysmatec.ch\/de\/wp-json\/wp\/v2\/product"}],"about":[{"href":"https:\/\/sysmatec.ch\/de\/wp-json\/wp\/v2\/types\/product"}],"wp:featuredmedia":[{"embeddable":true,"href":"https:\/\/sysmatec.ch\/de\/wp-json\/wp\/v2\/media\/5837"}],"wp:attachment":[{"href":"https:\/\/sysmatec.ch\/de\/wp-json\/wp\/v2\/media?parent=5839"}],"wp:term":[{"taxonomy":"product_brand","embeddable":true,"href":"https:\/\/sysmatec.ch\/de\/wp-json\/wp\/v2\/product_brand?post=5839"},{"taxonomy":"product_cat","embeddable":true,"href":"https:\/\/sysmatec.ch\/de\/wp-json\/wp\/v2\/product_cat?post=5839"},{"taxonomy":"product_tag","embeddable":true,"href":"https:\/\/sysmatec.ch\/de\/wp-json\/wp\/v2\/product_tag?post=5839"}],"curies":[{"name":"wp","href":"https:\/\/api.w.org\/{rel}","templated":true}]}}