{"id":5833,"date":"2019-04-30T20:21:28","date_gmt":"2019-04-30T18:21:28","guid":{"rendered":"https:\/\/sysmatec.ch\/produit\/sonde-de-conductivite-inductive-en-peek-tcl-s50\/"},"modified":"2022-01-23T18:32:45","modified_gmt":"2022-01-23T17:32:45","slug":"induktive-leitfaehigkeitssonde-peek-tcl-s50","status":"publish","type":"product","link":"https:\/\/sysmatec.ch\/de\/Produkt\/induktive-leitfaehigkeitssonde-peek-tcl-s50\/","title":{"rendered":"Induktive Leitf\u00e4higkeitssonde PEEK TCL S50"},"content":{"rendered":"<p>Sie arbeitet nach dem Prinzip der induktiven Messungen, die viele Vorteile hat.<\/p>\n<p>Die Messung ist zuverl\u00e4ssig auf Produkte mit einer Tendenz zu verstopfen oder mit einem hohen Verschmutzungsgrad. Es besteht eine vollst\u00e4ndige galvanische Trennung zwischen der Messung und Produkte.<\/p>\n<p>Seine PEEK Realisierung bietet ihr eine hervorragende chemische Best\u00e4ndigkeit und lange Lebensdauer. Sie eignet sich auch f\u00fcr hohe Temperatur bis 180 \u00b0 C.<\/p>\n<p>Einbau in T\u00e4nke: der Sensor ist am Ende eines Tauchstange 500 bis 2000 mm mit einer Befestigungsvorrichtung und optionalen Flansch befestigt .<\/p>\n<p>Rohrinstallation: Der Sensor ist in einem DN50 T-St\u00fcck montiert.<\/p>\n<p>Ein komplettes Messsystem besteht aus: einem induktiven Leitf\u00e4higkeitssensor TCL S50 mit einem geformten Kabel, ein Befestigungssystem f\u00fcr Tauch- oder Rohrmontage, einen kalibrierte Konverter, eine Anzeige BAMOPHAR 364<\/p>\n<ul>\n<li type=\"disc\">Mess 10 uS\/cm bis 2000 mS\/cm<\/li>\n<li type=\"disc\">PEEK Ausf\u00fchrung<\/li>\n<li type=\"disc\">Ausgezeichnete chemische Best\u00e4ndigkeit<\/li>\n<li type=\"disc\">Temperatur: max 180 \u00b0 C<\/li>\n<li type=\"disc\">Geringe Verschmutzung<\/li>\n<li type=\"disc\">Integrierter PT100<\/li>\n<\/ul>\n","protected":false},"excerpt":{"rendered":"<p>Peek Induktive Leitf\u00e4higkeitssonde<\/p>\n","protected":false},"featured_media":5831,"template":"","meta":{"_crdt_document":""},"product_brand":[],"product_cat":[194],"product_tag":[],"class_list":{"0":"post-5833","1":"product","2":"type-product","3":"status-publish","4":"has-post-thumbnail","6":"product_cat-leitfaehigkeit","8":"first","9":"instock","10":"taxable","11":"shipping-taxable","12":"product-type-simple"},"yoast_head":"<!-- This site is optimized with the Yoast SEO plugin v27.4 - https:\/\/yoast.com\/product\/yoast-seo-wordpress\/ -->\n<title>Induktive Leitf\u00e4higkeitssonde PEEK TCL S50 - Sysmatec<\/title>\n<meta name=\"description\" content=\"Induktive Peek-Leitf\u00e4higkeitssonde mit ausgezeichneter chemischer Best\u00e4ndigkeit und breitem Betriebsbereich von 10 uS\/cm bis 2000 mS\/cm.\" \/>\n<meta name=\"robots\" content=\"index, follow, max-snippet:-1, max-image-preview:large, max-video-preview:-1\" \/>\n<link rel=\"canonical\" href=\"https:\/\/sysmatec.ch\/de\/produit\/induktive-leitfaehigkeitssonde-peek-tcl-s50\/\" \/>\n<meta property=\"og:locale\" content=\"de_DE\" \/>\n<meta property=\"og:type\" content=\"article\" \/>\n<meta property=\"og:title\" content=\"Induktive Leitf\u00e4higkeitssonde PEEK TCL S50 - Sysmatec\" \/>\n<meta property=\"og:description\" content=\"Induktive Peek-Leitf\u00e4higkeitssonde mit ausgezeichneter chemischer Best\u00e4ndigkeit und breitem Betriebsbereich von 10 uS\/cm bis 2000 mS\/cm.\" \/>\n<meta property=\"og:url\" content=\"https:\/\/sysmatec.ch\/de\/produit\/induktive-leitfaehigkeitssonde-peek-tcl-s50\/\" \/>\n<meta property=\"og:site_name\" content=\"Sysmatec\" \/>\n<meta property=\"article:modified_time\" content=\"2022-01-23T17:32:45+00:00\" \/>\n<meta property=\"og:image\" content=\"https:\/\/sysmatec.ch\/wp-content\/uploads\/2019\/04\/Conductivite_BamoTCLS50.jpg\" \/>\n\t<meta property=\"og:image:width\" content=\"82\" \/>\n\t<meta property=\"og:image:height\" content=\"268\" \/>\n\t<meta property=\"og:image:type\" content=\"image\/jpeg\" \/>\n<meta name=\"twitter:card\" content=\"summary_large_image\" \/>\n<meta name=\"twitter:label1\" content=\"Gesch\u00e4tzte Lesezeit\" \/>\n\t<meta name=\"twitter:data1\" content=\"1\u00a0Minute\" \/>\n<script type=\"application\/ld+json\" class=\"yoast-schema-graph\">{\"@context\":\"https:\\\/\\\/schema.org\",\"@graph\":[{\"@type\":\"WebPage\",\"@id\":\"https:\\\/\\\/sysmatec.ch\\\/de\\\/produit\\\/induktive-leitfaehigkeitssonde-peek-tcl-s50\\\/\",\"url\":\"https:\\\/\\\/sysmatec.ch\\\/de\\\/produit\\\/induktive-leitfaehigkeitssonde-peek-tcl-s50\\\/\",\"name\":\"Induktive Leitf\u00e4higkeitssonde PEEK TCL S50 - Sysmatec\",\"isPartOf\":{\"@id\":\"https:\\\/\\\/sysmatec.ch\\\/de\\\/#website\"},\"primaryImageOfPage\":{\"@id\":\"https:\\\/\\\/sysmatec.ch\\\/de\\\/produit\\\/induktive-leitfaehigkeitssonde-peek-tcl-s50\\\/#primaryimage\"},\"image\":{\"@id\":\"https:\\\/\\\/sysmatec.ch\\\/de\\\/produit\\\/induktive-leitfaehigkeitssonde-peek-tcl-s50\\\/#primaryimage\"},\"thumbnailUrl\":\"https:\\\/\\\/sysmatec.ch\\\/wp-content\\\/uploads\\\/2019\\\/04\\\/Conductivite_BamoTCLS50.jpg\",\"datePublished\":\"2019-04-30T18:21:28+00:00\",\"dateModified\":\"2022-01-23T17:32:45+00:00\",\"description\":\"Induktive Peek-Leitf\u00e4higkeitssonde mit ausgezeichneter chemischer Best\u00e4ndigkeit und breitem Betriebsbereich von 10 uS\\\/cm bis 2000 mS\\\/cm.\",\"breadcrumb\":{\"@id\":\"https:\\\/\\\/sysmatec.ch\\\/de\\\/produit\\\/induktive-leitfaehigkeitssonde-peek-tcl-s50\\\/#breadcrumb\"},\"inLanguage\":\"de\",\"potentialAction\":[{\"@type\":\"ReadAction\",\"target\":[\"https:\\\/\\\/sysmatec.ch\\\/de\\\/produit\\\/induktive-leitfaehigkeitssonde-peek-tcl-s50\\\/\"]}]},{\"@type\":\"ImageObject\",\"inLanguage\":\"de\",\"@id\":\"https:\\\/\\\/sysmatec.ch\\\/de\\\/produit\\\/induktive-leitfaehigkeitssonde-peek-tcl-s50\\\/#primaryimage\",\"url\":\"https:\\\/\\\/sysmatec.ch\\\/wp-content\\\/uploads\\\/2019\\\/04\\\/Conductivite_BamoTCLS50.jpg\",\"contentUrl\":\"https:\\\/\\\/sysmatec.ch\\\/wp-content\\\/uploads\\\/2019\\\/04\\\/Conductivite_BamoTCLS50.jpg\",\"width\":82,\"height\":268},{\"@type\":\"BreadcrumbList\",\"@id\":\"https:\\\/\\\/sysmatec.ch\\\/de\\\/produit\\\/induktive-leitfaehigkeitssonde-peek-tcl-s50\\\/#breadcrumb\",\"itemListElement\":[{\"@type\":\"ListItem\",\"position\":1,\"name\":\"Accueil\",\"item\":\"https:\\\/\\\/sysmatec.ch\\\/de\\\/\"},{\"@type\":\"ListItem\",\"position\":2,\"name\":\"Die Aktivit\u00e4t von Sysmatec\",\"item\":\"https:\\\/\\\/sysmatec.ch\\\/de\\\/\"},{\"@type\":\"ListItem\",\"position\":3,\"name\":\"Induktive Leitf\u00e4higkeitssonde PEEK TCL S50\"}]},{\"@type\":\"WebSite\",\"@id\":\"https:\\\/\\\/sysmatec.ch\\\/de\\\/#website\",\"url\":\"https:\\\/\\\/sysmatec.ch\\\/de\\\/\",\"name\":\"Sysmatec\",\"description\":\"Equipement de laboratoire et logiciels\",\"publisher\":{\"@id\":\"https:\\\/\\\/sysmatec.ch\\\/de\\\/#organization\"},\"potentialAction\":[{\"@type\":\"SearchAction\",\"target\":{\"@type\":\"EntryPoint\",\"urlTemplate\":\"https:\\\/\\\/sysmatec.ch\\\/de\\\/?s={search_term_string}\"},\"query-input\":{\"@type\":\"PropertyValueSpecification\",\"valueRequired\":true,\"valueName\":\"search_term_string\"}}],\"inLanguage\":\"de\"},{\"@type\":\"Organization\",\"@id\":\"https:\\\/\\\/sysmatec.ch\\\/de\\\/#organization\",\"name\":\"Sysmatec\",\"url\":\"https:\\\/\\\/sysmatec.ch\\\/de\\\/\",\"logo\":{\"@type\":\"ImageObject\",\"inLanguage\":\"de\",\"@id\":\"https:\\\/\\\/sysmatec.ch\\\/de\\\/#\\\/schema\\\/logo\\\/image\\\/\",\"url\":\"https:\\\/\\\/sysmatec.ch\\\/wp-content\\\/uploads\\\/2018\\\/11\\\/LogoSysmatec.jpg\",\"contentUrl\":\"https:\\\/\\\/sysmatec.ch\\\/wp-content\\\/uploads\\\/2018\\\/11\\\/LogoSysmatec.jpg\",\"width\":301,\"height\":297,\"caption\":\"Sysmatec\"},\"image\":{\"@id\":\"https:\\\/\\\/sysmatec.ch\\\/de\\\/#\\\/schema\\\/logo\\\/image\\\/\"}}]}<\/script>\n<!-- \/ Yoast SEO plugin. -->","yoast_head_json":{"title":"Induktive Leitf\u00e4higkeitssonde PEEK TCL S50 - Sysmatec","description":"Induktive Peek-Leitf\u00e4higkeitssonde mit ausgezeichneter chemischer Best\u00e4ndigkeit und breitem Betriebsbereich von 10 uS\/cm bis 2000 mS\/cm.","robots":{"index":"index","follow":"follow","max-snippet":"max-snippet:-1","max-image-preview":"max-image-preview:large","max-video-preview":"max-video-preview:-1"},"canonical":"https:\/\/sysmatec.ch\/de\/produit\/induktive-leitfaehigkeitssonde-peek-tcl-s50\/","og_locale":"de_DE","og_type":"article","og_title":"Induktive Leitf\u00e4higkeitssonde PEEK TCL S50 - Sysmatec","og_description":"Induktive Peek-Leitf\u00e4higkeitssonde mit ausgezeichneter chemischer Best\u00e4ndigkeit und breitem Betriebsbereich von 10 uS\/cm bis 2000 mS\/cm.","og_url":"https:\/\/sysmatec.ch\/de\/produit\/induktive-leitfaehigkeitssonde-peek-tcl-s50\/","og_site_name":"Sysmatec","article_modified_time":"2022-01-23T17:32:45+00:00","og_image":[{"width":82,"height":268,"url":"https:\/\/sysmatec.ch\/wp-content\/uploads\/2019\/04\/Conductivite_BamoTCLS50.jpg","type":"image\/jpeg"}],"twitter_card":"summary_large_image","twitter_misc":{"Gesch\u00e4tzte Lesezeit":"1\u00a0Minute"},"schema":{"@context":"https:\/\/schema.org","@graph":[{"@type":"WebPage","@id":"https:\/\/sysmatec.ch\/de\/produit\/induktive-leitfaehigkeitssonde-peek-tcl-s50\/","url":"https:\/\/sysmatec.ch\/de\/produit\/induktive-leitfaehigkeitssonde-peek-tcl-s50\/","name":"Induktive Leitf\u00e4higkeitssonde PEEK TCL S50 - Sysmatec","isPartOf":{"@id":"https:\/\/sysmatec.ch\/de\/#website"},"primaryImageOfPage":{"@id":"https:\/\/sysmatec.ch\/de\/produit\/induktive-leitfaehigkeitssonde-peek-tcl-s50\/#primaryimage"},"image":{"@id":"https:\/\/sysmatec.ch\/de\/produit\/induktive-leitfaehigkeitssonde-peek-tcl-s50\/#primaryimage"},"thumbnailUrl":"https:\/\/sysmatec.ch\/wp-content\/uploads\/2019\/04\/Conductivite_BamoTCLS50.jpg","datePublished":"2019-04-30T18:21:28+00:00","dateModified":"2022-01-23T17:32:45+00:00","description":"Induktive Peek-Leitf\u00e4higkeitssonde mit ausgezeichneter chemischer Best\u00e4ndigkeit und breitem Betriebsbereich von 10 uS\/cm bis 2000 mS\/cm.","breadcrumb":{"@id":"https:\/\/sysmatec.ch\/de\/produit\/induktive-leitfaehigkeitssonde-peek-tcl-s50\/#breadcrumb"},"inLanguage":"de","potentialAction":[{"@type":"ReadAction","target":["https:\/\/sysmatec.ch\/de\/produit\/induktive-leitfaehigkeitssonde-peek-tcl-s50\/"]}]},{"@type":"ImageObject","inLanguage":"de","@id":"https:\/\/sysmatec.ch\/de\/produit\/induktive-leitfaehigkeitssonde-peek-tcl-s50\/#primaryimage","url":"https:\/\/sysmatec.ch\/wp-content\/uploads\/2019\/04\/Conductivite_BamoTCLS50.jpg","contentUrl":"https:\/\/sysmatec.ch\/wp-content\/uploads\/2019\/04\/Conductivite_BamoTCLS50.jpg","width":82,"height":268},{"@type":"BreadcrumbList","@id":"https:\/\/sysmatec.ch\/de\/produit\/induktive-leitfaehigkeitssonde-peek-tcl-s50\/#breadcrumb","itemListElement":[{"@type":"ListItem","position":1,"name":"Accueil","item":"https:\/\/sysmatec.ch\/de\/"},{"@type":"ListItem","position":2,"name":"Die Aktivit\u00e4t von Sysmatec","item":"https:\/\/sysmatec.ch\/de\/"},{"@type":"ListItem","position":3,"name":"Induktive Leitf\u00e4higkeitssonde PEEK TCL S50"}]},{"@type":"WebSite","@id":"https:\/\/sysmatec.ch\/de\/#website","url":"https:\/\/sysmatec.ch\/de\/","name":"Sysmatec","description":"Equipement de laboratoire et logiciels","publisher":{"@id":"https:\/\/sysmatec.ch\/de\/#organization"},"potentialAction":[{"@type":"SearchAction","target":{"@type":"EntryPoint","urlTemplate":"https:\/\/sysmatec.ch\/de\/?s={search_term_string}"},"query-input":{"@type":"PropertyValueSpecification","valueRequired":true,"valueName":"search_term_string"}}],"inLanguage":"de"},{"@type":"Organization","@id":"https:\/\/sysmatec.ch\/de\/#organization","name":"Sysmatec","url":"https:\/\/sysmatec.ch\/de\/","logo":{"@type":"ImageObject","inLanguage":"de","@id":"https:\/\/sysmatec.ch\/de\/#\/schema\/logo\/image\/","url":"https:\/\/sysmatec.ch\/wp-content\/uploads\/2018\/11\/LogoSysmatec.jpg","contentUrl":"https:\/\/sysmatec.ch\/wp-content\/uploads\/2018\/11\/LogoSysmatec.jpg","width":301,"height":297,"caption":"Sysmatec"},"image":{"@id":"https:\/\/sysmatec.ch\/de\/#\/schema\/logo\/image\/"}}]}},"_links":{"self":[{"href":"https:\/\/sysmatec.ch\/de\/wp-json\/wp\/v2\/product\/5833","targetHints":{"allow":["GET"]}}],"collection":[{"href":"https:\/\/sysmatec.ch\/de\/wp-json\/wp\/v2\/product"}],"about":[{"href":"https:\/\/sysmatec.ch\/de\/wp-json\/wp\/v2\/types\/product"}],"wp:featuredmedia":[{"embeddable":true,"href":"https:\/\/sysmatec.ch\/de\/wp-json\/wp\/v2\/media\/5831"}],"wp:attachment":[{"href":"https:\/\/sysmatec.ch\/de\/wp-json\/wp\/v2\/media?parent=5833"}],"wp:term":[{"taxonomy":"product_brand","embeddable":true,"href":"https:\/\/sysmatec.ch\/de\/wp-json\/wp\/v2\/product_brand?post=5833"},{"taxonomy":"product_cat","embeddable":true,"href":"https:\/\/sysmatec.ch\/de\/wp-json\/wp\/v2\/product_cat?post=5833"},{"taxonomy":"product_tag","embeddable":true,"href":"https:\/\/sysmatec.ch\/de\/wp-json\/wp\/v2\/product_tag?post=5833"}],"curies":[{"name":"wp","href":"https:\/\/api.w.org\/{rel}","templated":true}]}}