{"id":5798,"date":"2019-04-29T21:36:02","date_gmt":"2019-04-29T19:36:02","guid":{"rendered":"https:\/\/sysmatec.ch\/produit\/conductivimetre-bamophar-364-pour-sonde-inductive\/"},"modified":"2022-01-24T21:22:51","modified_gmt":"2022-01-24T20:22:51","slug":"leitfaehigkeit-transmitter-bamophar-364-fuer-induktive-sonde","status":"publish","type":"product","link":"https:\/\/sysmatec.ch\/de\/Produkt\/leitfaehigkeit-transmitter-bamophar-364-fuer-induktive-sonde\/","title":{"rendered":"Leitf\u00e4higkeit Transmitter BAMOPHAR 364 f\u00fcr induktive Sonde"},"content":{"rendered":"<p>In Verbindung mit dem induktiven Sensor TCS TCS 3020 oder S50 kann der BAMOPHAR 364 kontinuierlich die Leitf\u00e4higkeit der Fl\u00fcssigkeit \u00fcber einen Bereich von 0 bis 2000 mS \/ cm messen.<\/p>\n<p>Die Sonde TCS 3020 NORYL ist f\u00fcr Anwendungen mit neutralen Fl\u00fcssigkeit empfohlen. Die Sonde TCS S50 PEEK eignet sich f\u00fcr Anwendungen, die eine hohe chemische Best\u00e4ndigkeit oder Temperatur verlangen.<\/p>\n<p>Anwendungen: \u00dcberwachung von K\u00fchlt\u00fcrmen, Solekonzentration Kontrolle, Kontrolle des eigenen Wasser (Trinkwasseranlagen, hei\u00dfe Quellen &#8230;) Kontrolle von Regenwasser und Abfluss, Kl\u00e4ranlage, Messkonzentration von S\u00e4ure und Base, um die Qualit\u00e4t der Chemikalien zu \u00fcberwachen.<\/p>\n<ul>\n<li type=\"disc\">Farb-Touchscreen<\/li>\n<li type=\"disc\">Messbereiche: 0-2 mS\/cm bis 0-2000 mS\/cm<\/li>\n<li type=\"disc\">Automatisch Temperatur Kompensation<\/li>\n<li type=\"disc\">2 Analogausg\u00e4nge 0\/4-20mA<\/li>\n<li type=\"disc\">3 unabh\u00e4ngige Relais<\/li>\n<li type=\"disc\">1 Alarmrelais Fehler<\/li>\n<li type=\"disc\">Optionen: RS 422 \/ J-BUS + LOGGER<\/li>\n<li type=\"disc\">Erweiterbar f\u00fcr die 2. Messeingang<\/li>\n<\/ul>\n","protected":false},"excerpt":{"rendered":"<p>Leitf\u00e4higkeit Transmitter f\u00fcr induktive Sonde<\/p>\n","protected":false},"featured_media":5796,"template":"","meta":{"_crdt_document":""},"product_brand":[],"product_cat":[194],"product_tag":[],"class_list":{"0":"post-5798","1":"product","2":"type-product","3":"status-publish","4":"has-post-thumbnail","6":"product_cat-leitfaehigkeit","8":"first","9":"instock","10":"taxable","11":"shipping-taxable","12":"product-type-simple"},"yoast_head":"<!-- This site is optimized with the Yoast SEO plugin v27.3 - https:\/\/yoast.com\/product\/yoast-seo-wordpress\/ -->\n<title>Leitf\u00e4higkeit Transmitter BAMOPHAR 364 f\u00fcr induktive Sonde - Sysmatec<\/title>\n<meta name=\"description\" content=\"Leitf\u00e4higkeitsmessger\u00e4t f\u00fcr induktive Leitf\u00e4higkeitssensoren. Es hat 2 analoge Ausg\u00e4nge. Einstellbarer Messbereich von 0 - 2 mS\/cm bis 0 - 2000 mS\/cm.\" \/>\n<meta name=\"robots\" content=\"index, follow, max-snippet:-1, max-image-preview:large, max-video-preview:-1\" \/>\n<link rel=\"canonical\" href=\"https:\/\/sysmatec.ch\/de\/produit\/leitfaehigkeit-transmitter-bamophar-364-fuer-induktive-sonde\/\" \/>\n<meta property=\"og:locale\" content=\"de_DE\" \/>\n<meta property=\"og:type\" content=\"article\" \/>\n<meta property=\"og:title\" content=\"Leitf\u00e4higkeit Transmitter BAMOPHAR 364 f\u00fcr induktive Sonde - Sysmatec\" \/>\n<meta property=\"og:description\" content=\"Leitf\u00e4higkeitsmessger\u00e4t f\u00fcr induktive Leitf\u00e4higkeitssensoren. Es hat 2 analoge Ausg\u00e4nge. Einstellbarer Messbereich von 0 - 2 mS\/cm bis 0 - 2000 mS\/cm.\" \/>\n<meta property=\"og:url\" content=\"https:\/\/sysmatec.ch\/de\/produit\/leitfaehigkeit-transmitter-bamophar-364-fuer-induktive-sonde\/\" \/>\n<meta property=\"og:site_name\" content=\"Sysmatec\" \/>\n<meta property=\"article:modified_time\" content=\"2022-01-24T20:22:51+00:00\" \/>\n<meta property=\"og:image\" content=\"https:\/\/sysmatec.ch\/wp-content\/uploads\/2019\/04\/Conductivite_BamoBamophar364.jpg\" \/>\n\t<meta property=\"og:image:width\" content=\"182\" \/>\n\t<meta property=\"og:image:height\" content=\"182\" \/>\n\t<meta property=\"og:image:type\" content=\"image\/jpeg\" \/>\n<meta name=\"twitter:card\" content=\"summary_large_image\" \/>\n<meta name=\"twitter:label1\" content=\"Gesch\u00e4tzte Lesezeit\" \/>\n\t<meta name=\"twitter:data1\" content=\"1\u00a0Minute\" \/>\n<script type=\"application\/ld+json\" class=\"yoast-schema-graph\">{\"@context\":\"https:\\\/\\\/schema.org\",\"@graph\":[{\"@type\":\"WebPage\",\"@id\":\"https:\\\/\\\/sysmatec.ch\\\/de\\\/produit\\\/leitfaehigkeit-transmitter-bamophar-364-fuer-induktive-sonde\\\/\",\"url\":\"https:\\\/\\\/sysmatec.ch\\\/de\\\/produit\\\/leitfaehigkeit-transmitter-bamophar-364-fuer-induktive-sonde\\\/\",\"name\":\"Leitf\u00e4higkeit Transmitter BAMOPHAR 364 f\u00fcr induktive Sonde - Sysmatec\",\"isPartOf\":{\"@id\":\"https:\\\/\\\/sysmatec.ch\\\/de\\\/#website\"},\"primaryImageOfPage\":{\"@id\":\"https:\\\/\\\/sysmatec.ch\\\/de\\\/produit\\\/leitfaehigkeit-transmitter-bamophar-364-fuer-induktive-sonde\\\/#primaryimage\"},\"image\":{\"@id\":\"https:\\\/\\\/sysmatec.ch\\\/de\\\/produit\\\/leitfaehigkeit-transmitter-bamophar-364-fuer-induktive-sonde\\\/#primaryimage\"},\"thumbnailUrl\":\"https:\\\/\\\/sysmatec.ch\\\/wp-content\\\/uploads\\\/2019\\\/04\\\/Conductivite_BamoBamophar364.jpg\",\"datePublished\":\"2019-04-29T19:36:02+00:00\",\"dateModified\":\"2022-01-24T20:22:51+00:00\",\"description\":\"Leitf\u00e4higkeitsmessger\u00e4t f\u00fcr induktive Leitf\u00e4higkeitssensoren. Es hat 2 analoge Ausg\u00e4nge. Einstellbarer Messbereich von 0 - 2 mS\\\/cm bis 0 - 2000 mS\\\/cm.\",\"breadcrumb\":{\"@id\":\"https:\\\/\\\/sysmatec.ch\\\/de\\\/produit\\\/leitfaehigkeit-transmitter-bamophar-364-fuer-induktive-sonde\\\/#breadcrumb\"},\"inLanguage\":\"de\",\"potentialAction\":[{\"@type\":\"ReadAction\",\"target\":[\"https:\\\/\\\/sysmatec.ch\\\/de\\\/produit\\\/leitfaehigkeit-transmitter-bamophar-364-fuer-induktive-sonde\\\/\"]}]},{\"@type\":\"ImageObject\",\"inLanguage\":\"de\",\"@id\":\"https:\\\/\\\/sysmatec.ch\\\/de\\\/produit\\\/leitfaehigkeit-transmitter-bamophar-364-fuer-induktive-sonde\\\/#primaryimage\",\"url\":\"https:\\\/\\\/sysmatec.ch\\\/wp-content\\\/uploads\\\/2019\\\/04\\\/Conductivite_BamoBamophar364.jpg\",\"contentUrl\":\"https:\\\/\\\/sysmatec.ch\\\/wp-content\\\/uploads\\\/2019\\\/04\\\/Conductivite_BamoBamophar364.jpg\",\"width\":182,\"height\":182},{\"@type\":\"BreadcrumbList\",\"@id\":\"https:\\\/\\\/sysmatec.ch\\\/de\\\/produit\\\/leitfaehigkeit-transmitter-bamophar-364-fuer-induktive-sonde\\\/#breadcrumb\",\"itemListElement\":[{\"@type\":\"ListItem\",\"position\":1,\"name\":\"Accueil\",\"item\":\"https:\\\/\\\/sysmatec.ch\\\/de\\\/\"},{\"@type\":\"ListItem\",\"position\":2,\"name\":\"Die Aktivit\u00e4t von Sysmatec\",\"item\":\"https:\\\/\\\/sysmatec.ch\\\/de\\\/\"},{\"@type\":\"ListItem\",\"position\":3,\"name\":\"Leitf\u00e4higkeit Transmitter BAMOPHAR 364 f\u00fcr induktive Sonde\"}]},{\"@type\":\"WebSite\",\"@id\":\"https:\\\/\\\/sysmatec.ch\\\/de\\\/#website\",\"url\":\"https:\\\/\\\/sysmatec.ch\\\/de\\\/\",\"name\":\"Sysmatec\",\"description\":\"Equipement de laboratoire et logiciels\",\"publisher\":{\"@id\":\"https:\\\/\\\/sysmatec.ch\\\/de\\\/#organization\"},\"potentialAction\":[{\"@type\":\"SearchAction\",\"target\":{\"@type\":\"EntryPoint\",\"urlTemplate\":\"https:\\\/\\\/sysmatec.ch\\\/de\\\/?s={search_term_string}\"},\"query-input\":{\"@type\":\"PropertyValueSpecification\",\"valueRequired\":true,\"valueName\":\"search_term_string\"}}],\"inLanguage\":\"de\"},{\"@type\":\"Organization\",\"@id\":\"https:\\\/\\\/sysmatec.ch\\\/de\\\/#organization\",\"name\":\"Sysmatec\",\"url\":\"https:\\\/\\\/sysmatec.ch\\\/de\\\/\",\"logo\":{\"@type\":\"ImageObject\",\"inLanguage\":\"de\",\"@id\":\"https:\\\/\\\/sysmatec.ch\\\/de\\\/#\\\/schema\\\/logo\\\/image\\\/\",\"url\":\"https:\\\/\\\/sysmatec.ch\\\/wp-content\\\/uploads\\\/2018\\\/11\\\/LogoSysmatec.jpg\",\"contentUrl\":\"https:\\\/\\\/sysmatec.ch\\\/wp-content\\\/uploads\\\/2018\\\/11\\\/LogoSysmatec.jpg\",\"width\":301,\"height\":297,\"caption\":\"Sysmatec\"},\"image\":{\"@id\":\"https:\\\/\\\/sysmatec.ch\\\/de\\\/#\\\/schema\\\/logo\\\/image\\\/\"}}]}<\/script>\n<!-- \/ Yoast SEO plugin. -->","yoast_head_json":{"title":"Leitf\u00e4higkeit Transmitter BAMOPHAR 364 f\u00fcr induktive Sonde - Sysmatec","description":"Leitf\u00e4higkeitsmessger\u00e4t f\u00fcr induktive Leitf\u00e4higkeitssensoren. Es hat 2 analoge Ausg\u00e4nge. Einstellbarer Messbereich von 0 - 2 mS\/cm bis 0 - 2000 mS\/cm.","robots":{"index":"index","follow":"follow","max-snippet":"max-snippet:-1","max-image-preview":"max-image-preview:large","max-video-preview":"max-video-preview:-1"},"canonical":"https:\/\/sysmatec.ch\/de\/produit\/leitfaehigkeit-transmitter-bamophar-364-fuer-induktive-sonde\/","og_locale":"de_DE","og_type":"article","og_title":"Leitf\u00e4higkeit Transmitter BAMOPHAR 364 f\u00fcr induktive Sonde - Sysmatec","og_description":"Leitf\u00e4higkeitsmessger\u00e4t f\u00fcr induktive Leitf\u00e4higkeitssensoren. Es hat 2 analoge Ausg\u00e4nge. Einstellbarer Messbereich von 0 - 2 mS\/cm bis 0 - 2000 mS\/cm.","og_url":"https:\/\/sysmatec.ch\/de\/produit\/leitfaehigkeit-transmitter-bamophar-364-fuer-induktive-sonde\/","og_site_name":"Sysmatec","article_modified_time":"2022-01-24T20:22:51+00:00","og_image":[{"width":182,"height":182,"url":"https:\/\/sysmatec.ch\/wp-content\/uploads\/2019\/04\/Conductivite_BamoBamophar364.jpg","type":"image\/jpeg"}],"twitter_card":"summary_large_image","twitter_misc":{"Gesch\u00e4tzte Lesezeit":"1\u00a0Minute"},"schema":{"@context":"https:\/\/schema.org","@graph":[{"@type":"WebPage","@id":"https:\/\/sysmatec.ch\/de\/produit\/leitfaehigkeit-transmitter-bamophar-364-fuer-induktive-sonde\/","url":"https:\/\/sysmatec.ch\/de\/produit\/leitfaehigkeit-transmitter-bamophar-364-fuer-induktive-sonde\/","name":"Leitf\u00e4higkeit Transmitter BAMOPHAR 364 f\u00fcr induktive Sonde - Sysmatec","isPartOf":{"@id":"https:\/\/sysmatec.ch\/de\/#website"},"primaryImageOfPage":{"@id":"https:\/\/sysmatec.ch\/de\/produit\/leitfaehigkeit-transmitter-bamophar-364-fuer-induktive-sonde\/#primaryimage"},"image":{"@id":"https:\/\/sysmatec.ch\/de\/produit\/leitfaehigkeit-transmitter-bamophar-364-fuer-induktive-sonde\/#primaryimage"},"thumbnailUrl":"https:\/\/sysmatec.ch\/wp-content\/uploads\/2019\/04\/Conductivite_BamoBamophar364.jpg","datePublished":"2019-04-29T19:36:02+00:00","dateModified":"2022-01-24T20:22:51+00:00","description":"Leitf\u00e4higkeitsmessger\u00e4t f\u00fcr induktive Leitf\u00e4higkeitssensoren. Es hat 2 analoge Ausg\u00e4nge. Einstellbarer Messbereich von 0 - 2 mS\/cm bis 0 - 2000 mS\/cm.","breadcrumb":{"@id":"https:\/\/sysmatec.ch\/de\/produit\/leitfaehigkeit-transmitter-bamophar-364-fuer-induktive-sonde\/#breadcrumb"},"inLanguage":"de","potentialAction":[{"@type":"ReadAction","target":["https:\/\/sysmatec.ch\/de\/produit\/leitfaehigkeit-transmitter-bamophar-364-fuer-induktive-sonde\/"]}]},{"@type":"ImageObject","inLanguage":"de","@id":"https:\/\/sysmatec.ch\/de\/produit\/leitfaehigkeit-transmitter-bamophar-364-fuer-induktive-sonde\/#primaryimage","url":"https:\/\/sysmatec.ch\/wp-content\/uploads\/2019\/04\/Conductivite_BamoBamophar364.jpg","contentUrl":"https:\/\/sysmatec.ch\/wp-content\/uploads\/2019\/04\/Conductivite_BamoBamophar364.jpg","width":182,"height":182},{"@type":"BreadcrumbList","@id":"https:\/\/sysmatec.ch\/de\/produit\/leitfaehigkeit-transmitter-bamophar-364-fuer-induktive-sonde\/#breadcrumb","itemListElement":[{"@type":"ListItem","position":1,"name":"Accueil","item":"https:\/\/sysmatec.ch\/de\/"},{"@type":"ListItem","position":2,"name":"Die Aktivit\u00e4t von Sysmatec","item":"https:\/\/sysmatec.ch\/de\/"},{"@type":"ListItem","position":3,"name":"Leitf\u00e4higkeit Transmitter BAMOPHAR 364 f\u00fcr induktive Sonde"}]},{"@type":"WebSite","@id":"https:\/\/sysmatec.ch\/de\/#website","url":"https:\/\/sysmatec.ch\/de\/","name":"Sysmatec","description":"Equipement de laboratoire et logiciels","publisher":{"@id":"https:\/\/sysmatec.ch\/de\/#organization"},"potentialAction":[{"@type":"SearchAction","target":{"@type":"EntryPoint","urlTemplate":"https:\/\/sysmatec.ch\/de\/?s={search_term_string}"},"query-input":{"@type":"PropertyValueSpecification","valueRequired":true,"valueName":"search_term_string"}}],"inLanguage":"de"},{"@type":"Organization","@id":"https:\/\/sysmatec.ch\/de\/#organization","name":"Sysmatec","url":"https:\/\/sysmatec.ch\/de\/","logo":{"@type":"ImageObject","inLanguage":"de","@id":"https:\/\/sysmatec.ch\/de\/#\/schema\/logo\/image\/","url":"https:\/\/sysmatec.ch\/wp-content\/uploads\/2018\/11\/LogoSysmatec.jpg","contentUrl":"https:\/\/sysmatec.ch\/wp-content\/uploads\/2018\/11\/LogoSysmatec.jpg","width":301,"height":297,"caption":"Sysmatec"},"image":{"@id":"https:\/\/sysmatec.ch\/de\/#\/schema\/logo\/image\/"}}]}},"_links":{"self":[{"href":"https:\/\/sysmatec.ch\/de\/wp-json\/wp\/v2\/product\/5798","targetHints":{"allow":["GET"]}}],"collection":[{"href":"https:\/\/sysmatec.ch\/de\/wp-json\/wp\/v2\/product"}],"about":[{"href":"https:\/\/sysmatec.ch\/de\/wp-json\/wp\/v2\/types\/product"}],"wp:featuredmedia":[{"embeddable":true,"href":"https:\/\/sysmatec.ch\/de\/wp-json\/wp\/v2\/media\/5796"}],"wp:attachment":[{"href":"https:\/\/sysmatec.ch\/de\/wp-json\/wp\/v2\/media?parent=5798"}],"wp:term":[{"taxonomy":"product_brand","embeddable":true,"href":"https:\/\/sysmatec.ch\/de\/wp-json\/wp\/v2\/product_brand?post=5798"},{"taxonomy":"product_cat","embeddable":true,"href":"https:\/\/sysmatec.ch\/de\/wp-json\/wp\/v2\/product_cat?post=5798"},{"taxonomy":"product_tag","embeddable":true,"href":"https:\/\/sysmatec.ch\/de\/wp-json\/wp\/v2\/product_tag?post=5798"}],"curies":[{"name":"wp","href":"https:\/\/api.w.org\/{rel}","templated":true}]}}