{"id":5792,"date":"2019-04-29T21:18:34","date_gmt":"2019-04-29T19:18:34","guid":{"rendered":"https:\/\/sysmatec.ch\/produit\/conductimetre-sensodirect-con200\/"},"modified":"2022-01-24T21:32:43","modified_gmt":"2022-01-24T20:32:43","slug":"leitfaehigkeit-messung-sensodirect-con200","status":"publish","type":"product","link":"https:\/\/sysmatec.ch\/de\/Produkt\/leitfaehigkeit-messung-sensodirect-con200\/","title":{"rendered":"Leitf\u00e4higkeit-Messung SensoDirect CON200"},"content":{"rendered":"<ul>\n<li>Leitf\u00e4higkeit: 0.0 bis 200.0 \u00b5S\/cm,0 bis 2000 \u00b5S\/cm, 0.00 bis 20.00 mS\/cm, 0.0 bis 200.0 mS\/cm<\/li>\n<li>Widerstand: 0.005 bis 100.0 kOhm\/cm<\/li>\n<li>TDS: 0 bis 1999 mg\/l<\/li>\n<li>Salinit\u00e4t: 0.0 bis 70.0 g\/kg<\/li>\n<li>Genauigkeit: \u00b1 0.5 % v. MW \u00b1 0,5 % F, (\u00b1 3 Digits)<\/li>\n<li>Temperatur: -5.0 bis 100.0 \u00b0C<\/li>\n<li>Genauigkeit: \u00b10,3K<\/li>\n<li>Zellkonstante: 0.50 \u00b1 0.10 cm-1<\/li>\n<li>Temperaturkompensation, w\u00e4hlbar zwischen: linear (0.3 bis 3.0 %), nicht-linear gem\u00e4\u00df EN 27 88, keine Kompensation<\/li>\n<li>Referenztemperatur: 20 \u00b0C und 25 \u00b0C<\/li>\n<li>Justierung: 1-Punkt Justierung im Bereich von 1000 bis 2000 \u00b5S\/cm<\/li>\n<li>Nenntemperatur: 25 \u00b0C<\/li>\n<li>Arbeitstemperatur: Ger\u00e4t: 0 bis + 50 \u00b0C<\/li>\n<li>Messzelle: -5 bis 80 \u00b0C (kurzzeitig bis 100 \u00b0C)<\/li>\n<li>Stromversorgung: 4 x 1.5 V Batterie, Typ A<\/li>\n<li>Betriebszeit bis &gt; 3000 h<\/li>\n<li>Stromverbrauch: ca. 2 mA, max. 4.2 mA<\/li>\n<li>Auto-Off Funktion: 0 bis 120 Minuten<\/li>\n<li>Abmessungen: 175 x 140 x 45 mm (L x B x H)<\/li>\n<li>Gewicht: ca. 580 g<\/li>\n<li>Messzelle: Vier-Pol-Leitf\u00e4higkeitsmesszelle mit integriertem Temperatursensor (NTC 10 kOhm). Elektrodenmaterial: Spezialgraphit<\/li>\n<li>Schaftmaterial: Epoxy<\/li>\n<li>Temperatur-F\u00fchler: Edelstahl<\/li>\n<li>Abmessungen: \u00d8 12 mm, 120 mm Schaftl\u00e4nge<\/li>\n<\/ul>\n","protected":false},"excerpt":{"rendered":"<p><span class=\"VIiyi\" lang=\"de\"><span class=\"JLqJ4b ChMk0b\" data-language-for-alternatives=\"de\" data-language-to-translate-into=\"fr\" data-phrase-index=\"3\" data-number-of-phrases=\"4\">Leitf\u00e4higkeitsmessger\u00e4t mit Anzeige von Leitf\u00e4higkeit, Widerstand, Salinit\u00e4t, TDS.<\/span><\/span><\/p>\n","protected":false},"featured_media":5772,"template":"","meta":{"_crdt_document":""},"product_brand":[],"product_cat":[194],"product_tag":[],"class_list":{"0":"post-5792","1":"product","2":"type-product","3":"status-publish","4":"has-post-thumbnail","6":"product_cat-leitfaehigkeit","8":"first","9":"instock","10":"taxable","11":"shipping-taxable","12":"product-type-simple"},"yoast_head":"<!-- This site is optimized with the Yoast SEO plugin v27.4 - https:\/\/yoast.com\/product\/yoast-seo-wordpress\/ -->\n<title>Leitf\u00e4higkeit-Messung SensoDirect CON200 - Sysmatec<\/title>\n<meta name=\"description\" content=\"Ger\u00e4t zur Messung von Leitf\u00e4higkeit, Widerstand, Salinit\u00e4t, TDS und Temperatur. Messbereiche von 0,0 - 200,0 \u00b5S\/cm bis 0,0 - 200,0 mS\/cm.\" \/>\n<meta name=\"robots\" content=\"index, follow, max-snippet:-1, max-image-preview:large, max-video-preview:-1\" \/>\n<link rel=\"canonical\" href=\"https:\/\/sysmatec.ch\/de\/produit\/leitfaehigkeit-messung-sensodirect-con200\/\" \/>\n<meta property=\"og:locale\" content=\"de_DE\" \/>\n<meta property=\"og:type\" content=\"article\" \/>\n<meta property=\"og:title\" content=\"Leitf\u00e4higkeit-Messung SensoDirect CON200 - Sysmatec\" \/>\n<meta property=\"og:description\" content=\"Ger\u00e4t zur Messung von Leitf\u00e4higkeit, Widerstand, Salinit\u00e4t, TDS und Temperatur. Messbereiche von 0,0 - 200,0 \u00b5S\/cm bis 0,0 - 200,0 mS\/cm.\" \/>\n<meta property=\"og:url\" content=\"https:\/\/sysmatec.ch\/de\/produit\/leitfaehigkeit-messung-sensodirect-con200\/\" \/>\n<meta property=\"og:site_name\" content=\"Sysmatec\" \/>\n<meta property=\"article:modified_time\" content=\"2022-01-24T20:32:43+00:00\" \/>\n<meta property=\"og:image\" content=\"https:\/\/sysmatec.ch\/wp-content\/uploads\/2019\/04\/Conductivite_TintometerCon200.gif\" \/>\n\t<meta property=\"og:image:width\" content=\"155\" \/>\n\t<meta property=\"og:image:height\" content=\"211\" \/>\n\t<meta property=\"og:image:type\" content=\"image\/gif\" \/>\n<meta name=\"twitter:card\" content=\"summary_large_image\" \/>\n<meta name=\"twitter:label1\" content=\"Gesch\u00e4tzte Lesezeit\" \/>\n\t<meta name=\"twitter:data1\" content=\"1\u00a0Minute\" \/>\n<script type=\"application\/ld+json\" class=\"yoast-schema-graph\">{\"@context\":\"https:\\\/\\\/schema.org\",\"@graph\":[{\"@type\":\"WebPage\",\"@id\":\"https:\\\/\\\/sysmatec.ch\\\/de\\\/produit\\\/leitfaehigkeit-messung-sensodirect-con200\\\/\",\"url\":\"https:\\\/\\\/sysmatec.ch\\\/de\\\/produit\\\/leitfaehigkeit-messung-sensodirect-con200\\\/\",\"name\":\"Leitf\u00e4higkeit-Messung SensoDirect CON200 - Sysmatec\",\"isPartOf\":{\"@id\":\"https:\\\/\\\/sysmatec.ch\\\/de\\\/#website\"},\"primaryImageOfPage\":{\"@id\":\"https:\\\/\\\/sysmatec.ch\\\/de\\\/produit\\\/leitfaehigkeit-messung-sensodirect-con200\\\/#primaryimage\"},\"image\":{\"@id\":\"https:\\\/\\\/sysmatec.ch\\\/de\\\/produit\\\/leitfaehigkeit-messung-sensodirect-con200\\\/#primaryimage\"},\"thumbnailUrl\":\"https:\\\/\\\/sysmatec.ch\\\/wp-content\\\/uploads\\\/2019\\\/04\\\/Conductivite_TintometerCon200.gif\",\"datePublished\":\"2019-04-29T19:18:34+00:00\",\"dateModified\":\"2022-01-24T20:32:43+00:00\",\"description\":\"Ger\u00e4t zur Messung von Leitf\u00e4higkeit, Widerstand, Salinit\u00e4t, TDS und Temperatur. Messbereiche von 0,0 - 200,0 \u00b5S\\\/cm bis 0,0 - 200,0 mS\\\/cm.\",\"breadcrumb\":{\"@id\":\"https:\\\/\\\/sysmatec.ch\\\/de\\\/produit\\\/leitfaehigkeit-messung-sensodirect-con200\\\/#breadcrumb\"},\"inLanguage\":\"de\",\"potentialAction\":[{\"@type\":\"ReadAction\",\"target\":[\"https:\\\/\\\/sysmatec.ch\\\/de\\\/produit\\\/leitfaehigkeit-messung-sensodirect-con200\\\/\"]}]},{\"@type\":\"ImageObject\",\"inLanguage\":\"de\",\"@id\":\"https:\\\/\\\/sysmatec.ch\\\/de\\\/produit\\\/leitfaehigkeit-messung-sensodirect-con200\\\/#primaryimage\",\"url\":\"https:\\\/\\\/sysmatec.ch\\\/wp-content\\\/uploads\\\/2019\\\/04\\\/Conductivite_TintometerCon200.gif\",\"contentUrl\":\"https:\\\/\\\/sysmatec.ch\\\/wp-content\\\/uploads\\\/2019\\\/04\\\/Conductivite_TintometerCon200.gif\",\"width\":155,\"height\":211},{\"@type\":\"BreadcrumbList\",\"@id\":\"https:\\\/\\\/sysmatec.ch\\\/de\\\/produit\\\/leitfaehigkeit-messung-sensodirect-con200\\\/#breadcrumb\",\"itemListElement\":[{\"@type\":\"ListItem\",\"position\":1,\"name\":\"Accueil\",\"item\":\"https:\\\/\\\/sysmatec.ch\\\/de\\\/\"},{\"@type\":\"ListItem\",\"position\":2,\"name\":\"Die Aktivit\u00e4t von Sysmatec\",\"item\":\"https:\\\/\\\/sysmatec.ch\\\/de\\\/\"},{\"@type\":\"ListItem\",\"position\":3,\"name\":\"Leitf\u00e4higkeit-Messung SensoDirect CON200\"}]},{\"@type\":\"WebSite\",\"@id\":\"https:\\\/\\\/sysmatec.ch\\\/de\\\/#website\",\"url\":\"https:\\\/\\\/sysmatec.ch\\\/de\\\/\",\"name\":\"Sysmatec\",\"description\":\"Equipement de laboratoire et logiciels\",\"publisher\":{\"@id\":\"https:\\\/\\\/sysmatec.ch\\\/de\\\/#organization\"},\"potentialAction\":[{\"@type\":\"SearchAction\",\"target\":{\"@type\":\"EntryPoint\",\"urlTemplate\":\"https:\\\/\\\/sysmatec.ch\\\/de\\\/?s={search_term_string}\"},\"query-input\":{\"@type\":\"PropertyValueSpecification\",\"valueRequired\":true,\"valueName\":\"search_term_string\"}}],\"inLanguage\":\"de\"},{\"@type\":\"Organization\",\"@id\":\"https:\\\/\\\/sysmatec.ch\\\/de\\\/#organization\",\"name\":\"Sysmatec\",\"url\":\"https:\\\/\\\/sysmatec.ch\\\/de\\\/\",\"logo\":{\"@type\":\"ImageObject\",\"inLanguage\":\"de\",\"@id\":\"https:\\\/\\\/sysmatec.ch\\\/de\\\/#\\\/schema\\\/logo\\\/image\\\/\",\"url\":\"https:\\\/\\\/sysmatec.ch\\\/wp-content\\\/uploads\\\/2018\\\/11\\\/LogoSysmatec.jpg\",\"contentUrl\":\"https:\\\/\\\/sysmatec.ch\\\/wp-content\\\/uploads\\\/2018\\\/11\\\/LogoSysmatec.jpg\",\"width\":301,\"height\":297,\"caption\":\"Sysmatec\"},\"image\":{\"@id\":\"https:\\\/\\\/sysmatec.ch\\\/de\\\/#\\\/schema\\\/logo\\\/image\\\/\"}}]}<\/script>\n<!-- \/ Yoast SEO plugin. -->","yoast_head_json":{"title":"Leitf\u00e4higkeit-Messung SensoDirect CON200 - Sysmatec","description":"Ger\u00e4t zur Messung von Leitf\u00e4higkeit, Widerstand, Salinit\u00e4t, TDS und Temperatur. Messbereiche von 0,0 - 200,0 \u00b5S\/cm bis 0,0 - 200,0 mS\/cm.","robots":{"index":"index","follow":"follow","max-snippet":"max-snippet:-1","max-image-preview":"max-image-preview:large","max-video-preview":"max-video-preview:-1"},"canonical":"https:\/\/sysmatec.ch\/de\/produit\/leitfaehigkeit-messung-sensodirect-con200\/","og_locale":"de_DE","og_type":"article","og_title":"Leitf\u00e4higkeit-Messung SensoDirect CON200 - Sysmatec","og_description":"Ger\u00e4t zur Messung von Leitf\u00e4higkeit, Widerstand, Salinit\u00e4t, TDS und Temperatur. Messbereiche von 0,0 - 200,0 \u00b5S\/cm bis 0,0 - 200,0 mS\/cm.","og_url":"https:\/\/sysmatec.ch\/de\/produit\/leitfaehigkeit-messung-sensodirect-con200\/","og_site_name":"Sysmatec","article_modified_time":"2022-01-24T20:32:43+00:00","og_image":[{"width":155,"height":211,"url":"https:\/\/sysmatec.ch\/wp-content\/uploads\/2019\/04\/Conductivite_TintometerCon200.gif","type":"image\/gif"}],"twitter_card":"summary_large_image","twitter_misc":{"Gesch\u00e4tzte Lesezeit":"1\u00a0Minute"},"schema":{"@context":"https:\/\/schema.org","@graph":[{"@type":"WebPage","@id":"https:\/\/sysmatec.ch\/de\/produit\/leitfaehigkeit-messung-sensodirect-con200\/","url":"https:\/\/sysmatec.ch\/de\/produit\/leitfaehigkeit-messung-sensodirect-con200\/","name":"Leitf\u00e4higkeit-Messung SensoDirect CON200 - Sysmatec","isPartOf":{"@id":"https:\/\/sysmatec.ch\/de\/#website"},"primaryImageOfPage":{"@id":"https:\/\/sysmatec.ch\/de\/produit\/leitfaehigkeit-messung-sensodirect-con200\/#primaryimage"},"image":{"@id":"https:\/\/sysmatec.ch\/de\/produit\/leitfaehigkeit-messung-sensodirect-con200\/#primaryimage"},"thumbnailUrl":"https:\/\/sysmatec.ch\/wp-content\/uploads\/2019\/04\/Conductivite_TintometerCon200.gif","datePublished":"2019-04-29T19:18:34+00:00","dateModified":"2022-01-24T20:32:43+00:00","description":"Ger\u00e4t zur Messung von Leitf\u00e4higkeit, Widerstand, Salinit\u00e4t, TDS und Temperatur. Messbereiche von 0,0 - 200,0 \u00b5S\/cm bis 0,0 - 200,0 mS\/cm.","breadcrumb":{"@id":"https:\/\/sysmatec.ch\/de\/produit\/leitfaehigkeit-messung-sensodirect-con200\/#breadcrumb"},"inLanguage":"de","potentialAction":[{"@type":"ReadAction","target":["https:\/\/sysmatec.ch\/de\/produit\/leitfaehigkeit-messung-sensodirect-con200\/"]}]},{"@type":"ImageObject","inLanguage":"de","@id":"https:\/\/sysmatec.ch\/de\/produit\/leitfaehigkeit-messung-sensodirect-con200\/#primaryimage","url":"https:\/\/sysmatec.ch\/wp-content\/uploads\/2019\/04\/Conductivite_TintometerCon200.gif","contentUrl":"https:\/\/sysmatec.ch\/wp-content\/uploads\/2019\/04\/Conductivite_TintometerCon200.gif","width":155,"height":211},{"@type":"BreadcrumbList","@id":"https:\/\/sysmatec.ch\/de\/produit\/leitfaehigkeit-messung-sensodirect-con200\/#breadcrumb","itemListElement":[{"@type":"ListItem","position":1,"name":"Accueil","item":"https:\/\/sysmatec.ch\/de\/"},{"@type":"ListItem","position":2,"name":"Die Aktivit\u00e4t von Sysmatec","item":"https:\/\/sysmatec.ch\/de\/"},{"@type":"ListItem","position":3,"name":"Leitf\u00e4higkeit-Messung SensoDirect CON200"}]},{"@type":"WebSite","@id":"https:\/\/sysmatec.ch\/de\/#website","url":"https:\/\/sysmatec.ch\/de\/","name":"Sysmatec","description":"Equipement de laboratoire et logiciels","publisher":{"@id":"https:\/\/sysmatec.ch\/de\/#organization"},"potentialAction":[{"@type":"SearchAction","target":{"@type":"EntryPoint","urlTemplate":"https:\/\/sysmatec.ch\/de\/?s={search_term_string}"},"query-input":{"@type":"PropertyValueSpecification","valueRequired":true,"valueName":"search_term_string"}}],"inLanguage":"de"},{"@type":"Organization","@id":"https:\/\/sysmatec.ch\/de\/#organization","name":"Sysmatec","url":"https:\/\/sysmatec.ch\/de\/","logo":{"@type":"ImageObject","inLanguage":"de","@id":"https:\/\/sysmatec.ch\/de\/#\/schema\/logo\/image\/","url":"https:\/\/sysmatec.ch\/wp-content\/uploads\/2018\/11\/LogoSysmatec.jpg","contentUrl":"https:\/\/sysmatec.ch\/wp-content\/uploads\/2018\/11\/LogoSysmatec.jpg","width":301,"height":297,"caption":"Sysmatec"},"image":{"@id":"https:\/\/sysmatec.ch\/de\/#\/schema\/logo\/image\/"}}]}},"_links":{"self":[{"href":"https:\/\/sysmatec.ch\/de\/wp-json\/wp\/v2\/product\/5792","targetHints":{"allow":["GET"]}}],"collection":[{"href":"https:\/\/sysmatec.ch\/de\/wp-json\/wp\/v2\/product"}],"about":[{"href":"https:\/\/sysmatec.ch\/de\/wp-json\/wp\/v2\/types\/product"}],"wp:featuredmedia":[{"embeddable":true,"href":"https:\/\/sysmatec.ch\/de\/wp-json\/wp\/v2\/media\/5772"}],"wp:attachment":[{"href":"https:\/\/sysmatec.ch\/de\/wp-json\/wp\/v2\/media?parent=5792"}],"wp:term":[{"taxonomy":"product_brand","embeddable":true,"href":"https:\/\/sysmatec.ch\/de\/wp-json\/wp\/v2\/product_brand?post=5792"},{"taxonomy":"product_cat","embeddable":true,"href":"https:\/\/sysmatec.ch\/de\/wp-json\/wp\/v2\/product_cat?post=5792"},{"taxonomy":"product_tag","embeddable":true,"href":"https:\/\/sysmatec.ch\/de\/wp-json\/wp\/v2\/product_tag?post=5792"}],"curies":[{"name":"wp","href":"https:\/\/api.w.org\/{rel}","templated":true}]}}