{"id":5750,"date":"2019-04-22T18:48:52","date_gmt":"2019-04-22T16:48:52","guid":{"rendered":"https:\/\/sysmatec.ch\/produit\/conductimetre-heitolab-c-320\/"},"modified":"2022-01-26T21:27:28","modified_gmt":"2022-01-26T20:27:28","slug":"leitfaehigkeit-messung-heitolab-c-320","status":"publish","type":"product","link":"https:\/\/sysmatec.ch\/de\/Produkt\/leitfaehigkeit-messung-heitolab-c-320\/","title":{"rendered":"Leitf\u00e4higkeit-Messung Heitolab C 320"},"content":{"rendered":"<ul>\n<li>Konduktivit\u00e4t und Temperatur werden gleichzeitig angezeigt<\/li>\n<li>Konduktivit\u00e4t Messbereich: 2000 nS, 20 uS, 200 uS, 2000 uS, 20 mS, 200 mS<\/li>\n<li>automatische Umschaltung des Messbereiches<\/li>\n<li>Temperatur Messbereich: 0- 150 \u00b0C<\/li>\n<li>Temperaturaufl\u00f6sung: 0,1 \u00b0C<\/li>\n<li>automatische Korrektur mit der Temperatur (manuelle Korrektur wenn keine Pt100 angeschlossen ist)<\/li>\n<li>Messzelle Koeffizient Einstellung<\/li>\n<li>Eing\u00e4nge:\n<ul>\n<li>BNC f\u00fcr die Elektrode (2 Platinum Platte auf Glas eingef\u00fcgt, Zell Koeffizient ca 1, L\u00e4nge 120 cm lang, Duchmesser 12 mm)<\/li>\n<li>5 Pin Eingang f\u00fcr die Temperaturmessung<\/li>\n<\/ul>\n<\/li>\n<li>Ausg\u00e4nge: RS232 Schnittstelle und 0-5 v standardm\u00e4ssig (oder 0-2 V als Option)<\/li>\n<li>Netzadapter 220 V \/ 9 V inklusiv<\/li>\n<li>Abmessung: 275 x 208 x 51 mm<\/li>\n<\/ul>\n","protected":false},"excerpt":{"rendered":"<p><span class=\"VIiyi\" lang=\"de\"><span class=\"JLqJ4b ChMk0b\" data-language-for-alternatives=\"de\" data-language-to-translate-into=\"fr\" data-phrase-index=\"3\" data-number-of-phrases=\"4\">Labor-Leitf\u00e4higkeitsmessger\u00e4t mit Leitf\u00e4higkeits- und Temperaturanzeige.<\/span><\/span><\/p>\n","protected":false},"featured_media":5743,"template":"","meta":{"_crdt_document":""},"product_brand":[],"product_cat":[194],"product_tag":[],"class_list":{"0":"post-5750","1":"product","2":"type-product","3":"status-publish","4":"has-post-thumbnail","6":"product_cat-leitfaehigkeit","8":"first","9":"instock","10":"taxable","11":"shipping-taxable","12":"product-type-simple"},"yoast_head":"<!-- This site is optimized with the Yoast SEO plugin v27.3 - https:\/\/yoast.com\/product\/yoast-seo-wordpress\/ -->\n<title>Leitf\u00e4higkeit-Messung Heitolab C 320 - Sysmatec<\/title>\n<meta name=\"description\" content=\"Labor-Leitf\u00e4higkeitsmessger\u00e4t mit Anzeige von Leitf\u00e4higkeit und Temperatur. Messbereiche 2000 nS, 20 uS, 200 uS, 2000 uS, 20 mS, 200 mS.\" \/>\n<meta name=\"robots\" content=\"index, follow, max-snippet:-1, max-image-preview:large, max-video-preview:-1\" \/>\n<link rel=\"canonical\" href=\"https:\/\/sysmatec.ch\/de\/produit\/leitfaehigkeit-messung-heitolab-c-320\/\" \/>\n<meta property=\"og:locale\" content=\"de_DE\" \/>\n<meta property=\"og:type\" content=\"article\" \/>\n<meta property=\"og:title\" content=\"Leitf\u00e4higkeit-Messung Heitolab C 320 - Sysmatec\" \/>\n<meta property=\"og:description\" content=\"Labor-Leitf\u00e4higkeitsmessger\u00e4t mit Anzeige von Leitf\u00e4higkeit und Temperatur. Messbereiche 2000 nS, 20 uS, 200 uS, 2000 uS, 20 mS, 200 mS.\" \/>\n<meta property=\"og:url\" content=\"https:\/\/sysmatec.ch\/de\/produit\/leitfaehigkeit-messung-heitolab-c-320\/\" \/>\n<meta property=\"og:site_name\" content=\"Sysmatec\" \/>\n<meta property=\"article:modified_time\" content=\"2022-01-26T20:27:28+00:00\" \/>\n<meta property=\"og:image\" content=\"https:\/\/sysmatec.ch\/wp-content\/uploads\/2019\/04\/Conductivite_HEITOHeitolabC320.gif\" \/>\n\t<meta property=\"og:image:width\" content=\"151\" \/>\n\t<meta property=\"og:image:height\" content=\"117\" \/>\n\t<meta property=\"og:image:type\" content=\"image\/gif\" \/>\n<meta name=\"twitter:card\" content=\"summary_large_image\" \/>\n<script type=\"application\/ld+json\" class=\"yoast-schema-graph\">{\"@context\":\"https:\\\/\\\/schema.org\",\"@graph\":[{\"@type\":\"WebPage\",\"@id\":\"https:\\\/\\\/sysmatec.ch\\\/de\\\/produit\\\/leitfaehigkeit-messung-heitolab-c-320\\\/\",\"url\":\"https:\\\/\\\/sysmatec.ch\\\/de\\\/produit\\\/leitfaehigkeit-messung-heitolab-c-320\\\/\",\"name\":\"Leitf\u00e4higkeit-Messung Heitolab C 320 - Sysmatec\",\"isPartOf\":{\"@id\":\"https:\\\/\\\/sysmatec.ch\\\/de\\\/#website\"},\"primaryImageOfPage\":{\"@id\":\"https:\\\/\\\/sysmatec.ch\\\/de\\\/produit\\\/leitfaehigkeit-messung-heitolab-c-320\\\/#primaryimage\"},\"image\":{\"@id\":\"https:\\\/\\\/sysmatec.ch\\\/de\\\/produit\\\/leitfaehigkeit-messung-heitolab-c-320\\\/#primaryimage\"},\"thumbnailUrl\":\"https:\\\/\\\/sysmatec.ch\\\/wp-content\\\/uploads\\\/2019\\\/04\\\/Conductivite_HEITOHeitolabC320.gif\",\"datePublished\":\"2019-04-22T16:48:52+00:00\",\"dateModified\":\"2022-01-26T20:27:28+00:00\",\"description\":\"Labor-Leitf\u00e4higkeitsmessger\u00e4t mit Anzeige von Leitf\u00e4higkeit und Temperatur. Messbereiche 2000 nS, 20 uS, 200 uS, 2000 uS, 20 mS, 200 mS.\",\"breadcrumb\":{\"@id\":\"https:\\\/\\\/sysmatec.ch\\\/de\\\/produit\\\/leitfaehigkeit-messung-heitolab-c-320\\\/#breadcrumb\"},\"inLanguage\":\"de\",\"potentialAction\":[{\"@type\":\"ReadAction\",\"target\":[\"https:\\\/\\\/sysmatec.ch\\\/de\\\/produit\\\/leitfaehigkeit-messung-heitolab-c-320\\\/\"]}]},{\"@type\":\"ImageObject\",\"inLanguage\":\"de\",\"@id\":\"https:\\\/\\\/sysmatec.ch\\\/de\\\/produit\\\/leitfaehigkeit-messung-heitolab-c-320\\\/#primaryimage\",\"url\":\"https:\\\/\\\/sysmatec.ch\\\/wp-content\\\/uploads\\\/2019\\\/04\\\/Conductivite_HEITOHeitolabC320.gif\",\"contentUrl\":\"https:\\\/\\\/sysmatec.ch\\\/wp-content\\\/uploads\\\/2019\\\/04\\\/Conductivite_HEITOHeitolabC320.gif\",\"width\":151,\"height\":117},{\"@type\":\"BreadcrumbList\",\"@id\":\"https:\\\/\\\/sysmatec.ch\\\/de\\\/produit\\\/leitfaehigkeit-messung-heitolab-c-320\\\/#breadcrumb\",\"itemListElement\":[{\"@type\":\"ListItem\",\"position\":1,\"name\":\"Accueil\",\"item\":\"https:\\\/\\\/sysmatec.ch\\\/de\\\/\"},{\"@type\":\"ListItem\",\"position\":2,\"name\":\"Die Aktivit\u00e4t von Sysmatec\",\"item\":\"https:\\\/\\\/sysmatec.ch\\\/de\\\/\"},{\"@type\":\"ListItem\",\"position\":3,\"name\":\"Leitf\u00e4higkeit-Messung Heitolab C 320\"}]},{\"@type\":\"WebSite\",\"@id\":\"https:\\\/\\\/sysmatec.ch\\\/de\\\/#website\",\"url\":\"https:\\\/\\\/sysmatec.ch\\\/de\\\/\",\"name\":\"Sysmatec\",\"description\":\"Equipement de laboratoire et logiciels\",\"publisher\":{\"@id\":\"https:\\\/\\\/sysmatec.ch\\\/de\\\/#organization\"},\"potentialAction\":[{\"@type\":\"SearchAction\",\"target\":{\"@type\":\"EntryPoint\",\"urlTemplate\":\"https:\\\/\\\/sysmatec.ch\\\/de\\\/?s={search_term_string}\"},\"query-input\":{\"@type\":\"PropertyValueSpecification\",\"valueRequired\":true,\"valueName\":\"search_term_string\"}}],\"inLanguage\":\"de\"},{\"@type\":\"Organization\",\"@id\":\"https:\\\/\\\/sysmatec.ch\\\/de\\\/#organization\",\"name\":\"Sysmatec\",\"url\":\"https:\\\/\\\/sysmatec.ch\\\/de\\\/\",\"logo\":{\"@type\":\"ImageObject\",\"inLanguage\":\"de\",\"@id\":\"https:\\\/\\\/sysmatec.ch\\\/de\\\/#\\\/schema\\\/logo\\\/image\\\/\",\"url\":\"https:\\\/\\\/sysmatec.ch\\\/wp-content\\\/uploads\\\/2018\\\/11\\\/LogoSysmatec.jpg\",\"contentUrl\":\"https:\\\/\\\/sysmatec.ch\\\/wp-content\\\/uploads\\\/2018\\\/11\\\/LogoSysmatec.jpg\",\"width\":301,\"height\":297,\"caption\":\"Sysmatec\"},\"image\":{\"@id\":\"https:\\\/\\\/sysmatec.ch\\\/de\\\/#\\\/schema\\\/logo\\\/image\\\/\"}}]}<\/script>\n<!-- \/ Yoast SEO plugin. -->","yoast_head_json":{"title":"Leitf\u00e4higkeit-Messung Heitolab C 320 - Sysmatec","description":"Labor-Leitf\u00e4higkeitsmessger\u00e4t mit Anzeige von Leitf\u00e4higkeit und Temperatur. Messbereiche 2000 nS, 20 uS, 200 uS, 2000 uS, 20 mS, 200 mS.","robots":{"index":"index","follow":"follow","max-snippet":"max-snippet:-1","max-image-preview":"max-image-preview:large","max-video-preview":"max-video-preview:-1"},"canonical":"https:\/\/sysmatec.ch\/de\/produit\/leitfaehigkeit-messung-heitolab-c-320\/","og_locale":"de_DE","og_type":"article","og_title":"Leitf\u00e4higkeit-Messung Heitolab C 320 - Sysmatec","og_description":"Labor-Leitf\u00e4higkeitsmessger\u00e4t mit Anzeige von Leitf\u00e4higkeit und Temperatur. Messbereiche 2000 nS, 20 uS, 200 uS, 2000 uS, 20 mS, 200 mS.","og_url":"https:\/\/sysmatec.ch\/de\/produit\/leitfaehigkeit-messung-heitolab-c-320\/","og_site_name":"Sysmatec","article_modified_time":"2022-01-26T20:27:28+00:00","og_image":[{"width":151,"height":117,"url":"https:\/\/sysmatec.ch\/wp-content\/uploads\/2019\/04\/Conductivite_HEITOHeitolabC320.gif","type":"image\/gif"}],"twitter_card":"summary_large_image","schema":{"@context":"https:\/\/schema.org","@graph":[{"@type":"WebPage","@id":"https:\/\/sysmatec.ch\/de\/produit\/leitfaehigkeit-messung-heitolab-c-320\/","url":"https:\/\/sysmatec.ch\/de\/produit\/leitfaehigkeit-messung-heitolab-c-320\/","name":"Leitf\u00e4higkeit-Messung Heitolab C 320 - Sysmatec","isPartOf":{"@id":"https:\/\/sysmatec.ch\/de\/#website"},"primaryImageOfPage":{"@id":"https:\/\/sysmatec.ch\/de\/produit\/leitfaehigkeit-messung-heitolab-c-320\/#primaryimage"},"image":{"@id":"https:\/\/sysmatec.ch\/de\/produit\/leitfaehigkeit-messung-heitolab-c-320\/#primaryimage"},"thumbnailUrl":"https:\/\/sysmatec.ch\/wp-content\/uploads\/2019\/04\/Conductivite_HEITOHeitolabC320.gif","datePublished":"2019-04-22T16:48:52+00:00","dateModified":"2022-01-26T20:27:28+00:00","description":"Labor-Leitf\u00e4higkeitsmessger\u00e4t mit Anzeige von Leitf\u00e4higkeit und Temperatur. Messbereiche 2000 nS, 20 uS, 200 uS, 2000 uS, 20 mS, 200 mS.","breadcrumb":{"@id":"https:\/\/sysmatec.ch\/de\/produit\/leitfaehigkeit-messung-heitolab-c-320\/#breadcrumb"},"inLanguage":"de","potentialAction":[{"@type":"ReadAction","target":["https:\/\/sysmatec.ch\/de\/produit\/leitfaehigkeit-messung-heitolab-c-320\/"]}]},{"@type":"ImageObject","inLanguage":"de","@id":"https:\/\/sysmatec.ch\/de\/produit\/leitfaehigkeit-messung-heitolab-c-320\/#primaryimage","url":"https:\/\/sysmatec.ch\/wp-content\/uploads\/2019\/04\/Conductivite_HEITOHeitolabC320.gif","contentUrl":"https:\/\/sysmatec.ch\/wp-content\/uploads\/2019\/04\/Conductivite_HEITOHeitolabC320.gif","width":151,"height":117},{"@type":"BreadcrumbList","@id":"https:\/\/sysmatec.ch\/de\/produit\/leitfaehigkeit-messung-heitolab-c-320\/#breadcrumb","itemListElement":[{"@type":"ListItem","position":1,"name":"Accueil","item":"https:\/\/sysmatec.ch\/de\/"},{"@type":"ListItem","position":2,"name":"Die Aktivit\u00e4t von Sysmatec","item":"https:\/\/sysmatec.ch\/de\/"},{"@type":"ListItem","position":3,"name":"Leitf\u00e4higkeit-Messung Heitolab C 320"}]},{"@type":"WebSite","@id":"https:\/\/sysmatec.ch\/de\/#website","url":"https:\/\/sysmatec.ch\/de\/","name":"Sysmatec","description":"Equipement de laboratoire et logiciels","publisher":{"@id":"https:\/\/sysmatec.ch\/de\/#organization"},"potentialAction":[{"@type":"SearchAction","target":{"@type":"EntryPoint","urlTemplate":"https:\/\/sysmatec.ch\/de\/?s={search_term_string}"},"query-input":{"@type":"PropertyValueSpecification","valueRequired":true,"valueName":"search_term_string"}}],"inLanguage":"de"},{"@type":"Organization","@id":"https:\/\/sysmatec.ch\/de\/#organization","name":"Sysmatec","url":"https:\/\/sysmatec.ch\/de\/","logo":{"@type":"ImageObject","inLanguage":"de","@id":"https:\/\/sysmatec.ch\/de\/#\/schema\/logo\/image\/","url":"https:\/\/sysmatec.ch\/wp-content\/uploads\/2018\/11\/LogoSysmatec.jpg","contentUrl":"https:\/\/sysmatec.ch\/wp-content\/uploads\/2018\/11\/LogoSysmatec.jpg","width":301,"height":297,"caption":"Sysmatec"},"image":{"@id":"https:\/\/sysmatec.ch\/de\/#\/schema\/logo\/image\/"}}]}},"_links":{"self":[{"href":"https:\/\/sysmatec.ch\/de\/wp-json\/wp\/v2\/product\/5750","targetHints":{"allow":["GET"]}}],"collection":[{"href":"https:\/\/sysmatec.ch\/de\/wp-json\/wp\/v2\/product"}],"about":[{"href":"https:\/\/sysmatec.ch\/de\/wp-json\/wp\/v2\/types\/product"}],"wp:featuredmedia":[{"embeddable":true,"href":"https:\/\/sysmatec.ch\/de\/wp-json\/wp\/v2\/media\/5743"}],"wp:attachment":[{"href":"https:\/\/sysmatec.ch\/de\/wp-json\/wp\/v2\/media?parent=5750"}],"wp:term":[{"taxonomy":"product_brand","embeddable":true,"href":"https:\/\/sysmatec.ch\/de\/wp-json\/wp\/v2\/product_brand?post=5750"},{"taxonomy":"product_cat","embeddable":true,"href":"https:\/\/sysmatec.ch\/de\/wp-json\/wp\/v2\/product_cat?post=5750"},{"taxonomy":"product_tag","embeddable":true,"href":"https:\/\/sysmatec.ch\/de\/wp-json\/wp\/v2\/product_tag?post=5750"}],"curies":[{"name":"wp","href":"https:\/\/api.w.org\/{rel}","templated":true}]}}