{"id":5734,"date":"2019-04-22T17:52:39","date_gmt":"2019-04-22T15:52:39","guid":{"rendered":"https:\/\/sysmatec.ch\/produit\/module-mesure-des-voc-composes-organiques-volatiles-yocto-voc\/"},"modified":"2022-01-26T21:49:08","modified_gmt":"2022-01-26T20:49:08","slug":"modul-fuer-die-voc-messung-yocto-voc","status":"publish","type":"product","link":"https:\/\/sysmatec.ch\/de\/Produkt\/modul-fuer-die-voc-messung-yocto-voc\/","title":{"rendered":"Modul f\u00fcr die VOC Messung Yocto-VOC"},"content":{"rendered":"<p>Das Ger\u00e4t misst die Menge an fl\u00fcchtigen organischen Verbindungen (VOC) in der Umgebungsluft. Die Werte k\u00f6nnen gespichert werden und \u00fcber die USB-Schnittstelle wieder gelesen werden.<\/p>\n<p>Diese Schaltung ist so konzipiert, dass der Sensor selbst von der USB Schnittstelle entfernt sein kann. Die Verbindung wird mit 4-adriges Kabel gew\u00e4hrleistet.<\/p>\n<p>Der MEMS-Metalloxid-Sensor in diesem Ger\u00e4t misst die Ver\u00e4nderung der fl\u00fcchtige organische Verbindungen in Umgebungsluft, und rechent den Wert in ppm CO2-\u00c4quivalenten. Der Sensor ist in der Lage, Alkoholen, Aldehyden, aliphatischen Kohlenwasserstoffen, Aminen, aromatischen Kohlenwasserstoffen (Benzind\u00e4mpfe etc.), Kohlenoxide, CH4, LPG, Ketonen und organischen S\u00e4uren zu detektieren. Die erste Sch\u00e4tzung ist nur 15 Minuten nach dem Einschalten des Ger\u00e4tes zur Verf\u00fcgung.<\/p>\n<p>Der Anfangswert wird auf 450 ppm CO2-\u00c4quivalenten (theoretischer Wert f\u00fcr Frischluft) eingestellt. Der Sensor misst die relativen \u00c4nderungen von fl\u00fcchtigen organischen Verbindungen und umrechnet den Wert in einem ppm Wert mit einer automatischen Basislinienkorrektur.<\/p>\n","protected":false},"excerpt":{"rendered":"<p>Modul f\u00fcr die VOC Messung<\/p>\n","protected":false},"featured_media":5732,"template":"","meta":{"_crdt_document":""},"product_brand":[],"product_cat":[191,357],"product_tag":[],"class_list":{"0":"post-5734","1":"product","2":"type-product","3":"status-publish","4":"has-post-thumbnail","6":"product_cat-automation-de","7":"product_cat-e-a-module","9":"first","10":"instock","11":"taxable","12":"shipping-taxable","13":"product-type-simple"},"yoast_head":"<!-- This site is optimized with the Yoast SEO plugin v27.4 - https:\/\/yoast.com\/product\/yoast-seo-wordpress\/ -->\n<title>Modul f\u00fcr die VOC Messung Yocto-VOC - Sysmatec<\/title>\n<meta name=\"description\" content=\"Modul zur Messung von VOCs in der Luft und Aufzeichnung der Werte. Daten\u00fcbertragung \u00fcber USB-Schnittstelle.\" \/>\n<meta name=\"robots\" content=\"index, follow, max-snippet:-1, max-image-preview:large, max-video-preview:-1\" \/>\n<link rel=\"canonical\" href=\"https:\/\/sysmatec.ch\/de\/produit\/modul-fuer-die-voc-messung-yocto-voc\/\" \/>\n<meta property=\"og:locale\" content=\"de_DE\" \/>\n<meta property=\"og:type\" content=\"article\" \/>\n<meta property=\"og:title\" content=\"Modul f\u00fcr die VOC Messung Yocto-VOC - Sysmatec\" \/>\n<meta property=\"og:description\" content=\"Modul zur Messung von VOCs in der Luft und Aufzeichnung der Werte. Daten\u00fcbertragung \u00fcber USB-Schnittstelle.\" \/>\n<meta property=\"og:url\" content=\"https:\/\/sysmatec.ch\/de\/produit\/modul-fuer-die-voc-messung-yocto-voc\/\" \/>\n<meta property=\"og:site_name\" content=\"Sysmatec\" \/>\n<meta property=\"article:modified_time\" content=\"2022-01-26T20:49:08+00:00\" \/>\n<meta property=\"og:image\" content=\"https:\/\/sysmatec.ch\/wp-content\/uploads\/2019\/04\/Automation_YoctoVOC.jpg\" \/>\n\t<meta property=\"og:image:width\" content=\"227\" \/>\n\t<meta property=\"og:image:height\" content=\"139\" \/>\n\t<meta property=\"og:image:type\" content=\"image\/jpeg\" \/>\n<meta name=\"twitter:card\" content=\"summary_large_image\" \/>\n<meta name=\"twitter:label1\" content=\"Gesch\u00e4tzte Lesezeit\" \/>\n\t<meta name=\"twitter:data1\" content=\"1\u00a0Minute\" \/>\n<script type=\"application\/ld+json\" class=\"yoast-schema-graph\">{\"@context\":\"https:\\\/\\\/schema.org\",\"@graph\":[{\"@type\":\"WebPage\",\"@id\":\"https:\\\/\\\/sysmatec.ch\\\/de\\\/produit\\\/modul-fuer-die-voc-messung-yocto-voc\\\/\",\"url\":\"https:\\\/\\\/sysmatec.ch\\\/de\\\/produit\\\/modul-fuer-die-voc-messung-yocto-voc\\\/\",\"name\":\"Modul f\u00fcr die VOC Messung Yocto-VOC - Sysmatec\",\"isPartOf\":{\"@id\":\"https:\\\/\\\/sysmatec.ch\\\/de\\\/#website\"},\"primaryImageOfPage\":{\"@id\":\"https:\\\/\\\/sysmatec.ch\\\/de\\\/produit\\\/modul-fuer-die-voc-messung-yocto-voc\\\/#primaryimage\"},\"image\":{\"@id\":\"https:\\\/\\\/sysmatec.ch\\\/de\\\/produit\\\/modul-fuer-die-voc-messung-yocto-voc\\\/#primaryimage\"},\"thumbnailUrl\":\"https:\\\/\\\/sysmatec.ch\\\/wp-content\\\/uploads\\\/2019\\\/04\\\/Automation_YoctoVOC.jpg\",\"datePublished\":\"2019-04-22T15:52:39+00:00\",\"dateModified\":\"2022-01-26T20:49:08+00:00\",\"description\":\"Modul zur Messung von VOCs in der Luft und Aufzeichnung der Werte. Daten\u00fcbertragung \u00fcber USB-Schnittstelle.\",\"breadcrumb\":{\"@id\":\"https:\\\/\\\/sysmatec.ch\\\/de\\\/produit\\\/modul-fuer-die-voc-messung-yocto-voc\\\/#breadcrumb\"},\"inLanguage\":\"de\",\"potentialAction\":[{\"@type\":\"ReadAction\",\"target\":[\"https:\\\/\\\/sysmatec.ch\\\/de\\\/produit\\\/modul-fuer-die-voc-messung-yocto-voc\\\/\"]}]},{\"@type\":\"ImageObject\",\"inLanguage\":\"de\",\"@id\":\"https:\\\/\\\/sysmatec.ch\\\/de\\\/produit\\\/modul-fuer-die-voc-messung-yocto-voc\\\/#primaryimage\",\"url\":\"https:\\\/\\\/sysmatec.ch\\\/wp-content\\\/uploads\\\/2019\\\/04\\\/Automation_YoctoVOC.jpg\",\"contentUrl\":\"https:\\\/\\\/sysmatec.ch\\\/wp-content\\\/uploads\\\/2019\\\/04\\\/Automation_YoctoVOC.jpg\",\"width\":227,\"height\":139},{\"@type\":\"BreadcrumbList\",\"@id\":\"https:\\\/\\\/sysmatec.ch\\\/de\\\/produit\\\/modul-fuer-die-voc-messung-yocto-voc\\\/#breadcrumb\",\"itemListElement\":[{\"@type\":\"ListItem\",\"position\":1,\"name\":\"Accueil\",\"item\":\"https:\\\/\\\/sysmatec.ch\\\/de\\\/\"},{\"@type\":\"ListItem\",\"position\":2,\"name\":\"Die Aktivit\u00e4t von Sysmatec\",\"item\":\"https:\\\/\\\/sysmatec.ch\\\/de\\\/\"},{\"@type\":\"ListItem\",\"position\":3,\"name\":\"Modul f\u00fcr die VOC Messung Yocto-VOC\"}]},{\"@type\":\"WebSite\",\"@id\":\"https:\\\/\\\/sysmatec.ch\\\/de\\\/#website\",\"url\":\"https:\\\/\\\/sysmatec.ch\\\/de\\\/\",\"name\":\"Sysmatec\",\"description\":\"Equipement de laboratoire et logiciels\",\"publisher\":{\"@id\":\"https:\\\/\\\/sysmatec.ch\\\/de\\\/#organization\"},\"potentialAction\":[{\"@type\":\"SearchAction\",\"target\":{\"@type\":\"EntryPoint\",\"urlTemplate\":\"https:\\\/\\\/sysmatec.ch\\\/de\\\/?s={search_term_string}\"},\"query-input\":{\"@type\":\"PropertyValueSpecification\",\"valueRequired\":true,\"valueName\":\"search_term_string\"}}],\"inLanguage\":\"de\"},{\"@type\":\"Organization\",\"@id\":\"https:\\\/\\\/sysmatec.ch\\\/de\\\/#organization\",\"name\":\"Sysmatec\",\"url\":\"https:\\\/\\\/sysmatec.ch\\\/de\\\/\",\"logo\":{\"@type\":\"ImageObject\",\"inLanguage\":\"de\",\"@id\":\"https:\\\/\\\/sysmatec.ch\\\/de\\\/#\\\/schema\\\/logo\\\/image\\\/\",\"url\":\"https:\\\/\\\/sysmatec.ch\\\/wp-content\\\/uploads\\\/2018\\\/11\\\/LogoSysmatec.jpg\",\"contentUrl\":\"https:\\\/\\\/sysmatec.ch\\\/wp-content\\\/uploads\\\/2018\\\/11\\\/LogoSysmatec.jpg\",\"width\":301,\"height\":297,\"caption\":\"Sysmatec\"},\"image\":{\"@id\":\"https:\\\/\\\/sysmatec.ch\\\/de\\\/#\\\/schema\\\/logo\\\/image\\\/\"}}]}<\/script>\n<!-- \/ Yoast SEO plugin. -->","yoast_head_json":{"title":"Modul f\u00fcr die VOC Messung Yocto-VOC - Sysmatec","description":"Modul zur Messung von VOCs in der Luft und Aufzeichnung der Werte. Daten\u00fcbertragung \u00fcber USB-Schnittstelle.","robots":{"index":"index","follow":"follow","max-snippet":"max-snippet:-1","max-image-preview":"max-image-preview:large","max-video-preview":"max-video-preview:-1"},"canonical":"https:\/\/sysmatec.ch\/de\/produit\/modul-fuer-die-voc-messung-yocto-voc\/","og_locale":"de_DE","og_type":"article","og_title":"Modul f\u00fcr die VOC Messung Yocto-VOC - Sysmatec","og_description":"Modul zur Messung von VOCs in der Luft und Aufzeichnung der Werte. Daten\u00fcbertragung \u00fcber USB-Schnittstelle.","og_url":"https:\/\/sysmatec.ch\/de\/produit\/modul-fuer-die-voc-messung-yocto-voc\/","og_site_name":"Sysmatec","article_modified_time":"2022-01-26T20:49:08+00:00","og_image":[{"width":227,"height":139,"url":"https:\/\/sysmatec.ch\/wp-content\/uploads\/2019\/04\/Automation_YoctoVOC.jpg","type":"image\/jpeg"}],"twitter_card":"summary_large_image","twitter_misc":{"Gesch\u00e4tzte Lesezeit":"1\u00a0Minute"},"schema":{"@context":"https:\/\/schema.org","@graph":[{"@type":"WebPage","@id":"https:\/\/sysmatec.ch\/de\/produit\/modul-fuer-die-voc-messung-yocto-voc\/","url":"https:\/\/sysmatec.ch\/de\/produit\/modul-fuer-die-voc-messung-yocto-voc\/","name":"Modul f\u00fcr die VOC Messung Yocto-VOC - Sysmatec","isPartOf":{"@id":"https:\/\/sysmatec.ch\/de\/#website"},"primaryImageOfPage":{"@id":"https:\/\/sysmatec.ch\/de\/produit\/modul-fuer-die-voc-messung-yocto-voc\/#primaryimage"},"image":{"@id":"https:\/\/sysmatec.ch\/de\/produit\/modul-fuer-die-voc-messung-yocto-voc\/#primaryimage"},"thumbnailUrl":"https:\/\/sysmatec.ch\/wp-content\/uploads\/2019\/04\/Automation_YoctoVOC.jpg","datePublished":"2019-04-22T15:52:39+00:00","dateModified":"2022-01-26T20:49:08+00:00","description":"Modul zur Messung von VOCs in der Luft und Aufzeichnung der Werte. Daten\u00fcbertragung \u00fcber USB-Schnittstelle.","breadcrumb":{"@id":"https:\/\/sysmatec.ch\/de\/produit\/modul-fuer-die-voc-messung-yocto-voc\/#breadcrumb"},"inLanguage":"de","potentialAction":[{"@type":"ReadAction","target":["https:\/\/sysmatec.ch\/de\/produit\/modul-fuer-die-voc-messung-yocto-voc\/"]}]},{"@type":"ImageObject","inLanguage":"de","@id":"https:\/\/sysmatec.ch\/de\/produit\/modul-fuer-die-voc-messung-yocto-voc\/#primaryimage","url":"https:\/\/sysmatec.ch\/wp-content\/uploads\/2019\/04\/Automation_YoctoVOC.jpg","contentUrl":"https:\/\/sysmatec.ch\/wp-content\/uploads\/2019\/04\/Automation_YoctoVOC.jpg","width":227,"height":139},{"@type":"BreadcrumbList","@id":"https:\/\/sysmatec.ch\/de\/produit\/modul-fuer-die-voc-messung-yocto-voc\/#breadcrumb","itemListElement":[{"@type":"ListItem","position":1,"name":"Accueil","item":"https:\/\/sysmatec.ch\/de\/"},{"@type":"ListItem","position":2,"name":"Die Aktivit\u00e4t von Sysmatec","item":"https:\/\/sysmatec.ch\/de\/"},{"@type":"ListItem","position":3,"name":"Modul f\u00fcr die VOC Messung Yocto-VOC"}]},{"@type":"WebSite","@id":"https:\/\/sysmatec.ch\/de\/#website","url":"https:\/\/sysmatec.ch\/de\/","name":"Sysmatec","description":"Equipement de laboratoire et logiciels","publisher":{"@id":"https:\/\/sysmatec.ch\/de\/#organization"},"potentialAction":[{"@type":"SearchAction","target":{"@type":"EntryPoint","urlTemplate":"https:\/\/sysmatec.ch\/de\/?s={search_term_string}"},"query-input":{"@type":"PropertyValueSpecification","valueRequired":true,"valueName":"search_term_string"}}],"inLanguage":"de"},{"@type":"Organization","@id":"https:\/\/sysmatec.ch\/de\/#organization","name":"Sysmatec","url":"https:\/\/sysmatec.ch\/de\/","logo":{"@type":"ImageObject","inLanguage":"de","@id":"https:\/\/sysmatec.ch\/de\/#\/schema\/logo\/image\/","url":"https:\/\/sysmatec.ch\/wp-content\/uploads\/2018\/11\/LogoSysmatec.jpg","contentUrl":"https:\/\/sysmatec.ch\/wp-content\/uploads\/2018\/11\/LogoSysmatec.jpg","width":301,"height":297,"caption":"Sysmatec"},"image":{"@id":"https:\/\/sysmatec.ch\/de\/#\/schema\/logo\/image\/"}}]}},"_links":{"self":[{"href":"https:\/\/sysmatec.ch\/de\/wp-json\/wp\/v2\/product\/5734","targetHints":{"allow":["GET"]}}],"collection":[{"href":"https:\/\/sysmatec.ch\/de\/wp-json\/wp\/v2\/product"}],"about":[{"href":"https:\/\/sysmatec.ch\/de\/wp-json\/wp\/v2\/types\/product"}],"wp:featuredmedia":[{"embeddable":true,"href":"https:\/\/sysmatec.ch\/de\/wp-json\/wp\/v2\/media\/5732"}],"wp:attachment":[{"href":"https:\/\/sysmatec.ch\/de\/wp-json\/wp\/v2\/media?parent=5734"}],"wp:term":[{"taxonomy":"product_brand","embeddable":true,"href":"https:\/\/sysmatec.ch\/de\/wp-json\/wp\/v2\/product_brand?post=5734"},{"taxonomy":"product_cat","embeddable":true,"href":"https:\/\/sysmatec.ch\/de\/wp-json\/wp\/v2\/product_cat?post=5734"},{"taxonomy":"product_tag","embeddable":true,"href":"https:\/\/sysmatec.ch\/de\/wp-json\/wp\/v2\/product_tag?post=5734"}],"curies":[{"name":"wp","href":"https:\/\/api.w.org\/{rel}","templated":true}]}}