{"id":5720,"date":"2019-04-22T17:09:40","date_gmt":"2019-04-22T15:09:40","guid":{"rendered":"https:\/\/sysmatec.ch\/produit\/module-de-mesure-de-la-lumiere-yocto-light-v2\/"},"modified":"2022-01-26T22:00:23","modified_gmt":"2022-01-26T21:00:23","slug":"modul-fuer-lichtmessung-yocto-light-v2","status":"publish","type":"product","link":"https:\/\/sysmatec.ch\/de\/Produkt\/modul-fuer-lichtmessung-yocto-light-v2\/","title":{"rendered":"Modul f\u00fcr Lichtmessung Yocto-Light-V2"},"content":{"rendered":"<p>Das Yocto-Light-V2-Ger\u00e4t ist ein USB-Umgebungslichtsensor (Luxmeter), mit dem Sie Umgebungslicht bis zu 65.000 Lux messen k\u00f6nnen. Die Messungen kann direkt \u00fcber USB Schnittstelle gelesen werden oder auf der internen Flash Karte gespeichert werden. Die Daten k\u00f6nnen sp\u00e4ter abgerufen werden.<\/p>\n<p>Dieses Modul kann in Verbindung mit einer gerichteten Lichtquelle verwendet werden, um eine Lichtschranke zu bauen, weil er sehr reaktiv ist. Dieses Ger\u00e4t ist ein m\u00f6glicher Ersatz f\u00fcr die Yocto-Light V1, die nicht mehr hergestellt wird. Die andere M\u00f6glichkeit ist die Yocto-Light-V3, die weniger reaktiv ist, aber deren Lichtempfindlichkeitsspektrum besser der menschlichen Auges entspricht.<\/p>\n<p>Diese Schaltung ist so konzipiert, dass der Sensor selbst von der USB Schnittstelle entfernt sein kann. Die Verbindung wird mit 4-adriges Kabel gew\u00e4hrleistet.<\/p>\n","protected":false},"excerpt":{"rendered":"<p>Modul f\u00fcr Lichtmessung<\/p>\n","protected":false},"featured_media":5692,"template":"","meta":{"_crdt_document":""},"product_brand":[],"product_cat":[191,357],"product_tag":[],"class_list":{"0":"post-5720","1":"product","2":"type-product","3":"status-publish","4":"has-post-thumbnail","6":"product_cat-automation-de","7":"product_cat-e-a-module","9":"first","10":"instock","11":"taxable","12":"shipping-taxable","13":"product-type-simple"},"yoast_head":"<!-- This site is optimized with the Yoast SEO plugin v27.4 - https:\/\/yoast.com\/product\/yoast-seo-wordpress\/ -->\n<title>Modul f\u00fcr Lichtmessung Yocto-Light-V2 - Sysmatec<\/title>\n<meta name=\"description\" content=\"Umgebungslichtsensor mit Aufnahmefunktion. Reichweite + bis 65.000 Lux. Es verf\u00fcgt \u00fcber eine USB-Schnittstelle.\" \/>\n<meta name=\"robots\" content=\"index, follow, max-snippet:-1, max-image-preview:large, max-video-preview:-1\" \/>\n<link rel=\"canonical\" href=\"https:\/\/sysmatec.ch\/de\/produit\/modul-fuer-lichtmessung-yocto-light-v2\/\" \/>\n<meta property=\"og:locale\" content=\"de_DE\" \/>\n<meta property=\"og:type\" content=\"article\" \/>\n<meta property=\"og:title\" content=\"Modul f\u00fcr Lichtmessung Yocto-Light-V2 - Sysmatec\" \/>\n<meta property=\"og:description\" content=\"Umgebungslichtsensor mit Aufnahmefunktion. Reichweite + bis 65.000 Lux. Es verf\u00fcgt \u00fcber eine USB-Schnittstelle.\" \/>\n<meta property=\"og:url\" content=\"https:\/\/sysmatec.ch\/de\/produit\/modul-fuer-lichtmessung-yocto-light-v2\/\" \/>\n<meta property=\"og:site_name\" content=\"Sysmatec\" \/>\n<meta property=\"article:modified_time\" content=\"2022-01-26T21:00:23+00:00\" \/>\n<meta property=\"og:image\" content=\"https:\/\/sysmatec.ch\/wp-content\/uploads\/2019\/04\/Automation_YoctoLightV2.jpg\" \/>\n\t<meta property=\"og:image:width\" content=\"188\" \/>\n\t<meta property=\"og:image:height\" content=\"126\" \/>\n\t<meta property=\"og:image:type\" content=\"image\/jpeg\" \/>\n<meta name=\"twitter:card\" content=\"summary_large_image\" \/>\n<meta name=\"twitter:label1\" content=\"Gesch\u00e4tzte Lesezeit\" \/>\n\t<meta name=\"twitter:data1\" content=\"1\u00a0Minute\" \/>\n<script type=\"application\/ld+json\" class=\"yoast-schema-graph\">{\"@context\":\"https:\\\/\\\/schema.org\",\"@graph\":[{\"@type\":\"WebPage\",\"@id\":\"https:\\\/\\\/sysmatec.ch\\\/de\\\/produit\\\/modul-fuer-lichtmessung-yocto-light-v2\\\/\",\"url\":\"https:\\\/\\\/sysmatec.ch\\\/de\\\/produit\\\/modul-fuer-lichtmessung-yocto-light-v2\\\/\",\"name\":\"Modul f\u00fcr Lichtmessung Yocto-Light-V2 - Sysmatec\",\"isPartOf\":{\"@id\":\"https:\\\/\\\/sysmatec.ch\\\/de\\\/#website\"},\"primaryImageOfPage\":{\"@id\":\"https:\\\/\\\/sysmatec.ch\\\/de\\\/produit\\\/modul-fuer-lichtmessung-yocto-light-v2\\\/#primaryimage\"},\"image\":{\"@id\":\"https:\\\/\\\/sysmatec.ch\\\/de\\\/produit\\\/modul-fuer-lichtmessung-yocto-light-v2\\\/#primaryimage\"},\"thumbnailUrl\":\"https:\\\/\\\/sysmatec.ch\\\/wp-content\\\/uploads\\\/2019\\\/04\\\/Automation_YoctoLightV2.jpg\",\"datePublished\":\"2019-04-22T15:09:40+00:00\",\"dateModified\":\"2022-01-26T21:00:23+00:00\",\"description\":\"Umgebungslichtsensor mit Aufnahmefunktion. Reichweite + bis 65.000 Lux. Es verf\u00fcgt \u00fcber eine USB-Schnittstelle.\",\"breadcrumb\":{\"@id\":\"https:\\\/\\\/sysmatec.ch\\\/de\\\/produit\\\/modul-fuer-lichtmessung-yocto-light-v2\\\/#breadcrumb\"},\"inLanguage\":\"de\",\"potentialAction\":[{\"@type\":\"ReadAction\",\"target\":[\"https:\\\/\\\/sysmatec.ch\\\/de\\\/produit\\\/modul-fuer-lichtmessung-yocto-light-v2\\\/\"]}]},{\"@type\":\"ImageObject\",\"inLanguage\":\"de\",\"@id\":\"https:\\\/\\\/sysmatec.ch\\\/de\\\/produit\\\/modul-fuer-lichtmessung-yocto-light-v2\\\/#primaryimage\",\"url\":\"https:\\\/\\\/sysmatec.ch\\\/wp-content\\\/uploads\\\/2019\\\/04\\\/Automation_YoctoLightV2.jpg\",\"contentUrl\":\"https:\\\/\\\/sysmatec.ch\\\/wp-content\\\/uploads\\\/2019\\\/04\\\/Automation_YoctoLightV2.jpg\",\"width\":188,\"height\":126},{\"@type\":\"BreadcrumbList\",\"@id\":\"https:\\\/\\\/sysmatec.ch\\\/de\\\/produit\\\/modul-fuer-lichtmessung-yocto-light-v2\\\/#breadcrumb\",\"itemListElement\":[{\"@type\":\"ListItem\",\"position\":1,\"name\":\"Accueil\",\"item\":\"https:\\\/\\\/sysmatec.ch\\\/de\\\/\"},{\"@type\":\"ListItem\",\"position\":2,\"name\":\"Die Aktivit\u00e4t von Sysmatec\",\"item\":\"https:\\\/\\\/sysmatec.ch\\\/de\\\/\"},{\"@type\":\"ListItem\",\"position\":3,\"name\":\"Modul f\u00fcr Lichtmessung Yocto-Light-V2\"}]},{\"@type\":\"WebSite\",\"@id\":\"https:\\\/\\\/sysmatec.ch\\\/de\\\/#website\",\"url\":\"https:\\\/\\\/sysmatec.ch\\\/de\\\/\",\"name\":\"Sysmatec\",\"description\":\"Equipement de laboratoire et logiciels\",\"publisher\":{\"@id\":\"https:\\\/\\\/sysmatec.ch\\\/de\\\/#organization\"},\"potentialAction\":[{\"@type\":\"SearchAction\",\"target\":{\"@type\":\"EntryPoint\",\"urlTemplate\":\"https:\\\/\\\/sysmatec.ch\\\/de\\\/?s={search_term_string}\"},\"query-input\":{\"@type\":\"PropertyValueSpecification\",\"valueRequired\":true,\"valueName\":\"search_term_string\"}}],\"inLanguage\":\"de\"},{\"@type\":\"Organization\",\"@id\":\"https:\\\/\\\/sysmatec.ch\\\/de\\\/#organization\",\"name\":\"Sysmatec\",\"url\":\"https:\\\/\\\/sysmatec.ch\\\/de\\\/\",\"logo\":{\"@type\":\"ImageObject\",\"inLanguage\":\"de\",\"@id\":\"https:\\\/\\\/sysmatec.ch\\\/de\\\/#\\\/schema\\\/logo\\\/image\\\/\",\"url\":\"https:\\\/\\\/sysmatec.ch\\\/wp-content\\\/uploads\\\/2018\\\/11\\\/LogoSysmatec.jpg\",\"contentUrl\":\"https:\\\/\\\/sysmatec.ch\\\/wp-content\\\/uploads\\\/2018\\\/11\\\/LogoSysmatec.jpg\",\"width\":301,\"height\":297,\"caption\":\"Sysmatec\"},\"image\":{\"@id\":\"https:\\\/\\\/sysmatec.ch\\\/de\\\/#\\\/schema\\\/logo\\\/image\\\/\"}}]}<\/script>\n<!-- \/ Yoast SEO plugin. -->","yoast_head_json":{"title":"Modul f\u00fcr Lichtmessung Yocto-Light-V2 - Sysmatec","description":"Umgebungslichtsensor mit Aufnahmefunktion. Reichweite + bis 65.000 Lux. Es verf\u00fcgt \u00fcber eine USB-Schnittstelle.","robots":{"index":"index","follow":"follow","max-snippet":"max-snippet:-1","max-image-preview":"max-image-preview:large","max-video-preview":"max-video-preview:-1"},"canonical":"https:\/\/sysmatec.ch\/de\/produit\/modul-fuer-lichtmessung-yocto-light-v2\/","og_locale":"de_DE","og_type":"article","og_title":"Modul f\u00fcr Lichtmessung Yocto-Light-V2 - Sysmatec","og_description":"Umgebungslichtsensor mit Aufnahmefunktion. Reichweite + bis 65.000 Lux. Es verf\u00fcgt \u00fcber eine USB-Schnittstelle.","og_url":"https:\/\/sysmatec.ch\/de\/produit\/modul-fuer-lichtmessung-yocto-light-v2\/","og_site_name":"Sysmatec","article_modified_time":"2022-01-26T21:00:23+00:00","og_image":[{"width":188,"height":126,"url":"https:\/\/sysmatec.ch\/wp-content\/uploads\/2019\/04\/Automation_YoctoLightV2.jpg","type":"image\/jpeg"}],"twitter_card":"summary_large_image","twitter_misc":{"Gesch\u00e4tzte Lesezeit":"1\u00a0Minute"},"schema":{"@context":"https:\/\/schema.org","@graph":[{"@type":"WebPage","@id":"https:\/\/sysmatec.ch\/de\/produit\/modul-fuer-lichtmessung-yocto-light-v2\/","url":"https:\/\/sysmatec.ch\/de\/produit\/modul-fuer-lichtmessung-yocto-light-v2\/","name":"Modul f\u00fcr Lichtmessung Yocto-Light-V2 - Sysmatec","isPartOf":{"@id":"https:\/\/sysmatec.ch\/de\/#website"},"primaryImageOfPage":{"@id":"https:\/\/sysmatec.ch\/de\/produit\/modul-fuer-lichtmessung-yocto-light-v2\/#primaryimage"},"image":{"@id":"https:\/\/sysmatec.ch\/de\/produit\/modul-fuer-lichtmessung-yocto-light-v2\/#primaryimage"},"thumbnailUrl":"https:\/\/sysmatec.ch\/wp-content\/uploads\/2019\/04\/Automation_YoctoLightV2.jpg","datePublished":"2019-04-22T15:09:40+00:00","dateModified":"2022-01-26T21:00:23+00:00","description":"Umgebungslichtsensor mit Aufnahmefunktion. Reichweite + bis 65.000 Lux. Es verf\u00fcgt \u00fcber eine USB-Schnittstelle.","breadcrumb":{"@id":"https:\/\/sysmatec.ch\/de\/produit\/modul-fuer-lichtmessung-yocto-light-v2\/#breadcrumb"},"inLanguage":"de","potentialAction":[{"@type":"ReadAction","target":["https:\/\/sysmatec.ch\/de\/produit\/modul-fuer-lichtmessung-yocto-light-v2\/"]}]},{"@type":"ImageObject","inLanguage":"de","@id":"https:\/\/sysmatec.ch\/de\/produit\/modul-fuer-lichtmessung-yocto-light-v2\/#primaryimage","url":"https:\/\/sysmatec.ch\/wp-content\/uploads\/2019\/04\/Automation_YoctoLightV2.jpg","contentUrl":"https:\/\/sysmatec.ch\/wp-content\/uploads\/2019\/04\/Automation_YoctoLightV2.jpg","width":188,"height":126},{"@type":"BreadcrumbList","@id":"https:\/\/sysmatec.ch\/de\/produit\/modul-fuer-lichtmessung-yocto-light-v2\/#breadcrumb","itemListElement":[{"@type":"ListItem","position":1,"name":"Accueil","item":"https:\/\/sysmatec.ch\/de\/"},{"@type":"ListItem","position":2,"name":"Die Aktivit\u00e4t von Sysmatec","item":"https:\/\/sysmatec.ch\/de\/"},{"@type":"ListItem","position":3,"name":"Modul f\u00fcr Lichtmessung Yocto-Light-V2"}]},{"@type":"WebSite","@id":"https:\/\/sysmatec.ch\/de\/#website","url":"https:\/\/sysmatec.ch\/de\/","name":"Sysmatec","description":"Equipement de laboratoire et logiciels","publisher":{"@id":"https:\/\/sysmatec.ch\/de\/#organization"},"potentialAction":[{"@type":"SearchAction","target":{"@type":"EntryPoint","urlTemplate":"https:\/\/sysmatec.ch\/de\/?s={search_term_string}"},"query-input":{"@type":"PropertyValueSpecification","valueRequired":true,"valueName":"search_term_string"}}],"inLanguage":"de"},{"@type":"Organization","@id":"https:\/\/sysmatec.ch\/de\/#organization","name":"Sysmatec","url":"https:\/\/sysmatec.ch\/de\/","logo":{"@type":"ImageObject","inLanguage":"de","@id":"https:\/\/sysmatec.ch\/de\/#\/schema\/logo\/image\/","url":"https:\/\/sysmatec.ch\/wp-content\/uploads\/2018\/11\/LogoSysmatec.jpg","contentUrl":"https:\/\/sysmatec.ch\/wp-content\/uploads\/2018\/11\/LogoSysmatec.jpg","width":301,"height":297,"caption":"Sysmatec"},"image":{"@id":"https:\/\/sysmatec.ch\/de\/#\/schema\/logo\/image\/"}}]}},"_links":{"self":[{"href":"https:\/\/sysmatec.ch\/de\/wp-json\/wp\/v2\/product\/5720","targetHints":{"allow":["GET"]}}],"collection":[{"href":"https:\/\/sysmatec.ch\/de\/wp-json\/wp\/v2\/product"}],"about":[{"href":"https:\/\/sysmatec.ch\/de\/wp-json\/wp\/v2\/types\/product"}],"wp:featuredmedia":[{"embeddable":true,"href":"https:\/\/sysmatec.ch\/de\/wp-json\/wp\/v2\/media\/5692"}],"wp:attachment":[{"href":"https:\/\/sysmatec.ch\/de\/wp-json\/wp\/v2\/media?parent=5720"}],"wp:term":[{"taxonomy":"product_brand","embeddable":true,"href":"https:\/\/sysmatec.ch\/de\/wp-json\/wp\/v2\/product_brand?post=5720"},{"taxonomy":"product_cat","embeddable":true,"href":"https:\/\/sysmatec.ch\/de\/wp-json\/wp\/v2\/product_cat?post=5720"},{"taxonomy":"product_tag","embeddable":true,"href":"https:\/\/sysmatec.ch\/de\/wp-json\/wp\/v2\/product_tag?post=5720"}],"curies":[{"name":"wp","href":"https:\/\/api.w.org\/{rel}","templated":true}]}}