{"id":5715,"date":"2019-04-22T16:58:20","date_gmt":"2019-04-22T14:58:20","guid":{"rendered":"https:\/\/sysmatec.ch\/produit\/module-mesure-du-co2-yocto-co2\/"},"modified":"2022-01-28T03:01:58","modified_gmt":"2022-01-28T02:01:58","slug":"modul-co2-messung-yocto-co2","status":"publish","type":"product","link":"https:\/\/sysmatec.ch\/de\/Produkt\/modul-co2-messung-yocto-co2\/","title":{"rendered":"Modul CO2 Messung Yocto-CO2"},"content":{"rendered":"<p>Das Yocto-CO2-Ger\u00e4t kann die Kohlendioxid- (CO2) Konzentration in der Umgebungsluft messen. die daten k\u00f6nnen \u00fcber eine USB-Verbindung gelesen oder in der interne Flashkarte gespeichert werden und sp\u00e4ter abgerufen werden.<\/p>\n<p>Dieses Ger\u00e4t ist ideal, um genau die Luftqualit\u00e4t in Wohn-, Gewerbe- und Industriefl\u00e4chen sowie potentiell staubigen Luftkan\u00e4le in HLK (Heizung, L\u00fcftung und Klimaanlage) Systemen zu \u00fcberwachen. Der verwendete Sensor arbeitet mit nicht dispersiver Infrarotabsorption (NDIR) und ist wartungsfrei. Es liefert pr\u00e4zise Messungen bereits in der ersten Minute nach dem Einschalten.<\/p>\n<p>Die normale CO2-Konzentration an der frischen Luft bewegt sich zwischen 360 und 390 ppm je nach Standort. Es werden CO2 Konzentration zwischen 1&#8217;000 und 2&#8217;500 ppm in bel\u00fcfteten Geb\u00e4uden akzeptiert. Ab 10&#8217;000 ppm, f\u00fchlen sich manche Menschen schwindelig. Die Standard-Version dieser Sensor ist in der Lage bis zu 10&#8217;000 ppm (vol) oder 1% messen.<\/p>\n<p>Die gleiche Vorrichtung kann mit einer 30&#8217;000 ppm Sensor (3%) oder 300&#8217;000 ppm Sensor (30%) ausger\u00fcstet werden.<\/p>\n","protected":false},"excerpt":{"rendered":"<p>CO2 Messung in Luft<\/p>\n","protected":false},"featured_media":5689,"template":"","meta":{"_crdt_document":""},"product_brand":[],"product_cat":[191,357],"product_tag":[],"class_list":{"0":"post-5715","1":"product","2":"type-product","3":"status-publish","4":"has-post-thumbnail","6":"product_cat-automation-de","7":"product_cat-e-a-module","9":"first","10":"instock","11":"taxable","12":"shipping-taxable","13":"product-type-simple"},"yoast_head":"<!-- This site is optimized with the Yoast SEO plugin v27.4 - https:\/\/yoast.com\/product\/yoast-seo-wordpress\/ -->\n<title>Modul CO2 Messung Yocto-CO2 - Sysmatec<\/title>\n<meta name=\"description\" content=\"Modul zur Messung von CO2 oder Kohlendioxid in der Luft. Es hat eine Aufnahmefunktion. Bereiche 0-1 %, 0-10 % oder 0-30 %.\" \/>\n<meta name=\"robots\" content=\"index, follow, max-snippet:-1, max-image-preview:large, max-video-preview:-1\" \/>\n<link rel=\"canonical\" href=\"https:\/\/sysmatec.ch\/de\/produit\/modul-co2-messung-yocto-co2\/\" \/>\n<meta property=\"og:locale\" content=\"de_DE\" \/>\n<meta property=\"og:type\" content=\"article\" \/>\n<meta property=\"og:title\" content=\"Modul CO2 Messung Yocto-CO2 - Sysmatec\" \/>\n<meta property=\"og:description\" content=\"Modul zur Messung von CO2 oder Kohlendioxid in der Luft. Es hat eine Aufnahmefunktion. Bereiche 0-1 %, 0-10 % oder 0-30 %.\" \/>\n<meta property=\"og:url\" content=\"https:\/\/sysmatec.ch\/de\/produit\/modul-co2-messung-yocto-co2\/\" \/>\n<meta property=\"og:site_name\" content=\"Sysmatec\" \/>\n<meta property=\"article:modified_time\" content=\"2022-01-28T02:01:58+00:00\" \/>\n<meta property=\"og:image\" content=\"https:\/\/sysmatec.ch\/wp-content\/uploads\/2019\/04\/Automation_YoctoCO2.jpg\" \/>\n\t<meta property=\"og:image:width\" content=\"188\" \/>\n\t<meta property=\"og:image:height\" content=\"122\" \/>\n\t<meta property=\"og:image:type\" content=\"image\/jpeg\" \/>\n<meta name=\"twitter:card\" content=\"summary_large_image\" \/>\n<meta name=\"twitter:label1\" content=\"Gesch\u00e4tzte Lesezeit\" \/>\n\t<meta name=\"twitter:data1\" content=\"1\u00a0Minute\" \/>\n<script type=\"application\/ld+json\" class=\"yoast-schema-graph\">{\"@context\":\"https:\\\/\\\/schema.org\",\"@graph\":[{\"@type\":\"WebPage\",\"@id\":\"https:\\\/\\\/sysmatec.ch\\\/de\\\/produit\\\/modul-co2-messung-yocto-co2\\\/\",\"url\":\"https:\\\/\\\/sysmatec.ch\\\/de\\\/produit\\\/modul-co2-messung-yocto-co2\\\/\",\"name\":\"Modul CO2 Messung Yocto-CO2 - Sysmatec\",\"isPartOf\":{\"@id\":\"https:\\\/\\\/sysmatec.ch\\\/de\\\/#website\"},\"primaryImageOfPage\":{\"@id\":\"https:\\\/\\\/sysmatec.ch\\\/de\\\/produit\\\/modul-co2-messung-yocto-co2\\\/#primaryimage\"},\"image\":{\"@id\":\"https:\\\/\\\/sysmatec.ch\\\/de\\\/produit\\\/modul-co2-messung-yocto-co2\\\/#primaryimage\"},\"thumbnailUrl\":\"https:\\\/\\\/sysmatec.ch\\\/wp-content\\\/uploads\\\/2019\\\/04\\\/Automation_YoctoCO2.jpg\",\"datePublished\":\"2019-04-22T14:58:20+00:00\",\"dateModified\":\"2022-01-28T02:01:58+00:00\",\"description\":\"Modul zur Messung von CO2 oder Kohlendioxid in der Luft. Es hat eine Aufnahmefunktion. Bereiche 0-1 %, 0-10 % oder 0-30 %.\",\"breadcrumb\":{\"@id\":\"https:\\\/\\\/sysmatec.ch\\\/de\\\/produit\\\/modul-co2-messung-yocto-co2\\\/#breadcrumb\"},\"inLanguage\":\"de\",\"potentialAction\":[{\"@type\":\"ReadAction\",\"target\":[\"https:\\\/\\\/sysmatec.ch\\\/de\\\/produit\\\/modul-co2-messung-yocto-co2\\\/\"]}]},{\"@type\":\"ImageObject\",\"inLanguage\":\"de\",\"@id\":\"https:\\\/\\\/sysmatec.ch\\\/de\\\/produit\\\/modul-co2-messung-yocto-co2\\\/#primaryimage\",\"url\":\"https:\\\/\\\/sysmatec.ch\\\/wp-content\\\/uploads\\\/2019\\\/04\\\/Automation_YoctoCO2.jpg\",\"contentUrl\":\"https:\\\/\\\/sysmatec.ch\\\/wp-content\\\/uploads\\\/2019\\\/04\\\/Automation_YoctoCO2.jpg\",\"width\":188,\"height\":122},{\"@type\":\"BreadcrumbList\",\"@id\":\"https:\\\/\\\/sysmatec.ch\\\/de\\\/produit\\\/modul-co2-messung-yocto-co2\\\/#breadcrumb\",\"itemListElement\":[{\"@type\":\"ListItem\",\"position\":1,\"name\":\"Accueil\",\"item\":\"https:\\\/\\\/sysmatec.ch\\\/de\\\/\"},{\"@type\":\"ListItem\",\"position\":2,\"name\":\"Die Aktivit\u00e4t von Sysmatec\",\"item\":\"https:\\\/\\\/sysmatec.ch\\\/de\\\/\"},{\"@type\":\"ListItem\",\"position\":3,\"name\":\"Modul CO2 Messung Yocto-CO2\"}]},{\"@type\":\"WebSite\",\"@id\":\"https:\\\/\\\/sysmatec.ch\\\/de\\\/#website\",\"url\":\"https:\\\/\\\/sysmatec.ch\\\/de\\\/\",\"name\":\"Sysmatec\",\"description\":\"Equipement de laboratoire et logiciels\",\"publisher\":{\"@id\":\"https:\\\/\\\/sysmatec.ch\\\/de\\\/#organization\"},\"potentialAction\":[{\"@type\":\"SearchAction\",\"target\":{\"@type\":\"EntryPoint\",\"urlTemplate\":\"https:\\\/\\\/sysmatec.ch\\\/de\\\/?s={search_term_string}\"},\"query-input\":{\"@type\":\"PropertyValueSpecification\",\"valueRequired\":true,\"valueName\":\"search_term_string\"}}],\"inLanguage\":\"de\"},{\"@type\":\"Organization\",\"@id\":\"https:\\\/\\\/sysmatec.ch\\\/de\\\/#organization\",\"name\":\"Sysmatec\",\"url\":\"https:\\\/\\\/sysmatec.ch\\\/de\\\/\",\"logo\":{\"@type\":\"ImageObject\",\"inLanguage\":\"de\",\"@id\":\"https:\\\/\\\/sysmatec.ch\\\/de\\\/#\\\/schema\\\/logo\\\/image\\\/\",\"url\":\"https:\\\/\\\/sysmatec.ch\\\/wp-content\\\/uploads\\\/2018\\\/11\\\/LogoSysmatec.jpg\",\"contentUrl\":\"https:\\\/\\\/sysmatec.ch\\\/wp-content\\\/uploads\\\/2018\\\/11\\\/LogoSysmatec.jpg\",\"width\":301,\"height\":297,\"caption\":\"Sysmatec\"},\"image\":{\"@id\":\"https:\\\/\\\/sysmatec.ch\\\/de\\\/#\\\/schema\\\/logo\\\/image\\\/\"}}]}<\/script>\n<!-- \/ Yoast SEO plugin. -->","yoast_head_json":{"title":"Modul CO2 Messung Yocto-CO2 - Sysmatec","description":"Modul zur Messung von CO2 oder Kohlendioxid in der Luft. Es hat eine Aufnahmefunktion. Bereiche 0-1 %, 0-10 % oder 0-30 %.","robots":{"index":"index","follow":"follow","max-snippet":"max-snippet:-1","max-image-preview":"max-image-preview:large","max-video-preview":"max-video-preview:-1"},"canonical":"https:\/\/sysmatec.ch\/de\/produit\/modul-co2-messung-yocto-co2\/","og_locale":"de_DE","og_type":"article","og_title":"Modul CO2 Messung Yocto-CO2 - Sysmatec","og_description":"Modul zur Messung von CO2 oder Kohlendioxid in der Luft. Es hat eine Aufnahmefunktion. Bereiche 0-1 %, 0-10 % oder 0-30 %.","og_url":"https:\/\/sysmatec.ch\/de\/produit\/modul-co2-messung-yocto-co2\/","og_site_name":"Sysmatec","article_modified_time":"2022-01-28T02:01:58+00:00","og_image":[{"width":188,"height":122,"url":"https:\/\/sysmatec.ch\/wp-content\/uploads\/2019\/04\/Automation_YoctoCO2.jpg","type":"image\/jpeg"}],"twitter_card":"summary_large_image","twitter_misc":{"Gesch\u00e4tzte Lesezeit":"1\u00a0Minute"},"schema":{"@context":"https:\/\/schema.org","@graph":[{"@type":"WebPage","@id":"https:\/\/sysmatec.ch\/de\/produit\/modul-co2-messung-yocto-co2\/","url":"https:\/\/sysmatec.ch\/de\/produit\/modul-co2-messung-yocto-co2\/","name":"Modul CO2 Messung Yocto-CO2 - Sysmatec","isPartOf":{"@id":"https:\/\/sysmatec.ch\/de\/#website"},"primaryImageOfPage":{"@id":"https:\/\/sysmatec.ch\/de\/produit\/modul-co2-messung-yocto-co2\/#primaryimage"},"image":{"@id":"https:\/\/sysmatec.ch\/de\/produit\/modul-co2-messung-yocto-co2\/#primaryimage"},"thumbnailUrl":"https:\/\/sysmatec.ch\/wp-content\/uploads\/2019\/04\/Automation_YoctoCO2.jpg","datePublished":"2019-04-22T14:58:20+00:00","dateModified":"2022-01-28T02:01:58+00:00","description":"Modul zur Messung von CO2 oder Kohlendioxid in der Luft. Es hat eine Aufnahmefunktion. Bereiche 0-1 %, 0-10 % oder 0-30 %.","breadcrumb":{"@id":"https:\/\/sysmatec.ch\/de\/produit\/modul-co2-messung-yocto-co2\/#breadcrumb"},"inLanguage":"de","potentialAction":[{"@type":"ReadAction","target":["https:\/\/sysmatec.ch\/de\/produit\/modul-co2-messung-yocto-co2\/"]}]},{"@type":"ImageObject","inLanguage":"de","@id":"https:\/\/sysmatec.ch\/de\/produit\/modul-co2-messung-yocto-co2\/#primaryimage","url":"https:\/\/sysmatec.ch\/wp-content\/uploads\/2019\/04\/Automation_YoctoCO2.jpg","contentUrl":"https:\/\/sysmatec.ch\/wp-content\/uploads\/2019\/04\/Automation_YoctoCO2.jpg","width":188,"height":122},{"@type":"BreadcrumbList","@id":"https:\/\/sysmatec.ch\/de\/produit\/modul-co2-messung-yocto-co2\/#breadcrumb","itemListElement":[{"@type":"ListItem","position":1,"name":"Accueil","item":"https:\/\/sysmatec.ch\/de\/"},{"@type":"ListItem","position":2,"name":"Die Aktivit\u00e4t von Sysmatec","item":"https:\/\/sysmatec.ch\/de\/"},{"@type":"ListItem","position":3,"name":"Modul CO2 Messung Yocto-CO2"}]},{"@type":"WebSite","@id":"https:\/\/sysmatec.ch\/de\/#website","url":"https:\/\/sysmatec.ch\/de\/","name":"Sysmatec","description":"Equipement de laboratoire et logiciels","publisher":{"@id":"https:\/\/sysmatec.ch\/de\/#organization"},"potentialAction":[{"@type":"SearchAction","target":{"@type":"EntryPoint","urlTemplate":"https:\/\/sysmatec.ch\/de\/?s={search_term_string}"},"query-input":{"@type":"PropertyValueSpecification","valueRequired":true,"valueName":"search_term_string"}}],"inLanguage":"de"},{"@type":"Organization","@id":"https:\/\/sysmatec.ch\/de\/#organization","name":"Sysmatec","url":"https:\/\/sysmatec.ch\/de\/","logo":{"@type":"ImageObject","inLanguage":"de","@id":"https:\/\/sysmatec.ch\/de\/#\/schema\/logo\/image\/","url":"https:\/\/sysmatec.ch\/wp-content\/uploads\/2018\/11\/LogoSysmatec.jpg","contentUrl":"https:\/\/sysmatec.ch\/wp-content\/uploads\/2018\/11\/LogoSysmatec.jpg","width":301,"height":297,"caption":"Sysmatec"},"image":{"@id":"https:\/\/sysmatec.ch\/de\/#\/schema\/logo\/image\/"}}]}},"_links":{"self":[{"href":"https:\/\/sysmatec.ch\/de\/wp-json\/wp\/v2\/product\/5715","targetHints":{"allow":["GET"]}}],"collection":[{"href":"https:\/\/sysmatec.ch\/de\/wp-json\/wp\/v2\/product"}],"about":[{"href":"https:\/\/sysmatec.ch\/de\/wp-json\/wp\/v2\/types\/product"}],"wp:featuredmedia":[{"embeddable":true,"href":"https:\/\/sysmatec.ch\/de\/wp-json\/wp\/v2\/media\/5689"}],"wp:attachment":[{"href":"https:\/\/sysmatec.ch\/de\/wp-json\/wp\/v2\/media?parent=5715"}],"wp:term":[{"taxonomy":"product_brand","embeddable":true,"href":"https:\/\/sysmatec.ch\/de\/wp-json\/wp\/v2\/product_brand?post=5715"},{"taxonomy":"product_cat","embeddable":true,"href":"https:\/\/sysmatec.ch\/de\/wp-json\/wp\/v2\/product_cat?post=5715"},{"taxonomy":"product_tag","embeddable":true,"href":"https:\/\/sysmatec.ch\/de\/wp-json\/wp\/v2\/product_tag?post=5715"}],"curies":[{"name":"wp","href":"https:\/\/api.w.org\/{rel}","templated":true}]}}