{"id":5705,"date":"2019-04-22T12:18:00","date_gmt":"2019-04-22T10:18:00","guid":{"rendered":"https:\/\/sysmatec.ch\/produit\/module-usb-2-entrees-analogiques-yocto-4-20-rx\/"},"modified":"2022-01-28T03:14:37","modified_gmt":"2022-01-28T02:14:37","slug":"modul-usb-2-analoge-eingaenge-yocto-4-20ma-rx","status":"publish","type":"product","link":"https:\/\/sysmatec.ch\/de\/Produkt\/modul-usb-2-analoge-eingaenge-yocto-4-20ma-rx\/","title":{"rendered":"Modul USB 2 analoge Eing\u00e4nge, Yocto-4-20mA-Rx"},"content":{"rendered":"<p><span title=\"\">Mit dem Yocto-4-20-Rx-Modul k\u00f6nnen Sie den momentanen Wert von jedem industriellen Sensor mit einem 4-20-mA-Ausgang \u00fcber USB auslesen und Messungen im internen Flash-Speicher aufzeichnen.<\/span> <span title=\"\">Sie k\u00f6nnen sp\u00e4ter zur\u00fcckgegeben werden.<\/span> <span title=\"\">Die Eing\u00e4nge k\u00f6nnen kalibriert werden.<\/span> <span title=\"\">Das Modul verf\u00fcgt \u00fcber zwei Eing\u00e4nge zum Anschluss von zwei unabh\u00e4ngigen Sensoren.<\/span><br \/>\n<span title=\"\">Die \u00dcbertragung der Messung mithilfe einer 4-20 mA &#8211; Stromschleife erm\u00f6glicht einen sehr genauen Messwert (bis zu 0,01%) und funktioniert auch dann, wenn sich der Sensor weit entfernt vom Schnittstellenmodul (mehrere tausend Meter) befindet<\/span> <span title=\"\">Kabel zum Beispiel).<\/span><br \/>\n<span title=\"\">Es kann sogar bis zu 80 mA liefern, um 3-Draht-Sensoren zu betreiben, die nicht zu viel Strom ben\u00f6tigen.<\/span> <span title=\"\">Die Versorgungsspannung ist auf 23 V geregelt, isoliert vom USB-Bus, aber f\u00fcr beide Eing\u00e4nge gleich.<\/span><\/p>\n","protected":false},"excerpt":{"rendered":"<p>Modul USB mit 2 analogen Eing\u00e4ngen<\/p>\n","protected":false},"featured_media":5686,"template":"","meta":{"_crdt_document":""},"product_brand":[],"product_cat":[191,357],"product_tag":[],"class_list":{"0":"post-5705","1":"product","2":"type-product","3":"status-publish","4":"has-post-thumbnail","6":"product_cat-automation-de","7":"product_cat-e-a-module","9":"first","10":"instock","11":"taxable","12":"shipping-taxable","13":"product-type-simple"},"yoast_head":"<!-- This site is optimized with the Yoast SEO plugin v27.3 - https:\/\/yoast.com\/product\/yoast-seo-wordpress\/ -->\n<title>Modul USB 2 analoge Eing\u00e4nge, Yocto-4-20mA-Rx - Sysmatec<\/title>\n<meta name=\"description\" content=\"Modul mit 2 analogen Eing\u00e4ngen 4-20 mA. Es verf\u00fcgt \u00fcber eine Aufnahmefunktion und eine USB-Schnittstelle zum Auslesen von Daten.\" \/>\n<meta name=\"robots\" content=\"index, follow, max-snippet:-1, max-image-preview:large, max-video-preview:-1\" \/>\n<link rel=\"canonical\" href=\"https:\/\/sysmatec.ch\/de\/produit\/modul-usb-2-analoge-eingaenge-yocto-4-20ma-rx\/\" \/>\n<meta property=\"og:locale\" content=\"de_DE\" \/>\n<meta property=\"og:type\" content=\"article\" \/>\n<meta property=\"og:title\" content=\"Modul USB 2 analoge Eing\u00e4nge, Yocto-4-20mA-Rx - Sysmatec\" \/>\n<meta property=\"og:description\" content=\"Modul mit 2 analogen Eing\u00e4ngen 4-20 mA. Es verf\u00fcgt \u00fcber eine Aufnahmefunktion und eine USB-Schnittstelle zum Auslesen von Daten.\" \/>\n<meta property=\"og:url\" content=\"https:\/\/sysmatec.ch\/de\/produit\/modul-usb-2-analoge-eingaenge-yocto-4-20ma-rx\/\" \/>\n<meta property=\"og:site_name\" content=\"Sysmatec\" \/>\n<meta property=\"article:modified_time\" content=\"2022-01-28T02:14:37+00:00\" \/>\n<meta property=\"og:image\" content=\"https:\/\/sysmatec.ch\/wp-content\/uploads\/2019\/04\/Automation_Yocto010VRx.jpg\" \/>\n\t<meta property=\"og:image:width\" content=\"188\" \/>\n\t<meta property=\"og:image:height\" content=\"121\" \/>\n\t<meta property=\"og:image:type\" content=\"image\/jpeg\" \/>\n<meta name=\"twitter:card\" content=\"summary_large_image\" \/>\n<meta name=\"twitter:label1\" content=\"Gesch\u00e4tzte Lesezeit\" \/>\n\t<meta name=\"twitter:data1\" content=\"1\u00a0Minute\" \/>\n<script type=\"application\/ld+json\" class=\"yoast-schema-graph\">{\"@context\":\"https:\\\/\\\/schema.org\",\"@graph\":[{\"@type\":\"WebPage\",\"@id\":\"https:\\\/\\\/sysmatec.ch\\\/de\\\/produit\\\/modul-usb-2-analoge-eingaenge-yocto-4-20ma-rx\\\/\",\"url\":\"https:\\\/\\\/sysmatec.ch\\\/de\\\/produit\\\/modul-usb-2-analoge-eingaenge-yocto-4-20ma-rx\\\/\",\"name\":\"Modul USB 2 analoge Eing\u00e4nge, Yocto-4-20mA-Rx - Sysmatec\",\"isPartOf\":{\"@id\":\"https:\\\/\\\/sysmatec.ch\\\/de\\\/#website\"},\"primaryImageOfPage\":{\"@id\":\"https:\\\/\\\/sysmatec.ch\\\/de\\\/produit\\\/modul-usb-2-analoge-eingaenge-yocto-4-20ma-rx\\\/#primaryimage\"},\"image\":{\"@id\":\"https:\\\/\\\/sysmatec.ch\\\/de\\\/produit\\\/modul-usb-2-analoge-eingaenge-yocto-4-20ma-rx\\\/#primaryimage\"},\"thumbnailUrl\":\"https:\\\/\\\/sysmatec.ch\\\/wp-content\\\/uploads\\\/2019\\\/04\\\/Automation_Yocto010VRx.jpg\",\"datePublished\":\"2019-04-22T10:18:00+00:00\",\"dateModified\":\"2022-01-28T02:14:37+00:00\",\"description\":\"Modul mit 2 analogen Eing\u00e4ngen 4-20 mA. Es verf\u00fcgt \u00fcber eine Aufnahmefunktion und eine USB-Schnittstelle zum Auslesen von Daten.\",\"breadcrumb\":{\"@id\":\"https:\\\/\\\/sysmatec.ch\\\/de\\\/produit\\\/modul-usb-2-analoge-eingaenge-yocto-4-20ma-rx\\\/#breadcrumb\"},\"inLanguage\":\"de\",\"potentialAction\":[{\"@type\":\"ReadAction\",\"target\":[\"https:\\\/\\\/sysmatec.ch\\\/de\\\/produit\\\/modul-usb-2-analoge-eingaenge-yocto-4-20ma-rx\\\/\"]}]},{\"@type\":\"ImageObject\",\"inLanguage\":\"de\",\"@id\":\"https:\\\/\\\/sysmatec.ch\\\/de\\\/produit\\\/modul-usb-2-analoge-eingaenge-yocto-4-20ma-rx\\\/#primaryimage\",\"url\":\"https:\\\/\\\/sysmatec.ch\\\/wp-content\\\/uploads\\\/2019\\\/04\\\/Automation_Yocto010VRx.jpg\",\"contentUrl\":\"https:\\\/\\\/sysmatec.ch\\\/wp-content\\\/uploads\\\/2019\\\/04\\\/Automation_Yocto010VRx.jpg\",\"width\":188,\"height\":121},{\"@type\":\"BreadcrumbList\",\"@id\":\"https:\\\/\\\/sysmatec.ch\\\/de\\\/produit\\\/modul-usb-2-analoge-eingaenge-yocto-4-20ma-rx\\\/#breadcrumb\",\"itemListElement\":[{\"@type\":\"ListItem\",\"position\":1,\"name\":\"Accueil\",\"item\":\"https:\\\/\\\/sysmatec.ch\\\/de\\\/\"},{\"@type\":\"ListItem\",\"position\":2,\"name\":\"Die Aktivit\u00e4t von Sysmatec\",\"item\":\"https:\\\/\\\/sysmatec.ch\\\/de\\\/\"},{\"@type\":\"ListItem\",\"position\":3,\"name\":\"Modul USB 2 analoge Eing\u00e4nge, Yocto-4-20mA-Rx\"}]},{\"@type\":\"WebSite\",\"@id\":\"https:\\\/\\\/sysmatec.ch\\\/de\\\/#website\",\"url\":\"https:\\\/\\\/sysmatec.ch\\\/de\\\/\",\"name\":\"Sysmatec\",\"description\":\"Equipement de laboratoire et logiciels\",\"publisher\":{\"@id\":\"https:\\\/\\\/sysmatec.ch\\\/de\\\/#organization\"},\"potentialAction\":[{\"@type\":\"SearchAction\",\"target\":{\"@type\":\"EntryPoint\",\"urlTemplate\":\"https:\\\/\\\/sysmatec.ch\\\/de\\\/?s={search_term_string}\"},\"query-input\":{\"@type\":\"PropertyValueSpecification\",\"valueRequired\":true,\"valueName\":\"search_term_string\"}}],\"inLanguage\":\"de\"},{\"@type\":\"Organization\",\"@id\":\"https:\\\/\\\/sysmatec.ch\\\/de\\\/#organization\",\"name\":\"Sysmatec\",\"url\":\"https:\\\/\\\/sysmatec.ch\\\/de\\\/\",\"logo\":{\"@type\":\"ImageObject\",\"inLanguage\":\"de\",\"@id\":\"https:\\\/\\\/sysmatec.ch\\\/de\\\/#\\\/schema\\\/logo\\\/image\\\/\",\"url\":\"https:\\\/\\\/sysmatec.ch\\\/wp-content\\\/uploads\\\/2018\\\/11\\\/LogoSysmatec.jpg\",\"contentUrl\":\"https:\\\/\\\/sysmatec.ch\\\/wp-content\\\/uploads\\\/2018\\\/11\\\/LogoSysmatec.jpg\",\"width\":301,\"height\":297,\"caption\":\"Sysmatec\"},\"image\":{\"@id\":\"https:\\\/\\\/sysmatec.ch\\\/de\\\/#\\\/schema\\\/logo\\\/image\\\/\"}}]}<\/script>\n<!-- \/ Yoast SEO plugin. -->","yoast_head_json":{"title":"Modul USB 2 analoge Eing\u00e4nge, Yocto-4-20mA-Rx - Sysmatec","description":"Modul mit 2 analogen Eing\u00e4ngen 4-20 mA. Es verf\u00fcgt \u00fcber eine Aufnahmefunktion und eine USB-Schnittstelle zum Auslesen von Daten.","robots":{"index":"index","follow":"follow","max-snippet":"max-snippet:-1","max-image-preview":"max-image-preview:large","max-video-preview":"max-video-preview:-1"},"canonical":"https:\/\/sysmatec.ch\/de\/produit\/modul-usb-2-analoge-eingaenge-yocto-4-20ma-rx\/","og_locale":"de_DE","og_type":"article","og_title":"Modul USB 2 analoge Eing\u00e4nge, Yocto-4-20mA-Rx - Sysmatec","og_description":"Modul mit 2 analogen Eing\u00e4ngen 4-20 mA. Es verf\u00fcgt \u00fcber eine Aufnahmefunktion und eine USB-Schnittstelle zum Auslesen von Daten.","og_url":"https:\/\/sysmatec.ch\/de\/produit\/modul-usb-2-analoge-eingaenge-yocto-4-20ma-rx\/","og_site_name":"Sysmatec","article_modified_time":"2022-01-28T02:14:37+00:00","og_image":[{"width":188,"height":121,"url":"https:\/\/sysmatec.ch\/wp-content\/uploads\/2019\/04\/Automation_Yocto010VRx.jpg","type":"image\/jpeg"}],"twitter_card":"summary_large_image","twitter_misc":{"Gesch\u00e4tzte Lesezeit":"1\u00a0Minute"},"schema":{"@context":"https:\/\/schema.org","@graph":[{"@type":"WebPage","@id":"https:\/\/sysmatec.ch\/de\/produit\/modul-usb-2-analoge-eingaenge-yocto-4-20ma-rx\/","url":"https:\/\/sysmatec.ch\/de\/produit\/modul-usb-2-analoge-eingaenge-yocto-4-20ma-rx\/","name":"Modul USB 2 analoge Eing\u00e4nge, Yocto-4-20mA-Rx - Sysmatec","isPartOf":{"@id":"https:\/\/sysmatec.ch\/de\/#website"},"primaryImageOfPage":{"@id":"https:\/\/sysmatec.ch\/de\/produit\/modul-usb-2-analoge-eingaenge-yocto-4-20ma-rx\/#primaryimage"},"image":{"@id":"https:\/\/sysmatec.ch\/de\/produit\/modul-usb-2-analoge-eingaenge-yocto-4-20ma-rx\/#primaryimage"},"thumbnailUrl":"https:\/\/sysmatec.ch\/wp-content\/uploads\/2019\/04\/Automation_Yocto010VRx.jpg","datePublished":"2019-04-22T10:18:00+00:00","dateModified":"2022-01-28T02:14:37+00:00","description":"Modul mit 2 analogen Eing\u00e4ngen 4-20 mA. Es verf\u00fcgt \u00fcber eine Aufnahmefunktion und eine USB-Schnittstelle zum Auslesen von Daten.","breadcrumb":{"@id":"https:\/\/sysmatec.ch\/de\/produit\/modul-usb-2-analoge-eingaenge-yocto-4-20ma-rx\/#breadcrumb"},"inLanguage":"de","potentialAction":[{"@type":"ReadAction","target":["https:\/\/sysmatec.ch\/de\/produit\/modul-usb-2-analoge-eingaenge-yocto-4-20ma-rx\/"]}]},{"@type":"ImageObject","inLanguage":"de","@id":"https:\/\/sysmatec.ch\/de\/produit\/modul-usb-2-analoge-eingaenge-yocto-4-20ma-rx\/#primaryimage","url":"https:\/\/sysmatec.ch\/wp-content\/uploads\/2019\/04\/Automation_Yocto010VRx.jpg","contentUrl":"https:\/\/sysmatec.ch\/wp-content\/uploads\/2019\/04\/Automation_Yocto010VRx.jpg","width":188,"height":121},{"@type":"BreadcrumbList","@id":"https:\/\/sysmatec.ch\/de\/produit\/modul-usb-2-analoge-eingaenge-yocto-4-20ma-rx\/#breadcrumb","itemListElement":[{"@type":"ListItem","position":1,"name":"Accueil","item":"https:\/\/sysmatec.ch\/de\/"},{"@type":"ListItem","position":2,"name":"Die Aktivit\u00e4t von Sysmatec","item":"https:\/\/sysmatec.ch\/de\/"},{"@type":"ListItem","position":3,"name":"Modul USB 2 analoge Eing\u00e4nge, Yocto-4-20mA-Rx"}]},{"@type":"WebSite","@id":"https:\/\/sysmatec.ch\/de\/#website","url":"https:\/\/sysmatec.ch\/de\/","name":"Sysmatec","description":"Equipement de laboratoire et logiciels","publisher":{"@id":"https:\/\/sysmatec.ch\/de\/#organization"},"potentialAction":[{"@type":"SearchAction","target":{"@type":"EntryPoint","urlTemplate":"https:\/\/sysmatec.ch\/de\/?s={search_term_string}"},"query-input":{"@type":"PropertyValueSpecification","valueRequired":true,"valueName":"search_term_string"}}],"inLanguage":"de"},{"@type":"Organization","@id":"https:\/\/sysmatec.ch\/de\/#organization","name":"Sysmatec","url":"https:\/\/sysmatec.ch\/de\/","logo":{"@type":"ImageObject","inLanguage":"de","@id":"https:\/\/sysmatec.ch\/de\/#\/schema\/logo\/image\/","url":"https:\/\/sysmatec.ch\/wp-content\/uploads\/2018\/11\/LogoSysmatec.jpg","contentUrl":"https:\/\/sysmatec.ch\/wp-content\/uploads\/2018\/11\/LogoSysmatec.jpg","width":301,"height":297,"caption":"Sysmatec"},"image":{"@id":"https:\/\/sysmatec.ch\/de\/#\/schema\/logo\/image\/"}}]}},"_links":{"self":[{"href":"https:\/\/sysmatec.ch\/de\/wp-json\/wp\/v2\/product\/5705","targetHints":{"allow":["GET"]}}],"collection":[{"href":"https:\/\/sysmatec.ch\/de\/wp-json\/wp\/v2\/product"}],"about":[{"href":"https:\/\/sysmatec.ch\/de\/wp-json\/wp\/v2\/types\/product"}],"wp:featuredmedia":[{"embeddable":true,"href":"https:\/\/sysmatec.ch\/de\/wp-json\/wp\/v2\/media\/5686"}],"wp:attachment":[{"href":"https:\/\/sysmatec.ch\/de\/wp-json\/wp\/v2\/media?parent=5705"}],"wp:term":[{"taxonomy":"product_brand","embeddable":true,"href":"https:\/\/sysmatec.ch\/de\/wp-json\/wp\/v2\/product_brand?post=5705"},{"taxonomy":"product_cat","embeddable":true,"href":"https:\/\/sysmatec.ch\/de\/wp-json\/wp\/v2\/product_cat?post=5705"},{"taxonomy":"product_tag","embeddable":true,"href":"https:\/\/sysmatec.ch\/de\/wp-json\/wp\/v2\/product_tag?post=5705"}],"curies":[{"name":"wp","href":"https:\/\/api.w.org\/{rel}","templated":true}]}}