{"id":5700,"date":"2019-04-22T12:10:18","date_gmt":"2019-04-22T10:10:18","guid":{"rendered":"https:\/\/sysmatec.ch\/produit\/module-usb-2-entrees-analogiques-yocto-0-10-rx\/"},"modified":"2022-01-28T03:18:19","modified_gmt":"2022-01-28T02:18:19","slug":"modul-yocto-0-10v-rx-2-analoge-eingaenge","status":"publish","type":"product","link":"https:\/\/sysmatec.ch\/de\/Produkt\/modul-yocto-0-10v-rx-2-analoge-eingaenge\/","title":{"rendered":"Modul Yocto-0-10V-Rx, 2 analoge Eing\u00e4nge"},"content":{"rendered":"<p>Mit dem Yocto-0-10V-Rx-Ger\u00e4t kann man zwei 0-10 V Spannung Kan\u00e4le \u00fcber \u00fcber die USB Schnittstelle lesen. Daten k\u00f6nnen auch in dem internen Flash Karte gespeichert werden, und sp\u00e4ter abegrufen werden. Das Modul verf\u00fcgt \u00fcber zwei Eing\u00e4nge, f\u00fcr zwei unabh\u00e4ngige Sensoren.<\/p>\n<p>Das Yocto-0-10V-Rx kann einen Strom bis zu 80 mA liefern, um Sensoren zu versorgen. Die Versorgungsspannung wird geregelt auf 23V, isoliert vom USB-Bus, aber gemeinsam f\u00fcr beide Eing\u00e4nge.<\/p>\n","protected":false},"excerpt":{"rendered":"<p>USB Modul mit 2 x 0-10 V\u00a0 analogen Eing\u00e4ngen<\/p>\n","protected":false},"featured_media":5686,"template":"","meta":{"_crdt_document":""},"product_brand":[],"product_cat":[191,357],"product_tag":[],"class_list":{"0":"post-5700","1":"product","2":"type-product","3":"status-publish","4":"has-post-thumbnail","6":"product_cat-automation-de","7":"product_cat-e-a-module","9":"first","10":"instock","11":"taxable","12":"shipping-taxable","13":"product-type-simple"},"yoast_head":"<!-- This site is optimized with the Yoast SEO plugin v27.3 - https:\/\/yoast.com\/product\/yoast-seo-wordpress\/ -->\n<title>Modul Yocto-0-10V-Rx, 2 analoge Eing\u00e4nge - Sysmatec<\/title>\n<meta name=\"description\" content=\"Modul mit 2 analogen Eing\u00e4ngen 0-10 V. Es verf\u00fcgt \u00fcber eine Aufzeichnungsfunktion und eine USB-Schnittstelle zum Auslesen von Daten.\" \/>\n<meta name=\"robots\" content=\"index, follow, max-snippet:-1, max-image-preview:large, max-video-preview:-1\" \/>\n<link rel=\"canonical\" href=\"https:\/\/sysmatec.ch\/de\/produit\/modul-yocto-0-10v-rx-2-analoge-eingaenge\/\" \/>\n<meta property=\"og:locale\" content=\"de_DE\" \/>\n<meta property=\"og:type\" content=\"article\" \/>\n<meta property=\"og:title\" content=\"Modul Yocto-0-10V-Rx, 2 analoge Eing\u00e4nge - Sysmatec\" \/>\n<meta property=\"og:description\" content=\"Modul mit 2 analogen Eing\u00e4ngen 0-10 V. Es verf\u00fcgt \u00fcber eine Aufzeichnungsfunktion und eine USB-Schnittstelle zum Auslesen von Daten.\" \/>\n<meta property=\"og:url\" content=\"https:\/\/sysmatec.ch\/de\/produit\/modul-yocto-0-10v-rx-2-analoge-eingaenge\/\" \/>\n<meta property=\"og:site_name\" content=\"Sysmatec\" \/>\n<meta property=\"article:modified_time\" content=\"2022-01-28T02:18:19+00:00\" \/>\n<meta property=\"og:image\" content=\"https:\/\/sysmatec.ch\/wp-content\/uploads\/2019\/04\/Automation_Yocto010VRx.jpg\" \/>\n\t<meta property=\"og:image:width\" content=\"188\" \/>\n\t<meta property=\"og:image:height\" content=\"121\" \/>\n\t<meta property=\"og:image:type\" content=\"image\/jpeg\" \/>\n<meta name=\"twitter:card\" content=\"summary_large_image\" \/>\n<script type=\"application\/ld+json\" class=\"yoast-schema-graph\">{\"@context\":\"https:\\\/\\\/schema.org\",\"@graph\":[{\"@type\":\"WebPage\",\"@id\":\"https:\\\/\\\/sysmatec.ch\\\/de\\\/produit\\\/modul-yocto-0-10v-rx-2-analoge-eingaenge\\\/\",\"url\":\"https:\\\/\\\/sysmatec.ch\\\/de\\\/produit\\\/modul-yocto-0-10v-rx-2-analoge-eingaenge\\\/\",\"name\":\"Modul Yocto-0-10V-Rx, 2 analoge Eing\u00e4nge - Sysmatec\",\"isPartOf\":{\"@id\":\"https:\\\/\\\/sysmatec.ch\\\/de\\\/#website\"},\"primaryImageOfPage\":{\"@id\":\"https:\\\/\\\/sysmatec.ch\\\/de\\\/produit\\\/modul-yocto-0-10v-rx-2-analoge-eingaenge\\\/#primaryimage\"},\"image\":{\"@id\":\"https:\\\/\\\/sysmatec.ch\\\/de\\\/produit\\\/modul-yocto-0-10v-rx-2-analoge-eingaenge\\\/#primaryimage\"},\"thumbnailUrl\":\"https:\\\/\\\/sysmatec.ch\\\/wp-content\\\/uploads\\\/2019\\\/04\\\/Automation_Yocto010VRx.jpg\",\"datePublished\":\"2019-04-22T10:10:18+00:00\",\"dateModified\":\"2022-01-28T02:18:19+00:00\",\"description\":\"Modul mit 2 analogen Eing\u00e4ngen 0-10 V. Es verf\u00fcgt \u00fcber eine Aufzeichnungsfunktion und eine USB-Schnittstelle zum Auslesen von Daten.\",\"breadcrumb\":{\"@id\":\"https:\\\/\\\/sysmatec.ch\\\/de\\\/produit\\\/modul-yocto-0-10v-rx-2-analoge-eingaenge\\\/#breadcrumb\"},\"inLanguage\":\"de\",\"potentialAction\":[{\"@type\":\"ReadAction\",\"target\":[\"https:\\\/\\\/sysmatec.ch\\\/de\\\/produit\\\/modul-yocto-0-10v-rx-2-analoge-eingaenge\\\/\"]}]},{\"@type\":\"ImageObject\",\"inLanguage\":\"de\",\"@id\":\"https:\\\/\\\/sysmatec.ch\\\/de\\\/produit\\\/modul-yocto-0-10v-rx-2-analoge-eingaenge\\\/#primaryimage\",\"url\":\"https:\\\/\\\/sysmatec.ch\\\/wp-content\\\/uploads\\\/2019\\\/04\\\/Automation_Yocto010VRx.jpg\",\"contentUrl\":\"https:\\\/\\\/sysmatec.ch\\\/wp-content\\\/uploads\\\/2019\\\/04\\\/Automation_Yocto010VRx.jpg\",\"width\":188,\"height\":121},{\"@type\":\"BreadcrumbList\",\"@id\":\"https:\\\/\\\/sysmatec.ch\\\/de\\\/produit\\\/modul-yocto-0-10v-rx-2-analoge-eingaenge\\\/#breadcrumb\",\"itemListElement\":[{\"@type\":\"ListItem\",\"position\":1,\"name\":\"Accueil\",\"item\":\"https:\\\/\\\/sysmatec.ch\\\/de\\\/\"},{\"@type\":\"ListItem\",\"position\":2,\"name\":\"Die Aktivit\u00e4t von Sysmatec\",\"item\":\"https:\\\/\\\/sysmatec.ch\\\/de\\\/\"},{\"@type\":\"ListItem\",\"position\":3,\"name\":\"Modul Yocto-0-10V-Rx, 2 analoge Eing\u00e4nge\"}]},{\"@type\":\"WebSite\",\"@id\":\"https:\\\/\\\/sysmatec.ch\\\/de\\\/#website\",\"url\":\"https:\\\/\\\/sysmatec.ch\\\/de\\\/\",\"name\":\"Sysmatec\",\"description\":\"Equipement de laboratoire et logiciels\",\"publisher\":{\"@id\":\"https:\\\/\\\/sysmatec.ch\\\/de\\\/#organization\"},\"potentialAction\":[{\"@type\":\"SearchAction\",\"target\":{\"@type\":\"EntryPoint\",\"urlTemplate\":\"https:\\\/\\\/sysmatec.ch\\\/de\\\/?s={search_term_string}\"},\"query-input\":{\"@type\":\"PropertyValueSpecification\",\"valueRequired\":true,\"valueName\":\"search_term_string\"}}],\"inLanguage\":\"de\"},{\"@type\":\"Organization\",\"@id\":\"https:\\\/\\\/sysmatec.ch\\\/de\\\/#organization\",\"name\":\"Sysmatec\",\"url\":\"https:\\\/\\\/sysmatec.ch\\\/de\\\/\",\"logo\":{\"@type\":\"ImageObject\",\"inLanguage\":\"de\",\"@id\":\"https:\\\/\\\/sysmatec.ch\\\/de\\\/#\\\/schema\\\/logo\\\/image\\\/\",\"url\":\"https:\\\/\\\/sysmatec.ch\\\/wp-content\\\/uploads\\\/2018\\\/11\\\/LogoSysmatec.jpg\",\"contentUrl\":\"https:\\\/\\\/sysmatec.ch\\\/wp-content\\\/uploads\\\/2018\\\/11\\\/LogoSysmatec.jpg\",\"width\":301,\"height\":297,\"caption\":\"Sysmatec\"},\"image\":{\"@id\":\"https:\\\/\\\/sysmatec.ch\\\/de\\\/#\\\/schema\\\/logo\\\/image\\\/\"}}]}<\/script>\n<!-- \/ Yoast SEO plugin. -->","yoast_head_json":{"title":"Modul Yocto-0-10V-Rx, 2 analoge Eing\u00e4nge - Sysmatec","description":"Modul mit 2 analogen Eing\u00e4ngen 0-10 V. Es verf\u00fcgt \u00fcber eine Aufzeichnungsfunktion und eine USB-Schnittstelle zum Auslesen von Daten.","robots":{"index":"index","follow":"follow","max-snippet":"max-snippet:-1","max-image-preview":"max-image-preview:large","max-video-preview":"max-video-preview:-1"},"canonical":"https:\/\/sysmatec.ch\/de\/produit\/modul-yocto-0-10v-rx-2-analoge-eingaenge\/","og_locale":"de_DE","og_type":"article","og_title":"Modul Yocto-0-10V-Rx, 2 analoge Eing\u00e4nge - Sysmatec","og_description":"Modul mit 2 analogen Eing\u00e4ngen 0-10 V. Es verf\u00fcgt \u00fcber eine Aufzeichnungsfunktion und eine USB-Schnittstelle zum Auslesen von Daten.","og_url":"https:\/\/sysmatec.ch\/de\/produit\/modul-yocto-0-10v-rx-2-analoge-eingaenge\/","og_site_name":"Sysmatec","article_modified_time":"2022-01-28T02:18:19+00:00","og_image":[{"width":188,"height":121,"url":"https:\/\/sysmatec.ch\/wp-content\/uploads\/2019\/04\/Automation_Yocto010VRx.jpg","type":"image\/jpeg"}],"twitter_card":"summary_large_image","schema":{"@context":"https:\/\/schema.org","@graph":[{"@type":"WebPage","@id":"https:\/\/sysmatec.ch\/de\/produit\/modul-yocto-0-10v-rx-2-analoge-eingaenge\/","url":"https:\/\/sysmatec.ch\/de\/produit\/modul-yocto-0-10v-rx-2-analoge-eingaenge\/","name":"Modul Yocto-0-10V-Rx, 2 analoge Eing\u00e4nge - Sysmatec","isPartOf":{"@id":"https:\/\/sysmatec.ch\/de\/#website"},"primaryImageOfPage":{"@id":"https:\/\/sysmatec.ch\/de\/produit\/modul-yocto-0-10v-rx-2-analoge-eingaenge\/#primaryimage"},"image":{"@id":"https:\/\/sysmatec.ch\/de\/produit\/modul-yocto-0-10v-rx-2-analoge-eingaenge\/#primaryimage"},"thumbnailUrl":"https:\/\/sysmatec.ch\/wp-content\/uploads\/2019\/04\/Automation_Yocto010VRx.jpg","datePublished":"2019-04-22T10:10:18+00:00","dateModified":"2022-01-28T02:18:19+00:00","description":"Modul mit 2 analogen Eing\u00e4ngen 0-10 V. Es verf\u00fcgt \u00fcber eine Aufzeichnungsfunktion und eine USB-Schnittstelle zum Auslesen von Daten.","breadcrumb":{"@id":"https:\/\/sysmatec.ch\/de\/produit\/modul-yocto-0-10v-rx-2-analoge-eingaenge\/#breadcrumb"},"inLanguage":"de","potentialAction":[{"@type":"ReadAction","target":["https:\/\/sysmatec.ch\/de\/produit\/modul-yocto-0-10v-rx-2-analoge-eingaenge\/"]}]},{"@type":"ImageObject","inLanguage":"de","@id":"https:\/\/sysmatec.ch\/de\/produit\/modul-yocto-0-10v-rx-2-analoge-eingaenge\/#primaryimage","url":"https:\/\/sysmatec.ch\/wp-content\/uploads\/2019\/04\/Automation_Yocto010VRx.jpg","contentUrl":"https:\/\/sysmatec.ch\/wp-content\/uploads\/2019\/04\/Automation_Yocto010VRx.jpg","width":188,"height":121},{"@type":"BreadcrumbList","@id":"https:\/\/sysmatec.ch\/de\/produit\/modul-yocto-0-10v-rx-2-analoge-eingaenge\/#breadcrumb","itemListElement":[{"@type":"ListItem","position":1,"name":"Accueil","item":"https:\/\/sysmatec.ch\/de\/"},{"@type":"ListItem","position":2,"name":"Die Aktivit\u00e4t von Sysmatec","item":"https:\/\/sysmatec.ch\/de\/"},{"@type":"ListItem","position":3,"name":"Modul Yocto-0-10V-Rx, 2 analoge Eing\u00e4nge"}]},{"@type":"WebSite","@id":"https:\/\/sysmatec.ch\/de\/#website","url":"https:\/\/sysmatec.ch\/de\/","name":"Sysmatec","description":"Equipement de laboratoire et logiciels","publisher":{"@id":"https:\/\/sysmatec.ch\/de\/#organization"},"potentialAction":[{"@type":"SearchAction","target":{"@type":"EntryPoint","urlTemplate":"https:\/\/sysmatec.ch\/de\/?s={search_term_string}"},"query-input":{"@type":"PropertyValueSpecification","valueRequired":true,"valueName":"search_term_string"}}],"inLanguage":"de"},{"@type":"Organization","@id":"https:\/\/sysmatec.ch\/de\/#organization","name":"Sysmatec","url":"https:\/\/sysmatec.ch\/de\/","logo":{"@type":"ImageObject","inLanguage":"de","@id":"https:\/\/sysmatec.ch\/de\/#\/schema\/logo\/image\/","url":"https:\/\/sysmatec.ch\/wp-content\/uploads\/2018\/11\/LogoSysmatec.jpg","contentUrl":"https:\/\/sysmatec.ch\/wp-content\/uploads\/2018\/11\/LogoSysmatec.jpg","width":301,"height":297,"caption":"Sysmatec"},"image":{"@id":"https:\/\/sysmatec.ch\/de\/#\/schema\/logo\/image\/"}}]}},"_links":{"self":[{"href":"https:\/\/sysmatec.ch\/de\/wp-json\/wp\/v2\/product\/5700","targetHints":{"allow":["GET"]}}],"collection":[{"href":"https:\/\/sysmatec.ch\/de\/wp-json\/wp\/v2\/product"}],"about":[{"href":"https:\/\/sysmatec.ch\/de\/wp-json\/wp\/v2\/types\/product"}],"wp:featuredmedia":[{"embeddable":true,"href":"https:\/\/sysmatec.ch\/de\/wp-json\/wp\/v2\/media\/5686"}],"wp:attachment":[{"href":"https:\/\/sysmatec.ch\/de\/wp-json\/wp\/v2\/media?parent=5700"}],"wp:term":[{"taxonomy":"product_brand","embeddable":true,"href":"https:\/\/sysmatec.ch\/de\/wp-json\/wp\/v2\/product_brand?post=5700"},{"taxonomy":"product_cat","embeddable":true,"href":"https:\/\/sysmatec.ch\/de\/wp-json\/wp\/v2\/product_cat?post=5700"},{"taxonomy":"product_tag","embeddable":true,"href":"https:\/\/sysmatec.ch\/de\/wp-json\/wp\/v2\/product_tag?post=5700"}],"curies":[{"name":"wp","href":"https:\/\/api.w.org\/{rel}","templated":true}]}}