{"id":5655,"date":"2019-04-22T11:15:34","date_gmt":"2019-04-22T09:15:34","guid":{"rendered":"https:\/\/sysmatec.ch\/produit\/regulateur-multicanal-pac-99x\/"},"modified":"2022-01-29T21:31:14","modified_gmt":"2022-01-29T20:31:14","slug":"mehrkanal-regler-pac-99x","status":"publish","type":"product","link":"https:\/\/sysmatec.ch\/de\/Produkt\/mehrkanal-regler-pac-99x\/","title":{"rendered":"Mehrkanal Regler PAC-99X"},"content":{"rendered":"<p>kompakt, basierend auf Linux, dieser Controller ist eine ideale L\u00f6sung f\u00fcr Anwendungen, bei denen die gleichzeitige Messung und Regelung von zahlreichen Kan\u00e4len erforderlich ist (Max. 8 Regelkreise). PAC-99X enth\u00e4lt bis zu 48 analoge Eing\u00e4nge, 16 Relais \/ SSR-Ausg\u00e4nge und 8 x 0-20 mA Stromausg\u00e4nge. Die Bedienung efolgt direkt am Bildschirm (Touchscreen). Die RS-485 Schnittstelle mit Modbus-RTU-Protokoll ist hier die grundlegende Kommunikation. Es gibt auch 2 USB-Anschl\u00fcsse (Host f\u00fcr Maus oder Tastatur, und der zweite f\u00fcr die Kommunikation mit dem PC Multicon Software)<\/p>\n<p>PAC-99X existiert in 2 Versionen : 230V und 24V AC \/ DC. Dar\u00fcber hinaus gibt es einen 24V DC \/ 200mA Ausgang auf der R\u00fcckseite f\u00fcr die Versorgung von externen Sensoren. Der PAC-99X (CMC-99) kann mit anderen Kommunikations-Modul (Ethernet, zweiter USB Host, zwei RS-485 und RS-232) und andere Ein-und Ausg\u00e4ngen ausgestattet werden.<\/p>\n<p>Er can mit verschiedenen Modulen best\u00fcckt werden<\/p>\n<table border=\"1\" width=\"658\" cellspacing=\"2\" cellpadding=\"0\">\n<tbody>\n<tr>\n<td><b>Modulname<\/b><\/td>\n<td><b>UI4, UI8, U 16, I16<\/b><\/td>\n<td><\/td>\n<\/tr>\n<tr>\n<td>Beschreibung<\/td>\n<td>4\/8\/16 Strom-\/Spannungeing\u00e4nge mit gemeinsamen Bezugspotential<\/td>\n<td><\/td>\n<\/tr>\n<tr>\n<td>Eingangsbereiche\/ Aufl\u00f6sung<\/td>\n<td>-2 bis 13 V \/ 1 mV<\/td>\n<td>-2-30 mA, 1 uA<\/td>\n<\/tr>\n<tr>\n<td>W\u00e4hlbare Messbereich<\/td>\n<td>0-5 V, 1-5 V, 0-10 V, 2-10 V<\/td>\n<td>0-20 mA, 4-20 mA<\/td>\n<\/tr>\n<tr>\n<td>Genauigkeit<\/td>\n<td>0.1 % bei 25 \u00b0C<\/td>\n<td>0.1 % bei 25 \u00b0C<\/td>\n<\/tr>\n<tr>\n<td><b>Modulname<\/b><\/td>\n<td><b>TC4, TC8<\/b><\/td>\n<td><\/td>\n<\/tr>\n<tr>\n<td>Beschreibung<\/td>\n<td>4\/8 Thermoelement Eing\u00e4nge<\/td>\n<td><\/td>\n<\/tr>\n<tr>\n<td>Eingangsbereiche\/ Aufl\u00f6sung<\/td>\n<td>-30 mV bis 30 mV \/ 1 uV<\/td>\n<td>-120 mV bis 120 mV \/ 4 uV<\/td>\n<\/tr>\n<tr>\n<td>W\u00e4hlbare Messbereiche<\/td>\n<td>Typ K,S,J,T,N,R,B,E, -25 bis 25 mV, -100 bis 100 mV<\/td>\n<td><\/td>\n<\/tr>\n<tr>\n<td><b>Modulname<\/b><\/td>\n<td><b>RT4<\/b><\/td>\n<td><\/td>\n<\/tr>\n<tr>\n<td>Beschreibung<\/td>\n<td>4 Eing\u00e4nge f\u00fcr Widerstandsthermometer<\/td>\n<td><\/td>\n<\/tr>\n<tr>\n<td>Eingangsbereiche\/ Aufl\u00f6sung<\/td>\n<td>0 bis 325 Ohm \/ 0.01 Ohm<\/td>\n<td>0 bis 3250 Ohm \/ 0.1 Ohm<\/td>\n<\/tr>\n<tr>\n<td>W\u00e4hlbare Messbereiche<\/td>\n<td>Pt100, Pt1000, Pt50, Pt500, Cu50, Cu100, Ni100,&#8230;<\/td>\n<td>2,3,4 Leiter<\/td>\n<\/tr>\n<tr>\n<td><b>modules name<\/b><\/td>\n<td><b>UN3<\/b><\/td>\n<td><\/td>\n<\/tr>\n<tr>\n<td>Beschreibung<\/td>\n<td>3 Universaleingang\u00e4nge mit galv. Trennung f\u00fcr Strom, Spannung, Themoelemente und Widerstandthermometer<\/td>\n<td><\/td>\n<\/tr>\n<tr>\n<td>Eingangsbereiche\/ Aufl\u00f6sung<\/td>\n<td>-1 bis 12 V \/ 1 mV<\/td>\n<td>-2 bis 30 mA \/ 1 uV<\/td>\n<\/tr>\n<tr>\n<td>W\u00e4hlbare Messbereiche<\/td>\n<td>0 bis 5 V, 1 bis 5 V, 0 bis 10 V, 2 bis 10 V<\/td>\n<td>0 to 20 mA, 4 bis 20 mA<\/td>\n<\/tr>\n<tr>\n<td>Genauigkeit<\/td>\n<td>0.1 % bei 25 \u00b0C<\/td>\n<td>0.1 % bei 25 \u00b0C<\/td>\n<\/tr>\n<tr>\n<td>Eingangsbereiche\/ Aufl\u00f6sung<\/td>\n<td>-10 bis 30 mV \/ 2 uV<\/td>\n<td>-10 bis 120 mV \/ 4 uV<\/td>\n<\/tr>\n<tr>\n<td>W\u00e4hlbare Messbereiche<\/td>\n<td>Typ K,S,J,T,N,R,B,E, -25 to 25 mV, -100 to 100 mV<\/td>\n<td><\/td>\n<\/tr>\n<tr>\n<td>Eingangsbereiche\/ Aufl\u00f6sung<\/td>\n<td>0 bis 325 Ohm \/ 0.01 Ohm<\/td>\n<td>0 bis 3250 Ohm \/ 0.1 Ohm<\/td>\n<\/tr>\n<tr>\n<td>W\u00e4hlbare Messbereiche<\/td>\n<td>Pt100, Pt1000, Pt50, Pt500, Cu50, Cu100, Ni100,&#8230;<\/td>\n<td>2,3,4 Leiter<\/td>\n<\/tr>\n<tr>\n<td><b>Modulname<\/b><\/td>\n<td><b>D8, D16<\/b><\/td>\n<td><\/td>\n<\/tr>\n<tr>\n<td>Beschreibung<\/td>\n<td>8\/16 bin\u00e4re Eing\u00e4nge, je 4 mit gemeinsamen Bezugspotenzial<\/td>\n<td><\/td>\n<\/tr>\n<tr>\n<td>Eingangsbereiche\/ Aufl\u00f6sung<\/td>\n<td>0 bis 30 V, UIn&lt;1V= Low, UIn&gt;4V= High<\/td>\n<td><\/td>\n<\/tr>\n<tr>\n<td><b>Modulname<\/b><\/td>\n<td><b>FI2, FI4<\/b><\/td>\n<td><\/td>\n<\/tr>\n<tr>\n<td>Beschreibung<\/td>\n<td>2\/4 Stromeing\u00e4nge mit Summierfunktion + 2\/4 standard Stromeing\u00e4nge mit gemeinsamen Bezugspotenzial<\/td>\n<td><\/td>\n<\/tr>\n<tr>\n<td>Eingangsbereiche\/ Aufl\u00f6sung<\/td>\n<td>-2 bis 30 mA\/1 uA<\/td>\n<td><\/td>\n<\/tr>\n<tr>\n<td>W\u00e4hlbare Messbereiche<\/td>\n<td>0 bis 20 mA, 4 bis 20 mA<\/td>\n<td><\/td>\n<\/tr>\n<tr>\n<td>Genauigkeit<\/td>\n<td>0.1 % at 25 \u00b0C<\/td>\n<td><\/td>\n<\/tr>\n<tr>\n<td><b>Modulname<\/b><\/td>\n<td><b>FT2, FT4<\/b><\/td>\n<td><\/td>\n<\/tr>\n<tr>\n<td>Beschreibung<\/td>\n<td>2\/4 Z\u00e4hleing\u00e4nge + 2\/4 Stromeing\u00e4nge mit gemeinsamen Bezugspotenzial<\/td>\n<td><\/td>\n<\/tr>\n<tr>\n<td>Eingangsbereiche\/ Aufl\u00f6sung<\/td>\n<td>0 bis 30 V, UIn&lt;1V= Low, UIn&gt;4V= High, 0.1 Hz to 50 kHz<\/td>\n<td><\/td>\n<\/tr>\n<tr>\n<td>Eingangsbereiche\/ Aufl\u00f6sung<\/td>\n<td>-2 bis 30 mA\/ 1 uA<\/td>\n<td><\/td>\n<\/tr>\n<tr>\n<td>Genauigkeit<\/td>\n<td>0.1% bei 25 \u00b0C<\/td>\n<td><\/td>\n<\/tr>\n<tr>\n<td><b>Modulname<\/b><\/td>\n<td><b>S8, S16<\/b><\/td>\n<td><\/td>\n<\/tr>\n<tr>\n<td>Beschreibung<\/td>\n<td>8\/16 Halbleiterrelais (SSR) mit PWM Funktion<\/td>\n<td><\/td>\n<\/tr>\n<tr>\n<td>max Schaltstrom<\/td>\n<td>10 mA, max 50 mA\/Gruppe von 8 Stck<\/td>\n<td><\/td>\n<\/tr>\n<tr>\n<td>max Speisung<\/td>\n<td>interne Speisung &gt; 8 V<\/td>\n<td><\/td>\n<\/tr>\n<tr>\n<td>externe Speisung<\/td>\n<td>10 bis 30 V<\/td>\n<td><\/td>\n<\/tr>\n<tr>\n<td>PWM Periode<\/td>\n<td>0.1 bis 1600 s, Aufl\u00f6sung: 0.1 s<\/td>\n<td><\/td>\n<\/tr>\n<tr>\n<td>PWM Frequenz<\/td>\n<td>5 kHz, 20 us\/ 0-100 %, Aufl\u00f6sung 15 bits<\/td>\n<td><\/td>\n<\/tr>\n<tr>\n<td><b>Modulname<\/b><\/td>\n<td><b>R45, R81<\/b><\/td>\n<td><\/td>\n<\/tr>\n<tr>\n<td>Beschreibung<\/td>\n<td>4 SPDT Relaisausg\u00e4nge<\/td>\n<td>8 SPST Relaisausg\u00e4nge<\/td>\n<\/tr>\n<tr>\n<td><b>Modulname<\/b><\/td>\n<td><b>IO2, IO4<\/b><\/td>\n<td><\/td>\n<\/tr>\n<tr>\n<td>Beschreibung<\/td>\n<td>2\/4 passive Analogausg\u00e4nge<\/td>\n<td><\/td>\n<\/tr>\n<tr>\n<td>Ausgangsbereich, Aufl\u00f6sung<\/td>\n<td>3 bis 22 mA, 50 mA-Sicherung, 12 bit<\/td>\n<td><\/td>\n<\/tr>\n<tr>\n<td>Genauigkeit<\/td>\n<td>0.1% at 25 \u00b0C<\/td>\n<td><\/td>\n<\/tr>\n<\/tbody>\n<\/table>\n","protected":false},"excerpt":{"rendered":"<p>Mehrkanal Regler<\/p>\n","protected":false},"featured_media":5653,"template":"","meta":{"_crdt_document":""},"product_brand":[],"product_cat":[191,309,315],"product_tag":[],"class_list":{"0":"post-5655","1":"product","2":"type-product","3":"status-publish","4":"has-post-thumbnail","6":"product_cat-automation-de","7":"product_cat-regler","8":"product_cat-universal-datenlogger","10":"first","11":"instock","12":"taxable","13":"shipping-taxable","14":"product-type-simple"},"yoast_head":"<!-- This site is optimized with the Yoast SEO plugin v27.4 - https:\/\/yoast.com\/product\/yoast-seo-wordpress\/ -->\n<title>Mehrkanal Regler PAC-99X - Sysmatec<\/title>\n<meta name=\"description\" content=\"Modularer Mehrkanalregler. Es kann bis zu 48 analoge Eing\u00e4nge und 16 Ausg\u00e4nge verwalten. Es hat eine Aufnahmefunktion.\" \/>\n<meta name=\"robots\" content=\"index, follow, max-snippet:-1, max-image-preview:large, max-video-preview:-1\" \/>\n<link rel=\"canonical\" href=\"https:\/\/sysmatec.ch\/de\/produit\/mehrkanal-regler-pac-99x\/\" \/>\n<meta property=\"og:locale\" content=\"de_DE\" \/>\n<meta property=\"og:type\" content=\"article\" \/>\n<meta property=\"og:title\" content=\"Mehrkanal Regler PAC-99X - Sysmatec\" \/>\n<meta property=\"og:description\" content=\"Modularer Mehrkanalregler. Es kann bis zu 48 analoge Eing\u00e4nge und 16 Ausg\u00e4nge verwalten. Es hat eine Aufnahmefunktion.\" \/>\n<meta property=\"og:url\" content=\"https:\/\/sysmatec.ch\/de\/produit\/mehrkanal-regler-pac-99x\/\" \/>\n<meta property=\"og:site_name\" content=\"Sysmatec\" \/>\n<meta property=\"article:modified_time\" content=\"2022-01-29T20:31:14+00:00\" \/>\n<meta property=\"og:image\" content=\"https:\/\/sysmatec.ch\/wp-content\/uploads\/2019\/04\/Automation_SimexCMC99.jpg\" \/>\n\t<meta property=\"og:image:width\" content=\"190\" \/>\n\t<meta property=\"og:image:height\" content=\"170\" \/>\n\t<meta property=\"og:image:type\" content=\"image\/jpeg\" \/>\n<meta name=\"twitter:card\" content=\"summary_large_image\" \/>\n<meta name=\"twitter:label1\" content=\"Gesch\u00e4tzte Lesezeit\" \/>\n\t<meta name=\"twitter:data1\" content=\"3\u00a0Minuten\" \/>\n<script type=\"application\/ld+json\" class=\"yoast-schema-graph\">{\"@context\":\"https:\\\/\\\/schema.org\",\"@graph\":[{\"@type\":\"WebPage\",\"@id\":\"https:\\\/\\\/sysmatec.ch\\\/de\\\/produit\\\/mehrkanal-regler-pac-99x\\\/\",\"url\":\"https:\\\/\\\/sysmatec.ch\\\/de\\\/produit\\\/mehrkanal-regler-pac-99x\\\/\",\"name\":\"Mehrkanal Regler PAC-99X - Sysmatec\",\"isPartOf\":{\"@id\":\"https:\\\/\\\/sysmatec.ch\\\/de\\\/#website\"},\"primaryImageOfPage\":{\"@id\":\"https:\\\/\\\/sysmatec.ch\\\/de\\\/produit\\\/mehrkanal-regler-pac-99x\\\/#primaryimage\"},\"image\":{\"@id\":\"https:\\\/\\\/sysmatec.ch\\\/de\\\/produit\\\/mehrkanal-regler-pac-99x\\\/#primaryimage\"},\"thumbnailUrl\":\"https:\\\/\\\/sysmatec.ch\\\/wp-content\\\/uploads\\\/2019\\\/04\\\/Automation_SimexCMC99.jpg\",\"datePublished\":\"2019-04-22T09:15:34+00:00\",\"dateModified\":\"2022-01-29T20:31:14+00:00\",\"description\":\"Modularer Mehrkanalregler. Es kann bis zu 48 analoge Eing\u00e4nge und 16 Ausg\u00e4nge verwalten. Es hat eine Aufnahmefunktion.\",\"breadcrumb\":{\"@id\":\"https:\\\/\\\/sysmatec.ch\\\/de\\\/produit\\\/mehrkanal-regler-pac-99x\\\/#breadcrumb\"},\"inLanguage\":\"de\",\"potentialAction\":[{\"@type\":\"ReadAction\",\"target\":[\"https:\\\/\\\/sysmatec.ch\\\/de\\\/produit\\\/mehrkanal-regler-pac-99x\\\/\"]}]},{\"@type\":\"ImageObject\",\"inLanguage\":\"de\",\"@id\":\"https:\\\/\\\/sysmatec.ch\\\/de\\\/produit\\\/mehrkanal-regler-pac-99x\\\/#primaryimage\",\"url\":\"https:\\\/\\\/sysmatec.ch\\\/wp-content\\\/uploads\\\/2019\\\/04\\\/Automation_SimexCMC99.jpg\",\"contentUrl\":\"https:\\\/\\\/sysmatec.ch\\\/wp-content\\\/uploads\\\/2019\\\/04\\\/Automation_SimexCMC99.jpg\",\"width\":190,\"height\":170},{\"@type\":\"BreadcrumbList\",\"@id\":\"https:\\\/\\\/sysmatec.ch\\\/de\\\/produit\\\/mehrkanal-regler-pac-99x\\\/#breadcrumb\",\"itemListElement\":[{\"@type\":\"ListItem\",\"position\":1,\"name\":\"Accueil\",\"item\":\"https:\\\/\\\/sysmatec.ch\\\/de\\\/\"},{\"@type\":\"ListItem\",\"position\":2,\"name\":\"Die Aktivit\u00e4t von Sysmatec\",\"item\":\"https:\\\/\\\/sysmatec.ch\\\/de\\\/\"},{\"@type\":\"ListItem\",\"position\":3,\"name\":\"Mehrkanal Regler PAC-99X\"}]},{\"@type\":\"WebSite\",\"@id\":\"https:\\\/\\\/sysmatec.ch\\\/de\\\/#website\",\"url\":\"https:\\\/\\\/sysmatec.ch\\\/de\\\/\",\"name\":\"Sysmatec\",\"description\":\"Equipement de laboratoire et logiciels\",\"publisher\":{\"@id\":\"https:\\\/\\\/sysmatec.ch\\\/de\\\/#organization\"},\"potentialAction\":[{\"@type\":\"SearchAction\",\"target\":{\"@type\":\"EntryPoint\",\"urlTemplate\":\"https:\\\/\\\/sysmatec.ch\\\/de\\\/?s={search_term_string}\"},\"query-input\":{\"@type\":\"PropertyValueSpecification\",\"valueRequired\":true,\"valueName\":\"search_term_string\"}}],\"inLanguage\":\"de\"},{\"@type\":\"Organization\",\"@id\":\"https:\\\/\\\/sysmatec.ch\\\/de\\\/#organization\",\"name\":\"Sysmatec\",\"url\":\"https:\\\/\\\/sysmatec.ch\\\/de\\\/\",\"logo\":{\"@type\":\"ImageObject\",\"inLanguage\":\"de\",\"@id\":\"https:\\\/\\\/sysmatec.ch\\\/de\\\/#\\\/schema\\\/logo\\\/image\\\/\",\"url\":\"https:\\\/\\\/sysmatec.ch\\\/wp-content\\\/uploads\\\/2018\\\/11\\\/LogoSysmatec.jpg\",\"contentUrl\":\"https:\\\/\\\/sysmatec.ch\\\/wp-content\\\/uploads\\\/2018\\\/11\\\/LogoSysmatec.jpg\",\"width\":301,\"height\":297,\"caption\":\"Sysmatec\"},\"image\":{\"@id\":\"https:\\\/\\\/sysmatec.ch\\\/de\\\/#\\\/schema\\\/logo\\\/image\\\/\"}}]}<\/script>\n<!-- \/ Yoast SEO plugin. -->","yoast_head_json":{"title":"Mehrkanal Regler PAC-99X - Sysmatec","description":"Modularer Mehrkanalregler. Es kann bis zu 48 analoge Eing\u00e4nge und 16 Ausg\u00e4nge verwalten. Es hat eine Aufnahmefunktion.","robots":{"index":"index","follow":"follow","max-snippet":"max-snippet:-1","max-image-preview":"max-image-preview:large","max-video-preview":"max-video-preview:-1"},"canonical":"https:\/\/sysmatec.ch\/de\/produit\/mehrkanal-regler-pac-99x\/","og_locale":"de_DE","og_type":"article","og_title":"Mehrkanal Regler PAC-99X - Sysmatec","og_description":"Modularer Mehrkanalregler. Es kann bis zu 48 analoge Eing\u00e4nge und 16 Ausg\u00e4nge verwalten. Es hat eine Aufnahmefunktion.","og_url":"https:\/\/sysmatec.ch\/de\/produit\/mehrkanal-regler-pac-99x\/","og_site_name":"Sysmatec","article_modified_time":"2022-01-29T20:31:14+00:00","og_image":[{"width":190,"height":170,"url":"https:\/\/sysmatec.ch\/wp-content\/uploads\/2019\/04\/Automation_SimexCMC99.jpg","type":"image\/jpeg"}],"twitter_card":"summary_large_image","twitter_misc":{"Gesch\u00e4tzte Lesezeit":"3\u00a0Minuten"},"schema":{"@context":"https:\/\/schema.org","@graph":[{"@type":"WebPage","@id":"https:\/\/sysmatec.ch\/de\/produit\/mehrkanal-regler-pac-99x\/","url":"https:\/\/sysmatec.ch\/de\/produit\/mehrkanal-regler-pac-99x\/","name":"Mehrkanal Regler PAC-99X - Sysmatec","isPartOf":{"@id":"https:\/\/sysmatec.ch\/de\/#website"},"primaryImageOfPage":{"@id":"https:\/\/sysmatec.ch\/de\/produit\/mehrkanal-regler-pac-99x\/#primaryimage"},"image":{"@id":"https:\/\/sysmatec.ch\/de\/produit\/mehrkanal-regler-pac-99x\/#primaryimage"},"thumbnailUrl":"https:\/\/sysmatec.ch\/wp-content\/uploads\/2019\/04\/Automation_SimexCMC99.jpg","datePublished":"2019-04-22T09:15:34+00:00","dateModified":"2022-01-29T20:31:14+00:00","description":"Modularer Mehrkanalregler. Es kann bis zu 48 analoge Eing\u00e4nge und 16 Ausg\u00e4nge verwalten. Es hat eine Aufnahmefunktion.","breadcrumb":{"@id":"https:\/\/sysmatec.ch\/de\/produit\/mehrkanal-regler-pac-99x\/#breadcrumb"},"inLanguage":"de","potentialAction":[{"@type":"ReadAction","target":["https:\/\/sysmatec.ch\/de\/produit\/mehrkanal-regler-pac-99x\/"]}]},{"@type":"ImageObject","inLanguage":"de","@id":"https:\/\/sysmatec.ch\/de\/produit\/mehrkanal-regler-pac-99x\/#primaryimage","url":"https:\/\/sysmatec.ch\/wp-content\/uploads\/2019\/04\/Automation_SimexCMC99.jpg","contentUrl":"https:\/\/sysmatec.ch\/wp-content\/uploads\/2019\/04\/Automation_SimexCMC99.jpg","width":190,"height":170},{"@type":"BreadcrumbList","@id":"https:\/\/sysmatec.ch\/de\/produit\/mehrkanal-regler-pac-99x\/#breadcrumb","itemListElement":[{"@type":"ListItem","position":1,"name":"Accueil","item":"https:\/\/sysmatec.ch\/de\/"},{"@type":"ListItem","position":2,"name":"Die Aktivit\u00e4t von Sysmatec","item":"https:\/\/sysmatec.ch\/de\/"},{"@type":"ListItem","position":3,"name":"Mehrkanal Regler PAC-99X"}]},{"@type":"WebSite","@id":"https:\/\/sysmatec.ch\/de\/#website","url":"https:\/\/sysmatec.ch\/de\/","name":"Sysmatec","description":"Equipement de laboratoire et logiciels","publisher":{"@id":"https:\/\/sysmatec.ch\/de\/#organization"},"potentialAction":[{"@type":"SearchAction","target":{"@type":"EntryPoint","urlTemplate":"https:\/\/sysmatec.ch\/de\/?s={search_term_string}"},"query-input":{"@type":"PropertyValueSpecification","valueRequired":true,"valueName":"search_term_string"}}],"inLanguage":"de"},{"@type":"Organization","@id":"https:\/\/sysmatec.ch\/de\/#organization","name":"Sysmatec","url":"https:\/\/sysmatec.ch\/de\/","logo":{"@type":"ImageObject","inLanguage":"de","@id":"https:\/\/sysmatec.ch\/de\/#\/schema\/logo\/image\/","url":"https:\/\/sysmatec.ch\/wp-content\/uploads\/2018\/11\/LogoSysmatec.jpg","contentUrl":"https:\/\/sysmatec.ch\/wp-content\/uploads\/2018\/11\/LogoSysmatec.jpg","width":301,"height":297,"caption":"Sysmatec"},"image":{"@id":"https:\/\/sysmatec.ch\/de\/#\/schema\/logo\/image\/"}}]}},"_links":{"self":[{"href":"https:\/\/sysmatec.ch\/de\/wp-json\/wp\/v2\/product\/5655","targetHints":{"allow":["GET"]}}],"collection":[{"href":"https:\/\/sysmatec.ch\/de\/wp-json\/wp\/v2\/product"}],"about":[{"href":"https:\/\/sysmatec.ch\/de\/wp-json\/wp\/v2\/types\/product"}],"wp:featuredmedia":[{"embeddable":true,"href":"https:\/\/sysmatec.ch\/de\/wp-json\/wp\/v2\/media\/5653"}],"wp:attachment":[{"href":"https:\/\/sysmatec.ch\/de\/wp-json\/wp\/v2\/media?parent=5655"}],"wp:term":[{"taxonomy":"product_brand","embeddable":true,"href":"https:\/\/sysmatec.ch\/de\/wp-json\/wp\/v2\/product_brand?post=5655"},{"taxonomy":"product_cat","embeddable":true,"href":"https:\/\/sysmatec.ch\/de\/wp-json\/wp\/v2\/product_cat?post=5655"},{"taxonomy":"product_tag","embeddable":true,"href":"https:\/\/sysmatec.ch\/de\/wp-json\/wp\/v2\/product_tag?post=5655"}],"curies":[{"name":"wp","href":"https:\/\/api.w.org\/{rel}","templated":true}]}}