{"id":5597,"date":"2019-04-18T21:38:37","date_gmt":"2019-04-18T19:38:37","guid":{"rendered":"https:\/\/sysmatec.ch\/produit\/regulateur-de-temperature-tecon-t236\/"},"modified":"2022-01-30T09:01:18","modified_gmt":"2022-01-30T08:01:18","slug":"kaskaden-temperatur-regler-tecon-t236","status":"publish","type":"product","link":"https:\/\/sysmatec.ch\/de\/Produkt\/kaskaden-temperatur-regler-tecon-t236\/","title":{"rendered":"Kaskaden Temperatur Regler TECON T236"},"content":{"rendered":"<ul>\n<li>Der Kaskaden-Regler ist bei Anlagen mit W\u00e4rmetr\u00e4gern und bei unterschiedliche beschickten Oefen zweckm\u00e4ssig.<\/li>\n<li>Die begrenzung der temperaturdifferenz zwischen Heizung und heizgut ist M\u00f6glich<\/li>\n<li>Er kann auch ohne Kaskade benutzt werden<\/li>\n<li>2 Eingang f\u00fcr Sonde (Pt100, Thermoelement, 0\/4-20 mA)<\/li>\n<li>Ausg\u00e4nge: 2 Relais (max. 230 V, 2 A), oder las Option 24 V (interner Widerstand 1 kOhm)<\/li>\n<li>2 Relais f\u00fcr Alarme<\/li>\n<li>2 Analoge Ausg\u00e4nge (0\/4-20 mA) f\u00fcr programmierbar f\u00fcr z.B. die Messung, der Sollwert, etc&#8230;<\/li>\n<li>Analoger oder digitaler Eingang (z.B. f\u00fcr externer Sollwert, Reglerstart,&#8230;)<\/li>\n<li>Nicht programmierbar (kein Profile)<\/li>\n<li>RS485 2 -Leiter<\/li>\n<li>Abmessung (BxHxT): 96x96x125 mm<\/li>\n<\/ul>\n","protected":false},"excerpt":{"rendered":"<p>Kaskaden PID Regler<\/p>\n","protected":false},"featured_media":5595,"template":"","meta":{"_crdt_document":""},"product_brand":[],"product_cat":[191,309],"product_tag":[],"class_list":{"0":"post-5597","1":"product","2":"type-product","3":"status-publish","4":"has-post-thumbnail","6":"product_cat-automation-de","7":"product_cat-regler","9":"first","10":"instock","11":"taxable","12":"shipping-taxable","13":"product-type-simple"},"yoast_head":"<!-- This site is optimized with the Yoast SEO plugin v27.3 - https:\/\/yoast.com\/product\/yoast-seo-wordpress\/ -->\n<title>Kaskaden Temperatur Regler TECON T236 - Sysmatec<\/title>\n<meta name=\"description\" content=\"Dieser PID-Regler erm\u00f6glicht die Durchf\u00fchrung einer Kaskadenregelung. Es ist mit Pt100, Thermoelement, 0\/4-20 mA Sensoreing\u00e4ngen ausgestattet.\" \/>\n<meta name=\"robots\" content=\"index, follow, max-snippet:-1, max-image-preview:large, max-video-preview:-1\" \/>\n<link rel=\"canonical\" href=\"https:\/\/sysmatec.ch\/de\/produit\/kaskaden-temperatur-regler-tecon-t236\/\" \/>\n<meta property=\"og:locale\" content=\"de_DE\" \/>\n<meta property=\"og:type\" content=\"article\" \/>\n<meta property=\"og:title\" content=\"Kaskaden Temperatur Regler TECON T236 - Sysmatec\" \/>\n<meta property=\"og:description\" content=\"Dieser PID-Regler erm\u00f6glicht die Durchf\u00fchrung einer Kaskadenregelung. Es ist mit Pt100, Thermoelement, 0\/4-20 mA Sensoreing\u00e4ngen ausgestattet.\" \/>\n<meta property=\"og:url\" content=\"https:\/\/sysmatec.ch\/de\/produit\/kaskaden-temperatur-regler-tecon-t236\/\" \/>\n<meta property=\"og:site_name\" content=\"Sysmatec\" \/>\n<meta property=\"article:modified_time\" content=\"2022-01-30T08:01:18+00:00\" \/>\n<meta property=\"og:image\" content=\"https:\/\/sysmatec.ch\/wp-content\/uploads\/2019\/04\/Automation_TeconT236.gif\" \/>\n\t<meta property=\"og:image:width\" content=\"119\" \/>\n\t<meta property=\"og:image:height\" content=\"119\" \/>\n\t<meta property=\"og:image:type\" content=\"image\/gif\" \/>\n<meta name=\"twitter:card\" content=\"summary_large_image\" \/>\n<script type=\"application\/ld+json\" class=\"yoast-schema-graph\">{\"@context\":\"https:\\\/\\\/schema.org\",\"@graph\":[{\"@type\":\"WebPage\",\"@id\":\"https:\\\/\\\/sysmatec.ch\\\/de\\\/produit\\\/kaskaden-temperatur-regler-tecon-t236\\\/\",\"url\":\"https:\\\/\\\/sysmatec.ch\\\/de\\\/produit\\\/kaskaden-temperatur-regler-tecon-t236\\\/\",\"name\":\"Kaskaden Temperatur Regler TECON T236 - Sysmatec\",\"isPartOf\":{\"@id\":\"https:\\\/\\\/sysmatec.ch\\\/de\\\/#website\"},\"primaryImageOfPage\":{\"@id\":\"https:\\\/\\\/sysmatec.ch\\\/de\\\/produit\\\/kaskaden-temperatur-regler-tecon-t236\\\/#primaryimage\"},\"image\":{\"@id\":\"https:\\\/\\\/sysmatec.ch\\\/de\\\/produit\\\/kaskaden-temperatur-regler-tecon-t236\\\/#primaryimage\"},\"thumbnailUrl\":\"https:\\\/\\\/sysmatec.ch\\\/wp-content\\\/uploads\\\/2019\\\/04\\\/Automation_TeconT236.gif\",\"datePublished\":\"2019-04-18T19:38:37+00:00\",\"dateModified\":\"2022-01-30T08:01:18+00:00\",\"description\":\"Dieser PID-Regler erm\u00f6glicht die Durchf\u00fchrung einer Kaskadenregelung. Es ist mit Pt100, Thermoelement, 0\\\/4-20 mA Sensoreing\u00e4ngen ausgestattet.\",\"breadcrumb\":{\"@id\":\"https:\\\/\\\/sysmatec.ch\\\/de\\\/produit\\\/kaskaden-temperatur-regler-tecon-t236\\\/#breadcrumb\"},\"inLanguage\":\"de\",\"potentialAction\":[{\"@type\":\"ReadAction\",\"target\":[\"https:\\\/\\\/sysmatec.ch\\\/de\\\/produit\\\/kaskaden-temperatur-regler-tecon-t236\\\/\"]}]},{\"@type\":\"ImageObject\",\"inLanguage\":\"de\",\"@id\":\"https:\\\/\\\/sysmatec.ch\\\/de\\\/produit\\\/kaskaden-temperatur-regler-tecon-t236\\\/#primaryimage\",\"url\":\"https:\\\/\\\/sysmatec.ch\\\/wp-content\\\/uploads\\\/2019\\\/04\\\/Automation_TeconT236.gif\",\"contentUrl\":\"https:\\\/\\\/sysmatec.ch\\\/wp-content\\\/uploads\\\/2019\\\/04\\\/Automation_TeconT236.gif\",\"width\":119,\"height\":119},{\"@type\":\"BreadcrumbList\",\"@id\":\"https:\\\/\\\/sysmatec.ch\\\/de\\\/produit\\\/kaskaden-temperatur-regler-tecon-t236\\\/#breadcrumb\",\"itemListElement\":[{\"@type\":\"ListItem\",\"position\":1,\"name\":\"Accueil\",\"item\":\"https:\\\/\\\/sysmatec.ch\\\/de\\\/\"},{\"@type\":\"ListItem\",\"position\":2,\"name\":\"Die Aktivit\u00e4t von Sysmatec\",\"item\":\"https:\\\/\\\/sysmatec.ch\\\/de\\\/\"},{\"@type\":\"ListItem\",\"position\":3,\"name\":\"Kaskaden Temperatur Regler TECON T236\"}]},{\"@type\":\"WebSite\",\"@id\":\"https:\\\/\\\/sysmatec.ch\\\/de\\\/#website\",\"url\":\"https:\\\/\\\/sysmatec.ch\\\/de\\\/\",\"name\":\"Sysmatec\",\"description\":\"Equipement de laboratoire et logiciels\",\"publisher\":{\"@id\":\"https:\\\/\\\/sysmatec.ch\\\/de\\\/#organization\"},\"potentialAction\":[{\"@type\":\"SearchAction\",\"target\":{\"@type\":\"EntryPoint\",\"urlTemplate\":\"https:\\\/\\\/sysmatec.ch\\\/de\\\/?s={search_term_string}\"},\"query-input\":{\"@type\":\"PropertyValueSpecification\",\"valueRequired\":true,\"valueName\":\"search_term_string\"}}],\"inLanguage\":\"de\"},{\"@type\":\"Organization\",\"@id\":\"https:\\\/\\\/sysmatec.ch\\\/de\\\/#organization\",\"name\":\"Sysmatec\",\"url\":\"https:\\\/\\\/sysmatec.ch\\\/de\\\/\",\"logo\":{\"@type\":\"ImageObject\",\"inLanguage\":\"de\",\"@id\":\"https:\\\/\\\/sysmatec.ch\\\/de\\\/#\\\/schema\\\/logo\\\/image\\\/\",\"url\":\"https:\\\/\\\/sysmatec.ch\\\/wp-content\\\/uploads\\\/2018\\\/11\\\/LogoSysmatec.jpg\",\"contentUrl\":\"https:\\\/\\\/sysmatec.ch\\\/wp-content\\\/uploads\\\/2018\\\/11\\\/LogoSysmatec.jpg\",\"width\":301,\"height\":297,\"caption\":\"Sysmatec\"},\"image\":{\"@id\":\"https:\\\/\\\/sysmatec.ch\\\/de\\\/#\\\/schema\\\/logo\\\/image\\\/\"}}]}<\/script>\n<!-- \/ Yoast SEO plugin. -->","yoast_head_json":{"title":"Kaskaden Temperatur Regler TECON T236 - Sysmatec","description":"Dieser PID-Regler erm\u00f6glicht die Durchf\u00fchrung einer Kaskadenregelung. Es ist mit Pt100, Thermoelement, 0\/4-20 mA Sensoreing\u00e4ngen ausgestattet.","robots":{"index":"index","follow":"follow","max-snippet":"max-snippet:-1","max-image-preview":"max-image-preview:large","max-video-preview":"max-video-preview:-1"},"canonical":"https:\/\/sysmatec.ch\/de\/produit\/kaskaden-temperatur-regler-tecon-t236\/","og_locale":"de_DE","og_type":"article","og_title":"Kaskaden Temperatur Regler TECON T236 - Sysmatec","og_description":"Dieser PID-Regler erm\u00f6glicht die Durchf\u00fchrung einer Kaskadenregelung. Es ist mit Pt100, Thermoelement, 0\/4-20 mA Sensoreing\u00e4ngen ausgestattet.","og_url":"https:\/\/sysmatec.ch\/de\/produit\/kaskaden-temperatur-regler-tecon-t236\/","og_site_name":"Sysmatec","article_modified_time":"2022-01-30T08:01:18+00:00","og_image":[{"width":119,"height":119,"url":"https:\/\/sysmatec.ch\/wp-content\/uploads\/2019\/04\/Automation_TeconT236.gif","type":"image\/gif"}],"twitter_card":"summary_large_image","schema":{"@context":"https:\/\/schema.org","@graph":[{"@type":"WebPage","@id":"https:\/\/sysmatec.ch\/de\/produit\/kaskaden-temperatur-regler-tecon-t236\/","url":"https:\/\/sysmatec.ch\/de\/produit\/kaskaden-temperatur-regler-tecon-t236\/","name":"Kaskaden Temperatur Regler TECON T236 - Sysmatec","isPartOf":{"@id":"https:\/\/sysmatec.ch\/de\/#website"},"primaryImageOfPage":{"@id":"https:\/\/sysmatec.ch\/de\/produit\/kaskaden-temperatur-regler-tecon-t236\/#primaryimage"},"image":{"@id":"https:\/\/sysmatec.ch\/de\/produit\/kaskaden-temperatur-regler-tecon-t236\/#primaryimage"},"thumbnailUrl":"https:\/\/sysmatec.ch\/wp-content\/uploads\/2019\/04\/Automation_TeconT236.gif","datePublished":"2019-04-18T19:38:37+00:00","dateModified":"2022-01-30T08:01:18+00:00","description":"Dieser PID-Regler erm\u00f6glicht die Durchf\u00fchrung einer Kaskadenregelung. Es ist mit Pt100, Thermoelement, 0\/4-20 mA Sensoreing\u00e4ngen ausgestattet.","breadcrumb":{"@id":"https:\/\/sysmatec.ch\/de\/produit\/kaskaden-temperatur-regler-tecon-t236\/#breadcrumb"},"inLanguage":"de","potentialAction":[{"@type":"ReadAction","target":["https:\/\/sysmatec.ch\/de\/produit\/kaskaden-temperatur-regler-tecon-t236\/"]}]},{"@type":"ImageObject","inLanguage":"de","@id":"https:\/\/sysmatec.ch\/de\/produit\/kaskaden-temperatur-regler-tecon-t236\/#primaryimage","url":"https:\/\/sysmatec.ch\/wp-content\/uploads\/2019\/04\/Automation_TeconT236.gif","contentUrl":"https:\/\/sysmatec.ch\/wp-content\/uploads\/2019\/04\/Automation_TeconT236.gif","width":119,"height":119},{"@type":"BreadcrumbList","@id":"https:\/\/sysmatec.ch\/de\/produit\/kaskaden-temperatur-regler-tecon-t236\/#breadcrumb","itemListElement":[{"@type":"ListItem","position":1,"name":"Accueil","item":"https:\/\/sysmatec.ch\/de\/"},{"@type":"ListItem","position":2,"name":"Die Aktivit\u00e4t von Sysmatec","item":"https:\/\/sysmatec.ch\/de\/"},{"@type":"ListItem","position":3,"name":"Kaskaden Temperatur Regler TECON T236"}]},{"@type":"WebSite","@id":"https:\/\/sysmatec.ch\/de\/#website","url":"https:\/\/sysmatec.ch\/de\/","name":"Sysmatec","description":"Equipement de laboratoire et logiciels","publisher":{"@id":"https:\/\/sysmatec.ch\/de\/#organization"},"potentialAction":[{"@type":"SearchAction","target":{"@type":"EntryPoint","urlTemplate":"https:\/\/sysmatec.ch\/de\/?s={search_term_string}"},"query-input":{"@type":"PropertyValueSpecification","valueRequired":true,"valueName":"search_term_string"}}],"inLanguage":"de"},{"@type":"Organization","@id":"https:\/\/sysmatec.ch\/de\/#organization","name":"Sysmatec","url":"https:\/\/sysmatec.ch\/de\/","logo":{"@type":"ImageObject","inLanguage":"de","@id":"https:\/\/sysmatec.ch\/de\/#\/schema\/logo\/image\/","url":"https:\/\/sysmatec.ch\/wp-content\/uploads\/2018\/11\/LogoSysmatec.jpg","contentUrl":"https:\/\/sysmatec.ch\/wp-content\/uploads\/2018\/11\/LogoSysmatec.jpg","width":301,"height":297,"caption":"Sysmatec"},"image":{"@id":"https:\/\/sysmatec.ch\/de\/#\/schema\/logo\/image\/"}}]}},"_links":{"self":[{"href":"https:\/\/sysmatec.ch\/de\/wp-json\/wp\/v2\/product\/5597","targetHints":{"allow":["GET"]}}],"collection":[{"href":"https:\/\/sysmatec.ch\/de\/wp-json\/wp\/v2\/product"}],"about":[{"href":"https:\/\/sysmatec.ch\/de\/wp-json\/wp\/v2\/types\/product"}],"wp:featuredmedia":[{"embeddable":true,"href":"https:\/\/sysmatec.ch\/de\/wp-json\/wp\/v2\/media\/5595"}],"wp:attachment":[{"href":"https:\/\/sysmatec.ch\/de\/wp-json\/wp\/v2\/media?parent=5597"}],"wp:term":[{"taxonomy":"product_brand","embeddable":true,"href":"https:\/\/sysmatec.ch\/de\/wp-json\/wp\/v2\/product_brand?post=5597"},{"taxonomy":"product_cat","embeddable":true,"href":"https:\/\/sysmatec.ch\/de\/wp-json\/wp\/v2\/product_cat?post=5597"},{"taxonomy":"product_tag","embeddable":true,"href":"https:\/\/sysmatec.ch\/de\/wp-json\/wp\/v2\/product_tag?post=5597"}],"curies":[{"name":"wp","href":"https:\/\/api.w.org\/{rel}","templated":true}]}}