{"id":5538,"date":"2019-04-15T07:59:47","date_gmt":"2019-04-15T05:59:47","guid":{"rendered":"https:\/\/sysmatec.ch\/produit\/regulateur-de-ph-redox-m8832nlc\/"},"modified":"2022-01-30T14:29:31","modified_gmt":"2022-01-30T13:29:31","slug":"ph-mv-regler-m8832nlc","status":"publish","type":"product","link":"https:\/\/sysmatec.ch\/de\/Produkt\/ph-mv-regler-m8832nlc\/","title":{"rendered":"pH\/mV-Regler M8832NLC"},"content":{"rendered":"<ul>\n<li>Dreipunktregler<\/li>\n<li>quasistetiges Arbeitsprinzip (Impulsdauer variert)<\/li>\n<li>geeignet f\u00fcr unlineare Titrationskurven bis 1:6000<\/li>\n<li>Proportionalband: 0 bis1000mV und 0 bis7 pH<\/li>\n<li>Totpunkt: ca.10% des P-Bandes<\/li>\n<li>P-Bandabweichung: ca. 2% des Endwertes<\/li>\n<li>Ventilzeiten: 0.5 bis 20 oder 0.05&#8230;2.0 Sekunden auf die Mitte des P-Bandes bezogen<\/li>\n<li>Alarm: Pfeifton ca. 2400Hz bei 80dBA<\/li>\n<li>Alarmverz\u00f6gerungen: 1 bis100 Minuten oder 1 bis100 Sekunden, abschaltbar<\/li>\n<li>Ausg\u00e4nge: 2x230V\/6A, mit Halbleiterschaltern, 2 x potentialfreier Kontakt, max. 48V<\/li>\n<li>Schreiberausgang: 0 bis 140mV f\u00fcr 0 bis 14pH, 0-100mV f\u00fcr -1000 bis 1000mV<\/li>\n<li>Netz:115\/230V 50-60Hz ca.10 V\/A<\/li>\n<li>Sicherungswert: 6.3A<\/li>\n<li>Tr\u00e4ge Schaltleistung:1200VA, mit Halbleiterschaltern f\u00fcr S\u00e4ure und Lauge, 1A max. bei 48V f\u00fcr die potentialfreien Kontakte<\/li>\n<\/ul>\n","protected":false},"excerpt":{"rendered":"<p>pH\/mV-Regler f\u00fcr Labor.<\/p>\n","protected":false},"featured_media":5536,"template":"","meta":{"_crdt_document":""},"product_brand":[],"product_cat":[191,309],"product_tag":[],"class_list":{"0":"post-5538","1":"product","2":"type-product","3":"status-publish","4":"has-post-thumbnail","6":"product_cat-automation-de","7":"product_cat-regler","9":"first","10":"instock","11":"taxable","12":"shipping-taxable","13":"product-type-simple"},"yoast_head":"<!-- This site is optimized with the Yoast SEO plugin v27.3 - https:\/\/yoast.com\/product\/yoast-seo-wordpress\/ -->\n<title>pH\/mV-Regler M8832NLC - Sysmatec<\/title>\n<meta name=\"description\" content=\"Labor-pH-Regler mit Eingang f\u00fcr eine Glaselektrode. Es verf\u00fcgt \u00fcber 2 Ein\/Aus-Ausg\u00e4nge zur Steuerung von Ventilen oder Pumpen.\" \/>\n<meta name=\"robots\" content=\"index, follow, max-snippet:-1, max-image-preview:large, max-video-preview:-1\" \/>\n<link rel=\"canonical\" href=\"https:\/\/sysmatec.ch\/de\/produit\/ph-mv-regler-m8832nlc\/\" \/>\n<meta property=\"og:locale\" content=\"de_DE\" \/>\n<meta property=\"og:type\" content=\"article\" \/>\n<meta property=\"og:title\" content=\"pH\/mV-Regler M8832NLC - Sysmatec\" \/>\n<meta property=\"og:description\" content=\"Labor-pH-Regler mit Eingang f\u00fcr eine Glaselektrode. Es verf\u00fcgt \u00fcber 2 Ein\/Aus-Ausg\u00e4nge zur Steuerung von Ventilen oder Pumpen.\" \/>\n<meta property=\"og:url\" content=\"https:\/\/sysmatec.ch\/de\/produit\/ph-mv-regler-m8832nlc\/\" \/>\n<meta property=\"og:site_name\" content=\"Sysmatec\" \/>\n<meta property=\"article:modified_time\" content=\"2022-01-30T13:29:31+00:00\" \/>\n<meta property=\"og:image\" content=\"https:\/\/sysmatec.ch\/wp-content\/uploads\/2019\/04\/Regulateur_MostecM8832NLC.jpg\" \/>\n\t<meta property=\"og:image:width\" content=\"179\" \/>\n\t<meta property=\"og:image:height\" content=\"177\" \/>\n\t<meta property=\"og:image:type\" content=\"image\/jpeg\" \/>\n<meta name=\"twitter:card\" content=\"summary_large_image\" \/>\n<meta name=\"twitter:label1\" content=\"Gesch\u00e4tzte Lesezeit\" \/>\n\t<meta name=\"twitter:data1\" content=\"1\u00a0Minute\" \/>\n<script type=\"application\/ld+json\" class=\"yoast-schema-graph\">{\"@context\":\"https:\\\/\\\/schema.org\",\"@graph\":[{\"@type\":\"WebPage\",\"@id\":\"https:\\\/\\\/sysmatec.ch\\\/de\\\/produit\\\/ph-mv-regler-m8832nlc\\\/\",\"url\":\"https:\\\/\\\/sysmatec.ch\\\/de\\\/produit\\\/ph-mv-regler-m8832nlc\\\/\",\"name\":\"pH\\\/mV-Regler M8832NLC - Sysmatec\",\"isPartOf\":{\"@id\":\"https:\\\/\\\/sysmatec.ch\\\/de\\\/#website\"},\"primaryImageOfPage\":{\"@id\":\"https:\\\/\\\/sysmatec.ch\\\/de\\\/produit\\\/ph-mv-regler-m8832nlc\\\/#primaryimage\"},\"image\":{\"@id\":\"https:\\\/\\\/sysmatec.ch\\\/de\\\/produit\\\/ph-mv-regler-m8832nlc\\\/#primaryimage\"},\"thumbnailUrl\":\"https:\\\/\\\/sysmatec.ch\\\/wp-content\\\/uploads\\\/2019\\\/04\\\/Regulateur_MostecM8832NLC.jpg\",\"datePublished\":\"2019-04-15T05:59:47+00:00\",\"dateModified\":\"2022-01-30T13:29:31+00:00\",\"description\":\"Labor-pH-Regler mit Eingang f\u00fcr eine Glaselektrode. Es verf\u00fcgt \u00fcber 2 Ein\\\/Aus-Ausg\u00e4nge zur Steuerung von Ventilen oder Pumpen.\",\"breadcrumb\":{\"@id\":\"https:\\\/\\\/sysmatec.ch\\\/de\\\/produit\\\/ph-mv-regler-m8832nlc\\\/#breadcrumb\"},\"inLanguage\":\"de\",\"potentialAction\":[{\"@type\":\"ReadAction\",\"target\":[\"https:\\\/\\\/sysmatec.ch\\\/de\\\/produit\\\/ph-mv-regler-m8832nlc\\\/\"]}]},{\"@type\":\"ImageObject\",\"inLanguage\":\"de\",\"@id\":\"https:\\\/\\\/sysmatec.ch\\\/de\\\/produit\\\/ph-mv-regler-m8832nlc\\\/#primaryimage\",\"url\":\"https:\\\/\\\/sysmatec.ch\\\/wp-content\\\/uploads\\\/2019\\\/04\\\/Regulateur_MostecM8832NLC.jpg\",\"contentUrl\":\"https:\\\/\\\/sysmatec.ch\\\/wp-content\\\/uploads\\\/2019\\\/04\\\/Regulateur_MostecM8832NLC.jpg\",\"width\":179,\"height\":177},{\"@type\":\"BreadcrumbList\",\"@id\":\"https:\\\/\\\/sysmatec.ch\\\/de\\\/produit\\\/ph-mv-regler-m8832nlc\\\/#breadcrumb\",\"itemListElement\":[{\"@type\":\"ListItem\",\"position\":1,\"name\":\"Accueil\",\"item\":\"https:\\\/\\\/sysmatec.ch\\\/de\\\/\"},{\"@type\":\"ListItem\",\"position\":2,\"name\":\"Die Aktivit\u00e4t von Sysmatec\",\"item\":\"https:\\\/\\\/sysmatec.ch\\\/de\\\/\"},{\"@type\":\"ListItem\",\"position\":3,\"name\":\"pH\\\/mV-Regler M8832NLC\"}]},{\"@type\":\"WebSite\",\"@id\":\"https:\\\/\\\/sysmatec.ch\\\/de\\\/#website\",\"url\":\"https:\\\/\\\/sysmatec.ch\\\/de\\\/\",\"name\":\"Sysmatec\",\"description\":\"Equipement de laboratoire et logiciels\",\"publisher\":{\"@id\":\"https:\\\/\\\/sysmatec.ch\\\/de\\\/#organization\"},\"potentialAction\":[{\"@type\":\"SearchAction\",\"target\":{\"@type\":\"EntryPoint\",\"urlTemplate\":\"https:\\\/\\\/sysmatec.ch\\\/de\\\/?s={search_term_string}\"},\"query-input\":{\"@type\":\"PropertyValueSpecification\",\"valueRequired\":true,\"valueName\":\"search_term_string\"}}],\"inLanguage\":\"de\"},{\"@type\":\"Organization\",\"@id\":\"https:\\\/\\\/sysmatec.ch\\\/de\\\/#organization\",\"name\":\"Sysmatec\",\"url\":\"https:\\\/\\\/sysmatec.ch\\\/de\\\/\",\"logo\":{\"@type\":\"ImageObject\",\"inLanguage\":\"de\",\"@id\":\"https:\\\/\\\/sysmatec.ch\\\/de\\\/#\\\/schema\\\/logo\\\/image\\\/\",\"url\":\"https:\\\/\\\/sysmatec.ch\\\/wp-content\\\/uploads\\\/2018\\\/11\\\/LogoSysmatec.jpg\",\"contentUrl\":\"https:\\\/\\\/sysmatec.ch\\\/wp-content\\\/uploads\\\/2018\\\/11\\\/LogoSysmatec.jpg\",\"width\":301,\"height\":297,\"caption\":\"Sysmatec\"},\"image\":{\"@id\":\"https:\\\/\\\/sysmatec.ch\\\/de\\\/#\\\/schema\\\/logo\\\/image\\\/\"}}]}<\/script>\n<!-- \/ Yoast SEO plugin. -->","yoast_head_json":{"title":"pH\/mV-Regler M8832NLC - Sysmatec","description":"Labor-pH-Regler mit Eingang f\u00fcr eine Glaselektrode. Es verf\u00fcgt \u00fcber 2 Ein\/Aus-Ausg\u00e4nge zur Steuerung von Ventilen oder Pumpen.","robots":{"index":"index","follow":"follow","max-snippet":"max-snippet:-1","max-image-preview":"max-image-preview:large","max-video-preview":"max-video-preview:-1"},"canonical":"https:\/\/sysmatec.ch\/de\/produit\/ph-mv-regler-m8832nlc\/","og_locale":"de_DE","og_type":"article","og_title":"pH\/mV-Regler M8832NLC - Sysmatec","og_description":"Labor-pH-Regler mit Eingang f\u00fcr eine Glaselektrode. Es verf\u00fcgt \u00fcber 2 Ein\/Aus-Ausg\u00e4nge zur Steuerung von Ventilen oder Pumpen.","og_url":"https:\/\/sysmatec.ch\/de\/produit\/ph-mv-regler-m8832nlc\/","og_site_name":"Sysmatec","article_modified_time":"2022-01-30T13:29:31+00:00","og_image":[{"width":179,"height":177,"url":"https:\/\/sysmatec.ch\/wp-content\/uploads\/2019\/04\/Regulateur_MostecM8832NLC.jpg","type":"image\/jpeg"}],"twitter_card":"summary_large_image","twitter_misc":{"Gesch\u00e4tzte Lesezeit":"1\u00a0Minute"},"schema":{"@context":"https:\/\/schema.org","@graph":[{"@type":"WebPage","@id":"https:\/\/sysmatec.ch\/de\/produit\/ph-mv-regler-m8832nlc\/","url":"https:\/\/sysmatec.ch\/de\/produit\/ph-mv-regler-m8832nlc\/","name":"pH\/mV-Regler M8832NLC - Sysmatec","isPartOf":{"@id":"https:\/\/sysmatec.ch\/de\/#website"},"primaryImageOfPage":{"@id":"https:\/\/sysmatec.ch\/de\/produit\/ph-mv-regler-m8832nlc\/#primaryimage"},"image":{"@id":"https:\/\/sysmatec.ch\/de\/produit\/ph-mv-regler-m8832nlc\/#primaryimage"},"thumbnailUrl":"https:\/\/sysmatec.ch\/wp-content\/uploads\/2019\/04\/Regulateur_MostecM8832NLC.jpg","datePublished":"2019-04-15T05:59:47+00:00","dateModified":"2022-01-30T13:29:31+00:00","description":"Labor-pH-Regler mit Eingang f\u00fcr eine Glaselektrode. Es verf\u00fcgt \u00fcber 2 Ein\/Aus-Ausg\u00e4nge zur Steuerung von Ventilen oder Pumpen.","breadcrumb":{"@id":"https:\/\/sysmatec.ch\/de\/produit\/ph-mv-regler-m8832nlc\/#breadcrumb"},"inLanguage":"de","potentialAction":[{"@type":"ReadAction","target":["https:\/\/sysmatec.ch\/de\/produit\/ph-mv-regler-m8832nlc\/"]}]},{"@type":"ImageObject","inLanguage":"de","@id":"https:\/\/sysmatec.ch\/de\/produit\/ph-mv-regler-m8832nlc\/#primaryimage","url":"https:\/\/sysmatec.ch\/wp-content\/uploads\/2019\/04\/Regulateur_MostecM8832NLC.jpg","contentUrl":"https:\/\/sysmatec.ch\/wp-content\/uploads\/2019\/04\/Regulateur_MostecM8832NLC.jpg","width":179,"height":177},{"@type":"BreadcrumbList","@id":"https:\/\/sysmatec.ch\/de\/produit\/ph-mv-regler-m8832nlc\/#breadcrumb","itemListElement":[{"@type":"ListItem","position":1,"name":"Accueil","item":"https:\/\/sysmatec.ch\/de\/"},{"@type":"ListItem","position":2,"name":"Die Aktivit\u00e4t von Sysmatec","item":"https:\/\/sysmatec.ch\/de\/"},{"@type":"ListItem","position":3,"name":"pH\/mV-Regler M8832NLC"}]},{"@type":"WebSite","@id":"https:\/\/sysmatec.ch\/de\/#website","url":"https:\/\/sysmatec.ch\/de\/","name":"Sysmatec","description":"Equipement de laboratoire et logiciels","publisher":{"@id":"https:\/\/sysmatec.ch\/de\/#organization"},"potentialAction":[{"@type":"SearchAction","target":{"@type":"EntryPoint","urlTemplate":"https:\/\/sysmatec.ch\/de\/?s={search_term_string}"},"query-input":{"@type":"PropertyValueSpecification","valueRequired":true,"valueName":"search_term_string"}}],"inLanguage":"de"},{"@type":"Organization","@id":"https:\/\/sysmatec.ch\/de\/#organization","name":"Sysmatec","url":"https:\/\/sysmatec.ch\/de\/","logo":{"@type":"ImageObject","inLanguage":"de","@id":"https:\/\/sysmatec.ch\/de\/#\/schema\/logo\/image\/","url":"https:\/\/sysmatec.ch\/wp-content\/uploads\/2018\/11\/LogoSysmatec.jpg","contentUrl":"https:\/\/sysmatec.ch\/wp-content\/uploads\/2018\/11\/LogoSysmatec.jpg","width":301,"height":297,"caption":"Sysmatec"},"image":{"@id":"https:\/\/sysmatec.ch\/de\/#\/schema\/logo\/image\/"}}]}},"_links":{"self":[{"href":"https:\/\/sysmatec.ch\/de\/wp-json\/wp\/v2\/product\/5538","targetHints":{"allow":["GET"]}}],"collection":[{"href":"https:\/\/sysmatec.ch\/de\/wp-json\/wp\/v2\/product"}],"about":[{"href":"https:\/\/sysmatec.ch\/de\/wp-json\/wp\/v2\/types\/product"}],"wp:featuredmedia":[{"embeddable":true,"href":"https:\/\/sysmatec.ch\/de\/wp-json\/wp\/v2\/media\/5536"}],"wp:attachment":[{"href":"https:\/\/sysmatec.ch\/de\/wp-json\/wp\/v2\/media?parent=5538"}],"wp:term":[{"taxonomy":"product_brand","embeddable":true,"href":"https:\/\/sysmatec.ch\/de\/wp-json\/wp\/v2\/product_brand?post=5538"},{"taxonomy":"product_cat","embeddable":true,"href":"https:\/\/sysmatec.ch\/de\/wp-json\/wp\/v2\/product_cat?post=5538"},{"taxonomy":"product_tag","embeddable":true,"href":"https:\/\/sysmatec.ch\/de\/wp-json\/wp\/v2\/product_tag?post=5538"}],"curies":[{"name":"wp","href":"https:\/\/api.w.org\/{rel}","templated":true}]}}