{"id":5524,"date":"2019-04-14T12:20:35","date_gmt":"2019-04-14T10:20:35","guid":{"rendered":"https:\/\/sysmatec.ch\/produit\/panel-pc-ex-9x550-daq\/"},"modified":"2022-01-30T14:43:53","modified_gmt":"2022-01-30T13:43:53","slug":"panel-pc-ex-9x550-daq","status":"publish","type":"product","link":"https:\/\/sysmatec.ch\/de\/Produkt\/panel-pc-ex-9x550-daq\/","title":{"rendered":"Panel PC EX-9&#215;550-DAQ"},"content":{"rendered":"<ul>\n<li type=\"disc\">12 &#8220; bis 19 &#8220; LCD-Touchscreen<\/li>\n<li type=\"disc\">Prozessor Intel\u00ae Cedar Trail-D D2550 (1,86 GHz)<\/li>\n<li type=\"disc\">System-Chipsatz INTEL\u00aeNM10 Express<\/li>\n<li type=\"disc\">System Memory Support 1 * DDR3 1066MHz Einzel CH bis zu 4 GB (D2550)<\/li>\n<li type=\"disc\">BIOS AMI 16 MB Flash-ROM SMT<\/li>\n<li type=\"disc\">LCD Unterst\u00fctzung Onboard 1 * 24-Bit Dual-Channel und 1 * 18-Bit-LVDS-Steckverbinder<\/li>\n<li type=\"disc\">Ethernet 2 * RTL8111E PCI-EVL Gigabit LAN<\/li>\n<li type=\"disc\">Audio Realtek ALC662 HD Audio CODEC, mit 4-Kan\u00e4le<\/li>\n<li type=\"disc\">Serienschnittstelle 3 x RS-232, 1 x RS-232\/422\/485 (f\u00fcr interne \/ externe Experten IO)<\/li>\n<li type=\"disc\">USB Embedded 7 * USB 2.0 \/ 1.1<\/li>\n<li type=\"disc\">Grafikunterst\u00fctzung DirectX 9 Grafik bis zu 640MHz<\/li>\n<li type=\"disc\">Festplatte 1 * Serial ATA 3 Gb \/ s-Anschl\u00fcsse, 1 * CFast-Karte Sockel<\/li>\n<li type=\"disc\">Erweiterungssteckpl\u00e4tze 1 * MINI PCI-E<\/li>\n<li type=\"disc\">Betrieb \/ Lagerung: Temperatur: -10 ~ 60 \u00b0 C \/ -20 ~ 60 \u00b0 C<\/li>\n<li type=\"disc\">I \/ O-Schnittstelle: 4 * USB 2.0 \/ 1.1-Ports, 2 * RJ-45 Ports; 1 * Line-out-Anschluss, 1 * DVI-I-Anschluss 1; 1 * 12V DC-Anschluss; 3 * RS232; 1 * RS232 \/ 422\/485; 1 * Ein(Aus Taste<\/li>\n<li type=\"disc\">Externes Netzteil (10 bis 30V DC)<\/li>\n<\/ul>\n<table border=\"1\" width=\"658\" cellspacing=\"2\" cellpadding=\"0\">\n<tbody>\n<tr>\n<td>Display Dimension<\/td>\n<td>8&#8220;<\/td>\n<td>10.4&#8220;<\/td>\n<td>12.1&#8220;<\/td>\n<td>15&#8220;<\/td>\n<td>17&#8220;<\/td>\n<td>19&#8220;<\/td>\n<\/tr>\n<tr>\n<td>Aufl\u00f6sung<\/td>\n<td>800&#215;600<\/td>\n<td>800&#215;600<\/td>\n<td>800&#215;600<\/td>\n<td>1024&#215;768<\/td>\n<td>1280&#215;1024<\/td>\n<td>1280&#215;1024<\/td>\n<\/tr>\n<tr>\n<td>Stromverbrauch<\/td>\n<td>35W<\/td>\n<td>35W<\/td>\n<td>35W<\/td>\n<td>45W<\/td>\n<td>45W<\/td>\n<td>50W<\/td>\n<\/tr>\n<\/tbody>\n<\/table>\n","protected":false},"excerpt":{"rendered":"<p>Panel PC<\/p>\n","protected":false},"featured_media":0,"template":"","meta":{"_crdt_document":""},"product_brand":[],"product_cat":[191,309],"product_tag":[],"class_list":{"0":"post-5524","1":"product","2":"type-product","3":"status-publish","5":"product_cat-automation-de","6":"product_cat-regler","8":"first","9":"instock","10":"taxable","11":"shipping-taxable","12":"product-type-simple"},"yoast_head":"<!-- This site is optimized with the Yoast SEO plugin v27.4 - https:\/\/yoast.com\/product\/yoast-seo-wordpress\/ -->\n<title>Panel PC EX-9x550-DAQ - Sysmatec<\/title>\n<meta name=\"description\" content=\"Industrie-Computer. Erh\u00e4ltlich mit verschiedenen Bildschirmgr\u00f6\u00dfen zur Auswahl. Kompatibel mit Windows- oder Linux-Umgebungen.\" \/>\n<meta name=\"robots\" content=\"index, follow, max-snippet:-1, max-image-preview:large, max-video-preview:-1\" \/>\n<link rel=\"canonical\" href=\"https:\/\/sysmatec.ch\/de\/produit\/panel-pc-ex-9x550-daq\/\" \/>\n<meta property=\"og:locale\" content=\"de_DE\" \/>\n<meta property=\"og:type\" content=\"article\" \/>\n<meta property=\"og:title\" content=\"Panel PC EX-9x550-DAQ - Sysmatec\" \/>\n<meta property=\"og:description\" content=\"Industrie-Computer. Erh\u00e4ltlich mit verschiedenen Bildschirmgr\u00f6\u00dfen zur Auswahl. Kompatibel mit Windows- oder Linux-Umgebungen.\" \/>\n<meta property=\"og:url\" content=\"https:\/\/sysmatec.ch\/de\/produit\/panel-pc-ex-9x550-daq\/\" \/>\n<meta property=\"og:site_name\" content=\"Sysmatec\" \/>\n<meta property=\"article:modified_time\" content=\"2022-01-30T13:43:53+00:00\" \/>\n<meta name=\"twitter:card\" content=\"summary_large_image\" \/>\n<meta name=\"twitter:label1\" content=\"Gesch\u00e4tzte Lesezeit\" \/>\n\t<meta name=\"twitter:data1\" content=\"1\u00a0Minute\" \/>\n<script type=\"application\/ld+json\" class=\"yoast-schema-graph\">{\"@context\":\"https:\\\/\\\/schema.org\",\"@graph\":[{\"@type\":\"WebPage\",\"@id\":\"https:\\\/\\\/sysmatec.ch\\\/de\\\/produit\\\/panel-pc-ex-9x550-daq\\\/\",\"url\":\"https:\\\/\\\/sysmatec.ch\\\/de\\\/produit\\\/panel-pc-ex-9x550-daq\\\/\",\"name\":\"Panel PC EX-9x550-DAQ - Sysmatec\",\"isPartOf\":{\"@id\":\"https:\\\/\\\/sysmatec.ch\\\/de\\\/#website\"},\"datePublished\":\"2019-04-14T10:20:35+00:00\",\"dateModified\":\"2022-01-30T13:43:53+00:00\",\"description\":\"Industrie-Computer. Erh\u00e4ltlich mit verschiedenen Bildschirmgr\u00f6\u00dfen zur Auswahl. Kompatibel mit Windows- oder Linux-Umgebungen.\",\"breadcrumb\":{\"@id\":\"https:\\\/\\\/sysmatec.ch\\\/de\\\/produit\\\/panel-pc-ex-9x550-daq\\\/#breadcrumb\"},\"inLanguage\":\"de\",\"potentialAction\":[{\"@type\":\"ReadAction\",\"target\":[\"https:\\\/\\\/sysmatec.ch\\\/de\\\/produit\\\/panel-pc-ex-9x550-daq\\\/\"]}]},{\"@type\":\"BreadcrumbList\",\"@id\":\"https:\\\/\\\/sysmatec.ch\\\/de\\\/produit\\\/panel-pc-ex-9x550-daq\\\/#breadcrumb\",\"itemListElement\":[{\"@type\":\"ListItem\",\"position\":1,\"name\":\"Accueil\",\"item\":\"https:\\\/\\\/sysmatec.ch\\\/de\\\/\"},{\"@type\":\"ListItem\",\"position\":2,\"name\":\"Die Aktivit\u00e4t von Sysmatec\",\"item\":\"https:\\\/\\\/sysmatec.ch\\\/de\\\/\"},{\"@type\":\"ListItem\",\"position\":3,\"name\":\"Panel PC EX-9&#215;550-DAQ\"}]},{\"@type\":\"WebSite\",\"@id\":\"https:\\\/\\\/sysmatec.ch\\\/de\\\/#website\",\"url\":\"https:\\\/\\\/sysmatec.ch\\\/de\\\/\",\"name\":\"Sysmatec\",\"description\":\"Equipement de laboratoire et logiciels\",\"publisher\":{\"@id\":\"https:\\\/\\\/sysmatec.ch\\\/de\\\/#organization\"},\"potentialAction\":[{\"@type\":\"SearchAction\",\"target\":{\"@type\":\"EntryPoint\",\"urlTemplate\":\"https:\\\/\\\/sysmatec.ch\\\/de\\\/?s={search_term_string}\"},\"query-input\":{\"@type\":\"PropertyValueSpecification\",\"valueRequired\":true,\"valueName\":\"search_term_string\"}}],\"inLanguage\":\"de\"},{\"@type\":\"Organization\",\"@id\":\"https:\\\/\\\/sysmatec.ch\\\/de\\\/#organization\",\"name\":\"Sysmatec\",\"url\":\"https:\\\/\\\/sysmatec.ch\\\/de\\\/\",\"logo\":{\"@type\":\"ImageObject\",\"inLanguage\":\"de\",\"@id\":\"https:\\\/\\\/sysmatec.ch\\\/de\\\/#\\\/schema\\\/logo\\\/image\\\/\",\"url\":\"https:\\\/\\\/sysmatec.ch\\\/wp-content\\\/uploads\\\/2018\\\/11\\\/LogoSysmatec.jpg\",\"contentUrl\":\"https:\\\/\\\/sysmatec.ch\\\/wp-content\\\/uploads\\\/2018\\\/11\\\/LogoSysmatec.jpg\",\"width\":301,\"height\":297,\"caption\":\"Sysmatec\"},\"image\":{\"@id\":\"https:\\\/\\\/sysmatec.ch\\\/de\\\/#\\\/schema\\\/logo\\\/image\\\/\"}}]}<\/script>\n<!-- \/ Yoast SEO plugin. -->","yoast_head_json":{"title":"Panel PC EX-9x550-DAQ - Sysmatec","description":"Industrie-Computer. Erh\u00e4ltlich mit verschiedenen Bildschirmgr\u00f6\u00dfen zur Auswahl. Kompatibel mit Windows- oder Linux-Umgebungen.","robots":{"index":"index","follow":"follow","max-snippet":"max-snippet:-1","max-image-preview":"max-image-preview:large","max-video-preview":"max-video-preview:-1"},"canonical":"https:\/\/sysmatec.ch\/de\/produit\/panel-pc-ex-9x550-daq\/","og_locale":"de_DE","og_type":"article","og_title":"Panel PC EX-9x550-DAQ - Sysmatec","og_description":"Industrie-Computer. Erh\u00e4ltlich mit verschiedenen Bildschirmgr\u00f6\u00dfen zur Auswahl. Kompatibel mit Windows- oder Linux-Umgebungen.","og_url":"https:\/\/sysmatec.ch\/de\/produit\/panel-pc-ex-9x550-daq\/","og_site_name":"Sysmatec","article_modified_time":"2022-01-30T13:43:53+00:00","twitter_card":"summary_large_image","twitter_misc":{"Gesch\u00e4tzte Lesezeit":"1\u00a0Minute"},"schema":{"@context":"https:\/\/schema.org","@graph":[{"@type":"WebPage","@id":"https:\/\/sysmatec.ch\/de\/produit\/panel-pc-ex-9x550-daq\/","url":"https:\/\/sysmatec.ch\/de\/produit\/panel-pc-ex-9x550-daq\/","name":"Panel PC EX-9x550-DAQ - Sysmatec","isPartOf":{"@id":"https:\/\/sysmatec.ch\/de\/#website"},"datePublished":"2019-04-14T10:20:35+00:00","dateModified":"2022-01-30T13:43:53+00:00","description":"Industrie-Computer. Erh\u00e4ltlich mit verschiedenen Bildschirmgr\u00f6\u00dfen zur Auswahl. Kompatibel mit Windows- oder Linux-Umgebungen.","breadcrumb":{"@id":"https:\/\/sysmatec.ch\/de\/produit\/panel-pc-ex-9x550-daq\/#breadcrumb"},"inLanguage":"de","potentialAction":[{"@type":"ReadAction","target":["https:\/\/sysmatec.ch\/de\/produit\/panel-pc-ex-9x550-daq\/"]}]},{"@type":"BreadcrumbList","@id":"https:\/\/sysmatec.ch\/de\/produit\/panel-pc-ex-9x550-daq\/#breadcrumb","itemListElement":[{"@type":"ListItem","position":1,"name":"Accueil","item":"https:\/\/sysmatec.ch\/de\/"},{"@type":"ListItem","position":2,"name":"Die Aktivit\u00e4t von Sysmatec","item":"https:\/\/sysmatec.ch\/de\/"},{"@type":"ListItem","position":3,"name":"Panel PC EX-9&#215;550-DAQ"}]},{"@type":"WebSite","@id":"https:\/\/sysmatec.ch\/de\/#website","url":"https:\/\/sysmatec.ch\/de\/","name":"Sysmatec","description":"Equipement de laboratoire et logiciels","publisher":{"@id":"https:\/\/sysmatec.ch\/de\/#organization"},"potentialAction":[{"@type":"SearchAction","target":{"@type":"EntryPoint","urlTemplate":"https:\/\/sysmatec.ch\/de\/?s={search_term_string}"},"query-input":{"@type":"PropertyValueSpecification","valueRequired":true,"valueName":"search_term_string"}}],"inLanguage":"de"},{"@type":"Organization","@id":"https:\/\/sysmatec.ch\/de\/#organization","name":"Sysmatec","url":"https:\/\/sysmatec.ch\/de\/","logo":{"@type":"ImageObject","inLanguage":"de","@id":"https:\/\/sysmatec.ch\/de\/#\/schema\/logo\/image\/","url":"https:\/\/sysmatec.ch\/wp-content\/uploads\/2018\/11\/LogoSysmatec.jpg","contentUrl":"https:\/\/sysmatec.ch\/wp-content\/uploads\/2018\/11\/LogoSysmatec.jpg","width":301,"height":297,"caption":"Sysmatec"},"image":{"@id":"https:\/\/sysmatec.ch\/de\/#\/schema\/logo\/image\/"}}]}},"_links":{"self":[{"href":"https:\/\/sysmatec.ch\/de\/wp-json\/wp\/v2\/product\/5524","targetHints":{"allow":["GET"]}}],"collection":[{"href":"https:\/\/sysmatec.ch\/de\/wp-json\/wp\/v2\/product"}],"about":[{"href":"https:\/\/sysmatec.ch\/de\/wp-json\/wp\/v2\/types\/product"}],"wp:attachment":[{"href":"https:\/\/sysmatec.ch\/de\/wp-json\/wp\/v2\/media?parent=5524"}],"wp:term":[{"taxonomy":"product_brand","embeddable":true,"href":"https:\/\/sysmatec.ch\/de\/wp-json\/wp\/v2\/product_brand?post=5524"},{"taxonomy":"product_cat","embeddable":true,"href":"https:\/\/sysmatec.ch\/de\/wp-json\/wp\/v2\/product_cat?post=5524"},{"taxonomy":"product_tag","embeddable":true,"href":"https:\/\/sysmatec.ch\/de\/wp-json\/wp\/v2\/product_tag?post=5524"}],"curies":[{"name":"wp","href":"https:\/\/api.w.org\/{rel}","templated":true}]}}