{"id":5446,"date":"2019-04-13T20:46:11","date_gmt":"2019-04-13T18:46:11","guid":{"rendered":"https:\/\/sysmatec.ch\/produit\/convertisseur-rs232-rs485-ethernet-exemys-sse\/"},"modified":"2022-03-24T12:15:27","modified_gmt":"2022-03-24T11:15:27","slug":"tpe-sclauch-lez-sanmed-bio","status":"publish","type":"product","link":"https:\/\/sysmatec.ch\/de\/Produkt\/tpe-sclauch-lez-sanmed-bio\/","title":{"rendered":"TPE Sclauch LEZ-SANMED BIO"},"content":{"rendered":"<p>Metrische Gr\u00f6sse<\/p>\n<table width=\"337\">\n<tbody>\n<tr>\n<td width=\"97\">Referenz<\/td>\n<td width=\"80\">Interner Durchmesser<\/td>\n<td width=\"80\">Externer Durchmesser<\/td>\n<td width=\"80\">Wand<\/td>\n<\/tr>\n<tr>\n<td><\/td>\n<td>mm<\/td>\n<td>mm<\/td>\n<td>mm<\/td>\n<\/tr>\n<tr>\n<td>0104AB02010<\/td>\n<td>2<\/td>\n<td>4<\/td>\n<td>1<\/td>\n<\/tr>\n<tr>\n<td>0104AB02510<\/td>\n<td>2.5<\/td>\n<td>4.5<\/td>\n<td>1<\/td>\n<\/tr>\n<tr>\n<td>0104AB03010<\/td>\n<td>3<\/td>\n<td>5<\/td>\n<td>1<\/td>\n<\/tr>\n<tr>\n<td>0104AB04010<\/td>\n<td>4<\/td>\n<td>6<\/td>\n<td>1<\/td>\n<\/tr>\n<tr>\n<td>0104AB05015<\/td>\n<td>5<\/td>\n<td>8<\/td>\n<td>1.5<\/td>\n<\/tr>\n<tr>\n<td>0104AB06015<\/td>\n<td>6<\/td>\n<td>9<\/td>\n<td>1.5<\/td>\n<\/tr>\n<tr>\n<td>0104AB07015<\/td>\n<td>7<\/td>\n<td>10<\/td>\n<td>1.5<\/td>\n<\/tr>\n<tr>\n<td>0104AB08020<\/td>\n<td>8<\/td>\n<td>12<\/td>\n<td>2<\/td>\n<\/tr>\n<tr>\n<td>0104AB10020<\/td>\n<td>10<\/td>\n<td>14<\/td>\n<td>2<\/td>\n<\/tr>\n<tr>\n<td>0104AB12030<\/td>\n<td>12<\/td>\n<td>18<\/td>\n<td>3<\/td>\n<\/tr>\n<tr>\n<td>0104AB15030<\/td>\n<td>15<\/td>\n<td>21<\/td>\n<td>3<\/td>\n<\/tr>\n<tr>\n<td>0104AB18030<\/td>\n<td>18<\/td>\n<td>24<\/td>\n<td>3<\/td>\n<\/tr>\n<tr>\n<td>0104AB20030<\/td>\n<td>20<\/td>\n<td>26<\/td>\n<td>3<\/td>\n<\/tr>\n<tr>\n<td>0104AB20050<\/td>\n<td>20<\/td>\n<td>30<\/td>\n<td>5<\/td>\n<\/tr>\n<tr>\n<td>0104AB25050<\/td>\n<td>25<\/td>\n<td>35<\/td>\n<td>5<\/td>\n<\/tr>\n<\/tbody>\n<\/table>\n<p>Englische Gr\u00f6sse<\/p>\n<table width=\"337\">\n<tbody>\n<tr>\n<td width=\"97\">Referenz<\/td>\n<td width=\"80\">Interner Durchmesser<\/td>\n<td width=\"80\">Externer Durchmesser<\/td>\n<td width=\"80\">Wand<\/td>\n<\/tr>\n<tr>\n<td><\/td>\n<td>mm<\/td>\n<td>mm<\/td>\n<td>mm<\/td>\n<\/tr>\n<tr>\n<td>0104AB00816<\/td>\n<td>0.8<\/td>\n<td>4<\/td>\n<td>1.6<\/td>\n<\/tr>\n<tr>\n<td>0104AB01616<\/td>\n<td>1.6<\/td>\n<td>4.8<\/td>\n<td>1.6<\/td>\n<\/tr>\n<tr>\n<td>0104AB02416<\/td>\n<td>2.4<\/td>\n<td>5.6<\/td>\n<td>1.6<\/td>\n<\/tr>\n<tr>\n<td>0104AB03216<\/td>\n<td>3.2<\/td>\n<td>6.4<\/td>\n<td>1.6<\/td>\n<\/tr>\n<tr>\n<td>0104AB03224<\/td>\n<td>3.2<\/td>\n<td>8<\/td>\n<td>2.4<\/td>\n<\/tr>\n<tr>\n<td>0104AB03232<\/td>\n<td>3.2<\/td>\n<td>9.5<\/td>\n<td>3.2<\/td>\n<\/tr>\n<tr>\n<td>0104AB04016<\/td>\n<td>4<\/td>\n<td>7.2<\/td>\n<td>1.6<\/td>\n<\/tr>\n<tr>\n<td>0104AB04816<\/td>\n<td>4.8<\/td>\n<td>8<\/td>\n<td>1.6<\/td>\n<\/tr>\n<tr>\n<td>0104AB04824<\/td>\n<td>4.8<\/td>\n<td>9.5<\/td>\n<td>2.4<\/td>\n<\/tr>\n<tr>\n<td>0104AB06416<\/td>\n<td>6.4<\/td>\n<td>9.5<\/td>\n<td>1.6<\/td>\n<\/tr>\n<tr>\n<td>0104AB06424<\/td>\n<td>6.4<\/td>\n<td>11.1<\/td>\n<td>2.4<\/td>\n<\/tr>\n<tr>\n<td>0104AB06432<\/td>\n<td>6.4<\/td>\n<td>12.7<\/td>\n<td>3.2<\/td>\n<\/tr>\n<tr>\n<td>0104AB08016<\/td>\n<td>8<\/td>\n<td>11.1<\/td>\n<td>1.6<\/td>\n<\/tr>\n<tr>\n<td>0104AB08024<\/td>\n<td>8<\/td>\n<td>12.7<\/td>\n<td>2.4<\/td>\n<\/tr>\n<tr>\n<td>0104AB09524<\/td>\n<td>9.5<\/td>\n<td>14.3<\/td>\n<td>2.4<\/td>\n<\/tr>\n<tr>\n<td>0104AB09532<\/td>\n<td>9.5<\/td>\n<td>15.9<\/td>\n<td>3.2<\/td>\n<\/tr>\n<tr>\n<td>0104AB12732<\/td>\n<td>12.7<\/td>\n<td>19<\/td>\n<td>3.2<\/td>\n<\/tr>\n<tr>\n<td>0104AB15948<\/td>\n<td>15.9<\/td>\n<td>25.4<\/td>\n<td>4.8<\/td>\n<\/tr>\n<tr>\n<td>0104AB19048<\/td>\n<td>19<\/td>\n<td>28.5<\/td>\n<td>4.8<\/td>\n<\/tr>\n<tr>\n<td>0104AB25448<\/td>\n<td>25.4<\/td>\n<td>34.9<\/td>\n<td>4.8<\/td>\n<\/tr>\n<\/tbody>\n<\/table>\n<p>&nbsp;<\/p>\n","protected":false},"excerpt":{"rendered":"<p>TPE Schlauch, f\u00fcr peristaltische Pumpe.<\/p>\n","protected":false},"featured_media":27064,"template":"","meta":{"_crdt_document":""},"product_brand":[],"product_cat":[285,279],"product_tag":[],"class_list":{"0":"post-5446","1":"product","2":"type-product","3":"status-publish","4":"has-post-thumbnail","6":"product_cat-schlauch","7":"product_cat-verbrauchsmaterial","9":"first","10":"instock","11":"taxable","12":"shipping-taxable","13":"product-type-simple"},"yoast_head":"<!-- This site is optimized with the Yoast SEO plugin v27.4 - https:\/\/yoast.com\/product\/yoast-seo-wordpress\/ -->\n<title>TPE Sclauch LEZ-SANMED BIO - Sysmatec<\/title>\n<meta name=\"description\" content=\"TPE-Schlauch f\u00fcr peristaltische Pumpe. Sehr gute chemische Best\u00e4ndigkeit gegen w\u00e4ssrige Medien, S\u00e4uren, Basen und viele organische L\u00f6sungsmittel.\" \/>\n<meta name=\"robots\" content=\"index, follow, max-snippet:-1, max-image-preview:large, max-video-preview:-1\" \/>\n<link rel=\"canonical\" href=\"https:\/\/sysmatec.ch\/de\/produit\/tpe-sclauch-lez-sanmed-bio\/\" \/>\n<meta property=\"og:locale\" content=\"de_DE\" \/>\n<meta property=\"og:type\" content=\"article\" \/>\n<meta property=\"og:title\" content=\"TPE Sclauch LEZ-SANMED BIO - Sysmatec\" \/>\n<meta property=\"og:description\" content=\"TPE-Schlauch f\u00fcr peristaltische Pumpe. Sehr gute chemische Best\u00e4ndigkeit gegen w\u00e4ssrige Medien, S\u00e4uren, Basen und viele organische L\u00f6sungsmittel.\" \/>\n<meta property=\"og:url\" content=\"https:\/\/sysmatec.ch\/de\/produit\/tpe-sclauch-lez-sanmed-bio\/\" \/>\n<meta property=\"og:site_name\" content=\"Sysmatec\" \/>\n<meta property=\"article:modified_time\" content=\"2022-03-24T11:15:27+00:00\" \/>\n<meta property=\"og:image\" content=\"https:\/\/sysmatec.ch\/wp-content\/uploads\/2019\/04\/Tuyau_LEZ-SANMED-BIO.jpg\" \/>\n\t<meta property=\"og:image:width\" content=\"1011\" \/>\n\t<meta property=\"og:image:height\" content=\"515\" \/>\n\t<meta property=\"og:image:type\" content=\"image\/jpeg\" \/>\n<meta name=\"twitter:card\" content=\"summary_large_image\" \/>\n<meta name=\"twitter:label1\" content=\"Gesch\u00e4tzte Lesezeit\" \/>\n\t<meta name=\"twitter:data1\" content=\"1\u00a0Minute\" \/>\n<script type=\"application\/ld+json\" class=\"yoast-schema-graph\">{\"@context\":\"https:\\\/\\\/schema.org\",\"@graph\":[{\"@type\":\"WebPage\",\"@id\":\"https:\\\/\\\/sysmatec.ch\\\/de\\\/produit\\\/tpe-sclauch-lez-sanmed-bio\\\/\",\"url\":\"https:\\\/\\\/sysmatec.ch\\\/de\\\/produit\\\/tpe-sclauch-lez-sanmed-bio\\\/\",\"name\":\"TPE Sclauch LEZ-SANMED BIO - Sysmatec\",\"isPartOf\":{\"@id\":\"https:\\\/\\\/sysmatec.ch\\\/de\\\/#website\"},\"primaryImageOfPage\":{\"@id\":\"https:\\\/\\\/sysmatec.ch\\\/de\\\/produit\\\/tpe-sclauch-lez-sanmed-bio\\\/#primaryimage\"},\"image\":{\"@id\":\"https:\\\/\\\/sysmatec.ch\\\/de\\\/produit\\\/tpe-sclauch-lez-sanmed-bio\\\/#primaryimage\"},\"thumbnailUrl\":\"https:\\\/\\\/sysmatec.ch\\\/wp-content\\\/uploads\\\/2019\\\/04\\\/Tuyau_LEZ-SANMED-BIO.jpg\",\"datePublished\":\"2019-04-13T18:46:11+00:00\",\"dateModified\":\"2022-03-24T11:15:27+00:00\",\"description\":\"TPE-Schlauch f\u00fcr peristaltische Pumpe. Sehr gute chemische Best\u00e4ndigkeit gegen w\u00e4ssrige Medien, S\u00e4uren, Basen und viele organische L\u00f6sungsmittel.\",\"breadcrumb\":{\"@id\":\"https:\\\/\\\/sysmatec.ch\\\/de\\\/produit\\\/tpe-sclauch-lez-sanmed-bio\\\/#breadcrumb\"},\"inLanguage\":\"de\",\"potentialAction\":[{\"@type\":\"ReadAction\",\"target\":[\"https:\\\/\\\/sysmatec.ch\\\/de\\\/produit\\\/tpe-sclauch-lez-sanmed-bio\\\/\"]}]},{\"@type\":\"ImageObject\",\"inLanguage\":\"de\",\"@id\":\"https:\\\/\\\/sysmatec.ch\\\/de\\\/produit\\\/tpe-sclauch-lez-sanmed-bio\\\/#primaryimage\",\"url\":\"https:\\\/\\\/sysmatec.ch\\\/wp-content\\\/uploads\\\/2019\\\/04\\\/Tuyau_LEZ-SANMED-BIO.jpg\",\"contentUrl\":\"https:\\\/\\\/sysmatec.ch\\\/wp-content\\\/uploads\\\/2019\\\/04\\\/Tuyau_LEZ-SANMED-BIO.jpg\",\"width\":1011,\"height\":515},{\"@type\":\"BreadcrumbList\",\"@id\":\"https:\\\/\\\/sysmatec.ch\\\/de\\\/produit\\\/tpe-sclauch-lez-sanmed-bio\\\/#breadcrumb\",\"itemListElement\":[{\"@type\":\"ListItem\",\"position\":1,\"name\":\"Accueil\",\"item\":\"https:\\\/\\\/sysmatec.ch\\\/de\\\/\"},{\"@type\":\"ListItem\",\"position\":2,\"name\":\"Die Aktivit\u00e4t von Sysmatec\",\"item\":\"https:\\\/\\\/sysmatec.ch\\\/de\\\/\"},{\"@type\":\"ListItem\",\"position\":3,\"name\":\"TPE Sclauch LEZ-SANMED BIO\"}]},{\"@type\":\"WebSite\",\"@id\":\"https:\\\/\\\/sysmatec.ch\\\/de\\\/#website\",\"url\":\"https:\\\/\\\/sysmatec.ch\\\/de\\\/\",\"name\":\"Sysmatec\",\"description\":\"Equipement de laboratoire et logiciels\",\"publisher\":{\"@id\":\"https:\\\/\\\/sysmatec.ch\\\/de\\\/#organization\"},\"potentialAction\":[{\"@type\":\"SearchAction\",\"target\":{\"@type\":\"EntryPoint\",\"urlTemplate\":\"https:\\\/\\\/sysmatec.ch\\\/de\\\/?s={search_term_string}\"},\"query-input\":{\"@type\":\"PropertyValueSpecification\",\"valueRequired\":true,\"valueName\":\"search_term_string\"}}],\"inLanguage\":\"de\"},{\"@type\":\"Organization\",\"@id\":\"https:\\\/\\\/sysmatec.ch\\\/de\\\/#organization\",\"name\":\"Sysmatec\",\"url\":\"https:\\\/\\\/sysmatec.ch\\\/de\\\/\",\"logo\":{\"@type\":\"ImageObject\",\"inLanguage\":\"de\",\"@id\":\"https:\\\/\\\/sysmatec.ch\\\/de\\\/#\\\/schema\\\/logo\\\/image\\\/\",\"url\":\"https:\\\/\\\/sysmatec.ch\\\/wp-content\\\/uploads\\\/2018\\\/11\\\/LogoSysmatec.jpg\",\"contentUrl\":\"https:\\\/\\\/sysmatec.ch\\\/wp-content\\\/uploads\\\/2018\\\/11\\\/LogoSysmatec.jpg\",\"width\":301,\"height\":297,\"caption\":\"Sysmatec\"},\"image\":{\"@id\":\"https:\\\/\\\/sysmatec.ch\\\/de\\\/#\\\/schema\\\/logo\\\/image\\\/\"}}]}<\/script>\n<!-- \/ Yoast SEO plugin. -->","yoast_head_json":{"title":"TPE Sclauch LEZ-SANMED BIO - Sysmatec","description":"TPE-Schlauch f\u00fcr peristaltische Pumpe. Sehr gute chemische Best\u00e4ndigkeit gegen w\u00e4ssrige Medien, S\u00e4uren, Basen und viele organische L\u00f6sungsmittel.","robots":{"index":"index","follow":"follow","max-snippet":"max-snippet:-1","max-image-preview":"max-image-preview:large","max-video-preview":"max-video-preview:-1"},"canonical":"https:\/\/sysmatec.ch\/de\/produit\/tpe-sclauch-lez-sanmed-bio\/","og_locale":"de_DE","og_type":"article","og_title":"TPE Sclauch LEZ-SANMED BIO - Sysmatec","og_description":"TPE-Schlauch f\u00fcr peristaltische Pumpe. Sehr gute chemische Best\u00e4ndigkeit gegen w\u00e4ssrige Medien, S\u00e4uren, Basen und viele organische L\u00f6sungsmittel.","og_url":"https:\/\/sysmatec.ch\/de\/produit\/tpe-sclauch-lez-sanmed-bio\/","og_site_name":"Sysmatec","article_modified_time":"2022-03-24T11:15:27+00:00","og_image":[{"width":1011,"height":515,"url":"https:\/\/sysmatec.ch\/wp-content\/uploads\/2019\/04\/Tuyau_LEZ-SANMED-BIO.jpg","type":"image\/jpeg"}],"twitter_card":"summary_large_image","twitter_misc":{"Gesch\u00e4tzte Lesezeit":"1\u00a0Minute"},"schema":{"@context":"https:\/\/schema.org","@graph":[{"@type":"WebPage","@id":"https:\/\/sysmatec.ch\/de\/produit\/tpe-sclauch-lez-sanmed-bio\/","url":"https:\/\/sysmatec.ch\/de\/produit\/tpe-sclauch-lez-sanmed-bio\/","name":"TPE Sclauch LEZ-SANMED BIO - Sysmatec","isPartOf":{"@id":"https:\/\/sysmatec.ch\/de\/#website"},"primaryImageOfPage":{"@id":"https:\/\/sysmatec.ch\/de\/produit\/tpe-sclauch-lez-sanmed-bio\/#primaryimage"},"image":{"@id":"https:\/\/sysmatec.ch\/de\/produit\/tpe-sclauch-lez-sanmed-bio\/#primaryimage"},"thumbnailUrl":"https:\/\/sysmatec.ch\/wp-content\/uploads\/2019\/04\/Tuyau_LEZ-SANMED-BIO.jpg","datePublished":"2019-04-13T18:46:11+00:00","dateModified":"2022-03-24T11:15:27+00:00","description":"TPE-Schlauch f\u00fcr peristaltische Pumpe. Sehr gute chemische Best\u00e4ndigkeit gegen w\u00e4ssrige Medien, S\u00e4uren, Basen und viele organische L\u00f6sungsmittel.","breadcrumb":{"@id":"https:\/\/sysmatec.ch\/de\/produit\/tpe-sclauch-lez-sanmed-bio\/#breadcrumb"},"inLanguage":"de","potentialAction":[{"@type":"ReadAction","target":["https:\/\/sysmatec.ch\/de\/produit\/tpe-sclauch-lez-sanmed-bio\/"]}]},{"@type":"ImageObject","inLanguage":"de","@id":"https:\/\/sysmatec.ch\/de\/produit\/tpe-sclauch-lez-sanmed-bio\/#primaryimage","url":"https:\/\/sysmatec.ch\/wp-content\/uploads\/2019\/04\/Tuyau_LEZ-SANMED-BIO.jpg","contentUrl":"https:\/\/sysmatec.ch\/wp-content\/uploads\/2019\/04\/Tuyau_LEZ-SANMED-BIO.jpg","width":1011,"height":515},{"@type":"BreadcrumbList","@id":"https:\/\/sysmatec.ch\/de\/produit\/tpe-sclauch-lez-sanmed-bio\/#breadcrumb","itemListElement":[{"@type":"ListItem","position":1,"name":"Accueil","item":"https:\/\/sysmatec.ch\/de\/"},{"@type":"ListItem","position":2,"name":"Die Aktivit\u00e4t von Sysmatec","item":"https:\/\/sysmatec.ch\/de\/"},{"@type":"ListItem","position":3,"name":"TPE Sclauch LEZ-SANMED BIO"}]},{"@type":"WebSite","@id":"https:\/\/sysmatec.ch\/de\/#website","url":"https:\/\/sysmatec.ch\/de\/","name":"Sysmatec","description":"Equipement de laboratoire et logiciels","publisher":{"@id":"https:\/\/sysmatec.ch\/de\/#organization"},"potentialAction":[{"@type":"SearchAction","target":{"@type":"EntryPoint","urlTemplate":"https:\/\/sysmatec.ch\/de\/?s={search_term_string}"},"query-input":{"@type":"PropertyValueSpecification","valueRequired":true,"valueName":"search_term_string"}}],"inLanguage":"de"},{"@type":"Organization","@id":"https:\/\/sysmatec.ch\/de\/#organization","name":"Sysmatec","url":"https:\/\/sysmatec.ch\/de\/","logo":{"@type":"ImageObject","inLanguage":"de","@id":"https:\/\/sysmatec.ch\/de\/#\/schema\/logo\/image\/","url":"https:\/\/sysmatec.ch\/wp-content\/uploads\/2018\/11\/LogoSysmatec.jpg","contentUrl":"https:\/\/sysmatec.ch\/wp-content\/uploads\/2018\/11\/LogoSysmatec.jpg","width":301,"height":297,"caption":"Sysmatec"},"image":{"@id":"https:\/\/sysmatec.ch\/de\/#\/schema\/logo\/image\/"}}]}},"_links":{"self":[{"href":"https:\/\/sysmatec.ch\/de\/wp-json\/wp\/v2\/product\/5446","targetHints":{"allow":["GET"]}}],"collection":[{"href":"https:\/\/sysmatec.ch\/de\/wp-json\/wp\/v2\/product"}],"about":[{"href":"https:\/\/sysmatec.ch\/de\/wp-json\/wp\/v2\/types\/product"}],"wp:featuredmedia":[{"embeddable":true,"href":"https:\/\/sysmatec.ch\/de\/wp-json\/wp\/v2\/media\/27064"}],"wp:attachment":[{"href":"https:\/\/sysmatec.ch\/de\/wp-json\/wp\/v2\/media?parent=5446"}],"wp:term":[{"taxonomy":"product_brand","embeddable":true,"href":"https:\/\/sysmatec.ch\/de\/wp-json\/wp\/v2\/product_brand?post=5446"},{"taxonomy":"product_cat","embeddable":true,"href":"https:\/\/sysmatec.ch\/de\/wp-json\/wp\/v2\/product_cat?post=5446"},{"taxonomy":"product_tag","embeddable":true,"href":"https:\/\/sysmatec.ch\/de\/wp-json\/wp\/v2\/product_tag?post=5446"}],"curies":[{"name":"wp","href":"https:\/\/api.w.org\/{rel}","templated":true}]}}