{"id":5404,"date":"2019-04-13T19:12:55","date_gmt":"2019-04-13T17:12:55","guid":{"rendered":"https:\/\/sysmatec.ch\/produit\/moxa-uport-1610-16-1650-16-rs232-or-rs422-rs485-to-usb-converter\/"},"modified":"2022-02-01T21:34:34","modified_gmt":"2022-02-01T20:34:34","slug":"16-rs232-oder-rs422-rs485-zu-usb-konverter-moxa-uport-1610-16-1650","status":"publish","type":"product","link":"https:\/\/sysmatec.ch\/de\/Produkt\/16-rs232-oder-rs422-rs485-zu-usb-konverter-moxa-uport-1610-16-1650\/","title":{"rendered":"16 RS232 oder RS422\/RS485 zu USB Konverter MOXA UPort 1610-16\/1650"},"content":{"rendered":"<ul>\n<li>UPort 1610-16: USB to 16-port RS-232 Serial Hub<\/li>\n<li>UPort 1650-16: USB to 16-port RS-232\/422\/485 Serial Hub<\/li>\n<li>Stromspeisung: extern oder durch den Bus<\/li>\n<li>Kompatibel mit USB 1.0, 1.1, 2.0 (bis zu 480 Mbps)<\/li>\n<li>Signale:\n<ul>\n<li>RS-232, TxD, RxD, RTS, CTS, DTR, DSR, DCD, GND<\/li>\n<li>RS-422, TxD+(B), TxD-(A), RxD+ (B), RxD-(A), GND<\/li>\n<li>4-Draht RS-485, TxD+ (B), TxD-(A), RxD+ (B), RxD-(A), GND<\/li>\n<li>2-Draht RS-485, Data+ (B), Data-(A), GND<\/li>\n<\/ul>\n<\/li>\n<li>Geschwindigkeit: von 50 bis 921.6 Kbps<\/li>\n<li>Win2000, WinXP, Win2003 (Treiber inbegriffen)<\/li>\n<li>Verbindung: DB9 male<\/li>\n<li>Parit\u00e4t: None, Even, Odd, Space, Mark<\/li>\n<li>Data Bits: 5, 6, 7, 8<\/li>\n<li>Stop Bits: 1, 1.5, 2<\/li>\n<li>Flusskontrol: RTS\/CTS, XON\/XOFF<\/li>\n<\/ul>\n","protected":false},"excerpt":{"rendered":"<p>16 RS232 oder RS422\/RS485 zu USB Konverter<\/p>\n","protected":false},"featured_media":5402,"template":"","meta":{"_crdt_document":""},"product_brand":[],"product_cat":[191,353],"product_tag":[],"class_list":{"0":"post-5404","1":"product","2":"type-product","3":"status-publish","4":"has-post-thumbnail","6":"product_cat-automation-de","7":"product_cat-kommunikation","9":"first","10":"instock","11":"taxable","12":"shipping-taxable","13":"product-type-simple"},"yoast_head":"<!-- This site is optimized with the Yoast SEO plugin v27.3 - https:\/\/yoast.com\/product\/yoast-seo-wordpress\/ -->\n<title>16 RS232 oder RS422\/RS485 zu USB Konverter MOXA UPort 1610-16\/1650 - Sysmatec<\/title>\n<meta name=\"description\" content=\"USB-Konverter zur seriellen Schnittstelle RS232 oder RS422\/RS485. Das Modul verf\u00fcgt \u00fcber 1 USB-Ports und 16 DB9-Anschl\u00fcsse.\" \/>\n<meta name=\"robots\" content=\"index, follow, max-snippet:-1, max-image-preview:large, max-video-preview:-1\" \/>\n<link rel=\"canonical\" href=\"https:\/\/sysmatec.ch\/de\/produit\/16-rs232-oder-rs422-rs485-zu-usb-konverter-moxa-uport-1610-16-1650\/\" \/>\n<meta property=\"og:locale\" content=\"de_DE\" \/>\n<meta property=\"og:type\" content=\"article\" \/>\n<meta property=\"og:title\" content=\"16 RS232 oder RS422\/RS485 zu USB Konverter MOXA UPort 1610-16\/1650 - Sysmatec\" \/>\n<meta property=\"og:description\" content=\"USB-Konverter zur seriellen Schnittstelle RS232 oder RS422\/RS485. Das Modul verf\u00fcgt \u00fcber 1 USB-Ports und 16 DB9-Anschl\u00fcsse.\" \/>\n<meta property=\"og:url\" content=\"https:\/\/sysmatec.ch\/de\/produit\/16-rs232-oder-rs422-rs485-zu-usb-konverter-moxa-uport-1610-16-1650\/\" \/>\n<meta property=\"og:site_name\" content=\"Sysmatec\" \/>\n<meta property=\"article:modified_time\" content=\"2022-02-01T20:34:34+00:00\" \/>\n<meta property=\"og:image\" content=\"https:\/\/sysmatec.ch\/wp-content\/uploads\/2019\/04\/Communication_MOXAUPort1600-16.jpg\" \/>\n\t<meta property=\"og:image:width\" content=\"150\" \/>\n\t<meta property=\"og:image:height\" content=\"130\" \/>\n\t<meta property=\"og:image:type\" content=\"image\/jpeg\" \/>\n<meta name=\"twitter:card\" content=\"summary_large_image\" \/>\n<script type=\"application\/ld+json\" class=\"yoast-schema-graph\">{\"@context\":\"https:\\\/\\\/schema.org\",\"@graph\":[{\"@type\":\"WebPage\",\"@id\":\"https:\\\/\\\/sysmatec.ch\\\/de\\\/produit\\\/16-rs232-oder-rs422-rs485-zu-usb-konverter-moxa-uport-1610-16-1650\\\/\",\"url\":\"https:\\\/\\\/sysmatec.ch\\\/de\\\/produit\\\/16-rs232-oder-rs422-rs485-zu-usb-konverter-moxa-uport-1610-16-1650\\\/\",\"name\":\"16 RS232 oder RS422\\\/RS485 zu USB Konverter MOXA UPort 1610-16\\\/1650 - Sysmatec\",\"isPartOf\":{\"@id\":\"https:\\\/\\\/sysmatec.ch\\\/de\\\/#website\"},\"primaryImageOfPage\":{\"@id\":\"https:\\\/\\\/sysmatec.ch\\\/de\\\/produit\\\/16-rs232-oder-rs422-rs485-zu-usb-konverter-moxa-uport-1610-16-1650\\\/#primaryimage\"},\"image\":{\"@id\":\"https:\\\/\\\/sysmatec.ch\\\/de\\\/produit\\\/16-rs232-oder-rs422-rs485-zu-usb-konverter-moxa-uport-1610-16-1650\\\/#primaryimage\"},\"thumbnailUrl\":\"https:\\\/\\\/sysmatec.ch\\\/wp-content\\\/uploads\\\/2019\\\/04\\\/Communication_MOXAUPort1600-16.jpg\",\"datePublished\":\"2019-04-13T17:12:55+00:00\",\"dateModified\":\"2022-02-01T20:34:34+00:00\",\"description\":\"USB-Konverter zur seriellen Schnittstelle RS232 oder RS422\\\/RS485. Das Modul verf\u00fcgt \u00fcber 1 USB-Ports und 16 DB9-Anschl\u00fcsse.\",\"breadcrumb\":{\"@id\":\"https:\\\/\\\/sysmatec.ch\\\/de\\\/produit\\\/16-rs232-oder-rs422-rs485-zu-usb-konverter-moxa-uport-1610-16-1650\\\/#breadcrumb\"},\"inLanguage\":\"de\",\"potentialAction\":[{\"@type\":\"ReadAction\",\"target\":[\"https:\\\/\\\/sysmatec.ch\\\/de\\\/produit\\\/16-rs232-oder-rs422-rs485-zu-usb-konverter-moxa-uport-1610-16-1650\\\/\"]}]},{\"@type\":\"ImageObject\",\"inLanguage\":\"de\",\"@id\":\"https:\\\/\\\/sysmatec.ch\\\/de\\\/produit\\\/16-rs232-oder-rs422-rs485-zu-usb-konverter-moxa-uport-1610-16-1650\\\/#primaryimage\",\"url\":\"https:\\\/\\\/sysmatec.ch\\\/wp-content\\\/uploads\\\/2019\\\/04\\\/Communication_MOXAUPort1600-16.jpg\",\"contentUrl\":\"https:\\\/\\\/sysmatec.ch\\\/wp-content\\\/uploads\\\/2019\\\/04\\\/Communication_MOXAUPort1600-16.jpg\",\"width\":150,\"height\":130},{\"@type\":\"BreadcrumbList\",\"@id\":\"https:\\\/\\\/sysmatec.ch\\\/de\\\/produit\\\/16-rs232-oder-rs422-rs485-zu-usb-konverter-moxa-uport-1610-16-1650\\\/#breadcrumb\",\"itemListElement\":[{\"@type\":\"ListItem\",\"position\":1,\"name\":\"Accueil\",\"item\":\"https:\\\/\\\/sysmatec.ch\\\/de\\\/\"},{\"@type\":\"ListItem\",\"position\":2,\"name\":\"Die Aktivit\u00e4t von Sysmatec\",\"item\":\"https:\\\/\\\/sysmatec.ch\\\/de\\\/\"},{\"@type\":\"ListItem\",\"position\":3,\"name\":\"16 RS232 oder RS422\\\/RS485 zu USB Konverter MOXA UPort 1610-16\\\/1650\"}]},{\"@type\":\"WebSite\",\"@id\":\"https:\\\/\\\/sysmatec.ch\\\/de\\\/#website\",\"url\":\"https:\\\/\\\/sysmatec.ch\\\/de\\\/\",\"name\":\"Sysmatec\",\"description\":\"Equipement de laboratoire et logiciels\",\"publisher\":{\"@id\":\"https:\\\/\\\/sysmatec.ch\\\/de\\\/#organization\"},\"potentialAction\":[{\"@type\":\"SearchAction\",\"target\":{\"@type\":\"EntryPoint\",\"urlTemplate\":\"https:\\\/\\\/sysmatec.ch\\\/de\\\/?s={search_term_string}\"},\"query-input\":{\"@type\":\"PropertyValueSpecification\",\"valueRequired\":true,\"valueName\":\"search_term_string\"}}],\"inLanguage\":\"de\"},{\"@type\":\"Organization\",\"@id\":\"https:\\\/\\\/sysmatec.ch\\\/de\\\/#organization\",\"name\":\"Sysmatec\",\"url\":\"https:\\\/\\\/sysmatec.ch\\\/de\\\/\",\"logo\":{\"@type\":\"ImageObject\",\"inLanguage\":\"de\",\"@id\":\"https:\\\/\\\/sysmatec.ch\\\/de\\\/#\\\/schema\\\/logo\\\/image\\\/\",\"url\":\"https:\\\/\\\/sysmatec.ch\\\/wp-content\\\/uploads\\\/2018\\\/11\\\/LogoSysmatec.jpg\",\"contentUrl\":\"https:\\\/\\\/sysmatec.ch\\\/wp-content\\\/uploads\\\/2018\\\/11\\\/LogoSysmatec.jpg\",\"width\":301,\"height\":297,\"caption\":\"Sysmatec\"},\"image\":{\"@id\":\"https:\\\/\\\/sysmatec.ch\\\/de\\\/#\\\/schema\\\/logo\\\/image\\\/\"}}]}<\/script>\n<!-- \/ Yoast SEO plugin. -->","yoast_head_json":{"title":"16 RS232 oder RS422\/RS485 zu USB Konverter MOXA UPort 1610-16\/1650 - Sysmatec","description":"USB-Konverter zur seriellen Schnittstelle RS232 oder RS422\/RS485. Das Modul verf\u00fcgt \u00fcber 1 USB-Ports und 16 DB9-Anschl\u00fcsse.","robots":{"index":"index","follow":"follow","max-snippet":"max-snippet:-1","max-image-preview":"max-image-preview:large","max-video-preview":"max-video-preview:-1"},"canonical":"https:\/\/sysmatec.ch\/de\/produit\/16-rs232-oder-rs422-rs485-zu-usb-konverter-moxa-uport-1610-16-1650\/","og_locale":"de_DE","og_type":"article","og_title":"16 RS232 oder RS422\/RS485 zu USB Konverter MOXA UPort 1610-16\/1650 - Sysmatec","og_description":"USB-Konverter zur seriellen Schnittstelle RS232 oder RS422\/RS485. Das Modul verf\u00fcgt \u00fcber 1 USB-Ports und 16 DB9-Anschl\u00fcsse.","og_url":"https:\/\/sysmatec.ch\/de\/produit\/16-rs232-oder-rs422-rs485-zu-usb-konverter-moxa-uport-1610-16-1650\/","og_site_name":"Sysmatec","article_modified_time":"2022-02-01T20:34:34+00:00","og_image":[{"width":150,"height":130,"url":"https:\/\/sysmatec.ch\/wp-content\/uploads\/2019\/04\/Communication_MOXAUPort1600-16.jpg","type":"image\/jpeg"}],"twitter_card":"summary_large_image","schema":{"@context":"https:\/\/schema.org","@graph":[{"@type":"WebPage","@id":"https:\/\/sysmatec.ch\/de\/produit\/16-rs232-oder-rs422-rs485-zu-usb-konverter-moxa-uport-1610-16-1650\/","url":"https:\/\/sysmatec.ch\/de\/produit\/16-rs232-oder-rs422-rs485-zu-usb-konverter-moxa-uport-1610-16-1650\/","name":"16 RS232 oder RS422\/RS485 zu USB Konverter MOXA UPort 1610-16\/1650 - Sysmatec","isPartOf":{"@id":"https:\/\/sysmatec.ch\/de\/#website"},"primaryImageOfPage":{"@id":"https:\/\/sysmatec.ch\/de\/produit\/16-rs232-oder-rs422-rs485-zu-usb-konverter-moxa-uport-1610-16-1650\/#primaryimage"},"image":{"@id":"https:\/\/sysmatec.ch\/de\/produit\/16-rs232-oder-rs422-rs485-zu-usb-konverter-moxa-uport-1610-16-1650\/#primaryimage"},"thumbnailUrl":"https:\/\/sysmatec.ch\/wp-content\/uploads\/2019\/04\/Communication_MOXAUPort1600-16.jpg","datePublished":"2019-04-13T17:12:55+00:00","dateModified":"2022-02-01T20:34:34+00:00","description":"USB-Konverter zur seriellen Schnittstelle RS232 oder RS422\/RS485. Das Modul verf\u00fcgt \u00fcber 1 USB-Ports und 16 DB9-Anschl\u00fcsse.","breadcrumb":{"@id":"https:\/\/sysmatec.ch\/de\/produit\/16-rs232-oder-rs422-rs485-zu-usb-konverter-moxa-uport-1610-16-1650\/#breadcrumb"},"inLanguage":"de","potentialAction":[{"@type":"ReadAction","target":["https:\/\/sysmatec.ch\/de\/produit\/16-rs232-oder-rs422-rs485-zu-usb-konverter-moxa-uport-1610-16-1650\/"]}]},{"@type":"ImageObject","inLanguage":"de","@id":"https:\/\/sysmatec.ch\/de\/produit\/16-rs232-oder-rs422-rs485-zu-usb-konverter-moxa-uport-1610-16-1650\/#primaryimage","url":"https:\/\/sysmatec.ch\/wp-content\/uploads\/2019\/04\/Communication_MOXAUPort1600-16.jpg","contentUrl":"https:\/\/sysmatec.ch\/wp-content\/uploads\/2019\/04\/Communication_MOXAUPort1600-16.jpg","width":150,"height":130},{"@type":"BreadcrumbList","@id":"https:\/\/sysmatec.ch\/de\/produit\/16-rs232-oder-rs422-rs485-zu-usb-konverter-moxa-uport-1610-16-1650\/#breadcrumb","itemListElement":[{"@type":"ListItem","position":1,"name":"Accueil","item":"https:\/\/sysmatec.ch\/de\/"},{"@type":"ListItem","position":2,"name":"Die Aktivit\u00e4t von Sysmatec","item":"https:\/\/sysmatec.ch\/de\/"},{"@type":"ListItem","position":3,"name":"16 RS232 oder RS422\/RS485 zu USB Konverter MOXA UPort 1610-16\/1650"}]},{"@type":"WebSite","@id":"https:\/\/sysmatec.ch\/de\/#website","url":"https:\/\/sysmatec.ch\/de\/","name":"Sysmatec","description":"Equipement de laboratoire et logiciels","publisher":{"@id":"https:\/\/sysmatec.ch\/de\/#organization"},"potentialAction":[{"@type":"SearchAction","target":{"@type":"EntryPoint","urlTemplate":"https:\/\/sysmatec.ch\/de\/?s={search_term_string}"},"query-input":{"@type":"PropertyValueSpecification","valueRequired":true,"valueName":"search_term_string"}}],"inLanguage":"de"},{"@type":"Organization","@id":"https:\/\/sysmatec.ch\/de\/#organization","name":"Sysmatec","url":"https:\/\/sysmatec.ch\/de\/","logo":{"@type":"ImageObject","inLanguage":"de","@id":"https:\/\/sysmatec.ch\/de\/#\/schema\/logo\/image\/","url":"https:\/\/sysmatec.ch\/wp-content\/uploads\/2018\/11\/LogoSysmatec.jpg","contentUrl":"https:\/\/sysmatec.ch\/wp-content\/uploads\/2018\/11\/LogoSysmatec.jpg","width":301,"height":297,"caption":"Sysmatec"},"image":{"@id":"https:\/\/sysmatec.ch\/de\/#\/schema\/logo\/image\/"}}]}},"_links":{"self":[{"href":"https:\/\/sysmatec.ch\/de\/wp-json\/wp\/v2\/product\/5404","targetHints":{"allow":["GET"]}}],"collection":[{"href":"https:\/\/sysmatec.ch\/de\/wp-json\/wp\/v2\/product"}],"about":[{"href":"https:\/\/sysmatec.ch\/de\/wp-json\/wp\/v2\/types\/product"}],"wp:featuredmedia":[{"embeddable":true,"href":"https:\/\/sysmatec.ch\/de\/wp-json\/wp\/v2\/media\/5402"}],"wp:attachment":[{"href":"https:\/\/sysmatec.ch\/de\/wp-json\/wp\/v2\/media?parent=5404"}],"wp:term":[{"taxonomy":"product_brand","embeddable":true,"href":"https:\/\/sysmatec.ch\/de\/wp-json\/wp\/v2\/product_brand?post=5404"},{"taxonomy":"product_cat","embeddable":true,"href":"https:\/\/sysmatec.ch\/de\/wp-json\/wp\/v2\/product_cat?post=5404"},{"taxonomy":"product_tag","embeddable":true,"href":"https:\/\/sysmatec.ch\/de\/wp-json\/wp\/v2\/product_tag?post=5404"}],"curies":[{"name":"wp","href":"https:\/\/api.w.org\/{rel}","templated":true}]}}