{"id":5382,"date":"2019-04-13T10:50:52","date_gmt":"2019-04-13T08:50:52","guid":{"rendered":"https:\/\/sysmatec.ch\/produit\/convertisseur-moxa-nport-1220-120i-rs422-rs485-usb\/"},"modified":"2022-02-02T21:09:38","modified_gmt":"2022-02-02T20:09:38","slug":"moxa-nport-1220-120i-rs422-rs485-zu-usb-konverter","status":"publish","type":"product","link":"https:\/\/sysmatec.ch\/de\/Produkt\/moxa-nport-1220-120i-rs422-rs485-zu-usb-konverter\/","title":{"rendered":"MOXA NPort 1220\/120I RS422\/RS485 zu USB Konverter"},"content":{"rendered":"<ul>\n<li>addiert 2 serielle RS422\/RS485 COM Port am PC durch den USB Port<\/li>\n<li>Preisg\u00fcnstiger USB zu RS-422\/485 Hub<\/li>\n<li>Stromspeisung: extern oder durch den Bus<\/li>\n<li>Kompatibel mit USB 1.0, 1.1, 2.0<\/li>\n<li><\/li>\n<li>Signale:\n<ul>\n<li>RS-422, TxD+\/-, RxD+\/-, GND<\/li>\n<li>4-Draht RS-485, TxD+\/-, RxD+\/-, GND<\/li>\n<li>2-Draht RS-485, Data+\/-, GND<\/li>\n<\/ul>\n<\/li>\n<li>Geschwindigkeit: von 600 bps bis 115.2 Kbps<\/li>\n<li>Win2000, Win98, WinXP, Linux (Treiber inbegriffen)<\/li>\n<li>Verbindung: terminal block<\/li>\n<li>Parit\u00e4t: None, Even, Odd<\/li>\n<li>Data Bits: 7, 8<\/li>\n<li>Stop Bits: 1, 2<\/li>\n<li>Flusskontrol: RTS\/CTS, XON\/XOFF<\/li>\n<\/ul>\n","protected":false},"excerpt":{"rendered":"<p>RS422\/RS485 zu USB Konverter, 2 Port<\/p>\n","protected":false},"featured_media":5373,"template":"","meta":{"_crdt_document":""},"product_brand":[],"product_cat":[191,353],"product_tag":[],"class_list":{"0":"post-5382","1":"product","2":"type-product","3":"status-publish","4":"has-post-thumbnail","6":"product_cat-automation-de","7":"product_cat-kommunikation","9":"first","10":"instock","11":"taxable","12":"shipping-taxable","13":"product-type-simple"},"yoast_head":"<!-- This site is optimized with the Yoast SEO plugin v27.3 - https:\/\/yoast.com\/product\/yoast-seo-wordpress\/ -->\n<title>MOXA NPort 1220\/120I RS422\/RS485 zu USB Konverter - Sysmatec<\/title>\n<meta name=\"description\" content=\"USB-Konverter zur seriellen Schnittstelle RS232 oder RS422\/RS485. Das Modul verf\u00fcgt \u00fcber 1 USB-Ports und zwei DB9-Anschl\u00fcsse.\" \/>\n<meta name=\"robots\" content=\"index, follow, max-snippet:-1, max-image-preview:large, max-video-preview:-1\" \/>\n<link rel=\"canonical\" href=\"https:\/\/sysmatec.ch\/de\/produit\/moxa-nport-1220-120i-rs422-rs485-zu-usb-konverter\/\" \/>\n<meta property=\"og:locale\" content=\"de_DE\" \/>\n<meta property=\"og:type\" content=\"article\" \/>\n<meta property=\"og:title\" content=\"MOXA NPort 1220\/120I RS422\/RS485 zu USB Konverter - Sysmatec\" \/>\n<meta property=\"og:description\" content=\"USB-Konverter zur seriellen Schnittstelle RS232 oder RS422\/RS485. Das Modul verf\u00fcgt \u00fcber 1 USB-Ports und zwei DB9-Anschl\u00fcsse.\" \/>\n<meta property=\"og:url\" content=\"https:\/\/sysmatec.ch\/de\/produit\/moxa-nport-1220-120i-rs422-rs485-zu-usb-konverter\/\" \/>\n<meta property=\"og:site_name\" content=\"Sysmatec\" \/>\n<meta property=\"article:modified_time\" content=\"2022-02-02T20:09:38+00:00\" \/>\n<meta property=\"og:image\" content=\"https:\/\/sysmatec.ch\/wp-content\/uploads\/2019\/04\/Communication_MOXANPort1220I.jpg\" \/>\n\t<meta property=\"og:image:width\" content=\"150\" \/>\n\t<meta property=\"og:image:height\" content=\"101\" \/>\n\t<meta property=\"og:image:type\" content=\"image\/jpeg\" \/>\n<meta name=\"twitter:card\" content=\"summary_large_image\" \/>\n<script type=\"application\/ld+json\" class=\"yoast-schema-graph\">{\"@context\":\"https:\\\/\\\/schema.org\",\"@graph\":[{\"@type\":\"WebPage\",\"@id\":\"https:\\\/\\\/sysmatec.ch\\\/de\\\/produit\\\/moxa-nport-1220-120i-rs422-rs485-zu-usb-konverter\\\/\",\"url\":\"https:\\\/\\\/sysmatec.ch\\\/de\\\/produit\\\/moxa-nport-1220-120i-rs422-rs485-zu-usb-konverter\\\/\",\"name\":\"MOXA NPort 1220\\\/120I RS422\\\/RS485 zu USB Konverter - Sysmatec\",\"isPartOf\":{\"@id\":\"https:\\\/\\\/sysmatec.ch\\\/de\\\/#website\"},\"primaryImageOfPage\":{\"@id\":\"https:\\\/\\\/sysmatec.ch\\\/de\\\/produit\\\/moxa-nport-1220-120i-rs422-rs485-zu-usb-konverter\\\/#primaryimage\"},\"image\":{\"@id\":\"https:\\\/\\\/sysmatec.ch\\\/de\\\/produit\\\/moxa-nport-1220-120i-rs422-rs485-zu-usb-konverter\\\/#primaryimage\"},\"thumbnailUrl\":\"https:\\\/\\\/sysmatec.ch\\\/wp-content\\\/uploads\\\/2019\\\/04\\\/Communication_MOXANPort1220I.jpg\",\"datePublished\":\"2019-04-13T08:50:52+00:00\",\"dateModified\":\"2022-02-02T20:09:38+00:00\",\"description\":\"USB-Konverter zur seriellen Schnittstelle RS232 oder RS422\\\/RS485. Das Modul verf\u00fcgt \u00fcber 1 USB-Ports und zwei DB9-Anschl\u00fcsse.\",\"breadcrumb\":{\"@id\":\"https:\\\/\\\/sysmatec.ch\\\/de\\\/produit\\\/moxa-nport-1220-120i-rs422-rs485-zu-usb-konverter\\\/#breadcrumb\"},\"inLanguage\":\"de\",\"potentialAction\":[{\"@type\":\"ReadAction\",\"target\":[\"https:\\\/\\\/sysmatec.ch\\\/de\\\/produit\\\/moxa-nport-1220-120i-rs422-rs485-zu-usb-konverter\\\/\"]}]},{\"@type\":\"ImageObject\",\"inLanguage\":\"de\",\"@id\":\"https:\\\/\\\/sysmatec.ch\\\/de\\\/produit\\\/moxa-nport-1220-120i-rs422-rs485-zu-usb-konverter\\\/#primaryimage\",\"url\":\"https:\\\/\\\/sysmatec.ch\\\/wp-content\\\/uploads\\\/2019\\\/04\\\/Communication_MOXANPort1220I.jpg\",\"contentUrl\":\"https:\\\/\\\/sysmatec.ch\\\/wp-content\\\/uploads\\\/2019\\\/04\\\/Communication_MOXANPort1220I.jpg\",\"width\":150,\"height\":101},{\"@type\":\"BreadcrumbList\",\"@id\":\"https:\\\/\\\/sysmatec.ch\\\/de\\\/produit\\\/moxa-nport-1220-120i-rs422-rs485-zu-usb-konverter\\\/#breadcrumb\",\"itemListElement\":[{\"@type\":\"ListItem\",\"position\":1,\"name\":\"Accueil\",\"item\":\"https:\\\/\\\/sysmatec.ch\\\/de\\\/\"},{\"@type\":\"ListItem\",\"position\":2,\"name\":\"Die Aktivit\u00e4t von Sysmatec\",\"item\":\"https:\\\/\\\/sysmatec.ch\\\/de\\\/\"},{\"@type\":\"ListItem\",\"position\":3,\"name\":\"MOXA NPort 1220\\\/120I RS422\\\/RS485 zu USB Konverter\"}]},{\"@type\":\"WebSite\",\"@id\":\"https:\\\/\\\/sysmatec.ch\\\/de\\\/#website\",\"url\":\"https:\\\/\\\/sysmatec.ch\\\/de\\\/\",\"name\":\"Sysmatec\",\"description\":\"Equipement de laboratoire et logiciels\",\"publisher\":{\"@id\":\"https:\\\/\\\/sysmatec.ch\\\/de\\\/#organization\"},\"potentialAction\":[{\"@type\":\"SearchAction\",\"target\":{\"@type\":\"EntryPoint\",\"urlTemplate\":\"https:\\\/\\\/sysmatec.ch\\\/de\\\/?s={search_term_string}\"},\"query-input\":{\"@type\":\"PropertyValueSpecification\",\"valueRequired\":true,\"valueName\":\"search_term_string\"}}],\"inLanguage\":\"de\"},{\"@type\":\"Organization\",\"@id\":\"https:\\\/\\\/sysmatec.ch\\\/de\\\/#organization\",\"name\":\"Sysmatec\",\"url\":\"https:\\\/\\\/sysmatec.ch\\\/de\\\/\",\"logo\":{\"@type\":\"ImageObject\",\"inLanguage\":\"de\",\"@id\":\"https:\\\/\\\/sysmatec.ch\\\/de\\\/#\\\/schema\\\/logo\\\/image\\\/\",\"url\":\"https:\\\/\\\/sysmatec.ch\\\/wp-content\\\/uploads\\\/2018\\\/11\\\/LogoSysmatec.jpg\",\"contentUrl\":\"https:\\\/\\\/sysmatec.ch\\\/wp-content\\\/uploads\\\/2018\\\/11\\\/LogoSysmatec.jpg\",\"width\":301,\"height\":297,\"caption\":\"Sysmatec\"},\"image\":{\"@id\":\"https:\\\/\\\/sysmatec.ch\\\/de\\\/#\\\/schema\\\/logo\\\/image\\\/\"}}]}<\/script>\n<!-- \/ Yoast SEO plugin. -->","yoast_head_json":{"title":"MOXA NPort 1220\/120I RS422\/RS485 zu USB Konverter - Sysmatec","description":"USB-Konverter zur seriellen Schnittstelle RS232 oder RS422\/RS485. Das Modul verf\u00fcgt \u00fcber 1 USB-Ports und zwei DB9-Anschl\u00fcsse.","robots":{"index":"index","follow":"follow","max-snippet":"max-snippet:-1","max-image-preview":"max-image-preview:large","max-video-preview":"max-video-preview:-1"},"canonical":"https:\/\/sysmatec.ch\/de\/produit\/moxa-nport-1220-120i-rs422-rs485-zu-usb-konverter\/","og_locale":"de_DE","og_type":"article","og_title":"MOXA NPort 1220\/120I RS422\/RS485 zu USB Konverter - Sysmatec","og_description":"USB-Konverter zur seriellen Schnittstelle RS232 oder RS422\/RS485. Das Modul verf\u00fcgt \u00fcber 1 USB-Ports und zwei DB9-Anschl\u00fcsse.","og_url":"https:\/\/sysmatec.ch\/de\/produit\/moxa-nport-1220-120i-rs422-rs485-zu-usb-konverter\/","og_site_name":"Sysmatec","article_modified_time":"2022-02-02T20:09:38+00:00","og_image":[{"width":150,"height":101,"url":"https:\/\/sysmatec.ch\/wp-content\/uploads\/2019\/04\/Communication_MOXANPort1220I.jpg","type":"image\/jpeg"}],"twitter_card":"summary_large_image","schema":{"@context":"https:\/\/schema.org","@graph":[{"@type":"WebPage","@id":"https:\/\/sysmatec.ch\/de\/produit\/moxa-nport-1220-120i-rs422-rs485-zu-usb-konverter\/","url":"https:\/\/sysmatec.ch\/de\/produit\/moxa-nport-1220-120i-rs422-rs485-zu-usb-konverter\/","name":"MOXA NPort 1220\/120I RS422\/RS485 zu USB Konverter - Sysmatec","isPartOf":{"@id":"https:\/\/sysmatec.ch\/de\/#website"},"primaryImageOfPage":{"@id":"https:\/\/sysmatec.ch\/de\/produit\/moxa-nport-1220-120i-rs422-rs485-zu-usb-konverter\/#primaryimage"},"image":{"@id":"https:\/\/sysmatec.ch\/de\/produit\/moxa-nport-1220-120i-rs422-rs485-zu-usb-konverter\/#primaryimage"},"thumbnailUrl":"https:\/\/sysmatec.ch\/wp-content\/uploads\/2019\/04\/Communication_MOXANPort1220I.jpg","datePublished":"2019-04-13T08:50:52+00:00","dateModified":"2022-02-02T20:09:38+00:00","description":"USB-Konverter zur seriellen Schnittstelle RS232 oder RS422\/RS485. Das Modul verf\u00fcgt \u00fcber 1 USB-Ports und zwei DB9-Anschl\u00fcsse.","breadcrumb":{"@id":"https:\/\/sysmatec.ch\/de\/produit\/moxa-nport-1220-120i-rs422-rs485-zu-usb-konverter\/#breadcrumb"},"inLanguage":"de","potentialAction":[{"@type":"ReadAction","target":["https:\/\/sysmatec.ch\/de\/produit\/moxa-nport-1220-120i-rs422-rs485-zu-usb-konverter\/"]}]},{"@type":"ImageObject","inLanguage":"de","@id":"https:\/\/sysmatec.ch\/de\/produit\/moxa-nport-1220-120i-rs422-rs485-zu-usb-konverter\/#primaryimage","url":"https:\/\/sysmatec.ch\/wp-content\/uploads\/2019\/04\/Communication_MOXANPort1220I.jpg","contentUrl":"https:\/\/sysmatec.ch\/wp-content\/uploads\/2019\/04\/Communication_MOXANPort1220I.jpg","width":150,"height":101},{"@type":"BreadcrumbList","@id":"https:\/\/sysmatec.ch\/de\/produit\/moxa-nport-1220-120i-rs422-rs485-zu-usb-konverter\/#breadcrumb","itemListElement":[{"@type":"ListItem","position":1,"name":"Accueil","item":"https:\/\/sysmatec.ch\/de\/"},{"@type":"ListItem","position":2,"name":"Die Aktivit\u00e4t von Sysmatec","item":"https:\/\/sysmatec.ch\/de\/"},{"@type":"ListItem","position":3,"name":"MOXA NPort 1220\/120I RS422\/RS485 zu USB Konverter"}]},{"@type":"WebSite","@id":"https:\/\/sysmatec.ch\/de\/#website","url":"https:\/\/sysmatec.ch\/de\/","name":"Sysmatec","description":"Equipement de laboratoire et logiciels","publisher":{"@id":"https:\/\/sysmatec.ch\/de\/#organization"},"potentialAction":[{"@type":"SearchAction","target":{"@type":"EntryPoint","urlTemplate":"https:\/\/sysmatec.ch\/de\/?s={search_term_string}"},"query-input":{"@type":"PropertyValueSpecification","valueRequired":true,"valueName":"search_term_string"}}],"inLanguage":"de"},{"@type":"Organization","@id":"https:\/\/sysmatec.ch\/de\/#organization","name":"Sysmatec","url":"https:\/\/sysmatec.ch\/de\/","logo":{"@type":"ImageObject","inLanguage":"de","@id":"https:\/\/sysmatec.ch\/de\/#\/schema\/logo\/image\/","url":"https:\/\/sysmatec.ch\/wp-content\/uploads\/2018\/11\/LogoSysmatec.jpg","contentUrl":"https:\/\/sysmatec.ch\/wp-content\/uploads\/2018\/11\/LogoSysmatec.jpg","width":301,"height":297,"caption":"Sysmatec"},"image":{"@id":"https:\/\/sysmatec.ch\/de\/#\/schema\/logo\/image\/"}}]}},"_links":{"self":[{"href":"https:\/\/sysmatec.ch\/de\/wp-json\/wp\/v2\/product\/5382","targetHints":{"allow":["GET"]}}],"collection":[{"href":"https:\/\/sysmatec.ch\/de\/wp-json\/wp\/v2\/product"}],"about":[{"href":"https:\/\/sysmatec.ch\/de\/wp-json\/wp\/v2\/types\/product"}],"wp:featuredmedia":[{"embeddable":true,"href":"https:\/\/sysmatec.ch\/de\/wp-json\/wp\/v2\/media\/5373"}],"wp:attachment":[{"href":"https:\/\/sysmatec.ch\/de\/wp-json\/wp\/v2\/media?parent=5382"}],"wp:term":[{"taxonomy":"product_brand","embeddable":true,"href":"https:\/\/sysmatec.ch\/de\/wp-json\/wp\/v2\/product_brand?post=5382"},{"taxonomy":"product_cat","embeddable":true,"href":"https:\/\/sysmatec.ch\/de\/wp-json\/wp\/v2\/product_cat?post=5382"},{"taxonomy":"product_tag","embeddable":true,"href":"https:\/\/sysmatec.ch\/de\/wp-json\/wp\/v2\/product_tag?post=5382"}],"curies":[{"name":"wp","href":"https:\/\/api.w.org\/{rel}","templated":true}]}}