{"id":5369,"date":"2019-04-13T09:42:11","date_gmt":"2019-04-13T07:42:11","guid":{"rendered":"https:\/\/sysmatec.ch\/produit\/convertisseur-usb-rs232-expert-ex98009\/"},"modified":"2022-02-02T21:57:22","modified_gmt":"2022-02-02T20:57:22","slug":"expert-ex98009-usb-zu-rs232-konverter","status":"publish","type":"product","link":"https:\/\/sysmatec.ch\/de\/Produkt\/expert-ex98009-usb-zu-rs232-konverter\/","title":{"rendered":"Expert EX98009 USB zu RS232 Konverter"},"content":{"rendered":"<ul>\n<li type=\"disc\">8 serielle Ports \u00fcber einen USB-Anschluss<\/li>\n<li type=\"disc\">Baud-Rate von 75 bps bis 6 Mbps<\/li>\n<li type=\"disc\">512-Byte Tiefe FIFOs f\u00fcr jeden Port<\/li>\n<li type=\"disc\">Unterst\u00fctzt 5,6,7,8 Datenbits<\/li>\n<li type=\"disc\">Odd, Even, Mark, Raum, oder keine Parit\u00e4tsmodus<\/li>\n<li type=\"disc\">Unterst\u00fctzt 1, 1,5 und 2 Stop Bits<\/li>\n<li type=\"disc\">Unterst\u00fctzt USB Bus Power<\/li>\n<li type=\"disc\">DC Jack f\u00fcr optionale DC 5V Leistungsaufnahme<\/li>\n<li type=\"disc\">Optional DC 5V \u00fcber DB9-Stecker<\/li>\n<\/ul>\n","protected":false},"excerpt":{"rendered":"<p>USB zu RS232 Konverter, 8 Port RS232<\/p>\n","protected":false},"featured_media":5364,"template":"","meta":{"_crdt_document":""},"product_brand":[],"product_cat":[191,353],"product_tag":[],"class_list":{"0":"post-5369","1":"product","2":"type-product","3":"status-publish","4":"has-post-thumbnail","6":"product_cat-automation-de","7":"product_cat-kommunikation","9":"first","10":"instock","11":"taxable","12":"shipping-taxable","13":"purchasable","14":"product-type-simple"},"yoast_head":"<!-- This site is optimized with the Yoast SEO plugin v27.3 - https:\/\/yoast.com\/product\/yoast-seo-wordpress\/ -->\n<title>Expert EX98009 USB zu RS232 Konverter - Sysmatec<\/title>\n<meta name=\"description\" content=\"USB-Konverter zur seriellen RS232-Schnittstelle. Das Modul verf\u00fcgt \u00fcber 1 USB-Ports und acht DB9-Anschl\u00fcsse.\" \/>\n<meta name=\"robots\" content=\"index, follow, max-snippet:-1, max-image-preview:large, max-video-preview:-1\" \/>\n<link rel=\"canonical\" href=\"https:\/\/sysmatec.ch\/de\/produit\/expert-ex98009-usb-zu-rs232-konverter\/\" \/>\n<meta property=\"og:locale\" content=\"de_DE\" \/>\n<meta property=\"og:type\" content=\"article\" \/>\n<meta property=\"og:title\" content=\"Expert EX98009 USB zu RS232 Konverter - Sysmatec\" \/>\n<meta property=\"og:description\" content=\"USB-Konverter zur seriellen RS232-Schnittstelle. Das Modul verf\u00fcgt \u00fcber 1 USB-Ports und acht DB9-Anschl\u00fcsse.\" \/>\n<meta property=\"og:url\" content=\"https:\/\/sysmatec.ch\/de\/produit\/expert-ex98009-usb-zu-rs232-konverter\/\" \/>\n<meta property=\"og:site_name\" content=\"Sysmatec\" \/>\n<meta property=\"article:modified_time\" content=\"2022-02-02T20:57:22+00:00\" \/>\n<meta property=\"og:image\" content=\"https:\/\/sysmatec.ch\/wp-content\/uploads\/2019\/04\/Communication_TopscccEX98009.jpg\" \/>\n\t<meta property=\"og:image:width\" content=\"189\" \/>\n\t<meta property=\"og:image:height\" content=\"189\" \/>\n\t<meta property=\"og:image:type\" content=\"image\/jpeg\" \/>\n<meta name=\"twitter:card\" content=\"summary_large_image\" \/>\n<script type=\"application\/ld+json\" class=\"yoast-schema-graph\">{\"@context\":\"https:\\\/\\\/schema.org\",\"@graph\":[{\"@type\":\"WebPage\",\"@id\":\"https:\\\/\\\/sysmatec.ch\\\/de\\\/produit\\\/expert-ex98009-usb-zu-rs232-konverter\\\/\",\"url\":\"https:\\\/\\\/sysmatec.ch\\\/de\\\/produit\\\/expert-ex98009-usb-zu-rs232-konverter\\\/\",\"name\":\"Expert EX98009 USB zu RS232 Konverter - Sysmatec\",\"isPartOf\":{\"@id\":\"https:\\\/\\\/sysmatec.ch\\\/de\\\/#website\"},\"primaryImageOfPage\":{\"@id\":\"https:\\\/\\\/sysmatec.ch\\\/de\\\/produit\\\/expert-ex98009-usb-zu-rs232-konverter\\\/#primaryimage\"},\"image\":{\"@id\":\"https:\\\/\\\/sysmatec.ch\\\/de\\\/produit\\\/expert-ex98009-usb-zu-rs232-konverter\\\/#primaryimage\"},\"thumbnailUrl\":\"https:\\\/\\\/sysmatec.ch\\\/wp-content\\\/uploads\\\/2019\\\/04\\\/Communication_TopscccEX98009.jpg\",\"datePublished\":\"2019-04-13T07:42:11+00:00\",\"dateModified\":\"2022-02-02T20:57:22+00:00\",\"description\":\"USB-Konverter zur seriellen RS232-Schnittstelle. Das Modul verf\u00fcgt \u00fcber 1 USB-Ports und acht DB9-Anschl\u00fcsse.\",\"breadcrumb\":{\"@id\":\"https:\\\/\\\/sysmatec.ch\\\/de\\\/produit\\\/expert-ex98009-usb-zu-rs232-konverter\\\/#breadcrumb\"},\"inLanguage\":\"de\",\"potentialAction\":[{\"@type\":\"ReadAction\",\"target\":[\"https:\\\/\\\/sysmatec.ch\\\/de\\\/produit\\\/expert-ex98009-usb-zu-rs232-konverter\\\/\"]}]},{\"@type\":\"ImageObject\",\"inLanguage\":\"de\",\"@id\":\"https:\\\/\\\/sysmatec.ch\\\/de\\\/produit\\\/expert-ex98009-usb-zu-rs232-konverter\\\/#primaryimage\",\"url\":\"https:\\\/\\\/sysmatec.ch\\\/wp-content\\\/uploads\\\/2019\\\/04\\\/Communication_TopscccEX98009.jpg\",\"contentUrl\":\"https:\\\/\\\/sysmatec.ch\\\/wp-content\\\/uploads\\\/2019\\\/04\\\/Communication_TopscccEX98009.jpg\",\"width\":189,\"height\":189},{\"@type\":\"BreadcrumbList\",\"@id\":\"https:\\\/\\\/sysmatec.ch\\\/de\\\/produit\\\/expert-ex98009-usb-zu-rs232-konverter\\\/#breadcrumb\",\"itemListElement\":[{\"@type\":\"ListItem\",\"position\":1,\"name\":\"Accueil\",\"item\":\"https:\\\/\\\/sysmatec.ch\\\/de\\\/\"},{\"@type\":\"ListItem\",\"position\":2,\"name\":\"Die Aktivit\u00e4t von Sysmatec\",\"item\":\"https:\\\/\\\/sysmatec.ch\\\/de\\\/\"},{\"@type\":\"ListItem\",\"position\":3,\"name\":\"Expert EX98009 USB zu RS232 Konverter\"}]},{\"@type\":\"WebSite\",\"@id\":\"https:\\\/\\\/sysmatec.ch\\\/de\\\/#website\",\"url\":\"https:\\\/\\\/sysmatec.ch\\\/de\\\/\",\"name\":\"Sysmatec\",\"description\":\"Equipement de laboratoire et logiciels\",\"publisher\":{\"@id\":\"https:\\\/\\\/sysmatec.ch\\\/de\\\/#organization\"},\"potentialAction\":[{\"@type\":\"SearchAction\",\"target\":{\"@type\":\"EntryPoint\",\"urlTemplate\":\"https:\\\/\\\/sysmatec.ch\\\/de\\\/?s={search_term_string}\"},\"query-input\":{\"@type\":\"PropertyValueSpecification\",\"valueRequired\":true,\"valueName\":\"search_term_string\"}}],\"inLanguage\":\"de\"},{\"@type\":\"Organization\",\"@id\":\"https:\\\/\\\/sysmatec.ch\\\/de\\\/#organization\",\"name\":\"Sysmatec\",\"url\":\"https:\\\/\\\/sysmatec.ch\\\/de\\\/\",\"logo\":{\"@type\":\"ImageObject\",\"inLanguage\":\"de\",\"@id\":\"https:\\\/\\\/sysmatec.ch\\\/de\\\/#\\\/schema\\\/logo\\\/image\\\/\",\"url\":\"https:\\\/\\\/sysmatec.ch\\\/wp-content\\\/uploads\\\/2018\\\/11\\\/LogoSysmatec.jpg\",\"contentUrl\":\"https:\\\/\\\/sysmatec.ch\\\/wp-content\\\/uploads\\\/2018\\\/11\\\/LogoSysmatec.jpg\",\"width\":301,\"height\":297,\"caption\":\"Sysmatec\"},\"image\":{\"@id\":\"https:\\\/\\\/sysmatec.ch\\\/de\\\/#\\\/schema\\\/logo\\\/image\\\/\"}}]}<\/script>\n<!-- \/ Yoast SEO plugin. -->","yoast_head_json":{"title":"Expert EX98009 USB zu RS232 Konverter - Sysmatec","description":"USB-Konverter zur seriellen RS232-Schnittstelle. Das Modul verf\u00fcgt \u00fcber 1 USB-Ports und acht DB9-Anschl\u00fcsse.","robots":{"index":"index","follow":"follow","max-snippet":"max-snippet:-1","max-image-preview":"max-image-preview:large","max-video-preview":"max-video-preview:-1"},"canonical":"https:\/\/sysmatec.ch\/de\/produit\/expert-ex98009-usb-zu-rs232-konverter\/","og_locale":"de_DE","og_type":"article","og_title":"Expert EX98009 USB zu RS232 Konverter - Sysmatec","og_description":"USB-Konverter zur seriellen RS232-Schnittstelle. Das Modul verf\u00fcgt \u00fcber 1 USB-Ports und acht DB9-Anschl\u00fcsse.","og_url":"https:\/\/sysmatec.ch\/de\/produit\/expert-ex98009-usb-zu-rs232-konverter\/","og_site_name":"Sysmatec","article_modified_time":"2022-02-02T20:57:22+00:00","og_image":[{"width":189,"height":189,"url":"https:\/\/sysmatec.ch\/wp-content\/uploads\/2019\/04\/Communication_TopscccEX98009.jpg","type":"image\/jpeg"}],"twitter_card":"summary_large_image","schema":{"@context":"https:\/\/schema.org","@graph":[{"@type":"WebPage","@id":"https:\/\/sysmatec.ch\/de\/produit\/expert-ex98009-usb-zu-rs232-konverter\/","url":"https:\/\/sysmatec.ch\/de\/produit\/expert-ex98009-usb-zu-rs232-konverter\/","name":"Expert EX98009 USB zu RS232 Konverter - Sysmatec","isPartOf":{"@id":"https:\/\/sysmatec.ch\/de\/#website"},"primaryImageOfPage":{"@id":"https:\/\/sysmatec.ch\/de\/produit\/expert-ex98009-usb-zu-rs232-konverter\/#primaryimage"},"image":{"@id":"https:\/\/sysmatec.ch\/de\/produit\/expert-ex98009-usb-zu-rs232-konverter\/#primaryimage"},"thumbnailUrl":"https:\/\/sysmatec.ch\/wp-content\/uploads\/2019\/04\/Communication_TopscccEX98009.jpg","datePublished":"2019-04-13T07:42:11+00:00","dateModified":"2022-02-02T20:57:22+00:00","description":"USB-Konverter zur seriellen RS232-Schnittstelle. Das Modul verf\u00fcgt \u00fcber 1 USB-Ports und acht DB9-Anschl\u00fcsse.","breadcrumb":{"@id":"https:\/\/sysmatec.ch\/de\/produit\/expert-ex98009-usb-zu-rs232-konverter\/#breadcrumb"},"inLanguage":"de","potentialAction":[{"@type":"ReadAction","target":["https:\/\/sysmatec.ch\/de\/produit\/expert-ex98009-usb-zu-rs232-konverter\/"]}]},{"@type":"ImageObject","inLanguage":"de","@id":"https:\/\/sysmatec.ch\/de\/produit\/expert-ex98009-usb-zu-rs232-konverter\/#primaryimage","url":"https:\/\/sysmatec.ch\/wp-content\/uploads\/2019\/04\/Communication_TopscccEX98009.jpg","contentUrl":"https:\/\/sysmatec.ch\/wp-content\/uploads\/2019\/04\/Communication_TopscccEX98009.jpg","width":189,"height":189},{"@type":"BreadcrumbList","@id":"https:\/\/sysmatec.ch\/de\/produit\/expert-ex98009-usb-zu-rs232-konverter\/#breadcrumb","itemListElement":[{"@type":"ListItem","position":1,"name":"Accueil","item":"https:\/\/sysmatec.ch\/de\/"},{"@type":"ListItem","position":2,"name":"Die Aktivit\u00e4t von Sysmatec","item":"https:\/\/sysmatec.ch\/de\/"},{"@type":"ListItem","position":3,"name":"Expert EX98009 USB zu RS232 Konverter"}]},{"@type":"WebSite","@id":"https:\/\/sysmatec.ch\/de\/#website","url":"https:\/\/sysmatec.ch\/de\/","name":"Sysmatec","description":"Equipement de laboratoire et logiciels","publisher":{"@id":"https:\/\/sysmatec.ch\/de\/#organization"},"potentialAction":[{"@type":"SearchAction","target":{"@type":"EntryPoint","urlTemplate":"https:\/\/sysmatec.ch\/de\/?s={search_term_string}"},"query-input":{"@type":"PropertyValueSpecification","valueRequired":true,"valueName":"search_term_string"}}],"inLanguage":"de"},{"@type":"Organization","@id":"https:\/\/sysmatec.ch\/de\/#organization","name":"Sysmatec","url":"https:\/\/sysmatec.ch\/de\/","logo":{"@type":"ImageObject","inLanguage":"de","@id":"https:\/\/sysmatec.ch\/de\/#\/schema\/logo\/image\/","url":"https:\/\/sysmatec.ch\/wp-content\/uploads\/2018\/11\/LogoSysmatec.jpg","contentUrl":"https:\/\/sysmatec.ch\/wp-content\/uploads\/2018\/11\/LogoSysmatec.jpg","width":301,"height":297,"caption":"Sysmatec"},"image":{"@id":"https:\/\/sysmatec.ch\/de\/#\/schema\/logo\/image\/"}}]}},"_links":{"self":[{"href":"https:\/\/sysmatec.ch\/de\/wp-json\/wp\/v2\/product\/5369","targetHints":{"allow":["GET"]}}],"collection":[{"href":"https:\/\/sysmatec.ch\/de\/wp-json\/wp\/v2\/product"}],"about":[{"href":"https:\/\/sysmatec.ch\/de\/wp-json\/wp\/v2\/types\/product"}],"wp:featuredmedia":[{"embeddable":true,"href":"https:\/\/sysmatec.ch\/de\/wp-json\/wp\/v2\/media\/5364"}],"wp:attachment":[{"href":"https:\/\/sysmatec.ch\/de\/wp-json\/wp\/v2\/media?parent=5369"}],"wp:term":[{"taxonomy":"product_brand","embeddable":true,"href":"https:\/\/sysmatec.ch\/de\/wp-json\/wp\/v2\/product_brand?post=5369"},{"taxonomy":"product_cat","embeddable":true,"href":"https:\/\/sysmatec.ch\/de\/wp-json\/wp\/v2\/product_cat?post=5369"},{"taxonomy":"product_tag","embeddable":true,"href":"https:\/\/sysmatec.ch\/de\/wp-json\/wp\/v2\/product_tag?post=5369"}],"curies":[{"name":"wp","href":"https:\/\/api.w.org\/{rel}","templated":true}]}}