{"id":5280,"date":"2019-04-11T18:15:55","date_gmt":"2019-04-11T16:15:55","guid":{"rendered":"https:\/\/sysmatec.ch\/produit\/afficheur-numerique-et-graphique-bamowiz-de-bamo\/"},"modified":"2022-02-03T21:57:01","modified_gmt":"2022-02-03T20:57:01","slug":"digitalanzeige-und-grafikanzeige-bamowiz-von-bamo","status":"publish","type":"product","link":"https:\/\/sysmatec.ch\/de\/Produkt\/digitalanzeige-und-grafikanzeige-bamowiz-von-bamo\/","title":{"rendered":"Digitalanzeige und Grafikanzeige BAMOWIZ von Bamo"},"content":{"rendered":"<p>Das Ger\u00e4t ist mit einem farbigen Touchscreen ausgestattet, mit einem intuitiven und mehrsprachigen Men\u00fc f\u00fcr die Parametrierung. Er wandelt die analogen Eingangssignale (4-20 mA) um und stellt die Informationen auf der digitalen und grafischen Anzeige (Balkendiagramm) wieder her, um das Ablesen der Messung und den Zustand der Schwellenwerte zu erleichtern. Die Berechnung der Differenz zwischen 2 Eing\u00e4nhe ist m\u00f6glich.<\/p>\n<p>Das Programm ist durch einen Code gesch\u00fctzt, der Zugriff auf die Konfiguration des Ger\u00e4ts gibt: Zuweisung der Schwellenwerte, Einstellung der Ma\u00dfeinheiten, Parametrierung der Betriebsart usw.<\/p>\n<p>BAMOWIZ ist flexibel einsetzbar f\u00fcr die Auswertung der Daten von Eingaben wie der Anzeige des F\u00fcllstands, des Volumens oder einer bestimmten Messung (Druck, Temperatur, Tr\u00fcbung usw.). \u00dcber die Tastatur auf dem Touchscreen k\u00f6nnen Sie die gew\u00fcnschte Ma\u00dfeinheit w\u00e4hlen. (Beispiel: US, Ohm, \u00b0 C, Bar, etc.)<\/p>\n<p>Technische Spezifikationen<\/p>\n<ul>\n<li type=\"disc\">Farb-Touchscreen, 4\/3 Format; Aufl\u00f6sung von 480 x 272 Pixel<\/li>\n<li type=\"disc\">Sprachen: Franz\u00f6sisch &#8211; Deutsch &#8211; Englisch &#8211; Spanisch &#8211; Portugiesisch &#8211; Polnisch<\/li>\n<li type=\"disc\">Alphanumerische Touch-Tastatur: F\u00fcr jede Sprache dediziert<\/li>\n<li type=\"disc\">Ma\u00dfeinheiten angezeigt: frei w\u00e4hlbar<\/li>\n<li type=\"disc\">Eingangssignal: 3 Eing\u00e4nge 4-20 mA mit 2-Leiter-Sensorversorgung 12-11 V DC \/ 0 -20 mA (Eingangswiderstand: 50 Ohm)<\/li>\n<li type=\"disc\">Relais: 2 konfigurierbare Schlie\u00dferkontakte, potentialfrei<\/li>\n<li type=\"disc\">Einstellbare Schwellen: Von 1 bis 8 Schwellen, die den 2 Relais zugewiesen werden<\/li>\n<li type=\"disc\">Schaltleistung: 3A \/ 250 V AC<\/li>\n<li type=\"disc\">Hysterese: Einstellbar von 0 bis 100%<\/li>\n<li type=\"disc\">Zeitverz\u00f6gerung: Einstellbar von 0 bis 9999 Sekunden<\/li>\n<li type=\"disc\">Weitere Funktionen: Linearisierung auf 20 Punkte; Anzeige des Balkendiagramms jedes gemessenen Parameters; Anzeige der Werte Mini und Maxi; Differential [Eingang 1 &#8211; Eingang 2]: Anzeige \/ Grenzwerte \/ mA Ausgang<\/li>\n<li type=\"disc\">Stromversorgung: 100 bis 240 V AC 50\/60 Hz<\/li>\n<li type=\"disc\">Verbrauch: Max 5 VA<\/li>\n<li type=\"disc\">Elektrische Anschl\u00fcsse: Anschluss an Schraubklemmen<\/li>\n<li type=\"disc\">Kabeleinf\u00fchrungen: 5 Kabelverschraubungen (PE 11)<\/li>\n<li type=\"disc\">Pr\u00e4sentation: Wanddose IP 65 ?? ABS-Kunststoff<\/li>\n<li type=\"disc\">Umgebungstemperatur: -10 bis +50 \u00b0 C<\/li>\n<\/ul>\n","protected":false},"excerpt":{"rendered":"<p>Digitalanzeige und Grafikanzeige, 3 analoge Eing\u00e4nge und 2 Relais f\u00fcr Alarme<\/p>\n","protected":false},"featured_media":5278,"template":"","meta":{"_crdt_document":""},"product_brand":[],"product_cat":[191,355],"product_tag":[],"class_list":{"0":"post-5280","1":"product","2":"type-product","3":"status-publish","4":"has-post-thumbnail","6":"product_cat-automation-de","7":"product_cat-digitale-anzeige","9":"first","10":"instock","11":"taxable","12":"shipping-taxable","13":"product-type-simple"},"yoast_head":"<!-- This site is optimized with the Yoast SEO plugin v27.4 - https:\/\/yoast.com\/product\/yoast-seo-wordpress\/ -->\n<title>Digitalanzeige und Grafikanzeige BAMOWIZ von Bamo - Sysmatec<\/title>\n<meta name=\"description\" content=\"Digitalanzeige mit 3 analogen Eing\u00e4ngen und 2 Relaisausg\u00e4ngen. Farb-Touchscreen zur Erleichterung der Konfiguration und Auswahl des Anzeigetyps.\" \/>\n<meta name=\"robots\" content=\"index, follow, max-snippet:-1, max-image-preview:large, max-video-preview:-1\" \/>\n<link rel=\"canonical\" href=\"https:\/\/sysmatec.ch\/de\/produit\/digitalanzeige-und-grafikanzeige-bamowiz-von-bamo\/\" \/>\n<meta property=\"og:locale\" content=\"de_DE\" \/>\n<meta property=\"og:type\" content=\"article\" \/>\n<meta property=\"og:title\" content=\"Digitalanzeige und Grafikanzeige BAMOWIZ von Bamo - Sysmatec\" \/>\n<meta property=\"og:description\" content=\"Digitalanzeige mit 3 analogen Eing\u00e4ngen und 2 Relaisausg\u00e4ngen. Farb-Touchscreen zur Erleichterung der Konfiguration und Auswahl des Anzeigetyps.\" \/>\n<meta property=\"og:url\" content=\"https:\/\/sysmatec.ch\/de\/produit\/digitalanzeige-und-grafikanzeige-bamowiz-von-bamo\/\" \/>\n<meta property=\"og:site_name\" content=\"Sysmatec\" \/>\n<meta property=\"article:modified_time\" content=\"2022-02-03T20:57:01+00:00\" \/>\n<meta property=\"og:image\" content=\"https:\/\/sysmatec.ch\/wp-content\/uploads\/2019\/04\/Afficheur_BamoBAMOWIZ.jpg\" \/>\n\t<meta property=\"og:image:width\" content=\"185\" \/>\n\t<meta property=\"og:image:height\" content=\"153\" \/>\n\t<meta property=\"og:image:type\" content=\"image\/jpeg\" \/>\n<meta name=\"twitter:card\" content=\"summary_large_image\" \/>\n<meta name=\"twitter:label1\" content=\"Gesch\u00e4tzte Lesezeit\" \/>\n\t<meta name=\"twitter:data1\" content=\"1\u00a0Minute\" \/>\n<script type=\"application\/ld+json\" class=\"yoast-schema-graph\">{\"@context\":\"https:\\\/\\\/schema.org\",\"@graph\":[{\"@type\":\"WebPage\",\"@id\":\"https:\\\/\\\/sysmatec.ch\\\/de\\\/produit\\\/digitalanzeige-und-grafikanzeige-bamowiz-von-bamo\\\/\",\"url\":\"https:\\\/\\\/sysmatec.ch\\\/de\\\/produit\\\/digitalanzeige-und-grafikanzeige-bamowiz-von-bamo\\\/\",\"name\":\"Digitalanzeige und Grafikanzeige BAMOWIZ von Bamo - Sysmatec\",\"isPartOf\":{\"@id\":\"https:\\\/\\\/sysmatec.ch\\\/de\\\/#website\"},\"primaryImageOfPage\":{\"@id\":\"https:\\\/\\\/sysmatec.ch\\\/de\\\/produit\\\/digitalanzeige-und-grafikanzeige-bamowiz-von-bamo\\\/#primaryimage\"},\"image\":{\"@id\":\"https:\\\/\\\/sysmatec.ch\\\/de\\\/produit\\\/digitalanzeige-und-grafikanzeige-bamowiz-von-bamo\\\/#primaryimage\"},\"thumbnailUrl\":\"https:\\\/\\\/sysmatec.ch\\\/wp-content\\\/uploads\\\/2019\\\/04\\\/Afficheur_BamoBAMOWIZ.jpg\",\"datePublished\":\"2019-04-11T16:15:55+00:00\",\"dateModified\":\"2022-02-03T20:57:01+00:00\",\"description\":\"Digitalanzeige mit 3 analogen Eing\u00e4ngen und 2 Relaisausg\u00e4ngen. Farb-Touchscreen zur Erleichterung der Konfiguration und Auswahl des Anzeigetyps.\",\"breadcrumb\":{\"@id\":\"https:\\\/\\\/sysmatec.ch\\\/de\\\/produit\\\/digitalanzeige-und-grafikanzeige-bamowiz-von-bamo\\\/#breadcrumb\"},\"inLanguage\":\"de\",\"potentialAction\":[{\"@type\":\"ReadAction\",\"target\":[\"https:\\\/\\\/sysmatec.ch\\\/de\\\/produit\\\/digitalanzeige-und-grafikanzeige-bamowiz-von-bamo\\\/\"]}]},{\"@type\":\"ImageObject\",\"inLanguage\":\"de\",\"@id\":\"https:\\\/\\\/sysmatec.ch\\\/de\\\/produit\\\/digitalanzeige-und-grafikanzeige-bamowiz-von-bamo\\\/#primaryimage\",\"url\":\"https:\\\/\\\/sysmatec.ch\\\/wp-content\\\/uploads\\\/2019\\\/04\\\/Afficheur_BamoBAMOWIZ.jpg\",\"contentUrl\":\"https:\\\/\\\/sysmatec.ch\\\/wp-content\\\/uploads\\\/2019\\\/04\\\/Afficheur_BamoBAMOWIZ.jpg\",\"width\":185,\"height\":153},{\"@type\":\"BreadcrumbList\",\"@id\":\"https:\\\/\\\/sysmatec.ch\\\/de\\\/produit\\\/digitalanzeige-und-grafikanzeige-bamowiz-von-bamo\\\/#breadcrumb\",\"itemListElement\":[{\"@type\":\"ListItem\",\"position\":1,\"name\":\"Accueil\",\"item\":\"https:\\\/\\\/sysmatec.ch\\\/de\\\/\"},{\"@type\":\"ListItem\",\"position\":2,\"name\":\"Die Aktivit\u00e4t von Sysmatec\",\"item\":\"https:\\\/\\\/sysmatec.ch\\\/de\\\/\"},{\"@type\":\"ListItem\",\"position\":3,\"name\":\"Digitalanzeige und Grafikanzeige BAMOWIZ von Bamo\"}]},{\"@type\":\"WebSite\",\"@id\":\"https:\\\/\\\/sysmatec.ch\\\/de\\\/#website\",\"url\":\"https:\\\/\\\/sysmatec.ch\\\/de\\\/\",\"name\":\"Sysmatec\",\"description\":\"Equipement de laboratoire et logiciels\",\"publisher\":{\"@id\":\"https:\\\/\\\/sysmatec.ch\\\/de\\\/#organization\"},\"potentialAction\":[{\"@type\":\"SearchAction\",\"target\":{\"@type\":\"EntryPoint\",\"urlTemplate\":\"https:\\\/\\\/sysmatec.ch\\\/de\\\/?s={search_term_string}\"},\"query-input\":{\"@type\":\"PropertyValueSpecification\",\"valueRequired\":true,\"valueName\":\"search_term_string\"}}],\"inLanguage\":\"de\"},{\"@type\":\"Organization\",\"@id\":\"https:\\\/\\\/sysmatec.ch\\\/de\\\/#organization\",\"name\":\"Sysmatec\",\"url\":\"https:\\\/\\\/sysmatec.ch\\\/de\\\/\",\"logo\":{\"@type\":\"ImageObject\",\"inLanguage\":\"de\",\"@id\":\"https:\\\/\\\/sysmatec.ch\\\/de\\\/#\\\/schema\\\/logo\\\/image\\\/\",\"url\":\"https:\\\/\\\/sysmatec.ch\\\/wp-content\\\/uploads\\\/2018\\\/11\\\/LogoSysmatec.jpg\",\"contentUrl\":\"https:\\\/\\\/sysmatec.ch\\\/wp-content\\\/uploads\\\/2018\\\/11\\\/LogoSysmatec.jpg\",\"width\":301,\"height\":297,\"caption\":\"Sysmatec\"},\"image\":{\"@id\":\"https:\\\/\\\/sysmatec.ch\\\/de\\\/#\\\/schema\\\/logo\\\/image\\\/\"}}]}<\/script>\n<!-- \/ Yoast SEO plugin. -->","yoast_head_json":{"title":"Digitalanzeige und Grafikanzeige BAMOWIZ von Bamo - Sysmatec","description":"Digitalanzeige mit 3 analogen Eing\u00e4ngen und 2 Relaisausg\u00e4ngen. Farb-Touchscreen zur Erleichterung der Konfiguration und Auswahl des Anzeigetyps.","robots":{"index":"index","follow":"follow","max-snippet":"max-snippet:-1","max-image-preview":"max-image-preview:large","max-video-preview":"max-video-preview:-1"},"canonical":"https:\/\/sysmatec.ch\/de\/produit\/digitalanzeige-und-grafikanzeige-bamowiz-von-bamo\/","og_locale":"de_DE","og_type":"article","og_title":"Digitalanzeige und Grafikanzeige BAMOWIZ von Bamo - Sysmatec","og_description":"Digitalanzeige mit 3 analogen Eing\u00e4ngen und 2 Relaisausg\u00e4ngen. Farb-Touchscreen zur Erleichterung der Konfiguration und Auswahl des Anzeigetyps.","og_url":"https:\/\/sysmatec.ch\/de\/produit\/digitalanzeige-und-grafikanzeige-bamowiz-von-bamo\/","og_site_name":"Sysmatec","article_modified_time":"2022-02-03T20:57:01+00:00","og_image":[{"width":185,"height":153,"url":"https:\/\/sysmatec.ch\/wp-content\/uploads\/2019\/04\/Afficheur_BamoBAMOWIZ.jpg","type":"image\/jpeg"}],"twitter_card":"summary_large_image","twitter_misc":{"Gesch\u00e4tzte Lesezeit":"1\u00a0Minute"},"schema":{"@context":"https:\/\/schema.org","@graph":[{"@type":"WebPage","@id":"https:\/\/sysmatec.ch\/de\/produit\/digitalanzeige-und-grafikanzeige-bamowiz-von-bamo\/","url":"https:\/\/sysmatec.ch\/de\/produit\/digitalanzeige-und-grafikanzeige-bamowiz-von-bamo\/","name":"Digitalanzeige und Grafikanzeige BAMOWIZ von Bamo - Sysmatec","isPartOf":{"@id":"https:\/\/sysmatec.ch\/de\/#website"},"primaryImageOfPage":{"@id":"https:\/\/sysmatec.ch\/de\/produit\/digitalanzeige-und-grafikanzeige-bamowiz-von-bamo\/#primaryimage"},"image":{"@id":"https:\/\/sysmatec.ch\/de\/produit\/digitalanzeige-und-grafikanzeige-bamowiz-von-bamo\/#primaryimage"},"thumbnailUrl":"https:\/\/sysmatec.ch\/wp-content\/uploads\/2019\/04\/Afficheur_BamoBAMOWIZ.jpg","datePublished":"2019-04-11T16:15:55+00:00","dateModified":"2022-02-03T20:57:01+00:00","description":"Digitalanzeige mit 3 analogen Eing\u00e4ngen und 2 Relaisausg\u00e4ngen. Farb-Touchscreen zur Erleichterung der Konfiguration und Auswahl des Anzeigetyps.","breadcrumb":{"@id":"https:\/\/sysmatec.ch\/de\/produit\/digitalanzeige-und-grafikanzeige-bamowiz-von-bamo\/#breadcrumb"},"inLanguage":"de","potentialAction":[{"@type":"ReadAction","target":["https:\/\/sysmatec.ch\/de\/produit\/digitalanzeige-und-grafikanzeige-bamowiz-von-bamo\/"]}]},{"@type":"ImageObject","inLanguage":"de","@id":"https:\/\/sysmatec.ch\/de\/produit\/digitalanzeige-und-grafikanzeige-bamowiz-von-bamo\/#primaryimage","url":"https:\/\/sysmatec.ch\/wp-content\/uploads\/2019\/04\/Afficheur_BamoBAMOWIZ.jpg","contentUrl":"https:\/\/sysmatec.ch\/wp-content\/uploads\/2019\/04\/Afficheur_BamoBAMOWIZ.jpg","width":185,"height":153},{"@type":"BreadcrumbList","@id":"https:\/\/sysmatec.ch\/de\/produit\/digitalanzeige-und-grafikanzeige-bamowiz-von-bamo\/#breadcrumb","itemListElement":[{"@type":"ListItem","position":1,"name":"Accueil","item":"https:\/\/sysmatec.ch\/de\/"},{"@type":"ListItem","position":2,"name":"Die Aktivit\u00e4t von Sysmatec","item":"https:\/\/sysmatec.ch\/de\/"},{"@type":"ListItem","position":3,"name":"Digitalanzeige und Grafikanzeige BAMOWIZ von Bamo"}]},{"@type":"WebSite","@id":"https:\/\/sysmatec.ch\/de\/#website","url":"https:\/\/sysmatec.ch\/de\/","name":"Sysmatec","description":"Equipement de laboratoire et logiciels","publisher":{"@id":"https:\/\/sysmatec.ch\/de\/#organization"},"potentialAction":[{"@type":"SearchAction","target":{"@type":"EntryPoint","urlTemplate":"https:\/\/sysmatec.ch\/de\/?s={search_term_string}"},"query-input":{"@type":"PropertyValueSpecification","valueRequired":true,"valueName":"search_term_string"}}],"inLanguage":"de"},{"@type":"Organization","@id":"https:\/\/sysmatec.ch\/de\/#organization","name":"Sysmatec","url":"https:\/\/sysmatec.ch\/de\/","logo":{"@type":"ImageObject","inLanguage":"de","@id":"https:\/\/sysmatec.ch\/de\/#\/schema\/logo\/image\/","url":"https:\/\/sysmatec.ch\/wp-content\/uploads\/2018\/11\/LogoSysmatec.jpg","contentUrl":"https:\/\/sysmatec.ch\/wp-content\/uploads\/2018\/11\/LogoSysmatec.jpg","width":301,"height":297,"caption":"Sysmatec"},"image":{"@id":"https:\/\/sysmatec.ch\/de\/#\/schema\/logo\/image\/"}}]}},"_links":{"self":[{"href":"https:\/\/sysmatec.ch\/de\/wp-json\/wp\/v2\/product\/5280","targetHints":{"allow":["GET"]}}],"collection":[{"href":"https:\/\/sysmatec.ch\/de\/wp-json\/wp\/v2\/product"}],"about":[{"href":"https:\/\/sysmatec.ch\/de\/wp-json\/wp\/v2\/types\/product"}],"wp:featuredmedia":[{"embeddable":true,"href":"https:\/\/sysmatec.ch\/de\/wp-json\/wp\/v2\/media\/5278"}],"wp:attachment":[{"href":"https:\/\/sysmatec.ch\/de\/wp-json\/wp\/v2\/media?parent=5280"}],"wp:term":[{"taxonomy":"product_brand","embeddable":true,"href":"https:\/\/sysmatec.ch\/de\/wp-json\/wp\/v2\/product_brand?post=5280"},{"taxonomy":"product_cat","embeddable":true,"href":"https:\/\/sysmatec.ch\/de\/wp-json\/wp\/v2\/product_cat?post=5280"},{"taxonomy":"product_tag","embeddable":true,"href":"https:\/\/sysmatec.ch\/de\/wp-json\/wp\/v2\/product_tag?post=5280"}],"curies":[{"name":"wp","href":"https:\/\/api.w.org\/{rel}","templated":true}]}}