{"id":5261,"date":"2019-04-11T17:50:26","date_gmt":"2019-04-11T15:53:02","guid":{"rendered":"https:\/\/sysmatec.ch\/?post_type=product&#038;p=5261"},"modified":"2022-02-04T11:20:02","modified_gmt":"2022-02-04T10:20:02","slug":"digitale-anzeige-sgd-24-m","status":"publish","type":"product","link":"https:\/\/sysmatec.ch\/de\/Produkt\/digitale-anzeige-sgd-24-m\/","title":{"rendered":"Digitale Anzeige SGD 24-M"},"content":{"rendered":"<p>Es ist einen PanelPilot-kompatible Grafikdisplay mit einem 320 x 240 Pixel Farb-Display und USB-Programmierschnittstelle. Mit der PanelPilot Software f\u00fcr Windows kann der Ben\u00fctzer selber das Ger\u00e4t konfigurieren. Er kann aus einer Bibliothek verschiedene Visuelle Objekt wie Voltmeter, Balkendiagrammen und analoge Meter ben\u00fctzen. Farben, Textbeschriftungen und Skalierung k\u00f6nnen durch den Benutzer ver\u00e4ndert werden.<\/p>\n<p>Er ist sehr einfach zu befestigen<\/p>\n<ul>\n<li type=\"disc\">8 Messbereich: 0-40 V 0 bis 1.25 V, 0 bis 2.5 V, 0 bis 4 V, 0 bis 5 V, 0 bis 8 V, 0 bis 10 V, 0 bis 20 V, 0 bis 40 V.<\/li>\n<li type=\"disc\">Genauigkeit: 0.05% +\/- 1 Digit<\/li>\n<li type=\"disc\">Linearit\u00e4t: +\/- 1 Digit<\/li>\n<li type=\"disc\">Abtastrate: 3 Proben \/ sec<\/li>\n<li type=\"disc\">Betriebsbereich: 0-40 \u00b0 C<\/li>\n<li type=\"disc\">Temperaturbest\u00e4ndigkeit: 100 ppm \/ \u00b0 C<\/li>\n<li type=\"disc\">Versorgungsspannung 4-30 V<\/li>\n<li type=\"disc\">Messspannung: 0-40 V DC<\/li>\n<li type=\"disc\">Versorgungsstrom 95 mA<\/li>\n<li>USB Schnittstelle f\u00fcr die Programierung<\/li>\n<\/ul>\n","protected":false},"excerpt":{"rendered":"<p>Digitalanzeige mit 2 analogen Eing\u00e4ngen 0-40 V.<\/p>\n","protected":false},"featured_media":5258,"template":"","meta":{"_crdt_document":""},"product_brand":[],"product_cat":[191,355],"product_tag":[],"class_list":{"0":"post-5261","1":"product","2":"type-product","3":"status-publish","4":"has-post-thumbnail","6":"product_cat-automation-de","7":"product_cat-digitale-anzeige","9":"first","10":"instock","11":"taxable","12":"shipping-taxable","13":"purchasable","14":"product-type-simple"},"yoast_head":"<!-- This site is optimized with the Yoast SEO plugin v27.4 - https:\/\/yoast.com\/product\/yoast-seo-wordpress\/ -->\n<title>Digitale Anzeige SGD 24-M - Sysmatec<\/title>\n<meta name=\"description\" content=\"Digitaler Bildschirm. Es hat einen Spannungseingang mit 8 Messbereichen von 0 bis 40 V. Es ist \u00fcber seinen USB-Anschluss programmierbar.\" \/>\n<meta name=\"robots\" content=\"index, follow, max-snippet:-1, max-image-preview:large, max-video-preview:-1\" \/>\n<link rel=\"canonical\" href=\"https:\/\/sysmatec.ch\/de\/produit\/digitale-anzeige-sgd-24-m\/\" \/>\n<meta property=\"og:locale\" content=\"de_DE\" \/>\n<meta property=\"og:type\" content=\"article\" \/>\n<meta property=\"og:title\" content=\"Digitale Anzeige SGD 24-M - Sysmatec\" \/>\n<meta property=\"og:description\" content=\"Digitaler Bildschirm. Es hat einen Spannungseingang mit 8 Messbereichen von 0 bis 40 V. Es ist \u00fcber seinen USB-Anschluss programmierbar.\" \/>\n<meta property=\"og:url\" content=\"https:\/\/sysmatec.ch\/de\/produit\/digitale-anzeige-sgd-24-m\/\" \/>\n<meta property=\"og:site_name\" content=\"Sysmatec\" \/>\n<meta property=\"article:modified_time\" content=\"2022-02-04T10:20:02+00:00\" \/>\n<meta property=\"og:image\" content=\"https:\/\/sysmatec.ch\/wp-content\/uploads\/2019\/04\/Afficheur_LascarSGD24M.jpg\" \/>\n\t<meta property=\"og:image:width\" content=\"184\" \/>\n\t<meta property=\"og:image:height\" content=\"138\" \/>\n\t<meta property=\"og:image:type\" content=\"image\/jpeg\" \/>\n<meta name=\"twitter:card\" content=\"summary_large_image\" \/>\n<meta name=\"twitter:label1\" content=\"Gesch\u00e4tzte Lesezeit\" \/>\n\t<meta name=\"twitter:data1\" content=\"1\u00a0Minute\" \/>\n<script type=\"application\/ld+json\" class=\"yoast-schema-graph\">{\"@context\":\"https:\\\/\\\/schema.org\",\"@graph\":[{\"@type\":\"WebPage\",\"@id\":\"https:\\\/\\\/sysmatec.ch\\\/de\\\/produit\\\/digitale-anzeige-sgd-24-m\\\/\",\"url\":\"https:\\\/\\\/sysmatec.ch\\\/de\\\/produit\\\/digitale-anzeige-sgd-24-m\\\/\",\"name\":\"Digitale Anzeige SGD 24-M - Sysmatec\",\"isPartOf\":{\"@id\":\"https:\\\/\\\/sysmatec.ch\\\/de\\\/#website\"},\"primaryImageOfPage\":{\"@id\":\"https:\\\/\\\/sysmatec.ch\\\/de\\\/produit\\\/digitale-anzeige-sgd-24-m\\\/#primaryimage\"},\"image\":{\"@id\":\"https:\\\/\\\/sysmatec.ch\\\/de\\\/produit\\\/digitale-anzeige-sgd-24-m\\\/#primaryimage\"},\"thumbnailUrl\":\"https:\\\/\\\/sysmatec.ch\\\/wp-content\\\/uploads\\\/2019\\\/04\\\/Afficheur_LascarSGD24M.jpg\",\"datePublished\":\"2019-04-11T15:53:02+00:00\",\"dateModified\":\"2022-02-04T10:20:02+00:00\",\"description\":\"Digitaler Bildschirm. Es hat einen Spannungseingang mit 8 Messbereichen von 0 bis 40 V. Es ist \u00fcber seinen USB-Anschluss programmierbar.\",\"breadcrumb\":{\"@id\":\"https:\\\/\\\/sysmatec.ch\\\/de\\\/produit\\\/digitale-anzeige-sgd-24-m\\\/#breadcrumb\"},\"inLanguage\":\"de\",\"potentialAction\":[{\"@type\":\"ReadAction\",\"target\":[\"https:\\\/\\\/sysmatec.ch\\\/de\\\/produit\\\/digitale-anzeige-sgd-24-m\\\/\"]}]},{\"@type\":\"ImageObject\",\"inLanguage\":\"de\",\"@id\":\"https:\\\/\\\/sysmatec.ch\\\/de\\\/produit\\\/digitale-anzeige-sgd-24-m\\\/#primaryimage\",\"url\":\"https:\\\/\\\/sysmatec.ch\\\/wp-content\\\/uploads\\\/2019\\\/04\\\/Afficheur_LascarSGD24M.jpg\",\"contentUrl\":\"https:\\\/\\\/sysmatec.ch\\\/wp-content\\\/uploads\\\/2019\\\/04\\\/Afficheur_LascarSGD24M.jpg\",\"width\":184,\"height\":138},{\"@type\":\"BreadcrumbList\",\"@id\":\"https:\\\/\\\/sysmatec.ch\\\/de\\\/produit\\\/digitale-anzeige-sgd-24-m\\\/#breadcrumb\",\"itemListElement\":[{\"@type\":\"ListItem\",\"position\":1,\"name\":\"Accueil\",\"item\":\"https:\\\/\\\/sysmatec.ch\\\/de\\\/\"},{\"@type\":\"ListItem\",\"position\":2,\"name\":\"Die Aktivit\u00e4t von Sysmatec\",\"item\":\"https:\\\/\\\/sysmatec.ch\\\/de\\\/\"},{\"@type\":\"ListItem\",\"position\":3,\"name\":\"Digitale Anzeige SGD 24-M\"}]},{\"@type\":\"WebSite\",\"@id\":\"https:\\\/\\\/sysmatec.ch\\\/de\\\/#website\",\"url\":\"https:\\\/\\\/sysmatec.ch\\\/de\\\/\",\"name\":\"Sysmatec\",\"description\":\"Equipement de laboratoire et logiciels\",\"publisher\":{\"@id\":\"https:\\\/\\\/sysmatec.ch\\\/de\\\/#organization\"},\"potentialAction\":[{\"@type\":\"SearchAction\",\"target\":{\"@type\":\"EntryPoint\",\"urlTemplate\":\"https:\\\/\\\/sysmatec.ch\\\/de\\\/?s={search_term_string}\"},\"query-input\":{\"@type\":\"PropertyValueSpecification\",\"valueRequired\":true,\"valueName\":\"search_term_string\"}}],\"inLanguage\":\"de\"},{\"@type\":\"Organization\",\"@id\":\"https:\\\/\\\/sysmatec.ch\\\/de\\\/#organization\",\"name\":\"Sysmatec\",\"url\":\"https:\\\/\\\/sysmatec.ch\\\/de\\\/\",\"logo\":{\"@type\":\"ImageObject\",\"inLanguage\":\"de\",\"@id\":\"https:\\\/\\\/sysmatec.ch\\\/de\\\/#\\\/schema\\\/logo\\\/image\\\/\",\"url\":\"https:\\\/\\\/sysmatec.ch\\\/wp-content\\\/uploads\\\/2018\\\/11\\\/LogoSysmatec.jpg\",\"contentUrl\":\"https:\\\/\\\/sysmatec.ch\\\/wp-content\\\/uploads\\\/2018\\\/11\\\/LogoSysmatec.jpg\",\"width\":301,\"height\":297,\"caption\":\"Sysmatec\"},\"image\":{\"@id\":\"https:\\\/\\\/sysmatec.ch\\\/de\\\/#\\\/schema\\\/logo\\\/image\\\/\"}}]}<\/script>\n<!-- \/ Yoast SEO plugin. -->","yoast_head_json":{"title":"Digitale Anzeige SGD 24-M - Sysmatec","description":"Digitaler Bildschirm. Es hat einen Spannungseingang mit 8 Messbereichen von 0 bis 40 V. Es ist \u00fcber seinen USB-Anschluss programmierbar.","robots":{"index":"index","follow":"follow","max-snippet":"max-snippet:-1","max-image-preview":"max-image-preview:large","max-video-preview":"max-video-preview:-1"},"canonical":"https:\/\/sysmatec.ch\/de\/produit\/digitale-anzeige-sgd-24-m\/","og_locale":"de_DE","og_type":"article","og_title":"Digitale Anzeige SGD 24-M - Sysmatec","og_description":"Digitaler Bildschirm. Es hat einen Spannungseingang mit 8 Messbereichen von 0 bis 40 V. Es ist \u00fcber seinen USB-Anschluss programmierbar.","og_url":"https:\/\/sysmatec.ch\/de\/produit\/digitale-anzeige-sgd-24-m\/","og_site_name":"Sysmatec","article_modified_time":"2022-02-04T10:20:02+00:00","og_image":[{"width":184,"height":138,"url":"https:\/\/sysmatec.ch\/wp-content\/uploads\/2019\/04\/Afficheur_LascarSGD24M.jpg","type":"image\/jpeg"}],"twitter_card":"summary_large_image","twitter_misc":{"Gesch\u00e4tzte Lesezeit":"1\u00a0Minute"},"schema":{"@context":"https:\/\/schema.org","@graph":[{"@type":"WebPage","@id":"https:\/\/sysmatec.ch\/de\/produit\/digitale-anzeige-sgd-24-m\/","url":"https:\/\/sysmatec.ch\/de\/produit\/digitale-anzeige-sgd-24-m\/","name":"Digitale Anzeige SGD 24-M - Sysmatec","isPartOf":{"@id":"https:\/\/sysmatec.ch\/de\/#website"},"primaryImageOfPage":{"@id":"https:\/\/sysmatec.ch\/de\/produit\/digitale-anzeige-sgd-24-m\/#primaryimage"},"image":{"@id":"https:\/\/sysmatec.ch\/de\/produit\/digitale-anzeige-sgd-24-m\/#primaryimage"},"thumbnailUrl":"https:\/\/sysmatec.ch\/wp-content\/uploads\/2019\/04\/Afficheur_LascarSGD24M.jpg","datePublished":"2019-04-11T15:53:02+00:00","dateModified":"2022-02-04T10:20:02+00:00","description":"Digitaler Bildschirm. Es hat einen Spannungseingang mit 8 Messbereichen von 0 bis 40 V. Es ist \u00fcber seinen USB-Anschluss programmierbar.","breadcrumb":{"@id":"https:\/\/sysmatec.ch\/de\/produit\/digitale-anzeige-sgd-24-m\/#breadcrumb"},"inLanguage":"de","potentialAction":[{"@type":"ReadAction","target":["https:\/\/sysmatec.ch\/de\/produit\/digitale-anzeige-sgd-24-m\/"]}]},{"@type":"ImageObject","inLanguage":"de","@id":"https:\/\/sysmatec.ch\/de\/produit\/digitale-anzeige-sgd-24-m\/#primaryimage","url":"https:\/\/sysmatec.ch\/wp-content\/uploads\/2019\/04\/Afficheur_LascarSGD24M.jpg","contentUrl":"https:\/\/sysmatec.ch\/wp-content\/uploads\/2019\/04\/Afficheur_LascarSGD24M.jpg","width":184,"height":138},{"@type":"BreadcrumbList","@id":"https:\/\/sysmatec.ch\/de\/produit\/digitale-anzeige-sgd-24-m\/#breadcrumb","itemListElement":[{"@type":"ListItem","position":1,"name":"Accueil","item":"https:\/\/sysmatec.ch\/de\/"},{"@type":"ListItem","position":2,"name":"Die Aktivit\u00e4t von Sysmatec","item":"https:\/\/sysmatec.ch\/de\/"},{"@type":"ListItem","position":3,"name":"Digitale Anzeige SGD 24-M"}]},{"@type":"WebSite","@id":"https:\/\/sysmatec.ch\/de\/#website","url":"https:\/\/sysmatec.ch\/de\/","name":"Sysmatec","description":"Equipement de laboratoire et logiciels","publisher":{"@id":"https:\/\/sysmatec.ch\/de\/#organization"},"potentialAction":[{"@type":"SearchAction","target":{"@type":"EntryPoint","urlTemplate":"https:\/\/sysmatec.ch\/de\/?s={search_term_string}"},"query-input":{"@type":"PropertyValueSpecification","valueRequired":true,"valueName":"search_term_string"}}],"inLanguage":"de"},{"@type":"Organization","@id":"https:\/\/sysmatec.ch\/de\/#organization","name":"Sysmatec","url":"https:\/\/sysmatec.ch\/de\/","logo":{"@type":"ImageObject","inLanguage":"de","@id":"https:\/\/sysmatec.ch\/de\/#\/schema\/logo\/image\/","url":"https:\/\/sysmatec.ch\/wp-content\/uploads\/2018\/11\/LogoSysmatec.jpg","contentUrl":"https:\/\/sysmatec.ch\/wp-content\/uploads\/2018\/11\/LogoSysmatec.jpg","width":301,"height":297,"caption":"Sysmatec"},"image":{"@id":"https:\/\/sysmatec.ch\/de\/#\/schema\/logo\/image\/"}}]}},"_links":{"self":[{"href":"https:\/\/sysmatec.ch\/de\/wp-json\/wp\/v2\/product\/5261","targetHints":{"allow":["GET"]}}],"collection":[{"href":"https:\/\/sysmatec.ch\/de\/wp-json\/wp\/v2\/product"}],"about":[{"href":"https:\/\/sysmatec.ch\/de\/wp-json\/wp\/v2\/types\/product"}],"wp:featuredmedia":[{"embeddable":true,"href":"https:\/\/sysmatec.ch\/de\/wp-json\/wp\/v2\/media\/5258"}],"wp:attachment":[{"href":"https:\/\/sysmatec.ch\/de\/wp-json\/wp\/v2\/media?parent=5261"}],"wp:term":[{"taxonomy":"product_brand","embeddable":true,"href":"https:\/\/sysmatec.ch\/de\/wp-json\/wp\/v2\/product_brand?post=5261"},{"taxonomy":"product_cat","embeddable":true,"href":"https:\/\/sysmatec.ch\/de\/wp-json\/wp\/v2\/product_cat?post=5261"},{"taxonomy":"product_tag","embeddable":true,"href":"https:\/\/sysmatec.ch\/de\/wp-json\/wp\/v2\/product_tag?post=5261"}],"curies":[{"name":"wp","href":"https:\/\/api.w.org\/{rel}","templated":true}]}}