{"id":5231,"date":"2019-04-09T09:53:27","date_gmt":"2019-04-09T07:53:27","guid":{"rendered":"https:\/\/sysmatec.ch\/produit\/afficheur-digital-simex-srtn118\/"},"modified":"2022-02-04T11:48:18","modified_gmt":"2022-02-04T10:48:18","slug":"digitale-anzeige-cit-300-wall","status":"publish","type":"product","link":"https:\/\/sysmatec.ch\/de\/Produkt\/digitale-anzeige-cit-300-wall\/","title":{"rendered":"Digitale Anzeige CIT 300 Wall"},"content":{"rendered":"<p><span title=\"\">Mit dieser Digitalanzeige k\u00f6nnen Sie die Parameter Ihres Prozesses anzeigen.<\/span> <span title=\"\">Es soll in einen Schrank oder eine Box eingesetzt werden.<\/span> <span title=\"\">Es verf\u00fcgt entweder \u00fcber einen analogen Standardeingang (Strom und Spannung) oder einen Eingang f\u00fcr Pt100-, Pt500-, Pt1000- oder Thermoelement-Sonden.<\/span> <span title=\"\">Es ist m\u00f6glich, 2 bis 4 Relais hinzuzuf\u00fcgen, um Alarme anzuschlie\u00dfen oder einen analogen Strom- oder Spannungsausgang zu regeln.<\/span><\/p>\n<ul>\n<li><span tabindex=\"-1\" title=\"\" contenteditable=\"false\">Optional 2 bis 4 Relais zur Steuerung des Prozesses<\/span><\/li>\n<li><span title=\"\">Die Relaisausg\u00e4nge k\u00f6nnen einem oder zwei Schwellenwerten zugeordnet werden.<\/span> <span title=\"\">Es ist m\u00f6glich, Konfigurations\u00e4nderungen vorzunehmen, ohne die Box mit einem Infrarotbefehl zu \u00f6ffnen.<\/span><\/li>\n<li><span title=\"\">Ein zus\u00e4tzlicher 24-VDC-Ausgang kann zur Stromversorgung des Sensors verwendet werden<\/span><\/li>\n<li><span title=\"\">\u00dcber eine RS-485-Schnittstelle k\u00f6nnen Daten an ein \u00dcbergeordnete System \u00fcbertragen werden.<\/span><\/li>\n<li><span title=\"\">Stromversorgung: 230 V AC \u00b1 10%, 24 V DC<\/span><\/li>\n<li><span title=\"\">Zeichen: 4 x 20 mm<\/span><\/li>\n<li><span title=\"\">Eingang (3 verschiedene Ger\u00e4te): 0 \/ 4-20 mA und 0-1 \/ 2\/5\/10 V oder Pt100, Pt500, Pt1000 oder Thermoelement<\/span><\/li>\n<li><span title=\"\">Ausg\u00e4nge: optionale 2, 3- oder 4-Relais 1A \/ 250V AC und ein Analogausgang (0 \/ 4-20 mA, 0-10 V, 0-5 V oder 0-10 V)<\/span><\/li>\n<\/ul>\n","protected":false},"excerpt":{"rendered":"<p><span style=\"display: inline !important; float: none; background-color: #ffffff; color: #333333; cursor: text; font-family: Georgia,'Times New Roman','Bitstream Charter',Times,serif; font-size: 16px; font-style: normal; font-variant: normal; font-weight: 400; letter-spacing: normal; orphans: 2; text-align: left; text-decoration: none; text-indent: 0px; text-transform: none; -webkit-text-stroke-width: 0px; white-space: normal; word-spacing: 0px;\">Digitalanzeige f\u00fcr Prozess mit Standard-Strom-, Spannungs- und Temperatursensorsignalen (Pt100, Pt500, Pt1000, Thermoelemente)<\/span><\/p>\n","protected":false},"featured_media":5225,"template":"","meta":{"_crdt_document":""},"product_brand":[],"product_cat":[191,355,173],"product_tag":[],"class_list":{"0":"post-5231","1":"product","2":"type-product","3":"status-publish","4":"has-post-thumbnail","6":"product_cat-automation-de","7":"product_cat-digitale-anzeige","8":"product_cat-temperatur","10":"first","11":"instock","12":"taxable","13":"shipping-taxable","14":"product-type-simple"},"yoast_head":"<!-- This site is optimized with the Yoast SEO plugin v27.3 - https:\/\/yoast.com\/product\/yoast-seo-wordpress\/ -->\n<title>Digitale Anzeige CIT 300 Wall - Sysmatec<\/title>\n<meta name=\"description\" content=\"Digitalanzeige mit Spannungs-, Strom- oder Temperatureingang. Es zeigt die tats\u00e4chlichen Werte an. Schriftgr\u00f6\u00dfe 20 mm. Es hat auch digitale Ausg\u00e4nge.\" \/>\n<meta name=\"robots\" content=\"index, follow, max-snippet:-1, max-image-preview:large, max-video-preview:-1\" \/>\n<link rel=\"canonical\" href=\"https:\/\/sysmatec.ch\/de\/produit\/digitale-anzeige-cit-300-wall\/\" \/>\n<meta property=\"og:locale\" content=\"de_DE\" \/>\n<meta property=\"og:type\" content=\"article\" \/>\n<meta property=\"og:title\" content=\"Digitale Anzeige CIT 300 Wall - Sysmatec\" \/>\n<meta property=\"og:description\" content=\"Digitalanzeige mit Spannungs-, Strom- oder Temperatureingang. Es zeigt die tats\u00e4chlichen Werte an. Schriftgr\u00f6\u00dfe 20 mm. Es hat auch digitale Ausg\u00e4nge.\" \/>\n<meta property=\"og:url\" content=\"https:\/\/sysmatec.ch\/de\/produit\/digitale-anzeige-cit-300-wall\/\" \/>\n<meta property=\"og:site_name\" content=\"Sysmatec\" \/>\n<meta property=\"article:modified_time\" content=\"2022-02-04T10:48:18+00:00\" \/>\n<meta property=\"og:image\" content=\"https:\/\/sysmatec.ch\/wp-content\/uploads\/2019\/04\/Afficheur_SimexSRPN118.gif\" \/>\n\t<meta property=\"og:image:width\" content=\"137\" \/>\n\t<meta property=\"og:image:height\" content=\"133\" \/>\n\t<meta property=\"og:image:type\" content=\"image\/gif\" \/>\n<meta name=\"twitter:card\" content=\"summary_large_image\" \/>\n<meta name=\"twitter:label1\" content=\"Gesch\u00e4tzte Lesezeit\" \/>\n\t<meta name=\"twitter:data1\" content=\"1\u00a0Minute\" \/>\n<script type=\"application\/ld+json\" class=\"yoast-schema-graph\">{\"@context\":\"https:\\\/\\\/schema.org\",\"@graph\":[{\"@type\":\"WebPage\",\"@id\":\"https:\\\/\\\/sysmatec.ch\\\/de\\\/produit\\\/digitale-anzeige-cit-300-wall\\\/\",\"url\":\"https:\\\/\\\/sysmatec.ch\\\/de\\\/produit\\\/digitale-anzeige-cit-300-wall\\\/\",\"name\":\"Digitale Anzeige CIT 300 Wall - Sysmatec\",\"isPartOf\":{\"@id\":\"https:\\\/\\\/sysmatec.ch\\\/de\\\/#website\"},\"primaryImageOfPage\":{\"@id\":\"https:\\\/\\\/sysmatec.ch\\\/de\\\/produit\\\/digitale-anzeige-cit-300-wall\\\/#primaryimage\"},\"image\":{\"@id\":\"https:\\\/\\\/sysmatec.ch\\\/de\\\/produit\\\/digitale-anzeige-cit-300-wall\\\/#primaryimage\"},\"thumbnailUrl\":\"https:\\\/\\\/sysmatec.ch\\\/wp-content\\\/uploads\\\/2019\\\/04\\\/Afficheur_SimexSRPN118.gif\",\"datePublished\":\"2019-04-09T07:53:27+00:00\",\"dateModified\":\"2022-02-04T10:48:18+00:00\",\"description\":\"Digitalanzeige mit Spannungs-, Strom- oder Temperatureingang. Es zeigt die tats\u00e4chlichen Werte an. Schriftgr\u00f6\u00dfe 20 mm. Es hat auch digitale Ausg\u00e4nge.\",\"breadcrumb\":{\"@id\":\"https:\\\/\\\/sysmatec.ch\\\/de\\\/produit\\\/digitale-anzeige-cit-300-wall\\\/#breadcrumb\"},\"inLanguage\":\"de\",\"potentialAction\":[{\"@type\":\"ReadAction\",\"target\":[\"https:\\\/\\\/sysmatec.ch\\\/de\\\/produit\\\/digitale-anzeige-cit-300-wall\\\/\"]}]},{\"@type\":\"ImageObject\",\"inLanguage\":\"de\",\"@id\":\"https:\\\/\\\/sysmatec.ch\\\/de\\\/produit\\\/digitale-anzeige-cit-300-wall\\\/#primaryimage\",\"url\":\"https:\\\/\\\/sysmatec.ch\\\/wp-content\\\/uploads\\\/2019\\\/04\\\/Afficheur_SimexSRPN118.gif\",\"contentUrl\":\"https:\\\/\\\/sysmatec.ch\\\/wp-content\\\/uploads\\\/2019\\\/04\\\/Afficheur_SimexSRPN118.gif\",\"width\":137,\"height\":133},{\"@type\":\"BreadcrumbList\",\"@id\":\"https:\\\/\\\/sysmatec.ch\\\/de\\\/produit\\\/digitale-anzeige-cit-300-wall\\\/#breadcrumb\",\"itemListElement\":[{\"@type\":\"ListItem\",\"position\":1,\"name\":\"Accueil\",\"item\":\"https:\\\/\\\/sysmatec.ch\\\/de\\\/\"},{\"@type\":\"ListItem\",\"position\":2,\"name\":\"Die Aktivit\u00e4t von Sysmatec\",\"item\":\"https:\\\/\\\/sysmatec.ch\\\/de\\\/\"},{\"@type\":\"ListItem\",\"position\":3,\"name\":\"Digitale Anzeige CIT 300 Wall\"}]},{\"@type\":\"WebSite\",\"@id\":\"https:\\\/\\\/sysmatec.ch\\\/de\\\/#website\",\"url\":\"https:\\\/\\\/sysmatec.ch\\\/de\\\/\",\"name\":\"Sysmatec\",\"description\":\"Equipement de laboratoire et logiciels\",\"publisher\":{\"@id\":\"https:\\\/\\\/sysmatec.ch\\\/de\\\/#organization\"},\"potentialAction\":[{\"@type\":\"SearchAction\",\"target\":{\"@type\":\"EntryPoint\",\"urlTemplate\":\"https:\\\/\\\/sysmatec.ch\\\/de\\\/?s={search_term_string}\"},\"query-input\":{\"@type\":\"PropertyValueSpecification\",\"valueRequired\":true,\"valueName\":\"search_term_string\"}}],\"inLanguage\":\"de\"},{\"@type\":\"Organization\",\"@id\":\"https:\\\/\\\/sysmatec.ch\\\/de\\\/#organization\",\"name\":\"Sysmatec\",\"url\":\"https:\\\/\\\/sysmatec.ch\\\/de\\\/\",\"logo\":{\"@type\":\"ImageObject\",\"inLanguage\":\"de\",\"@id\":\"https:\\\/\\\/sysmatec.ch\\\/de\\\/#\\\/schema\\\/logo\\\/image\\\/\",\"url\":\"https:\\\/\\\/sysmatec.ch\\\/wp-content\\\/uploads\\\/2018\\\/11\\\/LogoSysmatec.jpg\",\"contentUrl\":\"https:\\\/\\\/sysmatec.ch\\\/wp-content\\\/uploads\\\/2018\\\/11\\\/LogoSysmatec.jpg\",\"width\":301,\"height\":297,\"caption\":\"Sysmatec\"},\"image\":{\"@id\":\"https:\\\/\\\/sysmatec.ch\\\/de\\\/#\\\/schema\\\/logo\\\/image\\\/\"}}]}<\/script>\n<!-- \/ Yoast SEO plugin. -->","yoast_head_json":{"title":"Digitale Anzeige CIT 300 Wall - Sysmatec","description":"Digitalanzeige mit Spannungs-, Strom- oder Temperatureingang. Es zeigt die tats\u00e4chlichen Werte an. Schriftgr\u00f6\u00dfe 20 mm. Es hat auch digitale Ausg\u00e4nge.","robots":{"index":"index","follow":"follow","max-snippet":"max-snippet:-1","max-image-preview":"max-image-preview:large","max-video-preview":"max-video-preview:-1"},"canonical":"https:\/\/sysmatec.ch\/de\/produit\/digitale-anzeige-cit-300-wall\/","og_locale":"de_DE","og_type":"article","og_title":"Digitale Anzeige CIT 300 Wall - Sysmatec","og_description":"Digitalanzeige mit Spannungs-, Strom- oder Temperatureingang. Es zeigt die tats\u00e4chlichen Werte an. Schriftgr\u00f6\u00dfe 20 mm. Es hat auch digitale Ausg\u00e4nge.","og_url":"https:\/\/sysmatec.ch\/de\/produit\/digitale-anzeige-cit-300-wall\/","og_site_name":"Sysmatec","article_modified_time":"2022-02-04T10:48:18+00:00","og_image":[{"width":137,"height":133,"url":"https:\/\/sysmatec.ch\/wp-content\/uploads\/2019\/04\/Afficheur_SimexSRPN118.gif","type":"image\/gif"}],"twitter_card":"summary_large_image","twitter_misc":{"Gesch\u00e4tzte Lesezeit":"1\u00a0Minute"},"schema":{"@context":"https:\/\/schema.org","@graph":[{"@type":"WebPage","@id":"https:\/\/sysmatec.ch\/de\/produit\/digitale-anzeige-cit-300-wall\/","url":"https:\/\/sysmatec.ch\/de\/produit\/digitale-anzeige-cit-300-wall\/","name":"Digitale Anzeige CIT 300 Wall - Sysmatec","isPartOf":{"@id":"https:\/\/sysmatec.ch\/de\/#website"},"primaryImageOfPage":{"@id":"https:\/\/sysmatec.ch\/de\/produit\/digitale-anzeige-cit-300-wall\/#primaryimage"},"image":{"@id":"https:\/\/sysmatec.ch\/de\/produit\/digitale-anzeige-cit-300-wall\/#primaryimage"},"thumbnailUrl":"https:\/\/sysmatec.ch\/wp-content\/uploads\/2019\/04\/Afficheur_SimexSRPN118.gif","datePublished":"2019-04-09T07:53:27+00:00","dateModified":"2022-02-04T10:48:18+00:00","description":"Digitalanzeige mit Spannungs-, Strom- oder Temperatureingang. Es zeigt die tats\u00e4chlichen Werte an. Schriftgr\u00f6\u00dfe 20 mm. Es hat auch digitale Ausg\u00e4nge.","breadcrumb":{"@id":"https:\/\/sysmatec.ch\/de\/produit\/digitale-anzeige-cit-300-wall\/#breadcrumb"},"inLanguage":"de","potentialAction":[{"@type":"ReadAction","target":["https:\/\/sysmatec.ch\/de\/produit\/digitale-anzeige-cit-300-wall\/"]}]},{"@type":"ImageObject","inLanguage":"de","@id":"https:\/\/sysmatec.ch\/de\/produit\/digitale-anzeige-cit-300-wall\/#primaryimage","url":"https:\/\/sysmatec.ch\/wp-content\/uploads\/2019\/04\/Afficheur_SimexSRPN118.gif","contentUrl":"https:\/\/sysmatec.ch\/wp-content\/uploads\/2019\/04\/Afficheur_SimexSRPN118.gif","width":137,"height":133},{"@type":"BreadcrumbList","@id":"https:\/\/sysmatec.ch\/de\/produit\/digitale-anzeige-cit-300-wall\/#breadcrumb","itemListElement":[{"@type":"ListItem","position":1,"name":"Accueil","item":"https:\/\/sysmatec.ch\/de\/"},{"@type":"ListItem","position":2,"name":"Die Aktivit\u00e4t von Sysmatec","item":"https:\/\/sysmatec.ch\/de\/"},{"@type":"ListItem","position":3,"name":"Digitale Anzeige CIT 300 Wall"}]},{"@type":"WebSite","@id":"https:\/\/sysmatec.ch\/de\/#website","url":"https:\/\/sysmatec.ch\/de\/","name":"Sysmatec","description":"Equipement de laboratoire et logiciels","publisher":{"@id":"https:\/\/sysmatec.ch\/de\/#organization"},"potentialAction":[{"@type":"SearchAction","target":{"@type":"EntryPoint","urlTemplate":"https:\/\/sysmatec.ch\/de\/?s={search_term_string}"},"query-input":{"@type":"PropertyValueSpecification","valueRequired":true,"valueName":"search_term_string"}}],"inLanguage":"de"},{"@type":"Organization","@id":"https:\/\/sysmatec.ch\/de\/#organization","name":"Sysmatec","url":"https:\/\/sysmatec.ch\/de\/","logo":{"@type":"ImageObject","inLanguage":"de","@id":"https:\/\/sysmatec.ch\/de\/#\/schema\/logo\/image\/","url":"https:\/\/sysmatec.ch\/wp-content\/uploads\/2018\/11\/LogoSysmatec.jpg","contentUrl":"https:\/\/sysmatec.ch\/wp-content\/uploads\/2018\/11\/LogoSysmatec.jpg","width":301,"height":297,"caption":"Sysmatec"},"image":{"@id":"https:\/\/sysmatec.ch\/de\/#\/schema\/logo\/image\/"}}]}},"_links":{"self":[{"href":"https:\/\/sysmatec.ch\/de\/wp-json\/wp\/v2\/product\/5231","targetHints":{"allow":["GET"]}}],"collection":[{"href":"https:\/\/sysmatec.ch\/de\/wp-json\/wp\/v2\/product"}],"about":[{"href":"https:\/\/sysmatec.ch\/de\/wp-json\/wp\/v2\/types\/product"}],"wp:featuredmedia":[{"embeddable":true,"href":"https:\/\/sysmatec.ch\/de\/wp-json\/wp\/v2\/media\/5225"}],"wp:attachment":[{"href":"https:\/\/sysmatec.ch\/de\/wp-json\/wp\/v2\/media?parent=5231"}],"wp:term":[{"taxonomy":"product_brand","embeddable":true,"href":"https:\/\/sysmatec.ch\/de\/wp-json\/wp\/v2\/product_brand?post=5231"},{"taxonomy":"product_cat","embeddable":true,"href":"https:\/\/sysmatec.ch\/de\/wp-json\/wp\/v2\/product_cat?post=5231"},{"taxonomy":"product_tag","embeddable":true,"href":"https:\/\/sysmatec.ch\/de\/wp-json\/wp\/v2\/product_tag?post=5231"}],"curies":[{"name":"wp","href":"https:\/\/api.w.org\/{rel}","templated":true}]}}