{"id":5215,"date":"2019-04-08T20:48:06","date_gmt":"2019-04-08T18:48:06","guid":{"rendered":"https:\/\/sysmatec.ch\/produit\/afficheur-digital-simex-srp73\/"},"modified":"2022-02-04T12:31:02","modified_gmt":"2022-02-04T11:31:02","slug":"digitale-anzeige-simex-srp73","status":"publish","type":"product","link":"https:\/\/sysmatec.ch\/de\/Produkt\/digitale-anzeige-simex-srp73\/","title":{"rendered":"Temperatur Datenlogger f\u00fcr Thermolemente S220T8"},"content":{"rendered":"<p><span title=\"\">Mit diesem Temperaturrekorder k\u00f6nnen Sie bis zu 8 Thermoelementsensoren K, J, E, T, R, N und B anschlie\u00dfen. Er verf\u00fcgt \u00fcber eine USB-Schnittstelle zur Daten\u00fcbertragung an einen PC.<\/span> <span title=\"\">Die Software (in englischer Sprache) wird mit dem Ger\u00e4t geliefert.<\/span> <span title=\"\">Sie k\u00f6nnen die Daten analysieren und im Excell-, PDF- oder BMP-Format exportieren.<\/span><\/p>\n<h2><span title=\"\">Datenlogger\u00a0 Eigenschaften<\/span><\/h2>\n<ul>\n<li><span title=\"\">Messbereich: -200 bis 1800 \u00b0 C<\/span><\/li>\n<li><span title=\"\">Aufl\u00f6sung: 0.1 \u00b0 C<\/span><\/li>\n<li><span title=\"\">Genauigkeit: +\/- 0.8 \u00b0 C +\/- 2%<\/span><\/li>\n<li><span title=\"\">Speicherkapazit\u00e4t: 88.000 Werte<\/span><\/li>\n<li><span title=\"\">Aufnahmeintervall: 2 Sekunden bis zu einem Tag<\/span><\/li>\n<li><span title=\"\">Umgebungsbedingungen: 0 bis 50 \u00b0 C, 0 bis 80% rF<\/span><\/li>\n<li><span title=\"\">Abmessungen: 162 x 95 x 35 mm<\/span><\/li>\n<li><span title=\"\">Stromversorgung: 9V Batterie oder 9V Adapter<\/span><\/li>\n<\/ul>\n","protected":false},"excerpt":{"rendered":"<p>Temperatur Datenlogger 8 Kan\u00e4le f\u00fcr Thermoelemente<\/p>\n","protected":false},"featured_media":22169,"template":"","meta":{"_crdt_document":""},"product_brand":[],"product_cat":[168,173],"product_tag":[],"class_list":{"0":"post-5215","1":"product","2":"type-product","3":"status-publish","4":"has-post-thumbnail","6":"product_cat-datenlogger","7":"product_cat-temperatur","9":"first","10":"instock","11":"taxable","12":"shipping-taxable","13":"purchasable","14":"product-type-simple"},"yoast_head":"<!-- This site is optimized with the Yoast SEO plugin v27.3 - https:\/\/yoast.com\/product\/yoast-seo-wordpress\/ -->\n<title>Temperatur Datenlogger f\u00fcr Thermolemente S220T8 - Sysmatec<\/title>\n<meta name=\"description\" content=\"Temperaturschreiber zum Anschluss von 8 K, J, E, T, R, N und B Thermoelement-Sensoren\" \/>\n<meta name=\"robots\" content=\"index, follow, max-snippet:-1, max-image-preview:large, max-video-preview:-1\" \/>\n<link rel=\"canonical\" href=\"https:\/\/sysmatec.ch\/de\/produit\/digitale-anzeige-simex-srp73\/\" \/>\n<meta property=\"og:locale\" content=\"de_DE\" \/>\n<meta property=\"og:type\" content=\"article\" \/>\n<meta property=\"og:title\" content=\"Temperatur Datenlogger f\u00fcr Thermolemente S220T8 - Sysmatec\" \/>\n<meta property=\"og:description\" content=\"Temperaturschreiber zum Anschluss von 8 K, J, E, T, R, N und B Thermoelement-Sensoren\" \/>\n<meta property=\"og:url\" content=\"https:\/\/sysmatec.ch\/de\/produit\/digitale-anzeige-simex-srp73\/\" \/>\n<meta property=\"og:site_name\" content=\"Sysmatec\" \/>\n<meta property=\"article:modified_time\" content=\"2022-02-04T11:31:02+00:00\" \/>\n<meta property=\"og:image\" content=\"https:\/\/sysmatec.ch\/wp-content\/uploads\/2019\/04\/EnregistreurTemperatureS220T8Huato1.png\" \/>\n\t<meta property=\"og:image:width\" content=\"1500\" \/>\n\t<meta property=\"og:image:height\" content=\"990\" \/>\n\t<meta property=\"og:image:type\" content=\"image\/png\" \/>\n<meta name=\"twitter:card\" content=\"summary_large_image\" \/>\n<meta name=\"twitter:label1\" content=\"Gesch\u00e4tzte Lesezeit\" \/>\n\t<meta name=\"twitter:data1\" content=\"1\u00a0Minute\" \/>\n<script type=\"application\/ld+json\" class=\"yoast-schema-graph\">{\"@context\":\"https:\\\/\\\/schema.org\",\"@graph\":[{\"@type\":\"WebPage\",\"@id\":\"https:\\\/\\\/sysmatec.ch\\\/de\\\/produit\\\/digitale-anzeige-simex-srp73\\\/\",\"url\":\"https:\\\/\\\/sysmatec.ch\\\/de\\\/produit\\\/digitale-anzeige-simex-srp73\\\/\",\"name\":\"Temperatur Datenlogger f\u00fcr Thermolemente S220T8 - Sysmatec\",\"isPartOf\":{\"@id\":\"https:\\\/\\\/sysmatec.ch\\\/de\\\/#website\"},\"primaryImageOfPage\":{\"@id\":\"https:\\\/\\\/sysmatec.ch\\\/de\\\/produit\\\/digitale-anzeige-simex-srp73\\\/#primaryimage\"},\"image\":{\"@id\":\"https:\\\/\\\/sysmatec.ch\\\/de\\\/produit\\\/digitale-anzeige-simex-srp73\\\/#primaryimage\"},\"thumbnailUrl\":\"https:\\\/\\\/sysmatec.ch\\\/wp-content\\\/uploads\\\/2019\\\/04\\\/EnregistreurTemperatureS220T8Huato1.png\",\"datePublished\":\"2019-04-08T18:48:06+00:00\",\"dateModified\":\"2022-02-04T11:31:02+00:00\",\"description\":\"Temperaturschreiber zum Anschluss von 8 K, J, E, T, R, N und B Thermoelement-Sensoren\",\"breadcrumb\":{\"@id\":\"https:\\\/\\\/sysmatec.ch\\\/de\\\/produit\\\/digitale-anzeige-simex-srp73\\\/#breadcrumb\"},\"inLanguage\":\"de\",\"potentialAction\":[{\"@type\":\"ReadAction\",\"target\":[\"https:\\\/\\\/sysmatec.ch\\\/de\\\/produit\\\/digitale-anzeige-simex-srp73\\\/\"]}]},{\"@type\":\"ImageObject\",\"inLanguage\":\"de\",\"@id\":\"https:\\\/\\\/sysmatec.ch\\\/de\\\/produit\\\/digitale-anzeige-simex-srp73\\\/#primaryimage\",\"url\":\"https:\\\/\\\/sysmatec.ch\\\/wp-content\\\/uploads\\\/2019\\\/04\\\/EnregistreurTemperatureS220T8Huato1.png\",\"contentUrl\":\"https:\\\/\\\/sysmatec.ch\\\/wp-content\\\/uploads\\\/2019\\\/04\\\/EnregistreurTemperatureS220T8Huato1.png\",\"width\":1500,\"height\":990},{\"@type\":\"BreadcrumbList\",\"@id\":\"https:\\\/\\\/sysmatec.ch\\\/de\\\/produit\\\/digitale-anzeige-simex-srp73\\\/#breadcrumb\",\"itemListElement\":[{\"@type\":\"ListItem\",\"position\":1,\"name\":\"Accueil\",\"item\":\"https:\\\/\\\/sysmatec.ch\\\/de\\\/\"},{\"@type\":\"ListItem\",\"position\":2,\"name\":\"Die Aktivit\u00e4t von Sysmatec\",\"item\":\"https:\\\/\\\/sysmatec.ch\\\/de\\\/\"},{\"@type\":\"ListItem\",\"position\":3,\"name\":\"Temperatur Datenlogger f\u00fcr Thermolemente S220T8\"}]},{\"@type\":\"WebSite\",\"@id\":\"https:\\\/\\\/sysmatec.ch\\\/de\\\/#website\",\"url\":\"https:\\\/\\\/sysmatec.ch\\\/de\\\/\",\"name\":\"Sysmatec\",\"description\":\"Equipement de laboratoire et logiciels\",\"publisher\":{\"@id\":\"https:\\\/\\\/sysmatec.ch\\\/de\\\/#organization\"},\"potentialAction\":[{\"@type\":\"SearchAction\",\"target\":{\"@type\":\"EntryPoint\",\"urlTemplate\":\"https:\\\/\\\/sysmatec.ch\\\/de\\\/?s={search_term_string}\"},\"query-input\":{\"@type\":\"PropertyValueSpecification\",\"valueRequired\":true,\"valueName\":\"search_term_string\"}}],\"inLanguage\":\"de\"},{\"@type\":\"Organization\",\"@id\":\"https:\\\/\\\/sysmatec.ch\\\/de\\\/#organization\",\"name\":\"Sysmatec\",\"url\":\"https:\\\/\\\/sysmatec.ch\\\/de\\\/\",\"logo\":{\"@type\":\"ImageObject\",\"inLanguage\":\"de\",\"@id\":\"https:\\\/\\\/sysmatec.ch\\\/de\\\/#\\\/schema\\\/logo\\\/image\\\/\",\"url\":\"https:\\\/\\\/sysmatec.ch\\\/wp-content\\\/uploads\\\/2018\\\/11\\\/LogoSysmatec.jpg\",\"contentUrl\":\"https:\\\/\\\/sysmatec.ch\\\/wp-content\\\/uploads\\\/2018\\\/11\\\/LogoSysmatec.jpg\",\"width\":301,\"height\":297,\"caption\":\"Sysmatec\"},\"image\":{\"@id\":\"https:\\\/\\\/sysmatec.ch\\\/de\\\/#\\\/schema\\\/logo\\\/image\\\/\"}}]}<\/script>\n<!-- \/ Yoast SEO plugin. -->","yoast_head_json":{"title":"Temperatur Datenlogger f\u00fcr Thermolemente S220T8 - Sysmatec","description":"Temperaturschreiber zum Anschluss von 8 K, J, E, T, R, N und B Thermoelement-Sensoren","robots":{"index":"index","follow":"follow","max-snippet":"max-snippet:-1","max-image-preview":"max-image-preview:large","max-video-preview":"max-video-preview:-1"},"canonical":"https:\/\/sysmatec.ch\/de\/produit\/digitale-anzeige-simex-srp73\/","og_locale":"de_DE","og_type":"article","og_title":"Temperatur Datenlogger f\u00fcr Thermolemente S220T8 - Sysmatec","og_description":"Temperaturschreiber zum Anschluss von 8 K, J, E, T, R, N und B Thermoelement-Sensoren","og_url":"https:\/\/sysmatec.ch\/de\/produit\/digitale-anzeige-simex-srp73\/","og_site_name":"Sysmatec","article_modified_time":"2022-02-04T11:31:02+00:00","og_image":[{"width":1500,"height":990,"url":"https:\/\/sysmatec.ch\/wp-content\/uploads\/2019\/04\/EnregistreurTemperatureS220T8Huato1.png","type":"image\/png"}],"twitter_card":"summary_large_image","twitter_misc":{"Gesch\u00e4tzte Lesezeit":"1\u00a0Minute"},"schema":{"@context":"https:\/\/schema.org","@graph":[{"@type":"WebPage","@id":"https:\/\/sysmatec.ch\/de\/produit\/digitale-anzeige-simex-srp73\/","url":"https:\/\/sysmatec.ch\/de\/produit\/digitale-anzeige-simex-srp73\/","name":"Temperatur Datenlogger f\u00fcr Thermolemente S220T8 - Sysmatec","isPartOf":{"@id":"https:\/\/sysmatec.ch\/de\/#website"},"primaryImageOfPage":{"@id":"https:\/\/sysmatec.ch\/de\/produit\/digitale-anzeige-simex-srp73\/#primaryimage"},"image":{"@id":"https:\/\/sysmatec.ch\/de\/produit\/digitale-anzeige-simex-srp73\/#primaryimage"},"thumbnailUrl":"https:\/\/sysmatec.ch\/wp-content\/uploads\/2019\/04\/EnregistreurTemperatureS220T8Huato1.png","datePublished":"2019-04-08T18:48:06+00:00","dateModified":"2022-02-04T11:31:02+00:00","description":"Temperaturschreiber zum Anschluss von 8 K, J, E, T, R, N und B Thermoelement-Sensoren","breadcrumb":{"@id":"https:\/\/sysmatec.ch\/de\/produit\/digitale-anzeige-simex-srp73\/#breadcrumb"},"inLanguage":"de","potentialAction":[{"@type":"ReadAction","target":["https:\/\/sysmatec.ch\/de\/produit\/digitale-anzeige-simex-srp73\/"]}]},{"@type":"ImageObject","inLanguage":"de","@id":"https:\/\/sysmatec.ch\/de\/produit\/digitale-anzeige-simex-srp73\/#primaryimage","url":"https:\/\/sysmatec.ch\/wp-content\/uploads\/2019\/04\/EnregistreurTemperatureS220T8Huato1.png","contentUrl":"https:\/\/sysmatec.ch\/wp-content\/uploads\/2019\/04\/EnregistreurTemperatureS220T8Huato1.png","width":1500,"height":990},{"@type":"BreadcrumbList","@id":"https:\/\/sysmatec.ch\/de\/produit\/digitale-anzeige-simex-srp73\/#breadcrumb","itemListElement":[{"@type":"ListItem","position":1,"name":"Accueil","item":"https:\/\/sysmatec.ch\/de\/"},{"@type":"ListItem","position":2,"name":"Die Aktivit\u00e4t von Sysmatec","item":"https:\/\/sysmatec.ch\/de\/"},{"@type":"ListItem","position":3,"name":"Temperatur Datenlogger f\u00fcr Thermolemente S220T8"}]},{"@type":"WebSite","@id":"https:\/\/sysmatec.ch\/de\/#website","url":"https:\/\/sysmatec.ch\/de\/","name":"Sysmatec","description":"Equipement de laboratoire et logiciels","publisher":{"@id":"https:\/\/sysmatec.ch\/de\/#organization"},"potentialAction":[{"@type":"SearchAction","target":{"@type":"EntryPoint","urlTemplate":"https:\/\/sysmatec.ch\/de\/?s={search_term_string}"},"query-input":{"@type":"PropertyValueSpecification","valueRequired":true,"valueName":"search_term_string"}}],"inLanguage":"de"},{"@type":"Organization","@id":"https:\/\/sysmatec.ch\/de\/#organization","name":"Sysmatec","url":"https:\/\/sysmatec.ch\/de\/","logo":{"@type":"ImageObject","inLanguage":"de","@id":"https:\/\/sysmatec.ch\/de\/#\/schema\/logo\/image\/","url":"https:\/\/sysmatec.ch\/wp-content\/uploads\/2018\/11\/LogoSysmatec.jpg","contentUrl":"https:\/\/sysmatec.ch\/wp-content\/uploads\/2018\/11\/LogoSysmatec.jpg","width":301,"height":297,"caption":"Sysmatec"},"image":{"@id":"https:\/\/sysmatec.ch\/de\/#\/schema\/logo\/image\/"}}]}},"_links":{"self":[{"href":"https:\/\/sysmatec.ch\/de\/wp-json\/wp\/v2\/product\/5215","targetHints":{"allow":["GET"]}}],"collection":[{"href":"https:\/\/sysmatec.ch\/de\/wp-json\/wp\/v2\/product"}],"about":[{"href":"https:\/\/sysmatec.ch\/de\/wp-json\/wp\/v2\/types\/product"}],"wp:featuredmedia":[{"embeddable":true,"href":"https:\/\/sysmatec.ch\/de\/wp-json\/wp\/v2\/media\/22169"}],"wp:attachment":[{"href":"https:\/\/sysmatec.ch\/de\/wp-json\/wp\/v2\/media?parent=5215"}],"wp:term":[{"taxonomy":"product_brand","embeddable":true,"href":"https:\/\/sysmatec.ch\/de\/wp-json\/wp\/v2\/product_brand?post=5215"},{"taxonomy":"product_cat","embeddable":true,"href":"https:\/\/sysmatec.ch\/de\/wp-json\/wp\/v2\/product_cat?post=5215"},{"taxonomy":"product_tag","embeddable":true,"href":"https:\/\/sysmatec.ch\/de\/wp-json\/wp\/v2\/product_tag?post=5215"}],"curies":[{"name":"wp","href":"https:\/\/api.w.org\/{rel}","templated":true}]}}