{"id":5208,"date":"2019-04-08T20:37:53","date_gmt":"2019-04-08T18:37:53","guid":{"rendered":"https:\/\/sysmatec.ch\/produit\/afficheur-digital-simex-swe73t\/"},"modified":"2022-04-25T11:17:32","modified_gmt":"2022-04-25T09:17:32","slug":"automatischer-exsikkator-ka-33-73x","status":"publish","type":"product","link":"https:\/\/sysmatec.ch\/de\/Produkt\/automatischer-exsikkator-ka-33-73x\/","title":{"rendered":"Automatischer Exsikkator KA.33-73X"},"content":{"rendered":"<p><span class=\"JLqJ4b ChMk0b\" data-language-for-alternatives=\"de\" data-language-to-translate-into=\"fr\" data-phrase-index=\"2\" data-number-of-phrases=\"6\"><span class=\"Q4iAWc\">Bernsteinfarbene Fenster verhindern Sch\u00e4den durch UV-Strahlen.<\/span><\/span><\/p>\n<p><span class=\"JLqJ4b ChMk0b\" data-language-for-alternatives=\"de\" data-language-to-translate-into=\"fr\" data-phrase-index=\"3\" data-number-of-phrases=\"6\"><span class=\"Q4iAWc\">Es kann verschiedene Produkte lagern, die empfindlich auf Feuchtigkeits\u00e4nderungen reagieren, wie elektronische Waren, Reagenzien usw.<\/span><\/span> <span class=\"JLqJ4b ChMk0b\" data-language-for-alternatives=\"de\" data-language-to-translate-into=\"fr\" data-phrase-index=\"5\" data-number-of-phrases=\"6\"><span class=\"Q4iAWc\">Die Trocknung erfolgt mit einem Peltier-Element.<\/span><\/span><\/p>\n<h2><span class=\"JLqJ4b ChMk0b\" data-language-for-alternatives=\"de\" data-language-to-translate-into=\"fr\" data-phrase-index=\"7\" data-number-of-phrases=\"32\"><span class=\"Q4iAWc\">Eigenschaften des Exsikkators<\/span><\/span><\/h2>\n<ul>\n<li><span class=\"JLqJ4b ChMk0b\" data-language-for-alternatives=\"de\" data-language-to-translate-into=\"fr\" data-phrase-index=\"9\" data-number-of-phrases=\"32\"><span class=\"Q4iAWc\">Hochdichte Schaumdichtungen verhindern perfekt Kontakt mit der Au\u00dfenseite.<\/span><\/span><\/li>\n<li><span class=\"JLqJ4b ChMk0b\" data-language-for-alternatives=\"de\" data-language-to-translate-into=\"fr\" data-phrase-index=\"11\" data-number-of-phrases=\"32\"><span class=\"Q4iAWc\">Ein breites digitales LCD-Display zeigt die interne Luftfeuchtigkeit und Temperatur an.<\/span><\/span><\/li>\n<li><span class=\"JLqJ4b ChMk0b\" data-language-for-alternatives=\"de\" data-language-to-translate-into=\"fr\" data-phrase-index=\"13\" data-number-of-phrases=\"32\"><span class=\"Q4iAWc\">Feuchtigkeitsregelbereich: 25-40%<\/span><\/span><\/li>\n<li><span class=\"JLqJ4b ChMk0b\" data-language-for-alternatives=\"de\" data-language-to-translate-into=\"fr\" data-phrase-index=\"15\" data-number-of-phrases=\"32\"><span class=\"Q4iAWc\">Volumen: 47.6 l<\/span><\/span><\/li>\n<li><span class=\"JLqJ4b ChMk0b\" data-language-for-alternatives=\"de\" data-language-to-translate-into=\"fr\" data-phrase-index=\"17\" data-number-of-phrases=\"32\"><span class=\"Q4iAWc\">Au\u00dfenma\u00dfe: 300 (B) \u00d7 380 (T) \u00d7 635 (H) mm<\/span><\/span><\/li>\n<li><span class=\"JLqJ4b ChMk0b\" data-language-for-alternatives=\"de\" data-language-to-translate-into=\"fr\" data-phrase-index=\"19\" data-number-of-phrases=\"32\"><span class=\"Q4iAWc\">Innenma\u00dfe: 280 (B) \u00d7 340 (T) \u00d7 500 (H) mm<\/span><\/span><\/li>\n<li><span class=\"JLqJ4b ChMk0b\" data-language-for-alternatives=\"de\" data-language-to-translate-into=\"fr\" data-phrase-index=\"21\" data-number-of-phrases=\"32\"><span class=\"Q4iAWc\">Gr\u00f6\u00dfe des Regals: 280 (B) \u00d7 340 (T) mm<\/span><\/span><\/li>\n<li><span class=\"JLqJ4b ChMk0b\" data-language-for-alternatives=\"de\" data-language-to-translate-into=\"fr\" data-phrase-index=\"23\" data-number-of-phrases=\"32\"><span class=\"Q4iAWc\">3 Regale<\/span><\/span><\/li>\n<li><span class=\"JLqJ4b ChMk0b\" data-language-for-alternatives=\"de\" data-language-to-translate-into=\"fr\" data-phrase-index=\"23\" data-number-of-phrases=\"32\"><span class=\"Q4iAWc\">1 digitales Thermo-Hygrometer (eingebaut) <\/span><\/span><\/li>\n<li><span class=\"JLqJ4b ChMk0b\" data-language-for-alternatives=\"de\" data-language-to-translate-into=\"fr\" data-phrase-index=\"25\" data-number-of-phrases=\"32\"><span class=\"Q4iAWc\">Material: K\u00f6rper aus ABS\uff0bPMMA, Rahmen aus ABS (Acrylnitril-Butadien-Styrol)<\/span><\/span><\/li>\n<li><span class=\"JLqJ4b ChMk0b\" data-language-for-alternatives=\"de\" data-language-to-translate-into=\"fr\" data-phrase-index=\"27\" data-number-of-phrases=\"32\"><span class=\"Q4iAWc\">Luftfeuchtigkeitsanzeige: 1 bis 99 %, \u00b13 %<\/span><\/span><\/li>\n<li><span class=\"JLqJ4b ChMk0b\" data-language-for-alternatives=\"de\" data-language-to-translate-into=\"fr\" data-phrase-index=\"29\" data-number-of-phrases=\"32\"><span class=\"Q4iAWc\">Temperaturanzeige: -50\u00b0C bis 99\u00b0C, \u00b11\u00b0C<\/span><\/span><\/li>\n<li><span class=\"JLqJ4b ChMk0b\" data-language-for-alternatives=\"de\" data-language-to-translate-into=\"fr\" data-phrase-index=\"31\" data-number-of-phrases=\"32\"><span class=\"Q4iAWc\">Stromversorgung: AC220V, 50\/60Hz<\/span><\/span><\/li>\n<\/ul>\n","protected":false},"excerpt":{"rendered":"<p>Exsikkator mit aktiver Trocknung. Es kann Temperatur und Luftfeuchtigkeit in der Kammer anzeigen.<\/p>\n","protected":false},"featured_media":27217,"template":"","meta":{"_crdt_document":""},"product_brand":[],"product_cat":[143],"product_tag":[],"class_list":{"0":"post-5208","1":"product","2":"type-product","3":"status-publish","4":"has-post-thumbnail","6":"product_cat-exsikkator","8":"first","9":"instock","10":"taxable","11":"shipping-taxable","12":"product-type-simple"},"yoast_head":"<!-- This site is optimized with the Yoast SEO plugin v27.3 - https:\/\/yoast.com\/product\/yoast-seo-wordpress\/ -->\n<title>Automatischer Exsikkator KA.33-73X - Sysmatec<\/title>\n<meta name=\"description\" content=\"Exsikkator mit aktiver Trocknung. Es kann Temperatur und Luftfeuchtigkeit in der Kammer anzeigen. Geliefert mit 3 Regalen.\" \/>\n<meta name=\"robots\" content=\"index, follow, max-snippet:-1, max-image-preview:large, max-video-preview:-1\" \/>\n<link rel=\"canonical\" href=\"https:\/\/sysmatec.ch\/de\/produit\/automatischer-exsikkator-ka-33-73x\/\" \/>\n<meta property=\"og:locale\" content=\"de_DE\" \/>\n<meta property=\"og:type\" content=\"article\" \/>\n<meta property=\"og:title\" content=\"Automatischer Exsikkator KA.33-73X - Sysmatec\" \/>\n<meta property=\"og:description\" content=\"Exsikkator mit aktiver Trocknung. Es kann Temperatur und Luftfeuchtigkeit in der Kammer anzeigen. Geliefert mit 3 Regalen.\" \/>\n<meta property=\"og:url\" content=\"https:\/\/sysmatec.ch\/de\/produit\/automatischer-exsikkator-ka-33-73x\/\" \/>\n<meta property=\"og:site_name\" content=\"Sysmatec\" \/>\n<meta property=\"article:modified_time\" content=\"2022-04-25T09:17:32+00:00\" \/>\n<meta property=\"og:image\" content=\"https:\/\/sysmatec.ch\/wp-content\/uploads\/2019\/04\/DessiccateurKA3373X_KoreaAceScientific.jpg\" \/>\n\t<meta property=\"og:image:width\" content=\"460\" \/>\n\t<meta property=\"og:image:height\" content=\"580\" \/>\n\t<meta property=\"og:image:type\" content=\"image\/jpeg\" \/>\n<meta name=\"twitter:card\" content=\"summary_large_image\" \/>\n<meta name=\"twitter:label1\" content=\"Gesch\u00e4tzte Lesezeit\" \/>\n\t<meta name=\"twitter:data1\" content=\"1\u00a0Minute\" \/>\n<script type=\"application\/ld+json\" class=\"yoast-schema-graph\">{\"@context\":\"https:\\\/\\\/schema.org\",\"@graph\":[{\"@type\":\"WebPage\",\"@id\":\"https:\\\/\\\/sysmatec.ch\\\/de\\\/produit\\\/automatischer-exsikkator-ka-33-73x\\\/\",\"url\":\"https:\\\/\\\/sysmatec.ch\\\/de\\\/produit\\\/automatischer-exsikkator-ka-33-73x\\\/\",\"name\":\"Automatischer Exsikkator KA.33-73X - Sysmatec\",\"isPartOf\":{\"@id\":\"https:\\\/\\\/sysmatec.ch\\\/de\\\/#website\"},\"primaryImageOfPage\":{\"@id\":\"https:\\\/\\\/sysmatec.ch\\\/de\\\/produit\\\/automatischer-exsikkator-ka-33-73x\\\/#primaryimage\"},\"image\":{\"@id\":\"https:\\\/\\\/sysmatec.ch\\\/de\\\/produit\\\/automatischer-exsikkator-ka-33-73x\\\/#primaryimage\"},\"thumbnailUrl\":\"https:\\\/\\\/sysmatec.ch\\\/wp-content\\\/uploads\\\/2019\\\/04\\\/DessiccateurKA3373X_KoreaAceScientific.jpg\",\"datePublished\":\"2019-04-08T18:37:53+00:00\",\"dateModified\":\"2022-04-25T09:17:32+00:00\",\"description\":\"Exsikkator mit aktiver Trocknung. Es kann Temperatur und Luftfeuchtigkeit in der Kammer anzeigen. Geliefert mit 3 Regalen.\",\"breadcrumb\":{\"@id\":\"https:\\\/\\\/sysmatec.ch\\\/de\\\/produit\\\/automatischer-exsikkator-ka-33-73x\\\/#breadcrumb\"},\"inLanguage\":\"de\",\"potentialAction\":[{\"@type\":\"ReadAction\",\"target\":[\"https:\\\/\\\/sysmatec.ch\\\/de\\\/produit\\\/automatischer-exsikkator-ka-33-73x\\\/\"]}]},{\"@type\":\"ImageObject\",\"inLanguage\":\"de\",\"@id\":\"https:\\\/\\\/sysmatec.ch\\\/de\\\/produit\\\/automatischer-exsikkator-ka-33-73x\\\/#primaryimage\",\"url\":\"https:\\\/\\\/sysmatec.ch\\\/wp-content\\\/uploads\\\/2019\\\/04\\\/DessiccateurKA3373X_KoreaAceScientific.jpg\",\"contentUrl\":\"https:\\\/\\\/sysmatec.ch\\\/wp-content\\\/uploads\\\/2019\\\/04\\\/DessiccateurKA3373X_KoreaAceScientific.jpg\",\"width\":460,\"height\":580},{\"@type\":\"BreadcrumbList\",\"@id\":\"https:\\\/\\\/sysmatec.ch\\\/de\\\/produit\\\/automatischer-exsikkator-ka-33-73x\\\/#breadcrumb\",\"itemListElement\":[{\"@type\":\"ListItem\",\"position\":1,\"name\":\"Accueil\",\"item\":\"https:\\\/\\\/sysmatec.ch\\\/de\\\/\"},{\"@type\":\"ListItem\",\"position\":2,\"name\":\"Die Aktivit\u00e4t von Sysmatec\",\"item\":\"https:\\\/\\\/sysmatec.ch\\\/de\\\/\"},{\"@type\":\"ListItem\",\"position\":3,\"name\":\"Automatischer Exsikkator KA.33-73X\"}]},{\"@type\":\"WebSite\",\"@id\":\"https:\\\/\\\/sysmatec.ch\\\/de\\\/#website\",\"url\":\"https:\\\/\\\/sysmatec.ch\\\/de\\\/\",\"name\":\"Sysmatec\",\"description\":\"Equipement de laboratoire et logiciels\",\"publisher\":{\"@id\":\"https:\\\/\\\/sysmatec.ch\\\/de\\\/#organization\"},\"potentialAction\":[{\"@type\":\"SearchAction\",\"target\":{\"@type\":\"EntryPoint\",\"urlTemplate\":\"https:\\\/\\\/sysmatec.ch\\\/de\\\/?s={search_term_string}\"},\"query-input\":{\"@type\":\"PropertyValueSpecification\",\"valueRequired\":true,\"valueName\":\"search_term_string\"}}],\"inLanguage\":\"de\"},{\"@type\":\"Organization\",\"@id\":\"https:\\\/\\\/sysmatec.ch\\\/de\\\/#organization\",\"name\":\"Sysmatec\",\"url\":\"https:\\\/\\\/sysmatec.ch\\\/de\\\/\",\"logo\":{\"@type\":\"ImageObject\",\"inLanguage\":\"de\",\"@id\":\"https:\\\/\\\/sysmatec.ch\\\/de\\\/#\\\/schema\\\/logo\\\/image\\\/\",\"url\":\"https:\\\/\\\/sysmatec.ch\\\/wp-content\\\/uploads\\\/2018\\\/11\\\/LogoSysmatec.jpg\",\"contentUrl\":\"https:\\\/\\\/sysmatec.ch\\\/wp-content\\\/uploads\\\/2018\\\/11\\\/LogoSysmatec.jpg\",\"width\":301,\"height\":297,\"caption\":\"Sysmatec\"},\"image\":{\"@id\":\"https:\\\/\\\/sysmatec.ch\\\/de\\\/#\\\/schema\\\/logo\\\/image\\\/\"}}]}<\/script>\n<!-- \/ Yoast SEO plugin. -->","yoast_head_json":{"title":"Automatischer Exsikkator KA.33-73X - Sysmatec","description":"Exsikkator mit aktiver Trocknung. Es kann Temperatur und Luftfeuchtigkeit in der Kammer anzeigen. Geliefert mit 3 Regalen.","robots":{"index":"index","follow":"follow","max-snippet":"max-snippet:-1","max-image-preview":"max-image-preview:large","max-video-preview":"max-video-preview:-1"},"canonical":"https:\/\/sysmatec.ch\/de\/produit\/automatischer-exsikkator-ka-33-73x\/","og_locale":"de_DE","og_type":"article","og_title":"Automatischer Exsikkator KA.33-73X - Sysmatec","og_description":"Exsikkator mit aktiver Trocknung. Es kann Temperatur und Luftfeuchtigkeit in der Kammer anzeigen. Geliefert mit 3 Regalen.","og_url":"https:\/\/sysmatec.ch\/de\/produit\/automatischer-exsikkator-ka-33-73x\/","og_site_name":"Sysmatec","article_modified_time":"2022-04-25T09:17:32+00:00","og_image":[{"width":460,"height":580,"url":"https:\/\/sysmatec.ch\/wp-content\/uploads\/2019\/04\/DessiccateurKA3373X_KoreaAceScientific.jpg","type":"image\/jpeg"}],"twitter_card":"summary_large_image","twitter_misc":{"Gesch\u00e4tzte Lesezeit":"1\u00a0Minute"},"schema":{"@context":"https:\/\/schema.org","@graph":[{"@type":"WebPage","@id":"https:\/\/sysmatec.ch\/de\/produit\/automatischer-exsikkator-ka-33-73x\/","url":"https:\/\/sysmatec.ch\/de\/produit\/automatischer-exsikkator-ka-33-73x\/","name":"Automatischer Exsikkator KA.33-73X - Sysmatec","isPartOf":{"@id":"https:\/\/sysmatec.ch\/de\/#website"},"primaryImageOfPage":{"@id":"https:\/\/sysmatec.ch\/de\/produit\/automatischer-exsikkator-ka-33-73x\/#primaryimage"},"image":{"@id":"https:\/\/sysmatec.ch\/de\/produit\/automatischer-exsikkator-ka-33-73x\/#primaryimage"},"thumbnailUrl":"https:\/\/sysmatec.ch\/wp-content\/uploads\/2019\/04\/DessiccateurKA3373X_KoreaAceScientific.jpg","datePublished":"2019-04-08T18:37:53+00:00","dateModified":"2022-04-25T09:17:32+00:00","description":"Exsikkator mit aktiver Trocknung. Es kann Temperatur und Luftfeuchtigkeit in der Kammer anzeigen. Geliefert mit 3 Regalen.","breadcrumb":{"@id":"https:\/\/sysmatec.ch\/de\/produit\/automatischer-exsikkator-ka-33-73x\/#breadcrumb"},"inLanguage":"de","potentialAction":[{"@type":"ReadAction","target":["https:\/\/sysmatec.ch\/de\/produit\/automatischer-exsikkator-ka-33-73x\/"]}]},{"@type":"ImageObject","inLanguage":"de","@id":"https:\/\/sysmatec.ch\/de\/produit\/automatischer-exsikkator-ka-33-73x\/#primaryimage","url":"https:\/\/sysmatec.ch\/wp-content\/uploads\/2019\/04\/DessiccateurKA3373X_KoreaAceScientific.jpg","contentUrl":"https:\/\/sysmatec.ch\/wp-content\/uploads\/2019\/04\/DessiccateurKA3373X_KoreaAceScientific.jpg","width":460,"height":580},{"@type":"BreadcrumbList","@id":"https:\/\/sysmatec.ch\/de\/produit\/automatischer-exsikkator-ka-33-73x\/#breadcrumb","itemListElement":[{"@type":"ListItem","position":1,"name":"Accueil","item":"https:\/\/sysmatec.ch\/de\/"},{"@type":"ListItem","position":2,"name":"Die Aktivit\u00e4t von Sysmatec","item":"https:\/\/sysmatec.ch\/de\/"},{"@type":"ListItem","position":3,"name":"Automatischer Exsikkator KA.33-73X"}]},{"@type":"WebSite","@id":"https:\/\/sysmatec.ch\/de\/#website","url":"https:\/\/sysmatec.ch\/de\/","name":"Sysmatec","description":"Equipement de laboratoire et logiciels","publisher":{"@id":"https:\/\/sysmatec.ch\/de\/#organization"},"potentialAction":[{"@type":"SearchAction","target":{"@type":"EntryPoint","urlTemplate":"https:\/\/sysmatec.ch\/de\/?s={search_term_string}"},"query-input":{"@type":"PropertyValueSpecification","valueRequired":true,"valueName":"search_term_string"}}],"inLanguage":"de"},{"@type":"Organization","@id":"https:\/\/sysmatec.ch\/de\/#organization","name":"Sysmatec","url":"https:\/\/sysmatec.ch\/de\/","logo":{"@type":"ImageObject","inLanguage":"de","@id":"https:\/\/sysmatec.ch\/de\/#\/schema\/logo\/image\/","url":"https:\/\/sysmatec.ch\/wp-content\/uploads\/2018\/11\/LogoSysmatec.jpg","contentUrl":"https:\/\/sysmatec.ch\/wp-content\/uploads\/2018\/11\/LogoSysmatec.jpg","width":301,"height":297,"caption":"Sysmatec"},"image":{"@id":"https:\/\/sysmatec.ch\/de\/#\/schema\/logo\/image\/"}}]}},"_links":{"self":[{"href":"https:\/\/sysmatec.ch\/de\/wp-json\/wp\/v2\/product\/5208","targetHints":{"allow":["GET"]}}],"collection":[{"href":"https:\/\/sysmatec.ch\/de\/wp-json\/wp\/v2\/product"}],"about":[{"href":"https:\/\/sysmatec.ch\/de\/wp-json\/wp\/v2\/types\/product"}],"wp:featuredmedia":[{"embeddable":true,"href":"https:\/\/sysmatec.ch\/de\/wp-json\/wp\/v2\/media\/27217"}],"wp:attachment":[{"href":"https:\/\/sysmatec.ch\/de\/wp-json\/wp\/v2\/media?parent=5208"}],"wp:term":[{"taxonomy":"product_brand","embeddable":true,"href":"https:\/\/sysmatec.ch\/de\/wp-json\/wp\/v2\/product_brand?post=5208"},{"taxonomy":"product_cat","embeddable":true,"href":"https:\/\/sysmatec.ch\/de\/wp-json\/wp\/v2\/product_cat?post=5208"},{"taxonomy":"product_tag","embeddable":true,"href":"https:\/\/sysmatec.ch\/de\/wp-json\/wp\/v2\/product_tag?post=5208"}],"curies":[{"name":"wp","href":"https:\/\/api.w.org\/{rel}","templated":true}]}}