{"id":5196,"date":"2019-04-08T20:12:01","date_gmt":"2019-04-08T18:12:01","guid":{"rendered":"https:\/\/sysmatec.ch\/produit\/modules-entrees-sorties-de-la-serie-expert-avec-connexion-ethernet\/"},"modified":"2022-02-04T21:00:47","modified_gmt":"2022-02-04T20:00:47","slug":"ein-ausgaenge-expert-modul-mit-ethernet-anschluss","status":"publish","type":"product","link":"https:\/\/sysmatec.ch\/de\/Produkt\/ein-ausgaenge-expert-modul-mit-ethernet-anschluss\/","title":{"rendered":"Ein- Ausg\u00e4nge Expert Modul mit Ethernet-Anschluss"},"content":{"rendered":"<p>Unterst\u00fctzt Ethernet 10\/100 Based-T-Kommunikation<\/p>\n<p>Unterst\u00fctzt Modbus \/ TCP, TCP \/ IP, UDP, ICMP, ARP<\/p>\n<p>EX-9015-MTCP:Ethernet Remote Monitoring Modul mit 7 RTD Eing\u00e4nge (Pt100, Pt1000, Balco 500 and Ni), 16 bits<\/p>\n<p>EX-9017-MTCP: Ethernet Remote Monitoring-Modul mit Spannung \/ Strom Eing\u00e4nge, 8 differentielle Analogeing\u00e4nge (\u00b1 150mV, \u00b1 500mV, \u00b1 1V, \u00b1 5V, \u00b1 10V, 0-20mA, 4-20mA), 16 Bit, 2 digitale Ausg\u00e4nge<\/p>\n<p>EX9019-MTCP: Ethernet Remote Monitoring Modul mit 8-Temperatureing\u00e4ngen (J, K, T,E, R, S, B) und 2 digitale Ausg\u00e4ng (open Collector;NPN)<\/p>\n<p>EX-9050-MTCP:Ethernet Remote Monitoring Modul mit 12 digitalen Eing\u00e4ngen und 6 digitalen Ausg\u00e4ngen<\/p>\n<p>EX-9051-MTCP:Ethernet Remote Monitoring Modul mit 12 digitalen Eing\u00e4ngen und 2 digitalen Ausg\u00e4ngen und 2 Z\u00e4hler\/Frequenz<\/p>\n<p>EX9053-MTCP: Ethernet Remote Monitoring Modul mit 12 digitalen Eing\u00e4ngen (Dry\/ Wet contact) und 4 digitalen Ausg\u00e4ngen (openCollector;NPN)<\/p>\n<p>EX9054-MTCP: Ethernet Remote Monitoring Modul mit 8 digitalen Eing\u00e4ngen (Differential)\/ 2 digitalen Ausg\u00e4ngen (openDrain;P-MOSFET)<\/p>\n<p>EX-9055D-MTCP: Ethernet Remote Monitoring Modul mit 8 digitalen Eing\u00e4ngen oder Z\u00e4hler \/ Frequenz-Eing\u00e4ngen, 8 digitalen Ausg\u00e4ngen (MOSFET bis 30V, 375mA pro Kanal, 3A maximaler Last)<\/p>\n<p>EX9060-MTCP: Ethernet Remote Monitoring Modul mit 8 digitalen Eing\u00e4ngen und 5 digitalen Ausg\u00e4ngen (Dry\/ Wet contact)\/ *3(Form A*1; FormC*2)<\/p>\n<p>EX9063-MTCP: Ethernet Remote Monitoring Modul mit 10 digitalen Ausg\u00e4ngen und 7 digitalen Ausg\u00e4ngen (Dry\/ Wet contact)\/ Output *3(FormA)<\/p>\n","protected":false},"excerpt":{"rendered":"<p>Ein- Ausg\u00e4nge Module mit Ethernet-Anschluss<\/p>\n","protected":false},"featured_media":5187,"template":"","meta":{"_crdt_document":""},"product_brand":[],"product_cat":[191,357],"product_tag":[],"class_list":{"0":"post-5196","1":"product","2":"type-product","3":"status-publish","4":"has-post-thumbnail","6":"product_cat-automation-de","7":"product_cat-e-a-module","9":"first","10":"instock","11":"taxable","12":"shipping-taxable","13":"product-type-variable"},"yoast_head":"<!-- This site is optimized with the Yoast SEO plugin v27.4 - https:\/\/yoast.com\/product\/yoast-seo-wordpress\/ -->\n<title>Ein- Ausg\u00e4nge Expert Modul mit Ethernet-Anschluss - Sysmatec<\/title>\n<meta name=\"description\" content=\"Eingangsmodul zur Messung von Temperaturen, Spannungen, Str\u00f6men und Ausg\u00e4ngen mit Verbindung zum PC \u00fcber Ethernet-Netzwerk.\" \/>\n<meta name=\"robots\" content=\"index, follow, max-snippet:-1, max-image-preview:large, max-video-preview:-1\" \/>\n<link rel=\"canonical\" href=\"https:\/\/sysmatec.ch\/de\/produit\/ein-ausgaenge-expert-modul-mit-ethernet-anschluss\/\" \/>\n<meta property=\"og:locale\" content=\"de_DE\" \/>\n<meta property=\"og:type\" content=\"article\" \/>\n<meta property=\"og:title\" content=\"Ein- Ausg\u00e4nge Expert Modul mit Ethernet-Anschluss - Sysmatec\" \/>\n<meta property=\"og:description\" content=\"Eingangsmodul zur Messung von Temperaturen, Spannungen, Str\u00f6men und Ausg\u00e4ngen mit Verbindung zum PC \u00fcber Ethernet-Netzwerk.\" \/>\n<meta property=\"og:url\" content=\"https:\/\/sysmatec.ch\/de\/produit\/ein-ausgaenge-expert-modul-mit-ethernet-anschluss\/\" \/>\n<meta property=\"og:site_name\" content=\"Sysmatec\" \/>\n<meta property=\"article:modified_time\" content=\"2022-02-04T20:00:47+00:00\" \/>\n<meta property=\"og:image\" content=\"https:\/\/sysmatec.ch\/wp-content\/uploads\/2019\/04\/Automation_TopscccExpert9000_2.jpg\" \/>\n\t<meta property=\"og:image:width\" content=\"185\" \/>\n\t<meta property=\"og:image:height\" content=\"225\" \/>\n\t<meta property=\"og:image:type\" content=\"image\/jpeg\" \/>\n<meta name=\"twitter:card\" content=\"summary_large_image\" \/>\n<meta name=\"twitter:label1\" content=\"Gesch\u00e4tzte Lesezeit\" \/>\n\t<meta name=\"twitter:data1\" content=\"1\u00a0Minute\" \/>\n<script type=\"application\/ld+json\" class=\"yoast-schema-graph\">{\"@context\":\"https:\\\/\\\/schema.org\",\"@graph\":[{\"@type\":\"WebPage\",\"@id\":\"https:\\\/\\\/sysmatec.ch\\\/de\\\/produit\\\/ein-ausgaenge-expert-modul-mit-ethernet-anschluss\\\/\",\"url\":\"https:\\\/\\\/sysmatec.ch\\\/de\\\/produit\\\/ein-ausgaenge-expert-modul-mit-ethernet-anschluss\\\/\",\"name\":\"Ein- Ausg\u00e4nge Expert Modul mit Ethernet-Anschluss - Sysmatec\",\"isPartOf\":{\"@id\":\"https:\\\/\\\/sysmatec.ch\\\/de\\\/#website\"},\"primaryImageOfPage\":{\"@id\":\"https:\\\/\\\/sysmatec.ch\\\/de\\\/produit\\\/ein-ausgaenge-expert-modul-mit-ethernet-anschluss\\\/#primaryimage\"},\"image\":{\"@id\":\"https:\\\/\\\/sysmatec.ch\\\/de\\\/produit\\\/ein-ausgaenge-expert-modul-mit-ethernet-anschluss\\\/#primaryimage\"},\"thumbnailUrl\":\"https:\\\/\\\/sysmatec.ch\\\/wp-content\\\/uploads\\\/2019\\\/04\\\/Automation_TopscccExpert9000_2.jpg\",\"datePublished\":\"2019-04-08T18:12:01+00:00\",\"dateModified\":\"2022-02-04T20:00:47+00:00\",\"description\":\"Eingangsmodul zur Messung von Temperaturen, Spannungen, Str\u00f6men und Ausg\u00e4ngen mit Verbindung zum PC \u00fcber Ethernet-Netzwerk.\",\"breadcrumb\":{\"@id\":\"https:\\\/\\\/sysmatec.ch\\\/de\\\/produit\\\/ein-ausgaenge-expert-modul-mit-ethernet-anschluss\\\/#breadcrumb\"},\"inLanguage\":\"de\",\"potentialAction\":[{\"@type\":\"ReadAction\",\"target\":[\"https:\\\/\\\/sysmatec.ch\\\/de\\\/produit\\\/ein-ausgaenge-expert-modul-mit-ethernet-anschluss\\\/\"]}]},{\"@type\":\"ImageObject\",\"inLanguage\":\"de\",\"@id\":\"https:\\\/\\\/sysmatec.ch\\\/de\\\/produit\\\/ein-ausgaenge-expert-modul-mit-ethernet-anschluss\\\/#primaryimage\",\"url\":\"https:\\\/\\\/sysmatec.ch\\\/wp-content\\\/uploads\\\/2019\\\/04\\\/Automation_TopscccExpert9000_2.jpg\",\"contentUrl\":\"https:\\\/\\\/sysmatec.ch\\\/wp-content\\\/uploads\\\/2019\\\/04\\\/Automation_TopscccExpert9000_2.jpg\",\"width\":185,\"height\":225},{\"@type\":\"BreadcrumbList\",\"@id\":\"https:\\\/\\\/sysmatec.ch\\\/de\\\/produit\\\/ein-ausgaenge-expert-modul-mit-ethernet-anschluss\\\/#breadcrumb\",\"itemListElement\":[{\"@type\":\"ListItem\",\"position\":1,\"name\":\"Accueil\",\"item\":\"https:\\\/\\\/sysmatec.ch\\\/de\\\/\"},{\"@type\":\"ListItem\",\"position\":2,\"name\":\"Die Aktivit\u00e4t von Sysmatec\",\"item\":\"https:\\\/\\\/sysmatec.ch\\\/de\\\/\"},{\"@type\":\"ListItem\",\"position\":3,\"name\":\"Ein- Ausg\u00e4nge Expert Modul mit Ethernet-Anschluss\"}]},{\"@type\":\"WebSite\",\"@id\":\"https:\\\/\\\/sysmatec.ch\\\/de\\\/#website\",\"url\":\"https:\\\/\\\/sysmatec.ch\\\/de\\\/\",\"name\":\"Sysmatec\",\"description\":\"Equipement de laboratoire et logiciels\",\"publisher\":{\"@id\":\"https:\\\/\\\/sysmatec.ch\\\/de\\\/#organization\"},\"potentialAction\":[{\"@type\":\"SearchAction\",\"target\":{\"@type\":\"EntryPoint\",\"urlTemplate\":\"https:\\\/\\\/sysmatec.ch\\\/de\\\/?s={search_term_string}\"},\"query-input\":{\"@type\":\"PropertyValueSpecification\",\"valueRequired\":true,\"valueName\":\"search_term_string\"}}],\"inLanguage\":\"de\"},{\"@type\":\"Organization\",\"@id\":\"https:\\\/\\\/sysmatec.ch\\\/de\\\/#organization\",\"name\":\"Sysmatec\",\"url\":\"https:\\\/\\\/sysmatec.ch\\\/de\\\/\",\"logo\":{\"@type\":\"ImageObject\",\"inLanguage\":\"de\",\"@id\":\"https:\\\/\\\/sysmatec.ch\\\/de\\\/#\\\/schema\\\/logo\\\/image\\\/\",\"url\":\"https:\\\/\\\/sysmatec.ch\\\/wp-content\\\/uploads\\\/2018\\\/11\\\/LogoSysmatec.jpg\",\"contentUrl\":\"https:\\\/\\\/sysmatec.ch\\\/wp-content\\\/uploads\\\/2018\\\/11\\\/LogoSysmatec.jpg\",\"width\":301,\"height\":297,\"caption\":\"Sysmatec\"},\"image\":{\"@id\":\"https:\\\/\\\/sysmatec.ch\\\/de\\\/#\\\/schema\\\/logo\\\/image\\\/\"}}]}<\/script>\n<!-- \/ Yoast SEO plugin. -->","yoast_head_json":{"title":"Ein- Ausg\u00e4nge Expert Modul mit Ethernet-Anschluss - Sysmatec","description":"Eingangsmodul zur Messung von Temperaturen, Spannungen, Str\u00f6men und Ausg\u00e4ngen mit Verbindung zum PC \u00fcber Ethernet-Netzwerk.","robots":{"index":"index","follow":"follow","max-snippet":"max-snippet:-1","max-image-preview":"max-image-preview:large","max-video-preview":"max-video-preview:-1"},"canonical":"https:\/\/sysmatec.ch\/de\/produit\/ein-ausgaenge-expert-modul-mit-ethernet-anschluss\/","og_locale":"de_DE","og_type":"article","og_title":"Ein- Ausg\u00e4nge Expert Modul mit Ethernet-Anschluss - Sysmatec","og_description":"Eingangsmodul zur Messung von Temperaturen, Spannungen, Str\u00f6men und Ausg\u00e4ngen mit Verbindung zum PC \u00fcber Ethernet-Netzwerk.","og_url":"https:\/\/sysmatec.ch\/de\/produit\/ein-ausgaenge-expert-modul-mit-ethernet-anschluss\/","og_site_name":"Sysmatec","article_modified_time":"2022-02-04T20:00:47+00:00","og_image":[{"width":185,"height":225,"url":"https:\/\/sysmatec.ch\/wp-content\/uploads\/2019\/04\/Automation_TopscccExpert9000_2.jpg","type":"image\/jpeg"}],"twitter_card":"summary_large_image","twitter_misc":{"Gesch\u00e4tzte Lesezeit":"1\u00a0Minute"},"schema":{"@context":"https:\/\/schema.org","@graph":[{"@type":"WebPage","@id":"https:\/\/sysmatec.ch\/de\/produit\/ein-ausgaenge-expert-modul-mit-ethernet-anschluss\/","url":"https:\/\/sysmatec.ch\/de\/produit\/ein-ausgaenge-expert-modul-mit-ethernet-anschluss\/","name":"Ein- Ausg\u00e4nge Expert Modul mit Ethernet-Anschluss - Sysmatec","isPartOf":{"@id":"https:\/\/sysmatec.ch\/de\/#website"},"primaryImageOfPage":{"@id":"https:\/\/sysmatec.ch\/de\/produit\/ein-ausgaenge-expert-modul-mit-ethernet-anschluss\/#primaryimage"},"image":{"@id":"https:\/\/sysmatec.ch\/de\/produit\/ein-ausgaenge-expert-modul-mit-ethernet-anschluss\/#primaryimage"},"thumbnailUrl":"https:\/\/sysmatec.ch\/wp-content\/uploads\/2019\/04\/Automation_TopscccExpert9000_2.jpg","datePublished":"2019-04-08T18:12:01+00:00","dateModified":"2022-02-04T20:00:47+00:00","description":"Eingangsmodul zur Messung von Temperaturen, Spannungen, Str\u00f6men und Ausg\u00e4ngen mit Verbindung zum PC \u00fcber Ethernet-Netzwerk.","breadcrumb":{"@id":"https:\/\/sysmatec.ch\/de\/produit\/ein-ausgaenge-expert-modul-mit-ethernet-anschluss\/#breadcrumb"},"inLanguage":"de","potentialAction":[{"@type":"ReadAction","target":["https:\/\/sysmatec.ch\/de\/produit\/ein-ausgaenge-expert-modul-mit-ethernet-anschluss\/"]}]},{"@type":"ImageObject","inLanguage":"de","@id":"https:\/\/sysmatec.ch\/de\/produit\/ein-ausgaenge-expert-modul-mit-ethernet-anschluss\/#primaryimage","url":"https:\/\/sysmatec.ch\/wp-content\/uploads\/2019\/04\/Automation_TopscccExpert9000_2.jpg","contentUrl":"https:\/\/sysmatec.ch\/wp-content\/uploads\/2019\/04\/Automation_TopscccExpert9000_2.jpg","width":185,"height":225},{"@type":"BreadcrumbList","@id":"https:\/\/sysmatec.ch\/de\/produit\/ein-ausgaenge-expert-modul-mit-ethernet-anschluss\/#breadcrumb","itemListElement":[{"@type":"ListItem","position":1,"name":"Accueil","item":"https:\/\/sysmatec.ch\/de\/"},{"@type":"ListItem","position":2,"name":"Die Aktivit\u00e4t von Sysmatec","item":"https:\/\/sysmatec.ch\/de\/"},{"@type":"ListItem","position":3,"name":"Ein- Ausg\u00e4nge Expert Modul mit Ethernet-Anschluss"}]},{"@type":"WebSite","@id":"https:\/\/sysmatec.ch\/de\/#website","url":"https:\/\/sysmatec.ch\/de\/","name":"Sysmatec","description":"Equipement de laboratoire et logiciels","publisher":{"@id":"https:\/\/sysmatec.ch\/de\/#organization"},"potentialAction":[{"@type":"SearchAction","target":{"@type":"EntryPoint","urlTemplate":"https:\/\/sysmatec.ch\/de\/?s={search_term_string}"},"query-input":{"@type":"PropertyValueSpecification","valueRequired":true,"valueName":"search_term_string"}}],"inLanguage":"de"},{"@type":"Organization","@id":"https:\/\/sysmatec.ch\/de\/#organization","name":"Sysmatec","url":"https:\/\/sysmatec.ch\/de\/","logo":{"@type":"ImageObject","inLanguage":"de","@id":"https:\/\/sysmatec.ch\/de\/#\/schema\/logo\/image\/","url":"https:\/\/sysmatec.ch\/wp-content\/uploads\/2018\/11\/LogoSysmatec.jpg","contentUrl":"https:\/\/sysmatec.ch\/wp-content\/uploads\/2018\/11\/LogoSysmatec.jpg","width":301,"height":297,"caption":"Sysmatec"},"image":{"@id":"https:\/\/sysmatec.ch\/de\/#\/schema\/logo\/image\/"}}]}},"_links":{"self":[{"href":"https:\/\/sysmatec.ch\/de\/wp-json\/wp\/v2\/product\/5196","targetHints":{"allow":["GET"]}}],"collection":[{"href":"https:\/\/sysmatec.ch\/de\/wp-json\/wp\/v2\/product"}],"about":[{"href":"https:\/\/sysmatec.ch\/de\/wp-json\/wp\/v2\/types\/product"}],"wp:featuredmedia":[{"embeddable":true,"href":"https:\/\/sysmatec.ch\/de\/wp-json\/wp\/v2\/media\/5187"}],"wp:attachment":[{"href":"https:\/\/sysmatec.ch\/de\/wp-json\/wp\/v2\/media?parent=5196"}],"wp:term":[{"taxonomy":"product_brand","embeddable":true,"href":"https:\/\/sysmatec.ch\/de\/wp-json\/wp\/v2\/product_brand?post=5196"},{"taxonomy":"product_cat","embeddable":true,"href":"https:\/\/sysmatec.ch\/de\/wp-json\/wp\/v2\/product_cat?post=5196"},{"taxonomy":"product_tag","embeddable":true,"href":"https:\/\/sysmatec.ch\/de\/wp-json\/wp\/v2\/product_tag?post=5196"}],"curies":[{"name":"wp","href":"https:\/\/api.w.org\/{rel}","templated":true}]}}