{"id":5192,"date":"2019-04-08T19:23:26","date_gmt":"2019-04-08T17:23:26","guid":{"rendered":"https:\/\/sysmatec.ch\/produit\/modules-entrees-sorties-de-la-serie-expert-avec-connexion-modbus-rtu\/"},"modified":"2022-02-04T21:03:13","modified_gmt":"2022-02-04T20:03:13","slug":"ein-ausgaenge-module-expert-serie-fuer-modbus-rtu-anschluss","status":"publish","type":"product","link":"https:\/\/sysmatec.ch\/de\/Produkt\/ein-ausgaenge-module-expert-serie-fuer-modbus-rtu-anschluss\/","title":{"rendered":"Ein-Ausg\u00e4nge Module Expert Serie f\u00fcr Modbus\/RTU Anschluss"},"content":{"rendered":"<p>EX-9050HD-M: 8 digitale Eing\u00e4nge, 8 digitale Ausg\u00e4nge (NPN)<\/p>\n<p>EX-9050AHD-M: 8 digitale Eing\u00e4nge, 8 digitale Ausg\u00e4nge (NPN)<\/p>\n<p>EX-9068D-M: 8 digitale Ausg\u00e4nge (Relais)<\/p>\n<p>EX-9015H-M: 6 analoge Eing\u00e4nge mit individuellen Kan\u00e4len Konfiguration<\/p>\n<p>EX-9017H-M: 8 analogue Eing\u00e4nge mit individuellen Kan\u00e4len Konfiguration<\/p>\n<p>EX-9024H-M: 4 analoge Ausg\u00e4nge, 4 digitale Eing\u00e4nge<\/p>\n","protected":false},"excerpt":{"rendered":"<p>Ein-Ausg\u00e4nge Module f\u00fcr Modbus\/RTU Anschluss<\/p>\n","protected":false},"featured_media":5187,"template":"","meta":{"_crdt_document":""},"product_brand":[],"product_cat":[191,357],"product_tag":[],"class_list":{"0":"post-5192","1":"product","2":"type-product","3":"status-publish","4":"has-post-thumbnail","6":"product_cat-automation-de","7":"product_cat-e-a-module","9":"first","10":"instock","11":"taxable","12":"shipping-taxable","13":"product-type-simple"},"yoast_head":"<!-- This site is optimized with the Yoast SEO plugin v27.3 - https:\/\/yoast.com\/product\/yoast-seo-wordpress\/ -->\n<title>Ein-Ausg\u00e4nge Module Expert Serie f\u00fcr Modbus\/RTU Anschluss - Sysmatec<\/title>\n<meta name=\"description\" content=\"Eingangsmodul zur Messung von Temperaturen, Spannungen, Str\u00f6men und Ausg\u00e4ngen mit Anschluss an den PC \u00fcber eine Modbus-Schnittstelle.\" \/>\n<meta name=\"robots\" content=\"index, follow, max-snippet:-1, max-image-preview:large, max-video-preview:-1\" \/>\n<link rel=\"canonical\" href=\"https:\/\/sysmatec.ch\/de\/produit\/ein-ausgaenge-module-expert-serie-fuer-modbus-rtu-anschluss\/\" \/>\n<meta property=\"og:locale\" content=\"de_DE\" \/>\n<meta property=\"og:type\" content=\"article\" \/>\n<meta property=\"og:title\" content=\"Ein-Ausg\u00e4nge Module Expert Serie f\u00fcr Modbus\/RTU Anschluss - Sysmatec\" \/>\n<meta property=\"og:description\" content=\"Eingangsmodul zur Messung von Temperaturen, Spannungen, Str\u00f6men und Ausg\u00e4ngen mit Anschluss an den PC \u00fcber eine Modbus-Schnittstelle.\" \/>\n<meta property=\"og:url\" content=\"https:\/\/sysmatec.ch\/de\/produit\/ein-ausgaenge-module-expert-serie-fuer-modbus-rtu-anschluss\/\" \/>\n<meta property=\"og:site_name\" content=\"Sysmatec\" \/>\n<meta property=\"article:modified_time\" content=\"2022-02-04T20:03:13+00:00\" \/>\n<meta property=\"og:image\" content=\"https:\/\/sysmatec.ch\/wp-content\/uploads\/2019\/04\/Automation_TopscccExpert9000_2.jpg\" \/>\n\t<meta property=\"og:image:width\" content=\"185\" \/>\n\t<meta property=\"og:image:height\" content=\"225\" \/>\n\t<meta property=\"og:image:type\" content=\"image\/jpeg\" \/>\n<meta name=\"twitter:card\" content=\"summary_large_image\" \/>\n<script type=\"application\/ld+json\" class=\"yoast-schema-graph\">{\"@context\":\"https:\\\/\\\/schema.org\",\"@graph\":[{\"@type\":\"WebPage\",\"@id\":\"https:\\\/\\\/sysmatec.ch\\\/de\\\/produit\\\/ein-ausgaenge-module-expert-serie-fuer-modbus-rtu-anschluss\\\/\",\"url\":\"https:\\\/\\\/sysmatec.ch\\\/de\\\/produit\\\/ein-ausgaenge-module-expert-serie-fuer-modbus-rtu-anschluss\\\/\",\"name\":\"Ein-Ausg\u00e4nge Module Expert Serie f\u00fcr Modbus\\\/RTU Anschluss - Sysmatec\",\"isPartOf\":{\"@id\":\"https:\\\/\\\/sysmatec.ch\\\/de\\\/#website\"},\"primaryImageOfPage\":{\"@id\":\"https:\\\/\\\/sysmatec.ch\\\/de\\\/produit\\\/ein-ausgaenge-module-expert-serie-fuer-modbus-rtu-anschluss\\\/#primaryimage\"},\"image\":{\"@id\":\"https:\\\/\\\/sysmatec.ch\\\/de\\\/produit\\\/ein-ausgaenge-module-expert-serie-fuer-modbus-rtu-anschluss\\\/#primaryimage\"},\"thumbnailUrl\":\"https:\\\/\\\/sysmatec.ch\\\/wp-content\\\/uploads\\\/2019\\\/04\\\/Automation_TopscccExpert9000_2.jpg\",\"datePublished\":\"2019-04-08T17:23:26+00:00\",\"dateModified\":\"2022-02-04T20:03:13+00:00\",\"description\":\"Eingangsmodul zur Messung von Temperaturen, Spannungen, Str\u00f6men und Ausg\u00e4ngen mit Anschluss an den PC \u00fcber eine Modbus-Schnittstelle.\",\"breadcrumb\":{\"@id\":\"https:\\\/\\\/sysmatec.ch\\\/de\\\/produit\\\/ein-ausgaenge-module-expert-serie-fuer-modbus-rtu-anschluss\\\/#breadcrumb\"},\"inLanguage\":\"de\",\"potentialAction\":[{\"@type\":\"ReadAction\",\"target\":[\"https:\\\/\\\/sysmatec.ch\\\/de\\\/produit\\\/ein-ausgaenge-module-expert-serie-fuer-modbus-rtu-anschluss\\\/\"]}]},{\"@type\":\"ImageObject\",\"inLanguage\":\"de\",\"@id\":\"https:\\\/\\\/sysmatec.ch\\\/de\\\/produit\\\/ein-ausgaenge-module-expert-serie-fuer-modbus-rtu-anschluss\\\/#primaryimage\",\"url\":\"https:\\\/\\\/sysmatec.ch\\\/wp-content\\\/uploads\\\/2019\\\/04\\\/Automation_TopscccExpert9000_2.jpg\",\"contentUrl\":\"https:\\\/\\\/sysmatec.ch\\\/wp-content\\\/uploads\\\/2019\\\/04\\\/Automation_TopscccExpert9000_2.jpg\",\"width\":185,\"height\":225},{\"@type\":\"BreadcrumbList\",\"@id\":\"https:\\\/\\\/sysmatec.ch\\\/de\\\/produit\\\/ein-ausgaenge-module-expert-serie-fuer-modbus-rtu-anschluss\\\/#breadcrumb\",\"itemListElement\":[{\"@type\":\"ListItem\",\"position\":1,\"name\":\"Accueil\",\"item\":\"https:\\\/\\\/sysmatec.ch\\\/de\\\/\"},{\"@type\":\"ListItem\",\"position\":2,\"name\":\"Die Aktivit\u00e4t von Sysmatec\",\"item\":\"https:\\\/\\\/sysmatec.ch\\\/de\\\/\"},{\"@type\":\"ListItem\",\"position\":3,\"name\":\"Ein-Ausg\u00e4nge Module Expert Serie f\u00fcr Modbus\\\/RTU Anschluss\"}]},{\"@type\":\"WebSite\",\"@id\":\"https:\\\/\\\/sysmatec.ch\\\/de\\\/#website\",\"url\":\"https:\\\/\\\/sysmatec.ch\\\/de\\\/\",\"name\":\"Sysmatec\",\"description\":\"Equipement de laboratoire et logiciels\",\"publisher\":{\"@id\":\"https:\\\/\\\/sysmatec.ch\\\/de\\\/#organization\"},\"potentialAction\":[{\"@type\":\"SearchAction\",\"target\":{\"@type\":\"EntryPoint\",\"urlTemplate\":\"https:\\\/\\\/sysmatec.ch\\\/de\\\/?s={search_term_string}\"},\"query-input\":{\"@type\":\"PropertyValueSpecification\",\"valueRequired\":true,\"valueName\":\"search_term_string\"}}],\"inLanguage\":\"de\"},{\"@type\":\"Organization\",\"@id\":\"https:\\\/\\\/sysmatec.ch\\\/de\\\/#organization\",\"name\":\"Sysmatec\",\"url\":\"https:\\\/\\\/sysmatec.ch\\\/de\\\/\",\"logo\":{\"@type\":\"ImageObject\",\"inLanguage\":\"de\",\"@id\":\"https:\\\/\\\/sysmatec.ch\\\/de\\\/#\\\/schema\\\/logo\\\/image\\\/\",\"url\":\"https:\\\/\\\/sysmatec.ch\\\/wp-content\\\/uploads\\\/2018\\\/11\\\/LogoSysmatec.jpg\",\"contentUrl\":\"https:\\\/\\\/sysmatec.ch\\\/wp-content\\\/uploads\\\/2018\\\/11\\\/LogoSysmatec.jpg\",\"width\":301,\"height\":297,\"caption\":\"Sysmatec\"},\"image\":{\"@id\":\"https:\\\/\\\/sysmatec.ch\\\/de\\\/#\\\/schema\\\/logo\\\/image\\\/\"}}]}<\/script>\n<!-- \/ Yoast SEO plugin. -->","yoast_head_json":{"title":"Ein-Ausg\u00e4nge Module Expert Serie f\u00fcr Modbus\/RTU Anschluss - Sysmatec","description":"Eingangsmodul zur Messung von Temperaturen, Spannungen, Str\u00f6men und Ausg\u00e4ngen mit Anschluss an den PC \u00fcber eine Modbus-Schnittstelle.","robots":{"index":"index","follow":"follow","max-snippet":"max-snippet:-1","max-image-preview":"max-image-preview:large","max-video-preview":"max-video-preview:-1"},"canonical":"https:\/\/sysmatec.ch\/de\/produit\/ein-ausgaenge-module-expert-serie-fuer-modbus-rtu-anschluss\/","og_locale":"de_DE","og_type":"article","og_title":"Ein-Ausg\u00e4nge Module Expert Serie f\u00fcr Modbus\/RTU Anschluss - Sysmatec","og_description":"Eingangsmodul zur Messung von Temperaturen, Spannungen, Str\u00f6men und Ausg\u00e4ngen mit Anschluss an den PC \u00fcber eine Modbus-Schnittstelle.","og_url":"https:\/\/sysmatec.ch\/de\/produit\/ein-ausgaenge-module-expert-serie-fuer-modbus-rtu-anschluss\/","og_site_name":"Sysmatec","article_modified_time":"2022-02-04T20:03:13+00:00","og_image":[{"width":185,"height":225,"url":"https:\/\/sysmatec.ch\/wp-content\/uploads\/2019\/04\/Automation_TopscccExpert9000_2.jpg","type":"image\/jpeg"}],"twitter_card":"summary_large_image","schema":{"@context":"https:\/\/schema.org","@graph":[{"@type":"WebPage","@id":"https:\/\/sysmatec.ch\/de\/produit\/ein-ausgaenge-module-expert-serie-fuer-modbus-rtu-anschluss\/","url":"https:\/\/sysmatec.ch\/de\/produit\/ein-ausgaenge-module-expert-serie-fuer-modbus-rtu-anschluss\/","name":"Ein-Ausg\u00e4nge Module Expert Serie f\u00fcr Modbus\/RTU Anschluss - Sysmatec","isPartOf":{"@id":"https:\/\/sysmatec.ch\/de\/#website"},"primaryImageOfPage":{"@id":"https:\/\/sysmatec.ch\/de\/produit\/ein-ausgaenge-module-expert-serie-fuer-modbus-rtu-anschluss\/#primaryimage"},"image":{"@id":"https:\/\/sysmatec.ch\/de\/produit\/ein-ausgaenge-module-expert-serie-fuer-modbus-rtu-anschluss\/#primaryimage"},"thumbnailUrl":"https:\/\/sysmatec.ch\/wp-content\/uploads\/2019\/04\/Automation_TopscccExpert9000_2.jpg","datePublished":"2019-04-08T17:23:26+00:00","dateModified":"2022-02-04T20:03:13+00:00","description":"Eingangsmodul zur Messung von Temperaturen, Spannungen, Str\u00f6men und Ausg\u00e4ngen mit Anschluss an den PC \u00fcber eine Modbus-Schnittstelle.","breadcrumb":{"@id":"https:\/\/sysmatec.ch\/de\/produit\/ein-ausgaenge-module-expert-serie-fuer-modbus-rtu-anschluss\/#breadcrumb"},"inLanguage":"de","potentialAction":[{"@type":"ReadAction","target":["https:\/\/sysmatec.ch\/de\/produit\/ein-ausgaenge-module-expert-serie-fuer-modbus-rtu-anschluss\/"]}]},{"@type":"ImageObject","inLanguage":"de","@id":"https:\/\/sysmatec.ch\/de\/produit\/ein-ausgaenge-module-expert-serie-fuer-modbus-rtu-anschluss\/#primaryimage","url":"https:\/\/sysmatec.ch\/wp-content\/uploads\/2019\/04\/Automation_TopscccExpert9000_2.jpg","contentUrl":"https:\/\/sysmatec.ch\/wp-content\/uploads\/2019\/04\/Automation_TopscccExpert9000_2.jpg","width":185,"height":225},{"@type":"BreadcrumbList","@id":"https:\/\/sysmatec.ch\/de\/produit\/ein-ausgaenge-module-expert-serie-fuer-modbus-rtu-anschluss\/#breadcrumb","itemListElement":[{"@type":"ListItem","position":1,"name":"Accueil","item":"https:\/\/sysmatec.ch\/de\/"},{"@type":"ListItem","position":2,"name":"Die Aktivit\u00e4t von Sysmatec","item":"https:\/\/sysmatec.ch\/de\/"},{"@type":"ListItem","position":3,"name":"Ein-Ausg\u00e4nge Module Expert Serie f\u00fcr Modbus\/RTU Anschluss"}]},{"@type":"WebSite","@id":"https:\/\/sysmatec.ch\/de\/#website","url":"https:\/\/sysmatec.ch\/de\/","name":"Sysmatec","description":"Equipement de laboratoire et logiciels","publisher":{"@id":"https:\/\/sysmatec.ch\/de\/#organization"},"potentialAction":[{"@type":"SearchAction","target":{"@type":"EntryPoint","urlTemplate":"https:\/\/sysmatec.ch\/de\/?s={search_term_string}"},"query-input":{"@type":"PropertyValueSpecification","valueRequired":true,"valueName":"search_term_string"}}],"inLanguage":"de"},{"@type":"Organization","@id":"https:\/\/sysmatec.ch\/de\/#organization","name":"Sysmatec","url":"https:\/\/sysmatec.ch\/de\/","logo":{"@type":"ImageObject","inLanguage":"de","@id":"https:\/\/sysmatec.ch\/de\/#\/schema\/logo\/image\/","url":"https:\/\/sysmatec.ch\/wp-content\/uploads\/2018\/11\/LogoSysmatec.jpg","contentUrl":"https:\/\/sysmatec.ch\/wp-content\/uploads\/2018\/11\/LogoSysmatec.jpg","width":301,"height":297,"caption":"Sysmatec"},"image":{"@id":"https:\/\/sysmatec.ch\/de\/#\/schema\/logo\/image\/"}}]}},"_links":{"self":[{"href":"https:\/\/sysmatec.ch\/de\/wp-json\/wp\/v2\/product\/5192","targetHints":{"allow":["GET"]}}],"collection":[{"href":"https:\/\/sysmatec.ch\/de\/wp-json\/wp\/v2\/product"}],"about":[{"href":"https:\/\/sysmatec.ch\/de\/wp-json\/wp\/v2\/types\/product"}],"wp:featuredmedia":[{"embeddable":true,"href":"https:\/\/sysmatec.ch\/de\/wp-json\/wp\/v2\/media\/5187"}],"wp:attachment":[{"href":"https:\/\/sysmatec.ch\/de\/wp-json\/wp\/v2\/media?parent=5192"}],"wp:term":[{"taxonomy":"product_brand","embeddable":true,"href":"https:\/\/sysmatec.ch\/de\/wp-json\/wp\/v2\/product_brand?post=5192"},{"taxonomy":"product_cat","embeddable":true,"href":"https:\/\/sysmatec.ch\/de\/wp-json\/wp\/v2\/product_cat?post=5192"},{"taxonomy":"product_tag","embeddable":true,"href":"https:\/\/sysmatec.ch\/de\/wp-json\/wp\/v2\/product_tag?post=5192"}],"curies":[{"name":"wp","href":"https:\/\/api.w.org\/{rel}","templated":true}]}}