{"id":5189,"date":"2019-04-08T13:50:09","date_gmt":"2019-04-08T11:50:09","guid":{"rendered":"https:\/\/sysmatec.ch\/produit\/module-entree-sorties-analogiques-digitales-de-la-serie-expert-9000\/"},"modified":"2022-02-04T21:07:48","modified_gmt":"2022-02-04T20:07:48","slug":"e-a-expert-module-serie-9000","status":"publish","type":"product","link":"https:\/\/sysmatec.ch\/de\/Produkt\/e-a-expert-module-serie-9000\/","title":{"rendered":"E\/A Expert Module Serie 9000"},"content":{"rendered":"<p>Es sind Modulen mit analogen und digitalen Eing\u00e4ngen und Ausg\u00e4ngen f\u00fcr Din Schiene Montage. Sie kommunizieren mit dem PC duch eine RS422 oder RS485 Schnittstelle und k\u00f6nnen mit unserer Software <a href=\"https:\/\/sysmatec.ch\/German\/dG1_Siam.html\">SIAM<\/a> angepasst werden. Drivers f\u00fcr andere software sind auch erh\u00e4ltlich.<\/p>\n<p>EX-9011D: 1 analoger Eingang, 16-Bit-AD-Modul f\u00fcr Thermoelement mit 7-Segment-LED<\/p>\n<p>EX-9012: 1 analoger Eingang, 16-Bit-AD-Modul<\/p>\n<p>EX-9012D: 1analog Eingang, 16-Bit-AD-Modul mit 7-Segment-LED<\/p>\n<p>EX-9012F: 1 analoger Eingang, 12-Bit-AD-Modul mit hoher Abtastrate (100 Hz)<\/p>\n<p>EX-9012FD: 1 analoger Eingang, 12-Bit-AD-Modul mit hoher Abtastrate (100 Hz) und 7-Segment-LED<\/p>\n<p>EX-9013: 1 analoger Eingang, 16-Bit-AD-Modul f\u00fcr Widerstands-Temperaturf\u00fchler (z. B. Pt100)<\/p>\n<p>EX-9013D: 1 analoger Eingang, 16-Bit-AD-Modul f\u00fcr Widerstands-Temperaturf\u00fchler (z. B. Pt100) mit 7-Segment-LED<\/p>\n<p>EX-9014: 1 analoger Eingang, 16-Bit-AD-Modul mit 15V-Versorgung f\u00fcr den Sender (isoliert)<\/p>\n<p>EX-9014D: 1 analoger Eingang, 16-Bit-AD-Modul mit 15V Versorgung f\u00fcr Sender und mit 7-Segment-LED<\/p>\n<p>EX9015: 6 analoge Eing\u00e4ngen (diff), RTD (Pt, Ni, Cu, 2\/3\/4 wire), individuelle Kan\u00e4lekonfiguration, Liniebruchdetektion<\/p>\n<p>EX9015-M: 6 analog input (diff), RTD (Pt, Ni, Cu, 2\/3\/4 wire), individual channel configuration, break line detection, with modbus support<\/p>\n<p>EX-9016: 1 analoger Eingang, 16-Bit-AD-Modul f\u00fcr Dehnungsmessstreifen mit 4-Draht-Kontakt<\/p>\n<p>EX-9017: 8 analoge Eing\u00e4nge (Diff.), 16-Bit-AD-Modul, Abtasterate = 10 Hz<\/p>\n<p>EX-9017R: 8 analoge Eing\u00e4nge, 12-Bit-AD-Modul mit hoher Abtastrate (50 Hz) isoliert<\/p>\n<p>EX-9017F: 8 analoge Eing\u00e4nge (Diff.), 12-Bit-AD-Modul mit hoher Abtastrate (50 Hz)<\/p>\n<p>EX-9017F-M: 8 analoge Eing\u00e4nge (Diff.), 12-Bit-AD-Modul mit hoher Abtastrate (50 Hz), Modbus<\/p>\n<p>EX-9017FR: 8 analoge Eing\u00e4nge, 12-Bit-AD-Modul mit hoher Abtastrate (50 Hz) isoliert (240 Vrms)<\/p>\n<p>EX-9017FR-M: 8 analoge Eing\u00e4nge, 12-Bit-AD-Modul mit hoher Abtastrate (50 Hz) isoliert (240 Vrms), Modbus<\/p>\n<p>EX-9018: 8 analoge Eing\u00e4nge, 16-Bit-AD-Modul f\u00fcr Thermoelemente, 10 Hz<\/p>\n<p>EX-9018-M: 8 analoge Eing\u00e4nge, 16-Bit-AD-Modul f\u00fcr Thermoelemente, 10 Hz, Modbus<\/p>\n<p>EX-9018BL: 8 analoge Eing\u00e4nge, 16-Bit-AD-Modul f\u00fcr Thermoelement mit Kabelbruchdetektion<\/p>\n<p>EX-9018BL-M: 8 analoge Eing\u00e4nge, 16-Bit-AD-Modul f\u00fcr Thermoelement mit Kabelbruchdetektion, Modbus<\/p>\n<p>EX-9019-M: 8 analoge Eing\u00e4nge, 16-Bit-AD-Modul f\u00fcr Thermoelement mit Kabelbruchdetektion, Modbus, individuelle Kan\u00e4lekonfiguration<\/p>\n<p>EX-9021: 1 analoger Ausgang, 16 Bit DA-Modul, Dual Watchdog Timer<\/p>\n<p>EX-9021P: 1 analoger Ausgang, 16 Bit DA-Modul, Dual Watchdog Timer, Power On Value<\/p>\n<p>EX-9022: 2 analoge Ausg\u00e4nge, 12 Bit DA-Modul (Kanal getrennt), Dual Watchdog Timer<\/p>\n<p>EX-9024: 4 Analoge Ausg\u00e4nge, 14 Bit DA-Modul, +\/- 10 V, +\/- 5 V, 0-10 V, 0-5 V, 0-20 mA, 4-20 mA<\/p>\n<p>EX-9024-M: 4 Analoge Ausg\u00e4nge, 14 Bit DA-Modul, +\/- 10 V, +\/- 5 V, 0-10 V, 0-5 V, 0-20 mA, 4-20 mA, Modbus<\/p>\n<p>EX-9033: 3 RTD Eing\u00e4nge (Pt, Ni, Cu, 2\/3\/4 wires) , 16-Bit\/15 Hz, Kabelbuchdetektion<\/p>\n<p>EX-9033P: 3 RTD Eing\u00e4nge (Pt, Ni, Cu, 2\/3\/4 wires) , 16-Bit\/15 Hz, Kabelbuchdetektion, individuelle Kan\u00e4le Konfiguration<\/p>\n<p>EX-9033P-M: 3 RTD Eing\u00e4nge (Pt, Ni, Cu, 2\/3\/4 wires) , 16-Bit\/15 Hz, Kabelbuchdetektion, individuelle Kan\u00e4le Konfiguration, Modbus<\/p>\n<p>EX-9036-M: 6 RTD Eing\u00e4nge (Pt, Ni, Cu, 2\/3\/4 wires) , 16-Bit\/12 Hz, Kabelbuchdetektion, Modbus<\/p>\n<p>EX-9036P: 6 RTD Eing\u00e4nge (Pt, Ni, Cu, 2\/3\/4 wires) , 16-Bit\/12 Hz, individuelle Kan\u00e4le Konfiguration<\/p>\n<p>EX-9036P-M: 6 RTD Eing\u00e4nge (Pt, Ni, Cu, 2\/3\/4 wires) , 16-Bit\/12 Hz, individuelle Kan\u00e4le Konfiguration, Modbus<\/p>\n<p>EX-9041: 14 digitale Eingangs-Modul (isoliert)<\/p>\n<p>EX-9041D: 14 isolierte digitale Eingangsmodul mit LED<\/p>\n<p>EX-9041D-M: 14 isolierte digitale Eingangsmodul mit LED, Modbus<\/p>\n<p>EX-9042: 13 isolierten Ausg\u00e4ngen mit offenem Kollektor-Modul<\/p>\n<p>EX-9042D: 13 isolierten Ausgang mit offenem Kollektor-Modul mit LED<\/p>\n<p>EX-9042D-M: 13 isolierten Ausgang mit offenem Kollektor-Modul mit LED, Modbus<\/p>\n<p>EX-9043: 16 Open-Collector-Ausgang-Modul<\/p>\n<p>EX-9043D: 16 Open-Collector-Ausgang mit LED<\/p>\n<p>EX-9043D-M: 16 Open-Collector-Ausgang mit LED, Modbus<\/p>\n<p>EX-9044: 4 isolierte digitale Eing\u00e4nge, 8 isolierte Ausgang mit offenem Kollektor-Modul<\/p>\n<p>EX-9044D: 4 isolierte digitale Eing\u00e4nge, 8 isolierte Ausgang mit offenem Kollektor-Modul mit LED<\/p>\n<p>EX-9044D-M: 4 isolierte digitale Eing\u00e4nge, 8 isolierte Ausgang mit offenem Kollektor-Modul mit LED, Modbus<\/p>\n<p>EX-9050: 7 digitale Eing\u00e4nge, 8 Ausgang mit offenem Kollektor-Modul<\/p>\n<p>EX-9050D: 7 digitale Eing\u00e4nge, 8 Ausgang mit offenem Kollektor-Modul mit LED<\/p>\n<p>EX-9050HD-M: 8 digitale Eing\u00e4nge, 8 open collector Ausg\u00e4nge (NPN\/PNP), mit LED und Modbus<\/p>\n<p>EX-9050AHD-M: 8 digitale Eing\u00e4nge, 8 open collector Ausg\u00e4nge (NPN\/PNP), mit LED und Modbus<\/p>\n<p>EX9051D-M: 16 digital input (common ground), LED, support modbus<\/p>\n<p>EX-9052: 8 isolierte digitale Eingang (6 Kan\u00e4le differential, 2 Kan\u00e4le single-ended)-Modul<\/p>\n<p>EX-9052D: 8 isolierte digitale Eingang (6 Kan\u00e4le differential, 2 Kan\u00e4le single-ended), LED<\/p>\n<p>EX-9053: 16 digitale Eingangsmodul, single ended, digitaler 0 = 0 bis 2 V. digitaler 1 = 4 bis 30 V<\/p>\n<p>EX-9053D: 16 digitale Eingangsmodul, single ended, digitaler 0 = 0 bis 2 V. digitaler 1 = 4 bis 30 V, mit LED<\/p>\n<p>EX-9053D-M: 16 digitale Eingangsmodul, single ended, digitaler 0 = 0 bis 2 V. digitaler 1 = 4 bis 30 V, mit LED, Modbus<\/p>\n<p>EX9055D-M: 8 digitale Eing\u00e4nge (gemeisame Masse), 8 digitale Ausg\u00e4nge (isolierte, N-MOSFET), Modbus<\/p>\n<p>EX-9060: 4 digitale Eing\u00e4nge, 4 Relais-Ausgangsmodul (Max. 0.6 A at 125 VAC, Max. 2 A bei 30 VDC)<\/p>\n<p>EX-9060D: 4 digitale Eing\u00e4nge, 4 Relais-Ausgangsmodul (Max. 0.6 A at 125 VAC, Max. 2 A bei 30 VDC) mit LED<\/p>\n<p>EX-9060D-M: 4 digitale Eing\u00e4nge, 4 Relais-Ausgangsmodul (Max. 0.6 A at 125 VAC, Max. 2 A bei 30 VDC) mit LED, Modbus<\/p>\n<p>EX-9063: 8 digitale Eing\u00e4nge, 3 DC-SSR Relais-Modul ( Max. 5 A bei 230 VAC oder 30 VDC)<\/p>\n<p>EX-9063D: 8 digitale Eing\u00e4nge, 3 DC-SSR Relais-Modul ( Max. 5 A bei 230 VAC oder 30 VDC) , mit LED<\/p>\n<p>EX-9063D: 8 digitale Eing\u00e4nge, 3 DC-SSR Relais-Modul ( Max. 5 A bei 230 VAC oder 30 VDC) , mit LED, Modbus<\/p>\n<p>EX-9063A: 8 digitale Eing\u00e4nge, 3 AC-SSR Relais-Ausgangsmodul<\/p>\n<p>EX-9063AD: 8 digitale Eing\u00e4nge, 3 AC-SSR Relais-Modul mit LED<\/p>\n<p>EX-9063AD-M: 8 digitale Eing\u00e4nge, 3 AC-SSR Relais-Modul mit LED, Modbus<\/p>\n<p>EX-9063B: 8 digitale Eing\u00e4nge, 3 DC-SSR Relais-Ausgangsmodul<\/p>\n<p>EX-9063BD: 8 digitale Eing\u00e4nge, 3 Relais-Modul mit LED<\/p>\n<p>EX-9063BD-M: 8 digitale Eing\u00e4nge, 3 Relais-Modul mit LED, Modbus<\/p>\n<p>EX-9065: 4 digitale Eing\u00e4nge, 5 DC-SSR Relais-Modul<\/p>\n<p>EX-9065D: 4 digitale Eing\u00e4nge, 5 DC-SSR Relais-Modul mit LED<\/p>\n<p>EX-9065D-M: 4 digitale Eing\u00e4nge, 5 DC-SSR Relais-Modul mit LED, Modbus<\/p>\n<p>EX-9065HD: 4 digitale Eing\u00e4nge, 5 Relais Ausg\u00e4nge, mit LED, Relaistyp 5A at 250VAC\/30VDC, digitaler 0 = 0 bis 1V, digitaler 1= 4 V bis 30V<\/p>\n<p>EX-9065HD-M: 4 digitale Eing\u00e4nge, 5 Relais Ausg\u00e4nge, mit LED, Relaistyp 5A at 250VAC\/30VDC, digitaler 0 = 0 bis 1 V, digitaler 1= 4 V bis 30V, Modbus<\/p>\n<p>EX-9065AHD: 4 digitale Eing\u00e4nge, 5 Relais Ausg\u00e4nge, LED, Relais Typ AC-SSR normal offen, digitaler 0 = 0 bis 1 V, digitaler 1= 4 V bis 30V<\/p>\n<p>EX-9065AHD-M: 4 digitale Eing\u00e4nge, 5 Relais Ausg\u00e4nge, LED, Relais Typ AC-SSR normal offen, digitaler 0 = 0 bis 1 V, digitaler 1= 4 V bis 30V, Modbus<\/p>\n<p>EX-9065BHD: 4 digitale Eing\u00e4nge, 5 Relais Ausg\u00e4nge, LED, Relais Typ DC-SSR normal offen, digitaler 0 = 0 bis 1 V, digitaler 1= 4 V bis 30V<\/p>\n<p>EX-9065BHD-M: 4 digitale Eing\u00e4nge, 5 Relais Ausg\u00e4nge, LED, Relais Typ DC-SSR normal offen, digitaler 0 = 0 bis 1 V, digitaler 1= 4 V bis 30V, Modbus<\/p>\n<p>EX-9066: 7-Kanal-Photo-MOS-Relais-Ausgangsmodul<\/p>\n<p>EX-9066D: 7-Kanal-Photo-MOS-Relais-Modul mit LED<\/p>\n<p>EX-9067: 7-Kanal-Relais-Ausgangsmodul, Max. 0.5 A bei 120 VAC, Max. 1 A bei 24 VDC<\/p>\n<p>EX-9067D: 7-Kanal-Relais-Ausgang, Max. 0.5 A bei 120 VAC, Max. 1 A bei 24 VDC, LED<\/p>\n<p>EX-9067D-M: 7-Kanal-Relais-Ausgang, Max. 0.5 A bei 120 VAC, Max. 1 A bei 24 VDC, LED, Modbus<\/p>\n<p>EX-9068D: 8 Relais-Ausg\u00e4nge, LED, Max. 0.5 A bei 120 VAC, Max. 1 A bei 24 VDC<\/p>\n<p>EX-9068D-M: 8 Relais-Ausg\u00e4nge, LED, Max. 0.5 A bei 120 VAC, Max. 1 A bei 24 VDC, Modbus<\/p>\n<p>EX9080R: 2 isolierte Z\u00e4hler, 2 digitale Ausg\u00e4nge (open collector)<\/p>\n<p>EX9080RD: 2 isolierte Z\u00e4hler, 2 digitale Ausg\u00e4nge (open collector), LED<\/p>\n<p>EX9080R-M: 2 isolierte Z\u00e4hler, 2 digitale Ausg\u00e4nge (open collector), Modbus<\/p>\n<p>EX9080RD-M: 2 isolierte Z\u00e4hler, 2 digitale Ausg\u00e4nge (open collector), LED, Modbus<\/p>\n","protected":false},"excerpt":{"rendered":"<p>E\/A Expert Module<\/p>\n","protected":false},"featured_media":5187,"template":"","meta":{"_crdt_document":""},"product_brand":[],"product_cat":[191,357],"product_tag":[],"class_list":{"0":"post-5189","1":"product","2":"type-product","3":"status-publish","4":"has-post-thumbnail","6":"product_cat-automation-de","7":"product_cat-e-a-module","9":"first","10":"instock","11":"taxable","12":"shipping-taxable","13":"product-type-simple"},"yoast_head":"<!-- This site is optimized with the Yoast SEO plugin v27.3 - https:\/\/yoast.com\/product\/yoast-seo-wordpress\/ -->\n<title>E\/A Expert Module Serie 9000 - Sysmatec<\/title>\n<meta name=\"description\" content=\"Eingangsmodul zur Messung von Temperaturen, Spannungen, Str\u00f6men und Ausg\u00e4ngen mit Anschluss an den PC \u00fcber RS485 oder Modbus Schnittstelle.\" \/>\n<meta name=\"robots\" content=\"index, follow, max-snippet:-1, max-image-preview:large, max-video-preview:-1\" \/>\n<link rel=\"canonical\" href=\"https:\/\/sysmatec.ch\/de\/produit\/e-a-expert-module-serie-9000\/\" \/>\n<meta property=\"og:locale\" content=\"de_DE\" \/>\n<meta property=\"og:type\" content=\"article\" \/>\n<meta property=\"og:title\" content=\"E\/A Expert Module Serie 9000 - Sysmatec\" \/>\n<meta property=\"og:description\" content=\"Eingangsmodul zur Messung von Temperaturen, Spannungen, Str\u00f6men und Ausg\u00e4ngen mit Anschluss an den PC \u00fcber RS485 oder Modbus Schnittstelle.\" \/>\n<meta property=\"og:url\" content=\"https:\/\/sysmatec.ch\/de\/produit\/e-a-expert-module-serie-9000\/\" \/>\n<meta property=\"og:site_name\" content=\"Sysmatec\" \/>\n<meta property=\"article:modified_time\" content=\"2022-02-04T20:07:48+00:00\" \/>\n<meta property=\"og:image\" content=\"https:\/\/sysmatec.ch\/wp-content\/uploads\/2019\/04\/Automation_TopscccExpert9000_2.jpg\" \/>\n\t<meta property=\"og:image:width\" content=\"185\" \/>\n\t<meta property=\"og:image:height\" content=\"225\" \/>\n\t<meta property=\"og:image:type\" content=\"image\/jpeg\" \/>\n<meta name=\"twitter:card\" content=\"summary_large_image\" \/>\n<meta name=\"twitter:label1\" content=\"Gesch\u00e4tzte Lesezeit\" \/>\n\t<meta name=\"twitter:data1\" content=\"5\u00a0Minuten\" \/>\n<script type=\"application\/ld+json\" class=\"yoast-schema-graph\">{\"@context\":\"https:\\\/\\\/schema.org\",\"@graph\":[{\"@type\":\"WebPage\",\"@id\":\"https:\\\/\\\/sysmatec.ch\\\/de\\\/produit\\\/e-a-expert-module-serie-9000\\\/\",\"url\":\"https:\\\/\\\/sysmatec.ch\\\/de\\\/produit\\\/e-a-expert-module-serie-9000\\\/\",\"name\":\"E\\\/A Expert Module Serie 9000 - Sysmatec\",\"isPartOf\":{\"@id\":\"https:\\\/\\\/sysmatec.ch\\\/de\\\/#website\"},\"primaryImageOfPage\":{\"@id\":\"https:\\\/\\\/sysmatec.ch\\\/de\\\/produit\\\/e-a-expert-module-serie-9000\\\/#primaryimage\"},\"image\":{\"@id\":\"https:\\\/\\\/sysmatec.ch\\\/de\\\/produit\\\/e-a-expert-module-serie-9000\\\/#primaryimage\"},\"thumbnailUrl\":\"https:\\\/\\\/sysmatec.ch\\\/wp-content\\\/uploads\\\/2019\\\/04\\\/Automation_TopscccExpert9000_2.jpg\",\"datePublished\":\"2019-04-08T11:50:09+00:00\",\"dateModified\":\"2022-02-04T20:07:48+00:00\",\"description\":\"Eingangsmodul zur Messung von Temperaturen, Spannungen, Str\u00f6men und Ausg\u00e4ngen mit Anschluss an den PC \u00fcber RS485 oder Modbus Schnittstelle.\",\"breadcrumb\":{\"@id\":\"https:\\\/\\\/sysmatec.ch\\\/de\\\/produit\\\/e-a-expert-module-serie-9000\\\/#breadcrumb\"},\"inLanguage\":\"de\",\"potentialAction\":[{\"@type\":\"ReadAction\",\"target\":[\"https:\\\/\\\/sysmatec.ch\\\/de\\\/produit\\\/e-a-expert-module-serie-9000\\\/\"]}]},{\"@type\":\"ImageObject\",\"inLanguage\":\"de\",\"@id\":\"https:\\\/\\\/sysmatec.ch\\\/de\\\/produit\\\/e-a-expert-module-serie-9000\\\/#primaryimage\",\"url\":\"https:\\\/\\\/sysmatec.ch\\\/wp-content\\\/uploads\\\/2019\\\/04\\\/Automation_TopscccExpert9000_2.jpg\",\"contentUrl\":\"https:\\\/\\\/sysmatec.ch\\\/wp-content\\\/uploads\\\/2019\\\/04\\\/Automation_TopscccExpert9000_2.jpg\",\"width\":185,\"height\":225},{\"@type\":\"BreadcrumbList\",\"@id\":\"https:\\\/\\\/sysmatec.ch\\\/de\\\/produit\\\/e-a-expert-module-serie-9000\\\/#breadcrumb\",\"itemListElement\":[{\"@type\":\"ListItem\",\"position\":1,\"name\":\"Accueil\",\"item\":\"https:\\\/\\\/sysmatec.ch\\\/de\\\/\"},{\"@type\":\"ListItem\",\"position\":2,\"name\":\"Die Aktivit\u00e4t von Sysmatec\",\"item\":\"https:\\\/\\\/sysmatec.ch\\\/de\\\/\"},{\"@type\":\"ListItem\",\"position\":3,\"name\":\"E\\\/A Expert Module Serie 9000\"}]},{\"@type\":\"WebSite\",\"@id\":\"https:\\\/\\\/sysmatec.ch\\\/de\\\/#website\",\"url\":\"https:\\\/\\\/sysmatec.ch\\\/de\\\/\",\"name\":\"Sysmatec\",\"description\":\"Equipement de laboratoire et logiciels\",\"publisher\":{\"@id\":\"https:\\\/\\\/sysmatec.ch\\\/de\\\/#organization\"},\"potentialAction\":[{\"@type\":\"SearchAction\",\"target\":{\"@type\":\"EntryPoint\",\"urlTemplate\":\"https:\\\/\\\/sysmatec.ch\\\/de\\\/?s={search_term_string}\"},\"query-input\":{\"@type\":\"PropertyValueSpecification\",\"valueRequired\":true,\"valueName\":\"search_term_string\"}}],\"inLanguage\":\"de\"},{\"@type\":\"Organization\",\"@id\":\"https:\\\/\\\/sysmatec.ch\\\/de\\\/#organization\",\"name\":\"Sysmatec\",\"url\":\"https:\\\/\\\/sysmatec.ch\\\/de\\\/\",\"logo\":{\"@type\":\"ImageObject\",\"inLanguage\":\"de\",\"@id\":\"https:\\\/\\\/sysmatec.ch\\\/de\\\/#\\\/schema\\\/logo\\\/image\\\/\",\"url\":\"https:\\\/\\\/sysmatec.ch\\\/wp-content\\\/uploads\\\/2018\\\/11\\\/LogoSysmatec.jpg\",\"contentUrl\":\"https:\\\/\\\/sysmatec.ch\\\/wp-content\\\/uploads\\\/2018\\\/11\\\/LogoSysmatec.jpg\",\"width\":301,\"height\":297,\"caption\":\"Sysmatec\"},\"image\":{\"@id\":\"https:\\\/\\\/sysmatec.ch\\\/de\\\/#\\\/schema\\\/logo\\\/image\\\/\"}}]}<\/script>\n<!-- \/ Yoast SEO plugin. -->","yoast_head_json":{"title":"E\/A Expert Module Serie 9000 - Sysmatec","description":"Eingangsmodul zur Messung von Temperaturen, Spannungen, Str\u00f6men und Ausg\u00e4ngen mit Anschluss an den PC \u00fcber RS485 oder Modbus Schnittstelle.","robots":{"index":"index","follow":"follow","max-snippet":"max-snippet:-1","max-image-preview":"max-image-preview:large","max-video-preview":"max-video-preview:-1"},"canonical":"https:\/\/sysmatec.ch\/de\/produit\/e-a-expert-module-serie-9000\/","og_locale":"de_DE","og_type":"article","og_title":"E\/A Expert Module Serie 9000 - Sysmatec","og_description":"Eingangsmodul zur Messung von Temperaturen, Spannungen, Str\u00f6men und Ausg\u00e4ngen mit Anschluss an den PC \u00fcber RS485 oder Modbus Schnittstelle.","og_url":"https:\/\/sysmatec.ch\/de\/produit\/e-a-expert-module-serie-9000\/","og_site_name":"Sysmatec","article_modified_time":"2022-02-04T20:07:48+00:00","og_image":[{"width":185,"height":225,"url":"https:\/\/sysmatec.ch\/wp-content\/uploads\/2019\/04\/Automation_TopscccExpert9000_2.jpg","type":"image\/jpeg"}],"twitter_card":"summary_large_image","twitter_misc":{"Gesch\u00e4tzte Lesezeit":"5\u00a0Minuten"},"schema":{"@context":"https:\/\/schema.org","@graph":[{"@type":"WebPage","@id":"https:\/\/sysmatec.ch\/de\/produit\/e-a-expert-module-serie-9000\/","url":"https:\/\/sysmatec.ch\/de\/produit\/e-a-expert-module-serie-9000\/","name":"E\/A Expert Module Serie 9000 - Sysmatec","isPartOf":{"@id":"https:\/\/sysmatec.ch\/de\/#website"},"primaryImageOfPage":{"@id":"https:\/\/sysmatec.ch\/de\/produit\/e-a-expert-module-serie-9000\/#primaryimage"},"image":{"@id":"https:\/\/sysmatec.ch\/de\/produit\/e-a-expert-module-serie-9000\/#primaryimage"},"thumbnailUrl":"https:\/\/sysmatec.ch\/wp-content\/uploads\/2019\/04\/Automation_TopscccExpert9000_2.jpg","datePublished":"2019-04-08T11:50:09+00:00","dateModified":"2022-02-04T20:07:48+00:00","description":"Eingangsmodul zur Messung von Temperaturen, Spannungen, Str\u00f6men und Ausg\u00e4ngen mit Anschluss an den PC \u00fcber RS485 oder Modbus Schnittstelle.","breadcrumb":{"@id":"https:\/\/sysmatec.ch\/de\/produit\/e-a-expert-module-serie-9000\/#breadcrumb"},"inLanguage":"de","potentialAction":[{"@type":"ReadAction","target":["https:\/\/sysmatec.ch\/de\/produit\/e-a-expert-module-serie-9000\/"]}]},{"@type":"ImageObject","inLanguage":"de","@id":"https:\/\/sysmatec.ch\/de\/produit\/e-a-expert-module-serie-9000\/#primaryimage","url":"https:\/\/sysmatec.ch\/wp-content\/uploads\/2019\/04\/Automation_TopscccExpert9000_2.jpg","contentUrl":"https:\/\/sysmatec.ch\/wp-content\/uploads\/2019\/04\/Automation_TopscccExpert9000_2.jpg","width":185,"height":225},{"@type":"BreadcrumbList","@id":"https:\/\/sysmatec.ch\/de\/produit\/e-a-expert-module-serie-9000\/#breadcrumb","itemListElement":[{"@type":"ListItem","position":1,"name":"Accueil","item":"https:\/\/sysmatec.ch\/de\/"},{"@type":"ListItem","position":2,"name":"Die Aktivit\u00e4t von Sysmatec","item":"https:\/\/sysmatec.ch\/de\/"},{"@type":"ListItem","position":3,"name":"E\/A Expert Module Serie 9000"}]},{"@type":"WebSite","@id":"https:\/\/sysmatec.ch\/de\/#website","url":"https:\/\/sysmatec.ch\/de\/","name":"Sysmatec","description":"Equipement de laboratoire et logiciels","publisher":{"@id":"https:\/\/sysmatec.ch\/de\/#organization"},"potentialAction":[{"@type":"SearchAction","target":{"@type":"EntryPoint","urlTemplate":"https:\/\/sysmatec.ch\/de\/?s={search_term_string}"},"query-input":{"@type":"PropertyValueSpecification","valueRequired":true,"valueName":"search_term_string"}}],"inLanguage":"de"},{"@type":"Organization","@id":"https:\/\/sysmatec.ch\/de\/#organization","name":"Sysmatec","url":"https:\/\/sysmatec.ch\/de\/","logo":{"@type":"ImageObject","inLanguage":"de","@id":"https:\/\/sysmatec.ch\/de\/#\/schema\/logo\/image\/","url":"https:\/\/sysmatec.ch\/wp-content\/uploads\/2018\/11\/LogoSysmatec.jpg","contentUrl":"https:\/\/sysmatec.ch\/wp-content\/uploads\/2018\/11\/LogoSysmatec.jpg","width":301,"height":297,"caption":"Sysmatec"},"image":{"@id":"https:\/\/sysmatec.ch\/de\/#\/schema\/logo\/image\/"}}]}},"_links":{"self":[{"href":"https:\/\/sysmatec.ch\/de\/wp-json\/wp\/v2\/product\/5189","targetHints":{"allow":["GET"]}}],"collection":[{"href":"https:\/\/sysmatec.ch\/de\/wp-json\/wp\/v2\/product"}],"about":[{"href":"https:\/\/sysmatec.ch\/de\/wp-json\/wp\/v2\/types\/product"}],"wp:featuredmedia":[{"embeddable":true,"href":"https:\/\/sysmatec.ch\/de\/wp-json\/wp\/v2\/media\/5187"}],"wp:attachment":[{"href":"https:\/\/sysmatec.ch\/de\/wp-json\/wp\/v2\/media?parent=5189"}],"wp:term":[{"taxonomy":"product_brand","embeddable":true,"href":"https:\/\/sysmatec.ch\/de\/wp-json\/wp\/v2\/product_brand?post=5189"},{"taxonomy":"product_cat","embeddable":true,"href":"https:\/\/sysmatec.ch\/de\/wp-json\/wp\/v2\/product_cat?post=5189"},{"taxonomy":"product_tag","embeddable":true,"href":"https:\/\/sysmatec.ch\/de\/wp-json\/wp\/v2\/product_tag?post=5189"}],"curies":[{"name":"wp","href":"https:\/\/api.w.org\/{rel}","templated":true}]}}