{"id":5179,"date":"2019-04-08T08:59:33","date_gmt":"2019-04-08T06:59:33","guid":{"rendered":"https:\/\/sysmatec.ch\/produit\/convertisseur-analogique-digital-serie-nudam\/"},"modified":"2022-02-04T21:11:09","modified_gmt":"2022-02-04T20:11:09","slug":"e-a-modul-nudam","status":"publish","type":"product","link":"https:\/\/sysmatec.ch\/de\/Produkt\/e-a-modul-nudam\/","title":{"rendered":"E\/A Modul NuDam"},"content":{"rendered":"<p>Es sind Modulen mit analogen und digitalen Eing\u00e4ngen und Ausg\u00e4ngen f\u00fcr Din Schiene Montage. Sie kommunizieren mit dem PC duch eine RS422 oder RS485 Schnittstelle und mit unserer Software <a href=\"https:\/\/sysmatec.ch\/German\/dG1_Siam.html\">SIAM<\/a>. Drivers f\u00fcr andere software sind auch erh\u00e4ltlich (DASYLab, ISA Graf, f\u00fcr MS DOS\/Windows 95\/98\/NT\/2000\/XP, OPC Server).<\/p>\n<p>NuDam 6013<\/p>\n<ul>\n<li type=\"disc\">Analoge Eing\u00e4nge: 3 Temperatur, 2,3,4 Draht, f\u00fcr Ni100, Ni120 und Pt100, Isolation Voltage: 2500Vrms<\/li>\n<li type=\"disc\">AD Konverter Aufl\u00f6sung: 16 Bit<\/li>\n<li type=\"disc\">Max Geschwindigkeit: 10 Samples\/sec.<\/li>\n<\/ul>\n<p>NuDam 6017<\/p>\n<ul>\n<li type=\"disc\">Spannung Eing\u00e4nge: 6 Differentiale und 2 Single ended, -0.156..+0.156V, -0.5..+0.5V, -1..+1V, -10..+10V, -5..+5V -20..+20mA Isolation Voltage: 2500Vrms<\/li>\n<li type=\"disc\">AD Konverter Aufl\u00f6sung: 16 Bit<\/li>\n<li type=\"disc\">Max. Geschwindigkeit: 10 Samples\/sec.<\/li>\n<\/ul>\n<p>NuDam 6018<\/p>\n<ul>\n<li type=\"disc\">8 Thermoelemente Eing\u00e4nge, Single-ended: 2, Differential: 6, Bipolar, Spannung: -0.01..+0.01V, -0.05..+0.05V, -0.1..+0.1V, -1..+1V, -2.5..+2.5V -20..+20mA<\/li>\n<li type=\"disc\">Sensor: Thermoelement Typ B, Thermoelement Typ C, Thermoelement Typ E, Thermoelement Typ J, Thermoelement Typ K, Thermoelement Typ N, Thermoelement Typ R, Thermoelement Typ S, Thermoelement Typ T, V \/ mV<\/li>\n<li type=\"disc\">Isolation Voltage: 2500Vrms<\/li>\n<li type=\"disc\">AD Konverter Aufl\u00f6sung: 16 Bit Multiplexer<\/li>\n<li type=\"disc\">Max. Geschwindigkeit: 10 Samples\/sec.<\/li>\n<\/ul>\n<p>NuDam 6021<\/p>\n<ul>\n<li type=\"disc\">Analoger Ausgang: 1, Isolation: 5000V, Anzahl DA Konverter: 1, Aufl\u00f6sung: 12 Bit<\/li>\n<li type=\"disc\">Bereich: 0..10V, 0..20 mA, 4..20mA<\/li>\n<\/ul>\n<p>NuDam 6024<\/p>\n<ul>\n<li type=\"disc\">Analoge Ausg\u00e4nge: 4, Isolation: 5000V, Anzahl DA: 4, Aufl\u00f6sung: 12 Bit<\/li>\n<li type=\"disc\">Bereich: -10..+10V<\/li>\n<\/ul>\n<p>NuDam 6050<\/p>\n<ul>\n<li type=\"disc\">Digitale Eing\u00e4nge: 7, TTL<\/li>\n<li type=\"disc\">Digitale Ausg\u00e4nge: 8, Open Collector,<\/li>\n<li type=\"disc\">Digitaler Ausgang, 1 x Spannung bis 30V,<\/li>\n<li type=\"disc\">Digitaler Ausgang, 1 x Strom: max. 30mA<\/li>\n<\/ul>\n<p>NuDam 6052<\/p>\n<ul>\n<li>Digitale Eing\u00e4nge: 8, Isolation: 5000V<\/li>\n<li>Level 1: bis zu 30V<\/li>\n<\/ul>\n<p>NuDam 6053<\/p>\n<ul>\n<li>Digitale Eing\u00e4nge: 16<\/li>\n<li>Isolation: 5000V<\/li>\n<\/ul>\n<p>NuDam 6054<\/p>\n<ul>\n<li>Isolation: 5000V<\/li>\n<li>Digitale Eing\u00e4nge: 15,<\/li>\n<li>Logic Level 0: +22V , Logic Level 1: 0V-20V<\/li>\n<\/ul>\n<p>NuDam 6058<\/p>\n<ul>\n<li>Digitale Eing\u00e4nge: 4 TTL<\/li>\n<li>Digitale Ausg\u00e4nge: 2 , Open Collector, Logic Level 1: bis zu 30V<\/li>\n<\/ul>\n<p>NuDam 6060<\/p>\n<ul>\n<li>Digitale Eing\u00e4nge: 4<\/li>\n<li>Logic Level 1: 0..24VDC<\/li>\n<\/ul>\n<p>NuDam 6063<\/p>\n<ul>\n<li>Digitale Ausg\u00e4nge: 8 Relais<\/li>\n<li>Maximum Switching Current, DC: 1A\/30VDC, Maximum Switching Current, AC: 0.5A\/125VAC<\/li>\n<\/ul>\n<p>NuDam 6080<\/p>\n<ul>\n<li type=\"disc\">Digitale Ausg\u00e4nge: 2 Open Collector<\/li>\n<li type=\"disc\">Digitale Eing\u00e4nge: 2 Timer oder Z\u00e4hler, logische 0 :0-1 v, logicher 1: 3,5- 30 v, max Frequenz: 100kHz<\/li>\n<\/ul>\n","protected":false},"excerpt":{"rendered":"<p>E\/A Module<\/p>\n","protected":false},"featured_media":5177,"template":"","meta":{"_crdt_document":""},"product_brand":[],"product_cat":[191,357],"product_tag":[],"class_list":{"0":"post-5179","1":"product","2":"type-product","3":"status-publish","4":"has-post-thumbnail","6":"product_cat-automation-de","7":"product_cat-e-a-module","9":"first","10":"instock","11":"taxable","12":"shipping-taxable","13":"product-type-simple"},"yoast_head":"<!-- This site is optimized with the Yoast SEO plugin v27.3 - https:\/\/yoast.com\/product\/yoast-seo-wordpress\/ -->\n<title>E\/A Modul NuDam - Sysmatec<\/title>\n<meta name=\"description\" content=\"Eingangsmodul zur Messung von Temperaturen, Spannungen, Str\u00f6men und Ausg\u00e4ngen mit Anschluss an den PC \u00fcber RS485-Schnittstelle.\" \/>\n<meta name=\"robots\" content=\"index, follow, max-snippet:-1, max-image-preview:large, max-video-preview:-1\" \/>\n<link rel=\"canonical\" href=\"https:\/\/sysmatec.ch\/de\/produit\/e-a-modul-nudam\/\" \/>\n<meta property=\"og:locale\" content=\"de_DE\" \/>\n<meta property=\"og:type\" content=\"article\" \/>\n<meta property=\"og:title\" content=\"E\/A Modul NuDam - Sysmatec\" \/>\n<meta property=\"og:description\" content=\"Eingangsmodul zur Messung von Temperaturen, Spannungen, Str\u00f6men und Ausg\u00e4ngen mit Anschluss an den PC \u00fcber RS485-Schnittstelle.\" \/>\n<meta property=\"og:url\" content=\"https:\/\/sysmatec.ch\/de\/produit\/e-a-modul-nudam\/\" \/>\n<meta property=\"og:site_name\" content=\"Sysmatec\" \/>\n<meta property=\"article:modified_time\" content=\"2022-02-04T20:11:09+00:00\" \/>\n<meta property=\"og:image\" content=\"https:\/\/sysmatec.ch\/wp-content\/uploads\/2019\/04\/Automation_Nudam6017.gif\" \/>\n\t<meta property=\"og:image:width\" content=\"122\" \/>\n\t<meta property=\"og:image:height\" content=\"124\" \/>\n\t<meta property=\"og:image:type\" content=\"image\/gif\" \/>\n<meta name=\"twitter:card\" content=\"summary_large_image\" \/>\n<meta name=\"twitter:label1\" content=\"Gesch\u00e4tzte Lesezeit\" \/>\n\t<meta name=\"twitter:data1\" content=\"2\u00a0Minuten\" \/>\n<script type=\"application\/ld+json\" class=\"yoast-schema-graph\">{\"@context\":\"https:\\\/\\\/schema.org\",\"@graph\":[{\"@type\":\"WebPage\",\"@id\":\"https:\\\/\\\/sysmatec.ch\\\/de\\\/produit\\\/e-a-modul-nudam\\\/\",\"url\":\"https:\\\/\\\/sysmatec.ch\\\/de\\\/produit\\\/e-a-modul-nudam\\\/\",\"name\":\"E\\\/A Modul NuDam - Sysmatec\",\"isPartOf\":{\"@id\":\"https:\\\/\\\/sysmatec.ch\\\/de\\\/#website\"},\"primaryImageOfPage\":{\"@id\":\"https:\\\/\\\/sysmatec.ch\\\/de\\\/produit\\\/e-a-modul-nudam\\\/#primaryimage\"},\"image\":{\"@id\":\"https:\\\/\\\/sysmatec.ch\\\/de\\\/produit\\\/e-a-modul-nudam\\\/#primaryimage\"},\"thumbnailUrl\":\"https:\\\/\\\/sysmatec.ch\\\/wp-content\\\/uploads\\\/2019\\\/04\\\/Automation_Nudam6017.gif\",\"datePublished\":\"2019-04-08T06:59:33+00:00\",\"dateModified\":\"2022-02-04T20:11:09+00:00\",\"description\":\"Eingangsmodul zur Messung von Temperaturen, Spannungen, Str\u00f6men und Ausg\u00e4ngen mit Anschluss an den PC \u00fcber RS485-Schnittstelle.\",\"breadcrumb\":{\"@id\":\"https:\\\/\\\/sysmatec.ch\\\/de\\\/produit\\\/e-a-modul-nudam\\\/#breadcrumb\"},\"inLanguage\":\"de\",\"potentialAction\":[{\"@type\":\"ReadAction\",\"target\":[\"https:\\\/\\\/sysmatec.ch\\\/de\\\/produit\\\/e-a-modul-nudam\\\/\"]}]},{\"@type\":\"ImageObject\",\"inLanguage\":\"de\",\"@id\":\"https:\\\/\\\/sysmatec.ch\\\/de\\\/produit\\\/e-a-modul-nudam\\\/#primaryimage\",\"url\":\"https:\\\/\\\/sysmatec.ch\\\/wp-content\\\/uploads\\\/2019\\\/04\\\/Automation_Nudam6017.gif\",\"contentUrl\":\"https:\\\/\\\/sysmatec.ch\\\/wp-content\\\/uploads\\\/2019\\\/04\\\/Automation_Nudam6017.gif\",\"width\":122,\"height\":124},{\"@type\":\"BreadcrumbList\",\"@id\":\"https:\\\/\\\/sysmatec.ch\\\/de\\\/produit\\\/e-a-modul-nudam\\\/#breadcrumb\",\"itemListElement\":[{\"@type\":\"ListItem\",\"position\":1,\"name\":\"Accueil\",\"item\":\"https:\\\/\\\/sysmatec.ch\\\/de\\\/\"},{\"@type\":\"ListItem\",\"position\":2,\"name\":\"Die Aktivit\u00e4t von Sysmatec\",\"item\":\"https:\\\/\\\/sysmatec.ch\\\/de\\\/\"},{\"@type\":\"ListItem\",\"position\":3,\"name\":\"E\\\/A Modul NuDam\"}]},{\"@type\":\"WebSite\",\"@id\":\"https:\\\/\\\/sysmatec.ch\\\/de\\\/#website\",\"url\":\"https:\\\/\\\/sysmatec.ch\\\/de\\\/\",\"name\":\"Sysmatec\",\"description\":\"Equipement de laboratoire et logiciels\",\"publisher\":{\"@id\":\"https:\\\/\\\/sysmatec.ch\\\/de\\\/#organization\"},\"potentialAction\":[{\"@type\":\"SearchAction\",\"target\":{\"@type\":\"EntryPoint\",\"urlTemplate\":\"https:\\\/\\\/sysmatec.ch\\\/de\\\/?s={search_term_string}\"},\"query-input\":{\"@type\":\"PropertyValueSpecification\",\"valueRequired\":true,\"valueName\":\"search_term_string\"}}],\"inLanguage\":\"de\"},{\"@type\":\"Organization\",\"@id\":\"https:\\\/\\\/sysmatec.ch\\\/de\\\/#organization\",\"name\":\"Sysmatec\",\"url\":\"https:\\\/\\\/sysmatec.ch\\\/de\\\/\",\"logo\":{\"@type\":\"ImageObject\",\"inLanguage\":\"de\",\"@id\":\"https:\\\/\\\/sysmatec.ch\\\/de\\\/#\\\/schema\\\/logo\\\/image\\\/\",\"url\":\"https:\\\/\\\/sysmatec.ch\\\/wp-content\\\/uploads\\\/2018\\\/11\\\/LogoSysmatec.jpg\",\"contentUrl\":\"https:\\\/\\\/sysmatec.ch\\\/wp-content\\\/uploads\\\/2018\\\/11\\\/LogoSysmatec.jpg\",\"width\":301,\"height\":297,\"caption\":\"Sysmatec\"},\"image\":{\"@id\":\"https:\\\/\\\/sysmatec.ch\\\/de\\\/#\\\/schema\\\/logo\\\/image\\\/\"}}]}<\/script>\n<!-- \/ Yoast SEO plugin. -->","yoast_head_json":{"title":"E\/A Modul NuDam - Sysmatec","description":"Eingangsmodul zur Messung von Temperaturen, Spannungen, Str\u00f6men und Ausg\u00e4ngen mit Anschluss an den PC \u00fcber RS485-Schnittstelle.","robots":{"index":"index","follow":"follow","max-snippet":"max-snippet:-1","max-image-preview":"max-image-preview:large","max-video-preview":"max-video-preview:-1"},"canonical":"https:\/\/sysmatec.ch\/de\/produit\/e-a-modul-nudam\/","og_locale":"de_DE","og_type":"article","og_title":"E\/A Modul NuDam - Sysmatec","og_description":"Eingangsmodul zur Messung von Temperaturen, Spannungen, Str\u00f6men und Ausg\u00e4ngen mit Anschluss an den PC \u00fcber RS485-Schnittstelle.","og_url":"https:\/\/sysmatec.ch\/de\/produit\/e-a-modul-nudam\/","og_site_name":"Sysmatec","article_modified_time":"2022-02-04T20:11:09+00:00","og_image":[{"width":122,"height":124,"url":"https:\/\/sysmatec.ch\/wp-content\/uploads\/2019\/04\/Automation_Nudam6017.gif","type":"image\/gif"}],"twitter_card":"summary_large_image","twitter_misc":{"Gesch\u00e4tzte Lesezeit":"2\u00a0Minuten"},"schema":{"@context":"https:\/\/schema.org","@graph":[{"@type":"WebPage","@id":"https:\/\/sysmatec.ch\/de\/produit\/e-a-modul-nudam\/","url":"https:\/\/sysmatec.ch\/de\/produit\/e-a-modul-nudam\/","name":"E\/A Modul NuDam - Sysmatec","isPartOf":{"@id":"https:\/\/sysmatec.ch\/de\/#website"},"primaryImageOfPage":{"@id":"https:\/\/sysmatec.ch\/de\/produit\/e-a-modul-nudam\/#primaryimage"},"image":{"@id":"https:\/\/sysmatec.ch\/de\/produit\/e-a-modul-nudam\/#primaryimage"},"thumbnailUrl":"https:\/\/sysmatec.ch\/wp-content\/uploads\/2019\/04\/Automation_Nudam6017.gif","datePublished":"2019-04-08T06:59:33+00:00","dateModified":"2022-02-04T20:11:09+00:00","description":"Eingangsmodul zur Messung von Temperaturen, Spannungen, Str\u00f6men und Ausg\u00e4ngen mit Anschluss an den PC \u00fcber RS485-Schnittstelle.","breadcrumb":{"@id":"https:\/\/sysmatec.ch\/de\/produit\/e-a-modul-nudam\/#breadcrumb"},"inLanguage":"de","potentialAction":[{"@type":"ReadAction","target":["https:\/\/sysmatec.ch\/de\/produit\/e-a-modul-nudam\/"]}]},{"@type":"ImageObject","inLanguage":"de","@id":"https:\/\/sysmatec.ch\/de\/produit\/e-a-modul-nudam\/#primaryimage","url":"https:\/\/sysmatec.ch\/wp-content\/uploads\/2019\/04\/Automation_Nudam6017.gif","contentUrl":"https:\/\/sysmatec.ch\/wp-content\/uploads\/2019\/04\/Automation_Nudam6017.gif","width":122,"height":124},{"@type":"BreadcrumbList","@id":"https:\/\/sysmatec.ch\/de\/produit\/e-a-modul-nudam\/#breadcrumb","itemListElement":[{"@type":"ListItem","position":1,"name":"Accueil","item":"https:\/\/sysmatec.ch\/de\/"},{"@type":"ListItem","position":2,"name":"Die Aktivit\u00e4t von Sysmatec","item":"https:\/\/sysmatec.ch\/de\/"},{"@type":"ListItem","position":3,"name":"E\/A Modul NuDam"}]},{"@type":"WebSite","@id":"https:\/\/sysmatec.ch\/de\/#website","url":"https:\/\/sysmatec.ch\/de\/","name":"Sysmatec","description":"Equipement de laboratoire et logiciels","publisher":{"@id":"https:\/\/sysmatec.ch\/de\/#organization"},"potentialAction":[{"@type":"SearchAction","target":{"@type":"EntryPoint","urlTemplate":"https:\/\/sysmatec.ch\/de\/?s={search_term_string}"},"query-input":{"@type":"PropertyValueSpecification","valueRequired":true,"valueName":"search_term_string"}}],"inLanguage":"de"},{"@type":"Organization","@id":"https:\/\/sysmatec.ch\/de\/#organization","name":"Sysmatec","url":"https:\/\/sysmatec.ch\/de\/","logo":{"@type":"ImageObject","inLanguage":"de","@id":"https:\/\/sysmatec.ch\/de\/#\/schema\/logo\/image\/","url":"https:\/\/sysmatec.ch\/wp-content\/uploads\/2018\/11\/LogoSysmatec.jpg","contentUrl":"https:\/\/sysmatec.ch\/wp-content\/uploads\/2018\/11\/LogoSysmatec.jpg","width":301,"height":297,"caption":"Sysmatec"},"image":{"@id":"https:\/\/sysmatec.ch\/de\/#\/schema\/logo\/image\/"}}]}},"_links":{"self":[{"href":"https:\/\/sysmatec.ch\/de\/wp-json\/wp\/v2\/product\/5179","targetHints":{"allow":["GET"]}}],"collection":[{"href":"https:\/\/sysmatec.ch\/de\/wp-json\/wp\/v2\/product"}],"about":[{"href":"https:\/\/sysmatec.ch\/de\/wp-json\/wp\/v2\/types\/product"}],"wp:featuredmedia":[{"embeddable":true,"href":"https:\/\/sysmatec.ch\/de\/wp-json\/wp\/v2\/media\/5177"}],"wp:attachment":[{"href":"https:\/\/sysmatec.ch\/de\/wp-json\/wp\/v2\/media?parent=5179"}],"wp:term":[{"taxonomy":"product_brand","embeddable":true,"href":"https:\/\/sysmatec.ch\/de\/wp-json\/wp\/v2\/product_brand?post=5179"},{"taxonomy":"product_cat","embeddable":true,"href":"https:\/\/sysmatec.ch\/de\/wp-json\/wp\/v2\/product_cat?post=5179"},{"taxonomy":"product_tag","embeddable":true,"href":"https:\/\/sysmatec.ch\/de\/wp-json\/wp\/v2\/product_tag?post=5179"}],"curies":[{"name":"wp","href":"https:\/\/api.w.org\/{rel}","templated":true}]}}