{"id":5150,"date":"2019-04-08T08:16:00","date_gmt":"2019-04-08T06:16:00","guid":{"rendered":"https:\/\/sysmatec.ch\/produit\/detection-des-antibiotiques-avec-explorer-e-reader\/"},"modified":"2022-02-05T09:25:27","modified_gmt":"2022-02-05T08:25:27","slug":"antibiotika-untersuchung-mit-explorer-e-reader","status":"publish","type":"product","link":"https:\/\/sysmatec.ch\/de\/Produkt\/antibiotika-untersuchung-mit-explorer-e-reader\/","title":{"rendered":"Antibiotika-Untersuchung mit Explorer + e-Reader"},"content":{"rendered":"<p>E-READER kann mit Milch- und Fleischproben verwendet werden. Fleischproben ben\u00f6tigen eine kurze Vorbereitung. Milchproben k\u00f6nnen direkt verwendet werden. Das Ergebnis wird nach ca. 3 Stunden angezeigt (positiv oder negativ). E-READER f\u00fchrt den Assay automatisch durch und beendet ihn. Numerische Ergebnisse werden auf dem Bildschirm angezeigt und in einem internen Speicher gespeichert, um die R\u00fcckverfolgbarkeit sicherzustellen.<\/p>\n<p>Beschreibung<br \/>\n\u2022 Mehrfachr\u00fcckstandsanalyse zum Nachweis von mehr als 30 Substanzen in einem einzigen Assay<br \/>\n\u2022 Autonomes System, das den Test vereinfacht<br \/>\n\u2022 Bestimmt den optimalen Testendpunkt mit automatischem Stopp<br \/>\n\u2022 Interpretiert Ergebnisse und speichert Daten im Speicher<br \/>\n\u2022 Entspricht den R\u00fcckstandsh\u00f6chstgehalten der EU<br \/>\n\u2022 Garantiert die beste Empfindlichkeit<br \/>\n\u2022 An Landwirte, Schlachth\u00f6fe, Industrie und Laboratorien angepasst<\/p>\n<p>Vorteil f\u00fcr die Industrie:<br \/>\n\u2022 Qualit\u00e4tskontrollen vor der Verarbeitung Ihres Tanks<br \/>\n\u2022 Sicher stellen, dass Ihr Produkt den gesetzlichen Anforderungen entspricht<br \/>\n\u2022 Schwierigkeiten bei Fermentationsprozessen <span style=\"display: inline !important; float: none; background-color: #ffffff; color: #333333; cursor: text; font-family: Georgia,'Times New Roman','Bitstream Charter',Times,serif; font-size: 16px; font-style: normal; font-variant: normal; font-weight: 400; letter-spacing: normal; orphans: 2; text-align: left; text-decoration: none; text-indent: 0px; text-transform: none; -webkit-text-stroke-width: 0px; white-space: normal; word-spacing: 0px;\">Vermeiden <\/span><\/p>\n<p>Vorteil f\u00fcr der Bauernhof:<br \/>\n\u2022 Einzelne K\u00fche oder Tanks testen<br \/>\n\u2022 Milchwert s<span style=\"display: inline !important; float: none; background-color: #ffffff; color: #333333; cursor: text; font-family: Georgia,'Times New Roman','Bitstream Charter',Times,serif; font-size: 16px; font-style: normal; font-variant: normal; font-weight: 400; letter-spacing: normal; orphans: 2; text-align: left; text-decoration: none; text-indent: 0px; text-transform: none; -webkit-text-stroke-width: 0px; white-space: normal; word-spacing: 0px;\">teigern <\/span>und das Vertrauen der Molkereien <span style=\"display: inline !important; float: none; background-color: #ffffff; color: #333333; cursor: text; font-family: Georgia,'Times New Roman','Bitstream Charter',Times,serif; font-size: 16px; font-style: normal; font-variant: normal; font-weight: 400; letter-spacing: normal; orphans: 2; text-align: left; text-decoration: none; text-indent: 0px; text-transform: none; -webkit-text-stroke-width: 0px; white-space: normal; word-spacing: 0px;\">gewinnen <\/span><br \/>\n\u2022 Kontaminiertes Produkt v<span style=\"display: inline !important; float: none; background-color: #ffffff; color: #333333; cursor: text; font-family: Georgia,'Times New Roman','Bitstream Charter',Times,serif; font-size: 16px; font-style: normal; font-variant: normal; font-weight: 400; letter-spacing: normal; orphans: 2; text-align: left; text-decoration: none; text-indent: 0px; text-transform: none; -webkit-text-stroke-width: 0px; white-space: normal; word-spacing: 0px;\">ermeiden <\/span><br \/>\n\u2022 Strafen und Kosten f\u00fcr die Milchzerst\u00f6rung v<span style=\"display: inline !important; float: none; background-color: #ffffff; color: #333333; cursor: text; font-family: Georgia,'Times New Roman','Bitstream Charter',Times,serif; font-size: 16px; font-style: normal; font-variant: normal; font-weight: 400; letter-spacing: normal; orphans: 2; text-align: left; text-decoration: none; text-indent: 0px; text-transform: none; -webkit-text-stroke-width: 0px; white-space: normal; word-spacing: 0px;\">ermeiden <\/span><\/p>\n","protected":false},"excerpt":{"rendered":"<p>Automatische Antibiotika-Untersuchung in Lebensmittel<\/p>\n","protected":false},"featured_media":4998,"template":"","meta":{"_crdt_document":""},"product_brand":[],"product_cat":[188,401],"product_tag":[],"class_list":{"0":"post-5150","1":"product","2":"type-product","3":"status-publish","4":"has-post-thumbnail","6":"product_cat-analyse-de","7":"product_cat-antibiotikum","9":"first","10":"instock","11":"taxable","12":"shipping-taxable","13":"product-type-simple"},"yoast_head":"<!-- This site is optimized with the Yoast SEO plugin v27.3 - https:\/\/yoast.com\/product\/yoast-seo-wordpress\/ -->\n<title>Antibiotika-Untersuchung mit Explorer + e-Reader - Sysmatec<\/title>\n<meta name=\"description\" content=\"Einfaches und automatisches Messsystem f\u00fcr Antibiotika in Milch und Fleisch. Das Ergebnis wird in ca. 3 Stunden angezeigt.\" \/>\n<meta name=\"robots\" content=\"index, follow, max-snippet:-1, max-image-preview:large, max-video-preview:-1\" \/>\n<link rel=\"canonical\" href=\"https:\/\/sysmatec.ch\/de\/produit\/antibiotika-untersuchung-mit-explorer-e-reader\/\" \/>\n<meta property=\"og:locale\" content=\"de_DE\" \/>\n<meta property=\"og:type\" content=\"article\" \/>\n<meta property=\"og:title\" content=\"Antibiotika-Untersuchung mit Explorer + e-Reader - Sysmatec\" \/>\n<meta property=\"og:description\" content=\"Einfaches und automatisches Messsystem f\u00fcr Antibiotika in Milch und Fleisch. Das Ergebnis wird in ca. 3 Stunden angezeigt.\" \/>\n<meta property=\"og:url\" content=\"https:\/\/sysmatec.ch\/de\/produit\/antibiotika-untersuchung-mit-explorer-e-reader\/\" \/>\n<meta property=\"og:site_name\" content=\"Sysmatec\" \/>\n<meta property=\"article:modified_time\" content=\"2022-02-05T08:25:27+00:00\" \/>\n<meta property=\"og:image\" content=\"https:\/\/sysmatec.ch\/wp-content\/uploads\/2019\/04\/Analyse_ZEUEReader.jpg\" \/>\n\t<meta property=\"og:image:width\" content=\"182\" \/>\n\t<meta property=\"og:image:height\" content=\"176\" \/>\n\t<meta property=\"og:image:type\" content=\"image\/jpeg\" \/>\n<meta name=\"twitter:card\" content=\"summary_large_image\" \/>\n<meta name=\"twitter:label1\" content=\"Gesch\u00e4tzte Lesezeit\" \/>\n\t<meta name=\"twitter:data1\" content=\"1\u00a0Minute\" \/>\n<script type=\"application\/ld+json\" class=\"yoast-schema-graph\">{\"@context\":\"https:\\\/\\\/schema.org\",\"@graph\":[{\"@type\":\"WebPage\",\"@id\":\"https:\\\/\\\/sysmatec.ch\\\/de\\\/produit\\\/antibiotika-untersuchung-mit-explorer-e-reader\\\/\",\"url\":\"https:\\\/\\\/sysmatec.ch\\\/de\\\/produit\\\/antibiotika-untersuchung-mit-explorer-e-reader\\\/\",\"name\":\"Antibiotika-Untersuchung mit Explorer + e-Reader - Sysmatec\",\"isPartOf\":{\"@id\":\"https:\\\/\\\/sysmatec.ch\\\/de\\\/#website\"},\"primaryImageOfPage\":{\"@id\":\"https:\\\/\\\/sysmatec.ch\\\/de\\\/produit\\\/antibiotika-untersuchung-mit-explorer-e-reader\\\/#primaryimage\"},\"image\":{\"@id\":\"https:\\\/\\\/sysmatec.ch\\\/de\\\/produit\\\/antibiotika-untersuchung-mit-explorer-e-reader\\\/#primaryimage\"},\"thumbnailUrl\":\"https:\\\/\\\/sysmatec.ch\\\/wp-content\\\/uploads\\\/2019\\\/04\\\/Analyse_ZEUEReader.jpg\",\"datePublished\":\"2019-04-08T06:16:00+00:00\",\"dateModified\":\"2022-02-05T08:25:27+00:00\",\"description\":\"Einfaches und automatisches Messsystem f\u00fcr Antibiotika in Milch und Fleisch. Das Ergebnis wird in ca. 3 Stunden angezeigt.\",\"breadcrumb\":{\"@id\":\"https:\\\/\\\/sysmatec.ch\\\/de\\\/produit\\\/antibiotika-untersuchung-mit-explorer-e-reader\\\/#breadcrumb\"},\"inLanguage\":\"de\",\"potentialAction\":[{\"@type\":\"ReadAction\",\"target\":[\"https:\\\/\\\/sysmatec.ch\\\/de\\\/produit\\\/antibiotika-untersuchung-mit-explorer-e-reader\\\/\"]}]},{\"@type\":\"ImageObject\",\"inLanguage\":\"de\",\"@id\":\"https:\\\/\\\/sysmatec.ch\\\/de\\\/produit\\\/antibiotika-untersuchung-mit-explorer-e-reader\\\/#primaryimage\",\"url\":\"https:\\\/\\\/sysmatec.ch\\\/wp-content\\\/uploads\\\/2019\\\/04\\\/Analyse_ZEUEReader.jpg\",\"contentUrl\":\"https:\\\/\\\/sysmatec.ch\\\/wp-content\\\/uploads\\\/2019\\\/04\\\/Analyse_ZEUEReader.jpg\",\"width\":182,\"height\":176},{\"@type\":\"BreadcrumbList\",\"@id\":\"https:\\\/\\\/sysmatec.ch\\\/de\\\/produit\\\/antibiotika-untersuchung-mit-explorer-e-reader\\\/#breadcrumb\",\"itemListElement\":[{\"@type\":\"ListItem\",\"position\":1,\"name\":\"Accueil\",\"item\":\"https:\\\/\\\/sysmatec.ch\\\/de\\\/\"},{\"@type\":\"ListItem\",\"position\":2,\"name\":\"Die Aktivit\u00e4t von Sysmatec\",\"item\":\"https:\\\/\\\/sysmatec.ch\\\/de\\\/\"},{\"@type\":\"ListItem\",\"position\":3,\"name\":\"Antibiotika-Untersuchung mit Explorer + e-Reader\"}]},{\"@type\":\"WebSite\",\"@id\":\"https:\\\/\\\/sysmatec.ch\\\/de\\\/#website\",\"url\":\"https:\\\/\\\/sysmatec.ch\\\/de\\\/\",\"name\":\"Sysmatec\",\"description\":\"Equipement de laboratoire et logiciels\",\"publisher\":{\"@id\":\"https:\\\/\\\/sysmatec.ch\\\/de\\\/#organization\"},\"potentialAction\":[{\"@type\":\"SearchAction\",\"target\":{\"@type\":\"EntryPoint\",\"urlTemplate\":\"https:\\\/\\\/sysmatec.ch\\\/de\\\/?s={search_term_string}\"},\"query-input\":{\"@type\":\"PropertyValueSpecification\",\"valueRequired\":true,\"valueName\":\"search_term_string\"}}],\"inLanguage\":\"de\"},{\"@type\":\"Organization\",\"@id\":\"https:\\\/\\\/sysmatec.ch\\\/de\\\/#organization\",\"name\":\"Sysmatec\",\"url\":\"https:\\\/\\\/sysmatec.ch\\\/de\\\/\",\"logo\":{\"@type\":\"ImageObject\",\"inLanguage\":\"de\",\"@id\":\"https:\\\/\\\/sysmatec.ch\\\/de\\\/#\\\/schema\\\/logo\\\/image\\\/\",\"url\":\"https:\\\/\\\/sysmatec.ch\\\/wp-content\\\/uploads\\\/2018\\\/11\\\/LogoSysmatec.jpg\",\"contentUrl\":\"https:\\\/\\\/sysmatec.ch\\\/wp-content\\\/uploads\\\/2018\\\/11\\\/LogoSysmatec.jpg\",\"width\":301,\"height\":297,\"caption\":\"Sysmatec\"},\"image\":{\"@id\":\"https:\\\/\\\/sysmatec.ch\\\/de\\\/#\\\/schema\\\/logo\\\/image\\\/\"}}]}<\/script>\n<!-- \/ Yoast SEO plugin. -->","yoast_head_json":{"title":"Antibiotika-Untersuchung mit Explorer + e-Reader - Sysmatec","description":"Einfaches und automatisches Messsystem f\u00fcr Antibiotika in Milch und Fleisch. Das Ergebnis wird in ca. 3 Stunden angezeigt.","robots":{"index":"index","follow":"follow","max-snippet":"max-snippet:-1","max-image-preview":"max-image-preview:large","max-video-preview":"max-video-preview:-1"},"canonical":"https:\/\/sysmatec.ch\/de\/produit\/antibiotika-untersuchung-mit-explorer-e-reader\/","og_locale":"de_DE","og_type":"article","og_title":"Antibiotika-Untersuchung mit Explorer + e-Reader - Sysmatec","og_description":"Einfaches und automatisches Messsystem f\u00fcr Antibiotika in Milch und Fleisch. Das Ergebnis wird in ca. 3 Stunden angezeigt.","og_url":"https:\/\/sysmatec.ch\/de\/produit\/antibiotika-untersuchung-mit-explorer-e-reader\/","og_site_name":"Sysmatec","article_modified_time":"2022-02-05T08:25:27+00:00","og_image":[{"width":182,"height":176,"url":"https:\/\/sysmatec.ch\/wp-content\/uploads\/2019\/04\/Analyse_ZEUEReader.jpg","type":"image\/jpeg"}],"twitter_card":"summary_large_image","twitter_misc":{"Gesch\u00e4tzte Lesezeit":"1\u00a0Minute"},"schema":{"@context":"https:\/\/schema.org","@graph":[{"@type":"WebPage","@id":"https:\/\/sysmatec.ch\/de\/produit\/antibiotika-untersuchung-mit-explorer-e-reader\/","url":"https:\/\/sysmatec.ch\/de\/produit\/antibiotika-untersuchung-mit-explorer-e-reader\/","name":"Antibiotika-Untersuchung mit Explorer + e-Reader - Sysmatec","isPartOf":{"@id":"https:\/\/sysmatec.ch\/de\/#website"},"primaryImageOfPage":{"@id":"https:\/\/sysmatec.ch\/de\/produit\/antibiotika-untersuchung-mit-explorer-e-reader\/#primaryimage"},"image":{"@id":"https:\/\/sysmatec.ch\/de\/produit\/antibiotika-untersuchung-mit-explorer-e-reader\/#primaryimage"},"thumbnailUrl":"https:\/\/sysmatec.ch\/wp-content\/uploads\/2019\/04\/Analyse_ZEUEReader.jpg","datePublished":"2019-04-08T06:16:00+00:00","dateModified":"2022-02-05T08:25:27+00:00","description":"Einfaches und automatisches Messsystem f\u00fcr Antibiotika in Milch und Fleisch. Das Ergebnis wird in ca. 3 Stunden angezeigt.","breadcrumb":{"@id":"https:\/\/sysmatec.ch\/de\/produit\/antibiotika-untersuchung-mit-explorer-e-reader\/#breadcrumb"},"inLanguage":"de","potentialAction":[{"@type":"ReadAction","target":["https:\/\/sysmatec.ch\/de\/produit\/antibiotika-untersuchung-mit-explorer-e-reader\/"]}]},{"@type":"ImageObject","inLanguage":"de","@id":"https:\/\/sysmatec.ch\/de\/produit\/antibiotika-untersuchung-mit-explorer-e-reader\/#primaryimage","url":"https:\/\/sysmatec.ch\/wp-content\/uploads\/2019\/04\/Analyse_ZEUEReader.jpg","contentUrl":"https:\/\/sysmatec.ch\/wp-content\/uploads\/2019\/04\/Analyse_ZEUEReader.jpg","width":182,"height":176},{"@type":"BreadcrumbList","@id":"https:\/\/sysmatec.ch\/de\/produit\/antibiotika-untersuchung-mit-explorer-e-reader\/#breadcrumb","itemListElement":[{"@type":"ListItem","position":1,"name":"Accueil","item":"https:\/\/sysmatec.ch\/de\/"},{"@type":"ListItem","position":2,"name":"Die Aktivit\u00e4t von Sysmatec","item":"https:\/\/sysmatec.ch\/de\/"},{"@type":"ListItem","position":3,"name":"Antibiotika-Untersuchung mit Explorer + e-Reader"}]},{"@type":"WebSite","@id":"https:\/\/sysmatec.ch\/de\/#website","url":"https:\/\/sysmatec.ch\/de\/","name":"Sysmatec","description":"Equipement de laboratoire et logiciels","publisher":{"@id":"https:\/\/sysmatec.ch\/de\/#organization"},"potentialAction":[{"@type":"SearchAction","target":{"@type":"EntryPoint","urlTemplate":"https:\/\/sysmatec.ch\/de\/?s={search_term_string}"},"query-input":{"@type":"PropertyValueSpecification","valueRequired":true,"valueName":"search_term_string"}}],"inLanguage":"de"},{"@type":"Organization","@id":"https:\/\/sysmatec.ch\/de\/#organization","name":"Sysmatec","url":"https:\/\/sysmatec.ch\/de\/","logo":{"@type":"ImageObject","inLanguage":"de","@id":"https:\/\/sysmatec.ch\/de\/#\/schema\/logo\/image\/","url":"https:\/\/sysmatec.ch\/wp-content\/uploads\/2018\/11\/LogoSysmatec.jpg","contentUrl":"https:\/\/sysmatec.ch\/wp-content\/uploads\/2018\/11\/LogoSysmatec.jpg","width":301,"height":297,"caption":"Sysmatec"},"image":{"@id":"https:\/\/sysmatec.ch\/de\/#\/schema\/logo\/image\/"}}]}},"_links":{"self":[{"href":"https:\/\/sysmatec.ch\/de\/wp-json\/wp\/v2\/product\/5150","targetHints":{"allow":["GET"]}}],"collection":[{"href":"https:\/\/sysmatec.ch\/de\/wp-json\/wp\/v2\/product"}],"about":[{"href":"https:\/\/sysmatec.ch\/de\/wp-json\/wp\/v2\/types\/product"}],"wp:featuredmedia":[{"embeddable":true,"href":"https:\/\/sysmatec.ch\/de\/wp-json\/wp\/v2\/media\/4998"}],"wp:attachment":[{"href":"https:\/\/sysmatec.ch\/de\/wp-json\/wp\/v2\/media?parent=5150"}],"wp:term":[{"taxonomy":"product_brand","embeddable":true,"href":"https:\/\/sysmatec.ch\/de\/wp-json\/wp\/v2\/product_brand?post=5150"},{"taxonomy":"product_cat","embeddable":true,"href":"https:\/\/sysmatec.ch\/de\/wp-json\/wp\/v2\/product_cat?post=5150"},{"taxonomy":"product_tag","embeddable":true,"href":"https:\/\/sysmatec.ch\/de\/wp-json\/wp\/v2\/product_tag?post=5150"}],"curies":[{"name":"wp","href":"https:\/\/api.w.org\/{rel}","templated":true}]}}