{"id":5135,"date":"2019-04-07T17:40:35","date_gmt":"2019-04-07T15:40:35","guid":{"rendered":"https:\/\/sysmatec.ch\/produit\/stavicheck-thermal-food\/"},"modified":"2022-02-05T09:34:26","modified_gmt":"2022-02-05T08:34:26","slug":"stavicheck-thermal-food","status":"publish","type":"product","link":"https:\/\/sysmatec.ch\/de\/Produkt\/stavicheck-thermal-food\/","title":{"rendered":"Stavicheck Thermal Food"},"content":{"rendered":"<p>es ist ein Schnelltest zur Bestimmung der Aktivit\u00e4t von saurer Phosphatase. Es kann f\u00fcr Oberfl\u00e4chen oder Lebensmittel verwendet werden und kann Bakterien und daher potentielle Pathogenit\u00e4t auf nicht gekochten Produkten erkennen. Es kann direkt auf rohen Fleischresten verwendet werden.<\/p>\n<p>Es ist eine quantitative Methode. Detektionsbereich: 0-50 % Fleischreste, 0-2428 RLU (relative light unit)<\/p>\n<p>Haltbarkeit: 24 Monate bei 2-8 \u00b0 C<\/p>\n","protected":false},"excerpt":{"rendered":"<p>Stavicheck Thermal Food<\/p>\n","protected":false},"featured_media":0,"template":"","meta":{"_crdt_document":""},"product_brand":[],"product_cat":[188,375],"product_tag":[],"class_list":{"0":"post-5135","1":"product","2":"type-product","3":"status-publish","5":"product_cat-analyse-de","6":"product_cat-toxin-de","8":"first","9":"instock","10":"taxable","11":"shipping-taxable","12":"product-type-simple"},"yoast_head":"<!-- This site is optimized with the Yoast SEO plugin v27.4 - https:\/\/yoast.com\/product\/yoast-seo-wordpress\/ -->\n<title>Stavicheck Thermal Food - Sysmatec<\/title>\n<meta name=\"description\" content=\"Schnelltest zur Bestimmung der Aktivit\u00e4t der sauren Phosphatase. Es erm\u00f6glicht die Bestimmung einer potenziellen Pathogenit\u00e4t an nicht durchgekochten Produkten.\" \/>\n<meta name=\"robots\" content=\"index, follow, max-snippet:-1, max-image-preview:large, max-video-preview:-1\" \/>\n<link rel=\"canonical\" href=\"https:\/\/sysmatec.ch\/de\/produit\/stavicheck-thermal-food\/\" \/>\n<meta property=\"og:locale\" content=\"de_DE\" \/>\n<meta property=\"og:type\" content=\"article\" \/>\n<meta property=\"og:title\" content=\"Stavicheck Thermal Food - Sysmatec\" \/>\n<meta property=\"og:description\" content=\"Schnelltest zur Bestimmung der Aktivit\u00e4t der sauren Phosphatase. Es erm\u00f6glicht die Bestimmung einer potenziellen Pathogenit\u00e4t an nicht durchgekochten Produkten.\" \/>\n<meta property=\"og:url\" content=\"https:\/\/sysmatec.ch\/de\/produit\/stavicheck-thermal-food\/\" \/>\n<meta property=\"og:site_name\" content=\"Sysmatec\" \/>\n<meta property=\"article:modified_time\" content=\"2022-02-05T08:34:26+00:00\" \/>\n<meta name=\"twitter:card\" content=\"summary_large_image\" \/>\n<script type=\"application\/ld+json\" class=\"yoast-schema-graph\">{\"@context\":\"https:\\\/\\\/schema.org\",\"@graph\":[{\"@type\":\"WebPage\",\"@id\":\"https:\\\/\\\/sysmatec.ch\\\/de\\\/produit\\\/stavicheck-thermal-food\\\/\",\"url\":\"https:\\\/\\\/sysmatec.ch\\\/de\\\/produit\\\/stavicheck-thermal-food\\\/\",\"name\":\"Stavicheck Thermal Food - Sysmatec\",\"isPartOf\":{\"@id\":\"https:\\\/\\\/sysmatec.ch\\\/de\\\/#website\"},\"datePublished\":\"2019-04-07T15:40:35+00:00\",\"dateModified\":\"2022-02-05T08:34:26+00:00\",\"description\":\"Schnelltest zur Bestimmung der Aktivit\u00e4t der sauren Phosphatase. Es erm\u00f6glicht die Bestimmung einer potenziellen Pathogenit\u00e4t an nicht durchgekochten Produkten.\",\"breadcrumb\":{\"@id\":\"https:\\\/\\\/sysmatec.ch\\\/de\\\/produit\\\/stavicheck-thermal-food\\\/#breadcrumb\"},\"inLanguage\":\"de\",\"potentialAction\":[{\"@type\":\"ReadAction\",\"target\":[\"https:\\\/\\\/sysmatec.ch\\\/de\\\/produit\\\/stavicheck-thermal-food\\\/\"]}]},{\"@type\":\"BreadcrumbList\",\"@id\":\"https:\\\/\\\/sysmatec.ch\\\/de\\\/produit\\\/stavicheck-thermal-food\\\/#breadcrumb\",\"itemListElement\":[{\"@type\":\"ListItem\",\"position\":1,\"name\":\"Accueil\",\"item\":\"https:\\\/\\\/sysmatec.ch\\\/de\\\/\"},{\"@type\":\"ListItem\",\"position\":2,\"name\":\"Die Aktivit\u00e4t von Sysmatec\",\"item\":\"https:\\\/\\\/sysmatec.ch\\\/de\\\/\"},{\"@type\":\"ListItem\",\"position\":3,\"name\":\"Stavicheck Thermal Food\"}]},{\"@type\":\"WebSite\",\"@id\":\"https:\\\/\\\/sysmatec.ch\\\/de\\\/#website\",\"url\":\"https:\\\/\\\/sysmatec.ch\\\/de\\\/\",\"name\":\"Sysmatec\",\"description\":\"Equipement de laboratoire et logiciels\",\"publisher\":{\"@id\":\"https:\\\/\\\/sysmatec.ch\\\/de\\\/#organization\"},\"potentialAction\":[{\"@type\":\"SearchAction\",\"target\":{\"@type\":\"EntryPoint\",\"urlTemplate\":\"https:\\\/\\\/sysmatec.ch\\\/de\\\/?s={search_term_string}\"},\"query-input\":{\"@type\":\"PropertyValueSpecification\",\"valueRequired\":true,\"valueName\":\"search_term_string\"}}],\"inLanguage\":\"de\"},{\"@type\":\"Organization\",\"@id\":\"https:\\\/\\\/sysmatec.ch\\\/de\\\/#organization\",\"name\":\"Sysmatec\",\"url\":\"https:\\\/\\\/sysmatec.ch\\\/de\\\/\",\"logo\":{\"@type\":\"ImageObject\",\"inLanguage\":\"de\",\"@id\":\"https:\\\/\\\/sysmatec.ch\\\/de\\\/#\\\/schema\\\/logo\\\/image\\\/\",\"url\":\"https:\\\/\\\/sysmatec.ch\\\/wp-content\\\/uploads\\\/2018\\\/11\\\/LogoSysmatec.jpg\",\"contentUrl\":\"https:\\\/\\\/sysmatec.ch\\\/wp-content\\\/uploads\\\/2018\\\/11\\\/LogoSysmatec.jpg\",\"width\":301,\"height\":297,\"caption\":\"Sysmatec\"},\"image\":{\"@id\":\"https:\\\/\\\/sysmatec.ch\\\/de\\\/#\\\/schema\\\/logo\\\/image\\\/\"}}]}<\/script>\n<!-- \/ Yoast SEO plugin. -->","yoast_head_json":{"title":"Stavicheck Thermal Food - Sysmatec","description":"Schnelltest zur Bestimmung der Aktivit\u00e4t der sauren Phosphatase. Es erm\u00f6glicht die Bestimmung einer potenziellen Pathogenit\u00e4t an nicht durchgekochten Produkten.","robots":{"index":"index","follow":"follow","max-snippet":"max-snippet:-1","max-image-preview":"max-image-preview:large","max-video-preview":"max-video-preview:-1"},"canonical":"https:\/\/sysmatec.ch\/de\/produit\/stavicheck-thermal-food\/","og_locale":"de_DE","og_type":"article","og_title":"Stavicheck Thermal Food - Sysmatec","og_description":"Schnelltest zur Bestimmung der Aktivit\u00e4t der sauren Phosphatase. Es erm\u00f6glicht die Bestimmung einer potenziellen Pathogenit\u00e4t an nicht durchgekochten Produkten.","og_url":"https:\/\/sysmatec.ch\/de\/produit\/stavicheck-thermal-food\/","og_site_name":"Sysmatec","article_modified_time":"2022-02-05T08:34:26+00:00","twitter_card":"summary_large_image","schema":{"@context":"https:\/\/schema.org","@graph":[{"@type":"WebPage","@id":"https:\/\/sysmatec.ch\/de\/produit\/stavicheck-thermal-food\/","url":"https:\/\/sysmatec.ch\/de\/produit\/stavicheck-thermal-food\/","name":"Stavicheck Thermal Food - Sysmatec","isPartOf":{"@id":"https:\/\/sysmatec.ch\/de\/#website"},"datePublished":"2019-04-07T15:40:35+00:00","dateModified":"2022-02-05T08:34:26+00:00","description":"Schnelltest zur Bestimmung der Aktivit\u00e4t der sauren Phosphatase. Es erm\u00f6glicht die Bestimmung einer potenziellen Pathogenit\u00e4t an nicht durchgekochten Produkten.","breadcrumb":{"@id":"https:\/\/sysmatec.ch\/de\/produit\/stavicheck-thermal-food\/#breadcrumb"},"inLanguage":"de","potentialAction":[{"@type":"ReadAction","target":["https:\/\/sysmatec.ch\/de\/produit\/stavicheck-thermal-food\/"]}]},{"@type":"BreadcrumbList","@id":"https:\/\/sysmatec.ch\/de\/produit\/stavicheck-thermal-food\/#breadcrumb","itemListElement":[{"@type":"ListItem","position":1,"name":"Accueil","item":"https:\/\/sysmatec.ch\/de\/"},{"@type":"ListItem","position":2,"name":"Die Aktivit\u00e4t von Sysmatec","item":"https:\/\/sysmatec.ch\/de\/"},{"@type":"ListItem","position":3,"name":"Stavicheck Thermal Food"}]},{"@type":"WebSite","@id":"https:\/\/sysmatec.ch\/de\/#website","url":"https:\/\/sysmatec.ch\/de\/","name":"Sysmatec","description":"Equipement de laboratoire et logiciels","publisher":{"@id":"https:\/\/sysmatec.ch\/de\/#organization"},"potentialAction":[{"@type":"SearchAction","target":{"@type":"EntryPoint","urlTemplate":"https:\/\/sysmatec.ch\/de\/?s={search_term_string}"},"query-input":{"@type":"PropertyValueSpecification","valueRequired":true,"valueName":"search_term_string"}}],"inLanguage":"de"},{"@type":"Organization","@id":"https:\/\/sysmatec.ch\/de\/#organization","name":"Sysmatec","url":"https:\/\/sysmatec.ch\/de\/","logo":{"@type":"ImageObject","inLanguage":"de","@id":"https:\/\/sysmatec.ch\/de\/#\/schema\/logo\/image\/","url":"https:\/\/sysmatec.ch\/wp-content\/uploads\/2018\/11\/LogoSysmatec.jpg","contentUrl":"https:\/\/sysmatec.ch\/wp-content\/uploads\/2018\/11\/LogoSysmatec.jpg","width":301,"height":297,"caption":"Sysmatec"},"image":{"@id":"https:\/\/sysmatec.ch\/de\/#\/schema\/logo\/image\/"}}]}},"_links":{"self":[{"href":"https:\/\/sysmatec.ch\/de\/wp-json\/wp\/v2\/product\/5135","targetHints":{"allow":["GET"]}}],"collection":[{"href":"https:\/\/sysmatec.ch\/de\/wp-json\/wp\/v2\/product"}],"about":[{"href":"https:\/\/sysmatec.ch\/de\/wp-json\/wp\/v2\/types\/product"}],"wp:attachment":[{"href":"https:\/\/sysmatec.ch\/de\/wp-json\/wp\/v2\/media?parent=5135"}],"wp:term":[{"taxonomy":"product_brand","embeddable":true,"href":"https:\/\/sysmatec.ch\/de\/wp-json\/wp\/v2\/product_brand?post=5135"},{"taxonomy":"product_cat","embeddable":true,"href":"https:\/\/sysmatec.ch\/de\/wp-json\/wp\/v2\/product_cat?post=5135"},{"taxonomy":"product_tag","embeddable":true,"href":"https:\/\/sysmatec.ch\/de\/wp-json\/wp\/v2\/product_tag?post=5135"}],"curies":[{"name":"wp","href":"https:\/\/api.w.org\/{rel}","templated":true}]}}