{"id":5130,"date":"2019-04-07T17:33:08","date_gmt":"2019-04-07T15:33:08","guid":{"rendered":"https:\/\/sysmatec.ch\/produit\/test-trofopast-biomedix-panoptis-pour-la-detection-des-herbicides\/"},"modified":"2022-02-05T09:39:58","modified_gmt":"2022-02-05T08:39:58","slug":"trofopast-biomedix-panoptis-test-zum-herbizid-nachweis","status":"publish","type":"product","link":"https:\/\/sysmatec.ch\/de\/Produkt\/trofopast-biomedix-panoptis-test-zum-herbizid-nachweis\/","title":{"rendered":"Trofopast Biomedix Panoptis Test zum Herbizid-Nachweis"},"content":{"rendered":"<p>Biochemischer Test zur Bestimmung von Herbiziden, einschlie\u00dflich Glyphosat in Wasser, Lebensmitteln, Gem\u00fcse, Fr\u00fcchten, Proben von menschlichen Fl\u00fcssigkeiten.<\/p>\n<p>Die Einf\u00fchrung gentechnisch ver\u00e4nderter Glyphosat-resistenter Pflanzen hat zu einer verst\u00e4rkten Verwendung dieses Herbizids gef\u00fchrt, wodurch die Landwirte Unkr\u00e4uter bek\u00e4mpfen k\u00f6nnen, ohne ihre Kulturpflanzen zu sch\u00e4digen. Das Auftreten von Glyphosat-resistenten Unkr\u00e4utern hat auch die H\u00e4ufigkeit und das Volumen von Glyphosat-Anwendungen in Kombination mit anderen Herbiziden erh\u00f6ht. Aufgrund seiner weit verbreiteten Anwendung ist Glyphosat in der Umwelt und in Lebensmittelprodukten allgegenw\u00e4rtig geworden. Glyphosat kann in B\u00f6den adsorbieren und ist in Wasser sehr gut l\u00f6slich, was insbesondere nach starken Regenf\u00e4llen zu einer Verunreinigung der Oberfl\u00e4che und des Grundwassers f\u00fchren kann. Die langfristigen Auswirkungen auf die Umwelt und die menschliche Gesundheit sind wachsende Bedenken. Im M\u00e4rz 2015 stufte die Internationale Agentur f\u00fcr Krebsforschung der Weltgesundheitsorganisation Glyphosat als &#8222;wahrscheinlich krebserregend f\u00fcr den Menschen&#8220; ein (Kategorie 2A). Einige Studien zeigen eine Korrelation zwischen der Exposition gegen\u00fcber Glyphosat-Herbiziden und dem Non-Hodgkin-Lymphom beim Menschen und andere zeigen Anzeichen von Glyphosat-induziertem Krebs bei Labortieren. In der Europ\u00e4ischen Union liegt die kombinierte R\u00fcckstandsh\u00f6chstmenge (MRL) f\u00fcr Glyphosat und seine Metaboliten in Trinkwasser bei 0.1 ng \/ ml.<\/p>\n<p>Empfindlichkeit des Tests: Der Test hat eine gesch\u00e4tzte Nachweisgrenze (90% B \/ B0) von 0,05 ppb (ug \/ L). Das Testmedium (50% B \/ B0) ist etwa 0,5 ppb. Bestimmungen, die n\u00e4her an der Mitte der Kalibrierungskurve liegen, liefern die genauesten Ergebnisse.<\/p>\n","protected":false},"excerpt":{"rendered":"<p>Test zum Nachweis von Herbiziden<\/p>\n","protected":false},"featured_media":0,"template":"","meta":{"_crdt_document":""},"product_brand":[],"product_cat":[188,375],"product_tag":[],"class_list":{"0":"post-5130","1":"product","2":"type-product","3":"status-publish","5":"product_cat-analyse-de","6":"product_cat-toxin-de","8":"first","9":"instock","10":"taxable","11":"shipping-taxable","12":"product-type-simple"},"yoast_head":"<!-- This site is optimized with the Yoast SEO plugin v27.4 - https:\/\/yoast.com\/product\/yoast-seo-wordpress\/ -->\n<title>Trofopast Biomedix Panoptis Test zum Herbizid-Nachweis - Sysmatec<\/title>\n<meta name=\"description\" content=\"Test zur Bestimmung von Herbiziden wie Glyphosat in Lebensmitteln. Nachweisgrenze ca. 0,05 ppb (ug\/L).\" \/>\n<meta name=\"robots\" content=\"index, follow, max-snippet:-1, max-image-preview:large, max-video-preview:-1\" \/>\n<link rel=\"canonical\" href=\"https:\/\/sysmatec.ch\/de\/produit\/trofopast-biomedix-panoptis-test-zum-herbizid-nachweis\/\" \/>\n<meta property=\"og:locale\" content=\"de_DE\" \/>\n<meta property=\"og:type\" content=\"article\" \/>\n<meta property=\"og:title\" content=\"Trofopast Biomedix Panoptis Test zum Herbizid-Nachweis - Sysmatec\" \/>\n<meta property=\"og:description\" content=\"Test zur Bestimmung von Herbiziden wie Glyphosat in Lebensmitteln. Nachweisgrenze ca. 0,05 ppb (ug\/L).\" \/>\n<meta property=\"og:url\" content=\"https:\/\/sysmatec.ch\/de\/produit\/trofopast-biomedix-panoptis-test-zum-herbizid-nachweis\/\" \/>\n<meta property=\"og:site_name\" content=\"Sysmatec\" \/>\n<meta property=\"article:modified_time\" content=\"2022-02-05T08:39:58+00:00\" \/>\n<meta name=\"twitter:card\" content=\"summary_large_image\" \/>\n<meta name=\"twitter:label1\" content=\"Gesch\u00e4tzte Lesezeit\" \/>\n\t<meta name=\"twitter:data1\" content=\"1\u00a0Minute\" \/>\n<script type=\"application\/ld+json\" class=\"yoast-schema-graph\">{\"@context\":\"https:\\\/\\\/schema.org\",\"@graph\":[{\"@type\":\"WebPage\",\"@id\":\"https:\\\/\\\/sysmatec.ch\\\/de\\\/produit\\\/trofopast-biomedix-panoptis-test-zum-herbizid-nachweis\\\/\",\"url\":\"https:\\\/\\\/sysmatec.ch\\\/de\\\/produit\\\/trofopast-biomedix-panoptis-test-zum-herbizid-nachweis\\\/\",\"name\":\"Trofopast Biomedix Panoptis Test zum Herbizid-Nachweis - Sysmatec\",\"isPartOf\":{\"@id\":\"https:\\\/\\\/sysmatec.ch\\\/de\\\/#website\"},\"datePublished\":\"2019-04-07T15:33:08+00:00\",\"dateModified\":\"2022-02-05T08:39:58+00:00\",\"description\":\"Test zur Bestimmung von Herbiziden wie Glyphosat in Lebensmitteln. Nachweisgrenze ca. 0,05 ppb (ug\\\/L).\",\"breadcrumb\":{\"@id\":\"https:\\\/\\\/sysmatec.ch\\\/de\\\/produit\\\/trofopast-biomedix-panoptis-test-zum-herbizid-nachweis\\\/#breadcrumb\"},\"inLanguage\":\"de\",\"potentialAction\":[{\"@type\":\"ReadAction\",\"target\":[\"https:\\\/\\\/sysmatec.ch\\\/de\\\/produit\\\/trofopast-biomedix-panoptis-test-zum-herbizid-nachweis\\\/\"]}]},{\"@type\":\"BreadcrumbList\",\"@id\":\"https:\\\/\\\/sysmatec.ch\\\/de\\\/produit\\\/trofopast-biomedix-panoptis-test-zum-herbizid-nachweis\\\/#breadcrumb\",\"itemListElement\":[{\"@type\":\"ListItem\",\"position\":1,\"name\":\"Accueil\",\"item\":\"https:\\\/\\\/sysmatec.ch\\\/de\\\/\"},{\"@type\":\"ListItem\",\"position\":2,\"name\":\"Die Aktivit\u00e4t von Sysmatec\",\"item\":\"https:\\\/\\\/sysmatec.ch\\\/de\\\/\"},{\"@type\":\"ListItem\",\"position\":3,\"name\":\"Trofopast Biomedix Panoptis Test zum Herbizid-Nachweis\"}]},{\"@type\":\"WebSite\",\"@id\":\"https:\\\/\\\/sysmatec.ch\\\/de\\\/#website\",\"url\":\"https:\\\/\\\/sysmatec.ch\\\/de\\\/\",\"name\":\"Sysmatec\",\"description\":\"Equipement de laboratoire et logiciels\",\"publisher\":{\"@id\":\"https:\\\/\\\/sysmatec.ch\\\/de\\\/#organization\"},\"potentialAction\":[{\"@type\":\"SearchAction\",\"target\":{\"@type\":\"EntryPoint\",\"urlTemplate\":\"https:\\\/\\\/sysmatec.ch\\\/de\\\/?s={search_term_string}\"},\"query-input\":{\"@type\":\"PropertyValueSpecification\",\"valueRequired\":true,\"valueName\":\"search_term_string\"}}],\"inLanguage\":\"de\"},{\"@type\":\"Organization\",\"@id\":\"https:\\\/\\\/sysmatec.ch\\\/de\\\/#organization\",\"name\":\"Sysmatec\",\"url\":\"https:\\\/\\\/sysmatec.ch\\\/de\\\/\",\"logo\":{\"@type\":\"ImageObject\",\"inLanguage\":\"de\",\"@id\":\"https:\\\/\\\/sysmatec.ch\\\/de\\\/#\\\/schema\\\/logo\\\/image\\\/\",\"url\":\"https:\\\/\\\/sysmatec.ch\\\/wp-content\\\/uploads\\\/2018\\\/11\\\/LogoSysmatec.jpg\",\"contentUrl\":\"https:\\\/\\\/sysmatec.ch\\\/wp-content\\\/uploads\\\/2018\\\/11\\\/LogoSysmatec.jpg\",\"width\":301,\"height\":297,\"caption\":\"Sysmatec\"},\"image\":{\"@id\":\"https:\\\/\\\/sysmatec.ch\\\/de\\\/#\\\/schema\\\/logo\\\/image\\\/\"}}]}<\/script>\n<!-- \/ Yoast SEO plugin. -->","yoast_head_json":{"title":"Trofopast Biomedix Panoptis Test zum Herbizid-Nachweis - Sysmatec","description":"Test zur Bestimmung von Herbiziden wie Glyphosat in Lebensmitteln. Nachweisgrenze ca. 0,05 ppb (ug\/L).","robots":{"index":"index","follow":"follow","max-snippet":"max-snippet:-1","max-image-preview":"max-image-preview:large","max-video-preview":"max-video-preview:-1"},"canonical":"https:\/\/sysmatec.ch\/de\/produit\/trofopast-biomedix-panoptis-test-zum-herbizid-nachweis\/","og_locale":"de_DE","og_type":"article","og_title":"Trofopast Biomedix Panoptis Test zum Herbizid-Nachweis - Sysmatec","og_description":"Test zur Bestimmung von Herbiziden wie Glyphosat in Lebensmitteln. Nachweisgrenze ca. 0,05 ppb (ug\/L).","og_url":"https:\/\/sysmatec.ch\/de\/produit\/trofopast-biomedix-panoptis-test-zum-herbizid-nachweis\/","og_site_name":"Sysmatec","article_modified_time":"2022-02-05T08:39:58+00:00","twitter_card":"summary_large_image","twitter_misc":{"Gesch\u00e4tzte Lesezeit":"1\u00a0Minute"},"schema":{"@context":"https:\/\/schema.org","@graph":[{"@type":"WebPage","@id":"https:\/\/sysmatec.ch\/de\/produit\/trofopast-biomedix-panoptis-test-zum-herbizid-nachweis\/","url":"https:\/\/sysmatec.ch\/de\/produit\/trofopast-biomedix-panoptis-test-zum-herbizid-nachweis\/","name":"Trofopast Biomedix Panoptis Test zum Herbizid-Nachweis - Sysmatec","isPartOf":{"@id":"https:\/\/sysmatec.ch\/de\/#website"},"datePublished":"2019-04-07T15:33:08+00:00","dateModified":"2022-02-05T08:39:58+00:00","description":"Test zur Bestimmung von Herbiziden wie Glyphosat in Lebensmitteln. Nachweisgrenze ca. 0,05 ppb (ug\/L).","breadcrumb":{"@id":"https:\/\/sysmatec.ch\/de\/produit\/trofopast-biomedix-panoptis-test-zum-herbizid-nachweis\/#breadcrumb"},"inLanguage":"de","potentialAction":[{"@type":"ReadAction","target":["https:\/\/sysmatec.ch\/de\/produit\/trofopast-biomedix-panoptis-test-zum-herbizid-nachweis\/"]}]},{"@type":"BreadcrumbList","@id":"https:\/\/sysmatec.ch\/de\/produit\/trofopast-biomedix-panoptis-test-zum-herbizid-nachweis\/#breadcrumb","itemListElement":[{"@type":"ListItem","position":1,"name":"Accueil","item":"https:\/\/sysmatec.ch\/de\/"},{"@type":"ListItem","position":2,"name":"Die Aktivit\u00e4t von Sysmatec","item":"https:\/\/sysmatec.ch\/de\/"},{"@type":"ListItem","position":3,"name":"Trofopast Biomedix Panoptis Test zum Herbizid-Nachweis"}]},{"@type":"WebSite","@id":"https:\/\/sysmatec.ch\/de\/#website","url":"https:\/\/sysmatec.ch\/de\/","name":"Sysmatec","description":"Equipement de laboratoire et logiciels","publisher":{"@id":"https:\/\/sysmatec.ch\/de\/#organization"},"potentialAction":[{"@type":"SearchAction","target":{"@type":"EntryPoint","urlTemplate":"https:\/\/sysmatec.ch\/de\/?s={search_term_string}"},"query-input":{"@type":"PropertyValueSpecification","valueRequired":true,"valueName":"search_term_string"}}],"inLanguage":"de"},{"@type":"Organization","@id":"https:\/\/sysmatec.ch\/de\/#organization","name":"Sysmatec","url":"https:\/\/sysmatec.ch\/de\/","logo":{"@type":"ImageObject","inLanguage":"de","@id":"https:\/\/sysmatec.ch\/de\/#\/schema\/logo\/image\/","url":"https:\/\/sysmatec.ch\/wp-content\/uploads\/2018\/11\/LogoSysmatec.jpg","contentUrl":"https:\/\/sysmatec.ch\/wp-content\/uploads\/2018\/11\/LogoSysmatec.jpg","width":301,"height":297,"caption":"Sysmatec"},"image":{"@id":"https:\/\/sysmatec.ch\/de\/#\/schema\/logo\/image\/"}}]}},"_links":{"self":[{"href":"https:\/\/sysmatec.ch\/de\/wp-json\/wp\/v2\/product\/5130","targetHints":{"allow":["GET"]}}],"collection":[{"href":"https:\/\/sysmatec.ch\/de\/wp-json\/wp\/v2\/product"}],"about":[{"href":"https:\/\/sysmatec.ch\/de\/wp-json\/wp\/v2\/types\/product"}],"wp:attachment":[{"href":"https:\/\/sysmatec.ch\/de\/wp-json\/wp\/v2\/media?parent=5130"}],"wp:term":[{"taxonomy":"product_brand","embeddable":true,"href":"https:\/\/sysmatec.ch\/de\/wp-json\/wp\/v2\/product_brand?post=5130"},{"taxonomy":"product_cat","embeddable":true,"href":"https:\/\/sysmatec.ch\/de\/wp-json\/wp\/v2\/product_cat?post=5130"},{"taxonomy":"product_tag","embeddable":true,"href":"https:\/\/sysmatec.ch\/de\/wp-json\/wp\/v2\/product_tag?post=5130"}],"curies":[{"name":"wp","href":"https:\/\/api.w.org\/{rel}","templated":true}]}}