{"id":5127,"date":"2019-04-07T17:27:06","date_gmt":"2019-04-07T15:27:06","guid":{"rendered":"https:\/\/sysmatec.ch\/produit\/okatest-detection-de-lacide-okadaique-et-de-ses-derives-dans-les-mollusques-bivalves\/"},"modified":"2024-02-27T09:34:24","modified_gmt":"2024-02-27T08:34:24","slug":"okatest-nachweis-von-okadasaeure-und-derivate-in-muscheln","status":"publish","type":"product","link":"https:\/\/sysmatec.ch\/de\/Produkt\/okatest-nachweis-von-okadasaeure-und-derivate-in-muscheln\/","title":{"rendered":"OKATEST, Nachweis von Okadas\u00e4ure und Derivate in Muscheln"},"content":{"rendered":"<p>Der Consum von Schalentieren, die mit OA-Toxinen kontaminiert sind (OA, DTX1, DTX2 und seine Ester), kann die Diarrhoe Shellish Poisoning (DSP) verursachen. Die Hemmung der Aktivit\u00e4t von Serin \/ Threonin-Proteinphosphatasen (PP1 &amp; PP2A) durch diese Gruppe von Toxinen wird f\u00fcr diese Durchfallerkrankungen verantwortlich gemacht. Dieser Test ist ein gebrauchsfertiger kolorimetrischer Phosphatase-Inhibitionstest zur Quantifizierung von OA-Toxinen. OkaTest wird in einer Mikrotiterplatte mit 96 Vertiefungen durchgef\u00fchrt und ist f\u00fcr Schalentiere wie Muscheln, Muscheln, Austern und Jakobsmuscheln geeignet.<\/p>\n<p>OkaTest erf\u00fcllt die gesetzlichen Anforderungen f\u00fcr die quantitative Bestimmung von OA-Toxinen in Mollusken. Es entspricht den Kriterien des Europ\u00e4ischen Referenzlabors f\u00fcr Meeress\u00e4uger und der Verordnung Nr. 15\/2012 der Kommission zur Bestimmung von Toxinen der OA-Gruppe in Mollusken, laut der Europ\u00e4ischen Kommission (DG-SANCO)<\/p>\n<h2>Beispiel<\/h2>\n<p>Dinophysis-Arten produzieren lipophile Toxine (diarrhoische Schalentiervergiftung DSP und Pectenotoxine PTX). OKATEST ist ein Kit zur quantitativen Bestimmung von Okadains\u00e4ure (OA) und anderen Carboxyltoxinen der OA-Gruppe, einschlie\u00dflich DTX1, DTX2 und DTX3 (verantwortlich f\u00fcr diarrhoische Schalentiervergiftung (DSP). ).<\/p>\n<h2>Vorteile<\/h2>\n<ul>\n<li type=\"disc\">Schnell: 43 Proben in ca. 2 Stunden<\/li>\n<li type=\"disc\">Ganz einfach: zwei einfache Schritte nach der Extraktion, gebrauchsfertige OA-Standards<\/li>\n<li type=\"disc\">Quantitativ: Arbeitsbereich: 63 &#8211; 352 \u03bcg \/ kg<\/li>\n<li type=\"disc\">Geeignet f\u00fcr: Muscheln<\/li>\n<li type=\"disc\">Kit-Pr\u00e4sentation: 48 oder 96 Tests Kits<\/li>\n<li type=\"disc\">Ausstattung: Plattenleser bei 405 nm<\/li>\n<\/ul>\n","protected":false},"excerpt":{"rendered":"<p>Nachweis von Okadas\u00e4ure und Derivaten in Muscheln<\/p>\n","protected":false},"featured_media":5121,"template":"","meta":{"_crdt_document":""},"product_brand":[],"product_cat":[188,375],"product_tag":[],"class_list":{"0":"post-5127","1":"product","2":"type-product","3":"status-publish","4":"has-post-thumbnail","6":"product_cat-analyse-de","7":"product_cat-toxin-de","9":"first","10":"instock","11":"taxable","12":"shipping-taxable","13":"product-type-simple"},"yoast_head":"<!-- This site is optimized with the Yoast SEO plugin v27.4 - https:\/\/yoast.com\/product\/yoast-seo-wordpress\/ -->\n<title>OKATEST, Nachweis von Okadas\u00e4ure und Derivate in Muscheln - Sysmatec<\/title>\n<meta name=\"description\" content=\"Test zur Bestimmung von Okadains\u00e4ure in Meeresfr\u00fcchten Kolorimetrische Messung der Hemmung der Serin\/Threonin-Phosphatase-Aktivit\u00e4t.\" \/>\n<meta name=\"robots\" content=\"index, follow, max-snippet:-1, max-image-preview:large, max-video-preview:-1\" \/>\n<link rel=\"canonical\" href=\"https:\/\/sysmatec.ch\/de\/Produkt\/okatest-nachweis-von-okadasaeure-und-derivate-in-muscheln\/\" \/>\n<meta property=\"og:locale\" content=\"de_DE\" \/>\n<meta property=\"og:type\" content=\"article\" \/>\n<meta property=\"og:title\" content=\"OKATEST, Nachweis von Okadas\u00e4ure und Derivate in Muscheln - Sysmatec\" \/>\n<meta property=\"og:description\" content=\"Test zur Bestimmung von Okadains\u00e4ure in Meeresfr\u00fcchten Kolorimetrische Messung der Hemmung der Serin\/Threonin-Phosphatase-Aktivit\u00e4t.\" \/>\n<meta property=\"og:url\" content=\"https:\/\/sysmatec.ch\/de\/Produkt\/okatest-nachweis-von-okadasaeure-und-derivate-in-muscheln\/\" \/>\n<meta property=\"og:site_name\" content=\"Sysmatec\" \/>\n<meta property=\"article:modified_time\" content=\"2024-02-27T08:34:24+00:00\" \/>\n<meta property=\"og:image\" content=\"https:\/\/sysmatec.ch\/wp-content\/uploads\/2019\/04\/Analyse_ZeuOkatest.jpg\" \/>\n\t<meta property=\"og:image:width\" content=\"181\" \/>\n\t<meta property=\"og:image:height\" content=\"113\" \/>\n\t<meta property=\"og:image:type\" content=\"image\/jpeg\" \/>\n<meta name=\"twitter:card\" content=\"summary_large_image\" \/>\n<meta name=\"twitter:label1\" content=\"Gesch\u00e4tzte Lesezeit\" \/>\n\t<meta name=\"twitter:data1\" content=\"2\u00a0Minuten\" \/>\n<script type=\"application\/ld+json\" class=\"yoast-schema-graph\">{\"@context\":\"https:\\\/\\\/schema.org\",\"@graph\":[{\"@type\":\"WebPage\",\"@id\":\"https:\\\/\\\/sysmatec.ch\\\/de\\\/Produkt\\\/okatest-nachweis-von-okadasaeure-und-derivate-in-muscheln\\\/\",\"url\":\"https:\\\/\\\/sysmatec.ch\\\/de\\\/Produkt\\\/okatest-nachweis-von-okadasaeure-und-derivate-in-muscheln\\\/\",\"name\":\"OKATEST, Nachweis von Okadas\u00e4ure und Derivate in Muscheln - Sysmatec\",\"isPartOf\":{\"@id\":\"https:\\\/\\\/sysmatec.ch\\\/de\\\/#website\"},\"primaryImageOfPage\":{\"@id\":\"https:\\\/\\\/sysmatec.ch\\\/de\\\/Produkt\\\/okatest-nachweis-von-okadasaeure-und-derivate-in-muscheln\\\/#primaryimage\"},\"image\":{\"@id\":\"https:\\\/\\\/sysmatec.ch\\\/de\\\/Produkt\\\/okatest-nachweis-von-okadasaeure-und-derivate-in-muscheln\\\/#primaryimage\"},\"thumbnailUrl\":\"https:\\\/\\\/sysmatec.ch\\\/wp-content\\\/uploads\\\/2019\\\/04\\\/Analyse_ZeuOkatest.jpg\",\"datePublished\":\"2019-04-07T15:27:06+00:00\",\"dateModified\":\"2024-02-27T08:34:24+00:00\",\"description\":\"Test zur Bestimmung von Okadains\u00e4ure in Meeresfr\u00fcchten Kolorimetrische Messung der Hemmung der Serin\\\/Threonin-Phosphatase-Aktivit\u00e4t.\",\"breadcrumb\":{\"@id\":\"https:\\\/\\\/sysmatec.ch\\\/de\\\/Produkt\\\/okatest-nachweis-von-okadasaeure-und-derivate-in-muscheln\\\/#breadcrumb\"},\"inLanguage\":\"de\",\"potentialAction\":[{\"@type\":\"ReadAction\",\"target\":[\"https:\\\/\\\/sysmatec.ch\\\/de\\\/Produkt\\\/okatest-nachweis-von-okadasaeure-und-derivate-in-muscheln\\\/\"]}]},{\"@type\":\"ImageObject\",\"inLanguage\":\"de\",\"@id\":\"https:\\\/\\\/sysmatec.ch\\\/de\\\/Produkt\\\/okatest-nachweis-von-okadasaeure-und-derivate-in-muscheln\\\/#primaryimage\",\"url\":\"https:\\\/\\\/sysmatec.ch\\\/wp-content\\\/uploads\\\/2019\\\/04\\\/Analyse_ZeuOkatest.jpg\",\"contentUrl\":\"https:\\\/\\\/sysmatec.ch\\\/wp-content\\\/uploads\\\/2019\\\/04\\\/Analyse_ZeuOkatest.jpg\",\"width\":181,\"height\":113},{\"@type\":\"BreadcrumbList\",\"@id\":\"https:\\\/\\\/sysmatec.ch\\\/de\\\/Produkt\\\/okatest-nachweis-von-okadasaeure-und-derivate-in-muscheln\\\/#breadcrumb\",\"itemListElement\":[{\"@type\":\"ListItem\",\"position\":1,\"name\":\"Accueil\",\"item\":\"https:\\\/\\\/sysmatec.ch\\\/de\\\/\"},{\"@type\":\"ListItem\",\"position\":2,\"name\":\"Die Aktivit\u00e4t von Sysmatec\",\"item\":\"https:\\\/\\\/sysmatec.ch\\\/de\\\/\"},{\"@type\":\"ListItem\",\"position\":3,\"name\":\"OKATEST, Nachweis von Okadas\u00e4ure und Derivate in Muscheln\"}]},{\"@type\":\"WebSite\",\"@id\":\"https:\\\/\\\/sysmatec.ch\\\/de\\\/#website\",\"url\":\"https:\\\/\\\/sysmatec.ch\\\/de\\\/\",\"name\":\"Sysmatec\",\"description\":\"Equipement de laboratoire et logiciels\",\"publisher\":{\"@id\":\"https:\\\/\\\/sysmatec.ch\\\/de\\\/#organization\"},\"potentialAction\":[{\"@type\":\"SearchAction\",\"target\":{\"@type\":\"EntryPoint\",\"urlTemplate\":\"https:\\\/\\\/sysmatec.ch\\\/de\\\/?s={search_term_string}\"},\"query-input\":{\"@type\":\"PropertyValueSpecification\",\"valueRequired\":true,\"valueName\":\"search_term_string\"}}],\"inLanguage\":\"de\"},{\"@type\":\"Organization\",\"@id\":\"https:\\\/\\\/sysmatec.ch\\\/de\\\/#organization\",\"name\":\"Sysmatec\",\"url\":\"https:\\\/\\\/sysmatec.ch\\\/de\\\/\",\"logo\":{\"@type\":\"ImageObject\",\"inLanguage\":\"de\",\"@id\":\"https:\\\/\\\/sysmatec.ch\\\/de\\\/#\\\/schema\\\/logo\\\/image\\\/\",\"url\":\"https:\\\/\\\/sysmatec.ch\\\/wp-content\\\/uploads\\\/2018\\\/11\\\/LogoSysmatec.jpg\",\"contentUrl\":\"https:\\\/\\\/sysmatec.ch\\\/wp-content\\\/uploads\\\/2018\\\/11\\\/LogoSysmatec.jpg\",\"width\":301,\"height\":297,\"caption\":\"Sysmatec\"},\"image\":{\"@id\":\"https:\\\/\\\/sysmatec.ch\\\/de\\\/#\\\/schema\\\/logo\\\/image\\\/\"}}]}<\/script>\n<!-- \/ Yoast SEO plugin. -->","yoast_head_json":{"title":"OKATEST, Nachweis von Okadas\u00e4ure und Derivate in Muscheln - Sysmatec","description":"Test zur Bestimmung von Okadains\u00e4ure in Meeresfr\u00fcchten Kolorimetrische Messung der Hemmung der Serin\/Threonin-Phosphatase-Aktivit\u00e4t.","robots":{"index":"index","follow":"follow","max-snippet":"max-snippet:-1","max-image-preview":"max-image-preview:large","max-video-preview":"max-video-preview:-1"},"canonical":"https:\/\/sysmatec.ch\/de\/Produkt\/okatest-nachweis-von-okadasaeure-und-derivate-in-muscheln\/","og_locale":"de_DE","og_type":"article","og_title":"OKATEST, Nachweis von Okadas\u00e4ure und Derivate in Muscheln - Sysmatec","og_description":"Test zur Bestimmung von Okadains\u00e4ure in Meeresfr\u00fcchten Kolorimetrische Messung der Hemmung der Serin\/Threonin-Phosphatase-Aktivit\u00e4t.","og_url":"https:\/\/sysmatec.ch\/de\/Produkt\/okatest-nachweis-von-okadasaeure-und-derivate-in-muscheln\/","og_site_name":"Sysmatec","article_modified_time":"2024-02-27T08:34:24+00:00","og_image":[{"width":181,"height":113,"url":"https:\/\/sysmatec.ch\/wp-content\/uploads\/2019\/04\/Analyse_ZeuOkatest.jpg","type":"image\/jpeg"}],"twitter_card":"summary_large_image","twitter_misc":{"Gesch\u00e4tzte Lesezeit":"2\u00a0Minuten"},"schema":{"@context":"https:\/\/schema.org","@graph":[{"@type":"WebPage","@id":"https:\/\/sysmatec.ch\/de\/Produkt\/okatest-nachweis-von-okadasaeure-und-derivate-in-muscheln\/","url":"https:\/\/sysmatec.ch\/de\/Produkt\/okatest-nachweis-von-okadasaeure-und-derivate-in-muscheln\/","name":"OKATEST, Nachweis von Okadas\u00e4ure und Derivate in Muscheln - Sysmatec","isPartOf":{"@id":"https:\/\/sysmatec.ch\/de\/#website"},"primaryImageOfPage":{"@id":"https:\/\/sysmatec.ch\/de\/Produkt\/okatest-nachweis-von-okadasaeure-und-derivate-in-muscheln\/#primaryimage"},"image":{"@id":"https:\/\/sysmatec.ch\/de\/Produkt\/okatest-nachweis-von-okadasaeure-und-derivate-in-muscheln\/#primaryimage"},"thumbnailUrl":"https:\/\/sysmatec.ch\/wp-content\/uploads\/2019\/04\/Analyse_ZeuOkatest.jpg","datePublished":"2019-04-07T15:27:06+00:00","dateModified":"2024-02-27T08:34:24+00:00","description":"Test zur Bestimmung von Okadains\u00e4ure in Meeresfr\u00fcchten Kolorimetrische Messung der Hemmung der Serin\/Threonin-Phosphatase-Aktivit\u00e4t.","breadcrumb":{"@id":"https:\/\/sysmatec.ch\/de\/Produkt\/okatest-nachweis-von-okadasaeure-und-derivate-in-muscheln\/#breadcrumb"},"inLanguage":"de","potentialAction":[{"@type":"ReadAction","target":["https:\/\/sysmatec.ch\/de\/Produkt\/okatest-nachweis-von-okadasaeure-und-derivate-in-muscheln\/"]}]},{"@type":"ImageObject","inLanguage":"de","@id":"https:\/\/sysmatec.ch\/de\/Produkt\/okatest-nachweis-von-okadasaeure-und-derivate-in-muscheln\/#primaryimage","url":"https:\/\/sysmatec.ch\/wp-content\/uploads\/2019\/04\/Analyse_ZeuOkatest.jpg","contentUrl":"https:\/\/sysmatec.ch\/wp-content\/uploads\/2019\/04\/Analyse_ZeuOkatest.jpg","width":181,"height":113},{"@type":"BreadcrumbList","@id":"https:\/\/sysmatec.ch\/de\/Produkt\/okatest-nachweis-von-okadasaeure-und-derivate-in-muscheln\/#breadcrumb","itemListElement":[{"@type":"ListItem","position":1,"name":"Accueil","item":"https:\/\/sysmatec.ch\/de\/"},{"@type":"ListItem","position":2,"name":"Die Aktivit\u00e4t von Sysmatec","item":"https:\/\/sysmatec.ch\/de\/"},{"@type":"ListItem","position":3,"name":"OKATEST, Nachweis von Okadas\u00e4ure und Derivate in Muscheln"}]},{"@type":"WebSite","@id":"https:\/\/sysmatec.ch\/de\/#website","url":"https:\/\/sysmatec.ch\/de\/","name":"Sysmatec","description":"Equipement de laboratoire et logiciels","publisher":{"@id":"https:\/\/sysmatec.ch\/de\/#organization"},"potentialAction":[{"@type":"SearchAction","target":{"@type":"EntryPoint","urlTemplate":"https:\/\/sysmatec.ch\/de\/?s={search_term_string}"},"query-input":{"@type":"PropertyValueSpecification","valueRequired":true,"valueName":"search_term_string"}}],"inLanguage":"de"},{"@type":"Organization","@id":"https:\/\/sysmatec.ch\/de\/#organization","name":"Sysmatec","url":"https:\/\/sysmatec.ch\/de\/","logo":{"@type":"ImageObject","inLanguage":"de","@id":"https:\/\/sysmatec.ch\/de\/#\/schema\/logo\/image\/","url":"https:\/\/sysmatec.ch\/wp-content\/uploads\/2018\/11\/LogoSysmatec.jpg","contentUrl":"https:\/\/sysmatec.ch\/wp-content\/uploads\/2018\/11\/LogoSysmatec.jpg","width":301,"height":297,"caption":"Sysmatec"},"image":{"@id":"https:\/\/sysmatec.ch\/de\/#\/schema\/logo\/image\/"}}]}},"_links":{"self":[{"href":"https:\/\/sysmatec.ch\/de\/wp-json\/wp\/v2\/product\/5127","targetHints":{"allow":["GET"]}}],"collection":[{"href":"https:\/\/sysmatec.ch\/de\/wp-json\/wp\/v2\/product"}],"about":[{"href":"https:\/\/sysmatec.ch\/de\/wp-json\/wp\/v2\/types\/product"}],"wp:featuredmedia":[{"embeddable":true,"href":"https:\/\/sysmatec.ch\/de\/wp-json\/wp\/v2\/media\/5121"}],"wp:attachment":[{"href":"https:\/\/sysmatec.ch\/de\/wp-json\/wp\/v2\/media?parent=5127"}],"wp:term":[{"taxonomy":"product_brand","embeddable":true,"href":"https:\/\/sysmatec.ch\/de\/wp-json\/wp\/v2\/product_brand?post=5127"},{"taxonomy":"product_cat","embeddable":true,"href":"https:\/\/sysmatec.ch\/de\/wp-json\/wp\/v2\/product_cat?post=5127"},{"taxonomy":"product_tag","embeddable":true,"href":"https:\/\/sysmatec.ch\/de\/wp-json\/wp\/v2\/product_tag?post=5127"}],"curies":[{"name":"wp","href":"https:\/\/api.w.org\/{rel}","templated":true}]}}