{"id":5115,"date":"2019-04-07T17:04:51","date_gmt":"2019-04-07T15:04:51","guid":{"rendered":"https:\/\/sysmatec.ch\/produit\/kit-de-mesure-des-aflatoxines-totales\/"},"modified":"2022-02-05T09:56:40","modified_gmt":"2022-02-05T08:56:40","slug":"kit-zur-messung-der-gesamten-aflatoxine","status":"publish","type":"product","link":"https:\/\/sysmatec.ch\/de\/Produkt\/kit-zur-messung-der-gesamten-aflatoxine\/","title":{"rendered":"Kit zur Messung der gesamten Aflatoxine"},"content":{"rendered":"<p>Der Gesamt Aflatoxin-Test-Kit ist eine Enzym-Immunoassay kompetitive ELISA zur quantitativen Bestimmung von Aflatoxine (B1, B2, G1, G2) in Getreide, Fleisch, Fisch, Fleisch, Milch, \u00d6l, Erdn\u00fcssen und Pistazien.<\/p>\n<p>Die Eigenschaften des Kits sind:<\/p>\n<p>&#8211; Hohe Wiederfindungsraten (80-105%) dank effizienter Extraktionsmethoden.<\/p>\n<p>&#8211; Hohe Empfindlichkeit (0.05 ng \/ g oder ppb).<\/p>\n<p>&#8211; Hohe Reproduzierbarkeit.<\/p>\n<p>&#8211; Schnell (weniger als 2 Stunden unabh\u00e4ngig von der Anzahl der Proben).<\/p>\n<p>\u00dcberblick \u00fcber das Verfahren<\/p>\n<p>Die Methode basiert auf einem kompetitiven colorimetrischen ELISA-Test. Das interessierende Toxin wurde in den Vertiefungen der Platte fixiert. W\u00e4hrend der Analyse wird der Probe der f\u00fcr das Zieltoxin spezifische Prim\u00e4rantik\u00f6rper hinzugef\u00fcgt. Wenn das Toxin in der Probe vorhanden ist, wird es f\u00fcr den Antik\u00f6rper konkurrieren, wodurch weniger Antik\u00f6rper and die fixierte Aflatoxin sich verbinden wird. Der zweite Antik\u00f6rper, der mit einem Peroxidaseenzym markiert ist, bindet sich auf den prim\u00e4ren Antik\u00f6rper, der mit dem Toxin komplexiert ist, das auf den Vertiefungen der Platte abgelagert ist. Die Intensit\u00e4t der resultierenden Farbe nach der Zugabe des Substrats ist umgekehrt proportional zu der Aflatoxin-Konzentration in der Probe.<\/p>\n<p>Kit-Inhalt<\/p>\n<p>1&#215;96-well Mikrotiterplatten (42-doppelt Messungen, davon 12 f\u00fcr den Standard) an dessen Oberfl\u00e4che Aflatoxin Molek\u00fcle fixiert sind.<\/p>\n<p>Aflatoxinstandard in verschiedenen Konzentrationen (0.05 bis 0.8 ng \/ ml)<\/p>\n<p>Prim\u00e4rantik\u00f6rper und sekund\u00e4rer Antik\u00f6rper mit Enzym, Waschl\u00f6sungen, enzymatischem Reaktionssubstrat, Stopppuffer.<\/p>\n<p>Unbenutzte Kavit\u00e4ten k\u00f6nnen mit dem mitgelieferten Trockenmittel in die Originalverpackung zur\u00fcckgebracht werden. Bewahren Sie das Kit bei 2-8 \u00b0 C auf. Die Haltbarkeit betr\u00e4gt 12 Monate, wenn das Kit ordnungsgem\u00e4\u00df gelagert wird.<\/p>\n","protected":false},"excerpt":{"rendered":"<p>Kit zur Messung der gesamten Aflatoxine<\/p>\n","protected":false},"featured_media":5099,"template":"","meta":{"_crdt_document":""},"product_brand":[],"product_cat":[188,375],"product_tag":[],"class_list":{"0":"post-5115","1":"product","2":"type-product","3":"status-publish","4":"has-post-thumbnail","6":"product_cat-analyse-de","7":"product_cat-toxin-de","9":"first","10":"instock","11":"taxable","12":"shipping-taxable","13":"product-type-simple"},"yoast_head":"<!-- This site is optimized with the Yoast SEO plugin v27.4 - https:\/\/yoast.com\/product\/yoast-seo-wordpress\/ -->\n<title>Kit zur Messung der gesamten Aflatoxine - Sysmatec<\/title>\n<meta name=\"description\" content=\"Gesamt-Aflatoxin-Analysekit durch kompetitiven ELISA-Enzymimmunoassay f\u00fcr Lebensmittel wie Getreide, Fleisch, Milch, Erdn\u00fcsse,...\" \/>\n<meta name=\"robots\" content=\"index, follow, max-snippet:-1, max-image-preview:large, max-video-preview:-1\" \/>\n<link rel=\"canonical\" href=\"https:\/\/sysmatec.ch\/de\/produit\/kit-zur-messung-der-gesamten-aflatoxine\/\" \/>\n<meta property=\"og:locale\" content=\"de_DE\" \/>\n<meta property=\"og:type\" content=\"article\" \/>\n<meta property=\"og:title\" content=\"Kit zur Messung der gesamten Aflatoxine - Sysmatec\" \/>\n<meta property=\"og:description\" content=\"Gesamt-Aflatoxin-Analysekit durch kompetitiven ELISA-Enzymimmunoassay f\u00fcr Lebensmittel wie Getreide, Fleisch, Milch, Erdn\u00fcsse,...\" \/>\n<meta property=\"og:url\" content=\"https:\/\/sysmatec.ch\/de\/produit\/kit-zur-messung-der-gesamten-aflatoxine\/\" \/>\n<meta property=\"og:site_name\" content=\"Sysmatec\" \/>\n<meta property=\"article:modified_time\" content=\"2022-02-05T08:56:40+00:00\" \/>\n<meta property=\"og:image\" content=\"https:\/\/sysmatec.ch\/wp-content\/uploads\/2019\/04\/Analyse_ZEUMICROCYSTEST.jpg\" \/>\n\t<meta property=\"og:image:width\" content=\"184\" \/>\n\t<meta property=\"og:image:height\" content=\"114\" \/>\n\t<meta property=\"og:image:type\" content=\"image\/jpeg\" \/>\n<meta name=\"twitter:card\" content=\"summary_large_image\" \/>\n<meta name=\"twitter:label1\" content=\"Gesch\u00e4tzte Lesezeit\" \/>\n\t<meta name=\"twitter:data1\" content=\"1\u00a0Minute\" \/>\n<script type=\"application\/ld+json\" class=\"yoast-schema-graph\">{\"@context\":\"https:\\\/\\\/schema.org\",\"@graph\":[{\"@type\":\"WebPage\",\"@id\":\"https:\\\/\\\/sysmatec.ch\\\/de\\\/produit\\\/kit-zur-messung-der-gesamten-aflatoxine\\\/\",\"url\":\"https:\\\/\\\/sysmatec.ch\\\/de\\\/produit\\\/kit-zur-messung-der-gesamten-aflatoxine\\\/\",\"name\":\"Kit zur Messung der gesamten Aflatoxine - Sysmatec\",\"isPartOf\":{\"@id\":\"https:\\\/\\\/sysmatec.ch\\\/de\\\/#website\"},\"primaryImageOfPage\":{\"@id\":\"https:\\\/\\\/sysmatec.ch\\\/de\\\/produit\\\/kit-zur-messung-der-gesamten-aflatoxine\\\/#primaryimage\"},\"image\":{\"@id\":\"https:\\\/\\\/sysmatec.ch\\\/de\\\/produit\\\/kit-zur-messung-der-gesamten-aflatoxine\\\/#primaryimage\"},\"thumbnailUrl\":\"https:\\\/\\\/sysmatec.ch\\\/wp-content\\\/uploads\\\/2019\\\/04\\\/Analyse_ZEUMICROCYSTEST.jpg\",\"datePublished\":\"2019-04-07T15:04:51+00:00\",\"dateModified\":\"2022-02-05T08:56:40+00:00\",\"description\":\"Gesamt-Aflatoxin-Analysekit durch kompetitiven ELISA-Enzymimmunoassay f\u00fcr Lebensmittel wie Getreide, Fleisch, Milch, Erdn\u00fcsse,...\",\"breadcrumb\":{\"@id\":\"https:\\\/\\\/sysmatec.ch\\\/de\\\/produit\\\/kit-zur-messung-der-gesamten-aflatoxine\\\/#breadcrumb\"},\"inLanguage\":\"de\",\"potentialAction\":[{\"@type\":\"ReadAction\",\"target\":[\"https:\\\/\\\/sysmatec.ch\\\/de\\\/produit\\\/kit-zur-messung-der-gesamten-aflatoxine\\\/\"]}]},{\"@type\":\"ImageObject\",\"inLanguage\":\"de\",\"@id\":\"https:\\\/\\\/sysmatec.ch\\\/de\\\/produit\\\/kit-zur-messung-der-gesamten-aflatoxine\\\/#primaryimage\",\"url\":\"https:\\\/\\\/sysmatec.ch\\\/wp-content\\\/uploads\\\/2019\\\/04\\\/Analyse_ZEUMICROCYSTEST.jpg\",\"contentUrl\":\"https:\\\/\\\/sysmatec.ch\\\/wp-content\\\/uploads\\\/2019\\\/04\\\/Analyse_ZEUMICROCYSTEST.jpg\",\"width\":184,\"height\":114},{\"@type\":\"BreadcrumbList\",\"@id\":\"https:\\\/\\\/sysmatec.ch\\\/de\\\/produit\\\/kit-zur-messung-der-gesamten-aflatoxine\\\/#breadcrumb\",\"itemListElement\":[{\"@type\":\"ListItem\",\"position\":1,\"name\":\"Accueil\",\"item\":\"https:\\\/\\\/sysmatec.ch\\\/de\\\/\"},{\"@type\":\"ListItem\",\"position\":2,\"name\":\"Die Aktivit\u00e4t von Sysmatec\",\"item\":\"https:\\\/\\\/sysmatec.ch\\\/de\\\/\"},{\"@type\":\"ListItem\",\"position\":3,\"name\":\"Kit zur Messung der gesamten Aflatoxine\"}]},{\"@type\":\"WebSite\",\"@id\":\"https:\\\/\\\/sysmatec.ch\\\/de\\\/#website\",\"url\":\"https:\\\/\\\/sysmatec.ch\\\/de\\\/\",\"name\":\"Sysmatec\",\"description\":\"Equipement de laboratoire et logiciels\",\"publisher\":{\"@id\":\"https:\\\/\\\/sysmatec.ch\\\/de\\\/#organization\"},\"potentialAction\":[{\"@type\":\"SearchAction\",\"target\":{\"@type\":\"EntryPoint\",\"urlTemplate\":\"https:\\\/\\\/sysmatec.ch\\\/de\\\/?s={search_term_string}\"},\"query-input\":{\"@type\":\"PropertyValueSpecification\",\"valueRequired\":true,\"valueName\":\"search_term_string\"}}],\"inLanguage\":\"de\"},{\"@type\":\"Organization\",\"@id\":\"https:\\\/\\\/sysmatec.ch\\\/de\\\/#organization\",\"name\":\"Sysmatec\",\"url\":\"https:\\\/\\\/sysmatec.ch\\\/de\\\/\",\"logo\":{\"@type\":\"ImageObject\",\"inLanguage\":\"de\",\"@id\":\"https:\\\/\\\/sysmatec.ch\\\/de\\\/#\\\/schema\\\/logo\\\/image\\\/\",\"url\":\"https:\\\/\\\/sysmatec.ch\\\/wp-content\\\/uploads\\\/2018\\\/11\\\/LogoSysmatec.jpg\",\"contentUrl\":\"https:\\\/\\\/sysmatec.ch\\\/wp-content\\\/uploads\\\/2018\\\/11\\\/LogoSysmatec.jpg\",\"width\":301,\"height\":297,\"caption\":\"Sysmatec\"},\"image\":{\"@id\":\"https:\\\/\\\/sysmatec.ch\\\/de\\\/#\\\/schema\\\/logo\\\/image\\\/\"}}]}<\/script>\n<!-- \/ Yoast SEO plugin. -->","yoast_head_json":{"title":"Kit zur Messung der gesamten Aflatoxine - Sysmatec","description":"Gesamt-Aflatoxin-Analysekit durch kompetitiven ELISA-Enzymimmunoassay f\u00fcr Lebensmittel wie Getreide, Fleisch, Milch, Erdn\u00fcsse,...","robots":{"index":"index","follow":"follow","max-snippet":"max-snippet:-1","max-image-preview":"max-image-preview:large","max-video-preview":"max-video-preview:-1"},"canonical":"https:\/\/sysmatec.ch\/de\/produit\/kit-zur-messung-der-gesamten-aflatoxine\/","og_locale":"de_DE","og_type":"article","og_title":"Kit zur Messung der gesamten Aflatoxine - Sysmatec","og_description":"Gesamt-Aflatoxin-Analysekit durch kompetitiven ELISA-Enzymimmunoassay f\u00fcr Lebensmittel wie Getreide, Fleisch, Milch, Erdn\u00fcsse,...","og_url":"https:\/\/sysmatec.ch\/de\/produit\/kit-zur-messung-der-gesamten-aflatoxine\/","og_site_name":"Sysmatec","article_modified_time":"2022-02-05T08:56:40+00:00","og_image":[{"width":184,"height":114,"url":"https:\/\/sysmatec.ch\/wp-content\/uploads\/2019\/04\/Analyse_ZEUMICROCYSTEST.jpg","type":"image\/jpeg"}],"twitter_card":"summary_large_image","twitter_misc":{"Gesch\u00e4tzte Lesezeit":"1\u00a0Minute"},"schema":{"@context":"https:\/\/schema.org","@graph":[{"@type":"WebPage","@id":"https:\/\/sysmatec.ch\/de\/produit\/kit-zur-messung-der-gesamten-aflatoxine\/","url":"https:\/\/sysmatec.ch\/de\/produit\/kit-zur-messung-der-gesamten-aflatoxine\/","name":"Kit zur Messung der gesamten Aflatoxine - Sysmatec","isPartOf":{"@id":"https:\/\/sysmatec.ch\/de\/#website"},"primaryImageOfPage":{"@id":"https:\/\/sysmatec.ch\/de\/produit\/kit-zur-messung-der-gesamten-aflatoxine\/#primaryimage"},"image":{"@id":"https:\/\/sysmatec.ch\/de\/produit\/kit-zur-messung-der-gesamten-aflatoxine\/#primaryimage"},"thumbnailUrl":"https:\/\/sysmatec.ch\/wp-content\/uploads\/2019\/04\/Analyse_ZEUMICROCYSTEST.jpg","datePublished":"2019-04-07T15:04:51+00:00","dateModified":"2022-02-05T08:56:40+00:00","description":"Gesamt-Aflatoxin-Analysekit durch kompetitiven ELISA-Enzymimmunoassay f\u00fcr Lebensmittel wie Getreide, Fleisch, Milch, Erdn\u00fcsse,...","breadcrumb":{"@id":"https:\/\/sysmatec.ch\/de\/produit\/kit-zur-messung-der-gesamten-aflatoxine\/#breadcrumb"},"inLanguage":"de","potentialAction":[{"@type":"ReadAction","target":["https:\/\/sysmatec.ch\/de\/produit\/kit-zur-messung-der-gesamten-aflatoxine\/"]}]},{"@type":"ImageObject","inLanguage":"de","@id":"https:\/\/sysmatec.ch\/de\/produit\/kit-zur-messung-der-gesamten-aflatoxine\/#primaryimage","url":"https:\/\/sysmatec.ch\/wp-content\/uploads\/2019\/04\/Analyse_ZEUMICROCYSTEST.jpg","contentUrl":"https:\/\/sysmatec.ch\/wp-content\/uploads\/2019\/04\/Analyse_ZEUMICROCYSTEST.jpg","width":184,"height":114},{"@type":"BreadcrumbList","@id":"https:\/\/sysmatec.ch\/de\/produit\/kit-zur-messung-der-gesamten-aflatoxine\/#breadcrumb","itemListElement":[{"@type":"ListItem","position":1,"name":"Accueil","item":"https:\/\/sysmatec.ch\/de\/"},{"@type":"ListItem","position":2,"name":"Die Aktivit\u00e4t von Sysmatec","item":"https:\/\/sysmatec.ch\/de\/"},{"@type":"ListItem","position":3,"name":"Kit zur Messung der gesamten Aflatoxine"}]},{"@type":"WebSite","@id":"https:\/\/sysmatec.ch\/de\/#website","url":"https:\/\/sysmatec.ch\/de\/","name":"Sysmatec","description":"Equipement de laboratoire et logiciels","publisher":{"@id":"https:\/\/sysmatec.ch\/de\/#organization"},"potentialAction":[{"@type":"SearchAction","target":{"@type":"EntryPoint","urlTemplate":"https:\/\/sysmatec.ch\/de\/?s={search_term_string}"},"query-input":{"@type":"PropertyValueSpecification","valueRequired":true,"valueName":"search_term_string"}}],"inLanguage":"de"},{"@type":"Organization","@id":"https:\/\/sysmatec.ch\/de\/#organization","name":"Sysmatec","url":"https:\/\/sysmatec.ch\/de\/","logo":{"@type":"ImageObject","inLanguage":"de","@id":"https:\/\/sysmatec.ch\/de\/#\/schema\/logo\/image\/","url":"https:\/\/sysmatec.ch\/wp-content\/uploads\/2018\/11\/LogoSysmatec.jpg","contentUrl":"https:\/\/sysmatec.ch\/wp-content\/uploads\/2018\/11\/LogoSysmatec.jpg","width":301,"height":297,"caption":"Sysmatec"},"image":{"@id":"https:\/\/sysmatec.ch\/de\/#\/schema\/logo\/image\/"}}]}},"_links":{"self":[{"href":"https:\/\/sysmatec.ch\/de\/wp-json\/wp\/v2\/product\/5115","targetHints":{"allow":["GET"]}}],"collection":[{"href":"https:\/\/sysmatec.ch\/de\/wp-json\/wp\/v2\/product"}],"about":[{"href":"https:\/\/sysmatec.ch\/de\/wp-json\/wp\/v2\/types\/product"}],"wp:featuredmedia":[{"embeddable":true,"href":"https:\/\/sysmatec.ch\/de\/wp-json\/wp\/v2\/media\/5099"}],"wp:attachment":[{"href":"https:\/\/sysmatec.ch\/de\/wp-json\/wp\/v2\/media?parent=5115"}],"wp:term":[{"taxonomy":"product_brand","embeddable":true,"href":"https:\/\/sysmatec.ch\/de\/wp-json\/wp\/v2\/product_brand?post=5115"},{"taxonomy":"product_cat","embeddable":true,"href":"https:\/\/sysmatec.ch\/de\/wp-json\/wp\/v2\/product_cat?post=5115"},{"taxonomy":"product_tag","embeddable":true,"href":"https:\/\/sysmatec.ch\/de\/wp-json\/wp\/v2\/product_tag?post=5115"}],"curies":[{"name":"wp","href":"https:\/\/api.w.org\/{rel}","templated":true}]}}