{"id":5104,"date":"2019-04-07T16:39:05","date_gmt":"2019-04-07T14:39:05","guid":{"rendered":"https:\/\/sysmatec.ch\/produit\/kit-microcystest-detection-de-microcystines-dans-leau-potable-et-de-loisirs\/"},"modified":"2022-02-05T18:11:46","modified_gmt":"2022-02-05T17:11:46","slug":"microcystest-kit-nachweis-von-microcystin-in-trink-und-badewasser","status":"publish","type":"product","link":"https:\/\/sysmatec.ch\/de\/Produkt\/microcystest-kit-nachweis-von-microcystin-in-trink-und-badewasser\/","title":{"rendered":"MICROCYSTEST KIT &#8211; Nachweis von Microcystin in Trink- und Badewasser"},"content":{"rendered":"<p>Microcystine sind eine Gruppe von Hepatotoxine von Cyanobakterien. Der Verbrauch von Wasser mit diesen Giftstoffen verseucht kann Krebs f\u00f6rdern. Die Toxizit\u00e4t von Microcystin ist mit der Hemmung der Proteinphosphatasen 1 und 2A Enzyme (PP1 &amp; PP2A) verbunden, und f\u00fchrt zu Hepatozyten Dysfunktion. MicroCystest ist der erste und einzige im Handel erh\u00e4ltlichen Kits basierend auf der Hemmung der PP2A-Aktivit\u00e4t durch Microcystine. Er ist daher zuverl\u00e4ssig um alle m\u00f6gliche toxische in der Probe vorhanden Microcystinen zu erkennen (mehr als 120 verschiedene Sorten von MCs wurden bis jetzt beschrieben). \u00dcberwachung von Trinkwasser und Umwelt ist sehr wichtig. Eine Obergrenze von 1 ug \/ l in Trinkwasser wurde von der Weltgesundheitsorganisation als eine Richtlinie definiert.<\/p>\n<p>MicroCystest Kit verwendet diese inhibitorischen Reaktion zur Bestimmung der Microcystinen Konzentration mittels einer Mikrotiterplatte und einem kolorimetrischen Substrat. Das Enzym hydrolysiert das Substrat und das Produkt kann durch eine Absorptionsmessung bei 405 nm bestimmt werden. Da die F\u00e4higkeit des PP auf das Substrat Hydrolyse von der Anwesenheit von Microcystin in den Proben h\u00e4ngt, kann die Toxin-Konzentration durch Verwendung einer Standardkurve berechnet werden.<\/p>\n<p>Die US Environmental Protection Agency (EPA) hat die Leistung der MicroCystest Kit zum Nachweis von Microcystinen Rahmen des Environmental Technology Verification Program (ETV) \u00fcberpr\u00fcft.<\/p>\n<ul>\n<li type=\"disc\">Schnell: 30 minutes<\/li>\n<li type=\"disc\">Ganz einfach: ein Schritt-Assay<\/li>\n<li type=\"disc\">Quantitativ: Arbeitsbereich von 0.25 bis 2.5 ug \/ l<\/li>\n<li type=\"disc\">Semi-Quantitative: Arbeitsbereich von 0.5 bis 2.5 ug \/ L<\/li>\n<li type=\"disc\">Formate: Platte (48 oder 96 L\u00f6cher) und Rohr<\/li>\n<li type=\"disc\">Geeignet f\u00fcr: Trinkwasser und Oberfl\u00e4sche Wasser<\/li>\n<li type=\"disc\">In-vitro-Bioassay: zuverl\u00e4ssig, kann s\u00e4mtliche Microcystinen erkennen<\/li>\n<\/ul>\n","protected":false},"excerpt":{"rendered":"<p>Nachweis von Microcystin in Trink- und Badewasser<\/p>\n","protected":false},"featured_media":5099,"template":"","meta":{"_crdt_document":""},"product_brand":[],"product_cat":[188,375],"product_tag":[],"class_list":{"0":"post-5104","1":"product","2":"type-product","3":"status-publish","4":"has-post-thumbnail","6":"product_cat-analyse-de","7":"product_cat-toxin-de","9":"first","10":"instock","11":"taxable","12":"shipping-taxable","13":"product-type-simple"},"yoast_head":"<!-- This site is optimized with the Yoast SEO plugin v27.4 - https:\/\/yoast.com\/product\/yoast-seo-wordpress\/ -->\n<title>MICROCYSTEST KIT - Nachweis von Microcystin in Trink- und Badewasser - Sysmatec<\/title>\n<meta name=\"description\" content=\"Kit zum Nachweis von Microcystinen in Trinkwasser und Umwelt. Er basiert auf der Messung der Phosphatase-2A-Hemmung.\" \/>\n<meta name=\"robots\" content=\"index, follow, max-snippet:-1, max-image-preview:large, max-video-preview:-1\" \/>\n<link rel=\"canonical\" href=\"https:\/\/sysmatec.ch\/de\/produit\/microcystest-kit-nachweis-von-microcystin-in-trink-und-badewasser\/\" \/>\n<meta property=\"og:locale\" content=\"de_DE\" \/>\n<meta property=\"og:type\" content=\"article\" \/>\n<meta property=\"og:title\" content=\"MICROCYSTEST KIT - Nachweis von Microcystin in Trink- und Badewasser - Sysmatec\" \/>\n<meta property=\"og:description\" content=\"Kit zum Nachweis von Microcystinen in Trinkwasser und Umwelt. Er basiert auf der Messung der Phosphatase-2A-Hemmung.\" \/>\n<meta property=\"og:url\" content=\"https:\/\/sysmatec.ch\/de\/produit\/microcystest-kit-nachweis-von-microcystin-in-trink-und-badewasser\/\" \/>\n<meta property=\"og:site_name\" content=\"Sysmatec\" \/>\n<meta property=\"article:modified_time\" content=\"2022-02-05T17:11:46+00:00\" \/>\n<meta property=\"og:image\" content=\"https:\/\/sysmatec.ch\/wp-content\/uploads\/2019\/04\/Analyse_ZEUMICROCYSTEST.jpg\" \/>\n\t<meta property=\"og:image:width\" content=\"184\" \/>\n\t<meta property=\"og:image:height\" content=\"114\" \/>\n\t<meta property=\"og:image:type\" content=\"image\/jpeg\" \/>\n<meta name=\"twitter:card\" content=\"summary_large_image\" \/>\n<meta name=\"twitter:label1\" content=\"Gesch\u00e4tzte Lesezeit\" \/>\n\t<meta name=\"twitter:data1\" content=\"1\u00a0Minute\" \/>\n<script type=\"application\/ld+json\" class=\"yoast-schema-graph\">{\"@context\":\"https:\\\/\\\/schema.org\",\"@graph\":[{\"@type\":\"WebPage\",\"@id\":\"https:\\\/\\\/sysmatec.ch\\\/de\\\/produit\\\/microcystest-kit-nachweis-von-microcystin-in-trink-und-badewasser\\\/\",\"url\":\"https:\\\/\\\/sysmatec.ch\\\/de\\\/produit\\\/microcystest-kit-nachweis-von-microcystin-in-trink-und-badewasser\\\/\",\"name\":\"MICROCYSTEST KIT - Nachweis von Microcystin in Trink- und Badewasser - Sysmatec\",\"isPartOf\":{\"@id\":\"https:\\\/\\\/sysmatec.ch\\\/de\\\/#website\"},\"primaryImageOfPage\":{\"@id\":\"https:\\\/\\\/sysmatec.ch\\\/de\\\/produit\\\/microcystest-kit-nachweis-von-microcystin-in-trink-und-badewasser\\\/#primaryimage\"},\"image\":{\"@id\":\"https:\\\/\\\/sysmatec.ch\\\/de\\\/produit\\\/microcystest-kit-nachweis-von-microcystin-in-trink-und-badewasser\\\/#primaryimage\"},\"thumbnailUrl\":\"https:\\\/\\\/sysmatec.ch\\\/wp-content\\\/uploads\\\/2019\\\/04\\\/Analyse_ZEUMICROCYSTEST.jpg\",\"datePublished\":\"2019-04-07T14:39:05+00:00\",\"dateModified\":\"2022-02-05T17:11:46+00:00\",\"description\":\"Kit zum Nachweis von Microcystinen in Trinkwasser und Umwelt. Er basiert auf der Messung der Phosphatase-2A-Hemmung.\",\"breadcrumb\":{\"@id\":\"https:\\\/\\\/sysmatec.ch\\\/de\\\/produit\\\/microcystest-kit-nachweis-von-microcystin-in-trink-und-badewasser\\\/#breadcrumb\"},\"inLanguage\":\"de\",\"potentialAction\":[{\"@type\":\"ReadAction\",\"target\":[\"https:\\\/\\\/sysmatec.ch\\\/de\\\/produit\\\/microcystest-kit-nachweis-von-microcystin-in-trink-und-badewasser\\\/\"]}]},{\"@type\":\"ImageObject\",\"inLanguage\":\"de\",\"@id\":\"https:\\\/\\\/sysmatec.ch\\\/de\\\/produit\\\/microcystest-kit-nachweis-von-microcystin-in-trink-und-badewasser\\\/#primaryimage\",\"url\":\"https:\\\/\\\/sysmatec.ch\\\/wp-content\\\/uploads\\\/2019\\\/04\\\/Analyse_ZEUMICROCYSTEST.jpg\",\"contentUrl\":\"https:\\\/\\\/sysmatec.ch\\\/wp-content\\\/uploads\\\/2019\\\/04\\\/Analyse_ZEUMICROCYSTEST.jpg\",\"width\":184,\"height\":114},{\"@type\":\"BreadcrumbList\",\"@id\":\"https:\\\/\\\/sysmatec.ch\\\/de\\\/produit\\\/microcystest-kit-nachweis-von-microcystin-in-trink-und-badewasser\\\/#breadcrumb\",\"itemListElement\":[{\"@type\":\"ListItem\",\"position\":1,\"name\":\"Accueil\",\"item\":\"https:\\\/\\\/sysmatec.ch\\\/de\\\/\"},{\"@type\":\"ListItem\",\"position\":2,\"name\":\"Die Aktivit\u00e4t von Sysmatec\",\"item\":\"https:\\\/\\\/sysmatec.ch\\\/de\\\/\"},{\"@type\":\"ListItem\",\"position\":3,\"name\":\"MICROCYSTEST KIT &#8211; Nachweis von Microcystin in Trink- und Badewasser\"}]},{\"@type\":\"WebSite\",\"@id\":\"https:\\\/\\\/sysmatec.ch\\\/de\\\/#website\",\"url\":\"https:\\\/\\\/sysmatec.ch\\\/de\\\/\",\"name\":\"Sysmatec\",\"description\":\"Equipement de laboratoire et logiciels\",\"publisher\":{\"@id\":\"https:\\\/\\\/sysmatec.ch\\\/de\\\/#organization\"},\"potentialAction\":[{\"@type\":\"SearchAction\",\"target\":{\"@type\":\"EntryPoint\",\"urlTemplate\":\"https:\\\/\\\/sysmatec.ch\\\/de\\\/?s={search_term_string}\"},\"query-input\":{\"@type\":\"PropertyValueSpecification\",\"valueRequired\":true,\"valueName\":\"search_term_string\"}}],\"inLanguage\":\"de\"},{\"@type\":\"Organization\",\"@id\":\"https:\\\/\\\/sysmatec.ch\\\/de\\\/#organization\",\"name\":\"Sysmatec\",\"url\":\"https:\\\/\\\/sysmatec.ch\\\/de\\\/\",\"logo\":{\"@type\":\"ImageObject\",\"inLanguage\":\"de\",\"@id\":\"https:\\\/\\\/sysmatec.ch\\\/de\\\/#\\\/schema\\\/logo\\\/image\\\/\",\"url\":\"https:\\\/\\\/sysmatec.ch\\\/wp-content\\\/uploads\\\/2018\\\/11\\\/LogoSysmatec.jpg\",\"contentUrl\":\"https:\\\/\\\/sysmatec.ch\\\/wp-content\\\/uploads\\\/2018\\\/11\\\/LogoSysmatec.jpg\",\"width\":301,\"height\":297,\"caption\":\"Sysmatec\"},\"image\":{\"@id\":\"https:\\\/\\\/sysmatec.ch\\\/de\\\/#\\\/schema\\\/logo\\\/image\\\/\"}}]}<\/script>\n<!-- \/ Yoast SEO plugin. -->","yoast_head_json":{"title":"MICROCYSTEST KIT - Nachweis von Microcystin in Trink- und Badewasser - Sysmatec","description":"Kit zum Nachweis von Microcystinen in Trinkwasser und Umwelt. Er basiert auf der Messung der Phosphatase-2A-Hemmung.","robots":{"index":"index","follow":"follow","max-snippet":"max-snippet:-1","max-image-preview":"max-image-preview:large","max-video-preview":"max-video-preview:-1"},"canonical":"https:\/\/sysmatec.ch\/de\/produit\/microcystest-kit-nachweis-von-microcystin-in-trink-und-badewasser\/","og_locale":"de_DE","og_type":"article","og_title":"MICROCYSTEST KIT - Nachweis von Microcystin in Trink- und Badewasser - Sysmatec","og_description":"Kit zum Nachweis von Microcystinen in Trinkwasser und Umwelt. Er basiert auf der Messung der Phosphatase-2A-Hemmung.","og_url":"https:\/\/sysmatec.ch\/de\/produit\/microcystest-kit-nachweis-von-microcystin-in-trink-und-badewasser\/","og_site_name":"Sysmatec","article_modified_time":"2022-02-05T17:11:46+00:00","og_image":[{"width":184,"height":114,"url":"https:\/\/sysmatec.ch\/wp-content\/uploads\/2019\/04\/Analyse_ZEUMICROCYSTEST.jpg","type":"image\/jpeg"}],"twitter_card":"summary_large_image","twitter_misc":{"Gesch\u00e4tzte Lesezeit":"1\u00a0Minute"},"schema":{"@context":"https:\/\/schema.org","@graph":[{"@type":"WebPage","@id":"https:\/\/sysmatec.ch\/de\/produit\/microcystest-kit-nachweis-von-microcystin-in-trink-und-badewasser\/","url":"https:\/\/sysmatec.ch\/de\/produit\/microcystest-kit-nachweis-von-microcystin-in-trink-und-badewasser\/","name":"MICROCYSTEST KIT - Nachweis von Microcystin in Trink- und Badewasser - Sysmatec","isPartOf":{"@id":"https:\/\/sysmatec.ch\/de\/#website"},"primaryImageOfPage":{"@id":"https:\/\/sysmatec.ch\/de\/produit\/microcystest-kit-nachweis-von-microcystin-in-trink-und-badewasser\/#primaryimage"},"image":{"@id":"https:\/\/sysmatec.ch\/de\/produit\/microcystest-kit-nachweis-von-microcystin-in-trink-und-badewasser\/#primaryimage"},"thumbnailUrl":"https:\/\/sysmatec.ch\/wp-content\/uploads\/2019\/04\/Analyse_ZEUMICROCYSTEST.jpg","datePublished":"2019-04-07T14:39:05+00:00","dateModified":"2022-02-05T17:11:46+00:00","description":"Kit zum Nachweis von Microcystinen in Trinkwasser und Umwelt. Er basiert auf der Messung der Phosphatase-2A-Hemmung.","breadcrumb":{"@id":"https:\/\/sysmatec.ch\/de\/produit\/microcystest-kit-nachweis-von-microcystin-in-trink-und-badewasser\/#breadcrumb"},"inLanguage":"de","potentialAction":[{"@type":"ReadAction","target":["https:\/\/sysmatec.ch\/de\/produit\/microcystest-kit-nachweis-von-microcystin-in-trink-und-badewasser\/"]}]},{"@type":"ImageObject","inLanguage":"de","@id":"https:\/\/sysmatec.ch\/de\/produit\/microcystest-kit-nachweis-von-microcystin-in-trink-und-badewasser\/#primaryimage","url":"https:\/\/sysmatec.ch\/wp-content\/uploads\/2019\/04\/Analyse_ZEUMICROCYSTEST.jpg","contentUrl":"https:\/\/sysmatec.ch\/wp-content\/uploads\/2019\/04\/Analyse_ZEUMICROCYSTEST.jpg","width":184,"height":114},{"@type":"BreadcrumbList","@id":"https:\/\/sysmatec.ch\/de\/produit\/microcystest-kit-nachweis-von-microcystin-in-trink-und-badewasser\/#breadcrumb","itemListElement":[{"@type":"ListItem","position":1,"name":"Accueil","item":"https:\/\/sysmatec.ch\/de\/"},{"@type":"ListItem","position":2,"name":"Die Aktivit\u00e4t von Sysmatec","item":"https:\/\/sysmatec.ch\/de\/"},{"@type":"ListItem","position":3,"name":"MICROCYSTEST KIT &#8211; Nachweis von Microcystin in Trink- und Badewasser"}]},{"@type":"WebSite","@id":"https:\/\/sysmatec.ch\/de\/#website","url":"https:\/\/sysmatec.ch\/de\/","name":"Sysmatec","description":"Equipement de laboratoire et logiciels","publisher":{"@id":"https:\/\/sysmatec.ch\/de\/#organization"},"potentialAction":[{"@type":"SearchAction","target":{"@type":"EntryPoint","urlTemplate":"https:\/\/sysmatec.ch\/de\/?s={search_term_string}"},"query-input":{"@type":"PropertyValueSpecification","valueRequired":true,"valueName":"search_term_string"}}],"inLanguage":"de"},{"@type":"Organization","@id":"https:\/\/sysmatec.ch\/de\/#organization","name":"Sysmatec","url":"https:\/\/sysmatec.ch\/de\/","logo":{"@type":"ImageObject","inLanguage":"de","@id":"https:\/\/sysmatec.ch\/de\/#\/schema\/logo\/image\/","url":"https:\/\/sysmatec.ch\/wp-content\/uploads\/2018\/11\/LogoSysmatec.jpg","contentUrl":"https:\/\/sysmatec.ch\/wp-content\/uploads\/2018\/11\/LogoSysmatec.jpg","width":301,"height":297,"caption":"Sysmatec"},"image":{"@id":"https:\/\/sysmatec.ch\/de\/#\/schema\/logo\/image\/"}}]}},"_links":{"self":[{"href":"https:\/\/sysmatec.ch\/de\/wp-json\/wp\/v2\/product\/5104","targetHints":{"allow":["GET"]}}],"collection":[{"href":"https:\/\/sysmatec.ch\/de\/wp-json\/wp\/v2\/product"}],"about":[{"href":"https:\/\/sysmatec.ch\/de\/wp-json\/wp\/v2\/types\/product"}],"wp:featuredmedia":[{"embeddable":true,"href":"https:\/\/sysmatec.ch\/de\/wp-json\/wp\/v2\/media\/5099"}],"wp:attachment":[{"href":"https:\/\/sysmatec.ch\/de\/wp-json\/wp\/v2\/media?parent=5104"}],"wp:term":[{"taxonomy":"product_brand","embeddable":true,"href":"https:\/\/sysmatec.ch\/de\/wp-json\/wp\/v2\/product_brand?post=5104"},{"taxonomy":"product_cat","embeddable":true,"href":"https:\/\/sysmatec.ch\/de\/wp-json\/wp\/v2\/product_cat?post=5104"},{"taxonomy":"product_tag","embeddable":true,"href":"https:\/\/sysmatec.ch\/de\/wp-json\/wp\/v2\/product_tag?post=5104"}],"curies":[{"name":"wp","href":"https:\/\/api.w.org\/{rel}","templated":true}]}}